{"id":96268,"date":"2022-06-02T16:29:47","date_gmt":"2022-06-02T20:29:47","guid":{"rendered":"http:\/\/www.dumoulinbicyclettes.com\/?post_type=product&#038;p=96268"},"modified":"2025-09-04T14:18:09","modified_gmt":"2025-09-04T18:18:09","slug":"electra-loft-7i","status":"publish","type":"product","link":"https:\/\/dumoulin.absoludev.ca\/en\/produit\/electra-loft-7i\/","title":{"rendered":"Electra Loft 7i"},"content":{"rendered":"<p>Ce v\u00e9lo est un pur bonheur !<\/p>\n<p>Pour toutes les personnes qui veulent un v\u00e9lo urbain, confortable, fiable et qui a une allure du tonnerre, choisir le Electra Loft 7i est naturel!<\/p>\n<p>Pour aller boire un caf\u00e9 ou faire votre march\u00e9, pour vos d\u00e9placements ici et l\u00e0, le Electra Loft 7i est magique!<\/p>\n","protected":false},"excerpt":{"rendered":"<p>Ce v\u00e9lo est un pur bonheur ! Pour toutes les personnes qui veulent un v\u00e9lo urbain, confortable, fiable et qui a une allure du tonnerre, choisir le Electra Loft 7i est naturel! Pour aller boire un caf\u00e9 ou faire votre march\u00e9, pour vos d\u00e9placements ici et l\u00e0, le Electra Loft 7i est magique!<\/p>\n","protected":false},"featured_media":96271,"template":"","meta":{"_acf_changed":false},"product_brand":[],"product_cat":[172,161,1217],"product_tag":[2290,2291],"marque-produit":[1328],"collection-produit":[],"type-surface-produit":[],"type-velo-produit":[1252,2166],"vetement-produit":[],"thematique-produit":[],"position-sur-le-v\u00e9lo":[],"class_list":{"0":"post-96268","1":"product","2":"type-product","3":"status-publish","4":"has-post-thumbnail","6":"product_cat-hybrides-confort","7":"product_cat-velos","8":"product_cat-velos-hybrides","9":"product_tag-electra","10":"product_tag-loft","11":"marque-produit-electra","12":"type-velo-produit-hybrides","13":"type-velo-produit-hybrides-en","15":"first","16":"instock","17":"sale","18":"taxable","19":"shipping-taxable","20":"purchasable","21":"product-type-variable"},"acf":[],"yoast_head":"<!-- This site is optimized with the Yoast SEO plugin v24.3 - https:\/\/yoast.com\/wordpress\/plugins\/seo\/ -->\n<title>Electra Loft 7i - Dumoulin Bicyclettes | v\u00e9lo confortable | Montr\u00e9al<\/title>\n<meta name=\"description\" content=\"Moyeu interne, \u00e9quipements complets, allure terrible, le Electra Loft 7i est un v\u00e9lo de ville \u00e0 part enti\u00e8re. Pour aller boire un caf\u00e9 ou faire le march\u00e9, un pur bonheur.\" \/>\n<meta name=\"robots\" content=\"noindex, follow, max-snippet:-1, max-image-preview:large, max-video-preview:-1\" \/>\n<meta property=\"og:locale\" content=\"en_US\" \/>\n<meta property=\"og:type\" content=\"article\" \/>\n<meta property=\"og:title\" content=\"Electra Loft 7i - Dumoulin Bicyclettes | v\u00e9lo confortable | Montr\u00e9al\" \/>\n<meta property=\"og:description\" content=\"Moyeu interne, \u00e9quipements complets, allure terrible, le Electra Loft 7i est un v\u00e9lo de ville \u00e0 part enti\u00e8re. Pour aller boire un caf\u00e9 ou faire le march\u00e9, un pur bonheur.\" \/>\n<meta property=\"og:url\" content=\"https:\/\/dumoulin.absoludev.ca\/produit\/electra-loft-7i\/\" \/>\n<meta property=\"og:site_name\" content=\"Dumoulin Bicyclettes\" \/>\n<meta property=\"article:publisher\" content=\"https:\/\/www.facebook.com\/dumoulinbicyclettes\" \/>\n<meta property=\"article:modified_time\" content=\"2025-09-04T18:18:09+00:00\" \/>\n<meta property=\"og:image\" content=\"https:\/\/dumoulin.absoludev.ca\/wp-content\/uploads\/2022\/06\/ebe533ef-729f-442c-9e81-c702db29488c.jpeg\" \/>\n\t<meta property=\"og:image:width\" content=\"720\" \/>\n\t<meta property=\"og:image:height\" content=\"720\" \/>\n\t<meta property=\"og:image:type\" content=\"image\/jpeg\" \/>\n<meta name=\"twitter:card\" content=\"summary_large_image\" \/>\n<meta name=\"twitter:label1\" content=\"Est. reading time\" \/>\n\t<meta name=\"twitter:data1\" content=\"1 minute\" \/>\n<script type=\"application\/ld+json\" class=\"yoast-schema-graph\">{\"@context\":\"https:\/\/schema.org\",\"@graph\":[{\"@type\":\"WebPage\",\"@id\":\"https:\/\/dumoulin.absoludev.ca\/produit\/electra-loft-7i\/\",\"url\":\"https:\/\/dumoulin.absoludev.ca\/produit\/electra-loft-7i\/\",\"name\":\"Electra Loft 7i - Dumoulin Bicyclettes | v\u00e9lo confortable | Montr\u00e9al\",\"isPartOf\":{\"@id\":\"https:\/\/dumoulin.absoludev.ca\/#website\"},\"primaryImageOfPage\":{\"@id\":\"https:\/\/dumoulin.absoludev.ca\/produit\/electra-loft-7i\/#primaryimage\"},\"image\":{\"@id\":\"https:\/\/dumoulin.absoludev.ca\/produit\/electra-loft-7i\/#primaryimage\"},\"thumbnailUrl\":\"https:\/\/dumoulin.absoludev.ca\/wp-content\/uploads\/2022\/06\/ebe533ef-729f-442c-9e81-c702db29488c.jpeg\",\"datePublished\":\"2022-06-02T20:29:47+00:00\",\"dateModified\":\"2025-09-04T18:18:09+00:00\",\"description\":\"Moyeu interne, \u00e9quipements complets, allure terrible, le Electra Loft 7i est un v\u00e9lo de ville \u00e0 part enti\u00e8re. Pour aller boire un caf\u00e9 ou faire le march\u00e9, un pur bonheur.\",\"breadcrumb\":{\"@id\":\"https:\/\/dumoulin.absoludev.ca\/produit\/electra-loft-7i\/#breadcrumb\"},\"inLanguage\":\"en-US\",\"potentialAction\":[{\"@type\":\"ReadAction\",\"target\":[\"https:\/\/dumoulin.absoludev.ca\/produit\/electra-loft-7i\/\"]}]},{\"@type\":\"ImageObject\",\"inLanguage\":\"en-US\",\"@id\":\"https:\/\/dumoulin.absoludev.ca\/produit\/electra-loft-7i\/#primaryimage\",\"url\":\"https:\/\/dumoulin.absoludev.ca\/wp-content\/uploads\/2022\/06\/ebe533ef-729f-442c-9e81-c702db29488c.jpeg\",\"contentUrl\":\"https:\/\/dumoulin.absoludev.ca\/wp-content\/uploads\/2022\/06\/ebe533ef-729f-442c-9e81-c702db29488c.jpeg\",\"width\":720,\"height\":720},{\"@type\":\"BreadcrumbList\",\"@id\":\"https:\/\/dumoulin.absoludev.ca\/produit\/electra-loft-7i\/#breadcrumb\",\"itemListElement\":[{\"@type\":\"ListItem\",\"position\":1,\"name\":\"Home\",\"item\":\"https:\/\/dumoulin.absoludev.ca\/en\/\"},{\"@type\":\"ListItem\",\"position\":2,\"name\":\"Shop\",\"item\":\"https:\/\/dumoulin.absoludev.ca\/en\/shop\/\"},{\"@type\":\"ListItem\",\"position\":3,\"name\":\"Electra Loft 7i\"}]},{\"@type\":\"WebSite\",\"@id\":\"https:\/\/dumoulin.absoludev.ca\/#website\",\"url\":\"https:\/\/dumoulin.absoludev.ca\/\",\"name\":\"Dumoulin Bicyclettes\",\"description\":\"\",\"publisher\":{\"@id\":\"https:\/\/dumoulin.absoludev.ca\/#organization\"},\"potentialAction\":[{\"@type\":\"SearchAction\",\"target\":{\"@type\":\"EntryPoint\",\"urlTemplate\":\"https:\/\/dumoulin.absoludev.ca\/?s={search_term_string}\"},\"query-input\":{\"@type\":\"PropertyValueSpecification\",\"valueRequired\":true,\"valueName\":\"search_term_string\"}}],\"inLanguage\":\"en-US\"},{\"@type\":\"Organization\",\"@id\":\"https:\/\/dumoulin.absoludev.ca\/#organization\",\"name\":\"Dumoulin Bicyclettes\",\"url\":\"https:\/\/dumoulin.absoludev.ca\/\",\"logo\":{\"@type\":\"ImageObject\",\"inLanguage\":\"en-US\",\"@id\":\"https:\/\/dumoulin.absoludev.ca\/#\/schema\/logo\/image\/\",\"url\":\"https:\/\/www.dumoulinbicyclettes.com\/wp-content\/uploads\/2021\/04\/Logo.svg\",\"contentUrl\":\"https:\/\/www.dumoulinbicyclettes.com\/wp-content\/uploads\/2021\/04\/Logo.svg\",\"width\":254,\"height\":86,\"caption\":\"Dumoulin Bicyclettes\"},\"image\":{\"@id\":\"https:\/\/dumoulin.absoludev.ca\/#\/schema\/logo\/image\/\"},\"sameAs\":[\"https:\/\/www.facebook.com\/dumoulinbicyclettes\",\"https:\/\/www.instagram.com\/dumoulin.ca\/\",\"https:\/\/www.youtube.com\/user\/dumoulinbicyclettes\"]}]}<\/script>\n<!-- \/ Yoast SEO plugin. -->","yoast_head_json":{"title":"Electra Loft 7i - Dumoulin Bicyclettes | v\u00e9lo confortable | Montr\u00e9al","description":"Moyeu interne, \u00e9quipements complets, allure terrible, le Electra Loft 7i est un v\u00e9lo de ville \u00e0 part enti\u00e8re. Pour aller boire un caf\u00e9 ou faire le march\u00e9, un pur bonheur.","robots":{"index":"noindex","follow":"follow","max-snippet":"max-snippet:-1","max-image-preview":"max-image-preview:large","max-video-preview":"max-video-preview:-1"},"og_locale":"en_US","og_type":"article","og_title":"Electra Loft 7i - Dumoulin Bicyclettes | v\u00e9lo confortable | Montr\u00e9al","og_description":"Moyeu interne, \u00e9quipements complets, allure terrible, le Electra Loft 7i est un v\u00e9lo de ville \u00e0 part enti\u00e8re. Pour aller boire un caf\u00e9 ou faire le march\u00e9, un pur bonheur.","og_url":"https:\/\/dumoulin.absoludev.ca\/produit\/electra-loft-7i\/","og_site_name":"Dumoulin Bicyclettes","article_publisher":"https:\/\/www.facebook.com\/dumoulinbicyclettes","article_modified_time":"2025-09-04T18:18:09+00:00","og_image":[{"width":720,"height":720,"url":"https:\/\/dumoulin.absoludev.ca\/wp-content\/uploads\/2022\/06\/ebe533ef-729f-442c-9e81-c702db29488c.jpeg","type":"image\/jpeg"}],"twitter_card":"summary_large_image","twitter_misc":{"Est. reading time":"1 minute"},"schema":{"@context":"https:\/\/schema.org","@graph":[{"@type":"WebPage","@id":"https:\/\/dumoulin.absoludev.ca\/produit\/electra-loft-7i\/","url":"https:\/\/dumoulin.absoludev.ca\/produit\/electra-loft-7i\/","name":"Electra Loft 7i - Dumoulin Bicyclettes | v\u00e9lo confortable | Montr\u00e9al","isPartOf":{"@id":"https:\/\/dumoulin.absoludev.ca\/#website"},"primaryImageOfPage":{"@id":"https:\/\/dumoulin.absoludev.ca\/produit\/electra-loft-7i\/#primaryimage"},"image":{"@id":"https:\/\/dumoulin.absoludev.ca\/produit\/electra-loft-7i\/#primaryimage"},"thumbnailUrl":"https:\/\/dumoulin.absoludev.ca\/wp-content\/uploads\/2022\/06\/ebe533ef-729f-442c-9e81-c702db29488c.jpeg","datePublished":"2022-06-02T20:29:47+00:00","dateModified":"2025-09-04T18:18:09+00:00","description":"Moyeu interne, \u00e9quipements complets, allure terrible, le Electra Loft 7i est un v\u00e9lo de ville \u00e0 part enti\u00e8re. Pour aller boire un caf\u00e9 ou faire le march\u00e9, un pur bonheur.","breadcrumb":{"@id":"https:\/\/dumoulin.absoludev.ca\/produit\/electra-loft-7i\/#breadcrumb"},"inLanguage":"en-US","potentialAction":[{"@type":"ReadAction","target":["https:\/\/dumoulin.absoludev.ca\/produit\/electra-loft-7i\/"]}]},{"@type":"ImageObject","inLanguage":"en-US","@id":"https:\/\/dumoulin.absoludev.ca\/produit\/electra-loft-7i\/#primaryimage","url":"https:\/\/dumoulin.absoludev.ca\/wp-content\/uploads\/2022\/06\/ebe533ef-729f-442c-9e81-c702db29488c.jpeg","contentUrl":"https:\/\/dumoulin.absoludev.ca\/wp-content\/uploads\/2022\/06\/ebe533ef-729f-442c-9e81-c702db29488c.jpeg","width":720,"height":720},{"@type":"BreadcrumbList","@id":"https:\/\/dumoulin.absoludev.ca\/produit\/electra-loft-7i\/#breadcrumb","itemListElement":[{"@type":"ListItem","position":1,"name":"Home","item":"https:\/\/dumoulin.absoludev.ca\/en\/"},{"@type":"ListItem","position":2,"name":"Shop","item":"https:\/\/dumoulin.absoludev.ca\/en\/shop\/"},{"@type":"ListItem","position":3,"name":"Electra Loft 7i"}]},{"@type":"WebSite","@id":"https:\/\/dumoulin.absoludev.ca\/#website","url":"https:\/\/dumoulin.absoludev.ca\/","name":"Dumoulin Bicyclettes","description":"","publisher":{"@id":"https:\/\/dumoulin.absoludev.ca\/#organization"},"potentialAction":[{"@type":"SearchAction","target":{"@type":"EntryPoint","urlTemplate":"https:\/\/dumoulin.absoludev.ca\/?s={search_term_string}"},"query-input":{"@type":"PropertyValueSpecification","valueRequired":true,"valueName":"search_term_string"}}],"inLanguage":"en-US"},{"@type":"Organization","@id":"https:\/\/dumoulin.absoludev.ca\/#organization","name":"Dumoulin Bicyclettes","url":"https:\/\/dumoulin.absoludev.ca\/","logo":{"@type":"ImageObject","inLanguage":"en-US","@id":"https:\/\/dumoulin.absoludev.ca\/#\/schema\/logo\/image\/","url":"https:\/\/www.dumoulinbicyclettes.com\/wp-content\/uploads\/2021\/04\/Logo.svg","contentUrl":"https:\/\/www.dumoulinbicyclettes.com\/wp-content\/uploads\/2021\/04\/Logo.svg","width":254,"height":86,"caption":"Dumoulin Bicyclettes"},"image":{"@id":"https:\/\/dumoulin.absoludev.ca\/#\/schema\/logo\/image\/"},"sameAs":["https:\/\/www.facebook.com\/dumoulinbicyclettes","https:\/\/www.instagram.com\/dumoulin.ca\/","https:\/\/www.youtube.com\/user\/dumoulinbicyclettes"]}]}},"_links":{"self":[{"href":"https:\/\/dumoulin.absoludev.ca\/en\/wp-json\/wp\/v2\/product\/96268","targetHints":{"allow":["GET"]}}],"collection":[{"href":"https:\/\/dumoulin.absoludev.ca\/en\/wp-json\/wp\/v2\/product"}],"about":[{"href":"https:\/\/dumoulin.absoludev.ca\/en\/wp-json\/wp\/v2\/types\/product"}],"wp:featuredmedia":[{"embeddable":true,"href":"https:\/\/dumoulin.absoludev.ca\/en\/wp-json\/wp\/v2\/media\/96271"}],"wp:attachment":[{"href":"https:\/\/dumoulin.absoludev.ca\/en\/wp-json\/wp\/v2\/media?parent=96268"}],"wp:term":[{"taxonomy":"product_brand","embeddable":true,"href":"https:\/\/dumoulin.absoludev.ca\/en\/wp-json\/wp\/v2\/product_brand?post=96268"},{"taxonomy":"product_cat","embeddable":true,"href":"https:\/\/dumoulin.absoludev.ca\/en\/wp-json\/wp\/v2\/product_cat?post=96268"},{"taxonomy":"product_tag","embeddable":true,"href":"https:\/\/dumoulin.absoludev.ca\/en\/wp-json\/wp\/v2\/product_tag?post=96268"},{"taxonomy":"marque-produit","embeddable":true,"href":"https:\/\/dumoulin.absoludev.ca\/en\/wp-json\/wp\/v2\/marque-produit?post=96268"},{"taxonomy":"collection-produit","embeddable":true,"href":"https:\/\/dumoulin.absoludev.ca\/en\/wp-json\/wp\/v2\/collection-produit?post=96268"},{"taxonomy":"type-surface-produit","embeddable":true,"href":"https:\/\/dumoulin.absoludev.ca\/en\/wp-json\/wp\/v2\/type-surface-produit?post=96268"},{"taxonomy":"type-velo-produit","embeddable":true,"href":"https:\/\/dumoulin.absoludev.ca\/en\/wp-json\/wp\/v2\/type-velo-produit?post=96268"},{"taxonomy":"vetement-produit","embeddable":true,"href":"https:\/\/dumoulin.absoludev.ca\/en\/wp-json\/wp\/v2\/vetement-produit?post=96268"},{"taxonomy":"thematique-produit","embeddable":true,"href":"https:\/\/dumoulin.absoludev.ca\/en\/wp-json\/wp\/v2\/thematique-produit?post=96268"},{"taxonomy":"position-sur-le-v\u00e9lo","embeddable":true,"href":"https:\/\/dumoulin.absoludev.ca\/en\/wp-json\/wp\/v2\/position-sur-le-v\u00e9lo?post=96268"}],"curies":[{"name":"wp","href":"https:\/\/api.w.org\/{rel}","templated":true}]}}