{"id":96222,"date":"2022-06-02T16:29:41","date_gmt":"2022-06-02T20:29:41","guid":{"rendered":"http:\/\/www.dumoulinbicyclettes.com\/?post_type=product&#038;p=96222"},"modified":"2025-09-04T14:18:05","modified_gmt":"2025-09-04T18:18:05","slug":"electra-loft-7d-cadre-bas","status":"publish","type":"product","link":"https:\/\/dumoulin.absoludev.ca\/en\/produit\/electra-loft-7d-cadre-bas\/","title":{"rendered":"Electra Loft 7D, cadre bas"},"content":{"rendered":"<p>Le v\u00e9lo Electra Loft 7d est confortable et facile \u00e0 utiliser.<\/p>\n<p>Avec sa belle allure et ses \u00e9quipements agenc\u00e9s, il vous attirera de beaux compliments et vous aurez tout simplement <a href=\"https:\/\/www.dumoulinbicyclettes.com\/pourquoi-choisir-un-electra-loft\/\" target=\"_blank\" rel=\"noopener\">envie de rouler plus<\/a> !<\/p>\n<p>Pour les promenades, les petits d\u00e9placements quotidiens et les d\u00e9couvertes r\u00e9jouissantes des fins de semaine, le Electra Loft est un ravissement.<\/p>\n","protected":false},"excerpt":{"rendered":"<p>Le v\u00e9lo Electra Loft 7d est confortable et facile \u00e0 utiliser. Avec sa belle allure et ses \u00e9quipements agenc\u00e9s, il vous attirera de beaux compliments et vous aurez tout simplement envie de rouler plus ! Pour les promenades, les petits d\u00e9placements quotidiens et les d\u00e9couvertes r\u00e9jouissantes des fins de semaine, le Electra Loft est un [&hellip;]<\/p>\n","protected":false},"featured_media":19940,"template":"","meta":{"_acf_changed":false},"product_brand":[],"product_cat":[172,161,1217],"product_tag":[2290,2291],"marque-produit":[1328],"collection-produit":[],"type-surface-produit":[],"type-velo-produit":[1252,2166],"vetement-produit":[],"thematique-produit":[],"position-sur-le-v\u00e9lo":[],"class_list":{"0":"post-96222","1":"product","2":"type-product","3":"status-publish","4":"has-post-thumbnail","6":"product_cat-hybrides-confort","7":"product_cat-velos","8":"product_cat-velos-hybrides","9":"product_tag-electra","10":"product_tag-loft","11":"marque-produit-electra","12":"type-velo-produit-hybrides","13":"type-velo-produit-hybrides-en","15":"first","16":"instock","17":"sale","18":"taxable","19":"shipping-taxable","20":"purchasable","21":"product-type-variable"},"acf":[],"yoast_head":"<!-- This site is optimized with the Yoast SEO plugin v24.3 - https:\/\/yoast.com\/wordpress\/plugins\/seo\/ -->\n<title>Electra Loft 7D, cadre bas - Dumoulin Bicyclettes - Electra - v\u00e9lo de ville<\/title>\n<meta name=\"description\" content=\"Le v\u00e9lo de ville Electra Loft vous emm\u00e8nera partout cet \u00e9t\u00e9 ! De la brasserie \u00e0 la biblioth\u00e8que, le Loft est styl\u00e9, confortable et efficace !\" \/>\n<meta name=\"robots\" content=\"noindex, follow, max-snippet:-1, max-image-preview:large, max-video-preview:-1\" \/>\n<meta property=\"og:locale\" content=\"en_US\" \/>\n<meta property=\"og:type\" content=\"article\" \/>\n<meta property=\"og:title\" content=\"Electra Loft 7D, cadre bas - Dumoulin Bicyclettes - Electra - v\u00e9lo de ville\" \/>\n<meta property=\"og:description\" content=\"Le v\u00e9lo de ville Electra Loft vous emm\u00e8nera partout cet \u00e9t\u00e9 ! De la brasserie \u00e0 la biblioth\u00e8que, le Loft est styl\u00e9, confortable et efficace !\" \/>\n<meta property=\"og:url\" content=\"https:\/\/dumoulin.absoludev.ca\/produit\/electra-loft-7d-cadre-bas\/\" \/>\n<meta property=\"og:site_name\" content=\"Dumoulin Bicyclettes\" \/>\n<meta property=\"article:publisher\" content=\"https:\/\/www.facebook.com\/dumoulinbicyclettes\" \/>\n<meta property=\"article:modified_time\" content=\"2025-09-04T18:18:05+00:00\" \/>\n<meta property=\"og:image\" content=\"https:\/\/dumoulin.absoludev.ca\/wp-content\/uploads\/2021\/09\/loft7dstepthru-21-16810-b-primary.jpg\" \/>\n\t<meta property=\"og:image:width\" content=\"800\" \/>\n\t<meta property=\"og:image:height\" content=\"580\" \/>\n\t<meta property=\"og:image:type\" content=\"image\/jpeg\" \/>\n<meta name=\"twitter:card\" content=\"summary_large_image\" \/>\n<meta name=\"twitter:label1\" content=\"Est. reading time\" \/>\n\t<meta name=\"twitter:data1\" content=\"1 minute\" \/>\n<script type=\"application\/ld+json\" class=\"yoast-schema-graph\">{\"@context\":\"https:\/\/schema.org\",\"@graph\":[{\"@type\":\"WebPage\",\"@id\":\"https:\/\/dumoulin.absoludev.ca\/produit\/electra-loft-7d-cadre-bas\/\",\"url\":\"https:\/\/dumoulin.absoludev.ca\/produit\/electra-loft-7d-cadre-bas\/\",\"name\":\"Electra Loft 7D, cadre bas - Dumoulin Bicyclettes - Electra - v\u00e9lo de ville\",\"isPartOf\":{\"@id\":\"https:\/\/dumoulin.absoludev.ca\/#website\"},\"primaryImageOfPage\":{\"@id\":\"https:\/\/dumoulin.absoludev.ca\/produit\/electra-loft-7d-cadre-bas\/#primaryimage\"},\"image\":{\"@id\":\"https:\/\/dumoulin.absoludev.ca\/produit\/electra-loft-7d-cadre-bas\/#primaryimage\"},\"thumbnailUrl\":\"https:\/\/dumoulin.absoludev.ca\/wp-content\/uploads\/2021\/09\/loft7dstepthru-21-16810-b-primary.jpg\",\"datePublished\":\"2022-06-02T20:29:41+00:00\",\"dateModified\":\"2025-09-04T18:18:05+00:00\",\"description\":\"Le v\u00e9lo de ville Electra Loft vous emm\u00e8nera partout cet \u00e9t\u00e9 ! De la brasserie \u00e0 la biblioth\u00e8que, le Loft est styl\u00e9, confortable et efficace !\",\"breadcrumb\":{\"@id\":\"https:\/\/dumoulin.absoludev.ca\/produit\/electra-loft-7d-cadre-bas\/#breadcrumb\"},\"inLanguage\":\"en-US\",\"potentialAction\":[{\"@type\":\"ReadAction\",\"target\":[\"https:\/\/dumoulin.absoludev.ca\/produit\/electra-loft-7d-cadre-bas\/\"]}]},{\"@type\":\"ImageObject\",\"inLanguage\":\"en-US\",\"@id\":\"https:\/\/dumoulin.absoludev.ca\/produit\/electra-loft-7d-cadre-bas\/#primaryimage\",\"url\":\"https:\/\/dumoulin.absoludev.ca\/wp-content\/uploads\/2021\/09\/loft7dstepthru-21-16810-b-primary.jpg\",\"contentUrl\":\"https:\/\/dumoulin.absoludev.ca\/wp-content\/uploads\/2021\/09\/loft7dstepthru-21-16810-b-primary.jpg\",\"width\":800,\"height\":580,\"caption\":\"Electra-Loft-7-d-Sangria\"},{\"@type\":\"BreadcrumbList\",\"@id\":\"https:\/\/dumoulin.absoludev.ca\/produit\/electra-loft-7d-cadre-bas\/#breadcrumb\",\"itemListElement\":[{\"@type\":\"ListItem\",\"position\":1,\"name\":\"Home\",\"item\":\"https:\/\/dumoulin.absoludev.ca\/en\/\"},{\"@type\":\"ListItem\",\"position\":2,\"name\":\"Shop\",\"item\":\"https:\/\/dumoulin.absoludev.ca\/en\/shop\/\"},{\"@type\":\"ListItem\",\"position\":3,\"name\":\"Electra Loft 7D, cadre bas\"}]},{\"@type\":\"WebSite\",\"@id\":\"https:\/\/dumoulin.absoludev.ca\/#website\",\"url\":\"https:\/\/dumoulin.absoludev.ca\/\",\"name\":\"Dumoulin Bicyclettes\",\"description\":\"\",\"publisher\":{\"@id\":\"https:\/\/dumoulin.absoludev.ca\/#organization\"},\"potentialAction\":[{\"@type\":\"SearchAction\",\"target\":{\"@type\":\"EntryPoint\",\"urlTemplate\":\"https:\/\/dumoulin.absoludev.ca\/?s={search_term_string}\"},\"query-input\":{\"@type\":\"PropertyValueSpecification\",\"valueRequired\":true,\"valueName\":\"search_term_string\"}}],\"inLanguage\":\"en-US\"},{\"@type\":\"Organization\",\"@id\":\"https:\/\/dumoulin.absoludev.ca\/#organization\",\"name\":\"Dumoulin Bicyclettes\",\"url\":\"https:\/\/dumoulin.absoludev.ca\/\",\"logo\":{\"@type\":\"ImageObject\",\"inLanguage\":\"en-US\",\"@id\":\"https:\/\/dumoulin.absoludev.ca\/#\/schema\/logo\/image\/\",\"url\":\"https:\/\/www.dumoulinbicyclettes.com\/wp-content\/uploads\/2021\/04\/Logo.svg\",\"contentUrl\":\"https:\/\/www.dumoulinbicyclettes.com\/wp-content\/uploads\/2021\/04\/Logo.svg\",\"width\":254,\"height\":86,\"caption\":\"Dumoulin Bicyclettes\"},\"image\":{\"@id\":\"https:\/\/dumoulin.absoludev.ca\/#\/schema\/logo\/image\/\"},\"sameAs\":[\"https:\/\/www.facebook.com\/dumoulinbicyclettes\",\"https:\/\/www.instagram.com\/dumoulin.ca\/\",\"https:\/\/www.youtube.com\/user\/dumoulinbicyclettes\"]}]}<\/script>\n<!-- \/ Yoast SEO plugin. -->","yoast_head_json":{"title":"Electra Loft 7D, cadre bas - Dumoulin Bicyclettes - Electra - v\u00e9lo de ville","description":"Le v\u00e9lo de ville Electra Loft vous emm\u00e8nera partout cet \u00e9t\u00e9 ! De la brasserie \u00e0 la biblioth\u00e8que, le Loft est styl\u00e9, confortable et efficace !","robots":{"index":"noindex","follow":"follow","max-snippet":"max-snippet:-1","max-image-preview":"max-image-preview:large","max-video-preview":"max-video-preview:-1"},"og_locale":"en_US","og_type":"article","og_title":"Electra Loft 7D, cadre bas - Dumoulin Bicyclettes - Electra - v\u00e9lo de ville","og_description":"Le v\u00e9lo de ville Electra Loft vous emm\u00e8nera partout cet \u00e9t\u00e9 ! De la brasserie \u00e0 la biblioth\u00e8que, le Loft est styl\u00e9, confortable et efficace !","og_url":"https:\/\/dumoulin.absoludev.ca\/produit\/electra-loft-7d-cadre-bas\/","og_site_name":"Dumoulin Bicyclettes","article_publisher":"https:\/\/www.facebook.com\/dumoulinbicyclettes","article_modified_time":"2025-09-04T18:18:05+00:00","og_image":[{"width":800,"height":580,"url":"https:\/\/dumoulin.absoludev.ca\/wp-content\/uploads\/2021\/09\/loft7dstepthru-21-16810-b-primary.jpg","type":"image\/jpeg"}],"twitter_card":"summary_large_image","twitter_misc":{"Est. reading time":"1 minute"},"schema":{"@context":"https:\/\/schema.org","@graph":[{"@type":"WebPage","@id":"https:\/\/dumoulin.absoludev.ca\/produit\/electra-loft-7d-cadre-bas\/","url":"https:\/\/dumoulin.absoludev.ca\/produit\/electra-loft-7d-cadre-bas\/","name":"Electra Loft 7D, cadre bas - Dumoulin Bicyclettes - Electra - v\u00e9lo de ville","isPartOf":{"@id":"https:\/\/dumoulin.absoludev.ca\/#website"},"primaryImageOfPage":{"@id":"https:\/\/dumoulin.absoludev.ca\/produit\/electra-loft-7d-cadre-bas\/#primaryimage"},"image":{"@id":"https:\/\/dumoulin.absoludev.ca\/produit\/electra-loft-7d-cadre-bas\/#primaryimage"},"thumbnailUrl":"https:\/\/dumoulin.absoludev.ca\/wp-content\/uploads\/2021\/09\/loft7dstepthru-21-16810-b-primary.jpg","datePublished":"2022-06-02T20:29:41+00:00","dateModified":"2025-09-04T18:18:05+00:00","description":"Le v\u00e9lo de ville Electra Loft vous emm\u00e8nera partout cet \u00e9t\u00e9 ! De la brasserie \u00e0 la biblioth\u00e8que, le Loft est styl\u00e9, confortable et efficace !","breadcrumb":{"@id":"https:\/\/dumoulin.absoludev.ca\/produit\/electra-loft-7d-cadre-bas\/#breadcrumb"},"inLanguage":"en-US","potentialAction":[{"@type":"ReadAction","target":["https:\/\/dumoulin.absoludev.ca\/produit\/electra-loft-7d-cadre-bas\/"]}]},{"@type":"ImageObject","inLanguage":"en-US","@id":"https:\/\/dumoulin.absoludev.ca\/produit\/electra-loft-7d-cadre-bas\/#primaryimage","url":"https:\/\/dumoulin.absoludev.ca\/wp-content\/uploads\/2021\/09\/loft7dstepthru-21-16810-b-primary.jpg","contentUrl":"https:\/\/dumoulin.absoludev.ca\/wp-content\/uploads\/2021\/09\/loft7dstepthru-21-16810-b-primary.jpg","width":800,"height":580,"caption":"Electra-Loft-7-d-Sangria"},{"@type":"BreadcrumbList","@id":"https:\/\/dumoulin.absoludev.ca\/produit\/electra-loft-7d-cadre-bas\/#breadcrumb","itemListElement":[{"@type":"ListItem","position":1,"name":"Home","item":"https:\/\/dumoulin.absoludev.ca\/en\/"},{"@type":"ListItem","position":2,"name":"Shop","item":"https:\/\/dumoulin.absoludev.ca\/en\/shop\/"},{"@type":"ListItem","position":3,"name":"Electra Loft 7D, cadre bas"}]},{"@type":"WebSite","@id":"https:\/\/dumoulin.absoludev.ca\/#website","url":"https:\/\/dumoulin.absoludev.ca\/","name":"Dumoulin Bicyclettes","description":"","publisher":{"@id":"https:\/\/dumoulin.absoludev.ca\/#organization"},"potentialAction":[{"@type":"SearchAction","target":{"@type":"EntryPoint","urlTemplate":"https:\/\/dumoulin.absoludev.ca\/?s={search_term_string}"},"query-input":{"@type":"PropertyValueSpecification","valueRequired":true,"valueName":"search_term_string"}}],"inLanguage":"en-US"},{"@type":"Organization","@id":"https:\/\/dumoulin.absoludev.ca\/#organization","name":"Dumoulin Bicyclettes","url":"https:\/\/dumoulin.absoludev.ca\/","logo":{"@type":"ImageObject","inLanguage":"en-US","@id":"https:\/\/dumoulin.absoludev.ca\/#\/schema\/logo\/image\/","url":"https:\/\/www.dumoulinbicyclettes.com\/wp-content\/uploads\/2021\/04\/Logo.svg","contentUrl":"https:\/\/www.dumoulinbicyclettes.com\/wp-content\/uploads\/2021\/04\/Logo.svg","width":254,"height":86,"caption":"Dumoulin Bicyclettes"},"image":{"@id":"https:\/\/dumoulin.absoludev.ca\/#\/schema\/logo\/image\/"},"sameAs":["https:\/\/www.facebook.com\/dumoulinbicyclettes","https:\/\/www.instagram.com\/dumoulin.ca\/","https:\/\/www.youtube.com\/user\/dumoulinbicyclettes"]}]}},"_links":{"self":[{"href":"https:\/\/dumoulin.absoludev.ca\/en\/wp-json\/wp\/v2\/product\/96222","targetHints":{"allow":["GET"]}}],"collection":[{"href":"https:\/\/dumoulin.absoludev.ca\/en\/wp-json\/wp\/v2\/product"}],"about":[{"href":"https:\/\/dumoulin.absoludev.ca\/en\/wp-json\/wp\/v2\/types\/product"}],"wp:featuredmedia":[{"embeddable":true,"href":"https:\/\/dumoulin.absoludev.ca\/en\/wp-json\/wp\/v2\/media\/19940"}],"wp:attachment":[{"href":"https:\/\/dumoulin.absoludev.ca\/en\/wp-json\/wp\/v2\/media?parent=96222"}],"wp:term":[{"taxonomy":"product_brand","embeddable":true,"href":"https:\/\/dumoulin.absoludev.ca\/en\/wp-json\/wp\/v2\/product_brand?post=96222"},{"taxonomy":"product_cat","embeddable":true,"href":"https:\/\/dumoulin.absoludev.ca\/en\/wp-json\/wp\/v2\/product_cat?post=96222"},{"taxonomy":"product_tag","embeddable":true,"href":"https:\/\/dumoulin.absoludev.ca\/en\/wp-json\/wp\/v2\/product_tag?post=96222"},{"taxonomy":"marque-produit","embeddable":true,"href":"https:\/\/dumoulin.absoludev.ca\/en\/wp-json\/wp\/v2\/marque-produit?post=96222"},{"taxonomy":"collection-produit","embeddable":true,"href":"https:\/\/dumoulin.absoludev.ca\/en\/wp-json\/wp\/v2\/collection-produit?post=96222"},{"taxonomy":"type-surface-produit","embeddable":true,"href":"https:\/\/dumoulin.absoludev.ca\/en\/wp-json\/wp\/v2\/type-surface-produit?post=96222"},{"taxonomy":"type-velo-produit","embeddable":true,"href":"https:\/\/dumoulin.absoludev.ca\/en\/wp-json\/wp\/v2\/type-velo-produit?post=96222"},{"taxonomy":"vetement-produit","embeddable":true,"href":"https:\/\/dumoulin.absoludev.ca\/en\/wp-json\/wp\/v2\/vetement-produit?post=96222"},{"taxonomy":"thematique-produit","embeddable":true,"href":"https:\/\/dumoulin.absoludev.ca\/en\/wp-json\/wp\/v2\/thematique-produit?post=96222"},{"taxonomy":"position-sur-le-v\u00e9lo","embeddable":true,"href":"https:\/\/dumoulin.absoludev.ca\/en\/wp-json\/wp\/v2\/position-sur-le-v\u00e9lo?post=96222"}],"curies":[{"name":"wp","href":"https:\/\/api.w.org\/{rel}","templated":true}]}}