{"id":96210,"date":"2022-06-02T16:29:39","date_gmt":"2022-06-02T20:29:39","guid":{"rendered":"http:\/\/www.dumoulinbicyclettes.com\/?post_type=product&#038;p=96210"},"modified":"2025-09-04T14:18:01","modified_gmt":"2025-09-04T18:18:01","slug":"trek-district-4-cadre-bas","status":"publish","type":"product","link":"https:\/\/dumoulin.absoludev.ca\/en\/produit\/trek-district-4-cadre-bas\/","title":{"rendered":"TREK DISTRICT 4 CADRE BAS"},"content":{"rendered":"<p>Le Trek District 4 est un v\u00e9lo urbain \u00e9quip\u00e9 et fonctionnel. Avec une allure contemporaine et inspir\u00e9e, il fait partie de la cat\u00e9gorie que nous appelons \u00abSuper hybrides\u00bb chez Dumoulin Bicyclettes.<\/p>\n<p><a href=\"https:\/\/www.dumoulinbicyclettes.com\/le-cadre-bas-un-confort-pour-tous\/\" target=\"_blank\" rel=\"noopener\">Le cadre bas n&#8217;est pas destin\u00e9 qu&#8217;aux femmes<\/a> : il s&#8217;agit aussi d&#8217;un v\u00e9lo tr\u00e8s agr\u00e9able pour tout le monde. Une fois que l&#8217;on a go\u00fbt\u00e9 aux joies de l&#8217;enjambement facile, il est difficile de revenir en arri\u00e8re !<\/p>\n","protected":false},"excerpt":{"rendered":"<p>Le Trek District 4 est un v\u00e9lo urbain \u00e9quip\u00e9 et fonctionnel. Avec une allure contemporaine et inspir\u00e9e, il fait partie de la cat\u00e9gorie que nous appelons \u00abSuper hybrides\u00bb chez Dumoulin Bicyclettes. Le cadre bas n&#8217;est pas destin\u00e9 qu&#8217;aux femmes : il s&#8217;agit aussi d&#8217;un v\u00e9lo tr\u00e8s agr\u00e9able pour tout le monde. Une fois que l&#8217;on [&hellip;]<\/p>\n","protected":false},"featured_media":96214,"template":"","meta":{"_acf_changed":false},"product_brand":[],"product_cat":[173,161,1217],"product_tag":[2228,2227,2194],"marque-produit":[1277],"collection-produit":[],"type-surface-produit":[],"type-velo-produit":[1252],"vetement-produit":[],"thematique-produit":[],"position-sur-le-v\u00e9lo":[],"class_list":{"0":"post-96210","1":"product","2":"type-product","3":"status-publish","4":"has-post-thumbnail","6":"product_cat-urbains","7":"product_cat-velos","8":"product_cat-velos-hybrides","9":"product_tag-cadre-bas","10":"product_tag-district-4","11":"product_tag-trek","12":"marque-produit-trek","13":"type-velo-produit-hybrides","15":"first","16":"outofstock","17":"taxable","18":"shipping-taxable","19":"purchasable","20":"product-type-variable"},"acf":[],"yoast_head":"<!-- This site is optimized with the Yoast SEO plugin v24.3 - https:\/\/yoast.com\/wordpress\/plugins\/seo\/ -->\n<title>Trek District 4, cadre bas - Dumoulin Bicyclettes - v\u00e9lo urbain - Montr\u00e9al<\/title>\n<meta name=\"description\" content=\"Le Trek District 4 est un super hybride pour la ville. \u00c9clairage par dynamo, courroie Gates, freins hydrauliques, moyeu interne : tout est l\u00e0.\" \/>\n<meta name=\"robots\" content=\"noindex, follow, max-snippet:-1, max-image-preview:large, max-video-preview:-1\" \/>\n<meta property=\"og:locale\" content=\"en_US\" \/>\n<meta property=\"og:type\" content=\"article\" \/>\n<meta property=\"og:title\" content=\"Trek District 4, cadre bas - Dumoulin Bicyclettes - v\u00e9lo urbain - Montr\u00e9al\" \/>\n<meta property=\"og:description\" content=\"Le Trek District 4 est un super hybride pour la ville. \u00c9clairage par dynamo, courroie Gates, freins hydrauliques, moyeu interne : tout est l\u00e0.\" \/>\n<meta property=\"og:url\" content=\"https:\/\/dumoulin.absoludev.ca\/produit\/trek-district-4-cadre-bas\/\" \/>\n<meta property=\"og:site_name\" content=\"Dumoulin Bicyclettes\" \/>\n<meta property=\"article:publisher\" content=\"https:\/\/www.facebook.com\/dumoulinbicyclettes\" \/>\n<meta property=\"article:modified_time\" content=\"2025-09-04T18:18:01+00:00\" \/>\n<meta property=\"og:image\" content=\"https:\/\/dumoulin.absoludev.ca\/wp-content\/uploads\/2022\/06\/d82eadf5-f60a-4266-9cab-07d96f39cfcf.jpeg\" \/>\n\t<meta property=\"og:image:width\" content=\"800\" \/>\n\t<meta property=\"og:image:height\" content=\"580\" \/>\n\t<meta property=\"og:image:type\" content=\"image\/jpeg\" \/>\n<meta name=\"twitter:card\" content=\"summary_large_image\" \/>\n<meta name=\"twitter:label1\" content=\"Est. reading time\" \/>\n\t<meta name=\"twitter:data1\" content=\"1 minute\" \/>\n<script type=\"application\/ld+json\" class=\"yoast-schema-graph\">{\"@context\":\"https:\/\/schema.org\",\"@graph\":[{\"@type\":\"WebPage\",\"@id\":\"https:\/\/dumoulin.absoludev.ca\/produit\/trek-district-4-cadre-bas\/\",\"url\":\"https:\/\/dumoulin.absoludev.ca\/produit\/trek-district-4-cadre-bas\/\",\"name\":\"Trek District 4, cadre bas - Dumoulin Bicyclettes - v\u00e9lo urbain - Montr\u00e9al\",\"isPartOf\":{\"@id\":\"https:\/\/dumoulin.absoludev.ca\/#website\"},\"primaryImageOfPage\":{\"@id\":\"https:\/\/dumoulin.absoludev.ca\/produit\/trek-district-4-cadre-bas\/#primaryimage\"},\"image\":{\"@id\":\"https:\/\/dumoulin.absoludev.ca\/produit\/trek-district-4-cadre-bas\/#primaryimage\"},\"thumbnailUrl\":\"https:\/\/dumoulin.absoludev.ca\/wp-content\/uploads\/2022\/06\/d82eadf5-f60a-4266-9cab-07d96f39cfcf.jpeg\",\"datePublished\":\"2022-06-02T20:29:39+00:00\",\"dateModified\":\"2025-09-04T18:18:01+00:00\",\"description\":\"Le Trek District 4 est un super hybride pour la ville. \u00c9clairage par dynamo, courroie Gates, freins hydrauliques, moyeu interne : tout est l\u00e0.\",\"breadcrumb\":{\"@id\":\"https:\/\/dumoulin.absoludev.ca\/produit\/trek-district-4-cadre-bas\/#breadcrumb\"},\"inLanguage\":\"en-US\",\"potentialAction\":[{\"@type\":\"ReadAction\",\"target\":[\"https:\/\/dumoulin.absoludev.ca\/produit\/trek-district-4-cadre-bas\/\"]}]},{\"@type\":\"ImageObject\",\"inLanguage\":\"en-US\",\"@id\":\"https:\/\/dumoulin.absoludev.ca\/produit\/trek-district-4-cadre-bas\/#primaryimage\",\"url\":\"https:\/\/dumoulin.absoludev.ca\/wp-content\/uploads\/2022\/06\/d82eadf5-f60a-4266-9cab-07d96f39cfcf.jpeg\",\"contentUrl\":\"https:\/\/dumoulin.absoludev.ca\/wp-content\/uploads\/2022\/06\/d82eadf5-f60a-4266-9cab-07d96f39cfcf.jpeg\",\"width\":800,\"height\":580},{\"@type\":\"BreadcrumbList\",\"@id\":\"https:\/\/dumoulin.absoludev.ca\/produit\/trek-district-4-cadre-bas\/#breadcrumb\",\"itemListElement\":[{\"@type\":\"ListItem\",\"position\":1,\"name\":\"Home\",\"item\":\"https:\/\/dumoulin.absoludev.ca\/en\/\"},{\"@type\":\"ListItem\",\"position\":2,\"name\":\"Shop\",\"item\":\"https:\/\/dumoulin.absoludev.ca\/en\/shop\/\"},{\"@type\":\"ListItem\",\"position\":3,\"name\":\"TREK DISTRICT 4 CADRE BAS\"}]},{\"@type\":\"WebSite\",\"@id\":\"https:\/\/dumoulin.absoludev.ca\/#website\",\"url\":\"https:\/\/dumoulin.absoludev.ca\/\",\"name\":\"Dumoulin Bicyclettes\",\"description\":\"\",\"publisher\":{\"@id\":\"https:\/\/dumoulin.absoludev.ca\/#organization\"},\"potentialAction\":[{\"@type\":\"SearchAction\",\"target\":{\"@type\":\"EntryPoint\",\"urlTemplate\":\"https:\/\/dumoulin.absoludev.ca\/?s={search_term_string}\"},\"query-input\":{\"@type\":\"PropertyValueSpecification\",\"valueRequired\":true,\"valueName\":\"search_term_string\"}}],\"inLanguage\":\"en-US\"},{\"@type\":\"Organization\",\"@id\":\"https:\/\/dumoulin.absoludev.ca\/#organization\",\"name\":\"Dumoulin Bicyclettes\",\"url\":\"https:\/\/dumoulin.absoludev.ca\/\",\"logo\":{\"@type\":\"ImageObject\",\"inLanguage\":\"en-US\",\"@id\":\"https:\/\/dumoulin.absoludev.ca\/#\/schema\/logo\/image\/\",\"url\":\"https:\/\/www.dumoulinbicyclettes.com\/wp-content\/uploads\/2021\/04\/Logo.svg\",\"contentUrl\":\"https:\/\/www.dumoulinbicyclettes.com\/wp-content\/uploads\/2021\/04\/Logo.svg\",\"width\":254,\"height\":86,\"caption\":\"Dumoulin Bicyclettes\"},\"image\":{\"@id\":\"https:\/\/dumoulin.absoludev.ca\/#\/schema\/logo\/image\/\"},\"sameAs\":[\"https:\/\/www.facebook.com\/dumoulinbicyclettes\",\"https:\/\/www.instagram.com\/dumoulin.ca\/\",\"https:\/\/www.youtube.com\/user\/dumoulinbicyclettes\"]}]}<\/script>\n<!-- \/ Yoast SEO plugin. -->","yoast_head_json":{"title":"Trek District 4, cadre bas - Dumoulin Bicyclettes - v\u00e9lo urbain - Montr\u00e9al","description":"Le Trek District 4 est un super hybride pour la ville. \u00c9clairage par dynamo, courroie Gates, freins hydrauliques, moyeu interne : tout est l\u00e0.","robots":{"index":"noindex","follow":"follow","max-snippet":"max-snippet:-1","max-image-preview":"max-image-preview:large","max-video-preview":"max-video-preview:-1"},"og_locale":"en_US","og_type":"article","og_title":"Trek District 4, cadre bas - Dumoulin Bicyclettes - v\u00e9lo urbain - Montr\u00e9al","og_description":"Le Trek District 4 est un super hybride pour la ville. \u00c9clairage par dynamo, courroie Gates, freins hydrauliques, moyeu interne : tout est l\u00e0.","og_url":"https:\/\/dumoulin.absoludev.ca\/produit\/trek-district-4-cadre-bas\/","og_site_name":"Dumoulin Bicyclettes","article_publisher":"https:\/\/www.facebook.com\/dumoulinbicyclettes","article_modified_time":"2025-09-04T18:18:01+00:00","og_image":[{"width":800,"height":580,"url":"https:\/\/dumoulin.absoludev.ca\/wp-content\/uploads\/2022\/06\/d82eadf5-f60a-4266-9cab-07d96f39cfcf.jpeg","type":"image\/jpeg"}],"twitter_card":"summary_large_image","twitter_misc":{"Est. reading time":"1 minute"},"schema":{"@context":"https:\/\/schema.org","@graph":[{"@type":"WebPage","@id":"https:\/\/dumoulin.absoludev.ca\/produit\/trek-district-4-cadre-bas\/","url":"https:\/\/dumoulin.absoludev.ca\/produit\/trek-district-4-cadre-bas\/","name":"Trek District 4, cadre bas - Dumoulin Bicyclettes - v\u00e9lo urbain - Montr\u00e9al","isPartOf":{"@id":"https:\/\/dumoulin.absoludev.ca\/#website"},"primaryImageOfPage":{"@id":"https:\/\/dumoulin.absoludev.ca\/produit\/trek-district-4-cadre-bas\/#primaryimage"},"image":{"@id":"https:\/\/dumoulin.absoludev.ca\/produit\/trek-district-4-cadre-bas\/#primaryimage"},"thumbnailUrl":"https:\/\/dumoulin.absoludev.ca\/wp-content\/uploads\/2022\/06\/d82eadf5-f60a-4266-9cab-07d96f39cfcf.jpeg","datePublished":"2022-06-02T20:29:39+00:00","dateModified":"2025-09-04T18:18:01+00:00","description":"Le Trek District 4 est un super hybride pour la ville. \u00c9clairage par dynamo, courroie Gates, freins hydrauliques, moyeu interne : tout est l\u00e0.","breadcrumb":{"@id":"https:\/\/dumoulin.absoludev.ca\/produit\/trek-district-4-cadre-bas\/#breadcrumb"},"inLanguage":"en-US","potentialAction":[{"@type":"ReadAction","target":["https:\/\/dumoulin.absoludev.ca\/produit\/trek-district-4-cadre-bas\/"]}]},{"@type":"ImageObject","inLanguage":"en-US","@id":"https:\/\/dumoulin.absoludev.ca\/produit\/trek-district-4-cadre-bas\/#primaryimage","url":"https:\/\/dumoulin.absoludev.ca\/wp-content\/uploads\/2022\/06\/d82eadf5-f60a-4266-9cab-07d96f39cfcf.jpeg","contentUrl":"https:\/\/dumoulin.absoludev.ca\/wp-content\/uploads\/2022\/06\/d82eadf5-f60a-4266-9cab-07d96f39cfcf.jpeg","width":800,"height":580},{"@type":"BreadcrumbList","@id":"https:\/\/dumoulin.absoludev.ca\/produit\/trek-district-4-cadre-bas\/#breadcrumb","itemListElement":[{"@type":"ListItem","position":1,"name":"Home","item":"https:\/\/dumoulin.absoludev.ca\/en\/"},{"@type":"ListItem","position":2,"name":"Shop","item":"https:\/\/dumoulin.absoludev.ca\/en\/shop\/"},{"@type":"ListItem","position":3,"name":"TREK DISTRICT 4 CADRE BAS"}]},{"@type":"WebSite","@id":"https:\/\/dumoulin.absoludev.ca\/#website","url":"https:\/\/dumoulin.absoludev.ca\/","name":"Dumoulin Bicyclettes","description":"","publisher":{"@id":"https:\/\/dumoulin.absoludev.ca\/#organization"},"potentialAction":[{"@type":"SearchAction","target":{"@type":"EntryPoint","urlTemplate":"https:\/\/dumoulin.absoludev.ca\/?s={search_term_string}"},"query-input":{"@type":"PropertyValueSpecification","valueRequired":true,"valueName":"search_term_string"}}],"inLanguage":"en-US"},{"@type":"Organization","@id":"https:\/\/dumoulin.absoludev.ca\/#organization","name":"Dumoulin Bicyclettes","url":"https:\/\/dumoulin.absoludev.ca\/","logo":{"@type":"ImageObject","inLanguage":"en-US","@id":"https:\/\/dumoulin.absoludev.ca\/#\/schema\/logo\/image\/","url":"https:\/\/www.dumoulinbicyclettes.com\/wp-content\/uploads\/2021\/04\/Logo.svg","contentUrl":"https:\/\/www.dumoulinbicyclettes.com\/wp-content\/uploads\/2021\/04\/Logo.svg","width":254,"height":86,"caption":"Dumoulin Bicyclettes"},"image":{"@id":"https:\/\/dumoulin.absoludev.ca\/#\/schema\/logo\/image\/"},"sameAs":["https:\/\/www.facebook.com\/dumoulinbicyclettes","https:\/\/www.instagram.com\/dumoulin.ca\/","https:\/\/www.youtube.com\/user\/dumoulinbicyclettes"]}]}},"_links":{"self":[{"href":"https:\/\/dumoulin.absoludev.ca\/en\/wp-json\/wp\/v2\/product\/96210","targetHints":{"allow":["GET"]}}],"collection":[{"href":"https:\/\/dumoulin.absoludev.ca\/en\/wp-json\/wp\/v2\/product"}],"about":[{"href":"https:\/\/dumoulin.absoludev.ca\/en\/wp-json\/wp\/v2\/types\/product"}],"wp:featuredmedia":[{"embeddable":true,"href":"https:\/\/dumoulin.absoludev.ca\/en\/wp-json\/wp\/v2\/media\/96214"}],"wp:attachment":[{"href":"https:\/\/dumoulin.absoludev.ca\/en\/wp-json\/wp\/v2\/media?parent=96210"}],"wp:term":[{"taxonomy":"product_brand","embeddable":true,"href":"https:\/\/dumoulin.absoludev.ca\/en\/wp-json\/wp\/v2\/product_brand?post=96210"},{"taxonomy":"product_cat","embeddable":true,"href":"https:\/\/dumoulin.absoludev.ca\/en\/wp-json\/wp\/v2\/product_cat?post=96210"},{"taxonomy":"product_tag","embeddable":true,"href":"https:\/\/dumoulin.absoludev.ca\/en\/wp-json\/wp\/v2\/product_tag?post=96210"},{"taxonomy":"marque-produit","embeddable":true,"href":"https:\/\/dumoulin.absoludev.ca\/en\/wp-json\/wp\/v2\/marque-produit?post=96210"},{"taxonomy":"collection-produit","embeddable":true,"href":"https:\/\/dumoulin.absoludev.ca\/en\/wp-json\/wp\/v2\/collection-produit?post=96210"},{"taxonomy":"type-surface-produit","embeddable":true,"href":"https:\/\/dumoulin.absoludev.ca\/en\/wp-json\/wp\/v2\/type-surface-produit?post=96210"},{"taxonomy":"type-velo-produit","embeddable":true,"href":"https:\/\/dumoulin.absoludev.ca\/en\/wp-json\/wp\/v2\/type-velo-produit?post=96210"},{"taxonomy":"vetement-produit","embeddable":true,"href":"https:\/\/dumoulin.absoludev.ca\/en\/wp-json\/wp\/v2\/vetement-produit?post=96210"},{"taxonomy":"thematique-produit","embeddable":true,"href":"https:\/\/dumoulin.absoludev.ca\/en\/wp-json\/wp\/v2\/thematique-produit?post=96210"},{"taxonomy":"position-sur-le-v\u00e9lo","embeddable":true,"href":"https:\/\/dumoulin.absoludev.ca\/en\/wp-json\/wp\/v2\/position-sur-le-v\u00e9lo?post=96210"}],"curies":[{"name":"wp","href":"https:\/\/api.w.org\/{rel}","templated":true}]}}