{"id":96155,"date":"2022-06-02T16:29:29","date_gmt":"2022-06-02T20:29:29","guid":{"rendered":"http:\/\/www.dumoulinbicyclettes.com\/?post_type=product&#038;p=96155"},"modified":"2025-09-04T14:17:52","modified_gmt":"2025-09-04T18:17:52","slug":"moose-bicycle-porter","status":"publish","type":"product","link":"https:\/\/dumoulin.absoludev.ca\/en\/produit\/moose-bicycle-porter\/","title":{"rendered":"Moose Porter"},"content":{"rendered":"<p>Le v\u00e9lo <em>single-speed<\/em> Moose Bicycle \u00abPorter\u00bb, c&#8217;est un v\u00e9lo mono-vitesse tout \u00e0 fait adorable pour son allure <strong>r\u00e9tro-n\u00e9o-vintage<\/strong> et pour son prix plus qu&#8217;abordable.<\/p>\n<p>Pignon fixe ou en roue-libre \u00e0 vous de choisir. Les freins sur jantes sont cependant recommand\u00e9s et install\u00e9s !<\/p>\n<p>Bien pens\u00e9, le Moose Bicycle Porter s\u00e9duit par son <em>look,<\/em> la qualit\u00e9 de son style et son petit c\u00f4t\u00e9 \u00abQu\u00e9b\u00e9cois\u00bb.<\/p>\n","protected":false},"excerpt":{"rendered":"<p>Le v\u00e9lo single-speed Moose Bicycle \u00abPorter\u00bb, c&#8217;est un v\u00e9lo mono-vitesse tout \u00e0 fait adorable pour son allure r\u00e9tro-n\u00e9o-vintage et pour son prix plus qu&#8217;abordable. Pignon fixe ou en roue-libre \u00e0 vous de choisir. Les freins sur jantes sont cependant recommand\u00e9s et install\u00e9s ! Bien pens\u00e9, le Moose Bicycle Porter s\u00e9duit par son look, la qualit\u00e9 [&hellip;]<\/p>\n","protected":false},"featured_media":96161,"template":"","meta":{"_acf_changed":false},"product_brand":[],"product_cat":[167,161],"product_tag":[2229,2230,2231],"marque-produit":[1196],"collection-produit":[],"type-surface-produit":[],"type-velo-produit":[],"vetement-produit":[],"thematique-produit":[],"position-sur-le-v\u00e9lo":[],"class_list":{"0":"post-96155","1":"product","2":"type-product","3":"status-publish","4":"has-post-thumbnail","6":"product_cat-single-speed","7":"product_cat-velos","8":"product_tag-moose","9":"product_tag-porter","10":"product_tag-singlespeed","11":"marque-produit-moose-bicycle","13":"first","14":"instock","15":"sale","16":"taxable","17":"shipping-taxable","18":"purchasable","19":"product-type-variable"},"acf":[],"yoast_head":"<!-- This site is optimized with the Yoast SEO plugin v24.3 - https:\/\/yoast.com\/wordpress\/plugins\/seo\/ -->\n<title>Moose Bicycle Single speed |\u00a0PORTER | Retro | Vintage | Dumoulin<\/title>\n<meta name=\"description\" content=\"Le Single speed Moose Bicycle Porter est simple, \u00e9l\u00e9gant et te permet de te d\u00e9placer partout avec style et confiance. La classe !\" \/>\n<meta name=\"robots\" content=\"noindex, follow, max-snippet:-1, max-image-preview:large, max-video-preview:-1\" \/>\n<meta property=\"og:locale\" content=\"en_US\" \/>\n<meta property=\"og:type\" content=\"article\" \/>\n<meta property=\"og:title\" content=\"Moose Bicycle Single speed |\u00a0PORTER | Retro | Vintage | Dumoulin\" \/>\n<meta property=\"og:description\" content=\"Le Single speed Moose Bicycle Porter est simple, \u00e9l\u00e9gant et te permet de te d\u00e9placer partout avec style et confiance. La classe !\" \/>\n<meta property=\"og:url\" content=\"https:\/\/dumoulin.absoludev.ca\/produit\/moose-bicycle-porter\/\" \/>\n<meta property=\"og:site_name\" content=\"Dumoulin Bicyclettes\" \/>\n<meta property=\"article:publisher\" content=\"https:\/\/www.facebook.com\/dumoulinbicyclettes\" \/>\n<meta property=\"article:modified_time\" content=\"2025-09-04T18:17:52+00:00\" \/>\n<meta property=\"og:image\" content=\"https:\/\/dumoulin.absoludev.ca\/wp-content\/uploads\/2022\/06\/4dc74dd4-7887-46b8-9fdb-7d916b2cd849.jpeg\" \/>\n\t<meta property=\"og:image:width\" content=\"1010\" \/>\n\t<meta property=\"og:image:height\" content=\"627\" \/>\n\t<meta property=\"og:image:type\" content=\"image\/jpeg\" \/>\n<meta name=\"twitter:card\" content=\"summary_large_image\" \/>\n<meta name=\"twitter:label1\" content=\"Est. reading time\" \/>\n\t<meta name=\"twitter:data1\" content=\"1 minute\" \/>\n<script type=\"application\/ld+json\" class=\"yoast-schema-graph\">{\"@context\":\"https:\/\/schema.org\",\"@graph\":[{\"@type\":\"WebPage\",\"@id\":\"https:\/\/dumoulin.absoludev.ca\/produit\/moose-bicycle-porter\/\",\"url\":\"https:\/\/dumoulin.absoludev.ca\/produit\/moose-bicycle-porter\/\",\"name\":\"Moose Bicycle Single speed |\u00a0PORTER | Retro | Vintage | Dumoulin\",\"isPartOf\":{\"@id\":\"https:\/\/dumoulin.absoludev.ca\/#website\"},\"primaryImageOfPage\":{\"@id\":\"https:\/\/dumoulin.absoludev.ca\/produit\/moose-bicycle-porter\/#primaryimage\"},\"image\":{\"@id\":\"https:\/\/dumoulin.absoludev.ca\/produit\/moose-bicycle-porter\/#primaryimage\"},\"thumbnailUrl\":\"https:\/\/dumoulin.absoludev.ca\/wp-content\/uploads\/2022\/06\/4dc74dd4-7887-46b8-9fdb-7d916b2cd849.jpeg\",\"datePublished\":\"2022-06-02T20:29:29+00:00\",\"dateModified\":\"2025-09-04T18:17:52+00:00\",\"description\":\"Le Single speed Moose Bicycle Porter est simple, \u00e9l\u00e9gant et te permet de te d\u00e9placer partout avec style et confiance. La classe !\",\"breadcrumb\":{\"@id\":\"https:\/\/dumoulin.absoludev.ca\/produit\/moose-bicycle-porter\/#breadcrumb\"},\"inLanguage\":\"en-US\",\"potentialAction\":[{\"@type\":\"ReadAction\",\"target\":[\"https:\/\/dumoulin.absoludev.ca\/produit\/moose-bicycle-porter\/\"]}]},{\"@type\":\"ImageObject\",\"inLanguage\":\"en-US\",\"@id\":\"https:\/\/dumoulin.absoludev.ca\/produit\/moose-bicycle-porter\/#primaryimage\",\"url\":\"https:\/\/dumoulin.absoludev.ca\/wp-content\/uploads\/2022\/06\/4dc74dd4-7887-46b8-9fdb-7d916b2cd849.jpeg\",\"contentUrl\":\"https:\/\/dumoulin.absoludev.ca\/wp-content\/uploads\/2022\/06\/4dc74dd4-7887-46b8-9fdb-7d916b2cd849.jpeg\",\"width\":1010,\"height\":627},{\"@type\":\"BreadcrumbList\",\"@id\":\"https:\/\/dumoulin.absoludev.ca\/produit\/moose-bicycle-porter\/#breadcrumb\",\"itemListElement\":[{\"@type\":\"ListItem\",\"position\":1,\"name\":\"Home\",\"item\":\"https:\/\/dumoulin.absoludev.ca\/en\/\"},{\"@type\":\"ListItem\",\"position\":2,\"name\":\"Shop\",\"item\":\"https:\/\/dumoulin.absoludev.ca\/en\/shop\/\"},{\"@type\":\"ListItem\",\"position\":3,\"name\":\"Moose Porter\"}]},{\"@type\":\"WebSite\",\"@id\":\"https:\/\/dumoulin.absoludev.ca\/#website\",\"url\":\"https:\/\/dumoulin.absoludev.ca\/\",\"name\":\"Dumoulin Bicyclettes\",\"description\":\"\",\"publisher\":{\"@id\":\"https:\/\/dumoulin.absoludev.ca\/#organization\"},\"potentialAction\":[{\"@type\":\"SearchAction\",\"target\":{\"@type\":\"EntryPoint\",\"urlTemplate\":\"https:\/\/dumoulin.absoludev.ca\/?s={search_term_string}\"},\"query-input\":{\"@type\":\"PropertyValueSpecification\",\"valueRequired\":true,\"valueName\":\"search_term_string\"}}],\"inLanguage\":\"en-US\"},{\"@type\":\"Organization\",\"@id\":\"https:\/\/dumoulin.absoludev.ca\/#organization\",\"name\":\"Dumoulin Bicyclettes\",\"url\":\"https:\/\/dumoulin.absoludev.ca\/\",\"logo\":{\"@type\":\"ImageObject\",\"inLanguage\":\"en-US\",\"@id\":\"https:\/\/dumoulin.absoludev.ca\/#\/schema\/logo\/image\/\",\"url\":\"https:\/\/www.dumoulinbicyclettes.com\/wp-content\/uploads\/2021\/04\/Logo.svg\",\"contentUrl\":\"https:\/\/www.dumoulinbicyclettes.com\/wp-content\/uploads\/2021\/04\/Logo.svg\",\"width\":254,\"height\":86,\"caption\":\"Dumoulin Bicyclettes\"},\"image\":{\"@id\":\"https:\/\/dumoulin.absoludev.ca\/#\/schema\/logo\/image\/\"},\"sameAs\":[\"https:\/\/www.facebook.com\/dumoulinbicyclettes\",\"https:\/\/www.instagram.com\/dumoulin.ca\/\",\"https:\/\/www.youtube.com\/user\/dumoulinbicyclettes\"]}]}<\/script>\n<!-- \/ Yoast SEO plugin. -->","yoast_head_json":{"title":"Moose Bicycle Single speed |\u00a0PORTER | Retro | Vintage | Dumoulin","description":"Le Single speed Moose Bicycle Porter est simple, \u00e9l\u00e9gant et te permet de te d\u00e9placer partout avec style et confiance. La classe !","robots":{"index":"noindex","follow":"follow","max-snippet":"max-snippet:-1","max-image-preview":"max-image-preview:large","max-video-preview":"max-video-preview:-1"},"og_locale":"en_US","og_type":"article","og_title":"Moose Bicycle Single speed |\u00a0PORTER | Retro | Vintage | Dumoulin","og_description":"Le Single speed Moose Bicycle Porter est simple, \u00e9l\u00e9gant et te permet de te d\u00e9placer partout avec style et confiance. La classe !","og_url":"https:\/\/dumoulin.absoludev.ca\/produit\/moose-bicycle-porter\/","og_site_name":"Dumoulin Bicyclettes","article_publisher":"https:\/\/www.facebook.com\/dumoulinbicyclettes","article_modified_time":"2025-09-04T18:17:52+00:00","og_image":[{"width":1010,"height":627,"url":"https:\/\/dumoulin.absoludev.ca\/wp-content\/uploads\/2022\/06\/4dc74dd4-7887-46b8-9fdb-7d916b2cd849.jpeg","type":"image\/jpeg"}],"twitter_card":"summary_large_image","twitter_misc":{"Est. reading time":"1 minute"},"schema":{"@context":"https:\/\/schema.org","@graph":[{"@type":"WebPage","@id":"https:\/\/dumoulin.absoludev.ca\/produit\/moose-bicycle-porter\/","url":"https:\/\/dumoulin.absoludev.ca\/produit\/moose-bicycle-porter\/","name":"Moose Bicycle Single speed |\u00a0PORTER | Retro | Vintage | Dumoulin","isPartOf":{"@id":"https:\/\/dumoulin.absoludev.ca\/#website"},"primaryImageOfPage":{"@id":"https:\/\/dumoulin.absoludev.ca\/produit\/moose-bicycle-porter\/#primaryimage"},"image":{"@id":"https:\/\/dumoulin.absoludev.ca\/produit\/moose-bicycle-porter\/#primaryimage"},"thumbnailUrl":"https:\/\/dumoulin.absoludev.ca\/wp-content\/uploads\/2022\/06\/4dc74dd4-7887-46b8-9fdb-7d916b2cd849.jpeg","datePublished":"2022-06-02T20:29:29+00:00","dateModified":"2025-09-04T18:17:52+00:00","description":"Le Single speed Moose Bicycle Porter est simple, \u00e9l\u00e9gant et te permet de te d\u00e9placer partout avec style et confiance. La classe !","breadcrumb":{"@id":"https:\/\/dumoulin.absoludev.ca\/produit\/moose-bicycle-porter\/#breadcrumb"},"inLanguage":"en-US","potentialAction":[{"@type":"ReadAction","target":["https:\/\/dumoulin.absoludev.ca\/produit\/moose-bicycle-porter\/"]}]},{"@type":"ImageObject","inLanguage":"en-US","@id":"https:\/\/dumoulin.absoludev.ca\/produit\/moose-bicycle-porter\/#primaryimage","url":"https:\/\/dumoulin.absoludev.ca\/wp-content\/uploads\/2022\/06\/4dc74dd4-7887-46b8-9fdb-7d916b2cd849.jpeg","contentUrl":"https:\/\/dumoulin.absoludev.ca\/wp-content\/uploads\/2022\/06\/4dc74dd4-7887-46b8-9fdb-7d916b2cd849.jpeg","width":1010,"height":627},{"@type":"BreadcrumbList","@id":"https:\/\/dumoulin.absoludev.ca\/produit\/moose-bicycle-porter\/#breadcrumb","itemListElement":[{"@type":"ListItem","position":1,"name":"Home","item":"https:\/\/dumoulin.absoludev.ca\/en\/"},{"@type":"ListItem","position":2,"name":"Shop","item":"https:\/\/dumoulin.absoludev.ca\/en\/shop\/"},{"@type":"ListItem","position":3,"name":"Moose Porter"}]},{"@type":"WebSite","@id":"https:\/\/dumoulin.absoludev.ca\/#website","url":"https:\/\/dumoulin.absoludev.ca\/","name":"Dumoulin Bicyclettes","description":"","publisher":{"@id":"https:\/\/dumoulin.absoludev.ca\/#organization"},"potentialAction":[{"@type":"SearchAction","target":{"@type":"EntryPoint","urlTemplate":"https:\/\/dumoulin.absoludev.ca\/?s={search_term_string}"},"query-input":{"@type":"PropertyValueSpecification","valueRequired":true,"valueName":"search_term_string"}}],"inLanguage":"en-US"},{"@type":"Organization","@id":"https:\/\/dumoulin.absoludev.ca\/#organization","name":"Dumoulin Bicyclettes","url":"https:\/\/dumoulin.absoludev.ca\/","logo":{"@type":"ImageObject","inLanguage":"en-US","@id":"https:\/\/dumoulin.absoludev.ca\/#\/schema\/logo\/image\/","url":"https:\/\/www.dumoulinbicyclettes.com\/wp-content\/uploads\/2021\/04\/Logo.svg","contentUrl":"https:\/\/www.dumoulinbicyclettes.com\/wp-content\/uploads\/2021\/04\/Logo.svg","width":254,"height":86,"caption":"Dumoulin Bicyclettes"},"image":{"@id":"https:\/\/dumoulin.absoludev.ca\/#\/schema\/logo\/image\/"},"sameAs":["https:\/\/www.facebook.com\/dumoulinbicyclettes","https:\/\/www.instagram.com\/dumoulin.ca\/","https:\/\/www.youtube.com\/user\/dumoulinbicyclettes"]}]}},"_links":{"self":[{"href":"https:\/\/dumoulin.absoludev.ca\/en\/wp-json\/wp\/v2\/product\/96155","targetHints":{"allow":["GET"]}}],"collection":[{"href":"https:\/\/dumoulin.absoludev.ca\/en\/wp-json\/wp\/v2\/product"}],"about":[{"href":"https:\/\/dumoulin.absoludev.ca\/en\/wp-json\/wp\/v2\/types\/product"}],"wp:featuredmedia":[{"embeddable":true,"href":"https:\/\/dumoulin.absoludev.ca\/en\/wp-json\/wp\/v2\/media\/96161"}],"wp:attachment":[{"href":"https:\/\/dumoulin.absoludev.ca\/en\/wp-json\/wp\/v2\/media?parent=96155"}],"wp:term":[{"taxonomy":"product_brand","embeddable":true,"href":"https:\/\/dumoulin.absoludev.ca\/en\/wp-json\/wp\/v2\/product_brand?post=96155"},{"taxonomy":"product_cat","embeddable":true,"href":"https:\/\/dumoulin.absoludev.ca\/en\/wp-json\/wp\/v2\/product_cat?post=96155"},{"taxonomy":"product_tag","embeddable":true,"href":"https:\/\/dumoulin.absoludev.ca\/en\/wp-json\/wp\/v2\/product_tag?post=96155"},{"taxonomy":"marque-produit","embeddable":true,"href":"https:\/\/dumoulin.absoludev.ca\/en\/wp-json\/wp\/v2\/marque-produit?post=96155"},{"taxonomy":"collection-produit","embeddable":true,"href":"https:\/\/dumoulin.absoludev.ca\/en\/wp-json\/wp\/v2\/collection-produit?post=96155"},{"taxonomy":"type-surface-produit","embeddable":true,"href":"https:\/\/dumoulin.absoludev.ca\/en\/wp-json\/wp\/v2\/type-surface-produit?post=96155"},{"taxonomy":"type-velo-produit","embeddable":true,"href":"https:\/\/dumoulin.absoludev.ca\/en\/wp-json\/wp\/v2\/type-velo-produit?post=96155"},{"taxonomy":"vetement-produit","embeddable":true,"href":"https:\/\/dumoulin.absoludev.ca\/en\/wp-json\/wp\/v2\/vetement-produit?post=96155"},{"taxonomy":"thematique-produit","embeddable":true,"href":"https:\/\/dumoulin.absoludev.ca\/en\/wp-json\/wp\/v2\/thematique-produit?post=96155"},{"taxonomy":"position-sur-le-v\u00e9lo","embeddable":true,"href":"https:\/\/dumoulin.absoludev.ca\/en\/wp-json\/wp\/v2\/position-sur-le-v\u00e9lo?post=96155"}],"curies":[{"name":"wp","href":"https:\/\/api.w.org\/{rel}","templated":true}]}}