{"id":94980,"date":"2022-06-01T18:26:51","date_gmt":"2022-06-01T22:26:51","guid":{"rendered":"http:\/\/www.dumoulinbicyclettes.com\/?post_type=product&#038;p=94980"},"modified":"2025-09-04T14:18:11","modified_gmt":"2025-09-04T18:18:11","slug":"lumiere-de-velo-busch-muller-toplight-line-plus-dynamo","status":"publish","type":"product","link":"https:\/\/dumoulin.absoludev.ca\/en\/produit\/lumiere-de-velo-busch-muller-toplight-line-plus-dynamo\/","title":{"rendered":"Feu arri\u00e8re Busch&#038;M\u00fcller Toplight Line Plus"},"content":{"rendered":"<p>Feu arri\u00e8re puissant, le Busch&amp;M\u00fcller Toplight Line est excellent pour toutes les personnes qui optent pour l&#8217;<a href=\"https:\/\/www.dumoulinbicyclettes.com\/lumiere-sur-les-dynamos\/\" target=\"_blank\" rel=\"noopener\">\u00e9clairage par dynamo<\/a>.<\/p>\n<p>Install\u00e9e sur un <a href=\"https:\/\/www.dumoulinbicyclettes.com\/produit\/porte-bag-ar-bontrager-backrack-deluxe-small\/\" target=\"_blank\" rel=\"noopener\">porte-bagages<\/a> ou bien sur un adaptateur sous les rails de selles.<\/p>\n","protected":false},"excerpt":{"rendered":"<p>Feu arri\u00e8re puissant, le Busch&amp;M\u00fcller Toplight Line est excellent pour toutes les personnes qui optent pour l&#8217;\u00e9clairage par dynamo. Install\u00e9e sur un porte-bagages ou bien sur un adaptateur sous les rails de selles.<\/p>\n","protected":false},"featured_media":23370,"template":"","meta":{"_acf_changed":false},"product_brand":[],"product_cat":[212,210],"product_tag":[2486,2262,3033],"marque-produit":[1386],"collection-produit":[],"type-surface-produit":[],"type-velo-produit":[],"vetement-produit":[],"thematique-produit":[],"position-sur-le-v\u00e9lo":[],"class_list":{"0":"post-94980","1":"product","2":"type-product","3":"status-publish","4":"has-post-thumbnail","6":"product_cat-arriere","7":"product_cat-dynamos-moyeux-et-lumieres","8":"product_tag-buschmuller","9":"product_tag-dynamo","10":"product_tag-toplight-line-plus","11":"marque-produit-buschmuller","13":"first","14":"instock","15":"taxable","16":"shipping-taxable","17":"purchasable","18":"product-type-variable"},"acf":[],"yoast_head":"<!-- This site is optimized with the Yoast SEO plugin v24.3 - https:\/\/yoast.com\/wordpress\/plugins\/seo\/ -->\n<title>Busch&amp;M\u00fcller Toplight line | lumi\u00e8res de v\u00e9lo | dynamo | Dumoulin Bicyclettes<\/title>\n<meta name=\"description\" content=\"Feu arri\u00e8re pour dynamo Busch&amp;M\u00fcller Toplight Line : puissant pour vous situer sur la route. Parfaitement adapt\u00e9 pour les d\u00e9placements quotidiens.\" \/>\n<meta name=\"robots\" content=\"noindex, follow, max-snippet:-1, max-image-preview:large, max-video-preview:-1\" \/>\n<meta property=\"og:locale\" content=\"en_US\" \/>\n<meta property=\"og:type\" content=\"article\" \/>\n<meta property=\"og:title\" content=\"Busch&amp;M\u00fcller Toplight line | lumi\u00e8res de v\u00e9lo | dynamo | Dumoulin Bicyclettes\" \/>\n<meta property=\"og:description\" content=\"Feu arri\u00e8re pour dynamo Busch&amp;M\u00fcller Toplight Line : puissant pour vous situer sur la route. Parfaitement adapt\u00e9 pour les d\u00e9placements quotidiens.\" \/>\n<meta property=\"og:url\" content=\"https:\/\/dumoulin.absoludev.ca\/produit\/lumiere-de-velo-busch-muller-toplight-line-plus-dynamo\/\" \/>\n<meta property=\"og:site_name\" content=\"Dumoulin Bicyclettes\" \/>\n<meta property=\"article:publisher\" content=\"https:\/\/www.facebook.com\/dumoulinbicyclettes\" \/>\n<meta property=\"article:modified_time\" content=\"2025-09-04T18:18:11+00:00\" \/>\n<meta property=\"og:image\" content=\"https:\/\/dumoulin.absoludev.ca\/wp-content\/uploads\/2021\/11\/busch-and-muller-toplight-line-323-toplight-line-plus-dynamoruecklicht-buschmueller-bild1.jpg\" \/>\n\t<meta property=\"og:image:width\" content=\"1000\" \/>\n\t<meta property=\"og:image:height\" content=\"1000\" \/>\n\t<meta property=\"og:image:type\" content=\"image\/jpeg\" \/>\n<meta name=\"twitter:card\" content=\"summary_large_image\" \/>\n<meta name=\"twitter:label1\" content=\"Est. reading time\" \/>\n\t<meta name=\"twitter:data1\" content=\"1 minute\" \/>\n<script type=\"application\/ld+json\" class=\"yoast-schema-graph\">{\"@context\":\"https:\/\/schema.org\",\"@graph\":[{\"@type\":\"WebPage\",\"@id\":\"https:\/\/dumoulin.absoludev.ca\/produit\/lumiere-de-velo-busch-muller-toplight-line-plus-dynamo\/\",\"url\":\"https:\/\/dumoulin.absoludev.ca\/produit\/lumiere-de-velo-busch-muller-toplight-line-plus-dynamo\/\",\"name\":\"Busch&M\u00fcller Toplight line | lumi\u00e8res de v\u00e9lo | dynamo | Dumoulin Bicyclettes\",\"isPartOf\":{\"@id\":\"https:\/\/dumoulin.absoludev.ca\/#website\"},\"primaryImageOfPage\":{\"@id\":\"https:\/\/dumoulin.absoludev.ca\/produit\/lumiere-de-velo-busch-muller-toplight-line-plus-dynamo\/#primaryimage\"},\"image\":{\"@id\":\"https:\/\/dumoulin.absoludev.ca\/produit\/lumiere-de-velo-busch-muller-toplight-line-plus-dynamo\/#primaryimage\"},\"thumbnailUrl\":\"https:\/\/dumoulin.absoludev.ca\/wp-content\/uploads\/2021\/11\/busch-and-muller-toplight-line-323-toplight-line-plus-dynamoruecklicht-buschmueller-bild1.jpg\",\"datePublished\":\"2022-06-01T22:26:51+00:00\",\"dateModified\":\"2025-09-04T18:18:11+00:00\",\"description\":\"Feu arri\u00e8re pour dynamo Busch&M\u00fcller Toplight Line : puissant pour vous situer sur la route. Parfaitement adapt\u00e9 pour les d\u00e9placements quotidiens.\",\"breadcrumb\":{\"@id\":\"https:\/\/dumoulin.absoludev.ca\/produit\/lumiere-de-velo-busch-muller-toplight-line-plus-dynamo\/#breadcrumb\"},\"inLanguage\":\"en-US\",\"potentialAction\":[{\"@type\":\"ReadAction\",\"target\":[\"https:\/\/dumoulin.absoludev.ca\/produit\/lumiere-de-velo-busch-muller-toplight-line-plus-dynamo\/\"]}]},{\"@type\":\"ImageObject\",\"inLanguage\":\"en-US\",\"@id\":\"https:\/\/dumoulin.absoludev.ca\/produit\/lumiere-de-velo-busch-muller-toplight-line-plus-dynamo\/#primaryimage\",\"url\":\"https:\/\/dumoulin.absoludev.ca\/wp-content\/uploads\/2021\/11\/busch-and-muller-toplight-line-323-toplight-line-plus-dynamoruecklicht-buschmueller-bild1.jpg\",\"contentUrl\":\"https:\/\/dumoulin.absoludev.ca\/wp-content\/uploads\/2021\/11\/busch-and-muller-toplight-line-323-toplight-line-plus-dynamoruecklicht-buschmueller-bild1.jpg\",\"width\":1000,\"height\":1000,\"caption\":\"Lumi\u00e8re-Arri\u00e8re-dynamo_Busch_and_M\u00fcller_Toplight_Line_Plus\"},{\"@type\":\"BreadcrumbList\",\"@id\":\"https:\/\/dumoulin.absoludev.ca\/produit\/lumiere-de-velo-busch-muller-toplight-line-plus-dynamo\/#breadcrumb\",\"itemListElement\":[{\"@type\":\"ListItem\",\"position\":1,\"name\":\"Home\",\"item\":\"https:\/\/dumoulin.absoludev.ca\/en\/\"},{\"@type\":\"ListItem\",\"position\":2,\"name\":\"Shop\",\"item\":\"https:\/\/dumoulin.absoludev.ca\/en\/shop\/\"},{\"@type\":\"ListItem\",\"position\":3,\"name\":\"Feu arri\u00e8re Busch&#038;M\u00fcller Toplight Line Plus\"}]},{\"@type\":\"WebSite\",\"@id\":\"https:\/\/dumoulin.absoludev.ca\/#website\",\"url\":\"https:\/\/dumoulin.absoludev.ca\/\",\"name\":\"Dumoulin Bicyclettes\",\"description\":\"\",\"publisher\":{\"@id\":\"https:\/\/dumoulin.absoludev.ca\/#organization\"},\"potentialAction\":[{\"@type\":\"SearchAction\",\"target\":{\"@type\":\"EntryPoint\",\"urlTemplate\":\"https:\/\/dumoulin.absoludev.ca\/?s={search_term_string}\"},\"query-input\":{\"@type\":\"PropertyValueSpecification\",\"valueRequired\":true,\"valueName\":\"search_term_string\"}}],\"inLanguage\":\"en-US\"},{\"@type\":\"Organization\",\"@id\":\"https:\/\/dumoulin.absoludev.ca\/#organization\",\"name\":\"Dumoulin Bicyclettes\",\"url\":\"https:\/\/dumoulin.absoludev.ca\/\",\"logo\":{\"@type\":\"ImageObject\",\"inLanguage\":\"en-US\",\"@id\":\"https:\/\/dumoulin.absoludev.ca\/#\/schema\/logo\/image\/\",\"url\":\"https:\/\/www.dumoulinbicyclettes.com\/wp-content\/uploads\/2021\/04\/Logo.svg\",\"contentUrl\":\"https:\/\/www.dumoulinbicyclettes.com\/wp-content\/uploads\/2021\/04\/Logo.svg\",\"width\":254,\"height\":86,\"caption\":\"Dumoulin Bicyclettes\"},\"image\":{\"@id\":\"https:\/\/dumoulin.absoludev.ca\/#\/schema\/logo\/image\/\"},\"sameAs\":[\"https:\/\/www.facebook.com\/dumoulinbicyclettes\",\"https:\/\/www.instagram.com\/dumoulin.ca\/\",\"https:\/\/www.youtube.com\/user\/dumoulinbicyclettes\"]}]}<\/script>\n<!-- \/ Yoast SEO plugin. -->","yoast_head_json":{"title":"Busch&M\u00fcller Toplight line | lumi\u00e8res de v\u00e9lo | dynamo | Dumoulin Bicyclettes","description":"Feu arri\u00e8re pour dynamo Busch&M\u00fcller Toplight Line : puissant pour vous situer sur la route. Parfaitement adapt\u00e9 pour les d\u00e9placements quotidiens.","robots":{"index":"noindex","follow":"follow","max-snippet":"max-snippet:-1","max-image-preview":"max-image-preview:large","max-video-preview":"max-video-preview:-1"},"og_locale":"en_US","og_type":"article","og_title":"Busch&M\u00fcller Toplight line | lumi\u00e8res de v\u00e9lo | dynamo | Dumoulin Bicyclettes","og_description":"Feu arri\u00e8re pour dynamo Busch&M\u00fcller Toplight Line : puissant pour vous situer sur la route. Parfaitement adapt\u00e9 pour les d\u00e9placements quotidiens.","og_url":"https:\/\/dumoulin.absoludev.ca\/produit\/lumiere-de-velo-busch-muller-toplight-line-plus-dynamo\/","og_site_name":"Dumoulin Bicyclettes","article_publisher":"https:\/\/www.facebook.com\/dumoulinbicyclettes","article_modified_time":"2025-09-04T18:18:11+00:00","og_image":[{"width":1000,"height":1000,"url":"https:\/\/dumoulin.absoludev.ca\/wp-content\/uploads\/2021\/11\/busch-and-muller-toplight-line-323-toplight-line-plus-dynamoruecklicht-buschmueller-bild1.jpg","type":"image\/jpeg"}],"twitter_card":"summary_large_image","twitter_misc":{"Est. reading time":"1 minute"},"schema":{"@context":"https:\/\/schema.org","@graph":[{"@type":"WebPage","@id":"https:\/\/dumoulin.absoludev.ca\/produit\/lumiere-de-velo-busch-muller-toplight-line-plus-dynamo\/","url":"https:\/\/dumoulin.absoludev.ca\/produit\/lumiere-de-velo-busch-muller-toplight-line-plus-dynamo\/","name":"Busch&M\u00fcller Toplight line | lumi\u00e8res de v\u00e9lo | dynamo | Dumoulin Bicyclettes","isPartOf":{"@id":"https:\/\/dumoulin.absoludev.ca\/#website"},"primaryImageOfPage":{"@id":"https:\/\/dumoulin.absoludev.ca\/produit\/lumiere-de-velo-busch-muller-toplight-line-plus-dynamo\/#primaryimage"},"image":{"@id":"https:\/\/dumoulin.absoludev.ca\/produit\/lumiere-de-velo-busch-muller-toplight-line-plus-dynamo\/#primaryimage"},"thumbnailUrl":"https:\/\/dumoulin.absoludev.ca\/wp-content\/uploads\/2021\/11\/busch-and-muller-toplight-line-323-toplight-line-plus-dynamoruecklicht-buschmueller-bild1.jpg","datePublished":"2022-06-01T22:26:51+00:00","dateModified":"2025-09-04T18:18:11+00:00","description":"Feu arri\u00e8re pour dynamo Busch&M\u00fcller Toplight Line : puissant pour vous situer sur la route. Parfaitement adapt\u00e9 pour les d\u00e9placements quotidiens.","breadcrumb":{"@id":"https:\/\/dumoulin.absoludev.ca\/produit\/lumiere-de-velo-busch-muller-toplight-line-plus-dynamo\/#breadcrumb"},"inLanguage":"en-US","potentialAction":[{"@type":"ReadAction","target":["https:\/\/dumoulin.absoludev.ca\/produit\/lumiere-de-velo-busch-muller-toplight-line-plus-dynamo\/"]}]},{"@type":"ImageObject","inLanguage":"en-US","@id":"https:\/\/dumoulin.absoludev.ca\/produit\/lumiere-de-velo-busch-muller-toplight-line-plus-dynamo\/#primaryimage","url":"https:\/\/dumoulin.absoludev.ca\/wp-content\/uploads\/2021\/11\/busch-and-muller-toplight-line-323-toplight-line-plus-dynamoruecklicht-buschmueller-bild1.jpg","contentUrl":"https:\/\/dumoulin.absoludev.ca\/wp-content\/uploads\/2021\/11\/busch-and-muller-toplight-line-323-toplight-line-plus-dynamoruecklicht-buschmueller-bild1.jpg","width":1000,"height":1000,"caption":"Lumi\u00e8re-Arri\u00e8re-dynamo_Busch_and_M\u00fcller_Toplight_Line_Plus"},{"@type":"BreadcrumbList","@id":"https:\/\/dumoulin.absoludev.ca\/produit\/lumiere-de-velo-busch-muller-toplight-line-plus-dynamo\/#breadcrumb","itemListElement":[{"@type":"ListItem","position":1,"name":"Home","item":"https:\/\/dumoulin.absoludev.ca\/en\/"},{"@type":"ListItem","position":2,"name":"Shop","item":"https:\/\/dumoulin.absoludev.ca\/en\/shop\/"},{"@type":"ListItem","position":3,"name":"Feu arri\u00e8re Busch&#038;M\u00fcller Toplight Line Plus"}]},{"@type":"WebSite","@id":"https:\/\/dumoulin.absoludev.ca\/#website","url":"https:\/\/dumoulin.absoludev.ca\/","name":"Dumoulin Bicyclettes","description":"","publisher":{"@id":"https:\/\/dumoulin.absoludev.ca\/#organization"},"potentialAction":[{"@type":"SearchAction","target":{"@type":"EntryPoint","urlTemplate":"https:\/\/dumoulin.absoludev.ca\/?s={search_term_string}"},"query-input":{"@type":"PropertyValueSpecification","valueRequired":true,"valueName":"search_term_string"}}],"inLanguage":"en-US"},{"@type":"Organization","@id":"https:\/\/dumoulin.absoludev.ca\/#organization","name":"Dumoulin Bicyclettes","url":"https:\/\/dumoulin.absoludev.ca\/","logo":{"@type":"ImageObject","inLanguage":"en-US","@id":"https:\/\/dumoulin.absoludev.ca\/#\/schema\/logo\/image\/","url":"https:\/\/www.dumoulinbicyclettes.com\/wp-content\/uploads\/2021\/04\/Logo.svg","contentUrl":"https:\/\/www.dumoulinbicyclettes.com\/wp-content\/uploads\/2021\/04\/Logo.svg","width":254,"height":86,"caption":"Dumoulin Bicyclettes"},"image":{"@id":"https:\/\/dumoulin.absoludev.ca\/#\/schema\/logo\/image\/"},"sameAs":["https:\/\/www.facebook.com\/dumoulinbicyclettes","https:\/\/www.instagram.com\/dumoulin.ca\/","https:\/\/www.youtube.com\/user\/dumoulinbicyclettes"]}]}},"_links":{"self":[{"href":"https:\/\/dumoulin.absoludev.ca\/en\/wp-json\/wp\/v2\/product\/94980","targetHints":{"allow":["GET"]}}],"collection":[{"href":"https:\/\/dumoulin.absoludev.ca\/en\/wp-json\/wp\/v2\/product"}],"about":[{"href":"https:\/\/dumoulin.absoludev.ca\/en\/wp-json\/wp\/v2\/types\/product"}],"wp:featuredmedia":[{"embeddable":true,"href":"https:\/\/dumoulin.absoludev.ca\/en\/wp-json\/wp\/v2\/media\/23370"}],"wp:attachment":[{"href":"https:\/\/dumoulin.absoludev.ca\/en\/wp-json\/wp\/v2\/media?parent=94980"}],"wp:term":[{"taxonomy":"product_brand","embeddable":true,"href":"https:\/\/dumoulin.absoludev.ca\/en\/wp-json\/wp\/v2\/product_brand?post=94980"},{"taxonomy":"product_cat","embeddable":true,"href":"https:\/\/dumoulin.absoludev.ca\/en\/wp-json\/wp\/v2\/product_cat?post=94980"},{"taxonomy":"product_tag","embeddable":true,"href":"https:\/\/dumoulin.absoludev.ca\/en\/wp-json\/wp\/v2\/product_tag?post=94980"},{"taxonomy":"marque-produit","embeddable":true,"href":"https:\/\/dumoulin.absoludev.ca\/en\/wp-json\/wp\/v2\/marque-produit?post=94980"},{"taxonomy":"collection-produit","embeddable":true,"href":"https:\/\/dumoulin.absoludev.ca\/en\/wp-json\/wp\/v2\/collection-produit?post=94980"},{"taxonomy":"type-surface-produit","embeddable":true,"href":"https:\/\/dumoulin.absoludev.ca\/en\/wp-json\/wp\/v2\/type-surface-produit?post=94980"},{"taxonomy":"type-velo-produit","embeddable":true,"href":"https:\/\/dumoulin.absoludev.ca\/en\/wp-json\/wp\/v2\/type-velo-produit?post=94980"},{"taxonomy":"vetement-produit","embeddable":true,"href":"https:\/\/dumoulin.absoludev.ca\/en\/wp-json\/wp\/v2\/vetement-produit?post=94980"},{"taxonomy":"thematique-produit","embeddable":true,"href":"https:\/\/dumoulin.absoludev.ca\/en\/wp-json\/wp\/v2\/thematique-produit?post=94980"},{"taxonomy":"position-sur-le-v\u00e9lo","embeddable":true,"href":"https:\/\/dumoulin.absoludev.ca\/en\/wp-json\/wp\/v2\/position-sur-le-v\u00e9lo?post=94980"}],"curies":[{"name":"wp","href":"https:\/\/api.w.org\/{rel}","templated":true}]}}