{"id":87701,"date":"2022-05-20T16:11:15","date_gmt":"2022-05-20T20:11:15","guid":{"rendered":"http:\/\/www.dumoulinbicyclettes.com\/?post_type=product&#038;p=87701"},"modified":"2025-09-04T14:19:20","modified_gmt":"2025-09-04T18:19:20","slug":"breezer-radar-cafe","status":"publish","type":"product","link":"https:\/\/dumoulin.absoludev.ca\/en\/produit\/breezer-radar-cafe\/","title":{"rendered":"Radar Caf\u00e9"},"content":{"rendered":"<p>V\u00e9lo en acier performant et confortable, le Breezer Radar Caf\u00e9 est une superbe monture, durablement agr\u00e9able et fonctionnelle.<\/p>\n<p>Simple, robuste, pr\u00e9cis et agile, c&#8217;est un coup de coeur de l&#8217;\u00e9quipe de Dumoulin Bicyclettes !<\/p>\n","protected":false},"excerpt":{"rendered":"<p>V\u00e9lo en acier performant et confortable, le Breezer Radar Caf\u00e9 est une superbe monture, durablement agr\u00e9able et fonctionnelle. Simple, robuste, pr\u00e9cis et agile, c&#8217;est un coup de coeur de l&#8217;\u00e9quipe de Dumoulin Bicyclettes !<\/p>\n","protected":false},"featured_media":87708,"template":"","meta":{"_acf_changed":false},"product_brand":[],"product_cat":[168,171,1217],"product_tag":[2286,2814],"marque-produit":[2191],"collection-produit":[],"type-surface-produit":[],"type-velo-produit":[],"vetement-produit":[],"thematique-produit":[],"position-sur-le-v\u00e9lo":[],"class_list":{"0":"post-87701","1":"product","2":"type-product","3":"status-publish","4":"has-post-thumbnail","6":"product_cat-cyclotourisme","7":"product_cat-hybrides-performance","8":"product_cat-velos-hybrides","9":"product_tag-breezer","10":"product_tag-radar-cafe","11":"marque-produit-breezer","13":"first","14":"instock","15":"sale","16":"taxable","17":"shipping-taxable","18":"purchasable","19":"product-type-variable"},"acf":[],"yoast_head":"<!-- This site is optimized with the Yoast SEO plugin v24.3 - https:\/\/yoast.com\/wordpress\/plugins\/seo\/ -->\n<title>Breezer Radar Caf\u00e9 - v\u00e9lo hybride bon \u00e0 tout faire ! - Dumoulin Bicyclettes<\/title>\n<meta name=\"description\" content=\"Le Breezer Radar caf\u00e9 est un v\u00e9lo hybride robuste, confortable et agr\u00e9able. Capable de tout, il vous transporte vers la joie et les aventures.\" \/>\n<meta name=\"robots\" content=\"noindex, follow, max-snippet:-1, max-image-preview:large, max-video-preview:-1\" \/>\n<meta property=\"og:locale\" content=\"en_US\" \/>\n<meta property=\"og:type\" content=\"article\" \/>\n<meta property=\"og:title\" content=\"Breezer Radar Caf\u00e9 - v\u00e9lo hybride bon \u00e0 tout faire ! - Dumoulin Bicyclettes\" \/>\n<meta property=\"og:description\" content=\"Le Breezer Radar caf\u00e9 est un v\u00e9lo hybride robuste, confortable et agr\u00e9able. Capable de tout, il vous transporte vers la joie et les aventures.\" \/>\n<meta property=\"og:url\" content=\"https:\/\/dumoulin.absoludev.ca\/produit\/breezer-radar-cafe\/\" \/>\n<meta property=\"og:site_name\" content=\"Dumoulin Bicyclettes\" \/>\n<meta property=\"article:publisher\" content=\"https:\/\/www.facebook.com\/dumoulinbicyclettes\" \/>\n<meta property=\"article:modified_time\" content=\"2025-09-04T18:19:20+00:00\" \/>\n<meta property=\"og:image\" content=\"https:\/\/dumoulin.absoludev.ca\/wp-content\/uploads\/2022\/05\/Breezer-radar-Cafe\u0301_2021_BREEZER_RADAR_CAFE_SATIN_COOLGRAY.png\" \/>\n\t<meta property=\"og:image:width\" content=\"700\" \/>\n\t<meta property=\"og:image:height\" content=\"458\" \/>\n\t<meta property=\"og:image:type\" content=\"image\/png\" \/>\n<meta name=\"twitter:card\" content=\"summary_large_image\" \/>\n<meta name=\"twitter:label1\" content=\"Est. reading time\" \/>\n\t<meta name=\"twitter:data1\" content=\"1 minute\" \/>\n<script type=\"application\/ld+json\" class=\"yoast-schema-graph\">{\"@context\":\"https:\/\/schema.org\",\"@graph\":[{\"@type\":\"WebPage\",\"@id\":\"https:\/\/dumoulin.absoludev.ca\/produit\/breezer-radar-cafe\/\",\"url\":\"https:\/\/dumoulin.absoludev.ca\/produit\/breezer-radar-cafe\/\",\"name\":\"Breezer Radar Caf\u00e9 - v\u00e9lo hybride bon \u00e0 tout faire ! - Dumoulin Bicyclettes\",\"isPartOf\":{\"@id\":\"https:\/\/dumoulin.absoludev.ca\/#website\"},\"primaryImageOfPage\":{\"@id\":\"https:\/\/dumoulin.absoludev.ca\/produit\/breezer-radar-cafe\/#primaryimage\"},\"image\":{\"@id\":\"https:\/\/dumoulin.absoludev.ca\/produit\/breezer-radar-cafe\/#primaryimage\"},\"thumbnailUrl\":\"https:\/\/dumoulin.absoludev.ca\/wp-content\/uploads\/2022\/05\/Breezer-radar-Cafe\u0301_2021_BREEZER_RADAR_CAFE_SATIN_COOLGRAY.png\",\"datePublished\":\"2022-05-20T20:11:15+00:00\",\"dateModified\":\"2025-09-04T18:19:20+00:00\",\"description\":\"Le Breezer Radar caf\u00e9 est un v\u00e9lo hybride robuste, confortable et agr\u00e9able. Capable de tout, il vous transporte vers la joie et les aventures.\",\"breadcrumb\":{\"@id\":\"https:\/\/dumoulin.absoludev.ca\/produit\/breezer-radar-cafe\/#breadcrumb\"},\"inLanguage\":\"en-US\",\"potentialAction\":[{\"@type\":\"ReadAction\",\"target\":[\"https:\/\/dumoulin.absoludev.ca\/produit\/breezer-radar-cafe\/\"]}]},{\"@type\":\"ImageObject\",\"inLanguage\":\"en-US\",\"@id\":\"https:\/\/dumoulin.absoludev.ca\/produit\/breezer-radar-cafe\/#primaryimage\",\"url\":\"https:\/\/dumoulin.absoludev.ca\/wp-content\/uploads\/2022\/05\/Breezer-radar-Cafe\u0301_2021_BREEZER_RADAR_CAFE_SATIN_COOLGRAY.png\",\"contentUrl\":\"https:\/\/dumoulin.absoludev.ca\/wp-content\/uploads\/2022\/05\/Breezer-radar-Cafe\u0301_2021_BREEZER_RADAR_CAFE_SATIN_COOLGRAY.png\",\"width\":700,\"height\":458},{\"@type\":\"BreadcrumbList\",\"@id\":\"https:\/\/dumoulin.absoludev.ca\/produit\/breezer-radar-cafe\/#breadcrumb\",\"itemListElement\":[{\"@type\":\"ListItem\",\"position\":1,\"name\":\"Home\",\"item\":\"https:\/\/dumoulin.absoludev.ca\/en\/\"},{\"@type\":\"ListItem\",\"position\":2,\"name\":\"Shop\",\"item\":\"https:\/\/dumoulin.absoludev.ca\/en\/shop\/\"},{\"@type\":\"ListItem\",\"position\":3,\"name\":\"Radar Caf\u00e9\"}]},{\"@type\":\"WebSite\",\"@id\":\"https:\/\/dumoulin.absoludev.ca\/#website\",\"url\":\"https:\/\/dumoulin.absoludev.ca\/\",\"name\":\"Dumoulin Bicyclettes\",\"description\":\"\",\"publisher\":{\"@id\":\"https:\/\/dumoulin.absoludev.ca\/#organization\"},\"potentialAction\":[{\"@type\":\"SearchAction\",\"target\":{\"@type\":\"EntryPoint\",\"urlTemplate\":\"https:\/\/dumoulin.absoludev.ca\/?s={search_term_string}\"},\"query-input\":{\"@type\":\"PropertyValueSpecification\",\"valueRequired\":true,\"valueName\":\"search_term_string\"}}],\"inLanguage\":\"en-US\"},{\"@type\":\"Organization\",\"@id\":\"https:\/\/dumoulin.absoludev.ca\/#organization\",\"name\":\"Dumoulin Bicyclettes\",\"url\":\"https:\/\/dumoulin.absoludev.ca\/\",\"logo\":{\"@type\":\"ImageObject\",\"inLanguage\":\"en-US\",\"@id\":\"https:\/\/dumoulin.absoludev.ca\/#\/schema\/logo\/image\/\",\"url\":\"https:\/\/www.dumoulinbicyclettes.com\/wp-content\/uploads\/2021\/04\/Logo.svg\",\"contentUrl\":\"https:\/\/www.dumoulinbicyclettes.com\/wp-content\/uploads\/2021\/04\/Logo.svg\",\"width\":254,\"height\":86,\"caption\":\"Dumoulin Bicyclettes\"},\"image\":{\"@id\":\"https:\/\/dumoulin.absoludev.ca\/#\/schema\/logo\/image\/\"},\"sameAs\":[\"https:\/\/www.facebook.com\/dumoulinbicyclettes\",\"https:\/\/www.instagram.com\/dumoulin.ca\/\",\"https:\/\/www.youtube.com\/user\/dumoulinbicyclettes\"]}]}<\/script>\n<!-- \/ Yoast SEO plugin. -->","yoast_head_json":{"title":"Breezer Radar Caf\u00e9 - v\u00e9lo hybride bon \u00e0 tout faire ! - Dumoulin Bicyclettes","description":"Le Breezer Radar caf\u00e9 est un v\u00e9lo hybride robuste, confortable et agr\u00e9able. Capable de tout, il vous transporte vers la joie et les aventures.","robots":{"index":"noindex","follow":"follow","max-snippet":"max-snippet:-1","max-image-preview":"max-image-preview:large","max-video-preview":"max-video-preview:-1"},"og_locale":"en_US","og_type":"article","og_title":"Breezer Radar Caf\u00e9 - v\u00e9lo hybride bon \u00e0 tout faire ! - Dumoulin Bicyclettes","og_description":"Le Breezer Radar caf\u00e9 est un v\u00e9lo hybride robuste, confortable et agr\u00e9able. Capable de tout, il vous transporte vers la joie et les aventures.","og_url":"https:\/\/dumoulin.absoludev.ca\/produit\/breezer-radar-cafe\/","og_site_name":"Dumoulin Bicyclettes","article_publisher":"https:\/\/www.facebook.com\/dumoulinbicyclettes","article_modified_time":"2025-09-04T18:19:20+00:00","og_image":[{"width":700,"height":458,"url":"https:\/\/dumoulin.absoludev.ca\/wp-content\/uploads\/2022\/05\/Breezer-radar-Cafe\u0301_2021_BREEZER_RADAR_CAFE_SATIN_COOLGRAY.png","type":"image\/png"}],"twitter_card":"summary_large_image","twitter_misc":{"Est. reading time":"1 minute"},"schema":{"@context":"https:\/\/schema.org","@graph":[{"@type":"WebPage","@id":"https:\/\/dumoulin.absoludev.ca\/produit\/breezer-radar-cafe\/","url":"https:\/\/dumoulin.absoludev.ca\/produit\/breezer-radar-cafe\/","name":"Breezer Radar Caf\u00e9 - v\u00e9lo hybride bon \u00e0 tout faire ! - Dumoulin Bicyclettes","isPartOf":{"@id":"https:\/\/dumoulin.absoludev.ca\/#website"},"primaryImageOfPage":{"@id":"https:\/\/dumoulin.absoludev.ca\/produit\/breezer-radar-cafe\/#primaryimage"},"image":{"@id":"https:\/\/dumoulin.absoludev.ca\/produit\/breezer-radar-cafe\/#primaryimage"},"thumbnailUrl":"https:\/\/dumoulin.absoludev.ca\/wp-content\/uploads\/2022\/05\/Breezer-radar-Cafe\u0301_2021_BREEZER_RADAR_CAFE_SATIN_COOLGRAY.png","datePublished":"2022-05-20T20:11:15+00:00","dateModified":"2025-09-04T18:19:20+00:00","description":"Le Breezer Radar caf\u00e9 est un v\u00e9lo hybride robuste, confortable et agr\u00e9able. Capable de tout, il vous transporte vers la joie et les aventures.","breadcrumb":{"@id":"https:\/\/dumoulin.absoludev.ca\/produit\/breezer-radar-cafe\/#breadcrumb"},"inLanguage":"en-US","potentialAction":[{"@type":"ReadAction","target":["https:\/\/dumoulin.absoludev.ca\/produit\/breezer-radar-cafe\/"]}]},{"@type":"ImageObject","inLanguage":"en-US","@id":"https:\/\/dumoulin.absoludev.ca\/produit\/breezer-radar-cafe\/#primaryimage","url":"https:\/\/dumoulin.absoludev.ca\/wp-content\/uploads\/2022\/05\/Breezer-radar-Cafe\u0301_2021_BREEZER_RADAR_CAFE_SATIN_COOLGRAY.png","contentUrl":"https:\/\/dumoulin.absoludev.ca\/wp-content\/uploads\/2022\/05\/Breezer-radar-Cafe\u0301_2021_BREEZER_RADAR_CAFE_SATIN_COOLGRAY.png","width":700,"height":458},{"@type":"BreadcrumbList","@id":"https:\/\/dumoulin.absoludev.ca\/produit\/breezer-radar-cafe\/#breadcrumb","itemListElement":[{"@type":"ListItem","position":1,"name":"Home","item":"https:\/\/dumoulin.absoludev.ca\/en\/"},{"@type":"ListItem","position":2,"name":"Shop","item":"https:\/\/dumoulin.absoludev.ca\/en\/shop\/"},{"@type":"ListItem","position":3,"name":"Radar Caf\u00e9"}]},{"@type":"WebSite","@id":"https:\/\/dumoulin.absoludev.ca\/#website","url":"https:\/\/dumoulin.absoludev.ca\/","name":"Dumoulin Bicyclettes","description":"","publisher":{"@id":"https:\/\/dumoulin.absoludev.ca\/#organization"},"potentialAction":[{"@type":"SearchAction","target":{"@type":"EntryPoint","urlTemplate":"https:\/\/dumoulin.absoludev.ca\/?s={search_term_string}"},"query-input":{"@type":"PropertyValueSpecification","valueRequired":true,"valueName":"search_term_string"}}],"inLanguage":"en-US"},{"@type":"Organization","@id":"https:\/\/dumoulin.absoludev.ca\/#organization","name":"Dumoulin Bicyclettes","url":"https:\/\/dumoulin.absoludev.ca\/","logo":{"@type":"ImageObject","inLanguage":"en-US","@id":"https:\/\/dumoulin.absoludev.ca\/#\/schema\/logo\/image\/","url":"https:\/\/www.dumoulinbicyclettes.com\/wp-content\/uploads\/2021\/04\/Logo.svg","contentUrl":"https:\/\/www.dumoulinbicyclettes.com\/wp-content\/uploads\/2021\/04\/Logo.svg","width":254,"height":86,"caption":"Dumoulin Bicyclettes"},"image":{"@id":"https:\/\/dumoulin.absoludev.ca\/#\/schema\/logo\/image\/"},"sameAs":["https:\/\/www.facebook.com\/dumoulinbicyclettes","https:\/\/www.instagram.com\/dumoulin.ca\/","https:\/\/www.youtube.com\/user\/dumoulinbicyclettes"]}]}},"_links":{"self":[{"href":"https:\/\/dumoulin.absoludev.ca\/en\/wp-json\/wp\/v2\/product\/87701","targetHints":{"allow":["GET"]}}],"collection":[{"href":"https:\/\/dumoulin.absoludev.ca\/en\/wp-json\/wp\/v2\/product"}],"about":[{"href":"https:\/\/dumoulin.absoludev.ca\/en\/wp-json\/wp\/v2\/types\/product"}],"wp:featuredmedia":[{"embeddable":true,"href":"https:\/\/dumoulin.absoludev.ca\/en\/wp-json\/wp\/v2\/media\/87708"}],"wp:attachment":[{"href":"https:\/\/dumoulin.absoludev.ca\/en\/wp-json\/wp\/v2\/media?parent=87701"}],"wp:term":[{"taxonomy":"product_brand","embeddable":true,"href":"https:\/\/dumoulin.absoludev.ca\/en\/wp-json\/wp\/v2\/product_brand?post=87701"},{"taxonomy":"product_cat","embeddable":true,"href":"https:\/\/dumoulin.absoludev.ca\/en\/wp-json\/wp\/v2\/product_cat?post=87701"},{"taxonomy":"product_tag","embeddable":true,"href":"https:\/\/dumoulin.absoludev.ca\/en\/wp-json\/wp\/v2\/product_tag?post=87701"},{"taxonomy":"marque-produit","embeddable":true,"href":"https:\/\/dumoulin.absoludev.ca\/en\/wp-json\/wp\/v2\/marque-produit?post=87701"},{"taxonomy":"collection-produit","embeddable":true,"href":"https:\/\/dumoulin.absoludev.ca\/en\/wp-json\/wp\/v2\/collection-produit?post=87701"},{"taxonomy":"type-surface-produit","embeddable":true,"href":"https:\/\/dumoulin.absoludev.ca\/en\/wp-json\/wp\/v2\/type-surface-produit?post=87701"},{"taxonomy":"type-velo-produit","embeddable":true,"href":"https:\/\/dumoulin.absoludev.ca\/en\/wp-json\/wp\/v2\/type-velo-produit?post=87701"},{"taxonomy":"vetement-produit","embeddable":true,"href":"https:\/\/dumoulin.absoludev.ca\/en\/wp-json\/wp\/v2\/vetement-produit?post=87701"},{"taxonomy":"thematique-produit","embeddable":true,"href":"https:\/\/dumoulin.absoludev.ca\/en\/wp-json\/wp\/v2\/thematique-produit?post=87701"},{"taxonomy":"position-sur-le-v\u00e9lo","embeddable":true,"href":"https:\/\/dumoulin.absoludev.ca\/en\/wp-json\/wp\/v2\/position-sur-le-v\u00e9lo?post=87701"}],"curies":[{"name":"wp","href":"https:\/\/api.w.org\/{rel}","templated":true}]}}