{"id":75667,"date":"2022-05-16T14:22:30","date_gmt":"2022-05-16T18:22:30","guid":{"rendered":"http:\/\/www.dumoulinbicyclettes.com\/?post_type=product&#038;p=75667"},"modified":"2025-09-04T14:15:44","modified_gmt":"2025-09-04T18:15:44","slug":"tern-sacoches-mini-storm-box-hsd-gsd","status":"publish","type":"product","link":"https:\/\/dumoulin.absoludev.ca\/en\/produit\/tern-sacoches-mini-storm-box-hsd-gsd\/","title":{"rendered":"Sacoches Tern \u00ab Storm Box mini \u00bb"},"content":{"rendered":"<p>Le Storm Box Mini transforme l&#8217;arri\u00e8re de votre v\u00e9lo en un coffre spacieux et prot\u00e9g\u00e9 des intemp\u00e9ries pour un passager. Il comprend deux couvercles r\u00e9sistants aux intemp\u00e9ries : le Cargo Lid Mini verrouillable pour prot\u00e9ger vos affaires de la pluie et des regards indiscrets, et le Kid Lid Mini pour garder les petits au chaud, m\u00eame les jours de mauvais temps.<\/p>\n","protected":false},"excerpt":{"rendered":"<p>Le Storm Box Mini transforme l&#8217;arri\u00e8re de votre v\u00e9lo en un coffre spacieux et prot\u00e9g\u00e9 des intemp\u00e9ries pour un passager. Il comprend deux couvercles r\u00e9sistants aux intemp\u00e9ries : le Cargo Lid Mini verrouillable pour prot\u00e9ger vos affaires de la pluie et des regards indiscrets, et le Kid Lid Mini pour garder les petits au chaud, [&hellip;]<\/p>\n","protected":false},"featured_media":492394,"template":"","meta":{"_acf_changed":false},"product_brand":[],"product_cat":[183,2509],"product_tag":[2215,3104,2203],"marque-produit":[154],"collection-produit":[2841,2843,2842],"type-surface-produit":[],"type-velo-produit":[],"vetement-produit":[],"thematique-produit":[],"position-sur-le-v\u00e9lo":[],"class_list":{"0":"post-75667","1":"product","2":"type-product","3":"status-publish","4":"has-post-thumbnail","6":"product_cat-accessoires-pour-velo-cargo","7":"product_cat-tern","8":"product_tag-sacoches","9":"product_tag-storm-box-mini","10":"product_tag-tern","11":"marque-produit-tern","12":"collection-produit-tern","13":"collection-produit-tern-gsd","14":"collection-produit-tern-hsd","16":"first","17":"instock","18":"taxable","19":"shipping-taxable","20":"purchasable","21":"product-type-simple"},"acf":[],"yoast_head":"<!-- This site is optimized with the Yoast SEO plugin v24.3 - https:\/\/yoast.com\/wordpress\/plugins\/seo\/ -->\n<title>Sacoches Tern \u00ab Storm Box mini \u00bb - Dumoulin Bicyclettes<\/title>\n<meta name=\"description\" content=\"Le Storm Box Mini transforme l&#039;arri\u00e8re de votre v\u00e9lo en un coffre spacieux et prot\u00e9g\u00e9 des intemp\u00e9ries pour un passager. Un incontournable.\" \/>\n<meta name=\"robots\" content=\"noindex, follow, max-snippet:-1, max-image-preview:large, max-video-preview:-1\" \/>\n<meta property=\"og:locale\" content=\"en_US\" \/>\n<meta property=\"og:type\" content=\"article\" \/>\n<meta property=\"og:title\" content=\"Sacoches Tern \u00ab Storm Box mini \u00bb - Dumoulin Bicyclettes\" \/>\n<meta property=\"og:description\" content=\"Le Storm Box Mini transforme l&#039;arri\u00e8re de votre v\u00e9lo en un coffre spacieux et prot\u00e9g\u00e9 des intemp\u00e9ries pour un passager. Un incontournable.\" \/>\n<meta property=\"og:url\" content=\"https:\/\/dumoulin.absoludev.ca\/produit\/tern-sacoches-mini-storm-box-hsd-gsd\/\" \/>\n<meta property=\"og:site_name\" content=\"Dumoulin Bicyclettes\" \/>\n<meta property=\"article:publisher\" content=\"https:\/\/www.facebook.com\/dumoulinbicyclettes\" \/>\n<meta property=\"article:modified_time\" content=\"2025-09-04T18:15:44+00:00\" \/>\n<meta property=\"og:image\" content=\"https:\/\/dumoulin.absoludev.ca\/wp-content\/uploads\/2022\/05\/tern-storm-box-mini-dumoulin-bicyclettes-montreal-4-scaled.jpg\" \/>\n\t<meta property=\"og:image:width\" content=\"2560\" \/>\n\t<meta property=\"og:image:height\" content=\"1707\" \/>\n\t<meta property=\"og:image:type\" content=\"image\/jpeg\" \/>\n<meta name=\"twitter:card\" content=\"summary_large_image\" \/>\n<meta name=\"twitter:label1\" content=\"Est. reading time\" \/>\n\t<meta name=\"twitter:data1\" content=\"1 minute\" \/>\n<script type=\"application\/ld+json\" class=\"yoast-schema-graph\">{\"@context\":\"https:\/\/schema.org\",\"@graph\":[{\"@type\":\"WebPage\",\"@id\":\"https:\/\/dumoulin.absoludev.ca\/produit\/tern-sacoches-mini-storm-box-hsd-gsd\/\",\"url\":\"https:\/\/dumoulin.absoludev.ca\/produit\/tern-sacoches-mini-storm-box-hsd-gsd\/\",\"name\":\"Sacoches Tern \u00ab Storm Box mini \u00bb - Dumoulin Bicyclettes\",\"isPartOf\":{\"@id\":\"https:\/\/dumoulin.absoludev.ca\/#website\"},\"primaryImageOfPage\":{\"@id\":\"https:\/\/dumoulin.absoludev.ca\/produit\/tern-sacoches-mini-storm-box-hsd-gsd\/#primaryimage\"},\"image\":{\"@id\":\"https:\/\/dumoulin.absoludev.ca\/produit\/tern-sacoches-mini-storm-box-hsd-gsd\/#primaryimage\"},\"thumbnailUrl\":\"https:\/\/dumoulin.absoludev.ca\/wp-content\/uploads\/2022\/05\/tern-storm-box-mini-dumoulin-bicyclettes-montreal-4-scaled.jpg\",\"datePublished\":\"2022-05-16T18:22:30+00:00\",\"dateModified\":\"2025-09-04T18:15:44+00:00\",\"description\":\"Le Storm Box Mini transforme l'arri\u00e8re de votre v\u00e9lo en un coffre spacieux et prot\u00e9g\u00e9 des intemp\u00e9ries pour un passager. Un incontournable.\",\"breadcrumb\":{\"@id\":\"https:\/\/dumoulin.absoludev.ca\/produit\/tern-sacoches-mini-storm-box-hsd-gsd\/#breadcrumb\"},\"inLanguage\":\"en-US\",\"potentialAction\":[{\"@type\":\"ReadAction\",\"target\":[\"https:\/\/dumoulin.absoludev.ca\/produit\/tern-sacoches-mini-storm-box-hsd-gsd\/\"]}]},{\"@type\":\"ImageObject\",\"inLanguage\":\"en-US\",\"@id\":\"https:\/\/dumoulin.absoludev.ca\/produit\/tern-sacoches-mini-storm-box-hsd-gsd\/#primaryimage\",\"url\":\"https:\/\/dumoulin.absoludev.ca\/wp-content\/uploads\/2022\/05\/tern-storm-box-mini-dumoulin-bicyclettes-montreal-4-scaled.jpg\",\"contentUrl\":\"https:\/\/dumoulin.absoludev.ca\/wp-content\/uploads\/2022\/05\/tern-storm-box-mini-dumoulin-bicyclettes-montreal-4-scaled.jpg\",\"width\":2560,\"height\":1707},{\"@type\":\"BreadcrumbList\",\"@id\":\"https:\/\/dumoulin.absoludev.ca\/produit\/tern-sacoches-mini-storm-box-hsd-gsd\/#breadcrumb\",\"itemListElement\":[{\"@type\":\"ListItem\",\"position\":1,\"name\":\"Home\",\"item\":\"https:\/\/dumoulin.absoludev.ca\/en\/\"},{\"@type\":\"ListItem\",\"position\":2,\"name\":\"Shop\",\"item\":\"https:\/\/dumoulin.absoludev.ca\/en\/shop\/\"},{\"@type\":\"ListItem\",\"position\":3,\"name\":\"Sacoches Tern \u00ab Storm Box mini \u00bb\"}]},{\"@type\":\"WebSite\",\"@id\":\"https:\/\/dumoulin.absoludev.ca\/#website\",\"url\":\"https:\/\/dumoulin.absoludev.ca\/\",\"name\":\"Dumoulin Bicyclettes\",\"description\":\"\",\"publisher\":{\"@id\":\"https:\/\/dumoulin.absoludev.ca\/#organization\"},\"potentialAction\":[{\"@type\":\"SearchAction\",\"target\":{\"@type\":\"EntryPoint\",\"urlTemplate\":\"https:\/\/dumoulin.absoludev.ca\/?s={search_term_string}\"},\"query-input\":{\"@type\":\"PropertyValueSpecification\",\"valueRequired\":true,\"valueName\":\"search_term_string\"}}],\"inLanguage\":\"en-US\"},{\"@type\":\"Organization\",\"@id\":\"https:\/\/dumoulin.absoludev.ca\/#organization\",\"name\":\"Dumoulin Bicyclettes\",\"url\":\"https:\/\/dumoulin.absoludev.ca\/\",\"logo\":{\"@type\":\"ImageObject\",\"inLanguage\":\"en-US\",\"@id\":\"https:\/\/dumoulin.absoludev.ca\/#\/schema\/logo\/image\/\",\"url\":\"https:\/\/www.dumoulinbicyclettes.com\/wp-content\/uploads\/2021\/04\/Logo.svg\",\"contentUrl\":\"https:\/\/www.dumoulinbicyclettes.com\/wp-content\/uploads\/2021\/04\/Logo.svg\",\"width\":254,\"height\":86,\"caption\":\"Dumoulin Bicyclettes\"},\"image\":{\"@id\":\"https:\/\/dumoulin.absoludev.ca\/#\/schema\/logo\/image\/\"},\"sameAs\":[\"https:\/\/www.facebook.com\/dumoulinbicyclettes\",\"https:\/\/www.instagram.com\/dumoulin.ca\/\",\"https:\/\/www.youtube.com\/user\/dumoulinbicyclettes\"]}]}<\/script>\n<!-- \/ Yoast SEO plugin. -->","yoast_head_json":{"title":"Sacoches Tern \u00ab Storm Box mini \u00bb - Dumoulin Bicyclettes","description":"Le Storm Box Mini transforme l'arri\u00e8re de votre v\u00e9lo en un coffre spacieux et prot\u00e9g\u00e9 des intemp\u00e9ries pour un passager. Un incontournable.","robots":{"index":"noindex","follow":"follow","max-snippet":"max-snippet:-1","max-image-preview":"max-image-preview:large","max-video-preview":"max-video-preview:-1"},"og_locale":"en_US","og_type":"article","og_title":"Sacoches Tern \u00ab Storm Box mini \u00bb - Dumoulin Bicyclettes","og_description":"Le Storm Box Mini transforme l'arri\u00e8re de votre v\u00e9lo en un coffre spacieux et prot\u00e9g\u00e9 des intemp\u00e9ries pour un passager. Un incontournable.","og_url":"https:\/\/dumoulin.absoludev.ca\/produit\/tern-sacoches-mini-storm-box-hsd-gsd\/","og_site_name":"Dumoulin Bicyclettes","article_publisher":"https:\/\/www.facebook.com\/dumoulinbicyclettes","article_modified_time":"2025-09-04T18:15:44+00:00","og_image":[{"width":2560,"height":1707,"url":"https:\/\/dumoulin.absoludev.ca\/wp-content\/uploads\/2022\/05\/tern-storm-box-mini-dumoulin-bicyclettes-montreal-4-scaled.jpg","type":"image\/jpeg"}],"twitter_card":"summary_large_image","twitter_misc":{"Est. reading time":"1 minute"},"schema":{"@context":"https:\/\/schema.org","@graph":[{"@type":"WebPage","@id":"https:\/\/dumoulin.absoludev.ca\/produit\/tern-sacoches-mini-storm-box-hsd-gsd\/","url":"https:\/\/dumoulin.absoludev.ca\/produit\/tern-sacoches-mini-storm-box-hsd-gsd\/","name":"Sacoches Tern \u00ab Storm Box mini \u00bb - Dumoulin Bicyclettes","isPartOf":{"@id":"https:\/\/dumoulin.absoludev.ca\/#website"},"primaryImageOfPage":{"@id":"https:\/\/dumoulin.absoludev.ca\/produit\/tern-sacoches-mini-storm-box-hsd-gsd\/#primaryimage"},"image":{"@id":"https:\/\/dumoulin.absoludev.ca\/produit\/tern-sacoches-mini-storm-box-hsd-gsd\/#primaryimage"},"thumbnailUrl":"https:\/\/dumoulin.absoludev.ca\/wp-content\/uploads\/2022\/05\/tern-storm-box-mini-dumoulin-bicyclettes-montreal-4-scaled.jpg","datePublished":"2022-05-16T18:22:30+00:00","dateModified":"2025-09-04T18:15:44+00:00","description":"Le Storm Box Mini transforme l'arri\u00e8re de votre v\u00e9lo en un coffre spacieux et prot\u00e9g\u00e9 des intemp\u00e9ries pour un passager. Un incontournable.","breadcrumb":{"@id":"https:\/\/dumoulin.absoludev.ca\/produit\/tern-sacoches-mini-storm-box-hsd-gsd\/#breadcrumb"},"inLanguage":"en-US","potentialAction":[{"@type":"ReadAction","target":["https:\/\/dumoulin.absoludev.ca\/produit\/tern-sacoches-mini-storm-box-hsd-gsd\/"]}]},{"@type":"ImageObject","inLanguage":"en-US","@id":"https:\/\/dumoulin.absoludev.ca\/produit\/tern-sacoches-mini-storm-box-hsd-gsd\/#primaryimage","url":"https:\/\/dumoulin.absoludev.ca\/wp-content\/uploads\/2022\/05\/tern-storm-box-mini-dumoulin-bicyclettes-montreal-4-scaled.jpg","contentUrl":"https:\/\/dumoulin.absoludev.ca\/wp-content\/uploads\/2022\/05\/tern-storm-box-mini-dumoulin-bicyclettes-montreal-4-scaled.jpg","width":2560,"height":1707},{"@type":"BreadcrumbList","@id":"https:\/\/dumoulin.absoludev.ca\/produit\/tern-sacoches-mini-storm-box-hsd-gsd\/#breadcrumb","itemListElement":[{"@type":"ListItem","position":1,"name":"Home","item":"https:\/\/dumoulin.absoludev.ca\/en\/"},{"@type":"ListItem","position":2,"name":"Shop","item":"https:\/\/dumoulin.absoludev.ca\/en\/shop\/"},{"@type":"ListItem","position":3,"name":"Sacoches Tern \u00ab Storm Box mini \u00bb"}]},{"@type":"WebSite","@id":"https:\/\/dumoulin.absoludev.ca\/#website","url":"https:\/\/dumoulin.absoludev.ca\/","name":"Dumoulin Bicyclettes","description":"","publisher":{"@id":"https:\/\/dumoulin.absoludev.ca\/#organization"},"potentialAction":[{"@type":"SearchAction","target":{"@type":"EntryPoint","urlTemplate":"https:\/\/dumoulin.absoludev.ca\/?s={search_term_string}"},"query-input":{"@type":"PropertyValueSpecification","valueRequired":true,"valueName":"search_term_string"}}],"inLanguage":"en-US"},{"@type":"Organization","@id":"https:\/\/dumoulin.absoludev.ca\/#organization","name":"Dumoulin Bicyclettes","url":"https:\/\/dumoulin.absoludev.ca\/","logo":{"@type":"ImageObject","inLanguage":"en-US","@id":"https:\/\/dumoulin.absoludev.ca\/#\/schema\/logo\/image\/","url":"https:\/\/www.dumoulinbicyclettes.com\/wp-content\/uploads\/2021\/04\/Logo.svg","contentUrl":"https:\/\/www.dumoulinbicyclettes.com\/wp-content\/uploads\/2021\/04\/Logo.svg","width":254,"height":86,"caption":"Dumoulin Bicyclettes"},"image":{"@id":"https:\/\/dumoulin.absoludev.ca\/#\/schema\/logo\/image\/"},"sameAs":["https:\/\/www.facebook.com\/dumoulinbicyclettes","https:\/\/www.instagram.com\/dumoulin.ca\/","https:\/\/www.youtube.com\/user\/dumoulinbicyclettes"]}]}},"_links":{"self":[{"href":"https:\/\/dumoulin.absoludev.ca\/en\/wp-json\/wp\/v2\/product\/75667","targetHints":{"allow":["GET"]}}],"collection":[{"href":"https:\/\/dumoulin.absoludev.ca\/en\/wp-json\/wp\/v2\/product"}],"about":[{"href":"https:\/\/dumoulin.absoludev.ca\/en\/wp-json\/wp\/v2\/types\/product"}],"wp:featuredmedia":[{"embeddable":true,"href":"https:\/\/dumoulin.absoludev.ca\/en\/wp-json\/wp\/v2\/media\/492394"}],"wp:attachment":[{"href":"https:\/\/dumoulin.absoludev.ca\/en\/wp-json\/wp\/v2\/media?parent=75667"}],"wp:term":[{"taxonomy":"product_brand","embeddable":true,"href":"https:\/\/dumoulin.absoludev.ca\/en\/wp-json\/wp\/v2\/product_brand?post=75667"},{"taxonomy":"product_cat","embeddable":true,"href":"https:\/\/dumoulin.absoludev.ca\/en\/wp-json\/wp\/v2\/product_cat?post=75667"},{"taxonomy":"product_tag","embeddable":true,"href":"https:\/\/dumoulin.absoludev.ca\/en\/wp-json\/wp\/v2\/product_tag?post=75667"},{"taxonomy":"marque-produit","embeddable":true,"href":"https:\/\/dumoulin.absoludev.ca\/en\/wp-json\/wp\/v2\/marque-produit?post=75667"},{"taxonomy":"collection-produit","embeddable":true,"href":"https:\/\/dumoulin.absoludev.ca\/en\/wp-json\/wp\/v2\/collection-produit?post=75667"},{"taxonomy":"type-surface-produit","embeddable":true,"href":"https:\/\/dumoulin.absoludev.ca\/en\/wp-json\/wp\/v2\/type-surface-produit?post=75667"},{"taxonomy":"type-velo-produit","embeddable":true,"href":"https:\/\/dumoulin.absoludev.ca\/en\/wp-json\/wp\/v2\/type-velo-produit?post=75667"},{"taxonomy":"vetement-produit","embeddable":true,"href":"https:\/\/dumoulin.absoludev.ca\/en\/wp-json\/wp\/v2\/vetement-produit?post=75667"},{"taxonomy":"thematique-produit","embeddable":true,"href":"https:\/\/dumoulin.absoludev.ca\/en\/wp-json\/wp\/v2\/thematique-produit?post=75667"},{"taxonomy":"position-sur-le-v\u00e9lo","embeddable":true,"href":"https:\/\/dumoulin.absoludev.ca\/en\/wp-json\/wp\/v2\/position-sur-le-v\u00e9lo?post=75667"}],"curies":[{"name":"wp","href":"https:\/\/api.w.org\/{rel}","templated":true}]}}