{"id":75642,"date":"2022-05-16T14:22:03","date_gmt":"2022-05-16T18:22:03","guid":{"rendered":"http:\/\/www.dumoulinbicyclettes.com\/?post_type=product&#038;p=75642"},"modified":"2025-09-04T14:15:40","modified_gmt":"2025-09-04T18:15:40","slug":"brompton-cnc-style-chpt3-aluminium-hinge-clamprear-frame-clip-set","status":"publish","type":"product","link":"https:\/\/dumoulin.absoludev.ca\/en\/produit\/brompton-cnc-style-chpt3-aluminium-hinge-clamprear-frame-clip-set\/","title":{"rendered":"Ensemble de pentures Brompton (aluminium)"},"content":{"rendered":"<p>Donnez une autre allure \u00e0 votre Brompton gr\u00e2ce \u00e0 cet ensemble de vis, plaques et leviers machin\u00e9s Brompton. En aluminium, noire, c&#8217;est cet ensemble qui habille les d\u00e9licieux \u00abChpt3\u00bb.<\/p>\n","protected":false},"excerpt":{"rendered":"<p>Donnez une autre allure \u00e0 votre Brompton gr\u00e2ce \u00e0 cet ensemble de vis, plaques et leviers machin\u00e9s Brompton. En aluminium, noire, c&#8217;est cet ensemble qui habille les d\u00e9licieux \u00abChpt3\u00bb.<\/p>\n","protected":false},"featured_media":75643,"template":"","meta":{"_acf_changed":false},"product_brand":[],"product_cat":[2422],"product_tag":[2242],"marque-produit":[153],"collection-produit":[2885],"type-surface-produit":[],"type-velo-produit":[],"vetement-produit":[],"thematique-produit":[],"position-sur-le-v\u00e9lo":[],"class_list":{"0":"post-75642","1":"product","2":"type-product","3":"status-publish","4":"has-post-thumbnail","6":"product_cat-pieces-composantes-de-velos-pliables","7":"product_tag-brompton","8":"marque-produit-brompton","9":"collection-produit-pieces-et-composantes","11":"first","12":"instock","13":"taxable","14":"shipping-taxable","15":"purchasable","16":"product-type-simple"},"acf":[],"yoast_head":"<!-- This site is optimized with the Yoast SEO plugin v24.3 - https:\/\/yoast.com\/wordpress\/plugins\/seo\/ -->\n<title>Ensemble de pentures Brompton (aluminium) - Dumoulin Bicyclettes<\/title>\n<meta name=\"description\" content=\"Cet ensemble de pi\u00e8ces Brompton conf\u00e8re un style plus moderne \u00e0 votre Brompton. Tout en augmentant la fonctionnalit\u00e9... Sexy !\" \/>\n<meta name=\"robots\" content=\"noindex, follow, max-snippet:-1, max-image-preview:large, max-video-preview:-1\" \/>\n<meta property=\"og:locale\" content=\"en_US\" \/>\n<meta property=\"og:type\" content=\"article\" \/>\n<meta property=\"og:title\" content=\"Ensemble de pentures Brompton (aluminium) - Dumoulin Bicyclettes\" \/>\n<meta property=\"og:description\" content=\"Cet ensemble de pi\u00e8ces Brompton conf\u00e8re un style plus moderne \u00e0 votre Brompton. Tout en augmentant la fonctionnalit\u00e9... Sexy !\" \/>\n<meta property=\"og:url\" content=\"https:\/\/dumoulin.absoludev.ca\/produit\/brompton-cnc-style-chpt3-aluminium-hinge-clamprear-frame-clip-set\/\" \/>\n<meta property=\"og:site_name\" content=\"Dumoulin Bicyclettes\" \/>\n<meta property=\"article:publisher\" content=\"https:\/\/www.facebook.com\/dumoulinbicyclettes\" \/>\n<meta property=\"article:modified_time\" content=\"2025-09-04T18:15:40+00:00\" \/>\n<meta property=\"og:image\" content=\"https:\/\/dumoulin.absoludev.ca\/wp-content\/uploads\/2022\/05\/Brompton_Q102886-scaled.jpg\" \/>\n\t<meta property=\"og:image:width\" content=\"2560\" \/>\n\t<meta property=\"og:image:height\" content=\"1707\" \/>\n\t<meta property=\"og:image:type\" content=\"image\/jpeg\" \/>\n<meta name=\"twitter:card\" content=\"summary_large_image\" \/>\n<meta name=\"twitter:label1\" content=\"Est. reading time\" \/>\n\t<meta name=\"twitter:data1\" content=\"1 minute\" \/>\n<script type=\"application\/ld+json\" class=\"yoast-schema-graph\">{\"@context\":\"https:\/\/schema.org\",\"@graph\":[{\"@type\":\"WebPage\",\"@id\":\"https:\/\/dumoulin.absoludev.ca\/produit\/brompton-cnc-style-chpt3-aluminium-hinge-clamprear-frame-clip-set\/\",\"url\":\"https:\/\/dumoulin.absoludev.ca\/produit\/brompton-cnc-style-chpt3-aluminium-hinge-clamprear-frame-clip-set\/\",\"name\":\"Ensemble de pentures Brompton (aluminium) - Dumoulin Bicyclettes\",\"isPartOf\":{\"@id\":\"https:\/\/dumoulin.absoludev.ca\/#website\"},\"primaryImageOfPage\":{\"@id\":\"https:\/\/dumoulin.absoludev.ca\/produit\/brompton-cnc-style-chpt3-aluminium-hinge-clamprear-frame-clip-set\/#primaryimage\"},\"image\":{\"@id\":\"https:\/\/dumoulin.absoludev.ca\/produit\/brompton-cnc-style-chpt3-aluminium-hinge-clamprear-frame-clip-set\/#primaryimage\"},\"thumbnailUrl\":\"https:\/\/dumoulin.absoludev.ca\/wp-content\/uploads\/2022\/05\/Brompton_Q102886-scaled.jpg\",\"datePublished\":\"2022-05-16T18:22:03+00:00\",\"dateModified\":\"2025-09-04T18:15:40+00:00\",\"description\":\"Cet ensemble de pi\u00e8ces Brompton conf\u00e8re un style plus moderne \u00e0 votre Brompton. Tout en augmentant la fonctionnalit\u00e9... Sexy !\",\"breadcrumb\":{\"@id\":\"https:\/\/dumoulin.absoludev.ca\/produit\/brompton-cnc-style-chpt3-aluminium-hinge-clamprear-frame-clip-set\/#breadcrumb\"},\"inLanguage\":\"en-US\",\"potentialAction\":[{\"@type\":\"ReadAction\",\"target\":[\"https:\/\/dumoulin.absoludev.ca\/produit\/brompton-cnc-style-chpt3-aluminium-hinge-clamprear-frame-clip-set\/\"]}]},{\"@type\":\"ImageObject\",\"inLanguage\":\"en-US\",\"@id\":\"https:\/\/dumoulin.absoludev.ca\/produit\/brompton-cnc-style-chpt3-aluminium-hinge-clamprear-frame-clip-set\/#primaryimage\",\"url\":\"https:\/\/dumoulin.absoludev.ca\/wp-content\/uploads\/2022\/05\/Brompton_Q102886-scaled.jpg\",\"contentUrl\":\"https:\/\/dumoulin.absoludev.ca\/wp-content\/uploads\/2022\/05\/Brompton_Q102886-scaled.jpg\",\"width\":2560,\"height\":1707},{\"@type\":\"BreadcrumbList\",\"@id\":\"https:\/\/dumoulin.absoludev.ca\/produit\/brompton-cnc-style-chpt3-aluminium-hinge-clamprear-frame-clip-set\/#breadcrumb\",\"itemListElement\":[{\"@type\":\"ListItem\",\"position\":1,\"name\":\"Home\",\"item\":\"https:\/\/dumoulin.absoludev.ca\/en\/\"},{\"@type\":\"ListItem\",\"position\":2,\"name\":\"Shop\",\"item\":\"https:\/\/dumoulin.absoludev.ca\/en\/shop\/\"},{\"@type\":\"ListItem\",\"position\":3,\"name\":\"Ensemble de pentures Brompton (aluminium)\"}]},{\"@type\":\"WebSite\",\"@id\":\"https:\/\/dumoulin.absoludev.ca\/#website\",\"url\":\"https:\/\/dumoulin.absoludev.ca\/\",\"name\":\"Dumoulin Bicyclettes\",\"description\":\"\",\"publisher\":{\"@id\":\"https:\/\/dumoulin.absoludev.ca\/#organization\"},\"potentialAction\":[{\"@type\":\"SearchAction\",\"target\":{\"@type\":\"EntryPoint\",\"urlTemplate\":\"https:\/\/dumoulin.absoludev.ca\/?s={search_term_string}\"},\"query-input\":{\"@type\":\"PropertyValueSpecification\",\"valueRequired\":true,\"valueName\":\"search_term_string\"}}],\"inLanguage\":\"en-US\"},{\"@type\":\"Organization\",\"@id\":\"https:\/\/dumoulin.absoludev.ca\/#organization\",\"name\":\"Dumoulin Bicyclettes\",\"url\":\"https:\/\/dumoulin.absoludev.ca\/\",\"logo\":{\"@type\":\"ImageObject\",\"inLanguage\":\"en-US\",\"@id\":\"https:\/\/dumoulin.absoludev.ca\/#\/schema\/logo\/image\/\",\"url\":\"https:\/\/www.dumoulinbicyclettes.com\/wp-content\/uploads\/2021\/04\/Logo.svg\",\"contentUrl\":\"https:\/\/www.dumoulinbicyclettes.com\/wp-content\/uploads\/2021\/04\/Logo.svg\",\"width\":254,\"height\":86,\"caption\":\"Dumoulin Bicyclettes\"},\"image\":{\"@id\":\"https:\/\/dumoulin.absoludev.ca\/#\/schema\/logo\/image\/\"},\"sameAs\":[\"https:\/\/www.facebook.com\/dumoulinbicyclettes\",\"https:\/\/www.instagram.com\/dumoulin.ca\/\",\"https:\/\/www.youtube.com\/user\/dumoulinbicyclettes\"]}]}<\/script>\n<!-- \/ Yoast SEO plugin. -->","yoast_head_json":{"title":"Ensemble de pentures Brompton (aluminium) - Dumoulin Bicyclettes","description":"Cet ensemble de pi\u00e8ces Brompton conf\u00e8re un style plus moderne \u00e0 votre Brompton. Tout en augmentant la fonctionnalit\u00e9... Sexy !","robots":{"index":"noindex","follow":"follow","max-snippet":"max-snippet:-1","max-image-preview":"max-image-preview:large","max-video-preview":"max-video-preview:-1"},"og_locale":"en_US","og_type":"article","og_title":"Ensemble de pentures Brompton (aluminium) - Dumoulin Bicyclettes","og_description":"Cet ensemble de pi\u00e8ces Brompton conf\u00e8re un style plus moderne \u00e0 votre Brompton. Tout en augmentant la fonctionnalit\u00e9... Sexy !","og_url":"https:\/\/dumoulin.absoludev.ca\/produit\/brompton-cnc-style-chpt3-aluminium-hinge-clamprear-frame-clip-set\/","og_site_name":"Dumoulin Bicyclettes","article_publisher":"https:\/\/www.facebook.com\/dumoulinbicyclettes","article_modified_time":"2025-09-04T18:15:40+00:00","og_image":[{"width":2560,"height":1707,"url":"https:\/\/dumoulin.absoludev.ca\/wp-content\/uploads\/2022\/05\/Brompton_Q102886-scaled.jpg","type":"image\/jpeg"}],"twitter_card":"summary_large_image","twitter_misc":{"Est. reading time":"1 minute"},"schema":{"@context":"https:\/\/schema.org","@graph":[{"@type":"WebPage","@id":"https:\/\/dumoulin.absoludev.ca\/produit\/brompton-cnc-style-chpt3-aluminium-hinge-clamprear-frame-clip-set\/","url":"https:\/\/dumoulin.absoludev.ca\/produit\/brompton-cnc-style-chpt3-aluminium-hinge-clamprear-frame-clip-set\/","name":"Ensemble de pentures Brompton (aluminium) - Dumoulin Bicyclettes","isPartOf":{"@id":"https:\/\/dumoulin.absoludev.ca\/#website"},"primaryImageOfPage":{"@id":"https:\/\/dumoulin.absoludev.ca\/produit\/brompton-cnc-style-chpt3-aluminium-hinge-clamprear-frame-clip-set\/#primaryimage"},"image":{"@id":"https:\/\/dumoulin.absoludev.ca\/produit\/brompton-cnc-style-chpt3-aluminium-hinge-clamprear-frame-clip-set\/#primaryimage"},"thumbnailUrl":"https:\/\/dumoulin.absoludev.ca\/wp-content\/uploads\/2022\/05\/Brompton_Q102886-scaled.jpg","datePublished":"2022-05-16T18:22:03+00:00","dateModified":"2025-09-04T18:15:40+00:00","description":"Cet ensemble de pi\u00e8ces Brompton conf\u00e8re un style plus moderne \u00e0 votre Brompton. Tout en augmentant la fonctionnalit\u00e9... Sexy !","breadcrumb":{"@id":"https:\/\/dumoulin.absoludev.ca\/produit\/brompton-cnc-style-chpt3-aluminium-hinge-clamprear-frame-clip-set\/#breadcrumb"},"inLanguage":"en-US","potentialAction":[{"@type":"ReadAction","target":["https:\/\/dumoulin.absoludev.ca\/produit\/brompton-cnc-style-chpt3-aluminium-hinge-clamprear-frame-clip-set\/"]}]},{"@type":"ImageObject","inLanguage":"en-US","@id":"https:\/\/dumoulin.absoludev.ca\/produit\/brompton-cnc-style-chpt3-aluminium-hinge-clamprear-frame-clip-set\/#primaryimage","url":"https:\/\/dumoulin.absoludev.ca\/wp-content\/uploads\/2022\/05\/Brompton_Q102886-scaled.jpg","contentUrl":"https:\/\/dumoulin.absoludev.ca\/wp-content\/uploads\/2022\/05\/Brompton_Q102886-scaled.jpg","width":2560,"height":1707},{"@type":"BreadcrumbList","@id":"https:\/\/dumoulin.absoludev.ca\/produit\/brompton-cnc-style-chpt3-aluminium-hinge-clamprear-frame-clip-set\/#breadcrumb","itemListElement":[{"@type":"ListItem","position":1,"name":"Home","item":"https:\/\/dumoulin.absoludev.ca\/en\/"},{"@type":"ListItem","position":2,"name":"Shop","item":"https:\/\/dumoulin.absoludev.ca\/en\/shop\/"},{"@type":"ListItem","position":3,"name":"Ensemble de pentures Brompton (aluminium)"}]},{"@type":"WebSite","@id":"https:\/\/dumoulin.absoludev.ca\/#website","url":"https:\/\/dumoulin.absoludev.ca\/","name":"Dumoulin Bicyclettes","description":"","publisher":{"@id":"https:\/\/dumoulin.absoludev.ca\/#organization"},"potentialAction":[{"@type":"SearchAction","target":{"@type":"EntryPoint","urlTemplate":"https:\/\/dumoulin.absoludev.ca\/?s={search_term_string}"},"query-input":{"@type":"PropertyValueSpecification","valueRequired":true,"valueName":"search_term_string"}}],"inLanguage":"en-US"},{"@type":"Organization","@id":"https:\/\/dumoulin.absoludev.ca\/#organization","name":"Dumoulin Bicyclettes","url":"https:\/\/dumoulin.absoludev.ca\/","logo":{"@type":"ImageObject","inLanguage":"en-US","@id":"https:\/\/dumoulin.absoludev.ca\/#\/schema\/logo\/image\/","url":"https:\/\/www.dumoulinbicyclettes.com\/wp-content\/uploads\/2021\/04\/Logo.svg","contentUrl":"https:\/\/www.dumoulinbicyclettes.com\/wp-content\/uploads\/2021\/04\/Logo.svg","width":254,"height":86,"caption":"Dumoulin Bicyclettes"},"image":{"@id":"https:\/\/dumoulin.absoludev.ca\/#\/schema\/logo\/image\/"},"sameAs":["https:\/\/www.facebook.com\/dumoulinbicyclettes","https:\/\/www.instagram.com\/dumoulin.ca\/","https:\/\/www.youtube.com\/user\/dumoulinbicyclettes"]}]}},"_links":{"self":[{"href":"https:\/\/dumoulin.absoludev.ca\/en\/wp-json\/wp\/v2\/product\/75642","targetHints":{"allow":["GET"]}}],"collection":[{"href":"https:\/\/dumoulin.absoludev.ca\/en\/wp-json\/wp\/v2\/product"}],"about":[{"href":"https:\/\/dumoulin.absoludev.ca\/en\/wp-json\/wp\/v2\/types\/product"}],"wp:featuredmedia":[{"embeddable":true,"href":"https:\/\/dumoulin.absoludev.ca\/en\/wp-json\/wp\/v2\/media\/75643"}],"wp:attachment":[{"href":"https:\/\/dumoulin.absoludev.ca\/en\/wp-json\/wp\/v2\/media?parent=75642"}],"wp:term":[{"taxonomy":"product_brand","embeddable":true,"href":"https:\/\/dumoulin.absoludev.ca\/en\/wp-json\/wp\/v2\/product_brand?post=75642"},{"taxonomy":"product_cat","embeddable":true,"href":"https:\/\/dumoulin.absoludev.ca\/en\/wp-json\/wp\/v2\/product_cat?post=75642"},{"taxonomy":"product_tag","embeddable":true,"href":"https:\/\/dumoulin.absoludev.ca\/en\/wp-json\/wp\/v2\/product_tag?post=75642"},{"taxonomy":"marque-produit","embeddable":true,"href":"https:\/\/dumoulin.absoludev.ca\/en\/wp-json\/wp\/v2\/marque-produit?post=75642"},{"taxonomy":"collection-produit","embeddable":true,"href":"https:\/\/dumoulin.absoludev.ca\/en\/wp-json\/wp\/v2\/collection-produit?post=75642"},{"taxonomy":"type-surface-produit","embeddable":true,"href":"https:\/\/dumoulin.absoludev.ca\/en\/wp-json\/wp\/v2\/type-surface-produit?post=75642"},{"taxonomy":"type-velo-produit","embeddable":true,"href":"https:\/\/dumoulin.absoludev.ca\/en\/wp-json\/wp\/v2\/type-velo-produit?post=75642"},{"taxonomy":"vetement-produit","embeddable":true,"href":"https:\/\/dumoulin.absoludev.ca\/en\/wp-json\/wp\/v2\/vetement-produit?post=75642"},{"taxonomy":"thematique-produit","embeddable":true,"href":"https:\/\/dumoulin.absoludev.ca\/en\/wp-json\/wp\/v2\/thematique-produit?post=75642"},{"taxonomy":"position-sur-le-v\u00e9lo","embeddable":true,"href":"https:\/\/dumoulin.absoludev.ca\/en\/wp-json\/wp\/v2\/position-sur-le-v\u00e9lo?post=75642"}],"curies":[{"name":"wp","href":"https:\/\/api.w.org\/{rel}","templated":true}]}}