{"id":75624,"date":"2022-05-16T14:21:49","date_gmt":"2022-05-16T18:21:49","guid":{"rendered":"http:\/\/www.dumoulinbicyclettes.com\/?post_type=product&#038;p=75624"},"modified":"2025-09-04T14:15:38","modified_gmt":"2025-09-04T18:15:38","slug":"roue-av-26-moyeu-dynamo-shimano-dh-3d32-qr-noir-wtbsx23-disque-6-boul","status":"publish","type":"product","link":"https:\/\/dumoulin.absoludev.ca\/en\/produit\/roue-av-26-moyeu-dynamo-shimano-dh-3d32-qr-noir-wtbsx23-disque-6-boul\/","title":{"rendered":"ROUE AV. 26\/ MOYEU DYNAMO SHIMANO DH-3D32-QR NOIR \/ WTBSX23 \/ DISQUE 6 BOUL."},"content":{"rendered":"<p>Cette roue avant est muni d&#8217;un moyeu \u00e0 dynamo Shimano. D&#8217;un diam\u00e8tre de 26&#8243;, elle est parfaite pour toutes celles et ceux qui ont choisi des cadres d&#8217;anciens v\u00e9lo de montagne pour se d\u00e9placer en ville. Profitez d&#8217;un \u00e9clairage permanent, toujours sur votre v\u00e9lo, sans piles \u00e0 charger ou changer&#8230; Un moyeu \u00e0 dynamo : la tranquillit\u00e9 d&#8217;esprit.<\/p>\n","protected":false},"excerpt":{"rendered":"<p>Cette roue avant est muni d&#8217;un moyeu \u00e0 dynamo Shimano. D&#8217;un diam\u00e8tre de 26&#8243;, elle est parfaite pour toutes celles et ceux qui ont choisi des cadres d&#8217;anciens v\u00e9lo de montagne pour se d\u00e9placer en ville. Profitez d&#8217;un \u00e9clairage permanent, toujours sur votre v\u00e9lo, sans piles \u00e0 charger ou changer&#8230; Un moyeu \u00e0 dynamo : [&hellip;]<\/p>\n","protected":false},"featured_media":23278,"template":"","meta":{"_acf_changed":false},"product_brand":[],"product_cat":[210,229,219],"product_tag":[2262,2625,2297],"marque-produit":[1290],"collection-produit":[],"type-surface-produit":[],"type-velo-produit":[],"vetement-produit":[],"thematique-produit":[],"position-sur-le-v\u00e9lo":[],"class_list":{"0":"post-75624","1":"product","2":"type-product","3":"status-publish","4":"has-post-thumbnail","6":"product_cat-dynamos-moyeux-et-lumieres","7":"product_cat-moyeux-dynamos","8":"product_cat-roues-pneus-et-chambres-a-air","9":"product_tag-dynamo","10":"product_tag-roue","11":"product_tag-shimano","12":"marque-produit-shimano","14":"first","15":"outofstock","16":"taxable","17":"shipping-taxable","18":"purchasable","19":"product-type-simple"},"acf":[],"yoast_head":"<!-- This site is optimized with the Yoast SEO plugin v24.3 - https:\/\/yoast.com\/wordpress\/plugins\/seo\/ -->\n<title>ROUE AV. 26\/ MOYEU DYNAMO SHIMANO DH-3D32-QR NOIR \/ WTBSX23 \/ DISQUE 6 BOUL. - Dumoulin Bicyclettes<\/title>\n<meta name=\"robots\" content=\"noindex, follow, max-snippet:-1, max-image-preview:large, max-video-preview:-1\" \/>\n<meta property=\"og:locale\" content=\"en_US\" \/>\n<meta property=\"og:type\" content=\"article\" \/>\n<meta property=\"og:title\" content=\"ROUE AV. 26\/ MOYEU DYNAMO SHIMANO DH-3D32-QR NOIR \/ WTBSX23 \/ DISQUE 6 BOUL. - Dumoulin Bicyclettes\" \/>\n<meta property=\"og:description\" content=\"Cette roue avant est muni d&#8217;un moyeu \u00e0 dynamo Shimano. D&#8217;un diam\u00e8tre de 26&#8243;, elle est parfaite pour toutes celles et ceux qui ont choisi des cadres d&#8217;anciens v\u00e9lo de montagne pour se d\u00e9placer en ville. Profitez d&#8217;un \u00e9clairage permanent, toujours sur votre v\u00e9lo, sans piles \u00e0 charger ou changer&#8230; Un moyeu \u00e0 dynamo : [&hellip;]\" \/>\n<meta property=\"og:url\" content=\"https:\/\/dumoulin.absoludev.ca\/produit\/roue-av-26-moyeu-dynamo-shimano-dh-3d32-qr-noir-wtbsx23-disque-6-boul\/\" \/>\n<meta property=\"og:site_name\" content=\"Dumoulin Bicyclettes\" \/>\n<meta property=\"article:publisher\" content=\"https:\/\/www.facebook.com\/dumoulinbicyclettes\" \/>\n<meta property=\"article:modified_time\" content=\"2025-09-04T18:15:38+00:00\" \/>\n<meta property=\"og:image\" content=\"https:\/\/dumoulin.absoludev.ca\/wp-content\/uploads\/2021\/11\/img-5558.jpeg\" \/>\n\t<meta property=\"og:image:width\" content=\"1500\" \/>\n\t<meta property=\"og:image:height\" content=\"1125\" \/>\n\t<meta property=\"og:image:type\" content=\"image\/jpeg\" \/>\n<meta name=\"twitter:card\" content=\"summary_large_image\" \/>\n<meta name=\"twitter:label1\" content=\"Est. reading time\" \/>\n\t<meta name=\"twitter:data1\" content=\"1 minute\" \/>\n<script type=\"application\/ld+json\" class=\"yoast-schema-graph\">{\"@context\":\"https:\/\/schema.org\",\"@graph\":[{\"@type\":\"WebPage\",\"@id\":\"https:\/\/dumoulin.absoludev.ca\/produit\/roue-av-26-moyeu-dynamo-shimano-dh-3d32-qr-noir-wtbsx23-disque-6-boul\/\",\"url\":\"https:\/\/dumoulin.absoludev.ca\/produit\/roue-av-26-moyeu-dynamo-shimano-dh-3d32-qr-noir-wtbsx23-disque-6-boul\/\",\"name\":\"ROUE AV. 26\/ MOYEU DYNAMO SHIMANO DH-3D32-QR NOIR \/ WTBSX23 \/ DISQUE 6 BOUL. - Dumoulin Bicyclettes\",\"isPartOf\":{\"@id\":\"https:\/\/dumoulin.absoludev.ca\/#website\"},\"primaryImageOfPage\":{\"@id\":\"https:\/\/dumoulin.absoludev.ca\/produit\/roue-av-26-moyeu-dynamo-shimano-dh-3d32-qr-noir-wtbsx23-disque-6-boul\/#primaryimage\"},\"image\":{\"@id\":\"https:\/\/dumoulin.absoludev.ca\/produit\/roue-av-26-moyeu-dynamo-shimano-dh-3d32-qr-noir-wtbsx23-disque-6-boul\/#primaryimage\"},\"thumbnailUrl\":\"https:\/\/dumoulin.absoludev.ca\/wp-content\/uploads\/2021\/11\/img-5558.jpeg\",\"datePublished\":\"2022-05-16T18:21:49+00:00\",\"dateModified\":\"2025-09-04T18:15:38+00:00\",\"breadcrumb\":{\"@id\":\"https:\/\/dumoulin.absoludev.ca\/produit\/roue-av-26-moyeu-dynamo-shimano-dh-3d32-qr-noir-wtbsx23-disque-6-boul\/#breadcrumb\"},\"inLanguage\":\"en-US\",\"potentialAction\":[{\"@type\":\"ReadAction\",\"target\":[\"https:\/\/dumoulin.absoludev.ca\/produit\/roue-av-26-moyeu-dynamo-shimano-dh-3d32-qr-noir-wtbsx23-disque-6-boul\/\"]}]},{\"@type\":\"ImageObject\",\"inLanguage\":\"en-US\",\"@id\":\"https:\/\/dumoulin.absoludev.ca\/produit\/roue-av-26-moyeu-dynamo-shimano-dh-3d32-qr-noir-wtbsx23-disque-6-boul\/#primaryimage\",\"url\":\"https:\/\/dumoulin.absoludev.ca\/wp-content\/uploads\/2021\/11\/img-5558.jpeg\",\"contentUrl\":\"https:\/\/dumoulin.absoludev.ca\/wp-content\/uploads\/2021\/11\/img-5558.jpeg\",\"width\":1500,\"height\":1125,\"caption\":\"Roue_Moyeu_Dynamo\"},{\"@type\":\"BreadcrumbList\",\"@id\":\"https:\/\/dumoulin.absoludev.ca\/produit\/roue-av-26-moyeu-dynamo-shimano-dh-3d32-qr-noir-wtbsx23-disque-6-boul\/#breadcrumb\",\"itemListElement\":[{\"@type\":\"ListItem\",\"position\":1,\"name\":\"Home\",\"item\":\"https:\/\/dumoulin.absoludev.ca\/en\/\"},{\"@type\":\"ListItem\",\"position\":2,\"name\":\"Shop\",\"item\":\"https:\/\/dumoulin.absoludev.ca\/en\/shop\/\"},{\"@type\":\"ListItem\",\"position\":3,\"name\":\"ROUE AV. 26\/ MOYEU DYNAMO SHIMANO DH-3D32-QR NOIR \/ WTBSX23 \/ DISQUE 6 BOUL.\"}]},{\"@type\":\"WebSite\",\"@id\":\"https:\/\/dumoulin.absoludev.ca\/#website\",\"url\":\"https:\/\/dumoulin.absoludev.ca\/\",\"name\":\"Dumoulin Bicyclettes\",\"description\":\"\",\"publisher\":{\"@id\":\"https:\/\/dumoulin.absoludev.ca\/#organization\"},\"potentialAction\":[{\"@type\":\"SearchAction\",\"target\":{\"@type\":\"EntryPoint\",\"urlTemplate\":\"https:\/\/dumoulin.absoludev.ca\/?s={search_term_string}\"},\"query-input\":{\"@type\":\"PropertyValueSpecification\",\"valueRequired\":true,\"valueName\":\"search_term_string\"}}],\"inLanguage\":\"en-US\"},{\"@type\":\"Organization\",\"@id\":\"https:\/\/dumoulin.absoludev.ca\/#organization\",\"name\":\"Dumoulin Bicyclettes\",\"url\":\"https:\/\/dumoulin.absoludev.ca\/\",\"logo\":{\"@type\":\"ImageObject\",\"inLanguage\":\"en-US\",\"@id\":\"https:\/\/dumoulin.absoludev.ca\/#\/schema\/logo\/image\/\",\"url\":\"https:\/\/www.dumoulinbicyclettes.com\/wp-content\/uploads\/2021\/04\/Logo.svg\",\"contentUrl\":\"https:\/\/www.dumoulinbicyclettes.com\/wp-content\/uploads\/2021\/04\/Logo.svg\",\"width\":254,\"height\":86,\"caption\":\"Dumoulin Bicyclettes\"},\"image\":{\"@id\":\"https:\/\/dumoulin.absoludev.ca\/#\/schema\/logo\/image\/\"},\"sameAs\":[\"https:\/\/www.facebook.com\/dumoulinbicyclettes\",\"https:\/\/www.instagram.com\/dumoulin.ca\/\",\"https:\/\/www.youtube.com\/user\/dumoulinbicyclettes\"]}]}<\/script>\n<!-- \/ Yoast SEO plugin. -->","yoast_head_json":{"title":"ROUE AV. 26\/ MOYEU DYNAMO SHIMANO DH-3D32-QR NOIR \/ WTBSX23 \/ DISQUE 6 BOUL. - Dumoulin Bicyclettes","robots":{"index":"noindex","follow":"follow","max-snippet":"max-snippet:-1","max-image-preview":"max-image-preview:large","max-video-preview":"max-video-preview:-1"},"og_locale":"en_US","og_type":"article","og_title":"ROUE AV. 26\/ MOYEU DYNAMO SHIMANO DH-3D32-QR NOIR \/ WTBSX23 \/ DISQUE 6 BOUL. - Dumoulin Bicyclettes","og_description":"Cette roue avant est muni d&#8217;un moyeu \u00e0 dynamo Shimano. D&#8217;un diam\u00e8tre de 26&#8243;, elle est parfaite pour toutes celles et ceux qui ont choisi des cadres d&#8217;anciens v\u00e9lo de montagne pour se d\u00e9placer en ville. Profitez d&#8217;un \u00e9clairage permanent, toujours sur votre v\u00e9lo, sans piles \u00e0 charger ou changer&#8230; Un moyeu \u00e0 dynamo : [&hellip;]","og_url":"https:\/\/dumoulin.absoludev.ca\/produit\/roue-av-26-moyeu-dynamo-shimano-dh-3d32-qr-noir-wtbsx23-disque-6-boul\/","og_site_name":"Dumoulin Bicyclettes","article_publisher":"https:\/\/www.facebook.com\/dumoulinbicyclettes","article_modified_time":"2025-09-04T18:15:38+00:00","og_image":[{"width":1500,"height":1125,"url":"https:\/\/dumoulin.absoludev.ca\/wp-content\/uploads\/2021\/11\/img-5558.jpeg","type":"image\/jpeg"}],"twitter_card":"summary_large_image","twitter_misc":{"Est. reading time":"1 minute"},"schema":{"@context":"https:\/\/schema.org","@graph":[{"@type":"WebPage","@id":"https:\/\/dumoulin.absoludev.ca\/produit\/roue-av-26-moyeu-dynamo-shimano-dh-3d32-qr-noir-wtbsx23-disque-6-boul\/","url":"https:\/\/dumoulin.absoludev.ca\/produit\/roue-av-26-moyeu-dynamo-shimano-dh-3d32-qr-noir-wtbsx23-disque-6-boul\/","name":"ROUE AV. 26\/ MOYEU DYNAMO SHIMANO DH-3D32-QR NOIR \/ WTBSX23 \/ DISQUE 6 BOUL. - Dumoulin Bicyclettes","isPartOf":{"@id":"https:\/\/dumoulin.absoludev.ca\/#website"},"primaryImageOfPage":{"@id":"https:\/\/dumoulin.absoludev.ca\/produit\/roue-av-26-moyeu-dynamo-shimano-dh-3d32-qr-noir-wtbsx23-disque-6-boul\/#primaryimage"},"image":{"@id":"https:\/\/dumoulin.absoludev.ca\/produit\/roue-av-26-moyeu-dynamo-shimano-dh-3d32-qr-noir-wtbsx23-disque-6-boul\/#primaryimage"},"thumbnailUrl":"https:\/\/dumoulin.absoludev.ca\/wp-content\/uploads\/2021\/11\/img-5558.jpeg","datePublished":"2022-05-16T18:21:49+00:00","dateModified":"2025-09-04T18:15:38+00:00","breadcrumb":{"@id":"https:\/\/dumoulin.absoludev.ca\/produit\/roue-av-26-moyeu-dynamo-shimano-dh-3d32-qr-noir-wtbsx23-disque-6-boul\/#breadcrumb"},"inLanguage":"en-US","potentialAction":[{"@type":"ReadAction","target":["https:\/\/dumoulin.absoludev.ca\/produit\/roue-av-26-moyeu-dynamo-shimano-dh-3d32-qr-noir-wtbsx23-disque-6-boul\/"]}]},{"@type":"ImageObject","inLanguage":"en-US","@id":"https:\/\/dumoulin.absoludev.ca\/produit\/roue-av-26-moyeu-dynamo-shimano-dh-3d32-qr-noir-wtbsx23-disque-6-boul\/#primaryimage","url":"https:\/\/dumoulin.absoludev.ca\/wp-content\/uploads\/2021\/11\/img-5558.jpeg","contentUrl":"https:\/\/dumoulin.absoludev.ca\/wp-content\/uploads\/2021\/11\/img-5558.jpeg","width":1500,"height":1125,"caption":"Roue_Moyeu_Dynamo"},{"@type":"BreadcrumbList","@id":"https:\/\/dumoulin.absoludev.ca\/produit\/roue-av-26-moyeu-dynamo-shimano-dh-3d32-qr-noir-wtbsx23-disque-6-boul\/#breadcrumb","itemListElement":[{"@type":"ListItem","position":1,"name":"Home","item":"https:\/\/dumoulin.absoludev.ca\/en\/"},{"@type":"ListItem","position":2,"name":"Shop","item":"https:\/\/dumoulin.absoludev.ca\/en\/shop\/"},{"@type":"ListItem","position":3,"name":"ROUE AV. 26\/ MOYEU DYNAMO SHIMANO DH-3D32-QR NOIR \/ WTBSX23 \/ DISQUE 6 BOUL."}]},{"@type":"WebSite","@id":"https:\/\/dumoulin.absoludev.ca\/#website","url":"https:\/\/dumoulin.absoludev.ca\/","name":"Dumoulin Bicyclettes","description":"","publisher":{"@id":"https:\/\/dumoulin.absoludev.ca\/#organization"},"potentialAction":[{"@type":"SearchAction","target":{"@type":"EntryPoint","urlTemplate":"https:\/\/dumoulin.absoludev.ca\/?s={search_term_string}"},"query-input":{"@type":"PropertyValueSpecification","valueRequired":true,"valueName":"search_term_string"}}],"inLanguage":"en-US"},{"@type":"Organization","@id":"https:\/\/dumoulin.absoludev.ca\/#organization","name":"Dumoulin Bicyclettes","url":"https:\/\/dumoulin.absoludev.ca\/","logo":{"@type":"ImageObject","inLanguage":"en-US","@id":"https:\/\/dumoulin.absoludev.ca\/#\/schema\/logo\/image\/","url":"https:\/\/www.dumoulinbicyclettes.com\/wp-content\/uploads\/2021\/04\/Logo.svg","contentUrl":"https:\/\/www.dumoulinbicyclettes.com\/wp-content\/uploads\/2021\/04\/Logo.svg","width":254,"height":86,"caption":"Dumoulin Bicyclettes"},"image":{"@id":"https:\/\/dumoulin.absoludev.ca\/#\/schema\/logo\/image\/"},"sameAs":["https:\/\/www.facebook.com\/dumoulinbicyclettes","https:\/\/www.instagram.com\/dumoulin.ca\/","https:\/\/www.youtube.com\/user\/dumoulinbicyclettes"]}]}},"_links":{"self":[{"href":"https:\/\/dumoulin.absoludev.ca\/en\/wp-json\/wp\/v2\/product\/75624","targetHints":{"allow":["GET"]}}],"collection":[{"href":"https:\/\/dumoulin.absoludev.ca\/en\/wp-json\/wp\/v2\/product"}],"about":[{"href":"https:\/\/dumoulin.absoludev.ca\/en\/wp-json\/wp\/v2\/types\/product"}],"wp:featuredmedia":[{"embeddable":true,"href":"https:\/\/dumoulin.absoludev.ca\/en\/wp-json\/wp\/v2\/media\/23278"}],"wp:attachment":[{"href":"https:\/\/dumoulin.absoludev.ca\/en\/wp-json\/wp\/v2\/media?parent=75624"}],"wp:term":[{"taxonomy":"product_brand","embeddable":true,"href":"https:\/\/dumoulin.absoludev.ca\/en\/wp-json\/wp\/v2\/product_brand?post=75624"},{"taxonomy":"product_cat","embeddable":true,"href":"https:\/\/dumoulin.absoludev.ca\/en\/wp-json\/wp\/v2\/product_cat?post=75624"},{"taxonomy":"product_tag","embeddable":true,"href":"https:\/\/dumoulin.absoludev.ca\/en\/wp-json\/wp\/v2\/product_tag?post=75624"},{"taxonomy":"marque-produit","embeddable":true,"href":"https:\/\/dumoulin.absoludev.ca\/en\/wp-json\/wp\/v2\/marque-produit?post=75624"},{"taxonomy":"collection-produit","embeddable":true,"href":"https:\/\/dumoulin.absoludev.ca\/en\/wp-json\/wp\/v2\/collection-produit?post=75624"},{"taxonomy":"type-surface-produit","embeddable":true,"href":"https:\/\/dumoulin.absoludev.ca\/en\/wp-json\/wp\/v2\/type-surface-produit?post=75624"},{"taxonomy":"type-velo-produit","embeddable":true,"href":"https:\/\/dumoulin.absoludev.ca\/en\/wp-json\/wp\/v2\/type-velo-produit?post=75624"},{"taxonomy":"vetement-produit","embeddable":true,"href":"https:\/\/dumoulin.absoludev.ca\/en\/wp-json\/wp\/v2\/vetement-produit?post=75624"},{"taxonomy":"thematique-produit","embeddable":true,"href":"https:\/\/dumoulin.absoludev.ca\/en\/wp-json\/wp\/v2\/thematique-produit?post=75624"},{"taxonomy":"position-sur-le-v\u00e9lo","embeddable":true,"href":"https:\/\/dumoulin.absoludev.ca\/en\/wp-json\/wp\/v2\/position-sur-le-v\u00e9lo?post=75624"}],"curies":[{"name":"wp","href":"https:\/\/api.w.org\/{rel}","templated":true}]}}