{"id":75592,"date":"2022-05-16T14:21:34","date_gmt":"2022-05-16T18:21:34","guid":{"rendered":"http:\/\/www.dumoulinbicyclettes.com\/?post_type=product&#038;p=75592"},"modified":"2025-09-04T14:15:32","modified_gmt":"2025-09-04T18:15:32","slug":"chargeur-bosch-standard-4a","status":"publish","type":"product","link":"https:\/\/dumoulin.absoludev.ca\/en\/produit\/chargeur-bosch-standard-4a\/","title":{"rendered":"CHARGEUR BOSCH STANDARD (4A)"},"content":{"rendered":"<p>Le chargeur de v\u00e9lo \u00e9lectrique Bosch \u00abstandard\u00bb recharge votre batterie Bosch avec fiabilit\u00e9 et rapidit\u00e9. Comptez environ 3h30 pour la pleine charge d&#8217;une batterie de 400Wh. Puissant, il recharge votre batterie avec une intensit\u00e9 de 4A. Le chargeur Bosch standard est le choix des utilisateurs r\u00e9guliers de v\u00e9los \u00e9lectriques \u00e9quip\u00e9 des moteurs <a href=\"https:\/\/www.dumoulinbicyclettes.com\/categorie-produit\/velos\/velo-electriques\/\">Bosch<\/a>.<\/p>\n","protected":false},"excerpt":{"rendered":"<p>Le chargeur de v\u00e9lo \u00e9lectrique Bosch \u00abstandard\u00bb recharge votre batterie Bosch avec fiabilit\u00e9 et rapidit\u00e9. Comptez environ 3h30 pour la pleine charge d&#8217;une batterie de 400Wh. Puissant, il recharge votre batterie avec une intensit\u00e9 de 4A. Le chargeur Bosch standard est le choix des utilisateurs r\u00e9guliers de v\u00e9los \u00e9lectriques \u00e9quip\u00e9 des moteurs Bosch.<\/p>\n","protected":false},"featured_media":75593,"template":"","meta":{"_acf_changed":false},"product_brand":[],"product_cat":[194,2619],"product_tag":[2655,2656],"marque-produit":[2654],"collection-produit":[],"type-surface-produit":[],"type-velo-produit":[],"vetement-produit":[],"thematique-produit":[],"position-sur-le-v\u00e9lo":[],"class_list":{"0":"post-75592","1":"product","2":"type-product","3":"status-publish","4":"has-post-thumbnail","6":"product_cat-accessoires-divers","7":"product_cat-batteries-de-velos-electriques","8":"product_tag-bosch","9":"product_tag-chargeur","10":"marque-produit-bosch","12":"first","13":"instock","14":"taxable","15":"shipping-taxable","16":"purchasable","17":"product-type-simple"},"acf":[],"yoast_head":"<!-- This site is optimized with the Yoast SEO plugin v24.3 - https:\/\/yoast.com\/wordpress\/plugins\/seo\/ -->\n<title>CHARGEUR BOSCH STANDARD (4A) - Dumoulin Bicyclettes<\/title>\n<meta name=\"robots\" content=\"noindex, follow, max-snippet:-1, max-image-preview:large, max-video-preview:-1\" \/>\n<meta property=\"og:locale\" content=\"en_US\" \/>\n<meta property=\"og:type\" content=\"article\" \/>\n<meta property=\"og:title\" content=\"CHARGEUR BOSCH STANDARD (4A) - Dumoulin Bicyclettes\" \/>\n<meta property=\"og:description\" content=\"Le chargeur de v\u00e9lo \u00e9lectrique Bosch \u00abstandard\u00bb recharge votre batterie Bosch avec fiabilit\u00e9 et rapidit\u00e9. Comptez environ 3h30 pour la pleine charge d&#8217;une batterie de 400Wh. Puissant, il recharge votre batterie avec une intensit\u00e9 de 4A. Le chargeur Bosch standard est le choix des utilisateurs r\u00e9guliers de v\u00e9los \u00e9lectriques \u00e9quip\u00e9 des moteurs Bosch.\" \/>\n<meta property=\"og:url\" content=\"https:\/\/dumoulin.absoludev.ca\/produit\/chargeur-bosch-standard-4a\/\" \/>\n<meta property=\"og:site_name\" content=\"Dumoulin Bicyclettes\" \/>\n<meta property=\"article:publisher\" content=\"https:\/\/www.facebook.com\/dumoulinbicyclettes\" \/>\n<meta property=\"article:modified_time\" content=\"2025-09-04T18:15:32+00:00\" \/>\n<meta property=\"og:image\" content=\"https:\/\/dumoulin.absoludev.ca\/wp-content\/uploads\/2022\/05\/csm_Bosch-eBike-Standard-Charger-MY2018-white-zuschnitt_e418143902.jpg\" \/>\n\t<meta property=\"og:image:width\" content=\"1200\" \/>\n\t<meta property=\"og:image:height\" content=\"715\" \/>\n\t<meta property=\"og:image:type\" content=\"image\/jpeg\" \/>\n<meta name=\"twitter:card\" content=\"summary_large_image\" \/>\n<meta name=\"twitter:label1\" content=\"Est. reading time\" \/>\n\t<meta name=\"twitter:data1\" content=\"1 minute\" \/>\n<script type=\"application\/ld+json\" class=\"yoast-schema-graph\">{\"@context\":\"https:\/\/schema.org\",\"@graph\":[{\"@type\":\"WebPage\",\"@id\":\"https:\/\/dumoulin.absoludev.ca\/produit\/chargeur-bosch-standard-4a\/\",\"url\":\"https:\/\/dumoulin.absoludev.ca\/produit\/chargeur-bosch-standard-4a\/\",\"name\":\"CHARGEUR BOSCH STANDARD (4A) - Dumoulin Bicyclettes\",\"isPartOf\":{\"@id\":\"https:\/\/dumoulin.absoludev.ca\/#website\"},\"primaryImageOfPage\":{\"@id\":\"https:\/\/dumoulin.absoludev.ca\/produit\/chargeur-bosch-standard-4a\/#primaryimage\"},\"image\":{\"@id\":\"https:\/\/dumoulin.absoludev.ca\/produit\/chargeur-bosch-standard-4a\/#primaryimage\"},\"thumbnailUrl\":\"https:\/\/dumoulin.absoludev.ca\/wp-content\/uploads\/2022\/05\/csm_Bosch-eBike-Standard-Charger-MY2018-white-zuschnitt_e418143902.jpg\",\"datePublished\":\"2022-05-16T18:21:34+00:00\",\"dateModified\":\"2025-09-04T18:15:32+00:00\",\"breadcrumb\":{\"@id\":\"https:\/\/dumoulin.absoludev.ca\/produit\/chargeur-bosch-standard-4a\/#breadcrumb\"},\"inLanguage\":\"en-US\",\"potentialAction\":[{\"@type\":\"ReadAction\",\"target\":[\"https:\/\/dumoulin.absoludev.ca\/produit\/chargeur-bosch-standard-4a\/\"]}]},{\"@type\":\"ImageObject\",\"inLanguage\":\"en-US\",\"@id\":\"https:\/\/dumoulin.absoludev.ca\/produit\/chargeur-bosch-standard-4a\/#primaryimage\",\"url\":\"https:\/\/dumoulin.absoludev.ca\/wp-content\/uploads\/2022\/05\/csm_Bosch-eBike-Standard-Charger-MY2018-white-zuschnitt_e418143902.jpg\",\"contentUrl\":\"https:\/\/dumoulin.absoludev.ca\/wp-content\/uploads\/2022\/05\/csm_Bosch-eBike-Standard-Charger-MY2018-white-zuschnitt_e418143902.jpg\",\"width\":1200,\"height\":715},{\"@type\":\"BreadcrumbList\",\"@id\":\"https:\/\/dumoulin.absoludev.ca\/produit\/chargeur-bosch-standard-4a\/#breadcrumb\",\"itemListElement\":[{\"@type\":\"ListItem\",\"position\":1,\"name\":\"Home\",\"item\":\"https:\/\/dumoulin.absoludev.ca\/en\/\"},{\"@type\":\"ListItem\",\"position\":2,\"name\":\"Shop\",\"item\":\"https:\/\/dumoulin.absoludev.ca\/en\/shop\/\"},{\"@type\":\"ListItem\",\"position\":3,\"name\":\"CHARGEUR BOSCH STANDARD (4A)\"}]},{\"@type\":\"WebSite\",\"@id\":\"https:\/\/dumoulin.absoludev.ca\/#website\",\"url\":\"https:\/\/dumoulin.absoludev.ca\/\",\"name\":\"Dumoulin Bicyclettes\",\"description\":\"\",\"publisher\":{\"@id\":\"https:\/\/dumoulin.absoludev.ca\/#organization\"},\"potentialAction\":[{\"@type\":\"SearchAction\",\"target\":{\"@type\":\"EntryPoint\",\"urlTemplate\":\"https:\/\/dumoulin.absoludev.ca\/?s={search_term_string}\"},\"query-input\":{\"@type\":\"PropertyValueSpecification\",\"valueRequired\":true,\"valueName\":\"search_term_string\"}}],\"inLanguage\":\"en-US\"},{\"@type\":\"Organization\",\"@id\":\"https:\/\/dumoulin.absoludev.ca\/#organization\",\"name\":\"Dumoulin Bicyclettes\",\"url\":\"https:\/\/dumoulin.absoludev.ca\/\",\"logo\":{\"@type\":\"ImageObject\",\"inLanguage\":\"en-US\",\"@id\":\"https:\/\/dumoulin.absoludev.ca\/#\/schema\/logo\/image\/\",\"url\":\"https:\/\/www.dumoulinbicyclettes.com\/wp-content\/uploads\/2021\/04\/Logo.svg\",\"contentUrl\":\"https:\/\/www.dumoulinbicyclettes.com\/wp-content\/uploads\/2021\/04\/Logo.svg\",\"width\":254,\"height\":86,\"caption\":\"Dumoulin Bicyclettes\"},\"image\":{\"@id\":\"https:\/\/dumoulin.absoludev.ca\/#\/schema\/logo\/image\/\"},\"sameAs\":[\"https:\/\/www.facebook.com\/dumoulinbicyclettes\",\"https:\/\/www.instagram.com\/dumoulin.ca\/\",\"https:\/\/www.youtube.com\/user\/dumoulinbicyclettes\"]}]}<\/script>\n<!-- \/ Yoast SEO plugin. -->","yoast_head_json":{"title":"CHARGEUR BOSCH STANDARD (4A) - Dumoulin Bicyclettes","robots":{"index":"noindex","follow":"follow","max-snippet":"max-snippet:-1","max-image-preview":"max-image-preview:large","max-video-preview":"max-video-preview:-1"},"og_locale":"en_US","og_type":"article","og_title":"CHARGEUR BOSCH STANDARD (4A) - Dumoulin Bicyclettes","og_description":"Le chargeur de v\u00e9lo \u00e9lectrique Bosch \u00abstandard\u00bb recharge votre batterie Bosch avec fiabilit\u00e9 et rapidit\u00e9. Comptez environ 3h30 pour la pleine charge d&#8217;une batterie de 400Wh. Puissant, il recharge votre batterie avec une intensit\u00e9 de 4A. Le chargeur Bosch standard est le choix des utilisateurs r\u00e9guliers de v\u00e9los \u00e9lectriques \u00e9quip\u00e9 des moteurs Bosch.","og_url":"https:\/\/dumoulin.absoludev.ca\/produit\/chargeur-bosch-standard-4a\/","og_site_name":"Dumoulin Bicyclettes","article_publisher":"https:\/\/www.facebook.com\/dumoulinbicyclettes","article_modified_time":"2025-09-04T18:15:32+00:00","og_image":[{"width":1200,"height":715,"url":"https:\/\/dumoulin.absoludev.ca\/wp-content\/uploads\/2022\/05\/csm_Bosch-eBike-Standard-Charger-MY2018-white-zuschnitt_e418143902.jpg","type":"image\/jpeg"}],"twitter_card":"summary_large_image","twitter_misc":{"Est. reading time":"1 minute"},"schema":{"@context":"https:\/\/schema.org","@graph":[{"@type":"WebPage","@id":"https:\/\/dumoulin.absoludev.ca\/produit\/chargeur-bosch-standard-4a\/","url":"https:\/\/dumoulin.absoludev.ca\/produit\/chargeur-bosch-standard-4a\/","name":"CHARGEUR BOSCH STANDARD (4A) - Dumoulin Bicyclettes","isPartOf":{"@id":"https:\/\/dumoulin.absoludev.ca\/#website"},"primaryImageOfPage":{"@id":"https:\/\/dumoulin.absoludev.ca\/produit\/chargeur-bosch-standard-4a\/#primaryimage"},"image":{"@id":"https:\/\/dumoulin.absoludev.ca\/produit\/chargeur-bosch-standard-4a\/#primaryimage"},"thumbnailUrl":"https:\/\/dumoulin.absoludev.ca\/wp-content\/uploads\/2022\/05\/csm_Bosch-eBike-Standard-Charger-MY2018-white-zuschnitt_e418143902.jpg","datePublished":"2022-05-16T18:21:34+00:00","dateModified":"2025-09-04T18:15:32+00:00","breadcrumb":{"@id":"https:\/\/dumoulin.absoludev.ca\/produit\/chargeur-bosch-standard-4a\/#breadcrumb"},"inLanguage":"en-US","potentialAction":[{"@type":"ReadAction","target":["https:\/\/dumoulin.absoludev.ca\/produit\/chargeur-bosch-standard-4a\/"]}]},{"@type":"ImageObject","inLanguage":"en-US","@id":"https:\/\/dumoulin.absoludev.ca\/produit\/chargeur-bosch-standard-4a\/#primaryimage","url":"https:\/\/dumoulin.absoludev.ca\/wp-content\/uploads\/2022\/05\/csm_Bosch-eBike-Standard-Charger-MY2018-white-zuschnitt_e418143902.jpg","contentUrl":"https:\/\/dumoulin.absoludev.ca\/wp-content\/uploads\/2022\/05\/csm_Bosch-eBike-Standard-Charger-MY2018-white-zuschnitt_e418143902.jpg","width":1200,"height":715},{"@type":"BreadcrumbList","@id":"https:\/\/dumoulin.absoludev.ca\/produit\/chargeur-bosch-standard-4a\/#breadcrumb","itemListElement":[{"@type":"ListItem","position":1,"name":"Home","item":"https:\/\/dumoulin.absoludev.ca\/en\/"},{"@type":"ListItem","position":2,"name":"Shop","item":"https:\/\/dumoulin.absoludev.ca\/en\/shop\/"},{"@type":"ListItem","position":3,"name":"CHARGEUR BOSCH STANDARD (4A)"}]},{"@type":"WebSite","@id":"https:\/\/dumoulin.absoludev.ca\/#website","url":"https:\/\/dumoulin.absoludev.ca\/","name":"Dumoulin Bicyclettes","description":"","publisher":{"@id":"https:\/\/dumoulin.absoludev.ca\/#organization"},"potentialAction":[{"@type":"SearchAction","target":{"@type":"EntryPoint","urlTemplate":"https:\/\/dumoulin.absoludev.ca\/?s={search_term_string}"},"query-input":{"@type":"PropertyValueSpecification","valueRequired":true,"valueName":"search_term_string"}}],"inLanguage":"en-US"},{"@type":"Organization","@id":"https:\/\/dumoulin.absoludev.ca\/#organization","name":"Dumoulin Bicyclettes","url":"https:\/\/dumoulin.absoludev.ca\/","logo":{"@type":"ImageObject","inLanguage":"en-US","@id":"https:\/\/dumoulin.absoludev.ca\/#\/schema\/logo\/image\/","url":"https:\/\/www.dumoulinbicyclettes.com\/wp-content\/uploads\/2021\/04\/Logo.svg","contentUrl":"https:\/\/www.dumoulinbicyclettes.com\/wp-content\/uploads\/2021\/04\/Logo.svg","width":254,"height":86,"caption":"Dumoulin Bicyclettes"},"image":{"@id":"https:\/\/dumoulin.absoludev.ca\/#\/schema\/logo\/image\/"},"sameAs":["https:\/\/www.facebook.com\/dumoulinbicyclettes","https:\/\/www.instagram.com\/dumoulin.ca\/","https:\/\/www.youtube.com\/user\/dumoulinbicyclettes"]}]}},"_links":{"self":[{"href":"https:\/\/dumoulin.absoludev.ca\/en\/wp-json\/wp\/v2\/product\/75592","targetHints":{"allow":["GET"]}}],"collection":[{"href":"https:\/\/dumoulin.absoludev.ca\/en\/wp-json\/wp\/v2\/product"}],"about":[{"href":"https:\/\/dumoulin.absoludev.ca\/en\/wp-json\/wp\/v2\/types\/product"}],"wp:featuredmedia":[{"embeddable":true,"href":"https:\/\/dumoulin.absoludev.ca\/en\/wp-json\/wp\/v2\/media\/75593"}],"wp:attachment":[{"href":"https:\/\/dumoulin.absoludev.ca\/en\/wp-json\/wp\/v2\/media?parent=75592"}],"wp:term":[{"taxonomy":"product_brand","embeddable":true,"href":"https:\/\/dumoulin.absoludev.ca\/en\/wp-json\/wp\/v2\/product_brand?post=75592"},{"taxonomy":"product_cat","embeddable":true,"href":"https:\/\/dumoulin.absoludev.ca\/en\/wp-json\/wp\/v2\/product_cat?post=75592"},{"taxonomy":"product_tag","embeddable":true,"href":"https:\/\/dumoulin.absoludev.ca\/en\/wp-json\/wp\/v2\/product_tag?post=75592"},{"taxonomy":"marque-produit","embeddable":true,"href":"https:\/\/dumoulin.absoludev.ca\/en\/wp-json\/wp\/v2\/marque-produit?post=75592"},{"taxonomy":"collection-produit","embeddable":true,"href":"https:\/\/dumoulin.absoludev.ca\/en\/wp-json\/wp\/v2\/collection-produit?post=75592"},{"taxonomy":"type-surface-produit","embeddable":true,"href":"https:\/\/dumoulin.absoludev.ca\/en\/wp-json\/wp\/v2\/type-surface-produit?post=75592"},{"taxonomy":"type-velo-produit","embeddable":true,"href":"https:\/\/dumoulin.absoludev.ca\/en\/wp-json\/wp\/v2\/type-velo-produit?post=75592"},{"taxonomy":"vetement-produit","embeddable":true,"href":"https:\/\/dumoulin.absoludev.ca\/en\/wp-json\/wp\/v2\/vetement-produit?post=75592"},{"taxonomy":"thematique-produit","embeddable":true,"href":"https:\/\/dumoulin.absoludev.ca\/en\/wp-json\/wp\/v2\/thematique-produit?post=75592"},{"taxonomy":"position-sur-le-v\u00e9lo","embeddable":true,"href":"https:\/\/dumoulin.absoludev.ca\/en\/wp-json\/wp\/v2\/position-sur-le-v\u00e9lo?post=75592"}],"curies":[{"name":"wp","href":"https:\/\/api.w.org\/{rel}","templated":true}]}}