{"id":75572,"date":"2022-05-16T14:21:32","date_gmt":"2022-05-16T18:21:32","guid":{"rendered":"http:\/\/www.dumoulinbicyclettes.com\/?post_type=product&#038;p=75572"},"modified":"2025-09-04T14:15:28","modified_gmt":"2025-09-04T18:15:28","slug":"panier-avant-tern-hold-em","status":"publish","type":"product","link":"https:\/\/dumoulin.absoludev.ca\/en\/produit\/panier-avant-tern-hold-em\/","title":{"rendered":"Panier avant Tern &#8220;Hold &#8216;Em&#8221;"},"content":{"rendered":"<p>Le panier Tern &#8220;Hold&#8217;em&#8221; s&#8217;installe \u00e0 l&#8217;avant de votre v\u00e9lo pliable Tern, sur le support <a href=\"https:\/\/www.dumoulinbicyclettes.com\/produit\/tern-luggage-truss\/\">Tern Luggage Truss.<\/a><\/p>\n<p><\/p>\n","protected":false},"excerpt":{"rendered":"<p>Le panier Tern &#8220;Hold&#8217;em&#8221; s&#8217;installe \u00e0 l&#8217;avant de votre v\u00e9lo pliable Tern, sur le support Tern Luggage Truss.<\/p>\n","protected":false},"featured_media":22552,"template":"","meta":{"_acf_changed":false},"product_brand":[],"product_cat":[182,184,198],"product_tag":[2584,2203],"marque-produit":[154],"collection-produit":[2842,2845],"type-surface-produit":[],"type-velo-produit":[],"vetement-produit":[],"thematique-produit":[],"position-sur-le-v\u00e9lo":[],"class_list":{"0":"post-75572","1":"product","2":"type-product","3":"status-publish","4":"has-post-thumbnail","6":"product_cat-accessoires","7":"product_cat-accessoires-pour-velo-pliable","8":"product_cat-paniers","9":"product_tag-holdem","10":"product_tag-tern","11":"marque-produit-tern","12":"collection-produit-tern-hsd","13":"collection-produit-tern-vektron","15":"first","16":"instock","17":"taxable","18":"shipping-taxable","19":"purchasable","20":"product-type-simple"},"acf":[],"yoast_head":"<!-- This site is optimized with the Yoast SEO plugin v24.3 - https:\/\/yoast.com\/wordpress\/plugins\/seo\/ -->\n<title>Panier avant Tern &quot;Hold &#039;Em&quot; - | Accessoires Tern | V\u00e9los pliables | Dumoulin<\/title>\n<meta name=\"description\" content=\"Le panier Tern Hold &#039;em s&#039;installe sur votre v\u00e9lo pliable Tern en quelques instants et vous permet d&#039;emporter votre petit march\u00e9 en v\u00e9lo !\" \/>\n<meta name=\"robots\" content=\"noindex, follow, max-snippet:-1, max-image-preview:large, max-video-preview:-1\" \/>\n<meta property=\"og:locale\" content=\"en_US\" \/>\n<meta property=\"og:type\" content=\"article\" \/>\n<meta property=\"og:title\" content=\"Panier avant Tern &quot;Hold &#039;Em&quot; - | Accessoires Tern | V\u00e9los pliables | Dumoulin\" \/>\n<meta property=\"og:description\" content=\"Le panier Tern Hold &#039;em s&#039;installe sur votre v\u00e9lo pliable Tern en quelques instants et vous permet d&#039;emporter votre petit march\u00e9 en v\u00e9lo !\" \/>\n<meta property=\"og:url\" content=\"https:\/\/dumoulin.absoludev.ca\/produit\/panier-avant-tern-hold-em\/\" \/>\n<meta property=\"og:site_name\" content=\"Dumoulin Bicyclettes\" \/>\n<meta property=\"article:publisher\" content=\"https:\/\/www.facebook.com\/dumoulinbicyclettes\" \/>\n<meta property=\"article:modified_time\" content=\"2025-09-04T18:15:28+00:00\" \/>\n<meta property=\"og:image\" content=\"https:\/\/dumoulin.absoludev.ca\/wp-content\/uploads\/2021\/11\/tn-holdem-basket-parts.jpg\" \/>\n\t<meta property=\"og:image:width\" content=\"1200\" \/>\n\t<meta property=\"og:image:height\" content=\"800\" \/>\n\t<meta property=\"og:image:type\" content=\"image\/jpeg\" \/>\n<meta name=\"twitter:card\" content=\"summary_large_image\" \/>\n<meta name=\"twitter:label1\" content=\"Est. reading time\" \/>\n\t<meta name=\"twitter:data1\" content=\"1 minute\" \/>\n<script type=\"application\/ld+json\" class=\"yoast-schema-graph\">{\"@context\":\"https:\/\/schema.org\",\"@graph\":[{\"@type\":\"WebPage\",\"@id\":\"https:\/\/dumoulin.absoludev.ca\/produit\/panier-avant-tern-hold-em\/\",\"url\":\"https:\/\/dumoulin.absoludev.ca\/produit\/panier-avant-tern-hold-em\/\",\"name\":\"Panier avant Tern \\\"Hold 'Em\\\" - | Accessoires Tern | V\u00e9los pliables | Dumoulin\",\"isPartOf\":{\"@id\":\"https:\/\/dumoulin.absoludev.ca\/#website\"},\"primaryImageOfPage\":{\"@id\":\"https:\/\/dumoulin.absoludev.ca\/produit\/panier-avant-tern-hold-em\/#primaryimage\"},\"image\":{\"@id\":\"https:\/\/dumoulin.absoludev.ca\/produit\/panier-avant-tern-hold-em\/#primaryimage\"},\"thumbnailUrl\":\"https:\/\/dumoulin.absoludev.ca\/wp-content\/uploads\/2021\/11\/tn-holdem-basket-parts.jpg\",\"datePublished\":\"2022-05-16T18:21:32+00:00\",\"dateModified\":\"2025-09-04T18:15:28+00:00\",\"description\":\"Le panier Tern Hold 'em s'installe sur votre v\u00e9lo pliable Tern en quelques instants et vous permet d'emporter votre petit march\u00e9 en v\u00e9lo !\",\"breadcrumb\":{\"@id\":\"https:\/\/dumoulin.absoludev.ca\/produit\/panier-avant-tern-hold-em\/#breadcrumb\"},\"inLanguage\":\"en-US\",\"potentialAction\":[{\"@type\":\"ReadAction\",\"target\":[\"https:\/\/dumoulin.absoludev.ca\/produit\/panier-avant-tern-hold-em\/\"]}]},{\"@type\":\"ImageObject\",\"inLanguage\":\"en-US\",\"@id\":\"https:\/\/dumoulin.absoludev.ca\/produit\/panier-avant-tern-hold-em\/#primaryimage\",\"url\":\"https:\/\/dumoulin.absoludev.ca\/wp-content\/uploads\/2021\/11\/tn-holdem-basket-parts.jpg\",\"contentUrl\":\"https:\/\/dumoulin.absoludev.ca\/wp-content\/uploads\/2021\/11\/tn-holdem-basket-parts.jpg\",\"width\":1200,\"height\":800,\"caption\":\"TerN_holdem_Basket\"},{\"@type\":\"BreadcrumbList\",\"@id\":\"https:\/\/dumoulin.absoludev.ca\/produit\/panier-avant-tern-hold-em\/#breadcrumb\",\"itemListElement\":[{\"@type\":\"ListItem\",\"position\":1,\"name\":\"Home\",\"item\":\"https:\/\/dumoulin.absoludev.ca\/en\/\"},{\"@type\":\"ListItem\",\"position\":2,\"name\":\"Shop\",\"item\":\"https:\/\/dumoulin.absoludev.ca\/en\/shop\/\"},{\"@type\":\"ListItem\",\"position\":3,\"name\":\"Panier avant Tern \u00ab\u00a0Hold &lsquo;Em\u00a0\u00bb\"}]},{\"@type\":\"WebSite\",\"@id\":\"https:\/\/dumoulin.absoludev.ca\/#website\",\"url\":\"https:\/\/dumoulin.absoludev.ca\/\",\"name\":\"Dumoulin Bicyclettes\",\"description\":\"\",\"publisher\":{\"@id\":\"https:\/\/dumoulin.absoludev.ca\/#organization\"},\"potentialAction\":[{\"@type\":\"SearchAction\",\"target\":{\"@type\":\"EntryPoint\",\"urlTemplate\":\"https:\/\/dumoulin.absoludev.ca\/?s={search_term_string}\"},\"query-input\":{\"@type\":\"PropertyValueSpecification\",\"valueRequired\":true,\"valueName\":\"search_term_string\"}}],\"inLanguage\":\"en-US\"},{\"@type\":\"Organization\",\"@id\":\"https:\/\/dumoulin.absoludev.ca\/#organization\",\"name\":\"Dumoulin Bicyclettes\",\"url\":\"https:\/\/dumoulin.absoludev.ca\/\",\"logo\":{\"@type\":\"ImageObject\",\"inLanguage\":\"en-US\",\"@id\":\"https:\/\/dumoulin.absoludev.ca\/#\/schema\/logo\/image\/\",\"url\":\"https:\/\/www.dumoulinbicyclettes.com\/wp-content\/uploads\/2021\/04\/Logo.svg\",\"contentUrl\":\"https:\/\/www.dumoulinbicyclettes.com\/wp-content\/uploads\/2021\/04\/Logo.svg\",\"width\":254,\"height\":86,\"caption\":\"Dumoulin Bicyclettes\"},\"image\":{\"@id\":\"https:\/\/dumoulin.absoludev.ca\/#\/schema\/logo\/image\/\"},\"sameAs\":[\"https:\/\/www.facebook.com\/dumoulinbicyclettes\",\"https:\/\/www.instagram.com\/dumoulin.ca\/\",\"https:\/\/www.youtube.com\/user\/dumoulinbicyclettes\"]}]}<\/script>\n<!-- \/ Yoast SEO plugin. -->","yoast_head_json":{"title":"Panier avant Tern \"Hold 'Em\" - | Accessoires Tern | V\u00e9los pliables | Dumoulin","description":"Le panier Tern Hold 'em s'installe sur votre v\u00e9lo pliable Tern en quelques instants et vous permet d'emporter votre petit march\u00e9 en v\u00e9lo !","robots":{"index":"noindex","follow":"follow","max-snippet":"max-snippet:-1","max-image-preview":"max-image-preview:large","max-video-preview":"max-video-preview:-1"},"og_locale":"en_US","og_type":"article","og_title":"Panier avant Tern \"Hold 'Em\" - | Accessoires Tern | V\u00e9los pliables | Dumoulin","og_description":"Le panier Tern Hold 'em s'installe sur votre v\u00e9lo pliable Tern en quelques instants et vous permet d'emporter votre petit march\u00e9 en v\u00e9lo !","og_url":"https:\/\/dumoulin.absoludev.ca\/produit\/panier-avant-tern-hold-em\/","og_site_name":"Dumoulin Bicyclettes","article_publisher":"https:\/\/www.facebook.com\/dumoulinbicyclettes","article_modified_time":"2025-09-04T18:15:28+00:00","og_image":[{"width":1200,"height":800,"url":"https:\/\/dumoulin.absoludev.ca\/wp-content\/uploads\/2021\/11\/tn-holdem-basket-parts.jpg","type":"image\/jpeg"}],"twitter_card":"summary_large_image","twitter_misc":{"Est. reading time":"1 minute"},"schema":{"@context":"https:\/\/schema.org","@graph":[{"@type":"WebPage","@id":"https:\/\/dumoulin.absoludev.ca\/produit\/panier-avant-tern-hold-em\/","url":"https:\/\/dumoulin.absoludev.ca\/produit\/panier-avant-tern-hold-em\/","name":"Panier avant Tern \"Hold 'Em\" - | Accessoires Tern | V\u00e9los pliables | Dumoulin","isPartOf":{"@id":"https:\/\/dumoulin.absoludev.ca\/#website"},"primaryImageOfPage":{"@id":"https:\/\/dumoulin.absoludev.ca\/produit\/panier-avant-tern-hold-em\/#primaryimage"},"image":{"@id":"https:\/\/dumoulin.absoludev.ca\/produit\/panier-avant-tern-hold-em\/#primaryimage"},"thumbnailUrl":"https:\/\/dumoulin.absoludev.ca\/wp-content\/uploads\/2021\/11\/tn-holdem-basket-parts.jpg","datePublished":"2022-05-16T18:21:32+00:00","dateModified":"2025-09-04T18:15:28+00:00","description":"Le panier Tern Hold 'em s'installe sur votre v\u00e9lo pliable Tern en quelques instants et vous permet d'emporter votre petit march\u00e9 en v\u00e9lo !","breadcrumb":{"@id":"https:\/\/dumoulin.absoludev.ca\/produit\/panier-avant-tern-hold-em\/#breadcrumb"},"inLanguage":"en-US","potentialAction":[{"@type":"ReadAction","target":["https:\/\/dumoulin.absoludev.ca\/produit\/panier-avant-tern-hold-em\/"]}]},{"@type":"ImageObject","inLanguage":"en-US","@id":"https:\/\/dumoulin.absoludev.ca\/produit\/panier-avant-tern-hold-em\/#primaryimage","url":"https:\/\/dumoulin.absoludev.ca\/wp-content\/uploads\/2021\/11\/tn-holdem-basket-parts.jpg","contentUrl":"https:\/\/dumoulin.absoludev.ca\/wp-content\/uploads\/2021\/11\/tn-holdem-basket-parts.jpg","width":1200,"height":800,"caption":"TerN_holdem_Basket"},{"@type":"BreadcrumbList","@id":"https:\/\/dumoulin.absoludev.ca\/produit\/panier-avant-tern-hold-em\/#breadcrumb","itemListElement":[{"@type":"ListItem","position":1,"name":"Home","item":"https:\/\/dumoulin.absoludev.ca\/en\/"},{"@type":"ListItem","position":2,"name":"Shop","item":"https:\/\/dumoulin.absoludev.ca\/en\/shop\/"},{"@type":"ListItem","position":3,"name":"Panier avant Tern \u00ab\u00a0Hold &lsquo;Em\u00a0\u00bb"}]},{"@type":"WebSite","@id":"https:\/\/dumoulin.absoludev.ca\/#website","url":"https:\/\/dumoulin.absoludev.ca\/","name":"Dumoulin Bicyclettes","description":"","publisher":{"@id":"https:\/\/dumoulin.absoludev.ca\/#organization"},"potentialAction":[{"@type":"SearchAction","target":{"@type":"EntryPoint","urlTemplate":"https:\/\/dumoulin.absoludev.ca\/?s={search_term_string}"},"query-input":{"@type":"PropertyValueSpecification","valueRequired":true,"valueName":"search_term_string"}}],"inLanguage":"en-US"},{"@type":"Organization","@id":"https:\/\/dumoulin.absoludev.ca\/#organization","name":"Dumoulin Bicyclettes","url":"https:\/\/dumoulin.absoludev.ca\/","logo":{"@type":"ImageObject","inLanguage":"en-US","@id":"https:\/\/dumoulin.absoludev.ca\/#\/schema\/logo\/image\/","url":"https:\/\/www.dumoulinbicyclettes.com\/wp-content\/uploads\/2021\/04\/Logo.svg","contentUrl":"https:\/\/www.dumoulinbicyclettes.com\/wp-content\/uploads\/2021\/04\/Logo.svg","width":254,"height":86,"caption":"Dumoulin Bicyclettes"},"image":{"@id":"https:\/\/dumoulin.absoludev.ca\/#\/schema\/logo\/image\/"},"sameAs":["https:\/\/www.facebook.com\/dumoulinbicyclettes","https:\/\/www.instagram.com\/dumoulin.ca\/","https:\/\/www.youtube.com\/user\/dumoulinbicyclettes"]}]}},"_links":{"self":[{"href":"https:\/\/dumoulin.absoludev.ca\/en\/wp-json\/wp\/v2\/product\/75572","targetHints":{"allow":["GET"]}}],"collection":[{"href":"https:\/\/dumoulin.absoludev.ca\/en\/wp-json\/wp\/v2\/product"}],"about":[{"href":"https:\/\/dumoulin.absoludev.ca\/en\/wp-json\/wp\/v2\/types\/product"}],"wp:featuredmedia":[{"embeddable":true,"href":"https:\/\/dumoulin.absoludev.ca\/en\/wp-json\/wp\/v2\/media\/22552"}],"wp:attachment":[{"href":"https:\/\/dumoulin.absoludev.ca\/en\/wp-json\/wp\/v2\/media?parent=75572"}],"wp:term":[{"taxonomy":"product_brand","embeddable":true,"href":"https:\/\/dumoulin.absoludev.ca\/en\/wp-json\/wp\/v2\/product_brand?post=75572"},{"taxonomy":"product_cat","embeddable":true,"href":"https:\/\/dumoulin.absoludev.ca\/en\/wp-json\/wp\/v2\/product_cat?post=75572"},{"taxonomy":"product_tag","embeddable":true,"href":"https:\/\/dumoulin.absoludev.ca\/en\/wp-json\/wp\/v2\/product_tag?post=75572"},{"taxonomy":"marque-produit","embeddable":true,"href":"https:\/\/dumoulin.absoludev.ca\/en\/wp-json\/wp\/v2\/marque-produit?post=75572"},{"taxonomy":"collection-produit","embeddable":true,"href":"https:\/\/dumoulin.absoludev.ca\/en\/wp-json\/wp\/v2\/collection-produit?post=75572"},{"taxonomy":"type-surface-produit","embeddable":true,"href":"https:\/\/dumoulin.absoludev.ca\/en\/wp-json\/wp\/v2\/type-surface-produit?post=75572"},{"taxonomy":"type-velo-produit","embeddable":true,"href":"https:\/\/dumoulin.absoludev.ca\/en\/wp-json\/wp\/v2\/type-velo-produit?post=75572"},{"taxonomy":"vetement-produit","embeddable":true,"href":"https:\/\/dumoulin.absoludev.ca\/en\/wp-json\/wp\/v2\/vetement-produit?post=75572"},{"taxonomy":"thematique-produit","embeddable":true,"href":"https:\/\/dumoulin.absoludev.ca\/en\/wp-json\/wp\/v2\/thematique-produit?post=75572"},{"taxonomy":"position-sur-le-v\u00e9lo","embeddable":true,"href":"https:\/\/dumoulin.absoludev.ca\/en\/wp-json\/wp\/v2\/position-sur-le-v\u00e9lo?post=75572"}],"curies":[{"name":"wp","href":"https:\/\/api.w.org\/{rel}","templated":true}]}}