{"id":75566,"date":"2022-05-16T14:21:30","date_gmt":"2022-05-16T18:21:30","guid":{"rendered":"http:\/\/www.dumoulinbicyclettes.com\/?post_type=product&#038;p=75566"},"modified":"2025-09-04T14:15:23","modified_gmt":"2025-09-04T18:15:23","slug":"burley-travoy-transit-messenger-bag-noir","status":"publish","type":"product","link":"https:\/\/dumoulin.absoludev.ca\/en\/produit\/burley-travoy-transit-messenger-bag-noir\/","title":{"rendered":"Sac de messager Burley Travoy &#8220;Transit Messenger Bag&#8221;"},"content":{"rendered":"<p>Le sac de messager Burley Travoy &#8220;Transit Messenger Bag&#8221; s&#8217;utilise en duo avec la remorque Burley Travoy. Il est pens\u00e9 pour les gens qui se d\u00e9placent en v\u00e9lo et qui transportent n\u00e9cessairement leurs affaires quotidiennes. Hors du v\u00e9lo, il ressemble \u00e0 un sac de messager \u00e9l\u00e9gant et pratique, pour rentrer au bureau l&#8217;air de rien, mais les poumons remplis d&#8217;air frais.<\/p>\n","protected":false},"excerpt":{"rendered":"<p>Le sac de messager Burley Travoy &#8220;Transit Messenger Bag&#8221; s&#8217;utilise en duo avec la remorque Burley Travoy. Il est pens\u00e9 pour les gens qui se d\u00e9placent en v\u00e9lo et qui transportent n\u00e9cessairement leurs affaires quotidiennes. Hors du v\u00e9lo, il ressemble \u00e0 un sac de messager \u00e9l\u00e9gant et pratique, pour rentrer au bureau l&#8217;air de rien, [&hellip;]<\/p>\n","protected":false},"featured_media":22638,"template":"","meta":{"_acf_changed":false},"product_brand":[],"product_cat":[195,188],"product_tag":[3407,2454,2434,2203,2587,2455],"marque-produit":[1457,154],"collection-produit":[],"type-surface-produit":[],"type-velo-produit":[],"vetement-produit":[],"thematique-produit":[],"position-sur-le-v\u00e9lo":[],"class_list":{"0":"post-75566","1":"product","2":"type-product","3":"status-publish","4":"has-post-thumbnail","6":"product_cat-sacoches","7":"product_cat-sacs-et-porte-bagages","8":"product_tag-bag","9":"product_tag-burley","10":"product_tag-messenger","11":"product_tag-tern","12":"product_tag-transit","13":"product_tag-travoy","14":"marque-produit-burley","15":"marque-produit-tern","17":"first","18":"instock","19":"taxable","20":"shipping-taxable","21":"purchasable","22":"product-type-simple"},"acf":[],"yoast_head":"<!-- This site is optimized with the Yoast SEO plugin v24.3 - https:\/\/yoast.com\/wordpress\/plugins\/seo\/ -->\n<title>Sac de messager Burley Travoy &quot;Transit Messenger Bag&quot; - Dumoulin Bicyclettes<\/title>\n<meta name=\"description\" content=\"Le sac de messager Burley Travoy s&#039;utilise en duo avec la remorque Burley. Hors du v\u00e9lo, il ressemble \u00e0 un sac de messager \u00e9l\u00e9gant et pratique.\" \/>\n<meta name=\"robots\" content=\"noindex, follow, max-snippet:-1, max-image-preview:large, max-video-preview:-1\" \/>\n<meta property=\"og:locale\" content=\"en_US\" \/>\n<meta property=\"og:type\" content=\"article\" \/>\n<meta property=\"og:title\" content=\"Sac de messager Burley Travoy &quot;Transit Messenger Bag&quot; - Dumoulin Bicyclettes\" \/>\n<meta property=\"og:description\" content=\"Le sac de messager Burley Travoy s&#039;utilise en duo avec la remorque Burley. Hors du v\u00e9lo, il ressemble \u00e0 un sac de messager \u00e9l\u00e9gant et pratique.\" \/>\n<meta property=\"og:url\" content=\"https:\/\/dumoulin.absoludev.ca\/produit\/burley-travoy-transit-messenger-bag-noir\/\" \/>\n<meta property=\"og:site_name\" content=\"Dumoulin Bicyclettes\" \/>\n<meta property=\"article:publisher\" content=\"https:\/\/www.facebook.com\/dumoulinbicyclettes\" \/>\n<meta property=\"article:modified_time\" content=\"2025-09-04T18:15:23+00:00\" \/>\n<meta property=\"og:image\" content=\"https:\/\/dumoulin.absoludev.ca\/wp-content\/uploads\/2021\/11\/transit-messenger-main.jpg\" \/>\n\t<meta property=\"og:image:width\" content=\"2000\" \/>\n\t<meta property=\"og:image:height\" content=\"2000\" \/>\n\t<meta property=\"og:image:type\" content=\"image\/jpeg\" \/>\n<meta name=\"twitter:card\" content=\"summary_large_image\" \/>\n<meta name=\"twitter:label1\" content=\"Est. reading time\" \/>\n\t<meta name=\"twitter:data1\" content=\"1 minute\" \/>\n<script type=\"application\/ld+json\" class=\"yoast-schema-graph\">{\"@context\":\"https:\/\/schema.org\",\"@graph\":[{\"@type\":\"WebPage\",\"@id\":\"https:\/\/dumoulin.absoludev.ca\/produit\/burley-travoy-transit-messenger-bag-noir\/\",\"url\":\"https:\/\/dumoulin.absoludev.ca\/produit\/burley-travoy-transit-messenger-bag-noir\/\",\"name\":\"Sac de messager Burley Travoy \\\"Transit Messenger Bag\\\" - Dumoulin Bicyclettes\",\"isPartOf\":{\"@id\":\"https:\/\/dumoulin.absoludev.ca\/#website\"},\"primaryImageOfPage\":{\"@id\":\"https:\/\/dumoulin.absoludev.ca\/produit\/burley-travoy-transit-messenger-bag-noir\/#primaryimage\"},\"image\":{\"@id\":\"https:\/\/dumoulin.absoludev.ca\/produit\/burley-travoy-transit-messenger-bag-noir\/#primaryimage\"},\"thumbnailUrl\":\"https:\/\/dumoulin.absoludev.ca\/wp-content\/uploads\/2021\/11\/transit-messenger-main.jpg\",\"datePublished\":\"2022-05-16T18:21:30+00:00\",\"dateModified\":\"2025-09-04T18:15:23+00:00\",\"description\":\"Le sac de messager Burley Travoy s'utilise en duo avec la remorque Burley. Hors du v\u00e9lo, il ressemble \u00e0 un sac de messager \u00e9l\u00e9gant et pratique.\",\"breadcrumb\":{\"@id\":\"https:\/\/dumoulin.absoludev.ca\/produit\/burley-travoy-transit-messenger-bag-noir\/#breadcrumb\"},\"inLanguage\":\"en-US\",\"potentialAction\":[{\"@type\":\"ReadAction\",\"target\":[\"https:\/\/dumoulin.absoludev.ca\/produit\/burley-travoy-transit-messenger-bag-noir\/\"]}]},{\"@type\":\"ImageObject\",\"inLanguage\":\"en-US\",\"@id\":\"https:\/\/dumoulin.absoludev.ca\/produit\/burley-travoy-transit-messenger-bag-noir\/#primaryimage\",\"url\":\"https:\/\/dumoulin.absoludev.ca\/wp-content\/uploads\/2021\/11\/transit-messenger-main.jpg\",\"contentUrl\":\"https:\/\/dumoulin.absoludev.ca\/wp-content\/uploads\/2021\/11\/transit-messenger-main.jpg\",\"width\":2000,\"height\":2000,\"caption\":\"Burley_travoy_transit_messenger_bag\"},{\"@type\":\"BreadcrumbList\",\"@id\":\"https:\/\/dumoulin.absoludev.ca\/produit\/burley-travoy-transit-messenger-bag-noir\/#breadcrumb\",\"itemListElement\":[{\"@type\":\"ListItem\",\"position\":1,\"name\":\"Home\",\"item\":\"https:\/\/dumoulin.absoludev.ca\/en\/\"},{\"@type\":\"ListItem\",\"position\":2,\"name\":\"Shop\",\"item\":\"https:\/\/dumoulin.absoludev.ca\/en\/shop\/\"},{\"@type\":\"ListItem\",\"position\":3,\"name\":\"Sac de messager Burley Travoy \u00ab\u00a0Transit Messenger Bag\u00a0\u00bb\"}]},{\"@type\":\"WebSite\",\"@id\":\"https:\/\/dumoulin.absoludev.ca\/#website\",\"url\":\"https:\/\/dumoulin.absoludev.ca\/\",\"name\":\"Dumoulin Bicyclettes\",\"description\":\"\",\"publisher\":{\"@id\":\"https:\/\/dumoulin.absoludev.ca\/#organization\"},\"potentialAction\":[{\"@type\":\"SearchAction\",\"target\":{\"@type\":\"EntryPoint\",\"urlTemplate\":\"https:\/\/dumoulin.absoludev.ca\/?s={search_term_string}\"},\"query-input\":{\"@type\":\"PropertyValueSpecification\",\"valueRequired\":true,\"valueName\":\"search_term_string\"}}],\"inLanguage\":\"en-US\"},{\"@type\":\"Organization\",\"@id\":\"https:\/\/dumoulin.absoludev.ca\/#organization\",\"name\":\"Dumoulin Bicyclettes\",\"url\":\"https:\/\/dumoulin.absoludev.ca\/\",\"logo\":{\"@type\":\"ImageObject\",\"inLanguage\":\"en-US\",\"@id\":\"https:\/\/dumoulin.absoludev.ca\/#\/schema\/logo\/image\/\",\"url\":\"https:\/\/www.dumoulinbicyclettes.com\/wp-content\/uploads\/2021\/04\/Logo.svg\",\"contentUrl\":\"https:\/\/www.dumoulinbicyclettes.com\/wp-content\/uploads\/2021\/04\/Logo.svg\",\"width\":254,\"height\":86,\"caption\":\"Dumoulin Bicyclettes\"},\"image\":{\"@id\":\"https:\/\/dumoulin.absoludev.ca\/#\/schema\/logo\/image\/\"},\"sameAs\":[\"https:\/\/www.facebook.com\/dumoulinbicyclettes\",\"https:\/\/www.instagram.com\/dumoulin.ca\/\",\"https:\/\/www.youtube.com\/user\/dumoulinbicyclettes\"]}]}<\/script>\n<!-- \/ Yoast SEO plugin. -->","yoast_head_json":{"title":"Sac de messager Burley Travoy \"Transit Messenger Bag\" - Dumoulin Bicyclettes","description":"Le sac de messager Burley Travoy s'utilise en duo avec la remorque Burley. Hors du v\u00e9lo, il ressemble \u00e0 un sac de messager \u00e9l\u00e9gant et pratique.","robots":{"index":"noindex","follow":"follow","max-snippet":"max-snippet:-1","max-image-preview":"max-image-preview:large","max-video-preview":"max-video-preview:-1"},"og_locale":"en_US","og_type":"article","og_title":"Sac de messager Burley Travoy \"Transit Messenger Bag\" - Dumoulin Bicyclettes","og_description":"Le sac de messager Burley Travoy s'utilise en duo avec la remorque Burley. Hors du v\u00e9lo, il ressemble \u00e0 un sac de messager \u00e9l\u00e9gant et pratique.","og_url":"https:\/\/dumoulin.absoludev.ca\/produit\/burley-travoy-transit-messenger-bag-noir\/","og_site_name":"Dumoulin Bicyclettes","article_publisher":"https:\/\/www.facebook.com\/dumoulinbicyclettes","article_modified_time":"2025-09-04T18:15:23+00:00","og_image":[{"width":2000,"height":2000,"url":"https:\/\/dumoulin.absoludev.ca\/wp-content\/uploads\/2021\/11\/transit-messenger-main.jpg","type":"image\/jpeg"}],"twitter_card":"summary_large_image","twitter_misc":{"Est. reading time":"1 minute"},"schema":{"@context":"https:\/\/schema.org","@graph":[{"@type":"WebPage","@id":"https:\/\/dumoulin.absoludev.ca\/produit\/burley-travoy-transit-messenger-bag-noir\/","url":"https:\/\/dumoulin.absoludev.ca\/produit\/burley-travoy-transit-messenger-bag-noir\/","name":"Sac de messager Burley Travoy \"Transit Messenger Bag\" - Dumoulin Bicyclettes","isPartOf":{"@id":"https:\/\/dumoulin.absoludev.ca\/#website"},"primaryImageOfPage":{"@id":"https:\/\/dumoulin.absoludev.ca\/produit\/burley-travoy-transit-messenger-bag-noir\/#primaryimage"},"image":{"@id":"https:\/\/dumoulin.absoludev.ca\/produit\/burley-travoy-transit-messenger-bag-noir\/#primaryimage"},"thumbnailUrl":"https:\/\/dumoulin.absoludev.ca\/wp-content\/uploads\/2021\/11\/transit-messenger-main.jpg","datePublished":"2022-05-16T18:21:30+00:00","dateModified":"2025-09-04T18:15:23+00:00","description":"Le sac de messager Burley Travoy s'utilise en duo avec la remorque Burley. Hors du v\u00e9lo, il ressemble \u00e0 un sac de messager \u00e9l\u00e9gant et pratique.","breadcrumb":{"@id":"https:\/\/dumoulin.absoludev.ca\/produit\/burley-travoy-transit-messenger-bag-noir\/#breadcrumb"},"inLanguage":"en-US","potentialAction":[{"@type":"ReadAction","target":["https:\/\/dumoulin.absoludev.ca\/produit\/burley-travoy-transit-messenger-bag-noir\/"]}]},{"@type":"ImageObject","inLanguage":"en-US","@id":"https:\/\/dumoulin.absoludev.ca\/produit\/burley-travoy-transit-messenger-bag-noir\/#primaryimage","url":"https:\/\/dumoulin.absoludev.ca\/wp-content\/uploads\/2021\/11\/transit-messenger-main.jpg","contentUrl":"https:\/\/dumoulin.absoludev.ca\/wp-content\/uploads\/2021\/11\/transit-messenger-main.jpg","width":2000,"height":2000,"caption":"Burley_travoy_transit_messenger_bag"},{"@type":"BreadcrumbList","@id":"https:\/\/dumoulin.absoludev.ca\/produit\/burley-travoy-transit-messenger-bag-noir\/#breadcrumb","itemListElement":[{"@type":"ListItem","position":1,"name":"Home","item":"https:\/\/dumoulin.absoludev.ca\/en\/"},{"@type":"ListItem","position":2,"name":"Shop","item":"https:\/\/dumoulin.absoludev.ca\/en\/shop\/"},{"@type":"ListItem","position":3,"name":"Sac de messager Burley Travoy \u00ab\u00a0Transit Messenger Bag\u00a0\u00bb"}]},{"@type":"WebSite","@id":"https:\/\/dumoulin.absoludev.ca\/#website","url":"https:\/\/dumoulin.absoludev.ca\/","name":"Dumoulin Bicyclettes","description":"","publisher":{"@id":"https:\/\/dumoulin.absoludev.ca\/#organization"},"potentialAction":[{"@type":"SearchAction","target":{"@type":"EntryPoint","urlTemplate":"https:\/\/dumoulin.absoludev.ca\/?s={search_term_string}"},"query-input":{"@type":"PropertyValueSpecification","valueRequired":true,"valueName":"search_term_string"}}],"inLanguage":"en-US"},{"@type":"Organization","@id":"https:\/\/dumoulin.absoludev.ca\/#organization","name":"Dumoulin Bicyclettes","url":"https:\/\/dumoulin.absoludev.ca\/","logo":{"@type":"ImageObject","inLanguage":"en-US","@id":"https:\/\/dumoulin.absoludev.ca\/#\/schema\/logo\/image\/","url":"https:\/\/www.dumoulinbicyclettes.com\/wp-content\/uploads\/2021\/04\/Logo.svg","contentUrl":"https:\/\/www.dumoulinbicyclettes.com\/wp-content\/uploads\/2021\/04\/Logo.svg","width":254,"height":86,"caption":"Dumoulin Bicyclettes"},"image":{"@id":"https:\/\/dumoulin.absoludev.ca\/#\/schema\/logo\/image\/"},"sameAs":["https:\/\/www.facebook.com\/dumoulinbicyclettes","https:\/\/www.instagram.com\/dumoulin.ca\/","https:\/\/www.youtube.com\/user\/dumoulinbicyclettes"]}]}},"_links":{"self":[{"href":"https:\/\/dumoulin.absoludev.ca\/en\/wp-json\/wp\/v2\/product\/75566","targetHints":{"allow":["GET"]}}],"collection":[{"href":"https:\/\/dumoulin.absoludev.ca\/en\/wp-json\/wp\/v2\/product"}],"about":[{"href":"https:\/\/dumoulin.absoludev.ca\/en\/wp-json\/wp\/v2\/types\/product"}],"wp:featuredmedia":[{"embeddable":true,"href":"https:\/\/dumoulin.absoludev.ca\/en\/wp-json\/wp\/v2\/media\/22638"}],"wp:attachment":[{"href":"https:\/\/dumoulin.absoludev.ca\/en\/wp-json\/wp\/v2\/media?parent=75566"}],"wp:term":[{"taxonomy":"product_brand","embeddable":true,"href":"https:\/\/dumoulin.absoludev.ca\/en\/wp-json\/wp\/v2\/product_brand?post=75566"},{"taxonomy":"product_cat","embeddable":true,"href":"https:\/\/dumoulin.absoludev.ca\/en\/wp-json\/wp\/v2\/product_cat?post=75566"},{"taxonomy":"product_tag","embeddable":true,"href":"https:\/\/dumoulin.absoludev.ca\/en\/wp-json\/wp\/v2\/product_tag?post=75566"},{"taxonomy":"marque-produit","embeddable":true,"href":"https:\/\/dumoulin.absoludev.ca\/en\/wp-json\/wp\/v2\/marque-produit?post=75566"},{"taxonomy":"collection-produit","embeddable":true,"href":"https:\/\/dumoulin.absoludev.ca\/en\/wp-json\/wp\/v2\/collection-produit?post=75566"},{"taxonomy":"type-surface-produit","embeddable":true,"href":"https:\/\/dumoulin.absoludev.ca\/en\/wp-json\/wp\/v2\/type-surface-produit?post=75566"},{"taxonomy":"type-velo-produit","embeddable":true,"href":"https:\/\/dumoulin.absoludev.ca\/en\/wp-json\/wp\/v2\/type-velo-produit?post=75566"},{"taxonomy":"vetement-produit","embeddable":true,"href":"https:\/\/dumoulin.absoludev.ca\/en\/wp-json\/wp\/v2\/vetement-produit?post=75566"},{"taxonomy":"thematique-produit","embeddable":true,"href":"https:\/\/dumoulin.absoludev.ca\/en\/wp-json\/wp\/v2\/thematique-produit?post=75566"},{"taxonomy":"position-sur-le-v\u00e9lo","embeddable":true,"href":"https:\/\/dumoulin.absoludev.ca\/en\/wp-json\/wp\/v2\/position-sur-le-v\u00e9lo?post=75566"}],"curies":[{"name":"wp","href":"https:\/\/api.w.org\/{rel}","templated":true}]}}