{"id":75560,"date":"2022-05-16T14:21:28","date_gmt":"2022-05-16T18:21:28","guid":{"rendered":"http:\/\/www.dumoulinbicyclettes.com\/?post_type=product&#038;p=75560"},"modified":"2025-09-04T14:15:21","modified_gmt":"2025-09-04T18:15:21","slug":"schwalbe-one-brompton","status":"publish","type":"product","link":"https:\/\/dumoulin.absoludev.ca\/en\/produit\/schwalbe-one-brompton\/","title":{"rendered":"Pneu Schwalbe One (Brompton)"},"content":{"rendered":"<p>Des nouveaux pneus, \u00e7a donne de l&#8217;enthousiasme&#8230; presque autant que lors de la r\u00e9ception d&#8217;un nouveau v\u00e9lo! Surtout lorsqu&#8217;ils sont de la qualit\u00e9 de ces superbes Schwalbe One. Faites enfiler des chaussons \u00e0 votre Brompton : il roulera avec souplesse et confort !<\/p>\n<p>\n\u2022Pneus lisses, avec un profil \u00e9troit, pour les d\u00e9placements quotidiens rapides et vitamin\u00e9s ;<\/p>\n<p>\u2022Pneus pliables pour plus de souplesse et un poids moins \u00e9lev\u00e9 ;<\/p>\n<p>\u2022Allure incroyable et efficacit\u00e9 all\u00e9chante pour vos randos rapides.<\/p>\n","protected":false},"excerpt":{"rendered":"<p>Des nouveaux pneus, \u00e7a donne de l&#8217;enthousiasme&#8230; presque autant que lors de la r\u00e9ception d&#8217;un nouveau v\u00e9lo! Surtout lorsqu&#8217;ils sont de la qualit\u00e9 de ces superbes Schwalbe One. Faites enfiler des chaussons \u00e0 votre Brompton : il roulera avec souplesse et confort ! \u2022Pneus lisses, avec un profil \u00e9troit, pour les d\u00e9placements quotidiens rapides et [&hellip;]<\/p>\n","protected":false},"featured_media":75561,"template":"","meta":{"_acf_changed":false},"product_brand":[],"product_cat":[226,230,219],"product_tag":[2243,2242,2244,2239],"marque-produit":[1336],"collection-produit":[2885],"type-surface-produit":[1245],"type-velo-produit":[1253],"vetement-produit":[],"thematique-produit":[],"position-sur-le-v\u00e9lo":[],"class_list":{"0":"post-75560","1":"product","2":"type-product","3":"status-publish","4":"has-post-thumbnail","6":"product_cat-pneus","7":"product_cat-pneus-de-velo-pliable","8":"product_cat-roues-pneus-et-chambres-a-air","9":"product_tag-2243","10":"product_tag-brompton","11":"product_tag-pneu","12":"product_tag-schwalbe","13":"marque-produit-schwalbe","14":"collection-produit-pieces-et-composantes","15":"type-surface-produit-route","16":"type-velo-produit-pliables","18":"first","19":"outofstock","20":"taxable","21":"shipping-taxable","22":"purchasable","23":"product-type-simple"},"acf":[],"yoast_head":"<!-- This site is optimized with the Yoast SEO plugin v24.3 - https:\/\/yoast.com\/wordpress\/plugins\/seo\/ -->\n<title>Pneu Schwalbe One (Brompton) - Dumoulin Bicyclettes<\/title>\n<meta name=\"description\" content=\"Les pneus Schwalbe One habillent votre Brompton avec un style et fulgurance. Ce sont pourtant bien des chaussons confortables et agr\u00e9ables!\" \/>\n<meta name=\"robots\" content=\"noindex, follow, max-snippet:-1, max-image-preview:large, max-video-preview:-1\" \/>\n<meta property=\"og:locale\" content=\"en_US\" \/>\n<meta property=\"og:type\" content=\"article\" \/>\n<meta property=\"og:title\" content=\"Pneu Schwalbe One (Brompton) - Dumoulin Bicyclettes\" \/>\n<meta property=\"og:description\" content=\"Les pneus Schwalbe One habillent votre Brompton avec un style et fulgurance. Ce sont pourtant bien des chaussons confortables et agr\u00e9ables!\" \/>\n<meta property=\"og:url\" content=\"https:\/\/dumoulin.absoludev.ca\/produit\/schwalbe-one-brompton\/\" \/>\n<meta property=\"og:site_name\" content=\"Dumoulin Bicyclettes\" \/>\n<meta property=\"article:publisher\" content=\"https:\/\/www.facebook.com\/dumoulinbicyclettes\" \/>\n<meta property=\"article:modified_time\" content=\"2025-09-04T18:15:21+00:00\" \/>\n<meta property=\"og:image\" content=\"https:\/\/dumoulin.absoludev.ca\/wp-content\/uploads\/2022\/05\/Brompton-CHPT3-171018-5.jpg\" \/>\n\t<meta property=\"og:image:width\" content=\"1024\" \/>\n\t<meta property=\"og:image:height\" content=\"683\" \/>\n\t<meta property=\"og:image:type\" content=\"image\/jpeg\" \/>\n<meta name=\"twitter:card\" content=\"summary_large_image\" \/>\n<meta name=\"twitter:label1\" content=\"Est. reading time\" \/>\n\t<meta name=\"twitter:data1\" content=\"1 minute\" \/>\n<script type=\"application\/ld+json\" class=\"yoast-schema-graph\">{\"@context\":\"https:\/\/schema.org\",\"@graph\":[{\"@type\":\"WebPage\",\"@id\":\"https:\/\/dumoulin.absoludev.ca\/produit\/schwalbe-one-brompton\/\",\"url\":\"https:\/\/dumoulin.absoludev.ca\/produit\/schwalbe-one-brompton\/\",\"name\":\"Pneu Schwalbe One (Brompton) - Dumoulin Bicyclettes\",\"isPartOf\":{\"@id\":\"https:\/\/dumoulin.absoludev.ca\/#website\"},\"primaryImageOfPage\":{\"@id\":\"https:\/\/dumoulin.absoludev.ca\/produit\/schwalbe-one-brompton\/#primaryimage\"},\"image\":{\"@id\":\"https:\/\/dumoulin.absoludev.ca\/produit\/schwalbe-one-brompton\/#primaryimage\"},\"thumbnailUrl\":\"https:\/\/dumoulin.absoludev.ca\/wp-content\/uploads\/2022\/05\/Brompton-CHPT3-171018-5.jpg\",\"datePublished\":\"2022-05-16T18:21:28+00:00\",\"dateModified\":\"2025-09-04T18:15:21+00:00\",\"description\":\"Les pneus Schwalbe One habillent votre Brompton avec un style et fulgurance. Ce sont pourtant bien des chaussons confortables et agr\u00e9ables!\",\"breadcrumb\":{\"@id\":\"https:\/\/dumoulin.absoludev.ca\/produit\/schwalbe-one-brompton\/#breadcrumb\"},\"inLanguage\":\"en-US\",\"potentialAction\":[{\"@type\":\"ReadAction\",\"target\":[\"https:\/\/dumoulin.absoludev.ca\/produit\/schwalbe-one-brompton\/\"]}]},{\"@type\":\"ImageObject\",\"inLanguage\":\"en-US\",\"@id\":\"https:\/\/dumoulin.absoludev.ca\/produit\/schwalbe-one-brompton\/#primaryimage\",\"url\":\"https:\/\/dumoulin.absoludev.ca\/wp-content\/uploads\/2022\/05\/Brompton-CHPT3-171018-5.jpg\",\"contentUrl\":\"https:\/\/dumoulin.absoludev.ca\/wp-content\/uploads\/2022\/05\/Brompton-CHPT3-171018-5.jpg\",\"width\":1024,\"height\":683},{\"@type\":\"BreadcrumbList\",\"@id\":\"https:\/\/dumoulin.absoludev.ca\/produit\/schwalbe-one-brompton\/#breadcrumb\",\"itemListElement\":[{\"@type\":\"ListItem\",\"position\":1,\"name\":\"Home\",\"item\":\"https:\/\/dumoulin.absoludev.ca\/en\/\"},{\"@type\":\"ListItem\",\"position\":2,\"name\":\"Shop\",\"item\":\"https:\/\/dumoulin.absoludev.ca\/en\/shop\/\"},{\"@type\":\"ListItem\",\"position\":3,\"name\":\"Pneu Schwalbe One (Brompton)\"}]},{\"@type\":\"WebSite\",\"@id\":\"https:\/\/dumoulin.absoludev.ca\/#website\",\"url\":\"https:\/\/dumoulin.absoludev.ca\/\",\"name\":\"Dumoulin Bicyclettes\",\"description\":\"\",\"publisher\":{\"@id\":\"https:\/\/dumoulin.absoludev.ca\/#organization\"},\"potentialAction\":[{\"@type\":\"SearchAction\",\"target\":{\"@type\":\"EntryPoint\",\"urlTemplate\":\"https:\/\/dumoulin.absoludev.ca\/?s={search_term_string}\"},\"query-input\":{\"@type\":\"PropertyValueSpecification\",\"valueRequired\":true,\"valueName\":\"search_term_string\"}}],\"inLanguage\":\"en-US\"},{\"@type\":\"Organization\",\"@id\":\"https:\/\/dumoulin.absoludev.ca\/#organization\",\"name\":\"Dumoulin Bicyclettes\",\"url\":\"https:\/\/dumoulin.absoludev.ca\/\",\"logo\":{\"@type\":\"ImageObject\",\"inLanguage\":\"en-US\",\"@id\":\"https:\/\/dumoulin.absoludev.ca\/#\/schema\/logo\/image\/\",\"url\":\"https:\/\/www.dumoulinbicyclettes.com\/wp-content\/uploads\/2021\/04\/Logo.svg\",\"contentUrl\":\"https:\/\/www.dumoulinbicyclettes.com\/wp-content\/uploads\/2021\/04\/Logo.svg\",\"width\":254,\"height\":86,\"caption\":\"Dumoulin Bicyclettes\"},\"image\":{\"@id\":\"https:\/\/dumoulin.absoludev.ca\/#\/schema\/logo\/image\/\"},\"sameAs\":[\"https:\/\/www.facebook.com\/dumoulinbicyclettes\",\"https:\/\/www.instagram.com\/dumoulin.ca\/\",\"https:\/\/www.youtube.com\/user\/dumoulinbicyclettes\"]}]}<\/script>\n<!-- \/ Yoast SEO plugin. -->","yoast_head_json":{"title":"Pneu Schwalbe One (Brompton) - Dumoulin Bicyclettes","description":"Les pneus Schwalbe One habillent votre Brompton avec un style et fulgurance. Ce sont pourtant bien des chaussons confortables et agr\u00e9ables!","robots":{"index":"noindex","follow":"follow","max-snippet":"max-snippet:-1","max-image-preview":"max-image-preview:large","max-video-preview":"max-video-preview:-1"},"og_locale":"en_US","og_type":"article","og_title":"Pneu Schwalbe One (Brompton) - Dumoulin Bicyclettes","og_description":"Les pneus Schwalbe One habillent votre Brompton avec un style et fulgurance. Ce sont pourtant bien des chaussons confortables et agr\u00e9ables!","og_url":"https:\/\/dumoulin.absoludev.ca\/produit\/schwalbe-one-brompton\/","og_site_name":"Dumoulin Bicyclettes","article_publisher":"https:\/\/www.facebook.com\/dumoulinbicyclettes","article_modified_time":"2025-09-04T18:15:21+00:00","og_image":[{"width":1024,"height":683,"url":"https:\/\/dumoulin.absoludev.ca\/wp-content\/uploads\/2022\/05\/Brompton-CHPT3-171018-5.jpg","type":"image\/jpeg"}],"twitter_card":"summary_large_image","twitter_misc":{"Est. reading time":"1 minute"},"schema":{"@context":"https:\/\/schema.org","@graph":[{"@type":"WebPage","@id":"https:\/\/dumoulin.absoludev.ca\/produit\/schwalbe-one-brompton\/","url":"https:\/\/dumoulin.absoludev.ca\/produit\/schwalbe-one-brompton\/","name":"Pneu Schwalbe One (Brompton) - Dumoulin Bicyclettes","isPartOf":{"@id":"https:\/\/dumoulin.absoludev.ca\/#website"},"primaryImageOfPage":{"@id":"https:\/\/dumoulin.absoludev.ca\/produit\/schwalbe-one-brompton\/#primaryimage"},"image":{"@id":"https:\/\/dumoulin.absoludev.ca\/produit\/schwalbe-one-brompton\/#primaryimage"},"thumbnailUrl":"https:\/\/dumoulin.absoludev.ca\/wp-content\/uploads\/2022\/05\/Brompton-CHPT3-171018-5.jpg","datePublished":"2022-05-16T18:21:28+00:00","dateModified":"2025-09-04T18:15:21+00:00","description":"Les pneus Schwalbe One habillent votre Brompton avec un style et fulgurance. Ce sont pourtant bien des chaussons confortables et agr\u00e9ables!","breadcrumb":{"@id":"https:\/\/dumoulin.absoludev.ca\/produit\/schwalbe-one-brompton\/#breadcrumb"},"inLanguage":"en-US","potentialAction":[{"@type":"ReadAction","target":["https:\/\/dumoulin.absoludev.ca\/produit\/schwalbe-one-brompton\/"]}]},{"@type":"ImageObject","inLanguage":"en-US","@id":"https:\/\/dumoulin.absoludev.ca\/produit\/schwalbe-one-brompton\/#primaryimage","url":"https:\/\/dumoulin.absoludev.ca\/wp-content\/uploads\/2022\/05\/Brompton-CHPT3-171018-5.jpg","contentUrl":"https:\/\/dumoulin.absoludev.ca\/wp-content\/uploads\/2022\/05\/Brompton-CHPT3-171018-5.jpg","width":1024,"height":683},{"@type":"BreadcrumbList","@id":"https:\/\/dumoulin.absoludev.ca\/produit\/schwalbe-one-brompton\/#breadcrumb","itemListElement":[{"@type":"ListItem","position":1,"name":"Home","item":"https:\/\/dumoulin.absoludev.ca\/en\/"},{"@type":"ListItem","position":2,"name":"Shop","item":"https:\/\/dumoulin.absoludev.ca\/en\/shop\/"},{"@type":"ListItem","position":3,"name":"Pneu Schwalbe One (Brompton)"}]},{"@type":"WebSite","@id":"https:\/\/dumoulin.absoludev.ca\/#website","url":"https:\/\/dumoulin.absoludev.ca\/","name":"Dumoulin Bicyclettes","description":"","publisher":{"@id":"https:\/\/dumoulin.absoludev.ca\/#organization"},"potentialAction":[{"@type":"SearchAction","target":{"@type":"EntryPoint","urlTemplate":"https:\/\/dumoulin.absoludev.ca\/?s={search_term_string}"},"query-input":{"@type":"PropertyValueSpecification","valueRequired":true,"valueName":"search_term_string"}}],"inLanguage":"en-US"},{"@type":"Organization","@id":"https:\/\/dumoulin.absoludev.ca\/#organization","name":"Dumoulin Bicyclettes","url":"https:\/\/dumoulin.absoludev.ca\/","logo":{"@type":"ImageObject","inLanguage":"en-US","@id":"https:\/\/dumoulin.absoludev.ca\/#\/schema\/logo\/image\/","url":"https:\/\/www.dumoulinbicyclettes.com\/wp-content\/uploads\/2021\/04\/Logo.svg","contentUrl":"https:\/\/www.dumoulinbicyclettes.com\/wp-content\/uploads\/2021\/04\/Logo.svg","width":254,"height":86,"caption":"Dumoulin Bicyclettes"},"image":{"@id":"https:\/\/dumoulin.absoludev.ca\/#\/schema\/logo\/image\/"},"sameAs":["https:\/\/www.facebook.com\/dumoulinbicyclettes","https:\/\/www.instagram.com\/dumoulin.ca\/","https:\/\/www.youtube.com\/user\/dumoulinbicyclettes"]}]}},"_links":{"self":[{"href":"https:\/\/dumoulin.absoludev.ca\/en\/wp-json\/wp\/v2\/product\/75560","targetHints":{"allow":["GET"]}}],"collection":[{"href":"https:\/\/dumoulin.absoludev.ca\/en\/wp-json\/wp\/v2\/product"}],"about":[{"href":"https:\/\/dumoulin.absoludev.ca\/en\/wp-json\/wp\/v2\/types\/product"}],"wp:featuredmedia":[{"embeddable":true,"href":"https:\/\/dumoulin.absoludev.ca\/en\/wp-json\/wp\/v2\/media\/75561"}],"wp:attachment":[{"href":"https:\/\/dumoulin.absoludev.ca\/en\/wp-json\/wp\/v2\/media?parent=75560"}],"wp:term":[{"taxonomy":"product_brand","embeddable":true,"href":"https:\/\/dumoulin.absoludev.ca\/en\/wp-json\/wp\/v2\/product_brand?post=75560"},{"taxonomy":"product_cat","embeddable":true,"href":"https:\/\/dumoulin.absoludev.ca\/en\/wp-json\/wp\/v2\/product_cat?post=75560"},{"taxonomy":"product_tag","embeddable":true,"href":"https:\/\/dumoulin.absoludev.ca\/en\/wp-json\/wp\/v2\/product_tag?post=75560"},{"taxonomy":"marque-produit","embeddable":true,"href":"https:\/\/dumoulin.absoludev.ca\/en\/wp-json\/wp\/v2\/marque-produit?post=75560"},{"taxonomy":"collection-produit","embeddable":true,"href":"https:\/\/dumoulin.absoludev.ca\/en\/wp-json\/wp\/v2\/collection-produit?post=75560"},{"taxonomy":"type-surface-produit","embeddable":true,"href":"https:\/\/dumoulin.absoludev.ca\/en\/wp-json\/wp\/v2\/type-surface-produit?post=75560"},{"taxonomy":"type-velo-produit","embeddable":true,"href":"https:\/\/dumoulin.absoludev.ca\/en\/wp-json\/wp\/v2\/type-velo-produit?post=75560"},{"taxonomy":"vetement-produit","embeddable":true,"href":"https:\/\/dumoulin.absoludev.ca\/en\/wp-json\/wp\/v2\/vetement-produit?post=75560"},{"taxonomy":"thematique-produit","embeddable":true,"href":"https:\/\/dumoulin.absoludev.ca\/en\/wp-json\/wp\/v2\/thematique-produit?post=75560"},{"taxonomy":"position-sur-le-v\u00e9lo","embeddable":true,"href":"https:\/\/dumoulin.absoludev.ca\/en\/wp-json\/wp\/v2\/position-sur-le-v\u00e9lo?post=75560"}],"curies":[{"name":"wp","href":"https:\/\/api.w.org\/{rel}","templated":true}]}}