{"id":75552,"date":"2022-05-16T14:21:27","date_gmt":"2022-05-16T18:21:27","guid":{"rendered":"http:\/\/www.dumoulinbicyclettes.com\/?post_type=product&#038;p=75552"},"modified":"2025-09-04T14:15:17","modified_gmt":"2025-09-04T18:15:17","slug":"support-brompton-pour-telephone-quadlock-avec-adaptateur","status":"publish","type":"product","link":"https:\/\/dumoulin.absoludev.ca\/en\/produit\/support-brompton-pour-telephone-quadlock-avec-adaptateur\/","title":{"rendered":"SUPPORT BROMPTON POUR TELEPHONE (QUADLOCK), AVEC ADAPTATEUR"},"content":{"rendered":"<p>Le support pour t\u00e9l\u00e9phone intelligent Quadlock\/Brompton permet d&#8217;utiliser des applications de g\u00e9olocalisation, ou encore de se connecter \u00e0 l&#8217;application Brompton pour contr\u00f4ler son v\u00e9lo \u00e9lectrique ou tout simplement lire ses statistiques de trajets.<\/p>\n<p>Le syst\u00e8me quadlock est tr\u00e8s l\u00e9ger et parmi les plus fiables du march\u00e9 : votre t\u00e9l\u00e9phone est fermement install\u00e9 sur le guidon et vous pouvez lire tr\u00e8s facilement l&#8217;\u00e9cran.<\/p>\n<p>Pour installer le t\u00e9l\u00e9phone sur le support, poussez, tournez, &#8220;clic&#8221;, c&#8217;est fait !<\/p>\n<p>Continuez \u00e0 observer la route et ne textez pas au guidon : c&#8217;est certain que \u00e7a peut attendre ! \ud83d\ude42<\/p>\n","protected":false},"excerpt":{"rendered":"<p>Le support pour t\u00e9l\u00e9phone intelligent Quadlock\/Brompton permet d&#8217;utiliser des applications de g\u00e9olocalisation, ou encore de se connecter \u00e0 l&#8217;application Brompton pour contr\u00f4ler son v\u00e9lo \u00e9lectrique ou tout simplement lire ses statistiques de trajets. Le syst\u00e8me quadlock est tr\u00e8s l\u00e9ger et parmi les plus fiables du march\u00e9 : votre t\u00e9l\u00e9phone est fermement install\u00e9 sur le guidon [&hellip;]<\/p>\n","protected":false},"featured_media":75553,"template":"","meta":{"_acf_changed":false},"product_brand":[],"product_cat":[184],"product_tag":[2242,2432,2431],"marque-produit":[153],"collection-produit":[],"type-surface-produit":[],"type-velo-produit":[1253,2167],"vetement-produit":[],"thematique-produit":[],"position-sur-le-v\u00e9lo":[],"class_list":{"0":"post-75552","1":"product","2":"type-product","3":"status-publish","4":"has-post-thumbnail","6":"product_cat-accessoires-pour-velo-pliable","7":"product_tag-brompton","8":"product_tag-quadlock","9":"product_tag-telephone","10":"marque-produit-brompton","11":"type-velo-produit-pliables","12":"type-velo-produit-pliables-en","14":"first","15":"instock","16":"taxable","17":"shipping-taxable","18":"purchasable","19":"product-type-simple"},"acf":[],"yoast_head":"<!-- This site is optimized with the Yoast SEO plugin v24.3 - https:\/\/yoast.com\/wordpress\/plugins\/seo\/ -->\n<title>SUPPORT BROMPTON POUR TELEPHONE (QUADLOCK), AVEC ADAPTATEUR - Dumoulin Bicyclettes<\/title>\n<meta name=\"robots\" content=\"noindex, follow, max-snippet:-1, max-image-preview:large, max-video-preview:-1\" \/>\n<meta property=\"og:locale\" content=\"en_US\" \/>\n<meta property=\"og:type\" content=\"article\" \/>\n<meta property=\"og:title\" content=\"SUPPORT BROMPTON POUR TELEPHONE (QUADLOCK), AVEC ADAPTATEUR - Dumoulin Bicyclettes\" \/>\n<meta property=\"og:description\" content=\"Le support pour t\u00e9l\u00e9phone intelligent Quadlock\/Brompton permet d&#8217;utiliser des applications de g\u00e9olocalisation, ou encore de se connecter \u00e0 l&#8217;application Brompton pour contr\u00f4ler son v\u00e9lo \u00e9lectrique ou tout simplement lire ses statistiques de trajets. Le syst\u00e8me quadlock est tr\u00e8s l\u00e9ger et parmi les plus fiables du march\u00e9 : votre t\u00e9l\u00e9phone est fermement install\u00e9 sur le guidon [&hellip;]\" \/>\n<meta property=\"og:url\" content=\"https:\/\/dumoulin.absoludev.ca\/en\/produit\/support-brompton-pour-telephone-quadlock-avec-adaptateur\/\" \/>\n<meta property=\"og:site_name\" content=\"Dumoulin Bicyclettes\" \/>\n<meta property=\"article:publisher\" content=\"https:\/\/www.facebook.com\/dumoulinbicyclettes\" \/>\n<meta property=\"article:modified_time\" content=\"2025-09-04T18:15:17+00:00\" \/>\n<meta property=\"og:image\" content=\"https:\/\/dumoulin.absoludev.ca\/wp-content\/uploads\/2022\/05\/Adaptateur_Brompton_Phone-Mount_Q102477.jpg\" \/>\n\t<meta property=\"og:image:width\" content=\"700\" \/>\n\t<meta property=\"og:image:height\" content=\"500\" \/>\n\t<meta property=\"og:image:type\" content=\"image\/jpeg\" \/>\n<meta name=\"twitter:card\" content=\"summary_large_image\" \/>\n<meta name=\"twitter:label1\" content=\"Est. reading time\" \/>\n\t<meta name=\"twitter:data1\" content=\"1 minute\" \/>\n<script type=\"application\/ld+json\" class=\"yoast-schema-graph\">{\"@context\":\"https:\/\/schema.org\",\"@graph\":[{\"@type\":\"WebPage\",\"@id\":\"https:\/\/dumoulin.absoludev.ca\/en\/produit\/support-brompton-pour-telephone-quadlock-avec-adaptateur\/\",\"url\":\"https:\/\/dumoulin.absoludev.ca\/en\/produit\/support-brompton-pour-telephone-quadlock-avec-adaptateur\/\",\"name\":\"SUPPORT BROMPTON POUR TELEPHONE (QUADLOCK), AVEC ADAPTATEUR - Dumoulin Bicyclettes\",\"isPartOf\":{\"@id\":\"https:\/\/dumoulin.absoludev.ca\/#website\"},\"primaryImageOfPage\":{\"@id\":\"https:\/\/dumoulin.absoludev.ca\/en\/produit\/support-brompton-pour-telephone-quadlock-avec-adaptateur\/#primaryimage\"},\"image\":{\"@id\":\"https:\/\/dumoulin.absoludev.ca\/en\/produit\/support-brompton-pour-telephone-quadlock-avec-adaptateur\/#primaryimage\"},\"thumbnailUrl\":\"https:\/\/dumoulin.absoludev.ca\/wp-content\/uploads\/2022\/05\/Adaptateur_Brompton_Phone-Mount_Q102477.jpg\",\"datePublished\":\"2022-05-16T18:21:27+00:00\",\"dateModified\":\"2025-09-04T18:15:17+00:00\",\"breadcrumb\":{\"@id\":\"https:\/\/dumoulin.absoludev.ca\/en\/produit\/support-brompton-pour-telephone-quadlock-avec-adaptateur\/#breadcrumb\"},\"inLanguage\":\"en-US\",\"potentialAction\":[{\"@type\":\"ReadAction\",\"target\":[\"https:\/\/dumoulin.absoludev.ca\/en\/produit\/support-brompton-pour-telephone-quadlock-avec-adaptateur\/\"]}]},{\"@type\":\"ImageObject\",\"inLanguage\":\"en-US\",\"@id\":\"https:\/\/dumoulin.absoludev.ca\/en\/produit\/support-brompton-pour-telephone-quadlock-avec-adaptateur\/#primaryimage\",\"url\":\"https:\/\/dumoulin.absoludev.ca\/wp-content\/uploads\/2022\/05\/Adaptateur_Brompton_Phone-Mount_Q102477.jpg\",\"contentUrl\":\"https:\/\/dumoulin.absoludev.ca\/wp-content\/uploads\/2022\/05\/Adaptateur_Brompton_Phone-Mount_Q102477.jpg\",\"width\":700,\"height\":500},{\"@type\":\"BreadcrumbList\",\"@id\":\"https:\/\/dumoulin.absoludev.ca\/en\/produit\/support-brompton-pour-telephone-quadlock-avec-adaptateur\/#breadcrumb\",\"itemListElement\":[{\"@type\":\"ListItem\",\"position\":1,\"name\":\"Home\",\"item\":\"https:\/\/dumoulin.absoludev.ca\/en\/\"},{\"@type\":\"ListItem\",\"position\":2,\"name\":\"Shop\",\"item\":\"https:\/\/dumoulin.absoludev.ca\/en\/shop\/\"},{\"@type\":\"ListItem\",\"position\":3,\"name\":\"SUPPORT BROMPTON POUR TELEPHONE (QUADLOCK), AVEC ADAPTATEUR\"}]},{\"@type\":\"WebSite\",\"@id\":\"https:\/\/dumoulin.absoludev.ca\/#website\",\"url\":\"https:\/\/dumoulin.absoludev.ca\/\",\"name\":\"Dumoulin Bicyclettes\",\"description\":\"\",\"publisher\":{\"@id\":\"https:\/\/dumoulin.absoludev.ca\/#organization\"},\"potentialAction\":[{\"@type\":\"SearchAction\",\"target\":{\"@type\":\"EntryPoint\",\"urlTemplate\":\"https:\/\/dumoulin.absoludev.ca\/?s={search_term_string}\"},\"query-input\":{\"@type\":\"PropertyValueSpecification\",\"valueRequired\":true,\"valueName\":\"search_term_string\"}}],\"inLanguage\":\"en-US\"},{\"@type\":\"Organization\",\"@id\":\"https:\/\/dumoulin.absoludev.ca\/#organization\",\"name\":\"Dumoulin Bicyclettes\",\"url\":\"https:\/\/dumoulin.absoludev.ca\/\",\"logo\":{\"@type\":\"ImageObject\",\"inLanguage\":\"en-US\",\"@id\":\"https:\/\/dumoulin.absoludev.ca\/#\/schema\/logo\/image\/\",\"url\":\"https:\/\/www.dumoulinbicyclettes.com\/wp-content\/uploads\/2021\/04\/Logo.svg\",\"contentUrl\":\"https:\/\/www.dumoulinbicyclettes.com\/wp-content\/uploads\/2021\/04\/Logo.svg\",\"width\":254,\"height\":86,\"caption\":\"Dumoulin Bicyclettes\"},\"image\":{\"@id\":\"https:\/\/dumoulin.absoludev.ca\/#\/schema\/logo\/image\/\"},\"sameAs\":[\"https:\/\/www.facebook.com\/dumoulinbicyclettes\",\"https:\/\/www.instagram.com\/dumoulin.ca\/\",\"https:\/\/www.youtube.com\/user\/dumoulinbicyclettes\"]}]}<\/script>\n<!-- \/ Yoast SEO plugin. -->","yoast_head_json":{"title":"SUPPORT BROMPTON POUR TELEPHONE (QUADLOCK), AVEC ADAPTATEUR - Dumoulin Bicyclettes","robots":{"index":"noindex","follow":"follow","max-snippet":"max-snippet:-1","max-image-preview":"max-image-preview:large","max-video-preview":"max-video-preview:-1"},"og_locale":"en_US","og_type":"article","og_title":"SUPPORT BROMPTON POUR TELEPHONE (QUADLOCK), AVEC ADAPTATEUR - Dumoulin Bicyclettes","og_description":"Le support pour t\u00e9l\u00e9phone intelligent Quadlock\/Brompton permet d&#8217;utiliser des applications de g\u00e9olocalisation, ou encore de se connecter \u00e0 l&#8217;application Brompton pour contr\u00f4ler son v\u00e9lo \u00e9lectrique ou tout simplement lire ses statistiques de trajets. Le syst\u00e8me quadlock est tr\u00e8s l\u00e9ger et parmi les plus fiables du march\u00e9 : votre t\u00e9l\u00e9phone est fermement install\u00e9 sur le guidon [&hellip;]","og_url":"https:\/\/dumoulin.absoludev.ca\/en\/produit\/support-brompton-pour-telephone-quadlock-avec-adaptateur\/","og_site_name":"Dumoulin Bicyclettes","article_publisher":"https:\/\/www.facebook.com\/dumoulinbicyclettes","article_modified_time":"2025-09-04T18:15:17+00:00","og_image":[{"width":700,"height":500,"url":"https:\/\/dumoulin.absoludev.ca\/wp-content\/uploads\/2022\/05\/Adaptateur_Brompton_Phone-Mount_Q102477.jpg","type":"image\/jpeg"}],"twitter_card":"summary_large_image","twitter_misc":{"Est. reading time":"1 minute"},"schema":{"@context":"https:\/\/schema.org","@graph":[{"@type":"WebPage","@id":"https:\/\/dumoulin.absoludev.ca\/en\/produit\/support-brompton-pour-telephone-quadlock-avec-adaptateur\/","url":"https:\/\/dumoulin.absoludev.ca\/en\/produit\/support-brompton-pour-telephone-quadlock-avec-adaptateur\/","name":"SUPPORT BROMPTON POUR TELEPHONE (QUADLOCK), AVEC ADAPTATEUR - Dumoulin Bicyclettes","isPartOf":{"@id":"https:\/\/dumoulin.absoludev.ca\/#website"},"primaryImageOfPage":{"@id":"https:\/\/dumoulin.absoludev.ca\/en\/produit\/support-brompton-pour-telephone-quadlock-avec-adaptateur\/#primaryimage"},"image":{"@id":"https:\/\/dumoulin.absoludev.ca\/en\/produit\/support-brompton-pour-telephone-quadlock-avec-adaptateur\/#primaryimage"},"thumbnailUrl":"https:\/\/dumoulin.absoludev.ca\/wp-content\/uploads\/2022\/05\/Adaptateur_Brompton_Phone-Mount_Q102477.jpg","datePublished":"2022-05-16T18:21:27+00:00","dateModified":"2025-09-04T18:15:17+00:00","breadcrumb":{"@id":"https:\/\/dumoulin.absoludev.ca\/en\/produit\/support-brompton-pour-telephone-quadlock-avec-adaptateur\/#breadcrumb"},"inLanguage":"en-US","potentialAction":[{"@type":"ReadAction","target":["https:\/\/dumoulin.absoludev.ca\/en\/produit\/support-brompton-pour-telephone-quadlock-avec-adaptateur\/"]}]},{"@type":"ImageObject","inLanguage":"en-US","@id":"https:\/\/dumoulin.absoludev.ca\/en\/produit\/support-brompton-pour-telephone-quadlock-avec-adaptateur\/#primaryimage","url":"https:\/\/dumoulin.absoludev.ca\/wp-content\/uploads\/2022\/05\/Adaptateur_Brompton_Phone-Mount_Q102477.jpg","contentUrl":"https:\/\/dumoulin.absoludev.ca\/wp-content\/uploads\/2022\/05\/Adaptateur_Brompton_Phone-Mount_Q102477.jpg","width":700,"height":500},{"@type":"BreadcrumbList","@id":"https:\/\/dumoulin.absoludev.ca\/en\/produit\/support-brompton-pour-telephone-quadlock-avec-adaptateur\/#breadcrumb","itemListElement":[{"@type":"ListItem","position":1,"name":"Home","item":"https:\/\/dumoulin.absoludev.ca\/en\/"},{"@type":"ListItem","position":2,"name":"Shop","item":"https:\/\/dumoulin.absoludev.ca\/en\/shop\/"},{"@type":"ListItem","position":3,"name":"SUPPORT BROMPTON POUR TELEPHONE (QUADLOCK), AVEC ADAPTATEUR"}]},{"@type":"WebSite","@id":"https:\/\/dumoulin.absoludev.ca\/#website","url":"https:\/\/dumoulin.absoludev.ca\/","name":"Dumoulin Bicyclettes","description":"","publisher":{"@id":"https:\/\/dumoulin.absoludev.ca\/#organization"},"potentialAction":[{"@type":"SearchAction","target":{"@type":"EntryPoint","urlTemplate":"https:\/\/dumoulin.absoludev.ca\/?s={search_term_string}"},"query-input":{"@type":"PropertyValueSpecification","valueRequired":true,"valueName":"search_term_string"}}],"inLanguage":"en-US"},{"@type":"Organization","@id":"https:\/\/dumoulin.absoludev.ca\/#organization","name":"Dumoulin Bicyclettes","url":"https:\/\/dumoulin.absoludev.ca\/","logo":{"@type":"ImageObject","inLanguage":"en-US","@id":"https:\/\/dumoulin.absoludev.ca\/#\/schema\/logo\/image\/","url":"https:\/\/www.dumoulinbicyclettes.com\/wp-content\/uploads\/2021\/04\/Logo.svg","contentUrl":"https:\/\/www.dumoulinbicyclettes.com\/wp-content\/uploads\/2021\/04\/Logo.svg","width":254,"height":86,"caption":"Dumoulin Bicyclettes"},"image":{"@id":"https:\/\/dumoulin.absoludev.ca\/#\/schema\/logo\/image\/"},"sameAs":["https:\/\/www.facebook.com\/dumoulinbicyclettes","https:\/\/www.instagram.com\/dumoulin.ca\/","https:\/\/www.youtube.com\/user\/dumoulinbicyclettes"]}]}},"_links":{"self":[{"href":"https:\/\/dumoulin.absoludev.ca\/en\/wp-json\/wp\/v2\/product\/75552","targetHints":{"allow":["GET"]}}],"collection":[{"href":"https:\/\/dumoulin.absoludev.ca\/en\/wp-json\/wp\/v2\/product"}],"about":[{"href":"https:\/\/dumoulin.absoludev.ca\/en\/wp-json\/wp\/v2\/types\/product"}],"wp:featuredmedia":[{"embeddable":true,"href":"https:\/\/dumoulin.absoludev.ca\/en\/wp-json\/wp\/v2\/media\/75553"}],"wp:attachment":[{"href":"https:\/\/dumoulin.absoludev.ca\/en\/wp-json\/wp\/v2\/media?parent=75552"}],"wp:term":[{"taxonomy":"product_brand","embeddable":true,"href":"https:\/\/dumoulin.absoludev.ca\/en\/wp-json\/wp\/v2\/product_brand?post=75552"},{"taxonomy":"product_cat","embeddable":true,"href":"https:\/\/dumoulin.absoludev.ca\/en\/wp-json\/wp\/v2\/product_cat?post=75552"},{"taxonomy":"product_tag","embeddable":true,"href":"https:\/\/dumoulin.absoludev.ca\/en\/wp-json\/wp\/v2\/product_tag?post=75552"},{"taxonomy":"marque-produit","embeddable":true,"href":"https:\/\/dumoulin.absoludev.ca\/en\/wp-json\/wp\/v2\/marque-produit?post=75552"},{"taxonomy":"collection-produit","embeddable":true,"href":"https:\/\/dumoulin.absoludev.ca\/en\/wp-json\/wp\/v2\/collection-produit?post=75552"},{"taxonomy":"type-surface-produit","embeddable":true,"href":"https:\/\/dumoulin.absoludev.ca\/en\/wp-json\/wp\/v2\/type-surface-produit?post=75552"},{"taxonomy":"type-velo-produit","embeddable":true,"href":"https:\/\/dumoulin.absoludev.ca\/en\/wp-json\/wp\/v2\/type-velo-produit?post=75552"},{"taxonomy":"vetement-produit","embeddable":true,"href":"https:\/\/dumoulin.absoludev.ca\/en\/wp-json\/wp\/v2\/vetement-produit?post=75552"},{"taxonomy":"thematique-produit","embeddable":true,"href":"https:\/\/dumoulin.absoludev.ca\/en\/wp-json\/wp\/v2\/thematique-produit?post=75552"},{"taxonomy":"position-sur-le-v\u00e9lo","embeddable":true,"href":"https:\/\/dumoulin.absoludev.ca\/en\/wp-json\/wp\/v2\/position-sur-le-v\u00e9lo?post=75552"}],"curies":[{"name":"wp","href":"https:\/\/api.w.org\/{rel}","templated":true}]}}