{"id":75529,"date":"2022-05-16T14:21:24","date_gmt":"2022-05-16T18:21:24","guid":{"rendered":"http:\/\/www.dumoulinbicyclettes.com\/?post_type=product&#038;p=75529"},"modified":"2025-09-04T14:15:10","modified_gmt":"2025-09-04T18:15:10","slug":"lumiere-dynamo-arr-buschmuller-toplight-line-small-led","status":"publish","type":"product","link":"https:\/\/dumoulin.absoludev.ca\/en\/produit\/lumiere-dynamo-arr-buschmuller-toplight-line-small-led\/","title":{"rendered":"Lumi\u00e8re arri\u00e8re Busch&#038;Muller &#8220;Toplight Line Small&#8221; sur dynamo"},"content":{"rendered":"<p>La plus petite et la plus l\u00e9g\u00e8re des lumi\u00e8res arri\u00e8res \u00e0 dynamo ! Le feu arri\u00e8re Feu arri\u00e8re Busch&amp;M\u00fcller \u00abToplight Line Small\u00bb est une DEL puissante et un accumulateur dans une construction ultra-compacte.<\/p>\n<p>S&#8217;installe sur un porte-bagages arri\u00e8re (fixations 50mm) ;<\/p>\n<p>Accumulateur ;<\/p>\n<p>Fabriqu\u00e9e en Allemagne.<\/p>\n","protected":false},"excerpt":{"rendered":"<p>La plus petite et la plus l\u00e9g\u00e8re des lumi\u00e8res arri\u00e8res \u00e0 dynamo ! Le feu arri\u00e8re Feu arri\u00e8re Busch&amp;M\u00fcller \u00abToplight Line Small\u00bb est une DEL puissante et un accumulateur dans une construction ultra-compacte. S&#8217;installe sur un porte-bagages arri\u00e8re (fixations 50mm) ; Accumulateur ; Fabriqu\u00e9e en Allemagne.<\/p>\n","protected":false},"featured_media":23382,"template":"","meta":{"_acf_changed":false},"product_brand":[],"product_cat":[2477,210],"product_tag":[2486,2262,3217,2637],"marque-produit":[1386],"collection-produit":[],"type-surface-produit":[],"type-velo-produit":[],"vetement-produit":[],"thematique-produit":[],"position-sur-le-v\u00e9lo":[],"class_list":{"0":"post-75529","1":"product","2":"type-product","3":"status-publish","4":"has-post-thumbnail","6":"product_cat-bullitt","7":"product_cat-dynamos-moyeux-et-lumieres","8":"product_tag-buschmuller","9":"product_tag-dynamo","10":"product_tag-lumiere-arriere","11":"product_tag-toplight-line","12":"marque-produit-buschmuller","14":"first","15":"instock","16":"taxable","17":"shipping-taxable","18":"purchasable","19":"product-type-simple"},"acf":[],"yoast_head":"<!-- This site is optimized with the Yoast SEO plugin v24.3 - https:\/\/yoast.com\/wordpress\/plugins\/seo\/ -->\n<title>Lumi\u00e8re arri\u00e8re Busch&amp;Muller &quot;Toplight Line Small&quot; sur dynamo - Dumoulin Bicyclettes<\/title>\n<meta name=\"description\" content=\"Le feu arri\u00e8re Feu arri\u00e8re Busch&amp;M\u00fcller \u00abToplight Line Small\u00bb est la plus petite et la plus l\u00e9g\u00e8re des lumi\u00e8res arri\u00e8res \u00e0 dynamo !\" \/>\n<meta name=\"robots\" content=\"noindex, follow, max-snippet:-1, max-image-preview:large, max-video-preview:-1\" \/>\n<meta property=\"og:locale\" content=\"en_US\" \/>\n<meta property=\"og:type\" content=\"article\" \/>\n<meta property=\"og:title\" content=\"Lumi\u00e8re arri\u00e8re Busch&amp;Muller &quot;Toplight Line Small&quot; sur dynamo - Dumoulin Bicyclettes\" \/>\n<meta property=\"og:description\" content=\"Le feu arri\u00e8re Feu arri\u00e8re Busch&amp;M\u00fcller \u00abToplight Line Small\u00bb est la plus petite et la plus l\u00e9g\u00e8re des lumi\u00e8res arri\u00e8res \u00e0 dynamo !\" \/>\n<meta property=\"og:url\" content=\"https:\/\/dumoulin.absoludev.ca\/produit\/lumiere-dynamo-arr-buschmuller-toplight-line-small-led\/\" \/>\n<meta property=\"og:site_name\" content=\"Dumoulin Bicyclettes\" \/>\n<meta property=\"article:publisher\" content=\"https:\/\/www.facebook.com\/dumoulinbicyclettes\" \/>\n<meta property=\"article:modified_time\" content=\"2025-09-04T18:15:10+00:00\" \/>\n<meta property=\"og:image\" content=\"https:\/\/dumoulin.absoludev.ca\/wp-content\/uploads\/2021\/11\/53234-mini-ruecklicht-weiss.jpg\" \/>\n\t<meta property=\"og:image:width\" content=\"1600\" \/>\n\t<meta property=\"og:image:height\" content=\"1600\" \/>\n\t<meta property=\"og:image:type\" content=\"image\/jpeg\" \/>\n<meta name=\"twitter:card\" content=\"summary_large_image\" \/>\n<meta name=\"twitter:label1\" content=\"Est. reading time\" \/>\n\t<meta name=\"twitter:data1\" content=\"1 minute\" \/>\n<script type=\"application\/ld+json\" class=\"yoast-schema-graph\">{\"@context\":\"https:\/\/schema.org\",\"@graph\":[{\"@type\":\"WebPage\",\"@id\":\"https:\/\/dumoulin.absoludev.ca\/produit\/lumiere-dynamo-arr-buschmuller-toplight-line-small-led\/\",\"url\":\"https:\/\/dumoulin.absoludev.ca\/produit\/lumiere-dynamo-arr-buschmuller-toplight-line-small-led\/\",\"name\":\"Lumi\u00e8re arri\u00e8re Busch&Muller \\\"Toplight Line Small\\\" sur dynamo - Dumoulin Bicyclettes\",\"isPartOf\":{\"@id\":\"https:\/\/dumoulin.absoludev.ca\/#website\"},\"primaryImageOfPage\":{\"@id\":\"https:\/\/dumoulin.absoludev.ca\/produit\/lumiere-dynamo-arr-buschmuller-toplight-line-small-led\/#primaryimage\"},\"image\":{\"@id\":\"https:\/\/dumoulin.absoludev.ca\/produit\/lumiere-dynamo-arr-buschmuller-toplight-line-small-led\/#primaryimage\"},\"thumbnailUrl\":\"https:\/\/dumoulin.absoludev.ca\/wp-content\/uploads\/2021\/11\/53234-mini-ruecklicht-weiss.jpg\",\"datePublished\":\"2022-05-16T18:21:24+00:00\",\"dateModified\":\"2025-09-04T18:15:10+00:00\",\"description\":\"Le feu arri\u00e8re Feu arri\u00e8re Busch&M\u00fcller \u00abToplight Line Small\u00bb est la plus petite et la plus l\u00e9g\u00e8re des lumi\u00e8res arri\u00e8res \u00e0 dynamo !\",\"breadcrumb\":{\"@id\":\"https:\/\/dumoulin.absoludev.ca\/produit\/lumiere-dynamo-arr-buschmuller-toplight-line-small-led\/#breadcrumb\"},\"inLanguage\":\"en-US\",\"potentialAction\":[{\"@type\":\"ReadAction\",\"target\":[\"https:\/\/dumoulin.absoludev.ca\/produit\/lumiere-dynamo-arr-buschmuller-toplight-line-small-led\/\"]}]},{\"@type\":\"ImageObject\",\"inLanguage\":\"en-US\",\"@id\":\"https:\/\/dumoulin.absoludev.ca\/produit\/lumiere-dynamo-arr-buschmuller-toplight-line-small-led\/#primaryimage\",\"url\":\"https:\/\/dumoulin.absoludev.ca\/wp-content\/uploads\/2021\/11\/53234-mini-ruecklicht-weiss.jpg\",\"contentUrl\":\"https:\/\/dumoulin.absoludev.ca\/wp-content\/uploads\/2021\/11\/53234-mini-ruecklicht-weiss.jpg\",\"width\":1600,\"height\":1600,\"caption\":\"Feu arri\u00e8re Busch&M\u00fcller \u00abToplight Line Small Plus\u00bb\"},{\"@type\":\"BreadcrumbList\",\"@id\":\"https:\/\/dumoulin.absoludev.ca\/produit\/lumiere-dynamo-arr-buschmuller-toplight-line-small-led\/#breadcrumb\",\"itemListElement\":[{\"@type\":\"ListItem\",\"position\":1,\"name\":\"Home\",\"item\":\"https:\/\/dumoulin.absoludev.ca\/en\/\"},{\"@type\":\"ListItem\",\"position\":2,\"name\":\"Shop\",\"item\":\"https:\/\/dumoulin.absoludev.ca\/en\/shop\/\"},{\"@type\":\"ListItem\",\"position\":3,\"name\":\"Lumi\u00e8re arri\u00e8re Busch&#038;Muller \u00ab\u00a0Toplight Line Small\u00a0\u00bb sur dynamo\"}]},{\"@type\":\"WebSite\",\"@id\":\"https:\/\/dumoulin.absoludev.ca\/#website\",\"url\":\"https:\/\/dumoulin.absoludev.ca\/\",\"name\":\"Dumoulin Bicyclettes\",\"description\":\"\",\"publisher\":{\"@id\":\"https:\/\/dumoulin.absoludev.ca\/#organization\"},\"potentialAction\":[{\"@type\":\"SearchAction\",\"target\":{\"@type\":\"EntryPoint\",\"urlTemplate\":\"https:\/\/dumoulin.absoludev.ca\/?s={search_term_string}\"},\"query-input\":{\"@type\":\"PropertyValueSpecification\",\"valueRequired\":true,\"valueName\":\"search_term_string\"}}],\"inLanguage\":\"en-US\"},{\"@type\":\"Organization\",\"@id\":\"https:\/\/dumoulin.absoludev.ca\/#organization\",\"name\":\"Dumoulin Bicyclettes\",\"url\":\"https:\/\/dumoulin.absoludev.ca\/\",\"logo\":{\"@type\":\"ImageObject\",\"inLanguage\":\"en-US\",\"@id\":\"https:\/\/dumoulin.absoludev.ca\/#\/schema\/logo\/image\/\",\"url\":\"https:\/\/www.dumoulinbicyclettes.com\/wp-content\/uploads\/2021\/04\/Logo.svg\",\"contentUrl\":\"https:\/\/www.dumoulinbicyclettes.com\/wp-content\/uploads\/2021\/04\/Logo.svg\",\"width\":254,\"height\":86,\"caption\":\"Dumoulin Bicyclettes\"},\"image\":{\"@id\":\"https:\/\/dumoulin.absoludev.ca\/#\/schema\/logo\/image\/\"},\"sameAs\":[\"https:\/\/www.facebook.com\/dumoulinbicyclettes\",\"https:\/\/www.instagram.com\/dumoulin.ca\/\",\"https:\/\/www.youtube.com\/user\/dumoulinbicyclettes\"]}]}<\/script>\n<!-- \/ Yoast SEO plugin. -->","yoast_head_json":{"title":"Lumi\u00e8re arri\u00e8re Busch&Muller \"Toplight Line Small\" sur dynamo - Dumoulin Bicyclettes","description":"Le feu arri\u00e8re Feu arri\u00e8re Busch&M\u00fcller \u00abToplight Line Small\u00bb est la plus petite et la plus l\u00e9g\u00e8re des lumi\u00e8res arri\u00e8res \u00e0 dynamo !","robots":{"index":"noindex","follow":"follow","max-snippet":"max-snippet:-1","max-image-preview":"max-image-preview:large","max-video-preview":"max-video-preview:-1"},"og_locale":"en_US","og_type":"article","og_title":"Lumi\u00e8re arri\u00e8re Busch&Muller \"Toplight Line Small\" sur dynamo - Dumoulin Bicyclettes","og_description":"Le feu arri\u00e8re Feu arri\u00e8re Busch&M\u00fcller \u00abToplight Line Small\u00bb est la plus petite et la plus l\u00e9g\u00e8re des lumi\u00e8res arri\u00e8res \u00e0 dynamo !","og_url":"https:\/\/dumoulin.absoludev.ca\/produit\/lumiere-dynamo-arr-buschmuller-toplight-line-small-led\/","og_site_name":"Dumoulin Bicyclettes","article_publisher":"https:\/\/www.facebook.com\/dumoulinbicyclettes","article_modified_time":"2025-09-04T18:15:10+00:00","og_image":[{"width":1600,"height":1600,"url":"https:\/\/dumoulin.absoludev.ca\/wp-content\/uploads\/2021\/11\/53234-mini-ruecklicht-weiss.jpg","type":"image\/jpeg"}],"twitter_card":"summary_large_image","twitter_misc":{"Est. reading time":"1 minute"},"schema":{"@context":"https:\/\/schema.org","@graph":[{"@type":"WebPage","@id":"https:\/\/dumoulin.absoludev.ca\/produit\/lumiere-dynamo-arr-buschmuller-toplight-line-small-led\/","url":"https:\/\/dumoulin.absoludev.ca\/produit\/lumiere-dynamo-arr-buschmuller-toplight-line-small-led\/","name":"Lumi\u00e8re arri\u00e8re Busch&Muller \"Toplight Line Small\" sur dynamo - Dumoulin Bicyclettes","isPartOf":{"@id":"https:\/\/dumoulin.absoludev.ca\/#website"},"primaryImageOfPage":{"@id":"https:\/\/dumoulin.absoludev.ca\/produit\/lumiere-dynamo-arr-buschmuller-toplight-line-small-led\/#primaryimage"},"image":{"@id":"https:\/\/dumoulin.absoludev.ca\/produit\/lumiere-dynamo-arr-buschmuller-toplight-line-small-led\/#primaryimage"},"thumbnailUrl":"https:\/\/dumoulin.absoludev.ca\/wp-content\/uploads\/2021\/11\/53234-mini-ruecklicht-weiss.jpg","datePublished":"2022-05-16T18:21:24+00:00","dateModified":"2025-09-04T18:15:10+00:00","description":"Le feu arri\u00e8re Feu arri\u00e8re Busch&M\u00fcller \u00abToplight Line Small\u00bb est la plus petite et la plus l\u00e9g\u00e8re des lumi\u00e8res arri\u00e8res \u00e0 dynamo !","breadcrumb":{"@id":"https:\/\/dumoulin.absoludev.ca\/produit\/lumiere-dynamo-arr-buschmuller-toplight-line-small-led\/#breadcrumb"},"inLanguage":"en-US","potentialAction":[{"@type":"ReadAction","target":["https:\/\/dumoulin.absoludev.ca\/produit\/lumiere-dynamo-arr-buschmuller-toplight-line-small-led\/"]}]},{"@type":"ImageObject","inLanguage":"en-US","@id":"https:\/\/dumoulin.absoludev.ca\/produit\/lumiere-dynamo-arr-buschmuller-toplight-line-small-led\/#primaryimage","url":"https:\/\/dumoulin.absoludev.ca\/wp-content\/uploads\/2021\/11\/53234-mini-ruecklicht-weiss.jpg","contentUrl":"https:\/\/dumoulin.absoludev.ca\/wp-content\/uploads\/2021\/11\/53234-mini-ruecklicht-weiss.jpg","width":1600,"height":1600,"caption":"Feu arri\u00e8re Busch&M\u00fcller \u00abToplight Line Small Plus\u00bb"},{"@type":"BreadcrumbList","@id":"https:\/\/dumoulin.absoludev.ca\/produit\/lumiere-dynamo-arr-buschmuller-toplight-line-small-led\/#breadcrumb","itemListElement":[{"@type":"ListItem","position":1,"name":"Home","item":"https:\/\/dumoulin.absoludev.ca\/en\/"},{"@type":"ListItem","position":2,"name":"Shop","item":"https:\/\/dumoulin.absoludev.ca\/en\/shop\/"},{"@type":"ListItem","position":3,"name":"Lumi\u00e8re arri\u00e8re Busch&#038;Muller \u00ab\u00a0Toplight Line Small\u00a0\u00bb sur dynamo"}]},{"@type":"WebSite","@id":"https:\/\/dumoulin.absoludev.ca\/#website","url":"https:\/\/dumoulin.absoludev.ca\/","name":"Dumoulin Bicyclettes","description":"","publisher":{"@id":"https:\/\/dumoulin.absoludev.ca\/#organization"},"potentialAction":[{"@type":"SearchAction","target":{"@type":"EntryPoint","urlTemplate":"https:\/\/dumoulin.absoludev.ca\/?s={search_term_string}"},"query-input":{"@type":"PropertyValueSpecification","valueRequired":true,"valueName":"search_term_string"}}],"inLanguage":"en-US"},{"@type":"Organization","@id":"https:\/\/dumoulin.absoludev.ca\/#organization","name":"Dumoulin Bicyclettes","url":"https:\/\/dumoulin.absoludev.ca\/","logo":{"@type":"ImageObject","inLanguage":"en-US","@id":"https:\/\/dumoulin.absoludev.ca\/#\/schema\/logo\/image\/","url":"https:\/\/www.dumoulinbicyclettes.com\/wp-content\/uploads\/2021\/04\/Logo.svg","contentUrl":"https:\/\/www.dumoulinbicyclettes.com\/wp-content\/uploads\/2021\/04\/Logo.svg","width":254,"height":86,"caption":"Dumoulin Bicyclettes"},"image":{"@id":"https:\/\/dumoulin.absoludev.ca\/#\/schema\/logo\/image\/"},"sameAs":["https:\/\/www.facebook.com\/dumoulinbicyclettes","https:\/\/www.instagram.com\/dumoulin.ca\/","https:\/\/www.youtube.com\/user\/dumoulinbicyclettes"]}]}},"_links":{"self":[{"href":"https:\/\/dumoulin.absoludev.ca\/en\/wp-json\/wp\/v2\/product\/75529","targetHints":{"allow":["GET"]}}],"collection":[{"href":"https:\/\/dumoulin.absoludev.ca\/en\/wp-json\/wp\/v2\/product"}],"about":[{"href":"https:\/\/dumoulin.absoludev.ca\/en\/wp-json\/wp\/v2\/types\/product"}],"wp:featuredmedia":[{"embeddable":true,"href":"https:\/\/dumoulin.absoludev.ca\/en\/wp-json\/wp\/v2\/media\/23382"}],"wp:attachment":[{"href":"https:\/\/dumoulin.absoludev.ca\/en\/wp-json\/wp\/v2\/media?parent=75529"}],"wp:term":[{"taxonomy":"product_brand","embeddable":true,"href":"https:\/\/dumoulin.absoludev.ca\/en\/wp-json\/wp\/v2\/product_brand?post=75529"},{"taxonomy":"product_cat","embeddable":true,"href":"https:\/\/dumoulin.absoludev.ca\/en\/wp-json\/wp\/v2\/product_cat?post=75529"},{"taxonomy":"product_tag","embeddable":true,"href":"https:\/\/dumoulin.absoludev.ca\/en\/wp-json\/wp\/v2\/product_tag?post=75529"},{"taxonomy":"marque-produit","embeddable":true,"href":"https:\/\/dumoulin.absoludev.ca\/en\/wp-json\/wp\/v2\/marque-produit?post=75529"},{"taxonomy":"collection-produit","embeddable":true,"href":"https:\/\/dumoulin.absoludev.ca\/en\/wp-json\/wp\/v2\/collection-produit?post=75529"},{"taxonomy":"type-surface-produit","embeddable":true,"href":"https:\/\/dumoulin.absoludev.ca\/en\/wp-json\/wp\/v2\/type-surface-produit?post=75529"},{"taxonomy":"type-velo-produit","embeddable":true,"href":"https:\/\/dumoulin.absoludev.ca\/en\/wp-json\/wp\/v2\/type-velo-produit?post=75529"},{"taxonomy":"vetement-produit","embeddable":true,"href":"https:\/\/dumoulin.absoludev.ca\/en\/wp-json\/wp\/v2\/vetement-produit?post=75529"},{"taxonomy":"thematique-produit","embeddable":true,"href":"https:\/\/dumoulin.absoludev.ca\/en\/wp-json\/wp\/v2\/thematique-produit?post=75529"},{"taxonomy":"position-sur-le-v\u00e9lo","embeddable":true,"href":"https:\/\/dumoulin.absoludev.ca\/en\/wp-json\/wp\/v2\/position-sur-le-v\u00e9lo?post=75529"}],"curies":[{"name":"wp","href":"https:\/\/api.w.org\/{rel}","templated":true}]}}