{"id":75411,"date":"2022-05-16T14:21:11","date_gmt":"2022-05-16T18:21:11","guid":{"rendered":"http:\/\/www.dumoulinbicyclettes.com\/?post_type=product&#038;p=75411"},"modified":"2025-09-04T14:14:58","modified_gmt":"2025-09-04T18:14:58","slug":"sinewave-revolution-chargeur-usb-pour-dynamo","status":"publish","type":"product","link":"https:\/\/dumoulin.absoludev.ca\/en\/produit\/sinewave-revolution-chargeur-usb-pour-dynamo\/","title":{"rendered":"Chargeur Sinewave Cycle \u00abRevolution\u00bb"},"content":{"rendered":"<p>Le chargeur Sinewave Cycles Revolution se branche \u00e0 votre <a href=\"https:\/\/www.dumoulinbicyclettes.com\/categorie-produit\/composantes-et-outils\/roues-pneus-et-chambres-a-air\/moyeux-dynamos\/\" rel=\"noopener\" target=\"_blank\">moyeu \u00e0 dynamo<\/a>. Pendant que vous roulez, il recharge vos appareils \u00e9lectroniques.<\/p>\n<p>Fabriqu\u00e9 aux \u00c9tats-Unis, il est une r\u00e9f\u00e9rence sur le march\u00e9 en termes de fonctionnement et de fiabilit\u00e9.<\/p>\n","protected":false},"excerpt":{"rendered":"<p>Le chargeur Sinewave Cycles Revolution se branche \u00e0 votre moyeu \u00e0 dynamo. Pendant que vous roulez, il recharge vos appareils \u00e9lectroniques. Fabriqu\u00e9 aux \u00c9tats-Unis, il est une r\u00e9f\u00e9rence sur le march\u00e9 en termes de fonctionnement et de fiabilit\u00e9.<\/p>\n","protected":false},"featured_media":19123,"template":"","meta":{"_acf_changed":false},"product_brand":[],"product_cat":[194,210],"product_tag":[2262,2261,2292],"marque-produit":[1317],"collection-produit":[],"type-surface-produit":[],"type-velo-produit":[1249],"vetement-produit":[],"thematique-produit":[],"position-sur-le-v\u00e9lo":[],"class_list":{"0":"post-75411","1":"product","2":"type-product","3":"status-publish","4":"has-post-thumbnail","6":"product_cat-accessoires-divers","7":"product_cat-dynamos-moyeux-et-lumieres","8":"product_tag-dynamo","9":"product_tag-revolution","10":"product_tag-sinewave-cyces","11":"marque-produit-sinewave-cycle","12":"type-velo-produit-cyclotourisme","14":"first","15":"outofstock","16":"taxable","17":"shipping-taxable","18":"purchasable","19":"product-type-simple"},"acf":[],"yoast_head":"<!-- This site is optimized with the Yoast SEO plugin v24.3 - https:\/\/yoast.com\/wordpress\/plugins\/seo\/ -->\n<title>Chargeur Sinewave Cycles Revolution | Dynamo\u00a0| Montr\u00e9al | Qu\u00e9bec<\/title>\n<meta name=\"description\" content=\"Le chargeur Sinewave Cycles Revolution se branche \u00e0 un moyeu \u00e0 dynamo. Gr\u00e2ce \u00e0 un c\u00e2ble USB, vous pouvez ensuite recharger des appareils \u00e9lectroniques.\" \/>\n<meta name=\"robots\" content=\"noindex, follow, max-snippet:-1, max-image-preview:large, max-video-preview:-1\" \/>\n<meta property=\"og:locale\" content=\"en_US\" \/>\n<meta property=\"og:type\" content=\"article\" \/>\n<meta property=\"og:title\" content=\"Chargeur Sinewave Cycles Revolution | Dynamo\u00a0| Montr\u00e9al | Qu\u00e9bec\" \/>\n<meta property=\"og:description\" content=\"Le chargeur Sinewave Cycles Revolution se branche \u00e0 un moyeu \u00e0 dynamo. Gr\u00e2ce \u00e0 un c\u00e2ble USB, vous pouvez ensuite recharger des appareils \u00e9lectroniques.\" \/>\n<meta property=\"og:url\" content=\"https:\/\/dumoulin.absoludev.ca\/produit\/sinewave-revolution-chargeur-usb-pour-dynamo\/\" \/>\n<meta property=\"og:site_name\" content=\"Dumoulin Bicyclettes\" \/>\n<meta property=\"article:publisher\" content=\"https:\/\/www.facebook.com\/dumoulinbicyclettes\" \/>\n<meta property=\"article:modified_time\" content=\"2025-09-04T18:14:58+00:00\" \/>\n<meta property=\"og:image\" content=\"https:\/\/dumoulin.absoludev.ca\/wp-content\/uploads\/2021\/09\/sw-render-05eeb01a-1e78-4af6-9421-159468d636f0.jpg\" \/>\n\t<meta property=\"og:image:width\" content=\"2048\" \/>\n\t<meta property=\"og:image:height\" content=\"1177\" \/>\n\t<meta property=\"og:image:type\" content=\"image\/jpeg\" \/>\n<meta name=\"twitter:card\" content=\"summary_large_image\" \/>\n<meta name=\"twitter:label1\" content=\"Est. reading time\" \/>\n\t<meta name=\"twitter:data1\" content=\"1 minute\" \/>\n<script type=\"application\/ld+json\" class=\"yoast-schema-graph\">{\"@context\":\"https:\/\/schema.org\",\"@graph\":[{\"@type\":\"WebPage\",\"@id\":\"https:\/\/dumoulin.absoludev.ca\/produit\/sinewave-revolution-chargeur-usb-pour-dynamo\/\",\"url\":\"https:\/\/dumoulin.absoludev.ca\/produit\/sinewave-revolution-chargeur-usb-pour-dynamo\/\",\"name\":\"Chargeur Sinewave Cycles Revolution | Dynamo\u00a0| Montr\u00e9al | Qu\u00e9bec\",\"isPartOf\":{\"@id\":\"https:\/\/dumoulin.absoludev.ca\/#website\"},\"primaryImageOfPage\":{\"@id\":\"https:\/\/dumoulin.absoludev.ca\/produit\/sinewave-revolution-chargeur-usb-pour-dynamo\/#primaryimage\"},\"image\":{\"@id\":\"https:\/\/dumoulin.absoludev.ca\/produit\/sinewave-revolution-chargeur-usb-pour-dynamo\/#primaryimage\"},\"thumbnailUrl\":\"https:\/\/dumoulin.absoludev.ca\/wp-content\/uploads\/2021\/09\/sw-render-05eeb01a-1e78-4af6-9421-159468d636f0.jpg\",\"datePublished\":\"2022-05-16T18:21:11+00:00\",\"dateModified\":\"2025-09-04T18:14:58+00:00\",\"description\":\"Le chargeur Sinewave Cycles Revolution se branche \u00e0 un moyeu \u00e0 dynamo. Gr\u00e2ce \u00e0 un c\u00e2ble USB, vous pouvez ensuite recharger des appareils \u00e9lectroniques.\",\"breadcrumb\":{\"@id\":\"https:\/\/dumoulin.absoludev.ca\/produit\/sinewave-revolution-chargeur-usb-pour-dynamo\/#breadcrumb\"},\"inLanguage\":\"en-US\",\"potentialAction\":[{\"@type\":\"ReadAction\",\"target\":[\"https:\/\/dumoulin.absoludev.ca\/produit\/sinewave-revolution-chargeur-usb-pour-dynamo\/\"]}]},{\"@type\":\"ImageObject\",\"inLanguage\":\"en-US\",\"@id\":\"https:\/\/dumoulin.absoludev.ca\/produit\/sinewave-revolution-chargeur-usb-pour-dynamo\/#primaryimage\",\"url\":\"https:\/\/dumoulin.absoludev.ca\/wp-content\/uploads\/2021\/09\/sw-render-05eeb01a-1e78-4af6-9421-159468d636f0.jpg\",\"contentUrl\":\"https:\/\/dumoulin.absoludev.ca\/wp-content\/uploads\/2021\/09\/sw-render-05eeb01a-1e78-4af6-9421-159468d636f0.jpg\",\"width\":2048,\"height\":1177,\"caption\":\"Chargeur_Sinewave_Cycles_Revolution\"},{\"@type\":\"BreadcrumbList\",\"@id\":\"https:\/\/dumoulin.absoludev.ca\/produit\/sinewave-revolution-chargeur-usb-pour-dynamo\/#breadcrumb\",\"itemListElement\":[{\"@type\":\"ListItem\",\"position\":1,\"name\":\"Home\",\"item\":\"https:\/\/dumoulin.absoludev.ca\/en\/\"},{\"@type\":\"ListItem\",\"position\":2,\"name\":\"Shop\",\"item\":\"https:\/\/dumoulin.absoludev.ca\/en\/shop\/\"},{\"@type\":\"ListItem\",\"position\":3,\"name\":\"Chargeur Sinewave Cycle \u00abRevolution\u00bb\"}]},{\"@type\":\"WebSite\",\"@id\":\"https:\/\/dumoulin.absoludev.ca\/#website\",\"url\":\"https:\/\/dumoulin.absoludev.ca\/\",\"name\":\"Dumoulin Bicyclettes\",\"description\":\"\",\"publisher\":{\"@id\":\"https:\/\/dumoulin.absoludev.ca\/#organization\"},\"potentialAction\":[{\"@type\":\"SearchAction\",\"target\":{\"@type\":\"EntryPoint\",\"urlTemplate\":\"https:\/\/dumoulin.absoludev.ca\/?s={search_term_string}\"},\"query-input\":{\"@type\":\"PropertyValueSpecification\",\"valueRequired\":true,\"valueName\":\"search_term_string\"}}],\"inLanguage\":\"en-US\"},{\"@type\":\"Organization\",\"@id\":\"https:\/\/dumoulin.absoludev.ca\/#organization\",\"name\":\"Dumoulin Bicyclettes\",\"url\":\"https:\/\/dumoulin.absoludev.ca\/\",\"logo\":{\"@type\":\"ImageObject\",\"inLanguage\":\"en-US\",\"@id\":\"https:\/\/dumoulin.absoludev.ca\/#\/schema\/logo\/image\/\",\"url\":\"https:\/\/www.dumoulinbicyclettes.com\/wp-content\/uploads\/2021\/04\/Logo.svg\",\"contentUrl\":\"https:\/\/www.dumoulinbicyclettes.com\/wp-content\/uploads\/2021\/04\/Logo.svg\",\"width\":254,\"height\":86,\"caption\":\"Dumoulin Bicyclettes\"},\"image\":{\"@id\":\"https:\/\/dumoulin.absoludev.ca\/#\/schema\/logo\/image\/\"},\"sameAs\":[\"https:\/\/www.facebook.com\/dumoulinbicyclettes\",\"https:\/\/www.instagram.com\/dumoulin.ca\/\",\"https:\/\/www.youtube.com\/user\/dumoulinbicyclettes\"]}]}<\/script>\n<!-- \/ Yoast SEO plugin. -->","yoast_head_json":{"title":"Chargeur Sinewave Cycles Revolution | Dynamo\u00a0| Montr\u00e9al | Qu\u00e9bec","description":"Le chargeur Sinewave Cycles Revolution se branche \u00e0 un moyeu \u00e0 dynamo. Gr\u00e2ce \u00e0 un c\u00e2ble USB, vous pouvez ensuite recharger des appareils \u00e9lectroniques.","robots":{"index":"noindex","follow":"follow","max-snippet":"max-snippet:-1","max-image-preview":"max-image-preview:large","max-video-preview":"max-video-preview:-1"},"og_locale":"en_US","og_type":"article","og_title":"Chargeur Sinewave Cycles Revolution | Dynamo\u00a0| Montr\u00e9al | Qu\u00e9bec","og_description":"Le chargeur Sinewave Cycles Revolution se branche \u00e0 un moyeu \u00e0 dynamo. Gr\u00e2ce \u00e0 un c\u00e2ble USB, vous pouvez ensuite recharger des appareils \u00e9lectroniques.","og_url":"https:\/\/dumoulin.absoludev.ca\/produit\/sinewave-revolution-chargeur-usb-pour-dynamo\/","og_site_name":"Dumoulin Bicyclettes","article_publisher":"https:\/\/www.facebook.com\/dumoulinbicyclettes","article_modified_time":"2025-09-04T18:14:58+00:00","og_image":[{"width":2048,"height":1177,"url":"https:\/\/dumoulin.absoludev.ca\/wp-content\/uploads\/2021\/09\/sw-render-05eeb01a-1e78-4af6-9421-159468d636f0.jpg","type":"image\/jpeg"}],"twitter_card":"summary_large_image","twitter_misc":{"Est. reading time":"1 minute"},"schema":{"@context":"https:\/\/schema.org","@graph":[{"@type":"WebPage","@id":"https:\/\/dumoulin.absoludev.ca\/produit\/sinewave-revolution-chargeur-usb-pour-dynamo\/","url":"https:\/\/dumoulin.absoludev.ca\/produit\/sinewave-revolution-chargeur-usb-pour-dynamo\/","name":"Chargeur Sinewave Cycles Revolution | Dynamo\u00a0| Montr\u00e9al | Qu\u00e9bec","isPartOf":{"@id":"https:\/\/dumoulin.absoludev.ca\/#website"},"primaryImageOfPage":{"@id":"https:\/\/dumoulin.absoludev.ca\/produit\/sinewave-revolution-chargeur-usb-pour-dynamo\/#primaryimage"},"image":{"@id":"https:\/\/dumoulin.absoludev.ca\/produit\/sinewave-revolution-chargeur-usb-pour-dynamo\/#primaryimage"},"thumbnailUrl":"https:\/\/dumoulin.absoludev.ca\/wp-content\/uploads\/2021\/09\/sw-render-05eeb01a-1e78-4af6-9421-159468d636f0.jpg","datePublished":"2022-05-16T18:21:11+00:00","dateModified":"2025-09-04T18:14:58+00:00","description":"Le chargeur Sinewave Cycles Revolution se branche \u00e0 un moyeu \u00e0 dynamo. Gr\u00e2ce \u00e0 un c\u00e2ble USB, vous pouvez ensuite recharger des appareils \u00e9lectroniques.","breadcrumb":{"@id":"https:\/\/dumoulin.absoludev.ca\/produit\/sinewave-revolution-chargeur-usb-pour-dynamo\/#breadcrumb"},"inLanguage":"en-US","potentialAction":[{"@type":"ReadAction","target":["https:\/\/dumoulin.absoludev.ca\/produit\/sinewave-revolution-chargeur-usb-pour-dynamo\/"]}]},{"@type":"ImageObject","inLanguage":"en-US","@id":"https:\/\/dumoulin.absoludev.ca\/produit\/sinewave-revolution-chargeur-usb-pour-dynamo\/#primaryimage","url":"https:\/\/dumoulin.absoludev.ca\/wp-content\/uploads\/2021\/09\/sw-render-05eeb01a-1e78-4af6-9421-159468d636f0.jpg","contentUrl":"https:\/\/dumoulin.absoludev.ca\/wp-content\/uploads\/2021\/09\/sw-render-05eeb01a-1e78-4af6-9421-159468d636f0.jpg","width":2048,"height":1177,"caption":"Chargeur_Sinewave_Cycles_Revolution"},{"@type":"BreadcrumbList","@id":"https:\/\/dumoulin.absoludev.ca\/produit\/sinewave-revolution-chargeur-usb-pour-dynamo\/#breadcrumb","itemListElement":[{"@type":"ListItem","position":1,"name":"Home","item":"https:\/\/dumoulin.absoludev.ca\/en\/"},{"@type":"ListItem","position":2,"name":"Shop","item":"https:\/\/dumoulin.absoludev.ca\/en\/shop\/"},{"@type":"ListItem","position":3,"name":"Chargeur Sinewave Cycle \u00abRevolution\u00bb"}]},{"@type":"WebSite","@id":"https:\/\/dumoulin.absoludev.ca\/#website","url":"https:\/\/dumoulin.absoludev.ca\/","name":"Dumoulin Bicyclettes","description":"","publisher":{"@id":"https:\/\/dumoulin.absoludev.ca\/#organization"},"potentialAction":[{"@type":"SearchAction","target":{"@type":"EntryPoint","urlTemplate":"https:\/\/dumoulin.absoludev.ca\/?s={search_term_string}"},"query-input":{"@type":"PropertyValueSpecification","valueRequired":true,"valueName":"search_term_string"}}],"inLanguage":"en-US"},{"@type":"Organization","@id":"https:\/\/dumoulin.absoludev.ca\/#organization","name":"Dumoulin Bicyclettes","url":"https:\/\/dumoulin.absoludev.ca\/","logo":{"@type":"ImageObject","inLanguage":"en-US","@id":"https:\/\/dumoulin.absoludev.ca\/#\/schema\/logo\/image\/","url":"https:\/\/www.dumoulinbicyclettes.com\/wp-content\/uploads\/2021\/04\/Logo.svg","contentUrl":"https:\/\/www.dumoulinbicyclettes.com\/wp-content\/uploads\/2021\/04\/Logo.svg","width":254,"height":86,"caption":"Dumoulin Bicyclettes"},"image":{"@id":"https:\/\/dumoulin.absoludev.ca\/#\/schema\/logo\/image\/"},"sameAs":["https:\/\/www.facebook.com\/dumoulinbicyclettes","https:\/\/www.instagram.com\/dumoulin.ca\/","https:\/\/www.youtube.com\/user\/dumoulinbicyclettes"]}]}},"_links":{"self":[{"href":"https:\/\/dumoulin.absoludev.ca\/en\/wp-json\/wp\/v2\/product\/75411","targetHints":{"allow":["GET"]}}],"collection":[{"href":"https:\/\/dumoulin.absoludev.ca\/en\/wp-json\/wp\/v2\/product"}],"about":[{"href":"https:\/\/dumoulin.absoludev.ca\/en\/wp-json\/wp\/v2\/types\/product"}],"wp:featuredmedia":[{"embeddable":true,"href":"https:\/\/dumoulin.absoludev.ca\/en\/wp-json\/wp\/v2\/media\/19123"}],"wp:attachment":[{"href":"https:\/\/dumoulin.absoludev.ca\/en\/wp-json\/wp\/v2\/media?parent=75411"}],"wp:term":[{"taxonomy":"product_brand","embeddable":true,"href":"https:\/\/dumoulin.absoludev.ca\/en\/wp-json\/wp\/v2\/product_brand?post=75411"},{"taxonomy":"product_cat","embeddable":true,"href":"https:\/\/dumoulin.absoludev.ca\/en\/wp-json\/wp\/v2\/product_cat?post=75411"},{"taxonomy":"product_tag","embeddable":true,"href":"https:\/\/dumoulin.absoludev.ca\/en\/wp-json\/wp\/v2\/product_tag?post=75411"},{"taxonomy":"marque-produit","embeddable":true,"href":"https:\/\/dumoulin.absoludev.ca\/en\/wp-json\/wp\/v2\/marque-produit?post=75411"},{"taxonomy":"collection-produit","embeddable":true,"href":"https:\/\/dumoulin.absoludev.ca\/en\/wp-json\/wp\/v2\/collection-produit?post=75411"},{"taxonomy":"type-surface-produit","embeddable":true,"href":"https:\/\/dumoulin.absoludev.ca\/en\/wp-json\/wp\/v2\/type-surface-produit?post=75411"},{"taxonomy":"type-velo-produit","embeddable":true,"href":"https:\/\/dumoulin.absoludev.ca\/en\/wp-json\/wp\/v2\/type-velo-produit?post=75411"},{"taxonomy":"vetement-produit","embeddable":true,"href":"https:\/\/dumoulin.absoludev.ca\/en\/wp-json\/wp\/v2\/vetement-produit?post=75411"},{"taxonomy":"thematique-produit","embeddable":true,"href":"https:\/\/dumoulin.absoludev.ca\/en\/wp-json\/wp\/v2\/thematique-produit?post=75411"},{"taxonomy":"position-sur-le-v\u00e9lo","embeddable":true,"href":"https:\/\/dumoulin.absoludev.ca\/en\/wp-json\/wp\/v2\/position-sur-le-v\u00e9lo?post=75411"}],"curies":[{"name":"wp","href":"https:\/\/api.w.org\/{rel}","templated":true}]}}