{"id":75389,"date":"2022-05-16T14:21:09","date_gmt":"2022-05-16T18:21:09","guid":{"rendered":"http:\/\/www.dumoulinbicyclettes.com\/?post_type=product&#038;p=75389"},"modified":"2025-09-04T14:14:50","modified_gmt":"2025-09-04T18:14:50","slug":"cadenas-en-u-antivol-abus-granit-x-plus-540-montreal","status":"publish","type":"product","link":"https:\/\/dumoulin.absoludev.ca\/en\/produit\/cadenas-en-u-antivol-abus-granit-x-plus-540-montreal\/","title":{"rendered":"Cadenas Abus Granit X Plus 540"},"content":{"rendered":"<p>Repr\u00e9sentant le plus haut niveau de s\u00e9curit\u00e9 de Abus, ce cadenas est une r\u00e9f\u00e9rence. Les anses sont renforc\u00e9es, ne sont pas rondes (vs coupe boulon), et s\u2019enfoncent profond\u00e9ment dans le syst\u00e8me de serrure.<\/p>\n<p>Choisissez le Abus Granit X Plus 540 pour sa robustesse et sa fiabilit\u00e9 : il vous apporte la tranquillit\u00e9 d&#8217;esprit recherch\u00e9e. Vous avez fait ce que vous aviez \u00e0 faire pour garder votre v\u00e9lo.<\/p>\n","protected":false},"excerpt":{"rendered":"<p>Repr\u00e9sentant le plus haut niveau de s\u00e9curit\u00e9 de Abus, ce cadenas est une r\u00e9f\u00e9rence. Les anses sont renforc\u00e9es, ne sont pas rondes (vs coupe boulon), et s\u2019enfoncent profond\u00e9ment dans le syst\u00e8me de serrure. Choisissez le Abus Granit X Plus 540 pour sa robustesse et sa fiabilit\u00e9 : il vous apporte la tranquillit\u00e9 d&#8217;esprit recherch\u00e9e. Vous [&hellip;]<\/p>\n","protected":false},"featured_media":342549,"template":"","meta":{"_acf_changed":false},"product_brand":[],"product_cat":[190,204],"product_tag":[2478,2321,3261],"marque-produit":[1417],"collection-produit":[],"type-surface-produit":[],"type-velo-produit":[],"vetement-produit":[],"thematique-produit":[],"position-sur-le-v\u00e9lo":[],"class_list":{"0":"post-75389","1":"product","2":"type-product","3":"status-publish","4":"has-post-thumbnail","6":"product_cat-cadenas","7":"product_cat-cadenas-en-u","8":"product_tag-abus","9":"product_tag-cadenas","10":"product_tag-granit-x-plus-540","11":"marque-produit-abus","13":"first","14":"outofstock","15":"taxable","16":"shipping-taxable","17":"purchasable","18":"product-type-simple"},"acf":[],"yoast_head":"<!-- This site is optimized with the Yoast SEO plugin v24.3 - https:\/\/yoast.com\/wordpress\/plugins\/seo\/ -->\n<title>Cadenas Abus Granit X Plus 540 - Dumoulin Bicyclettes | Contre le vol de v\u00e9lo | Montr\u00e9al<\/title>\n<meta name=\"description\" content=\"Le cadenas en U Granit X Plus 540 offre le plus haut niveau de s\u00e9curit\u00e9 de la marque allemande Abus. C&#039;est un excellent antivol pour contrer le vol de v\u00e9lo.\" \/>\n<meta name=\"robots\" content=\"noindex, follow, max-snippet:-1, max-image-preview:large, max-video-preview:-1\" \/>\n<meta property=\"og:locale\" content=\"en_US\" \/>\n<meta property=\"og:type\" content=\"article\" \/>\n<meta property=\"og:title\" content=\"Cadenas Abus Granit X Plus 540 - Dumoulin Bicyclettes | Contre le vol de v\u00e9lo | Montr\u00e9al\" \/>\n<meta property=\"og:description\" content=\"Le cadenas en U Granit X Plus 540 offre le plus haut niveau de s\u00e9curit\u00e9 de la marque allemande Abus. C&#039;est un excellent antivol pour contrer le vol de v\u00e9lo.\" \/>\n<meta property=\"og:url\" content=\"https:\/\/dumoulin.absoludev.ca\/produit\/cadenas-en-u-antivol-abus-granit-x-plus-540-montreal\/\" \/>\n<meta property=\"og:site_name\" content=\"Dumoulin Bicyclettes\" \/>\n<meta property=\"article:publisher\" content=\"https:\/\/www.facebook.com\/dumoulinbicyclettes\" \/>\n<meta property=\"article:modified_time\" content=\"2025-09-04T18:14:50+00:00\" \/>\n<meta property=\"og:image\" content=\"https:\/\/dumoulin.absoludev.ca\/wp-content\/uploads\/2022\/05\/cadenas-en-u-montreal-antivol-abus-granit-x-plus-540.jpg\" \/>\n\t<meta property=\"og:image:width\" content=\"900\" \/>\n\t<meta property=\"og:image:height\" content=\"900\" \/>\n\t<meta property=\"og:image:type\" content=\"image\/jpeg\" \/>\n<meta name=\"twitter:card\" content=\"summary_large_image\" \/>\n<meta name=\"twitter:label1\" content=\"Est. reading time\" \/>\n\t<meta name=\"twitter:data1\" content=\"1 minute\" \/>\n<script type=\"application\/ld+json\" class=\"yoast-schema-graph\">{\"@context\":\"https:\/\/schema.org\",\"@graph\":[{\"@type\":\"WebPage\",\"@id\":\"https:\/\/dumoulin.absoludev.ca\/produit\/cadenas-en-u-antivol-abus-granit-x-plus-540-montreal\/\",\"url\":\"https:\/\/dumoulin.absoludev.ca\/produit\/cadenas-en-u-antivol-abus-granit-x-plus-540-montreal\/\",\"name\":\"Cadenas Abus Granit X Plus 540 - Dumoulin Bicyclettes | Contre le vol de v\u00e9lo | Montr\u00e9al\",\"isPartOf\":{\"@id\":\"https:\/\/dumoulin.absoludev.ca\/#website\"},\"primaryImageOfPage\":{\"@id\":\"https:\/\/dumoulin.absoludev.ca\/produit\/cadenas-en-u-antivol-abus-granit-x-plus-540-montreal\/#primaryimage\"},\"image\":{\"@id\":\"https:\/\/dumoulin.absoludev.ca\/produit\/cadenas-en-u-antivol-abus-granit-x-plus-540-montreal\/#primaryimage\"},\"thumbnailUrl\":\"https:\/\/dumoulin.absoludev.ca\/wp-content\/uploads\/2022\/05\/cadenas-en-u-montreal-antivol-abus-granit-x-plus-540.jpg\",\"datePublished\":\"2022-05-16T18:21:09+00:00\",\"dateModified\":\"2025-09-04T18:14:50+00:00\",\"description\":\"Le cadenas en U Granit X Plus 540 offre le plus haut niveau de s\u00e9curit\u00e9 de la marque allemande Abus. C'est un excellent antivol pour contrer le vol de v\u00e9lo.\",\"breadcrumb\":{\"@id\":\"https:\/\/dumoulin.absoludev.ca\/produit\/cadenas-en-u-antivol-abus-granit-x-plus-540-montreal\/#breadcrumb\"},\"inLanguage\":\"en-US\",\"potentialAction\":[{\"@type\":\"ReadAction\",\"target\":[\"https:\/\/dumoulin.absoludev.ca\/produit\/cadenas-en-u-antivol-abus-granit-x-plus-540-montreal\/\"]}]},{\"@type\":\"ImageObject\",\"inLanguage\":\"en-US\",\"@id\":\"https:\/\/dumoulin.absoludev.ca\/produit\/cadenas-en-u-antivol-abus-granit-x-plus-540-montreal\/#primaryimage\",\"url\":\"https:\/\/dumoulin.absoludev.ca\/wp-content\/uploads\/2022\/05\/cadenas-en-u-montreal-antivol-abus-granit-x-plus-540.jpg\",\"contentUrl\":\"https:\/\/dumoulin.absoludev.ca\/wp-content\/uploads\/2022\/05\/cadenas-en-u-montreal-antivol-abus-granit-x-plus-540.jpg\",\"width\":900,\"height\":900,\"caption\":\"Cadenas_en_U_Montreal_Antivol_Abus_Granit_X_PLus_540\"},{\"@type\":\"BreadcrumbList\",\"@id\":\"https:\/\/dumoulin.absoludev.ca\/produit\/cadenas-en-u-antivol-abus-granit-x-plus-540-montreal\/#breadcrumb\",\"itemListElement\":[{\"@type\":\"ListItem\",\"position\":1,\"name\":\"Home\",\"item\":\"https:\/\/dumoulin.absoludev.ca\/en\/\"},{\"@type\":\"ListItem\",\"position\":2,\"name\":\"Shop\",\"item\":\"https:\/\/dumoulin.absoludev.ca\/en\/shop\/\"},{\"@type\":\"ListItem\",\"position\":3,\"name\":\"Cadenas Abus Granit X Plus 540\"}]},{\"@type\":\"WebSite\",\"@id\":\"https:\/\/dumoulin.absoludev.ca\/#website\",\"url\":\"https:\/\/dumoulin.absoludev.ca\/\",\"name\":\"Dumoulin Bicyclettes\",\"description\":\"\",\"publisher\":{\"@id\":\"https:\/\/dumoulin.absoludev.ca\/#organization\"},\"potentialAction\":[{\"@type\":\"SearchAction\",\"target\":{\"@type\":\"EntryPoint\",\"urlTemplate\":\"https:\/\/dumoulin.absoludev.ca\/?s={search_term_string}\"},\"query-input\":{\"@type\":\"PropertyValueSpecification\",\"valueRequired\":true,\"valueName\":\"search_term_string\"}}],\"inLanguage\":\"en-US\"},{\"@type\":\"Organization\",\"@id\":\"https:\/\/dumoulin.absoludev.ca\/#organization\",\"name\":\"Dumoulin Bicyclettes\",\"url\":\"https:\/\/dumoulin.absoludev.ca\/\",\"logo\":{\"@type\":\"ImageObject\",\"inLanguage\":\"en-US\",\"@id\":\"https:\/\/dumoulin.absoludev.ca\/#\/schema\/logo\/image\/\",\"url\":\"https:\/\/www.dumoulinbicyclettes.com\/wp-content\/uploads\/2021\/04\/Logo.svg\",\"contentUrl\":\"https:\/\/www.dumoulinbicyclettes.com\/wp-content\/uploads\/2021\/04\/Logo.svg\",\"width\":254,\"height\":86,\"caption\":\"Dumoulin Bicyclettes\"},\"image\":{\"@id\":\"https:\/\/dumoulin.absoludev.ca\/#\/schema\/logo\/image\/\"},\"sameAs\":[\"https:\/\/www.facebook.com\/dumoulinbicyclettes\",\"https:\/\/www.instagram.com\/dumoulin.ca\/\",\"https:\/\/www.youtube.com\/user\/dumoulinbicyclettes\"]}]}<\/script>\n<!-- \/ Yoast SEO plugin. -->","yoast_head_json":{"title":"Cadenas Abus Granit X Plus 540 - Dumoulin Bicyclettes | Contre le vol de v\u00e9lo | Montr\u00e9al","description":"Le cadenas en U Granit X Plus 540 offre le plus haut niveau de s\u00e9curit\u00e9 de la marque allemande Abus. C'est un excellent antivol pour contrer le vol de v\u00e9lo.","robots":{"index":"noindex","follow":"follow","max-snippet":"max-snippet:-1","max-image-preview":"max-image-preview:large","max-video-preview":"max-video-preview:-1"},"og_locale":"en_US","og_type":"article","og_title":"Cadenas Abus Granit X Plus 540 - Dumoulin Bicyclettes | Contre le vol de v\u00e9lo | Montr\u00e9al","og_description":"Le cadenas en U Granit X Plus 540 offre le plus haut niveau de s\u00e9curit\u00e9 de la marque allemande Abus. C'est un excellent antivol pour contrer le vol de v\u00e9lo.","og_url":"https:\/\/dumoulin.absoludev.ca\/produit\/cadenas-en-u-antivol-abus-granit-x-plus-540-montreal\/","og_site_name":"Dumoulin Bicyclettes","article_publisher":"https:\/\/www.facebook.com\/dumoulinbicyclettes","article_modified_time":"2025-09-04T18:14:50+00:00","og_image":[{"width":900,"height":900,"url":"https:\/\/dumoulin.absoludev.ca\/wp-content\/uploads\/2022\/05\/cadenas-en-u-montreal-antivol-abus-granit-x-plus-540.jpg","type":"image\/jpeg"}],"twitter_card":"summary_large_image","twitter_misc":{"Est. reading time":"1 minute"},"schema":{"@context":"https:\/\/schema.org","@graph":[{"@type":"WebPage","@id":"https:\/\/dumoulin.absoludev.ca\/produit\/cadenas-en-u-antivol-abus-granit-x-plus-540-montreal\/","url":"https:\/\/dumoulin.absoludev.ca\/produit\/cadenas-en-u-antivol-abus-granit-x-plus-540-montreal\/","name":"Cadenas Abus Granit X Plus 540 - Dumoulin Bicyclettes | Contre le vol de v\u00e9lo | Montr\u00e9al","isPartOf":{"@id":"https:\/\/dumoulin.absoludev.ca\/#website"},"primaryImageOfPage":{"@id":"https:\/\/dumoulin.absoludev.ca\/produit\/cadenas-en-u-antivol-abus-granit-x-plus-540-montreal\/#primaryimage"},"image":{"@id":"https:\/\/dumoulin.absoludev.ca\/produit\/cadenas-en-u-antivol-abus-granit-x-plus-540-montreal\/#primaryimage"},"thumbnailUrl":"https:\/\/dumoulin.absoludev.ca\/wp-content\/uploads\/2022\/05\/cadenas-en-u-montreal-antivol-abus-granit-x-plus-540.jpg","datePublished":"2022-05-16T18:21:09+00:00","dateModified":"2025-09-04T18:14:50+00:00","description":"Le cadenas en U Granit X Plus 540 offre le plus haut niveau de s\u00e9curit\u00e9 de la marque allemande Abus. C'est un excellent antivol pour contrer le vol de v\u00e9lo.","breadcrumb":{"@id":"https:\/\/dumoulin.absoludev.ca\/produit\/cadenas-en-u-antivol-abus-granit-x-plus-540-montreal\/#breadcrumb"},"inLanguage":"en-US","potentialAction":[{"@type":"ReadAction","target":["https:\/\/dumoulin.absoludev.ca\/produit\/cadenas-en-u-antivol-abus-granit-x-plus-540-montreal\/"]}]},{"@type":"ImageObject","inLanguage":"en-US","@id":"https:\/\/dumoulin.absoludev.ca\/produit\/cadenas-en-u-antivol-abus-granit-x-plus-540-montreal\/#primaryimage","url":"https:\/\/dumoulin.absoludev.ca\/wp-content\/uploads\/2022\/05\/cadenas-en-u-montreal-antivol-abus-granit-x-plus-540.jpg","contentUrl":"https:\/\/dumoulin.absoludev.ca\/wp-content\/uploads\/2022\/05\/cadenas-en-u-montreal-antivol-abus-granit-x-plus-540.jpg","width":900,"height":900,"caption":"Cadenas_en_U_Montreal_Antivol_Abus_Granit_X_PLus_540"},{"@type":"BreadcrumbList","@id":"https:\/\/dumoulin.absoludev.ca\/produit\/cadenas-en-u-antivol-abus-granit-x-plus-540-montreal\/#breadcrumb","itemListElement":[{"@type":"ListItem","position":1,"name":"Home","item":"https:\/\/dumoulin.absoludev.ca\/en\/"},{"@type":"ListItem","position":2,"name":"Shop","item":"https:\/\/dumoulin.absoludev.ca\/en\/shop\/"},{"@type":"ListItem","position":3,"name":"Cadenas Abus Granit X Plus 540"}]},{"@type":"WebSite","@id":"https:\/\/dumoulin.absoludev.ca\/#website","url":"https:\/\/dumoulin.absoludev.ca\/","name":"Dumoulin Bicyclettes","description":"","publisher":{"@id":"https:\/\/dumoulin.absoludev.ca\/#organization"},"potentialAction":[{"@type":"SearchAction","target":{"@type":"EntryPoint","urlTemplate":"https:\/\/dumoulin.absoludev.ca\/?s={search_term_string}"},"query-input":{"@type":"PropertyValueSpecification","valueRequired":true,"valueName":"search_term_string"}}],"inLanguage":"en-US"},{"@type":"Organization","@id":"https:\/\/dumoulin.absoludev.ca\/#organization","name":"Dumoulin Bicyclettes","url":"https:\/\/dumoulin.absoludev.ca\/","logo":{"@type":"ImageObject","inLanguage":"en-US","@id":"https:\/\/dumoulin.absoludev.ca\/#\/schema\/logo\/image\/","url":"https:\/\/www.dumoulinbicyclettes.com\/wp-content\/uploads\/2021\/04\/Logo.svg","contentUrl":"https:\/\/www.dumoulinbicyclettes.com\/wp-content\/uploads\/2021\/04\/Logo.svg","width":254,"height":86,"caption":"Dumoulin Bicyclettes"},"image":{"@id":"https:\/\/dumoulin.absoludev.ca\/#\/schema\/logo\/image\/"},"sameAs":["https:\/\/www.facebook.com\/dumoulinbicyclettes","https:\/\/www.instagram.com\/dumoulin.ca\/","https:\/\/www.youtube.com\/user\/dumoulinbicyclettes"]}]}},"_links":{"self":[{"href":"https:\/\/dumoulin.absoludev.ca\/en\/wp-json\/wp\/v2\/product\/75389","targetHints":{"allow":["GET"]}}],"collection":[{"href":"https:\/\/dumoulin.absoludev.ca\/en\/wp-json\/wp\/v2\/product"}],"about":[{"href":"https:\/\/dumoulin.absoludev.ca\/en\/wp-json\/wp\/v2\/types\/product"}],"wp:featuredmedia":[{"embeddable":true,"href":"https:\/\/dumoulin.absoludev.ca\/en\/wp-json\/wp\/v2\/media\/342549"}],"wp:attachment":[{"href":"https:\/\/dumoulin.absoludev.ca\/en\/wp-json\/wp\/v2\/media?parent=75389"}],"wp:term":[{"taxonomy":"product_brand","embeddable":true,"href":"https:\/\/dumoulin.absoludev.ca\/en\/wp-json\/wp\/v2\/product_brand?post=75389"},{"taxonomy":"product_cat","embeddable":true,"href":"https:\/\/dumoulin.absoludev.ca\/en\/wp-json\/wp\/v2\/product_cat?post=75389"},{"taxonomy":"product_tag","embeddable":true,"href":"https:\/\/dumoulin.absoludev.ca\/en\/wp-json\/wp\/v2\/product_tag?post=75389"},{"taxonomy":"marque-produit","embeddable":true,"href":"https:\/\/dumoulin.absoludev.ca\/en\/wp-json\/wp\/v2\/marque-produit?post=75389"},{"taxonomy":"collection-produit","embeddable":true,"href":"https:\/\/dumoulin.absoludev.ca\/en\/wp-json\/wp\/v2\/collection-produit?post=75389"},{"taxonomy":"type-surface-produit","embeddable":true,"href":"https:\/\/dumoulin.absoludev.ca\/en\/wp-json\/wp\/v2\/type-surface-produit?post=75389"},{"taxonomy":"type-velo-produit","embeddable":true,"href":"https:\/\/dumoulin.absoludev.ca\/en\/wp-json\/wp\/v2\/type-velo-produit?post=75389"},{"taxonomy":"vetement-produit","embeddable":true,"href":"https:\/\/dumoulin.absoludev.ca\/en\/wp-json\/wp\/v2\/vetement-produit?post=75389"},{"taxonomy":"thematique-produit","embeddable":true,"href":"https:\/\/dumoulin.absoludev.ca\/en\/wp-json\/wp\/v2\/thematique-produit?post=75389"},{"taxonomy":"position-sur-le-v\u00e9lo","embeddable":true,"href":"https:\/\/dumoulin.absoludev.ca\/en\/wp-json\/wp\/v2\/position-sur-le-v\u00e9lo?post=75389"}],"curies":[{"name":"wp","href":"https:\/\/api.w.org\/{rel}","templated":true}]}}