{"id":75381,"date":"2022-05-16T14:21:08","date_gmt":"2022-05-16T18:21:08","guid":{"rendered":"http:\/\/www.dumoulinbicyclettes.com\/?post_type=product&#038;p=75381"},"modified":"2025-09-04T14:14:49","modified_gmt":"2025-09-04T18:14:49","slug":"cadenas-abus-cable-de-roue-cobra-140cm","status":"publish","type":"product","link":"https:\/\/dumoulin.absoludev.ca\/en\/produit\/cadenas-abus-cable-de-roue-cobra-140cm\/","title":{"rendered":"C\u00e2ble en acier Abus &#8220;Cobra&#8221; &#8211; 140 cm"},"content":{"rendered":"<p>Le c\u00e2ble en acier Abus &#8220;Cobra&#8221; vous permet de s\u00e9curiser vos roues ou vos accessoires. Ses deux boucles pratiques peuvent \u00eatre gliss\u00e9es dans votre cadenas en U par exemple pour une s\u00e9curit\u00e9 optimale.<\/p>\n","protected":false},"excerpt":{"rendered":"<p>Le c\u00e2ble en acier Abus &#8220;Cobra&#8221; vous permet de s\u00e9curiser vos roues ou vos accessoires. Ses deux boucles pratiques peuvent \u00eatre gliss\u00e9es dans votre cadenas en U par exemple pour une s\u00e9curit\u00e9 optimale.<\/p>\n","protected":false},"featured_media":75382,"template":"","meta":{"_acf_changed":false},"product_brand":[],"product_cat":[182,190,205],"product_tag":[3283,2478,3281,3282],"marque-produit":[1417],"collection-produit":[],"type-surface-produit":[],"type-velo-produit":[],"vetement-produit":[],"thematique-produit":[],"position-sur-le-v\u00e9lo":[],"class_list":{"0":"post-75381","1":"product","2":"type-product","3":"status-publish","4":"has-post-thumbnail","6":"product_cat-accessoires","7":"product_cat-cadenas","8":"product_cat-chaines","9":"product_tag-140-cm","10":"product_tag-abus","11":"product_tag-cable-en-acier","12":"product_tag-cobra","13":"marque-produit-abus","15":"first","16":"instock","17":"taxable","18":"shipping-taxable","19":"purchasable","20":"product-type-simple"},"acf":[],"yoast_head":"<!-- This site is optimized with the Yoast SEO plugin v24.3 - https:\/\/yoast.com\/wordpress\/plugins\/seo\/ -->\n<title>C\u00e2ble en acier Abus &quot;Cobra&quot; - 140 cm - Dumoulin Bicyclettes<\/title>\n<meta name=\"description\" content=\"Le c\u00e2ble en acier Abus &quot;Cobra&quot; 140 cm vous permet de s\u00e9curiser vos roues ou vos accessoires pour une protection optimale.\" \/>\n<meta name=\"robots\" content=\"noindex, follow, max-snippet:-1, max-image-preview:large, max-video-preview:-1\" \/>\n<meta property=\"og:locale\" content=\"en_US\" \/>\n<meta property=\"og:type\" content=\"article\" \/>\n<meta property=\"og:title\" content=\"C\u00e2ble en acier Abus &quot;Cobra&quot; - 140 cm - Dumoulin Bicyclettes\" \/>\n<meta property=\"og:description\" content=\"Le c\u00e2ble en acier Abus &quot;Cobra&quot; 140 cm vous permet de s\u00e9curiser vos roues ou vos accessoires pour une protection optimale.\" \/>\n<meta property=\"og:url\" content=\"https:\/\/dumoulin.absoludev.ca\/produit\/cadenas-abus-cable-de-roue-cobra-140cm\/\" \/>\n<meta property=\"og:site_name\" content=\"Dumoulin Bicyclettes\" \/>\n<meta property=\"article:publisher\" content=\"https:\/\/www.facebook.com\/dumoulinbicyclettes\" \/>\n<meta property=\"article:modified_time\" content=\"2025-09-04T18:14:49+00:00\" \/>\n<meta property=\"og:image\" content=\"https:\/\/dumoulin.absoludev.ca\/wp-content\/uploads\/2022\/05\/acadcafe-1ede-4ca7-9e8b-25f4dd59f30b-1.png\" \/>\n\t<meta property=\"og:image:width\" content=\"280\" \/>\n\t<meta property=\"og:image:height\" content=\"280\" \/>\n\t<meta property=\"og:image:type\" content=\"image\/png\" \/>\n<meta name=\"twitter:card\" content=\"summary_large_image\" \/>\n<meta name=\"twitter:label1\" content=\"Est. reading time\" \/>\n\t<meta name=\"twitter:data1\" content=\"1 minute\" \/>\n<script type=\"application\/ld+json\" class=\"yoast-schema-graph\">{\"@context\":\"https:\/\/schema.org\",\"@graph\":[{\"@type\":\"WebPage\",\"@id\":\"https:\/\/dumoulin.absoludev.ca\/produit\/cadenas-abus-cable-de-roue-cobra-140cm\/\",\"url\":\"https:\/\/dumoulin.absoludev.ca\/produit\/cadenas-abus-cable-de-roue-cobra-140cm\/\",\"name\":\"C\u00e2ble en acier Abus \\\"Cobra\\\" - 140 cm - Dumoulin Bicyclettes\",\"isPartOf\":{\"@id\":\"https:\/\/dumoulin.absoludev.ca\/#website\"},\"primaryImageOfPage\":{\"@id\":\"https:\/\/dumoulin.absoludev.ca\/produit\/cadenas-abus-cable-de-roue-cobra-140cm\/#primaryimage\"},\"image\":{\"@id\":\"https:\/\/dumoulin.absoludev.ca\/produit\/cadenas-abus-cable-de-roue-cobra-140cm\/#primaryimage\"},\"thumbnailUrl\":\"https:\/\/dumoulin.absoludev.ca\/wp-content\/uploads\/2022\/05\/acadcafe-1ede-4ca7-9e8b-25f4dd59f30b-1.png\",\"datePublished\":\"2022-05-16T18:21:08+00:00\",\"dateModified\":\"2025-09-04T18:14:49+00:00\",\"description\":\"Le c\u00e2ble en acier Abus \\\"Cobra\\\" 140 cm vous permet de s\u00e9curiser vos roues ou vos accessoires pour une protection optimale.\",\"breadcrumb\":{\"@id\":\"https:\/\/dumoulin.absoludev.ca\/produit\/cadenas-abus-cable-de-roue-cobra-140cm\/#breadcrumb\"},\"inLanguage\":\"en-US\",\"potentialAction\":[{\"@type\":\"ReadAction\",\"target\":[\"https:\/\/dumoulin.absoludev.ca\/produit\/cadenas-abus-cable-de-roue-cobra-140cm\/\"]}]},{\"@type\":\"ImageObject\",\"inLanguage\":\"en-US\",\"@id\":\"https:\/\/dumoulin.absoludev.ca\/produit\/cadenas-abus-cable-de-roue-cobra-140cm\/#primaryimage\",\"url\":\"https:\/\/dumoulin.absoludev.ca\/wp-content\/uploads\/2022\/05\/acadcafe-1ede-4ca7-9e8b-25f4dd59f30b-1.png\",\"contentUrl\":\"https:\/\/dumoulin.absoludev.ca\/wp-content\/uploads\/2022\/05\/acadcafe-1ede-4ca7-9e8b-25f4dd59f30b-1.png\",\"width\":280,\"height\":280},{\"@type\":\"BreadcrumbList\",\"@id\":\"https:\/\/dumoulin.absoludev.ca\/produit\/cadenas-abus-cable-de-roue-cobra-140cm\/#breadcrumb\",\"itemListElement\":[{\"@type\":\"ListItem\",\"position\":1,\"name\":\"Home\",\"item\":\"https:\/\/dumoulin.absoludev.ca\/en\/\"},{\"@type\":\"ListItem\",\"position\":2,\"name\":\"Shop\",\"item\":\"https:\/\/dumoulin.absoludev.ca\/en\/shop\/\"},{\"@type\":\"ListItem\",\"position\":3,\"name\":\"C\u00e2ble en acier Abus \u00ab\u00a0Cobra\u00a0\u00bb &#8211; 140 cm\"}]},{\"@type\":\"WebSite\",\"@id\":\"https:\/\/dumoulin.absoludev.ca\/#website\",\"url\":\"https:\/\/dumoulin.absoludev.ca\/\",\"name\":\"Dumoulin Bicyclettes\",\"description\":\"\",\"publisher\":{\"@id\":\"https:\/\/dumoulin.absoludev.ca\/#organization\"},\"potentialAction\":[{\"@type\":\"SearchAction\",\"target\":{\"@type\":\"EntryPoint\",\"urlTemplate\":\"https:\/\/dumoulin.absoludev.ca\/?s={search_term_string}\"},\"query-input\":{\"@type\":\"PropertyValueSpecification\",\"valueRequired\":true,\"valueName\":\"search_term_string\"}}],\"inLanguage\":\"en-US\"},{\"@type\":\"Organization\",\"@id\":\"https:\/\/dumoulin.absoludev.ca\/#organization\",\"name\":\"Dumoulin Bicyclettes\",\"url\":\"https:\/\/dumoulin.absoludev.ca\/\",\"logo\":{\"@type\":\"ImageObject\",\"inLanguage\":\"en-US\",\"@id\":\"https:\/\/dumoulin.absoludev.ca\/#\/schema\/logo\/image\/\",\"url\":\"https:\/\/www.dumoulinbicyclettes.com\/wp-content\/uploads\/2021\/04\/Logo.svg\",\"contentUrl\":\"https:\/\/www.dumoulinbicyclettes.com\/wp-content\/uploads\/2021\/04\/Logo.svg\",\"width\":254,\"height\":86,\"caption\":\"Dumoulin Bicyclettes\"},\"image\":{\"@id\":\"https:\/\/dumoulin.absoludev.ca\/#\/schema\/logo\/image\/\"},\"sameAs\":[\"https:\/\/www.facebook.com\/dumoulinbicyclettes\",\"https:\/\/www.instagram.com\/dumoulin.ca\/\",\"https:\/\/www.youtube.com\/user\/dumoulinbicyclettes\"]}]}<\/script>\n<!-- \/ Yoast SEO plugin. -->","yoast_head_json":{"title":"C\u00e2ble en acier Abus \"Cobra\" - 140 cm - Dumoulin Bicyclettes","description":"Le c\u00e2ble en acier Abus \"Cobra\" 140 cm vous permet de s\u00e9curiser vos roues ou vos accessoires pour une protection optimale.","robots":{"index":"noindex","follow":"follow","max-snippet":"max-snippet:-1","max-image-preview":"max-image-preview:large","max-video-preview":"max-video-preview:-1"},"og_locale":"en_US","og_type":"article","og_title":"C\u00e2ble en acier Abus \"Cobra\" - 140 cm - Dumoulin Bicyclettes","og_description":"Le c\u00e2ble en acier Abus \"Cobra\" 140 cm vous permet de s\u00e9curiser vos roues ou vos accessoires pour une protection optimale.","og_url":"https:\/\/dumoulin.absoludev.ca\/produit\/cadenas-abus-cable-de-roue-cobra-140cm\/","og_site_name":"Dumoulin Bicyclettes","article_publisher":"https:\/\/www.facebook.com\/dumoulinbicyclettes","article_modified_time":"2025-09-04T18:14:49+00:00","og_image":[{"width":280,"height":280,"url":"https:\/\/dumoulin.absoludev.ca\/wp-content\/uploads\/2022\/05\/acadcafe-1ede-4ca7-9e8b-25f4dd59f30b-1.png","type":"image\/png"}],"twitter_card":"summary_large_image","twitter_misc":{"Est. reading time":"1 minute"},"schema":{"@context":"https:\/\/schema.org","@graph":[{"@type":"WebPage","@id":"https:\/\/dumoulin.absoludev.ca\/produit\/cadenas-abus-cable-de-roue-cobra-140cm\/","url":"https:\/\/dumoulin.absoludev.ca\/produit\/cadenas-abus-cable-de-roue-cobra-140cm\/","name":"C\u00e2ble en acier Abus \"Cobra\" - 140 cm - Dumoulin Bicyclettes","isPartOf":{"@id":"https:\/\/dumoulin.absoludev.ca\/#website"},"primaryImageOfPage":{"@id":"https:\/\/dumoulin.absoludev.ca\/produit\/cadenas-abus-cable-de-roue-cobra-140cm\/#primaryimage"},"image":{"@id":"https:\/\/dumoulin.absoludev.ca\/produit\/cadenas-abus-cable-de-roue-cobra-140cm\/#primaryimage"},"thumbnailUrl":"https:\/\/dumoulin.absoludev.ca\/wp-content\/uploads\/2022\/05\/acadcafe-1ede-4ca7-9e8b-25f4dd59f30b-1.png","datePublished":"2022-05-16T18:21:08+00:00","dateModified":"2025-09-04T18:14:49+00:00","description":"Le c\u00e2ble en acier Abus \"Cobra\" 140 cm vous permet de s\u00e9curiser vos roues ou vos accessoires pour une protection optimale.","breadcrumb":{"@id":"https:\/\/dumoulin.absoludev.ca\/produit\/cadenas-abus-cable-de-roue-cobra-140cm\/#breadcrumb"},"inLanguage":"en-US","potentialAction":[{"@type":"ReadAction","target":["https:\/\/dumoulin.absoludev.ca\/produit\/cadenas-abus-cable-de-roue-cobra-140cm\/"]}]},{"@type":"ImageObject","inLanguage":"en-US","@id":"https:\/\/dumoulin.absoludev.ca\/produit\/cadenas-abus-cable-de-roue-cobra-140cm\/#primaryimage","url":"https:\/\/dumoulin.absoludev.ca\/wp-content\/uploads\/2022\/05\/acadcafe-1ede-4ca7-9e8b-25f4dd59f30b-1.png","contentUrl":"https:\/\/dumoulin.absoludev.ca\/wp-content\/uploads\/2022\/05\/acadcafe-1ede-4ca7-9e8b-25f4dd59f30b-1.png","width":280,"height":280},{"@type":"BreadcrumbList","@id":"https:\/\/dumoulin.absoludev.ca\/produit\/cadenas-abus-cable-de-roue-cobra-140cm\/#breadcrumb","itemListElement":[{"@type":"ListItem","position":1,"name":"Home","item":"https:\/\/dumoulin.absoludev.ca\/en\/"},{"@type":"ListItem","position":2,"name":"Shop","item":"https:\/\/dumoulin.absoludev.ca\/en\/shop\/"},{"@type":"ListItem","position":3,"name":"C\u00e2ble en acier Abus \u00ab\u00a0Cobra\u00a0\u00bb &#8211; 140 cm"}]},{"@type":"WebSite","@id":"https:\/\/dumoulin.absoludev.ca\/#website","url":"https:\/\/dumoulin.absoludev.ca\/","name":"Dumoulin Bicyclettes","description":"","publisher":{"@id":"https:\/\/dumoulin.absoludev.ca\/#organization"},"potentialAction":[{"@type":"SearchAction","target":{"@type":"EntryPoint","urlTemplate":"https:\/\/dumoulin.absoludev.ca\/?s={search_term_string}"},"query-input":{"@type":"PropertyValueSpecification","valueRequired":true,"valueName":"search_term_string"}}],"inLanguage":"en-US"},{"@type":"Organization","@id":"https:\/\/dumoulin.absoludev.ca\/#organization","name":"Dumoulin Bicyclettes","url":"https:\/\/dumoulin.absoludev.ca\/","logo":{"@type":"ImageObject","inLanguage":"en-US","@id":"https:\/\/dumoulin.absoludev.ca\/#\/schema\/logo\/image\/","url":"https:\/\/www.dumoulinbicyclettes.com\/wp-content\/uploads\/2021\/04\/Logo.svg","contentUrl":"https:\/\/www.dumoulinbicyclettes.com\/wp-content\/uploads\/2021\/04\/Logo.svg","width":254,"height":86,"caption":"Dumoulin Bicyclettes"},"image":{"@id":"https:\/\/dumoulin.absoludev.ca\/#\/schema\/logo\/image\/"},"sameAs":["https:\/\/www.facebook.com\/dumoulinbicyclettes","https:\/\/www.instagram.com\/dumoulin.ca\/","https:\/\/www.youtube.com\/user\/dumoulinbicyclettes"]}]}},"_links":{"self":[{"href":"https:\/\/dumoulin.absoludev.ca\/en\/wp-json\/wp\/v2\/product\/75381","targetHints":{"allow":["GET"]}}],"collection":[{"href":"https:\/\/dumoulin.absoludev.ca\/en\/wp-json\/wp\/v2\/product"}],"about":[{"href":"https:\/\/dumoulin.absoludev.ca\/en\/wp-json\/wp\/v2\/types\/product"}],"wp:featuredmedia":[{"embeddable":true,"href":"https:\/\/dumoulin.absoludev.ca\/en\/wp-json\/wp\/v2\/media\/75382"}],"wp:attachment":[{"href":"https:\/\/dumoulin.absoludev.ca\/en\/wp-json\/wp\/v2\/media?parent=75381"}],"wp:term":[{"taxonomy":"product_brand","embeddable":true,"href":"https:\/\/dumoulin.absoludev.ca\/en\/wp-json\/wp\/v2\/product_brand?post=75381"},{"taxonomy":"product_cat","embeddable":true,"href":"https:\/\/dumoulin.absoludev.ca\/en\/wp-json\/wp\/v2\/product_cat?post=75381"},{"taxonomy":"product_tag","embeddable":true,"href":"https:\/\/dumoulin.absoludev.ca\/en\/wp-json\/wp\/v2\/product_tag?post=75381"},{"taxonomy":"marque-produit","embeddable":true,"href":"https:\/\/dumoulin.absoludev.ca\/en\/wp-json\/wp\/v2\/marque-produit?post=75381"},{"taxonomy":"collection-produit","embeddable":true,"href":"https:\/\/dumoulin.absoludev.ca\/en\/wp-json\/wp\/v2\/collection-produit?post=75381"},{"taxonomy":"type-surface-produit","embeddable":true,"href":"https:\/\/dumoulin.absoludev.ca\/en\/wp-json\/wp\/v2\/type-surface-produit?post=75381"},{"taxonomy":"type-velo-produit","embeddable":true,"href":"https:\/\/dumoulin.absoludev.ca\/en\/wp-json\/wp\/v2\/type-velo-produit?post=75381"},{"taxonomy":"vetement-produit","embeddable":true,"href":"https:\/\/dumoulin.absoludev.ca\/en\/wp-json\/wp\/v2\/vetement-produit?post=75381"},{"taxonomy":"thematique-produit","embeddable":true,"href":"https:\/\/dumoulin.absoludev.ca\/en\/wp-json\/wp\/v2\/thematique-produit?post=75381"},{"taxonomy":"position-sur-le-v\u00e9lo","embeddable":true,"href":"https:\/\/dumoulin.absoludev.ca\/en\/wp-json\/wp\/v2\/position-sur-le-v\u00e9lo?post=75381"}],"curies":[{"name":"wp","href":"https:\/\/api.w.org\/{rel}","templated":true}]}}