{"id":75216,"date":"2022-05-16T14:20:38","date_gmt":"2022-05-16T18:20:38","guid":{"rendered":"http:\/\/www.dumoulinbicyclettes.com\/?post_type=product&#038;p=75216"},"modified":"2025-09-04T14:14:31","modified_gmt":"2025-09-04T18:14:31","slug":"lumiere-de-velo-dynamo-busch-and-muller-toplight-mini","status":"publish","type":"product","link":"https:\/\/dumoulin.absoludev.ca\/en\/produit\/lumiere-de-velo-dynamo-busch-and-muller-toplight-mini\/","title":{"rendered":"Feu arri\u00e8re Busch&#038;M\u00fcller Toplight Mini"},"content":{"rendered":"<p>Cette lumi\u00e8re arri\u00e8re est aliment\u00e9e par votre <a href=\"https:\/\/www.dumoulinbicyclettes.com\/a-propos-des-moyeux-a-dynamo-shutter-precision\/\">moyeu \u00e0 dynamo<\/a>.<\/p>\n<p>Elle est fabriqu\u00e9e en Allemagne par Busch&amp;M\u00fcller. Elle rassemble dans un ensemble compact et l\u00e9ger deux DEL puissantes, un r\u00e9flecteur et un accumulateur.<\/p>\n","protected":false},"excerpt":{"rendered":"<p>Cette lumi\u00e8re arri\u00e8re est aliment\u00e9e par votre moyeu \u00e0 dynamo. Elle est fabriqu\u00e9e en Allemagne par Busch&amp;M\u00fcller. Elle rassemble dans un ensemble compact et l\u00e9ger deux DEL puissantes, un r\u00e9flecteur et un accumulateur.<\/p>\n","protected":false},"featured_media":75217,"template":"","meta":{"_acf_changed":false},"product_brand":[],"product_cat":[212,210],"product_tag":[3205,2486,2636],"marque-produit":[1386],"collection-produit":[],"type-surface-produit":[],"type-velo-produit":[],"vetement-produit":[],"thematique-produit":[],"position-sur-le-v\u00e9lo":[],"class_list":{"0":"post-75216","1":"product","2":"type-product","3":"status-publish","4":"has-post-thumbnail","6":"product_cat-arriere","7":"product_cat-dynamos-moyeux-et-lumieres","8":"product_tag-busch-and-muller","9":"product_tag-buschmuller","10":"product_tag-toplight-mini-plus","11":"marque-produit-buschmuller","13":"first","14":"instock","15":"taxable","16":"shipping-taxable","17":"purchasable","18":"product-type-simple"},"acf":[],"yoast_head":"<!-- This site is optimized with the Yoast SEO plugin v24.3 - https:\/\/yoast.com\/wordpress\/plugins\/seo\/ -->\n<title>Lumi\u00e8re Busch&amp;M\u00fcller Toplight Mini | Dynamo | Dumoulin Bicyclettes<\/title>\n<meta name=\"description\" content=\"Lumi\u00e8re de v\u00e9lo aliment\u00e9e par dynamo, la Busch&amp;M\u00fcller Toplight Mini est compacte et l\u00e9g\u00e8re, adapt\u00e9e pour les d\u00e9placements r\u00e9guliers.\" \/>\n<meta name=\"robots\" content=\"noindex, follow, max-snippet:-1, max-image-preview:large, max-video-preview:-1\" \/>\n<meta property=\"og:locale\" content=\"en_US\" \/>\n<meta property=\"og:type\" content=\"article\" \/>\n<meta property=\"og:title\" content=\"Lumi\u00e8re Busch&amp;M\u00fcller Toplight Mini | Dynamo | Dumoulin Bicyclettes\" \/>\n<meta property=\"og:description\" content=\"Lumi\u00e8re de v\u00e9lo aliment\u00e9e par dynamo, la Busch&amp;M\u00fcller Toplight Mini est compacte et l\u00e9g\u00e8re, adapt\u00e9e pour les d\u00e9placements r\u00e9guliers.\" \/>\n<meta property=\"og:url\" content=\"https:\/\/dumoulin.absoludev.ca\/en\/produit\/lumiere-de-velo-dynamo-busch-and-muller-toplight-mini\/\" \/>\n<meta property=\"og:site_name\" content=\"Dumoulin Bicyclettes\" \/>\n<meta property=\"article:publisher\" content=\"https:\/\/www.facebook.com\/dumoulinbicyclettes\" \/>\n<meta property=\"article:modified_time\" content=\"2025-09-04T18:14:31+00:00\" \/>\n<meta property=\"og:image\" content=\"https:\/\/dumoulin.absoludev.ca\/wp-content\/uploads\/2022\/05\/74a876e4-2dc6-4173-bbfb-b6a55a1bc417-1.png\" \/>\n\t<meta property=\"og:image:width\" content=\"577\" \/>\n\t<meta property=\"og:image:height\" content=\"218\" \/>\n\t<meta property=\"og:image:type\" content=\"image\/png\" \/>\n<meta name=\"twitter:card\" content=\"summary_large_image\" \/>\n<meta name=\"twitter:label1\" content=\"Est. reading time\" \/>\n\t<meta name=\"twitter:data1\" content=\"1 minute\" \/>\n<script type=\"application\/ld+json\" class=\"yoast-schema-graph\">{\"@context\":\"https:\/\/schema.org\",\"@graph\":[{\"@type\":\"WebPage\",\"@id\":\"https:\/\/dumoulin.absoludev.ca\/en\/produit\/lumiere-de-velo-dynamo-busch-and-muller-toplight-mini\/\",\"url\":\"https:\/\/dumoulin.absoludev.ca\/en\/produit\/lumiere-de-velo-dynamo-busch-and-muller-toplight-mini\/\",\"name\":\"Lumi\u00e8re Busch&M\u00fcller Toplight Mini | Dynamo | Dumoulin Bicyclettes\",\"isPartOf\":{\"@id\":\"https:\/\/dumoulin.absoludev.ca\/#website\"},\"primaryImageOfPage\":{\"@id\":\"https:\/\/dumoulin.absoludev.ca\/en\/produit\/lumiere-de-velo-dynamo-busch-and-muller-toplight-mini\/#primaryimage\"},\"image\":{\"@id\":\"https:\/\/dumoulin.absoludev.ca\/en\/produit\/lumiere-de-velo-dynamo-busch-and-muller-toplight-mini\/#primaryimage\"},\"thumbnailUrl\":\"https:\/\/dumoulin.absoludev.ca\/wp-content\/uploads\/2022\/05\/74a876e4-2dc6-4173-bbfb-b6a55a1bc417-1.png\",\"datePublished\":\"2022-05-16T18:20:38+00:00\",\"dateModified\":\"2025-09-04T18:14:31+00:00\",\"description\":\"Lumi\u00e8re de v\u00e9lo aliment\u00e9e par dynamo, la Busch&M\u00fcller Toplight Mini est compacte et l\u00e9g\u00e8re, adapt\u00e9e pour les d\u00e9placements r\u00e9guliers.\",\"breadcrumb\":{\"@id\":\"https:\/\/dumoulin.absoludev.ca\/en\/produit\/lumiere-de-velo-dynamo-busch-and-muller-toplight-mini\/#breadcrumb\"},\"inLanguage\":\"en-US\",\"potentialAction\":[{\"@type\":\"ReadAction\",\"target\":[\"https:\/\/dumoulin.absoludev.ca\/en\/produit\/lumiere-de-velo-dynamo-busch-and-muller-toplight-mini\/\"]}]},{\"@type\":\"ImageObject\",\"inLanguage\":\"en-US\",\"@id\":\"https:\/\/dumoulin.absoludev.ca\/en\/produit\/lumiere-de-velo-dynamo-busch-and-muller-toplight-mini\/#primaryimage\",\"url\":\"https:\/\/dumoulin.absoludev.ca\/wp-content\/uploads\/2022\/05\/74a876e4-2dc6-4173-bbfb-b6a55a1bc417-1.png\",\"contentUrl\":\"https:\/\/dumoulin.absoludev.ca\/wp-content\/uploads\/2022\/05\/74a876e4-2dc6-4173-bbfb-b6a55a1bc417-1.png\",\"width\":577,\"height\":218},{\"@type\":\"BreadcrumbList\",\"@id\":\"https:\/\/dumoulin.absoludev.ca\/en\/produit\/lumiere-de-velo-dynamo-busch-and-muller-toplight-mini\/#breadcrumb\",\"itemListElement\":[{\"@type\":\"ListItem\",\"position\":1,\"name\":\"Home\",\"item\":\"https:\/\/dumoulin.absoludev.ca\/en\/\"},{\"@type\":\"ListItem\",\"position\":2,\"name\":\"Shop\",\"item\":\"https:\/\/dumoulin.absoludev.ca\/en\/shop\/\"},{\"@type\":\"ListItem\",\"position\":3,\"name\":\"Feu arri\u00e8re Busch&#038;M\u00fcller Toplight Mini\"}]},{\"@type\":\"WebSite\",\"@id\":\"https:\/\/dumoulin.absoludev.ca\/#website\",\"url\":\"https:\/\/dumoulin.absoludev.ca\/\",\"name\":\"Dumoulin Bicyclettes\",\"description\":\"\",\"publisher\":{\"@id\":\"https:\/\/dumoulin.absoludev.ca\/#organization\"},\"potentialAction\":[{\"@type\":\"SearchAction\",\"target\":{\"@type\":\"EntryPoint\",\"urlTemplate\":\"https:\/\/dumoulin.absoludev.ca\/?s={search_term_string}\"},\"query-input\":{\"@type\":\"PropertyValueSpecification\",\"valueRequired\":true,\"valueName\":\"search_term_string\"}}],\"inLanguage\":\"en-US\"},{\"@type\":\"Organization\",\"@id\":\"https:\/\/dumoulin.absoludev.ca\/#organization\",\"name\":\"Dumoulin Bicyclettes\",\"url\":\"https:\/\/dumoulin.absoludev.ca\/\",\"logo\":{\"@type\":\"ImageObject\",\"inLanguage\":\"en-US\",\"@id\":\"https:\/\/dumoulin.absoludev.ca\/#\/schema\/logo\/image\/\",\"url\":\"https:\/\/www.dumoulinbicyclettes.com\/wp-content\/uploads\/2021\/04\/Logo.svg\",\"contentUrl\":\"https:\/\/www.dumoulinbicyclettes.com\/wp-content\/uploads\/2021\/04\/Logo.svg\",\"width\":254,\"height\":86,\"caption\":\"Dumoulin Bicyclettes\"},\"image\":{\"@id\":\"https:\/\/dumoulin.absoludev.ca\/#\/schema\/logo\/image\/\"},\"sameAs\":[\"https:\/\/www.facebook.com\/dumoulinbicyclettes\",\"https:\/\/www.instagram.com\/dumoulin.ca\/\",\"https:\/\/www.youtube.com\/user\/dumoulinbicyclettes\"]}]}<\/script>\n<!-- \/ Yoast SEO plugin. -->","yoast_head_json":{"title":"Lumi\u00e8re Busch&M\u00fcller Toplight Mini | Dynamo | Dumoulin Bicyclettes","description":"Lumi\u00e8re de v\u00e9lo aliment\u00e9e par dynamo, la Busch&M\u00fcller Toplight Mini est compacte et l\u00e9g\u00e8re, adapt\u00e9e pour les d\u00e9placements r\u00e9guliers.","robots":{"index":"noindex","follow":"follow","max-snippet":"max-snippet:-1","max-image-preview":"max-image-preview:large","max-video-preview":"max-video-preview:-1"},"og_locale":"en_US","og_type":"article","og_title":"Lumi\u00e8re Busch&M\u00fcller Toplight Mini | Dynamo | Dumoulin Bicyclettes","og_description":"Lumi\u00e8re de v\u00e9lo aliment\u00e9e par dynamo, la Busch&M\u00fcller Toplight Mini est compacte et l\u00e9g\u00e8re, adapt\u00e9e pour les d\u00e9placements r\u00e9guliers.","og_url":"https:\/\/dumoulin.absoludev.ca\/en\/produit\/lumiere-de-velo-dynamo-busch-and-muller-toplight-mini\/","og_site_name":"Dumoulin Bicyclettes","article_publisher":"https:\/\/www.facebook.com\/dumoulinbicyclettes","article_modified_time":"2025-09-04T18:14:31+00:00","og_image":[{"width":577,"height":218,"url":"https:\/\/dumoulin.absoludev.ca\/wp-content\/uploads\/2022\/05\/74a876e4-2dc6-4173-bbfb-b6a55a1bc417-1.png","type":"image\/png"}],"twitter_card":"summary_large_image","twitter_misc":{"Est. reading time":"1 minute"},"schema":{"@context":"https:\/\/schema.org","@graph":[{"@type":"WebPage","@id":"https:\/\/dumoulin.absoludev.ca\/en\/produit\/lumiere-de-velo-dynamo-busch-and-muller-toplight-mini\/","url":"https:\/\/dumoulin.absoludev.ca\/en\/produit\/lumiere-de-velo-dynamo-busch-and-muller-toplight-mini\/","name":"Lumi\u00e8re Busch&M\u00fcller Toplight Mini | Dynamo | Dumoulin Bicyclettes","isPartOf":{"@id":"https:\/\/dumoulin.absoludev.ca\/#website"},"primaryImageOfPage":{"@id":"https:\/\/dumoulin.absoludev.ca\/en\/produit\/lumiere-de-velo-dynamo-busch-and-muller-toplight-mini\/#primaryimage"},"image":{"@id":"https:\/\/dumoulin.absoludev.ca\/en\/produit\/lumiere-de-velo-dynamo-busch-and-muller-toplight-mini\/#primaryimage"},"thumbnailUrl":"https:\/\/dumoulin.absoludev.ca\/wp-content\/uploads\/2022\/05\/74a876e4-2dc6-4173-bbfb-b6a55a1bc417-1.png","datePublished":"2022-05-16T18:20:38+00:00","dateModified":"2025-09-04T18:14:31+00:00","description":"Lumi\u00e8re de v\u00e9lo aliment\u00e9e par dynamo, la Busch&M\u00fcller Toplight Mini est compacte et l\u00e9g\u00e8re, adapt\u00e9e pour les d\u00e9placements r\u00e9guliers.","breadcrumb":{"@id":"https:\/\/dumoulin.absoludev.ca\/en\/produit\/lumiere-de-velo-dynamo-busch-and-muller-toplight-mini\/#breadcrumb"},"inLanguage":"en-US","potentialAction":[{"@type":"ReadAction","target":["https:\/\/dumoulin.absoludev.ca\/en\/produit\/lumiere-de-velo-dynamo-busch-and-muller-toplight-mini\/"]}]},{"@type":"ImageObject","inLanguage":"en-US","@id":"https:\/\/dumoulin.absoludev.ca\/en\/produit\/lumiere-de-velo-dynamo-busch-and-muller-toplight-mini\/#primaryimage","url":"https:\/\/dumoulin.absoludev.ca\/wp-content\/uploads\/2022\/05\/74a876e4-2dc6-4173-bbfb-b6a55a1bc417-1.png","contentUrl":"https:\/\/dumoulin.absoludev.ca\/wp-content\/uploads\/2022\/05\/74a876e4-2dc6-4173-bbfb-b6a55a1bc417-1.png","width":577,"height":218},{"@type":"BreadcrumbList","@id":"https:\/\/dumoulin.absoludev.ca\/en\/produit\/lumiere-de-velo-dynamo-busch-and-muller-toplight-mini\/#breadcrumb","itemListElement":[{"@type":"ListItem","position":1,"name":"Home","item":"https:\/\/dumoulin.absoludev.ca\/en\/"},{"@type":"ListItem","position":2,"name":"Shop","item":"https:\/\/dumoulin.absoludev.ca\/en\/shop\/"},{"@type":"ListItem","position":3,"name":"Feu arri\u00e8re Busch&#038;M\u00fcller Toplight Mini"}]},{"@type":"WebSite","@id":"https:\/\/dumoulin.absoludev.ca\/#website","url":"https:\/\/dumoulin.absoludev.ca\/","name":"Dumoulin Bicyclettes","description":"","publisher":{"@id":"https:\/\/dumoulin.absoludev.ca\/#organization"},"potentialAction":[{"@type":"SearchAction","target":{"@type":"EntryPoint","urlTemplate":"https:\/\/dumoulin.absoludev.ca\/?s={search_term_string}"},"query-input":{"@type":"PropertyValueSpecification","valueRequired":true,"valueName":"search_term_string"}}],"inLanguage":"en-US"},{"@type":"Organization","@id":"https:\/\/dumoulin.absoludev.ca\/#organization","name":"Dumoulin Bicyclettes","url":"https:\/\/dumoulin.absoludev.ca\/","logo":{"@type":"ImageObject","inLanguage":"en-US","@id":"https:\/\/dumoulin.absoludev.ca\/#\/schema\/logo\/image\/","url":"https:\/\/www.dumoulinbicyclettes.com\/wp-content\/uploads\/2021\/04\/Logo.svg","contentUrl":"https:\/\/www.dumoulinbicyclettes.com\/wp-content\/uploads\/2021\/04\/Logo.svg","width":254,"height":86,"caption":"Dumoulin Bicyclettes"},"image":{"@id":"https:\/\/dumoulin.absoludev.ca\/#\/schema\/logo\/image\/"},"sameAs":["https:\/\/www.facebook.com\/dumoulinbicyclettes","https:\/\/www.instagram.com\/dumoulin.ca\/","https:\/\/www.youtube.com\/user\/dumoulinbicyclettes"]}]}},"_links":{"self":[{"href":"https:\/\/dumoulin.absoludev.ca\/en\/wp-json\/wp\/v2\/product\/75216","targetHints":{"allow":["GET"]}}],"collection":[{"href":"https:\/\/dumoulin.absoludev.ca\/en\/wp-json\/wp\/v2\/product"}],"about":[{"href":"https:\/\/dumoulin.absoludev.ca\/en\/wp-json\/wp\/v2\/types\/product"}],"wp:featuredmedia":[{"embeddable":true,"href":"https:\/\/dumoulin.absoludev.ca\/en\/wp-json\/wp\/v2\/media\/75217"}],"wp:attachment":[{"href":"https:\/\/dumoulin.absoludev.ca\/en\/wp-json\/wp\/v2\/media?parent=75216"}],"wp:term":[{"taxonomy":"product_brand","embeddable":true,"href":"https:\/\/dumoulin.absoludev.ca\/en\/wp-json\/wp\/v2\/product_brand?post=75216"},{"taxonomy":"product_cat","embeddable":true,"href":"https:\/\/dumoulin.absoludev.ca\/en\/wp-json\/wp\/v2\/product_cat?post=75216"},{"taxonomy":"product_tag","embeddable":true,"href":"https:\/\/dumoulin.absoludev.ca\/en\/wp-json\/wp\/v2\/product_tag?post=75216"},{"taxonomy":"marque-produit","embeddable":true,"href":"https:\/\/dumoulin.absoludev.ca\/en\/wp-json\/wp\/v2\/marque-produit?post=75216"},{"taxonomy":"collection-produit","embeddable":true,"href":"https:\/\/dumoulin.absoludev.ca\/en\/wp-json\/wp\/v2\/collection-produit?post=75216"},{"taxonomy":"type-surface-produit","embeddable":true,"href":"https:\/\/dumoulin.absoludev.ca\/en\/wp-json\/wp\/v2\/type-surface-produit?post=75216"},{"taxonomy":"type-velo-produit","embeddable":true,"href":"https:\/\/dumoulin.absoludev.ca\/en\/wp-json\/wp\/v2\/type-velo-produit?post=75216"},{"taxonomy":"vetement-produit","embeddable":true,"href":"https:\/\/dumoulin.absoludev.ca\/en\/wp-json\/wp\/v2\/vetement-produit?post=75216"},{"taxonomy":"thematique-produit","embeddable":true,"href":"https:\/\/dumoulin.absoludev.ca\/en\/wp-json\/wp\/v2\/thematique-produit?post=75216"},{"taxonomy":"position-sur-le-v\u00e9lo","embeddable":true,"href":"https:\/\/dumoulin.absoludev.ca\/en\/wp-json\/wp\/v2\/position-sur-le-v\u00e9lo?post=75216"}],"curies":[{"name":"wp","href":"https:\/\/api.w.org\/{rel}","templated":true}]}}