{"id":75172,"date":"2022-05-16T14:20:25","date_gmt":"2022-05-16T18:20:25","guid":{"rendered":"http:\/\/www.dumoulinbicyclettes.com\/?post_type=product&#038;p=75172"},"modified":"2025-09-04T14:14:20","modified_gmt":"2025-09-04T18:14:20","slug":"bequille-yuba-stand-together-velo-cargo-montreal","status":"publish","type":"product","link":"https:\/\/dumoulin.absoludev.ca\/en\/produit\/bequille-yuba-stand-together-velo-cargo-montreal\/","title":{"rendered":"B\u00e9quille double Yuba \u00abstand together\u00bb"},"content":{"rendered":"<p>B\u00e9quille de v\u00e9lo cargo Yuba. Con\u00e7ue pour la stabilit\u00e9 et la confiance, cette b\u00e9quille permet de \u00abcharger\u00bb votre v\u00e9lo avec s\u00e9r\u00e9nit\u00e9.<\/p>\n<p>Compatible avec les <a href=\"https:\/\/www.dumoulinbicyclettes.com\/produit\/yuba-kombi-e5\/\" target=\"_blank\" rel=\"noopener\">Yuba Spicy Curry<\/a>, les Yuba <a href=\"https:\/\/www.dumoulinbicyclettes.com\/produit\/yuba-kombi\/\" target=\"_blank\" rel=\"noopener\">Kombi<\/a> les Yuba <a href=\"https:\/\/www.dumoulinbicyclettes.com\/produit\/yuba-kombi-e5\/\" target=\"_blank\" rel=\"noopener\">eKombi<\/a> et les Yuba Mundo.<\/p>\n<p>Des questions ? Contactez-nous.<\/p>\n","protected":false},"excerpt":{"rendered":"<p>B\u00e9quille de v\u00e9lo cargo Yuba. Con\u00e7ue pour la stabilit\u00e9 et la confiance, cette b\u00e9quille permet de \u00abcharger\u00bb votre v\u00e9lo avec s\u00e9r\u00e9nit\u00e9. Compatible avec les Yuba Spicy Curry, les Yuba Kombi les Yuba eKombi et les Yuba Mundo. Des questions ? Contactez-nous.<\/p>\n","protected":false},"featured_media":75173,"template":"","meta":{"_acf_changed":false},"product_brand":[],"product_cat":[2506],"product_tag":[2535,2179],"marque-produit":[1201],"collection-produit":[2850,2851,2849],"type-surface-produit":[],"type-velo-produit":[],"vetement-produit":[],"thematique-produit":[],"position-sur-le-v\u00e9lo":[],"class_list":{"0":"post-75172","1":"product","2":"type-product","3":"status-publish","4":"has-post-thumbnail","6":"product_cat-yuba","7":"product_tag-bequille-double","8":"product_tag-yuba","9":"marque-produit-yuba","10":"collection-produit-kombi","11":"collection-produit-mundo","12":"collection-produit-spicy-curry","14":"first","15":"instock","16":"taxable","17":"shipping-taxable","18":"purchasable","19":"product-type-simple"},"acf":[],"yoast_head":"<!-- This site is optimized with the Yoast SEO plugin v24.3 - https:\/\/yoast.com\/wordpress\/plugins\/seo\/ -->\n<title>B\u00e9quille double Yuba \u00abstand together\u00bb - Dumoulin Bicyclettes<\/title>\n<meta name=\"description\" content=\"La b\u00e9quille Yuba Stand together facilite le \u00abchargement\u00bb de votre v\u00e9lo cargo. Stable et solide, elle est compatible avec la plupart des V\u00e9los cargo Yuba.\" \/>\n<meta name=\"robots\" content=\"noindex, follow, max-snippet:-1, max-image-preview:large, max-video-preview:-1\" \/>\n<meta property=\"og:locale\" content=\"en_US\" \/>\n<meta property=\"og:type\" content=\"article\" \/>\n<meta property=\"og:title\" content=\"B\u00e9quille double Yuba \u00abstand together\u00bb - Dumoulin Bicyclettes\" \/>\n<meta property=\"og:description\" content=\"La b\u00e9quille Yuba Stand together facilite le \u00abchargement\u00bb de votre v\u00e9lo cargo. Stable et solide, elle est compatible avec la plupart des V\u00e9los cargo Yuba.\" \/>\n<meta property=\"og:url\" content=\"https:\/\/dumoulin.absoludev.ca\/en\/produit\/bequille-yuba-stand-together-velo-cargo-montreal\/\" \/>\n<meta property=\"og:site_name\" content=\"Dumoulin Bicyclettes\" \/>\n<meta property=\"article:publisher\" content=\"https:\/\/www.facebook.com\/dumoulinbicyclettes\" \/>\n<meta property=\"article:modified_time\" content=\"2025-09-04T18:14:20+00:00\" \/>\n<meta property=\"og:image\" content=\"https:\/\/dumoulin.absoludev.ca\/wp-content\/uploads\/2022\/05\/5e2f6f52-5dd5-48e3-b555-3df5cd38239c-1.png\" \/>\n\t<meta property=\"og:image:width\" content=\"600\" \/>\n\t<meta property=\"og:image:height\" content=\"600\" \/>\n\t<meta property=\"og:image:type\" content=\"image\/png\" \/>\n<meta name=\"twitter:card\" content=\"summary_large_image\" \/>\n<meta name=\"twitter:label1\" content=\"Est. reading time\" \/>\n\t<meta name=\"twitter:data1\" content=\"1 minute\" \/>\n<script type=\"application\/ld+json\" class=\"yoast-schema-graph\">{\"@context\":\"https:\/\/schema.org\",\"@graph\":[{\"@type\":\"WebPage\",\"@id\":\"https:\/\/dumoulin.absoludev.ca\/en\/produit\/bequille-yuba-stand-together-velo-cargo-montreal\/\",\"url\":\"https:\/\/dumoulin.absoludev.ca\/en\/produit\/bequille-yuba-stand-together-velo-cargo-montreal\/\",\"name\":\"B\u00e9quille double Yuba \u00abstand together\u00bb - Dumoulin Bicyclettes\",\"isPartOf\":{\"@id\":\"https:\/\/dumoulin.absoludev.ca\/#website\"},\"primaryImageOfPage\":{\"@id\":\"https:\/\/dumoulin.absoludev.ca\/en\/produit\/bequille-yuba-stand-together-velo-cargo-montreal\/#primaryimage\"},\"image\":{\"@id\":\"https:\/\/dumoulin.absoludev.ca\/en\/produit\/bequille-yuba-stand-together-velo-cargo-montreal\/#primaryimage\"},\"thumbnailUrl\":\"https:\/\/dumoulin.absoludev.ca\/wp-content\/uploads\/2022\/05\/5e2f6f52-5dd5-48e3-b555-3df5cd38239c-1.png\",\"datePublished\":\"2022-05-16T18:20:25+00:00\",\"dateModified\":\"2025-09-04T18:14:20+00:00\",\"description\":\"La b\u00e9quille Yuba Stand together facilite le \u00abchargement\u00bb de votre v\u00e9lo cargo. Stable et solide, elle est compatible avec la plupart des V\u00e9los cargo Yuba.\",\"breadcrumb\":{\"@id\":\"https:\/\/dumoulin.absoludev.ca\/en\/produit\/bequille-yuba-stand-together-velo-cargo-montreal\/#breadcrumb\"},\"inLanguage\":\"en-US\",\"potentialAction\":[{\"@type\":\"ReadAction\",\"target\":[\"https:\/\/dumoulin.absoludev.ca\/en\/produit\/bequille-yuba-stand-together-velo-cargo-montreal\/\"]}]},{\"@type\":\"ImageObject\",\"inLanguage\":\"en-US\",\"@id\":\"https:\/\/dumoulin.absoludev.ca\/en\/produit\/bequille-yuba-stand-together-velo-cargo-montreal\/#primaryimage\",\"url\":\"https:\/\/dumoulin.absoludev.ca\/wp-content\/uploads\/2022\/05\/5e2f6f52-5dd5-48e3-b555-3df5cd38239c-1.png\",\"contentUrl\":\"https:\/\/dumoulin.absoludev.ca\/wp-content\/uploads\/2022\/05\/5e2f6f52-5dd5-48e3-b555-3df5cd38239c-1.png\",\"width\":600,\"height\":600},{\"@type\":\"BreadcrumbList\",\"@id\":\"https:\/\/dumoulin.absoludev.ca\/en\/produit\/bequille-yuba-stand-together-velo-cargo-montreal\/#breadcrumb\",\"itemListElement\":[{\"@type\":\"ListItem\",\"position\":1,\"name\":\"Home\",\"item\":\"https:\/\/dumoulin.absoludev.ca\/en\/\"},{\"@type\":\"ListItem\",\"position\":2,\"name\":\"Shop\",\"item\":\"https:\/\/dumoulin.absoludev.ca\/en\/shop\/\"},{\"@type\":\"ListItem\",\"position\":3,\"name\":\"B\u00e9quille double Yuba \u00abstand together\u00bb\"}]},{\"@type\":\"WebSite\",\"@id\":\"https:\/\/dumoulin.absoludev.ca\/#website\",\"url\":\"https:\/\/dumoulin.absoludev.ca\/\",\"name\":\"Dumoulin Bicyclettes\",\"description\":\"\",\"publisher\":{\"@id\":\"https:\/\/dumoulin.absoludev.ca\/#organization\"},\"potentialAction\":[{\"@type\":\"SearchAction\",\"target\":{\"@type\":\"EntryPoint\",\"urlTemplate\":\"https:\/\/dumoulin.absoludev.ca\/?s={search_term_string}\"},\"query-input\":{\"@type\":\"PropertyValueSpecification\",\"valueRequired\":true,\"valueName\":\"search_term_string\"}}],\"inLanguage\":\"en-US\"},{\"@type\":\"Organization\",\"@id\":\"https:\/\/dumoulin.absoludev.ca\/#organization\",\"name\":\"Dumoulin Bicyclettes\",\"url\":\"https:\/\/dumoulin.absoludev.ca\/\",\"logo\":{\"@type\":\"ImageObject\",\"inLanguage\":\"en-US\",\"@id\":\"https:\/\/dumoulin.absoludev.ca\/#\/schema\/logo\/image\/\",\"url\":\"https:\/\/www.dumoulinbicyclettes.com\/wp-content\/uploads\/2021\/04\/Logo.svg\",\"contentUrl\":\"https:\/\/www.dumoulinbicyclettes.com\/wp-content\/uploads\/2021\/04\/Logo.svg\",\"width\":254,\"height\":86,\"caption\":\"Dumoulin Bicyclettes\"},\"image\":{\"@id\":\"https:\/\/dumoulin.absoludev.ca\/#\/schema\/logo\/image\/\"},\"sameAs\":[\"https:\/\/www.facebook.com\/dumoulinbicyclettes\",\"https:\/\/www.instagram.com\/dumoulin.ca\/\",\"https:\/\/www.youtube.com\/user\/dumoulinbicyclettes\"]}]}<\/script>\n<!-- \/ Yoast SEO plugin. -->","yoast_head_json":{"title":"B\u00e9quille double Yuba \u00abstand together\u00bb - Dumoulin Bicyclettes","description":"La b\u00e9quille Yuba Stand together facilite le \u00abchargement\u00bb de votre v\u00e9lo cargo. Stable et solide, elle est compatible avec la plupart des V\u00e9los cargo Yuba.","robots":{"index":"noindex","follow":"follow","max-snippet":"max-snippet:-1","max-image-preview":"max-image-preview:large","max-video-preview":"max-video-preview:-1"},"og_locale":"en_US","og_type":"article","og_title":"B\u00e9quille double Yuba \u00abstand together\u00bb - Dumoulin Bicyclettes","og_description":"La b\u00e9quille Yuba Stand together facilite le \u00abchargement\u00bb de votre v\u00e9lo cargo. Stable et solide, elle est compatible avec la plupart des V\u00e9los cargo Yuba.","og_url":"https:\/\/dumoulin.absoludev.ca\/en\/produit\/bequille-yuba-stand-together-velo-cargo-montreal\/","og_site_name":"Dumoulin Bicyclettes","article_publisher":"https:\/\/www.facebook.com\/dumoulinbicyclettes","article_modified_time":"2025-09-04T18:14:20+00:00","og_image":[{"width":600,"height":600,"url":"https:\/\/dumoulin.absoludev.ca\/wp-content\/uploads\/2022\/05\/5e2f6f52-5dd5-48e3-b555-3df5cd38239c-1.png","type":"image\/png"}],"twitter_card":"summary_large_image","twitter_misc":{"Est. reading time":"1 minute"},"schema":{"@context":"https:\/\/schema.org","@graph":[{"@type":"WebPage","@id":"https:\/\/dumoulin.absoludev.ca\/en\/produit\/bequille-yuba-stand-together-velo-cargo-montreal\/","url":"https:\/\/dumoulin.absoludev.ca\/en\/produit\/bequille-yuba-stand-together-velo-cargo-montreal\/","name":"B\u00e9quille double Yuba \u00abstand together\u00bb - Dumoulin Bicyclettes","isPartOf":{"@id":"https:\/\/dumoulin.absoludev.ca\/#website"},"primaryImageOfPage":{"@id":"https:\/\/dumoulin.absoludev.ca\/en\/produit\/bequille-yuba-stand-together-velo-cargo-montreal\/#primaryimage"},"image":{"@id":"https:\/\/dumoulin.absoludev.ca\/en\/produit\/bequille-yuba-stand-together-velo-cargo-montreal\/#primaryimage"},"thumbnailUrl":"https:\/\/dumoulin.absoludev.ca\/wp-content\/uploads\/2022\/05\/5e2f6f52-5dd5-48e3-b555-3df5cd38239c-1.png","datePublished":"2022-05-16T18:20:25+00:00","dateModified":"2025-09-04T18:14:20+00:00","description":"La b\u00e9quille Yuba Stand together facilite le \u00abchargement\u00bb de votre v\u00e9lo cargo. Stable et solide, elle est compatible avec la plupart des V\u00e9los cargo Yuba.","breadcrumb":{"@id":"https:\/\/dumoulin.absoludev.ca\/en\/produit\/bequille-yuba-stand-together-velo-cargo-montreal\/#breadcrumb"},"inLanguage":"en-US","potentialAction":[{"@type":"ReadAction","target":["https:\/\/dumoulin.absoludev.ca\/en\/produit\/bequille-yuba-stand-together-velo-cargo-montreal\/"]}]},{"@type":"ImageObject","inLanguage":"en-US","@id":"https:\/\/dumoulin.absoludev.ca\/en\/produit\/bequille-yuba-stand-together-velo-cargo-montreal\/#primaryimage","url":"https:\/\/dumoulin.absoludev.ca\/wp-content\/uploads\/2022\/05\/5e2f6f52-5dd5-48e3-b555-3df5cd38239c-1.png","contentUrl":"https:\/\/dumoulin.absoludev.ca\/wp-content\/uploads\/2022\/05\/5e2f6f52-5dd5-48e3-b555-3df5cd38239c-1.png","width":600,"height":600},{"@type":"BreadcrumbList","@id":"https:\/\/dumoulin.absoludev.ca\/en\/produit\/bequille-yuba-stand-together-velo-cargo-montreal\/#breadcrumb","itemListElement":[{"@type":"ListItem","position":1,"name":"Home","item":"https:\/\/dumoulin.absoludev.ca\/en\/"},{"@type":"ListItem","position":2,"name":"Shop","item":"https:\/\/dumoulin.absoludev.ca\/en\/shop\/"},{"@type":"ListItem","position":3,"name":"B\u00e9quille double Yuba \u00abstand together\u00bb"}]},{"@type":"WebSite","@id":"https:\/\/dumoulin.absoludev.ca\/#website","url":"https:\/\/dumoulin.absoludev.ca\/","name":"Dumoulin Bicyclettes","description":"","publisher":{"@id":"https:\/\/dumoulin.absoludev.ca\/#organization"},"potentialAction":[{"@type":"SearchAction","target":{"@type":"EntryPoint","urlTemplate":"https:\/\/dumoulin.absoludev.ca\/?s={search_term_string}"},"query-input":{"@type":"PropertyValueSpecification","valueRequired":true,"valueName":"search_term_string"}}],"inLanguage":"en-US"},{"@type":"Organization","@id":"https:\/\/dumoulin.absoludev.ca\/#organization","name":"Dumoulin Bicyclettes","url":"https:\/\/dumoulin.absoludev.ca\/","logo":{"@type":"ImageObject","inLanguage":"en-US","@id":"https:\/\/dumoulin.absoludev.ca\/#\/schema\/logo\/image\/","url":"https:\/\/www.dumoulinbicyclettes.com\/wp-content\/uploads\/2021\/04\/Logo.svg","contentUrl":"https:\/\/www.dumoulinbicyclettes.com\/wp-content\/uploads\/2021\/04\/Logo.svg","width":254,"height":86,"caption":"Dumoulin Bicyclettes"},"image":{"@id":"https:\/\/dumoulin.absoludev.ca\/#\/schema\/logo\/image\/"},"sameAs":["https:\/\/www.facebook.com\/dumoulinbicyclettes","https:\/\/www.instagram.com\/dumoulin.ca\/","https:\/\/www.youtube.com\/user\/dumoulinbicyclettes"]}]}},"_links":{"self":[{"href":"https:\/\/dumoulin.absoludev.ca\/en\/wp-json\/wp\/v2\/product\/75172","targetHints":{"allow":["GET"]}}],"collection":[{"href":"https:\/\/dumoulin.absoludev.ca\/en\/wp-json\/wp\/v2\/product"}],"about":[{"href":"https:\/\/dumoulin.absoludev.ca\/en\/wp-json\/wp\/v2\/types\/product"}],"wp:featuredmedia":[{"embeddable":true,"href":"https:\/\/dumoulin.absoludev.ca\/en\/wp-json\/wp\/v2\/media\/75173"}],"wp:attachment":[{"href":"https:\/\/dumoulin.absoludev.ca\/en\/wp-json\/wp\/v2\/media?parent=75172"}],"wp:term":[{"taxonomy":"product_brand","embeddable":true,"href":"https:\/\/dumoulin.absoludev.ca\/en\/wp-json\/wp\/v2\/product_brand?post=75172"},{"taxonomy":"product_cat","embeddable":true,"href":"https:\/\/dumoulin.absoludev.ca\/en\/wp-json\/wp\/v2\/product_cat?post=75172"},{"taxonomy":"product_tag","embeddable":true,"href":"https:\/\/dumoulin.absoludev.ca\/en\/wp-json\/wp\/v2\/product_tag?post=75172"},{"taxonomy":"marque-produit","embeddable":true,"href":"https:\/\/dumoulin.absoludev.ca\/en\/wp-json\/wp\/v2\/marque-produit?post=75172"},{"taxonomy":"collection-produit","embeddable":true,"href":"https:\/\/dumoulin.absoludev.ca\/en\/wp-json\/wp\/v2\/collection-produit?post=75172"},{"taxonomy":"type-surface-produit","embeddable":true,"href":"https:\/\/dumoulin.absoludev.ca\/en\/wp-json\/wp\/v2\/type-surface-produit?post=75172"},{"taxonomy":"type-velo-produit","embeddable":true,"href":"https:\/\/dumoulin.absoludev.ca\/en\/wp-json\/wp\/v2\/type-velo-produit?post=75172"},{"taxonomy":"vetement-produit","embeddable":true,"href":"https:\/\/dumoulin.absoludev.ca\/en\/wp-json\/wp\/v2\/vetement-produit?post=75172"},{"taxonomy":"thematique-produit","embeddable":true,"href":"https:\/\/dumoulin.absoludev.ca\/en\/wp-json\/wp\/v2\/thematique-produit?post=75172"},{"taxonomy":"position-sur-le-v\u00e9lo","embeddable":true,"href":"https:\/\/dumoulin.absoludev.ca\/en\/wp-json\/wp\/v2\/position-sur-le-v\u00e9lo?post=75172"}],"curies":[{"name":"wp","href":"https:\/\/api.w.org\/{rel}","templated":true}]}}