{"id":75157,"date":"2022-05-16T14:20:23","date_gmt":"2022-05-16T18:20:23","guid":{"rendered":"http:\/\/www.dumoulinbicyclettes.com\/?post_type=product&#038;p=75157"},"modified":"2025-09-04T14:14:17","modified_gmt":"2025-09-04T18:14:17","slug":"yuba-verrou-pin-lock-mundo-v5-boda-boda-v3-et-spicy-curry","status":"publish","type":"product","link":"https:\/\/dumoulin.absoludev.ca\/en\/produit\/yuba-verrou-pin-lock-mundo-v5-boda-boda-v3-et-spicy-curry\/","title":{"rendered":"YUBA &#8211; VERROU (PIN LOCK), MUNDO V5, BODA BODA V3 ET SPICY CURRY"},"content":{"rendered":"<p>Le cadenas de roue Yuba Pin Lock est id\u00e9al pour les petits arr\u00eats. Il se glisse sur le cadre, au coeur du v\u00e9lo pour s\u00e9curiser votre v\u00e9hicule dans des endroits s\u00fbrs.<\/p>\n<p>Emportez-le facilement partout, puisqu&#8217;il reste sur votre cadre en tout temps.<\/p>\n","protected":false},"excerpt":{"rendered":"<p>Le cadenas de roue Yuba Pin Lock est id\u00e9al pour les petits arr\u00eats. Il se glisse sur le cadre, au coeur du v\u00e9lo pour s\u00e9curiser votre v\u00e9hicule dans des endroits s\u00fbrs. Emportez-le facilement partout, puisqu&#8217;il reste sur votre cadre en tout temps.<\/p>\n","protected":false},"featured_media":21982,"template":"","meta":{"_acf_changed":false},"product_brand":[],"product_cat":[2506],"product_tag":[2534,2179],"marque-produit":[1201],"collection-produit":[],"type-surface-produit":[],"type-velo-produit":[],"vetement-produit":[],"thematique-produit":[],"position-sur-le-v\u00e9lo":[],"class_list":{"0":"post-75157","1":"product","2":"type-product","3":"status-publish","4":"has-post-thumbnail","6":"product_cat-yuba","7":"product_tag-pin-lock","8":"product_tag-yuba","9":"marque-produit-yuba","11":"first","12":"outofstock","13":"taxable","14":"shipping-taxable","15":"purchasable","16":"product-type-simple"},"acf":[],"yoast_head":"<!-- This site is optimized with the Yoast SEO plugin v24.3 - https:\/\/yoast.com\/wordpress\/plugins\/seo\/ -->\n<title>YUBA - VERROU (PIN LOCK), MUNDO V5, BODA BODA V3 ET SPICY CURRY - Dumoulin Bicyclettes<\/title>\n<meta name=\"robots\" content=\"noindex, follow, max-snippet:-1, max-image-preview:large, max-video-preview:-1\" \/>\n<meta property=\"og:locale\" content=\"en_US\" \/>\n<meta property=\"og:type\" content=\"article\" \/>\n<meta property=\"og:title\" content=\"YUBA - VERROU (PIN LOCK), MUNDO V5, BODA BODA V3 ET SPICY CURRY - Dumoulin Bicyclettes\" \/>\n<meta property=\"og:description\" content=\"Le cadenas de roue Yuba Pin Lock est id\u00e9al pour les petits arr\u00eats. Il se glisse sur le cadre, au coeur du v\u00e9lo pour s\u00e9curiser votre v\u00e9hicule dans des endroits s\u00fbrs. Emportez-le facilement partout, puisqu&#8217;il reste sur votre cadre en tout temps.\" \/>\n<meta property=\"og:url\" content=\"https:\/\/dumoulin.absoludev.ca\/en\/produit\/yuba-verrou-pin-lock-mundo-v5-boda-boda-v3-et-spicy-curry\/\" \/>\n<meta property=\"og:site_name\" content=\"Dumoulin Bicyclettes\" \/>\n<meta property=\"article:publisher\" content=\"https:\/\/www.facebook.com\/dumoulinbicyclettes\" \/>\n<meta property=\"article:modified_time\" content=\"2025-09-04T18:14:17+00:00\" \/>\n<meta property=\"og:image\" content=\"https:\/\/dumoulin.absoludev.ca\/wp-content\/uploads\/2021\/11\/yuba-frame-lock-abyublock01-f01-1200x8002x.jpg\" \/>\n\t<meta property=\"og:image:width\" content=\"1200\" \/>\n\t<meta property=\"og:image:height\" content=\"1000\" \/>\n\t<meta property=\"og:image:type\" content=\"image\/jpeg\" \/>\n<meta name=\"twitter:card\" content=\"summary_large_image\" \/>\n<meta name=\"twitter:label1\" content=\"Est. reading time\" \/>\n\t<meta name=\"twitter:data1\" content=\"1 minute\" \/>\n<script type=\"application\/ld+json\" class=\"yoast-schema-graph\">{\"@context\":\"https:\/\/schema.org\",\"@graph\":[{\"@type\":\"WebPage\",\"@id\":\"https:\/\/dumoulin.absoludev.ca\/en\/produit\/yuba-verrou-pin-lock-mundo-v5-boda-boda-v3-et-spicy-curry\/\",\"url\":\"https:\/\/dumoulin.absoludev.ca\/en\/produit\/yuba-verrou-pin-lock-mundo-v5-boda-boda-v3-et-spicy-curry\/\",\"name\":\"YUBA - VERROU (PIN LOCK), MUNDO V5, BODA BODA V3 ET SPICY CURRY - Dumoulin Bicyclettes\",\"isPartOf\":{\"@id\":\"https:\/\/dumoulin.absoludev.ca\/#website\"},\"primaryImageOfPage\":{\"@id\":\"https:\/\/dumoulin.absoludev.ca\/en\/produit\/yuba-verrou-pin-lock-mundo-v5-boda-boda-v3-et-spicy-curry\/#primaryimage\"},\"image\":{\"@id\":\"https:\/\/dumoulin.absoludev.ca\/en\/produit\/yuba-verrou-pin-lock-mundo-v5-boda-boda-v3-et-spicy-curry\/#primaryimage\"},\"thumbnailUrl\":\"https:\/\/dumoulin.absoludev.ca\/wp-content\/uploads\/2021\/11\/yuba-frame-lock-abyublock01-f01-1200x8002x.jpg\",\"datePublished\":\"2022-05-16T18:20:23+00:00\",\"dateModified\":\"2025-09-04T18:14:17+00:00\",\"breadcrumb\":{\"@id\":\"https:\/\/dumoulin.absoludev.ca\/en\/produit\/yuba-verrou-pin-lock-mundo-v5-boda-boda-v3-et-spicy-curry\/#breadcrumb\"},\"inLanguage\":\"en-US\",\"potentialAction\":[{\"@type\":\"ReadAction\",\"target\":[\"https:\/\/dumoulin.absoludev.ca\/en\/produit\/yuba-verrou-pin-lock-mundo-v5-boda-boda-v3-et-spicy-curry\/\"]}]},{\"@type\":\"ImageObject\",\"inLanguage\":\"en-US\",\"@id\":\"https:\/\/dumoulin.absoludev.ca\/en\/produit\/yuba-verrou-pin-lock-mundo-v5-boda-boda-v3-et-spicy-curry\/#primaryimage\",\"url\":\"https:\/\/dumoulin.absoludev.ca\/wp-content\/uploads\/2021\/11\/yuba-frame-lock-abyublock01-f01-1200x8002x.jpg\",\"contentUrl\":\"https:\/\/dumoulin.absoludev.ca\/wp-content\/uploads\/2021\/11\/yuba-frame-lock-abyublock01-f01-1200x8002x.jpg\",\"width\":1200,\"height\":1000,\"caption\":\"Yuba-Frame-Lock\"},{\"@type\":\"BreadcrumbList\",\"@id\":\"https:\/\/dumoulin.absoludev.ca\/en\/produit\/yuba-verrou-pin-lock-mundo-v5-boda-boda-v3-et-spicy-curry\/#breadcrumb\",\"itemListElement\":[{\"@type\":\"ListItem\",\"position\":1,\"name\":\"Home\",\"item\":\"https:\/\/dumoulin.absoludev.ca\/en\/\"},{\"@type\":\"ListItem\",\"position\":2,\"name\":\"Shop\",\"item\":\"https:\/\/dumoulin.absoludev.ca\/en\/shop\/\"},{\"@type\":\"ListItem\",\"position\":3,\"name\":\"YUBA &#8211; VERROU (PIN LOCK), MUNDO V5, BODA BODA V3 ET SPICY CURRY\"}]},{\"@type\":\"WebSite\",\"@id\":\"https:\/\/dumoulin.absoludev.ca\/#website\",\"url\":\"https:\/\/dumoulin.absoludev.ca\/\",\"name\":\"Dumoulin Bicyclettes\",\"description\":\"\",\"publisher\":{\"@id\":\"https:\/\/dumoulin.absoludev.ca\/#organization\"},\"potentialAction\":[{\"@type\":\"SearchAction\",\"target\":{\"@type\":\"EntryPoint\",\"urlTemplate\":\"https:\/\/dumoulin.absoludev.ca\/?s={search_term_string}\"},\"query-input\":{\"@type\":\"PropertyValueSpecification\",\"valueRequired\":true,\"valueName\":\"search_term_string\"}}],\"inLanguage\":\"en-US\"},{\"@type\":\"Organization\",\"@id\":\"https:\/\/dumoulin.absoludev.ca\/#organization\",\"name\":\"Dumoulin Bicyclettes\",\"url\":\"https:\/\/dumoulin.absoludev.ca\/\",\"logo\":{\"@type\":\"ImageObject\",\"inLanguage\":\"en-US\",\"@id\":\"https:\/\/dumoulin.absoludev.ca\/#\/schema\/logo\/image\/\",\"url\":\"https:\/\/www.dumoulinbicyclettes.com\/wp-content\/uploads\/2021\/04\/Logo.svg\",\"contentUrl\":\"https:\/\/www.dumoulinbicyclettes.com\/wp-content\/uploads\/2021\/04\/Logo.svg\",\"width\":254,\"height\":86,\"caption\":\"Dumoulin Bicyclettes\"},\"image\":{\"@id\":\"https:\/\/dumoulin.absoludev.ca\/#\/schema\/logo\/image\/\"},\"sameAs\":[\"https:\/\/www.facebook.com\/dumoulinbicyclettes\",\"https:\/\/www.instagram.com\/dumoulin.ca\/\",\"https:\/\/www.youtube.com\/user\/dumoulinbicyclettes\"]}]}<\/script>\n<!-- \/ Yoast SEO plugin. -->","yoast_head_json":{"title":"YUBA - VERROU (PIN LOCK), MUNDO V5, BODA BODA V3 ET SPICY CURRY - Dumoulin Bicyclettes","robots":{"index":"noindex","follow":"follow","max-snippet":"max-snippet:-1","max-image-preview":"max-image-preview:large","max-video-preview":"max-video-preview:-1"},"og_locale":"en_US","og_type":"article","og_title":"YUBA - VERROU (PIN LOCK), MUNDO V5, BODA BODA V3 ET SPICY CURRY - Dumoulin Bicyclettes","og_description":"Le cadenas de roue Yuba Pin Lock est id\u00e9al pour les petits arr\u00eats. Il se glisse sur le cadre, au coeur du v\u00e9lo pour s\u00e9curiser votre v\u00e9hicule dans des endroits s\u00fbrs. Emportez-le facilement partout, puisqu&#8217;il reste sur votre cadre en tout temps.","og_url":"https:\/\/dumoulin.absoludev.ca\/en\/produit\/yuba-verrou-pin-lock-mundo-v5-boda-boda-v3-et-spicy-curry\/","og_site_name":"Dumoulin Bicyclettes","article_publisher":"https:\/\/www.facebook.com\/dumoulinbicyclettes","article_modified_time":"2025-09-04T18:14:17+00:00","og_image":[{"width":1200,"height":1000,"url":"https:\/\/dumoulin.absoludev.ca\/wp-content\/uploads\/2021\/11\/yuba-frame-lock-abyublock01-f01-1200x8002x.jpg","type":"image\/jpeg"}],"twitter_card":"summary_large_image","twitter_misc":{"Est. reading time":"1 minute"},"schema":{"@context":"https:\/\/schema.org","@graph":[{"@type":"WebPage","@id":"https:\/\/dumoulin.absoludev.ca\/en\/produit\/yuba-verrou-pin-lock-mundo-v5-boda-boda-v3-et-spicy-curry\/","url":"https:\/\/dumoulin.absoludev.ca\/en\/produit\/yuba-verrou-pin-lock-mundo-v5-boda-boda-v3-et-spicy-curry\/","name":"YUBA - VERROU (PIN LOCK), MUNDO V5, BODA BODA V3 ET SPICY CURRY - Dumoulin Bicyclettes","isPartOf":{"@id":"https:\/\/dumoulin.absoludev.ca\/#website"},"primaryImageOfPage":{"@id":"https:\/\/dumoulin.absoludev.ca\/en\/produit\/yuba-verrou-pin-lock-mundo-v5-boda-boda-v3-et-spicy-curry\/#primaryimage"},"image":{"@id":"https:\/\/dumoulin.absoludev.ca\/en\/produit\/yuba-verrou-pin-lock-mundo-v5-boda-boda-v3-et-spicy-curry\/#primaryimage"},"thumbnailUrl":"https:\/\/dumoulin.absoludev.ca\/wp-content\/uploads\/2021\/11\/yuba-frame-lock-abyublock01-f01-1200x8002x.jpg","datePublished":"2022-05-16T18:20:23+00:00","dateModified":"2025-09-04T18:14:17+00:00","breadcrumb":{"@id":"https:\/\/dumoulin.absoludev.ca\/en\/produit\/yuba-verrou-pin-lock-mundo-v5-boda-boda-v3-et-spicy-curry\/#breadcrumb"},"inLanguage":"en-US","potentialAction":[{"@type":"ReadAction","target":["https:\/\/dumoulin.absoludev.ca\/en\/produit\/yuba-verrou-pin-lock-mundo-v5-boda-boda-v3-et-spicy-curry\/"]}]},{"@type":"ImageObject","inLanguage":"en-US","@id":"https:\/\/dumoulin.absoludev.ca\/en\/produit\/yuba-verrou-pin-lock-mundo-v5-boda-boda-v3-et-spicy-curry\/#primaryimage","url":"https:\/\/dumoulin.absoludev.ca\/wp-content\/uploads\/2021\/11\/yuba-frame-lock-abyublock01-f01-1200x8002x.jpg","contentUrl":"https:\/\/dumoulin.absoludev.ca\/wp-content\/uploads\/2021\/11\/yuba-frame-lock-abyublock01-f01-1200x8002x.jpg","width":1200,"height":1000,"caption":"Yuba-Frame-Lock"},{"@type":"BreadcrumbList","@id":"https:\/\/dumoulin.absoludev.ca\/en\/produit\/yuba-verrou-pin-lock-mundo-v5-boda-boda-v3-et-spicy-curry\/#breadcrumb","itemListElement":[{"@type":"ListItem","position":1,"name":"Home","item":"https:\/\/dumoulin.absoludev.ca\/en\/"},{"@type":"ListItem","position":2,"name":"Shop","item":"https:\/\/dumoulin.absoludev.ca\/en\/shop\/"},{"@type":"ListItem","position":3,"name":"YUBA &#8211; VERROU (PIN LOCK), MUNDO V5, BODA BODA V3 ET SPICY CURRY"}]},{"@type":"WebSite","@id":"https:\/\/dumoulin.absoludev.ca\/#website","url":"https:\/\/dumoulin.absoludev.ca\/","name":"Dumoulin Bicyclettes","description":"","publisher":{"@id":"https:\/\/dumoulin.absoludev.ca\/#organization"},"potentialAction":[{"@type":"SearchAction","target":{"@type":"EntryPoint","urlTemplate":"https:\/\/dumoulin.absoludev.ca\/?s={search_term_string}"},"query-input":{"@type":"PropertyValueSpecification","valueRequired":true,"valueName":"search_term_string"}}],"inLanguage":"en-US"},{"@type":"Organization","@id":"https:\/\/dumoulin.absoludev.ca\/#organization","name":"Dumoulin Bicyclettes","url":"https:\/\/dumoulin.absoludev.ca\/","logo":{"@type":"ImageObject","inLanguage":"en-US","@id":"https:\/\/dumoulin.absoludev.ca\/#\/schema\/logo\/image\/","url":"https:\/\/www.dumoulinbicyclettes.com\/wp-content\/uploads\/2021\/04\/Logo.svg","contentUrl":"https:\/\/www.dumoulinbicyclettes.com\/wp-content\/uploads\/2021\/04\/Logo.svg","width":254,"height":86,"caption":"Dumoulin Bicyclettes"},"image":{"@id":"https:\/\/dumoulin.absoludev.ca\/#\/schema\/logo\/image\/"},"sameAs":["https:\/\/www.facebook.com\/dumoulinbicyclettes","https:\/\/www.instagram.com\/dumoulin.ca\/","https:\/\/www.youtube.com\/user\/dumoulinbicyclettes"]}]}},"_links":{"self":[{"href":"https:\/\/dumoulin.absoludev.ca\/en\/wp-json\/wp\/v2\/product\/75157","targetHints":{"allow":["GET"]}}],"collection":[{"href":"https:\/\/dumoulin.absoludev.ca\/en\/wp-json\/wp\/v2\/product"}],"about":[{"href":"https:\/\/dumoulin.absoludev.ca\/en\/wp-json\/wp\/v2\/types\/product"}],"wp:featuredmedia":[{"embeddable":true,"href":"https:\/\/dumoulin.absoludev.ca\/en\/wp-json\/wp\/v2\/media\/21982"}],"wp:attachment":[{"href":"https:\/\/dumoulin.absoludev.ca\/en\/wp-json\/wp\/v2\/media?parent=75157"}],"wp:term":[{"taxonomy":"product_brand","embeddable":true,"href":"https:\/\/dumoulin.absoludev.ca\/en\/wp-json\/wp\/v2\/product_brand?post=75157"},{"taxonomy":"product_cat","embeddable":true,"href":"https:\/\/dumoulin.absoludev.ca\/en\/wp-json\/wp\/v2\/product_cat?post=75157"},{"taxonomy":"product_tag","embeddable":true,"href":"https:\/\/dumoulin.absoludev.ca\/en\/wp-json\/wp\/v2\/product_tag?post=75157"},{"taxonomy":"marque-produit","embeddable":true,"href":"https:\/\/dumoulin.absoludev.ca\/en\/wp-json\/wp\/v2\/marque-produit?post=75157"},{"taxonomy":"collection-produit","embeddable":true,"href":"https:\/\/dumoulin.absoludev.ca\/en\/wp-json\/wp\/v2\/collection-produit?post=75157"},{"taxonomy":"type-surface-produit","embeddable":true,"href":"https:\/\/dumoulin.absoludev.ca\/en\/wp-json\/wp\/v2\/type-surface-produit?post=75157"},{"taxonomy":"type-velo-produit","embeddable":true,"href":"https:\/\/dumoulin.absoludev.ca\/en\/wp-json\/wp\/v2\/type-velo-produit?post=75157"},{"taxonomy":"vetement-produit","embeddable":true,"href":"https:\/\/dumoulin.absoludev.ca\/en\/wp-json\/wp\/v2\/vetement-produit?post=75157"},{"taxonomy":"thematique-produit","embeddable":true,"href":"https:\/\/dumoulin.absoludev.ca\/en\/wp-json\/wp\/v2\/thematique-produit?post=75157"},{"taxonomy":"position-sur-le-v\u00e9lo","embeddable":true,"href":"https:\/\/dumoulin.absoludev.ca\/en\/wp-json\/wp\/v2\/position-sur-le-v\u00e9lo?post=75157"}],"curies":[{"name":"wp","href":"https:\/\/api.w.org\/{rel}","templated":true}]}}