{"id":75136,"date":"2022-05-16T14:20:20","date_gmt":"2022-05-16T18:20:20","guid":{"rendered":"http:\/\/www.dumoulinbicyclettes.com\/?post_type=product&#038;p=75136"},"modified":"2025-09-04T14:14:13","modified_gmt":"2025-09-04T18:14:13","slug":"yuba-ring-montreal","status":"publish","type":"product","link":"https:\/\/dumoulin.absoludev.ca\/en\/produit\/yuba-ring-montreal\/","title":{"rendered":"Poign\u00e9e de v\u00e9lo cargo Yuba Ring"},"content":{"rendered":"<p>Le cercle ou la poign\u00e9e Yuba Ring permet de s\u00e9curiser votre enfant sur votre v\u00e9lo <a href=\"https:\/\/www.dumoulinbicyclettes.com\/categorie-produit\/velos\/velos-cargo\/?swoof=1&amp;marque-produit=yuba&amp;really_curr_tax=163-product_cat\" target=\"_blank\" rel=\"noopener\">Yuba<\/a>. Il est important pour eux en effet de comprendre o\u00f9 mettre les mains et de pouvoir s&#8217;agripper facilement. \u00c7a vous aide aussi \u00e0 ce qu&#8217;ils restent bien en place.<\/p>\n<p>Le Ring est compatible avec tous les Yuba. Il est souvent n\u00e9cessaire d&#8217;avoir les planches de dessus de porte-bagages (<a href=\"https:\/\/www.dumoulinbicyclettes.com\/produit\/yuba-kombi-bamboo-deck-montreal\/\" target=\"_blank\" rel=\"noopener\">bamboo deck<\/a> ou <a href=\"https:\/\/www.dumoulinbicyclettes.com\/produit\/planche-dessus-de-porte-bagage-yuba-utility-deck\/\" target=\"_blank\" rel=\"noopener\">utility board<\/a>)<\/p>\n","protected":false},"excerpt":{"rendered":"<p>Le cercle ou la poign\u00e9e Yuba Ring permet de s\u00e9curiser votre enfant sur votre v\u00e9lo Yuba. Il est important pour eux en effet de comprendre o\u00f9 mettre les mains et de pouvoir s&#8217;agripper facilement. \u00c7a vous aide aussi \u00e0 ce qu&#8217;ils restent bien en place. Le Ring est compatible avec tous les Yuba. Il est [&hellip;]<\/p>\n","protected":false},"featured_media":21958,"template":"","meta":{"_acf_changed":false},"product_brand":[],"product_cat":[2506],"product_tag":[2536,2179],"marque-produit":[1201],"collection-produit":[2850,2851,2849,2848],"type-surface-produit":[],"type-velo-produit":[],"vetement-produit":[],"thematique-produit":[],"position-sur-le-v\u00e9lo":[],"class_list":{"0":"post-75136","1":"product","2":"type-product","3":"status-publish","4":"has-post-thumbnail","6":"product_cat-yuba","7":"product_tag-ring","8":"product_tag-yuba","9":"marque-produit-yuba","10":"collection-produit-kombi","11":"collection-produit-mundo","12":"collection-produit-spicy-curry","13":"collection-produit-yuba","15":"first","16":"outofstock","17":"taxable","18":"shipping-taxable","19":"purchasable","20":"product-type-simple"},"acf":[],"yoast_head":"<!-- This site is optimized with the Yoast SEO plugin v24.3 - https:\/\/yoast.com\/wordpress\/plugins\/seo\/ -->\n<title>Poign\u00e9e de v\u00e9lo cargo Yuba Ring - Dumoulin Bicyclettes Montr\u00e9al | Longtail |\u00a0Yuba<\/title>\n<meta name=\"description\" content=\"La poign\u00e9e Yuba Ring est compatible avec tous les v\u00e9los longtail de Yuba. C&#039;est con\u00e7u pour \u00eatre install\u00e9 sur une planche et \u00e7a permet \u00e0 votre enfant de bien se tenir.\" \/>\n<meta name=\"robots\" content=\"noindex, follow, max-snippet:-1, max-image-preview:large, max-video-preview:-1\" \/>\n<meta property=\"og:locale\" content=\"en_US\" \/>\n<meta property=\"og:type\" content=\"article\" \/>\n<meta property=\"og:title\" content=\"Poign\u00e9e de v\u00e9lo cargo Yuba Ring - Dumoulin Bicyclettes Montr\u00e9al | Longtail |\u00a0Yuba\" \/>\n<meta property=\"og:description\" content=\"La poign\u00e9e Yuba Ring est compatible avec tous les v\u00e9los longtail de Yuba. C&#039;est con\u00e7u pour \u00eatre install\u00e9 sur une planche et \u00e7a permet \u00e0 votre enfant de bien se tenir.\" \/>\n<meta property=\"og:url\" content=\"https:\/\/dumoulin.absoludev.ca\/en\/produit\/yuba-ring-montreal\/\" \/>\n<meta property=\"og:site_name\" content=\"Dumoulin Bicyclettes\" \/>\n<meta property=\"article:publisher\" content=\"https:\/\/www.facebook.com\/dumoulinbicyclettes\" \/>\n<meta property=\"article:modified_time\" content=\"2025-09-04T18:14:13+00:00\" \/>\n<meta property=\"og:image\" content=\"https:\/\/dumoulin.absoludev.ca\/wp-content\/uploads\/2021\/11\/yuba-ring.jpg\" \/>\n\t<meta property=\"og:image:width\" content=\"1000\" \/>\n\t<meta property=\"og:image:height\" content=\"667\" \/>\n\t<meta property=\"og:image:type\" content=\"image\/jpeg\" \/>\n<meta name=\"twitter:card\" content=\"summary_large_image\" \/>\n<meta name=\"twitter:label1\" content=\"Est. reading time\" \/>\n\t<meta name=\"twitter:data1\" content=\"1 minute\" \/>\n<script type=\"application\/ld+json\" class=\"yoast-schema-graph\">{\"@context\":\"https:\/\/schema.org\",\"@graph\":[{\"@type\":\"WebPage\",\"@id\":\"https:\/\/dumoulin.absoludev.ca\/en\/produit\/yuba-ring-montreal\/\",\"url\":\"https:\/\/dumoulin.absoludev.ca\/en\/produit\/yuba-ring-montreal\/\",\"name\":\"Poign\u00e9e de v\u00e9lo cargo Yuba Ring - Dumoulin Bicyclettes Montr\u00e9al | Longtail |\u00a0Yuba\",\"isPartOf\":{\"@id\":\"https:\/\/dumoulin.absoludev.ca\/#website\"},\"primaryImageOfPage\":{\"@id\":\"https:\/\/dumoulin.absoludev.ca\/en\/produit\/yuba-ring-montreal\/#primaryimage\"},\"image\":{\"@id\":\"https:\/\/dumoulin.absoludev.ca\/en\/produit\/yuba-ring-montreal\/#primaryimage\"},\"thumbnailUrl\":\"https:\/\/dumoulin.absoludev.ca\/wp-content\/uploads\/2021\/11\/yuba-ring.jpg\",\"datePublished\":\"2022-05-16T18:20:20+00:00\",\"dateModified\":\"2025-09-04T18:14:13+00:00\",\"description\":\"La poign\u00e9e Yuba Ring est compatible avec tous les v\u00e9los longtail de Yuba. C'est con\u00e7u pour \u00eatre install\u00e9 sur une planche et \u00e7a permet \u00e0 votre enfant de bien se tenir.\",\"breadcrumb\":{\"@id\":\"https:\/\/dumoulin.absoludev.ca\/en\/produit\/yuba-ring-montreal\/#breadcrumb\"},\"inLanguage\":\"en-US\",\"potentialAction\":[{\"@type\":\"ReadAction\",\"target\":[\"https:\/\/dumoulin.absoludev.ca\/en\/produit\/yuba-ring-montreal\/\"]}]},{\"@type\":\"ImageObject\",\"inLanguage\":\"en-US\",\"@id\":\"https:\/\/dumoulin.absoludev.ca\/en\/produit\/yuba-ring-montreal\/#primaryimage\",\"url\":\"https:\/\/dumoulin.absoludev.ca\/wp-content\/uploads\/2021\/11\/yuba-ring.jpg\",\"contentUrl\":\"https:\/\/dumoulin.absoludev.ca\/wp-content\/uploads\/2021\/11\/yuba-ring.jpg\",\"width\":1000,\"height\":667,\"caption\":\"yuba-ring-montreal-velo-cargo-longtail\"},{\"@type\":\"BreadcrumbList\",\"@id\":\"https:\/\/dumoulin.absoludev.ca\/en\/produit\/yuba-ring-montreal\/#breadcrumb\",\"itemListElement\":[{\"@type\":\"ListItem\",\"position\":1,\"name\":\"Home\",\"item\":\"https:\/\/dumoulin.absoludev.ca\/en\/\"},{\"@type\":\"ListItem\",\"position\":2,\"name\":\"Shop\",\"item\":\"https:\/\/dumoulin.absoludev.ca\/en\/shop\/\"},{\"@type\":\"ListItem\",\"position\":3,\"name\":\"Poign\u00e9e de v\u00e9lo cargo Yuba Ring\"}]},{\"@type\":\"WebSite\",\"@id\":\"https:\/\/dumoulin.absoludev.ca\/#website\",\"url\":\"https:\/\/dumoulin.absoludev.ca\/\",\"name\":\"Dumoulin Bicyclettes\",\"description\":\"\",\"publisher\":{\"@id\":\"https:\/\/dumoulin.absoludev.ca\/#organization\"},\"potentialAction\":[{\"@type\":\"SearchAction\",\"target\":{\"@type\":\"EntryPoint\",\"urlTemplate\":\"https:\/\/dumoulin.absoludev.ca\/?s={search_term_string}\"},\"query-input\":{\"@type\":\"PropertyValueSpecification\",\"valueRequired\":true,\"valueName\":\"search_term_string\"}}],\"inLanguage\":\"en-US\"},{\"@type\":\"Organization\",\"@id\":\"https:\/\/dumoulin.absoludev.ca\/#organization\",\"name\":\"Dumoulin Bicyclettes\",\"url\":\"https:\/\/dumoulin.absoludev.ca\/\",\"logo\":{\"@type\":\"ImageObject\",\"inLanguage\":\"en-US\",\"@id\":\"https:\/\/dumoulin.absoludev.ca\/#\/schema\/logo\/image\/\",\"url\":\"https:\/\/www.dumoulinbicyclettes.com\/wp-content\/uploads\/2021\/04\/Logo.svg\",\"contentUrl\":\"https:\/\/www.dumoulinbicyclettes.com\/wp-content\/uploads\/2021\/04\/Logo.svg\",\"width\":254,\"height\":86,\"caption\":\"Dumoulin Bicyclettes\"},\"image\":{\"@id\":\"https:\/\/dumoulin.absoludev.ca\/#\/schema\/logo\/image\/\"},\"sameAs\":[\"https:\/\/www.facebook.com\/dumoulinbicyclettes\",\"https:\/\/www.instagram.com\/dumoulin.ca\/\",\"https:\/\/www.youtube.com\/user\/dumoulinbicyclettes\"]}]}<\/script>\n<!-- \/ Yoast SEO plugin. -->","yoast_head_json":{"title":"Poign\u00e9e de v\u00e9lo cargo Yuba Ring - Dumoulin Bicyclettes Montr\u00e9al | Longtail |\u00a0Yuba","description":"La poign\u00e9e Yuba Ring est compatible avec tous les v\u00e9los longtail de Yuba. C'est con\u00e7u pour \u00eatre install\u00e9 sur une planche et \u00e7a permet \u00e0 votre enfant de bien se tenir.","robots":{"index":"noindex","follow":"follow","max-snippet":"max-snippet:-1","max-image-preview":"max-image-preview:large","max-video-preview":"max-video-preview:-1"},"og_locale":"en_US","og_type":"article","og_title":"Poign\u00e9e de v\u00e9lo cargo Yuba Ring - Dumoulin Bicyclettes Montr\u00e9al | Longtail |\u00a0Yuba","og_description":"La poign\u00e9e Yuba Ring est compatible avec tous les v\u00e9los longtail de Yuba. C'est con\u00e7u pour \u00eatre install\u00e9 sur une planche et \u00e7a permet \u00e0 votre enfant de bien se tenir.","og_url":"https:\/\/dumoulin.absoludev.ca\/en\/produit\/yuba-ring-montreal\/","og_site_name":"Dumoulin Bicyclettes","article_publisher":"https:\/\/www.facebook.com\/dumoulinbicyclettes","article_modified_time":"2025-09-04T18:14:13+00:00","og_image":[{"width":1000,"height":667,"url":"https:\/\/dumoulin.absoludev.ca\/wp-content\/uploads\/2021\/11\/yuba-ring.jpg","type":"image\/jpeg"}],"twitter_card":"summary_large_image","twitter_misc":{"Est. reading time":"1 minute"},"schema":{"@context":"https:\/\/schema.org","@graph":[{"@type":"WebPage","@id":"https:\/\/dumoulin.absoludev.ca\/en\/produit\/yuba-ring-montreal\/","url":"https:\/\/dumoulin.absoludev.ca\/en\/produit\/yuba-ring-montreal\/","name":"Poign\u00e9e de v\u00e9lo cargo Yuba Ring - Dumoulin Bicyclettes Montr\u00e9al | Longtail |\u00a0Yuba","isPartOf":{"@id":"https:\/\/dumoulin.absoludev.ca\/#website"},"primaryImageOfPage":{"@id":"https:\/\/dumoulin.absoludev.ca\/en\/produit\/yuba-ring-montreal\/#primaryimage"},"image":{"@id":"https:\/\/dumoulin.absoludev.ca\/en\/produit\/yuba-ring-montreal\/#primaryimage"},"thumbnailUrl":"https:\/\/dumoulin.absoludev.ca\/wp-content\/uploads\/2021\/11\/yuba-ring.jpg","datePublished":"2022-05-16T18:20:20+00:00","dateModified":"2025-09-04T18:14:13+00:00","description":"La poign\u00e9e Yuba Ring est compatible avec tous les v\u00e9los longtail de Yuba. C'est con\u00e7u pour \u00eatre install\u00e9 sur une planche et \u00e7a permet \u00e0 votre enfant de bien se tenir.","breadcrumb":{"@id":"https:\/\/dumoulin.absoludev.ca\/en\/produit\/yuba-ring-montreal\/#breadcrumb"},"inLanguage":"en-US","potentialAction":[{"@type":"ReadAction","target":["https:\/\/dumoulin.absoludev.ca\/en\/produit\/yuba-ring-montreal\/"]}]},{"@type":"ImageObject","inLanguage":"en-US","@id":"https:\/\/dumoulin.absoludev.ca\/en\/produit\/yuba-ring-montreal\/#primaryimage","url":"https:\/\/dumoulin.absoludev.ca\/wp-content\/uploads\/2021\/11\/yuba-ring.jpg","contentUrl":"https:\/\/dumoulin.absoludev.ca\/wp-content\/uploads\/2021\/11\/yuba-ring.jpg","width":1000,"height":667,"caption":"yuba-ring-montreal-velo-cargo-longtail"},{"@type":"BreadcrumbList","@id":"https:\/\/dumoulin.absoludev.ca\/en\/produit\/yuba-ring-montreal\/#breadcrumb","itemListElement":[{"@type":"ListItem","position":1,"name":"Home","item":"https:\/\/dumoulin.absoludev.ca\/en\/"},{"@type":"ListItem","position":2,"name":"Shop","item":"https:\/\/dumoulin.absoludev.ca\/en\/shop\/"},{"@type":"ListItem","position":3,"name":"Poign\u00e9e de v\u00e9lo cargo Yuba Ring"}]},{"@type":"WebSite","@id":"https:\/\/dumoulin.absoludev.ca\/#website","url":"https:\/\/dumoulin.absoludev.ca\/","name":"Dumoulin Bicyclettes","description":"","publisher":{"@id":"https:\/\/dumoulin.absoludev.ca\/#organization"},"potentialAction":[{"@type":"SearchAction","target":{"@type":"EntryPoint","urlTemplate":"https:\/\/dumoulin.absoludev.ca\/?s={search_term_string}"},"query-input":{"@type":"PropertyValueSpecification","valueRequired":true,"valueName":"search_term_string"}}],"inLanguage":"en-US"},{"@type":"Organization","@id":"https:\/\/dumoulin.absoludev.ca\/#organization","name":"Dumoulin Bicyclettes","url":"https:\/\/dumoulin.absoludev.ca\/","logo":{"@type":"ImageObject","inLanguage":"en-US","@id":"https:\/\/dumoulin.absoludev.ca\/#\/schema\/logo\/image\/","url":"https:\/\/www.dumoulinbicyclettes.com\/wp-content\/uploads\/2021\/04\/Logo.svg","contentUrl":"https:\/\/www.dumoulinbicyclettes.com\/wp-content\/uploads\/2021\/04\/Logo.svg","width":254,"height":86,"caption":"Dumoulin Bicyclettes"},"image":{"@id":"https:\/\/dumoulin.absoludev.ca\/#\/schema\/logo\/image\/"},"sameAs":["https:\/\/www.facebook.com\/dumoulinbicyclettes","https:\/\/www.instagram.com\/dumoulin.ca\/","https:\/\/www.youtube.com\/user\/dumoulinbicyclettes"]}]}},"_links":{"self":[{"href":"https:\/\/dumoulin.absoludev.ca\/en\/wp-json\/wp\/v2\/product\/75136","targetHints":{"allow":["GET"]}}],"collection":[{"href":"https:\/\/dumoulin.absoludev.ca\/en\/wp-json\/wp\/v2\/product"}],"about":[{"href":"https:\/\/dumoulin.absoludev.ca\/en\/wp-json\/wp\/v2\/types\/product"}],"wp:featuredmedia":[{"embeddable":true,"href":"https:\/\/dumoulin.absoludev.ca\/en\/wp-json\/wp\/v2\/media\/21958"}],"wp:attachment":[{"href":"https:\/\/dumoulin.absoludev.ca\/en\/wp-json\/wp\/v2\/media?parent=75136"}],"wp:term":[{"taxonomy":"product_brand","embeddable":true,"href":"https:\/\/dumoulin.absoludev.ca\/en\/wp-json\/wp\/v2\/product_brand?post=75136"},{"taxonomy":"product_cat","embeddable":true,"href":"https:\/\/dumoulin.absoludev.ca\/en\/wp-json\/wp\/v2\/product_cat?post=75136"},{"taxonomy":"product_tag","embeddable":true,"href":"https:\/\/dumoulin.absoludev.ca\/en\/wp-json\/wp\/v2\/product_tag?post=75136"},{"taxonomy":"marque-produit","embeddable":true,"href":"https:\/\/dumoulin.absoludev.ca\/en\/wp-json\/wp\/v2\/marque-produit?post=75136"},{"taxonomy":"collection-produit","embeddable":true,"href":"https:\/\/dumoulin.absoludev.ca\/en\/wp-json\/wp\/v2\/collection-produit?post=75136"},{"taxonomy":"type-surface-produit","embeddable":true,"href":"https:\/\/dumoulin.absoludev.ca\/en\/wp-json\/wp\/v2\/type-surface-produit?post=75136"},{"taxonomy":"type-velo-produit","embeddable":true,"href":"https:\/\/dumoulin.absoludev.ca\/en\/wp-json\/wp\/v2\/type-velo-produit?post=75136"},{"taxonomy":"vetement-produit","embeddable":true,"href":"https:\/\/dumoulin.absoludev.ca\/en\/wp-json\/wp\/v2\/vetement-produit?post=75136"},{"taxonomy":"thematique-produit","embeddable":true,"href":"https:\/\/dumoulin.absoludev.ca\/en\/wp-json\/wp\/v2\/thematique-produit?post=75136"},{"taxonomy":"position-sur-le-v\u00e9lo","embeddable":true,"href":"https:\/\/dumoulin.absoludev.ca\/en\/wp-json\/wp\/v2\/position-sur-le-v\u00e9lo?post=75136"}],"curies":[{"name":"wp","href":"https:\/\/api.w.org\/{rel}","templated":true}]}}