{"id":75122,"date":"2022-05-16T14:20:18","date_gmt":"2022-05-16T18:20:18","guid":{"rendered":"http:\/\/www.dumoulinbicyclettes.com\/?post_type=product&#038;p=75122"},"modified":"2025-09-04T14:14:12","modified_gmt":"2025-09-04T18:14:12","slug":"yuba-barre-de-chargement-carry-on-spicy-curry","status":"publish","type":"product","link":"https:\/\/dumoulin.absoludev.ca\/en\/produit\/yuba-barre-de-chargement-carry-on-spicy-curry\/","title":{"rendered":"YUBA &#8211; BARRE DE CHARGEMENT CARRY-ON SPICY CURRY"},"content":{"rendered":"<p>\u2022 Cr\u00e9ez un outil de marketing in\u00e9dit pour votre compagnie !<\/p>\n<p>\u2022 Chargement sur un espace de 2&#8217;x2&#8242;<\/p>\n<p>\u2022 Poids maximum 135 kg de charge totale<\/p>\n<p>\u2022 Peuvent accueillir les Planches de c\u00f4t\u00e9 (Side boards) pour cr\u00e9er une plateforme plate et hyper pratique.<\/p>\n<p>\u2022 Oeillets M5 filet\u00e9s pour accueillir diff\u00e9rentes alternatives (votre boite de plombier, votre boite de livraison de plats chauds, etc&#8230;)<\/p>\n","protected":false},"excerpt":{"rendered":"<p>\u2022 Cr\u00e9ez un outil de marketing in\u00e9dit pour votre compagnie ! \u2022 Chargement sur un espace de 2&#8217;x2&#8242; \u2022 Poids maximum 135 kg de charge totale \u2022 Peuvent accueillir les Planches de c\u00f4t\u00e9 (Side boards) pour cr\u00e9er une plateforme plate et hyper pratique. \u2022 Oeillets M5 filet\u00e9s pour accueillir diff\u00e9rentes alternatives (votre boite de plombier, [&hellip;]<\/p>\n","protected":false},"featured_media":75123,"template":"","meta":{"_acf_changed":false},"product_brand":[],"product_cat":[2506],"product_tag":[2541,2198,2179],"marque-produit":[1201],"collection-produit":[],"type-surface-produit":[],"type-velo-produit":[],"vetement-produit":[],"thematique-produit":[],"position-sur-le-v\u00e9lo":[],"class_list":{"0":"post-75122","1":"product","2":"type-product","3":"status-publish","4":"has-post-thumbnail","6":"product_cat-yuba","7":"product_tag-carry-on","8":"product_tag-spicy-curry","9":"product_tag-yuba","10":"marque-produit-yuba","12":"first","13":"instock","14":"taxable","15":"shipping-taxable","16":"purchasable","17":"product-type-simple"},"acf":[],"yoast_head":"<!-- This site is optimized with the Yoast SEO plugin v24.3 - https:\/\/yoast.com\/wordpress\/plugins\/seo\/ -->\n<title>YUBA - BARRE DE CHARGEMENT CARRY-ON SPICY CURRY - Dumoulin Bicyclettes<\/title>\n<meta name=\"robots\" content=\"noindex, follow, max-snippet:-1, max-image-preview:large, max-video-preview:-1\" \/>\n<meta property=\"og:locale\" content=\"en_US\" \/>\n<meta property=\"og:type\" content=\"article\" \/>\n<meta property=\"og:title\" content=\"YUBA - BARRE DE CHARGEMENT CARRY-ON SPICY CURRY - Dumoulin Bicyclettes\" \/>\n<meta property=\"og:description\" content=\"\u2022 Cr\u00e9ez un outil de marketing in\u00e9dit pour votre compagnie ! \u2022 Chargement sur un espace de 2&#8217;x2&#8242; \u2022 Poids maximum 135 kg de charge totale \u2022 Peuvent accueillir les Planches de c\u00f4t\u00e9 (Side boards) pour cr\u00e9er une plateforme plate et hyper pratique. \u2022 Oeillets M5 filet\u00e9s pour accueillir diff\u00e9rentes alternatives (votre boite de plombier, [&hellip;]\" \/>\n<meta property=\"og:url\" content=\"https:\/\/dumoulin.absoludev.ca\/en\/produit\/yuba-barre-de-chargement-carry-on-spicy-curry\/\" \/>\n<meta property=\"og:site_name\" content=\"Dumoulin Bicyclettes\" \/>\n<meta property=\"article:publisher\" content=\"https:\/\/www.facebook.com\/dumoulinbicyclettes\" \/>\n<meta property=\"article:modified_time\" content=\"2025-09-04T18:14:12+00:00\" \/>\n<meta property=\"og:image\" content=\"https:\/\/dumoulin.absoludev.ca\/wp-content\/uploads\/2022\/05\/c5ba9161-31fa-486f-b528-767a5a95c6bc-1.png\" \/>\n\t<meta property=\"og:image:width\" content=\"600\" \/>\n\t<meta property=\"og:image:height\" content=\"600\" \/>\n\t<meta property=\"og:image:type\" content=\"image\/png\" \/>\n<meta name=\"twitter:card\" content=\"summary_large_image\" \/>\n<meta name=\"twitter:label1\" content=\"Est. reading time\" \/>\n\t<meta name=\"twitter:data1\" content=\"1 minute\" \/>\n<script type=\"application\/ld+json\" class=\"yoast-schema-graph\">{\"@context\":\"https:\/\/schema.org\",\"@graph\":[{\"@type\":\"WebPage\",\"@id\":\"https:\/\/dumoulin.absoludev.ca\/en\/produit\/yuba-barre-de-chargement-carry-on-spicy-curry\/\",\"url\":\"https:\/\/dumoulin.absoludev.ca\/en\/produit\/yuba-barre-de-chargement-carry-on-spicy-curry\/\",\"name\":\"YUBA - BARRE DE CHARGEMENT CARRY-ON SPICY CURRY - Dumoulin Bicyclettes\",\"isPartOf\":{\"@id\":\"https:\/\/dumoulin.absoludev.ca\/#website\"},\"primaryImageOfPage\":{\"@id\":\"https:\/\/dumoulin.absoludev.ca\/en\/produit\/yuba-barre-de-chargement-carry-on-spicy-curry\/#primaryimage\"},\"image\":{\"@id\":\"https:\/\/dumoulin.absoludev.ca\/en\/produit\/yuba-barre-de-chargement-carry-on-spicy-curry\/#primaryimage\"},\"thumbnailUrl\":\"https:\/\/dumoulin.absoludev.ca\/wp-content\/uploads\/2022\/05\/c5ba9161-31fa-486f-b528-767a5a95c6bc-1.png\",\"datePublished\":\"2022-05-16T18:20:18+00:00\",\"dateModified\":\"2025-09-04T18:14:12+00:00\",\"breadcrumb\":{\"@id\":\"https:\/\/dumoulin.absoludev.ca\/en\/produit\/yuba-barre-de-chargement-carry-on-spicy-curry\/#breadcrumb\"},\"inLanguage\":\"en-US\",\"potentialAction\":[{\"@type\":\"ReadAction\",\"target\":[\"https:\/\/dumoulin.absoludev.ca\/en\/produit\/yuba-barre-de-chargement-carry-on-spicy-curry\/\"]}]},{\"@type\":\"ImageObject\",\"inLanguage\":\"en-US\",\"@id\":\"https:\/\/dumoulin.absoludev.ca\/en\/produit\/yuba-barre-de-chargement-carry-on-spicy-curry\/#primaryimage\",\"url\":\"https:\/\/dumoulin.absoludev.ca\/wp-content\/uploads\/2022\/05\/c5ba9161-31fa-486f-b528-767a5a95c6bc-1.png\",\"contentUrl\":\"https:\/\/dumoulin.absoludev.ca\/wp-content\/uploads\/2022\/05\/c5ba9161-31fa-486f-b528-767a5a95c6bc-1.png\",\"width\":600,\"height\":600},{\"@type\":\"BreadcrumbList\",\"@id\":\"https:\/\/dumoulin.absoludev.ca\/en\/produit\/yuba-barre-de-chargement-carry-on-spicy-curry\/#breadcrumb\",\"itemListElement\":[{\"@type\":\"ListItem\",\"position\":1,\"name\":\"Home\",\"item\":\"https:\/\/dumoulin.absoludev.ca\/en\/\"},{\"@type\":\"ListItem\",\"position\":2,\"name\":\"Shop\",\"item\":\"https:\/\/dumoulin.absoludev.ca\/en\/shop\/\"},{\"@type\":\"ListItem\",\"position\":3,\"name\":\"YUBA &#8211; BARRE DE CHARGEMENT CARRY-ON SPICY CURRY\"}]},{\"@type\":\"WebSite\",\"@id\":\"https:\/\/dumoulin.absoludev.ca\/#website\",\"url\":\"https:\/\/dumoulin.absoludev.ca\/\",\"name\":\"Dumoulin Bicyclettes\",\"description\":\"\",\"publisher\":{\"@id\":\"https:\/\/dumoulin.absoludev.ca\/#organization\"},\"potentialAction\":[{\"@type\":\"SearchAction\",\"target\":{\"@type\":\"EntryPoint\",\"urlTemplate\":\"https:\/\/dumoulin.absoludev.ca\/?s={search_term_string}\"},\"query-input\":{\"@type\":\"PropertyValueSpecification\",\"valueRequired\":true,\"valueName\":\"search_term_string\"}}],\"inLanguage\":\"en-US\"},{\"@type\":\"Organization\",\"@id\":\"https:\/\/dumoulin.absoludev.ca\/#organization\",\"name\":\"Dumoulin Bicyclettes\",\"url\":\"https:\/\/dumoulin.absoludev.ca\/\",\"logo\":{\"@type\":\"ImageObject\",\"inLanguage\":\"en-US\",\"@id\":\"https:\/\/dumoulin.absoludev.ca\/#\/schema\/logo\/image\/\",\"url\":\"https:\/\/www.dumoulinbicyclettes.com\/wp-content\/uploads\/2021\/04\/Logo.svg\",\"contentUrl\":\"https:\/\/www.dumoulinbicyclettes.com\/wp-content\/uploads\/2021\/04\/Logo.svg\",\"width\":254,\"height\":86,\"caption\":\"Dumoulin Bicyclettes\"},\"image\":{\"@id\":\"https:\/\/dumoulin.absoludev.ca\/#\/schema\/logo\/image\/\"},\"sameAs\":[\"https:\/\/www.facebook.com\/dumoulinbicyclettes\",\"https:\/\/www.instagram.com\/dumoulin.ca\/\",\"https:\/\/www.youtube.com\/user\/dumoulinbicyclettes\"]}]}<\/script>\n<!-- \/ Yoast SEO plugin. -->","yoast_head_json":{"title":"YUBA - BARRE DE CHARGEMENT CARRY-ON SPICY CURRY - Dumoulin Bicyclettes","robots":{"index":"noindex","follow":"follow","max-snippet":"max-snippet:-1","max-image-preview":"max-image-preview:large","max-video-preview":"max-video-preview:-1"},"og_locale":"en_US","og_type":"article","og_title":"YUBA - BARRE DE CHARGEMENT CARRY-ON SPICY CURRY - Dumoulin Bicyclettes","og_description":"\u2022 Cr\u00e9ez un outil de marketing in\u00e9dit pour votre compagnie ! \u2022 Chargement sur un espace de 2&#8217;x2&#8242; \u2022 Poids maximum 135 kg de charge totale \u2022 Peuvent accueillir les Planches de c\u00f4t\u00e9 (Side boards) pour cr\u00e9er une plateforme plate et hyper pratique. \u2022 Oeillets M5 filet\u00e9s pour accueillir diff\u00e9rentes alternatives (votre boite de plombier, [&hellip;]","og_url":"https:\/\/dumoulin.absoludev.ca\/en\/produit\/yuba-barre-de-chargement-carry-on-spicy-curry\/","og_site_name":"Dumoulin Bicyclettes","article_publisher":"https:\/\/www.facebook.com\/dumoulinbicyclettes","article_modified_time":"2025-09-04T18:14:12+00:00","og_image":[{"width":600,"height":600,"url":"https:\/\/dumoulin.absoludev.ca\/wp-content\/uploads\/2022\/05\/c5ba9161-31fa-486f-b528-767a5a95c6bc-1.png","type":"image\/png"}],"twitter_card":"summary_large_image","twitter_misc":{"Est. reading time":"1 minute"},"schema":{"@context":"https:\/\/schema.org","@graph":[{"@type":"WebPage","@id":"https:\/\/dumoulin.absoludev.ca\/en\/produit\/yuba-barre-de-chargement-carry-on-spicy-curry\/","url":"https:\/\/dumoulin.absoludev.ca\/en\/produit\/yuba-barre-de-chargement-carry-on-spicy-curry\/","name":"YUBA - BARRE DE CHARGEMENT CARRY-ON SPICY CURRY - Dumoulin Bicyclettes","isPartOf":{"@id":"https:\/\/dumoulin.absoludev.ca\/#website"},"primaryImageOfPage":{"@id":"https:\/\/dumoulin.absoludev.ca\/en\/produit\/yuba-barre-de-chargement-carry-on-spicy-curry\/#primaryimage"},"image":{"@id":"https:\/\/dumoulin.absoludev.ca\/en\/produit\/yuba-barre-de-chargement-carry-on-spicy-curry\/#primaryimage"},"thumbnailUrl":"https:\/\/dumoulin.absoludev.ca\/wp-content\/uploads\/2022\/05\/c5ba9161-31fa-486f-b528-767a5a95c6bc-1.png","datePublished":"2022-05-16T18:20:18+00:00","dateModified":"2025-09-04T18:14:12+00:00","breadcrumb":{"@id":"https:\/\/dumoulin.absoludev.ca\/en\/produit\/yuba-barre-de-chargement-carry-on-spicy-curry\/#breadcrumb"},"inLanguage":"en-US","potentialAction":[{"@type":"ReadAction","target":["https:\/\/dumoulin.absoludev.ca\/en\/produit\/yuba-barre-de-chargement-carry-on-spicy-curry\/"]}]},{"@type":"ImageObject","inLanguage":"en-US","@id":"https:\/\/dumoulin.absoludev.ca\/en\/produit\/yuba-barre-de-chargement-carry-on-spicy-curry\/#primaryimage","url":"https:\/\/dumoulin.absoludev.ca\/wp-content\/uploads\/2022\/05\/c5ba9161-31fa-486f-b528-767a5a95c6bc-1.png","contentUrl":"https:\/\/dumoulin.absoludev.ca\/wp-content\/uploads\/2022\/05\/c5ba9161-31fa-486f-b528-767a5a95c6bc-1.png","width":600,"height":600},{"@type":"BreadcrumbList","@id":"https:\/\/dumoulin.absoludev.ca\/en\/produit\/yuba-barre-de-chargement-carry-on-spicy-curry\/#breadcrumb","itemListElement":[{"@type":"ListItem","position":1,"name":"Home","item":"https:\/\/dumoulin.absoludev.ca\/en\/"},{"@type":"ListItem","position":2,"name":"Shop","item":"https:\/\/dumoulin.absoludev.ca\/en\/shop\/"},{"@type":"ListItem","position":3,"name":"YUBA &#8211; BARRE DE CHARGEMENT CARRY-ON SPICY CURRY"}]},{"@type":"WebSite","@id":"https:\/\/dumoulin.absoludev.ca\/#website","url":"https:\/\/dumoulin.absoludev.ca\/","name":"Dumoulin Bicyclettes","description":"","publisher":{"@id":"https:\/\/dumoulin.absoludev.ca\/#organization"},"potentialAction":[{"@type":"SearchAction","target":{"@type":"EntryPoint","urlTemplate":"https:\/\/dumoulin.absoludev.ca\/?s={search_term_string}"},"query-input":{"@type":"PropertyValueSpecification","valueRequired":true,"valueName":"search_term_string"}}],"inLanguage":"en-US"},{"@type":"Organization","@id":"https:\/\/dumoulin.absoludev.ca\/#organization","name":"Dumoulin Bicyclettes","url":"https:\/\/dumoulin.absoludev.ca\/","logo":{"@type":"ImageObject","inLanguage":"en-US","@id":"https:\/\/dumoulin.absoludev.ca\/#\/schema\/logo\/image\/","url":"https:\/\/www.dumoulinbicyclettes.com\/wp-content\/uploads\/2021\/04\/Logo.svg","contentUrl":"https:\/\/www.dumoulinbicyclettes.com\/wp-content\/uploads\/2021\/04\/Logo.svg","width":254,"height":86,"caption":"Dumoulin Bicyclettes"},"image":{"@id":"https:\/\/dumoulin.absoludev.ca\/#\/schema\/logo\/image\/"},"sameAs":["https:\/\/www.facebook.com\/dumoulinbicyclettes","https:\/\/www.instagram.com\/dumoulin.ca\/","https:\/\/www.youtube.com\/user\/dumoulinbicyclettes"]}]}},"_links":{"self":[{"href":"https:\/\/dumoulin.absoludev.ca\/en\/wp-json\/wp\/v2\/product\/75122","targetHints":{"allow":["GET"]}}],"collection":[{"href":"https:\/\/dumoulin.absoludev.ca\/en\/wp-json\/wp\/v2\/product"}],"about":[{"href":"https:\/\/dumoulin.absoludev.ca\/en\/wp-json\/wp\/v2\/types\/product"}],"wp:featuredmedia":[{"embeddable":true,"href":"https:\/\/dumoulin.absoludev.ca\/en\/wp-json\/wp\/v2\/media\/75123"}],"wp:attachment":[{"href":"https:\/\/dumoulin.absoludev.ca\/en\/wp-json\/wp\/v2\/media?parent=75122"}],"wp:term":[{"taxonomy":"product_brand","embeddable":true,"href":"https:\/\/dumoulin.absoludev.ca\/en\/wp-json\/wp\/v2\/product_brand?post=75122"},{"taxonomy":"product_cat","embeddable":true,"href":"https:\/\/dumoulin.absoludev.ca\/en\/wp-json\/wp\/v2\/product_cat?post=75122"},{"taxonomy":"product_tag","embeddable":true,"href":"https:\/\/dumoulin.absoludev.ca\/en\/wp-json\/wp\/v2\/product_tag?post=75122"},{"taxonomy":"marque-produit","embeddable":true,"href":"https:\/\/dumoulin.absoludev.ca\/en\/wp-json\/wp\/v2\/marque-produit?post=75122"},{"taxonomy":"collection-produit","embeddable":true,"href":"https:\/\/dumoulin.absoludev.ca\/en\/wp-json\/wp\/v2\/collection-produit?post=75122"},{"taxonomy":"type-surface-produit","embeddable":true,"href":"https:\/\/dumoulin.absoludev.ca\/en\/wp-json\/wp\/v2\/type-surface-produit?post=75122"},{"taxonomy":"type-velo-produit","embeddable":true,"href":"https:\/\/dumoulin.absoludev.ca\/en\/wp-json\/wp\/v2\/type-velo-produit?post=75122"},{"taxonomy":"vetement-produit","embeddable":true,"href":"https:\/\/dumoulin.absoludev.ca\/en\/wp-json\/wp\/v2\/vetement-produit?post=75122"},{"taxonomy":"thematique-produit","embeddable":true,"href":"https:\/\/dumoulin.absoludev.ca\/en\/wp-json\/wp\/v2\/thematique-produit?post=75122"},{"taxonomy":"position-sur-le-v\u00e9lo","embeddable":true,"href":"https:\/\/dumoulin.absoludev.ca\/en\/wp-json\/wp\/v2\/position-sur-le-v\u00e9lo?post=75122"}],"curies":[{"name":"wp","href":"https:\/\/api.w.org\/{rel}","templated":true}]}}