{"id":75092,"date":"2022-05-16T14:20:05","date_gmt":"2022-05-16T18:20:05","guid":{"rendered":"http:\/\/www.dumoulinbicyclettes.com\/?post_type=product&#038;p=75092"},"modified":"2025-09-04T14:14:10","modified_gmt":"2025-09-04T18:14:10","slug":"tern-guidon-joyride-bars-gsd-hsd","status":"publish","type":"product","link":"https:\/\/dumoulin.absoludev.ca\/en\/produit\/tern-guidon-joyride-bars-gsd-hsd\/","title":{"rendered":"Guidon d&#8217;appoint Tern &#8221;Sidekick Joyride Bars&#8221;"},"content":{"rendered":"<p>Le guidon Tern &#8220;Sidekick Joyride Bars&#8221; s&#8217;installe sur les Tern GSD ou HSD. C&#8217;est un compl\u00e9ment important pour la &#8220;chaise du capitaine&#8221; (captain&#8217;s chair). S\u00e9curisant et bien r\u00e9alis\u00e9, c&#8217;est un accessoire rudement pratique.<\/p>\n<p><\/p>\n","protected":false},"excerpt":{"rendered":"<p>Le guidon Tern &#8220;Sidekick Joyride Bars&#8221; s&#8217;installe sur les Tern GSD ou HSD. C&#8217;est un compl\u00e9ment important pour la &#8220;chaise du capitaine&#8221; (captain&#8217;s chair). S\u00e9curisant et bien r\u00e9alis\u00e9, c&#8217;est un accessoire rudement pratique.<\/p>\n","protected":false},"featured_media":22280,"template":"","meta":{"_acf_changed":false},"product_brand":[],"product_cat":[2509],"product_tag":[2547,2548,2203],"marque-produit":[154],"collection-produit":[2843,2842],"type-surface-produit":[],"type-velo-produit":[],"vetement-produit":[],"thematique-produit":[],"position-sur-le-v\u00e9lo":[],"class_list":{"0":"post-75092","1":"product","2":"type-product","3":"status-publish","4":"has-post-thumbnail","6":"product_cat-tern","7":"product_tag-guidon","8":"product_tag-joyride","9":"product_tag-tern","10":"marque-produit-tern","11":"collection-produit-tern-gsd","12":"collection-produit-tern-hsd","14":"first","15":"instock","16":"taxable","17":"shipping-taxable","18":"purchasable","19":"product-type-simple"},"acf":[],"yoast_head":"<!-- This site is optimized with the Yoast SEO plugin v24.3 - https:\/\/yoast.com\/wordpress\/plugins\/seo\/ -->\n<title>Guidon d&#039;appoint Tern &#039;&#039;Sidekick Joyride Bars&quot; - Dumoulin Bicyclettes<\/title>\n<meta name=\"description\" content=\"Le guidon Tern &quot;Sidekick Joyride&quot; s&#039;installe sur les Tern GSD ou HSD. C&#039;est un compl\u00e9ment important pour la &quot;chaise du capitaine&quot; (captain&#039;s chair).\" \/>\n<meta name=\"robots\" content=\"noindex, follow, max-snippet:-1, max-image-preview:large, max-video-preview:-1\" \/>\n<meta property=\"og:locale\" content=\"en_US\" \/>\n<meta property=\"og:type\" content=\"article\" \/>\n<meta property=\"og:title\" content=\"Guidon d&#039;appoint Tern &#039;&#039;Sidekick Joyride Bars&quot; - Dumoulin Bicyclettes\" \/>\n<meta property=\"og:description\" content=\"Le guidon Tern &quot;Sidekick Joyride&quot; s&#039;installe sur les Tern GSD ou HSD. C&#039;est un compl\u00e9ment important pour la &quot;chaise du capitaine&quot; (captain&#039;s chair).\" \/>\n<meta property=\"og:url\" content=\"https:\/\/dumoulin.absoludev.ca\/en\/produit\/tern-guidon-joyride-bars-gsd-hsd\/\" \/>\n<meta property=\"og:site_name\" content=\"Dumoulin Bicyclettes\" \/>\n<meta property=\"article:publisher\" content=\"https:\/\/www.facebook.com\/dumoulinbicyclettes\" \/>\n<meta property=\"article:modified_time\" content=\"2025-09-04T18:14:10+00:00\" \/>\n<meta property=\"og:image\" content=\"https:\/\/dumoulin.absoludev.ca\/wp-content\/uploads\/2021\/11\/hsd-sidekick-wheelguards-joyridebars-footrest-seatpad.jpg\" \/>\n\t<meta property=\"og:image:width\" content=\"1200\" \/>\n\t<meta property=\"og:image:height\" content=\"800\" \/>\n\t<meta property=\"og:image:type\" content=\"image\/jpeg\" \/>\n<meta name=\"twitter:card\" content=\"summary_large_image\" \/>\n<meta name=\"twitter:label1\" content=\"Est. reading time\" \/>\n\t<meta name=\"twitter:data1\" content=\"1 minute\" \/>\n<script type=\"application\/ld+json\" class=\"yoast-schema-graph\">{\"@context\":\"https:\/\/schema.org\",\"@graph\":[{\"@type\":\"WebPage\",\"@id\":\"https:\/\/dumoulin.absoludev.ca\/en\/produit\/tern-guidon-joyride-bars-gsd-hsd\/\",\"url\":\"https:\/\/dumoulin.absoludev.ca\/en\/produit\/tern-guidon-joyride-bars-gsd-hsd\/\",\"name\":\"Guidon d'appoint Tern ''Sidekick Joyride Bars\\\" - Dumoulin Bicyclettes\",\"isPartOf\":{\"@id\":\"https:\/\/dumoulin.absoludev.ca\/#website\"},\"primaryImageOfPage\":{\"@id\":\"https:\/\/dumoulin.absoludev.ca\/en\/produit\/tern-guidon-joyride-bars-gsd-hsd\/#primaryimage\"},\"image\":{\"@id\":\"https:\/\/dumoulin.absoludev.ca\/en\/produit\/tern-guidon-joyride-bars-gsd-hsd\/#primaryimage\"},\"thumbnailUrl\":\"https:\/\/dumoulin.absoludev.ca\/wp-content\/uploads\/2021\/11\/hsd-sidekick-wheelguards-joyridebars-footrest-seatpad.jpg\",\"datePublished\":\"2022-05-16T18:20:05+00:00\",\"dateModified\":\"2025-09-04T18:14:10+00:00\",\"description\":\"Le guidon Tern \\\"Sidekick Joyride\\\" s'installe sur les Tern GSD ou HSD. C'est un compl\u00e9ment important pour la \\\"chaise du capitaine\\\" (captain's chair).\",\"breadcrumb\":{\"@id\":\"https:\/\/dumoulin.absoludev.ca\/en\/produit\/tern-guidon-joyride-bars-gsd-hsd\/#breadcrumb\"},\"inLanguage\":\"en-US\",\"potentialAction\":[{\"@type\":\"ReadAction\",\"target\":[\"https:\/\/dumoulin.absoludev.ca\/en\/produit\/tern-guidon-joyride-bars-gsd-hsd\/\"]}]},{\"@type\":\"ImageObject\",\"inLanguage\":\"en-US\",\"@id\":\"https:\/\/dumoulin.absoludev.ca\/en\/produit\/tern-guidon-joyride-bars-gsd-hsd\/#primaryimage\",\"url\":\"https:\/\/dumoulin.absoludev.ca\/wp-content\/uploads\/2021\/11\/hsd-sidekick-wheelguards-joyridebars-footrest-seatpad.jpg\",\"contentUrl\":\"https:\/\/dumoulin.absoludev.ca\/wp-content\/uploads\/2021\/11\/hsd-sidekick-wheelguards-joyridebars-footrest-seatpad.jpg\",\"width\":1200,\"height\":800},{\"@type\":\"BreadcrumbList\",\"@id\":\"https:\/\/dumoulin.absoludev.ca\/en\/produit\/tern-guidon-joyride-bars-gsd-hsd\/#breadcrumb\",\"itemListElement\":[{\"@type\":\"ListItem\",\"position\":1,\"name\":\"Home\",\"item\":\"https:\/\/dumoulin.absoludev.ca\/en\/\"},{\"@type\":\"ListItem\",\"position\":2,\"name\":\"Shop\",\"item\":\"https:\/\/dumoulin.absoludev.ca\/en\/shop\/\"},{\"@type\":\"ListItem\",\"position\":3,\"name\":\"Guidon d&#8217;appoint Tern &#8221;Sidekick Joyride Bars&#8221;\"}]},{\"@type\":\"WebSite\",\"@id\":\"https:\/\/dumoulin.absoludev.ca\/#website\",\"url\":\"https:\/\/dumoulin.absoludev.ca\/\",\"name\":\"Dumoulin Bicyclettes\",\"description\":\"\",\"publisher\":{\"@id\":\"https:\/\/dumoulin.absoludev.ca\/#organization\"},\"potentialAction\":[{\"@type\":\"SearchAction\",\"target\":{\"@type\":\"EntryPoint\",\"urlTemplate\":\"https:\/\/dumoulin.absoludev.ca\/?s={search_term_string}\"},\"query-input\":{\"@type\":\"PropertyValueSpecification\",\"valueRequired\":true,\"valueName\":\"search_term_string\"}}],\"inLanguage\":\"en-US\"},{\"@type\":\"Organization\",\"@id\":\"https:\/\/dumoulin.absoludev.ca\/#organization\",\"name\":\"Dumoulin Bicyclettes\",\"url\":\"https:\/\/dumoulin.absoludev.ca\/\",\"logo\":{\"@type\":\"ImageObject\",\"inLanguage\":\"en-US\",\"@id\":\"https:\/\/dumoulin.absoludev.ca\/#\/schema\/logo\/image\/\",\"url\":\"https:\/\/www.dumoulinbicyclettes.com\/wp-content\/uploads\/2021\/04\/Logo.svg\",\"contentUrl\":\"https:\/\/www.dumoulinbicyclettes.com\/wp-content\/uploads\/2021\/04\/Logo.svg\",\"width\":254,\"height\":86,\"caption\":\"Dumoulin Bicyclettes\"},\"image\":{\"@id\":\"https:\/\/dumoulin.absoludev.ca\/#\/schema\/logo\/image\/\"},\"sameAs\":[\"https:\/\/www.facebook.com\/dumoulinbicyclettes\",\"https:\/\/www.instagram.com\/dumoulin.ca\/\",\"https:\/\/www.youtube.com\/user\/dumoulinbicyclettes\"]}]}<\/script>\n<!-- \/ Yoast SEO plugin. -->","yoast_head_json":{"title":"Guidon d'appoint Tern ''Sidekick Joyride Bars\" - Dumoulin Bicyclettes","description":"Le guidon Tern \"Sidekick Joyride\" s'installe sur les Tern GSD ou HSD. C'est un compl\u00e9ment important pour la \"chaise du capitaine\" (captain's chair).","robots":{"index":"noindex","follow":"follow","max-snippet":"max-snippet:-1","max-image-preview":"max-image-preview:large","max-video-preview":"max-video-preview:-1"},"og_locale":"en_US","og_type":"article","og_title":"Guidon d'appoint Tern ''Sidekick Joyride Bars\" - Dumoulin Bicyclettes","og_description":"Le guidon Tern \"Sidekick Joyride\" s'installe sur les Tern GSD ou HSD. C'est un compl\u00e9ment important pour la \"chaise du capitaine\" (captain's chair).","og_url":"https:\/\/dumoulin.absoludev.ca\/en\/produit\/tern-guidon-joyride-bars-gsd-hsd\/","og_site_name":"Dumoulin Bicyclettes","article_publisher":"https:\/\/www.facebook.com\/dumoulinbicyclettes","article_modified_time":"2025-09-04T18:14:10+00:00","og_image":[{"width":1200,"height":800,"url":"https:\/\/dumoulin.absoludev.ca\/wp-content\/uploads\/2021\/11\/hsd-sidekick-wheelguards-joyridebars-footrest-seatpad.jpg","type":"image\/jpeg"}],"twitter_card":"summary_large_image","twitter_misc":{"Est. reading time":"1 minute"},"schema":{"@context":"https:\/\/schema.org","@graph":[{"@type":"WebPage","@id":"https:\/\/dumoulin.absoludev.ca\/en\/produit\/tern-guidon-joyride-bars-gsd-hsd\/","url":"https:\/\/dumoulin.absoludev.ca\/en\/produit\/tern-guidon-joyride-bars-gsd-hsd\/","name":"Guidon d'appoint Tern ''Sidekick Joyride Bars\" - Dumoulin Bicyclettes","isPartOf":{"@id":"https:\/\/dumoulin.absoludev.ca\/#website"},"primaryImageOfPage":{"@id":"https:\/\/dumoulin.absoludev.ca\/en\/produit\/tern-guidon-joyride-bars-gsd-hsd\/#primaryimage"},"image":{"@id":"https:\/\/dumoulin.absoludev.ca\/en\/produit\/tern-guidon-joyride-bars-gsd-hsd\/#primaryimage"},"thumbnailUrl":"https:\/\/dumoulin.absoludev.ca\/wp-content\/uploads\/2021\/11\/hsd-sidekick-wheelguards-joyridebars-footrest-seatpad.jpg","datePublished":"2022-05-16T18:20:05+00:00","dateModified":"2025-09-04T18:14:10+00:00","description":"Le guidon Tern \"Sidekick Joyride\" s'installe sur les Tern GSD ou HSD. C'est un compl\u00e9ment important pour la \"chaise du capitaine\" (captain's chair).","breadcrumb":{"@id":"https:\/\/dumoulin.absoludev.ca\/en\/produit\/tern-guidon-joyride-bars-gsd-hsd\/#breadcrumb"},"inLanguage":"en-US","potentialAction":[{"@type":"ReadAction","target":["https:\/\/dumoulin.absoludev.ca\/en\/produit\/tern-guidon-joyride-bars-gsd-hsd\/"]}]},{"@type":"ImageObject","inLanguage":"en-US","@id":"https:\/\/dumoulin.absoludev.ca\/en\/produit\/tern-guidon-joyride-bars-gsd-hsd\/#primaryimage","url":"https:\/\/dumoulin.absoludev.ca\/wp-content\/uploads\/2021\/11\/hsd-sidekick-wheelguards-joyridebars-footrest-seatpad.jpg","contentUrl":"https:\/\/dumoulin.absoludev.ca\/wp-content\/uploads\/2021\/11\/hsd-sidekick-wheelguards-joyridebars-footrest-seatpad.jpg","width":1200,"height":800},{"@type":"BreadcrumbList","@id":"https:\/\/dumoulin.absoludev.ca\/en\/produit\/tern-guidon-joyride-bars-gsd-hsd\/#breadcrumb","itemListElement":[{"@type":"ListItem","position":1,"name":"Home","item":"https:\/\/dumoulin.absoludev.ca\/en\/"},{"@type":"ListItem","position":2,"name":"Shop","item":"https:\/\/dumoulin.absoludev.ca\/en\/shop\/"},{"@type":"ListItem","position":3,"name":"Guidon d&#8217;appoint Tern &#8221;Sidekick Joyride Bars&#8221;"}]},{"@type":"WebSite","@id":"https:\/\/dumoulin.absoludev.ca\/#website","url":"https:\/\/dumoulin.absoludev.ca\/","name":"Dumoulin Bicyclettes","description":"","publisher":{"@id":"https:\/\/dumoulin.absoludev.ca\/#organization"},"potentialAction":[{"@type":"SearchAction","target":{"@type":"EntryPoint","urlTemplate":"https:\/\/dumoulin.absoludev.ca\/?s={search_term_string}"},"query-input":{"@type":"PropertyValueSpecification","valueRequired":true,"valueName":"search_term_string"}}],"inLanguage":"en-US"},{"@type":"Organization","@id":"https:\/\/dumoulin.absoludev.ca\/#organization","name":"Dumoulin Bicyclettes","url":"https:\/\/dumoulin.absoludev.ca\/","logo":{"@type":"ImageObject","inLanguage":"en-US","@id":"https:\/\/dumoulin.absoludev.ca\/#\/schema\/logo\/image\/","url":"https:\/\/www.dumoulinbicyclettes.com\/wp-content\/uploads\/2021\/04\/Logo.svg","contentUrl":"https:\/\/www.dumoulinbicyclettes.com\/wp-content\/uploads\/2021\/04\/Logo.svg","width":254,"height":86,"caption":"Dumoulin Bicyclettes"},"image":{"@id":"https:\/\/dumoulin.absoludev.ca\/#\/schema\/logo\/image\/"},"sameAs":["https:\/\/www.facebook.com\/dumoulinbicyclettes","https:\/\/www.instagram.com\/dumoulin.ca\/","https:\/\/www.youtube.com\/user\/dumoulinbicyclettes"]}]}},"_links":{"self":[{"href":"https:\/\/dumoulin.absoludev.ca\/en\/wp-json\/wp\/v2\/product\/75092","targetHints":{"allow":["GET"]}}],"collection":[{"href":"https:\/\/dumoulin.absoludev.ca\/en\/wp-json\/wp\/v2\/product"}],"about":[{"href":"https:\/\/dumoulin.absoludev.ca\/en\/wp-json\/wp\/v2\/types\/product"}],"wp:featuredmedia":[{"embeddable":true,"href":"https:\/\/dumoulin.absoludev.ca\/en\/wp-json\/wp\/v2\/media\/22280"}],"wp:attachment":[{"href":"https:\/\/dumoulin.absoludev.ca\/en\/wp-json\/wp\/v2\/media?parent=75092"}],"wp:term":[{"taxonomy":"product_brand","embeddable":true,"href":"https:\/\/dumoulin.absoludev.ca\/en\/wp-json\/wp\/v2\/product_brand?post=75092"},{"taxonomy":"product_cat","embeddable":true,"href":"https:\/\/dumoulin.absoludev.ca\/en\/wp-json\/wp\/v2\/product_cat?post=75092"},{"taxonomy":"product_tag","embeddable":true,"href":"https:\/\/dumoulin.absoludev.ca\/en\/wp-json\/wp\/v2\/product_tag?post=75092"},{"taxonomy":"marque-produit","embeddable":true,"href":"https:\/\/dumoulin.absoludev.ca\/en\/wp-json\/wp\/v2\/marque-produit?post=75092"},{"taxonomy":"collection-produit","embeddable":true,"href":"https:\/\/dumoulin.absoludev.ca\/en\/wp-json\/wp\/v2\/collection-produit?post=75092"},{"taxonomy":"type-surface-produit","embeddable":true,"href":"https:\/\/dumoulin.absoludev.ca\/en\/wp-json\/wp\/v2\/type-surface-produit?post=75092"},{"taxonomy":"type-velo-produit","embeddable":true,"href":"https:\/\/dumoulin.absoludev.ca\/en\/wp-json\/wp\/v2\/type-velo-produit?post=75092"},{"taxonomy":"vetement-produit","embeddable":true,"href":"https:\/\/dumoulin.absoludev.ca\/en\/wp-json\/wp\/v2\/vetement-produit?post=75092"},{"taxonomy":"thematique-produit","embeddable":true,"href":"https:\/\/dumoulin.absoludev.ca\/en\/wp-json\/wp\/v2\/thematique-produit?post=75092"},{"taxonomy":"position-sur-le-v\u00e9lo","embeddable":true,"href":"https:\/\/dumoulin.absoludev.ca\/en\/wp-json\/wp\/v2\/position-sur-le-v\u00e9lo?post=75092"}],"curies":[{"name":"wp","href":"https:\/\/api.w.org\/{rel}","templated":true}]}}