{"id":75065,"date":"2022-05-16T14:19:58","date_gmt":"2022-05-16T18:19:58","guid":{"rendered":"http:\/\/www.dumoulinbicyclettes.com\/?post_type=product&#038;p=75065"},"modified":"2025-09-04T14:14:08","modified_gmt":"2025-09-04T18:14:08","slug":"brompton-metro-waterproof-pouch","status":"publish","type":"product","link":"https:\/\/dumoulin.absoludev.ca\/en\/produit\/brompton-metro-waterproof-pouch\/","title":{"rendered":"Sac Brompton Metro \u00abWaterproof Pouch\u00bb"},"content":{"rendered":"<p>Le petit sac de guidon Brompton Metro Pouch r\u00e9pond \u00e0 une demande de nombreux cyclistes Bromptoniens. Un petit sac de guidon, imperm\u00e9able, transportable et imperm\u00e9able. Utile pour y glisser son t\u00e9l\u00e9phone portable, son porte-feuille et autres petits \u00abessentiels\u00bb qu&#8217;on a toujours dans les poches.<\/p>\n<p>Cette petite sacoche peut jouer le m\u00eame r\u00f4le dans une aventure plus longue. En effet, elle sera fort pratique en compl\u00e9ment des sacs plus gros comme le Brompton Borough ou le Metro.<\/p>\n","protected":false},"excerpt":{"rendered":"<p>Le petit sac de guidon Brompton Metro Pouch r\u00e9pond \u00e0 une demande de nombreux cyclistes Bromptoniens. Un petit sac de guidon, imperm\u00e9able, transportable et imperm\u00e9able. Utile pour y glisser son t\u00e9l\u00e9phone portable, son porte-feuille et autres petits \u00abessentiels\u00bb qu&#8217;on a toujours dans les poches. Cette petite sacoche peut jouer le m\u00eame r\u00f4le dans une aventure [&hellip;]<\/p>\n","protected":false},"featured_media":21113,"template":"","meta":{"_acf_changed":false},"product_brand":[],"product_cat":[184],"product_tag":[2242,2437,2381],"marque-produit":[153],"collection-produit":[2883,2884],"type-surface-produit":[],"type-velo-produit":[1253,2167],"vetement-produit":[],"thematique-produit":[],"position-sur-le-v\u00e9lo":[],"class_list":{"0":"post-75065","1":"product","2":"type-product","3":"status-publish","4":"has-post-thumbnail","6":"product_cat-accessoires-pour-velo-pliable","7":"product_tag-brompton","8":"product_tag-pouch","9":"product_tag-sac","10":"marque-produit-brompton","11":"collection-produit-brompton","12":"collection-produit-sacs-et-accessoires","13":"type-velo-produit-pliables","14":"type-velo-produit-pliables-en","16":"first","17":"onbackorder","18":"taxable","19":"shipping-taxable","20":"purchasable","21":"product-type-simple"},"acf":[],"yoast_head":"<!-- This site is optimized with the Yoast SEO plugin v24.3 - https:\/\/yoast.com\/wordpress\/plugins\/seo\/ -->\n<title>Sac Brompton Metro \u00abWaterproof Pouch\u00bb - Dumoulin Bicyclettes<\/title>\n<meta name=\"description\" content=\"Le sac de guidon Brompton Metro Waterproof Pouch est une petite besace bien pratique au quotidien. Imperm\u00e9able mais \u00e9l\u00e9gant, il est fort appr\u00e9ci\u00e9.\" \/>\n<meta name=\"robots\" content=\"noindex, follow, max-snippet:-1, max-image-preview:large, max-video-preview:-1\" \/>\n<meta property=\"og:locale\" content=\"en_US\" \/>\n<meta property=\"og:type\" content=\"article\" \/>\n<meta property=\"og:title\" content=\"Sac Brompton Metro \u00abWaterproof Pouch\u00bb - Dumoulin Bicyclettes\" \/>\n<meta property=\"og:description\" content=\"Le sac de guidon Brompton Metro Waterproof Pouch est une petite besace bien pratique au quotidien. Imperm\u00e9able mais \u00e9l\u00e9gant, il est fort appr\u00e9ci\u00e9.\" \/>\n<meta property=\"og:url\" content=\"https:\/\/dumoulin.absoludev.ca\/en\/produit\/brompton-metro-waterproof-pouch\/\" \/>\n<meta property=\"og:site_name\" content=\"Dumoulin Bicyclettes\" \/>\n<meta property=\"article:publisher\" content=\"https:\/\/www.facebook.com\/dumoulinbicyclettes\" \/>\n<meta property=\"article:modified_time\" content=\"2025-09-04T18:14:08+00:00\" \/>\n<meta property=\"og:image\" content=\"https:\/\/dumoulin.absoludev.ca\/wp-content\/uploads\/2021\/10\/9023707-brompton-metro-waterproof-pouch-black-1.jpg\" \/>\n\t<meta property=\"og:image:width\" content=\"800\" \/>\n\t<meta property=\"og:image:height\" content=\"800\" \/>\n\t<meta property=\"og:image:type\" content=\"image\/jpeg\" \/>\n<meta name=\"twitter:card\" content=\"summary_large_image\" \/>\n<meta name=\"twitter:label1\" content=\"Est. reading time\" \/>\n\t<meta name=\"twitter:data1\" content=\"1 minute\" \/>\n<script type=\"application\/ld+json\" class=\"yoast-schema-graph\">{\"@context\":\"https:\/\/schema.org\",\"@graph\":[{\"@type\":\"WebPage\",\"@id\":\"https:\/\/dumoulin.absoludev.ca\/en\/produit\/brompton-metro-waterproof-pouch\/\",\"url\":\"https:\/\/dumoulin.absoludev.ca\/en\/produit\/brompton-metro-waterproof-pouch\/\",\"name\":\"Sac Brompton Metro \u00abWaterproof Pouch\u00bb - Dumoulin Bicyclettes\",\"isPartOf\":{\"@id\":\"https:\/\/dumoulin.absoludev.ca\/#website\"},\"primaryImageOfPage\":{\"@id\":\"https:\/\/dumoulin.absoludev.ca\/en\/produit\/brompton-metro-waterproof-pouch\/#primaryimage\"},\"image\":{\"@id\":\"https:\/\/dumoulin.absoludev.ca\/en\/produit\/brompton-metro-waterproof-pouch\/#primaryimage\"},\"thumbnailUrl\":\"https:\/\/dumoulin.absoludev.ca\/wp-content\/uploads\/2021\/10\/9023707-brompton-metro-waterproof-pouch-black-1.jpg\",\"datePublished\":\"2022-05-16T18:19:58+00:00\",\"dateModified\":\"2025-09-04T18:14:08+00:00\",\"description\":\"Le sac de guidon Brompton Metro Waterproof Pouch est une petite besace bien pratique au quotidien. Imperm\u00e9able mais \u00e9l\u00e9gant, il est fort appr\u00e9ci\u00e9.\",\"breadcrumb\":{\"@id\":\"https:\/\/dumoulin.absoludev.ca\/en\/produit\/brompton-metro-waterproof-pouch\/#breadcrumb\"},\"inLanguage\":\"en-US\",\"potentialAction\":[{\"@type\":\"ReadAction\",\"target\":[\"https:\/\/dumoulin.absoludev.ca\/en\/produit\/brompton-metro-waterproof-pouch\/\"]}]},{\"@type\":\"ImageObject\",\"inLanguage\":\"en-US\",\"@id\":\"https:\/\/dumoulin.absoludev.ca\/en\/produit\/brompton-metro-waterproof-pouch\/#primaryimage\",\"url\":\"https:\/\/dumoulin.absoludev.ca\/wp-content\/uploads\/2021\/10\/9023707-brompton-metro-waterproof-pouch-black-1.jpg\",\"contentUrl\":\"https:\/\/dumoulin.absoludev.ca\/wp-content\/uploads\/2021\/10\/9023707-brompton-metro-waterproof-pouch-black-1.jpg\",\"width\":800,\"height\":800,\"caption\":\"Brompton_Metro_waterproof_pouch\"},{\"@type\":\"BreadcrumbList\",\"@id\":\"https:\/\/dumoulin.absoludev.ca\/en\/produit\/brompton-metro-waterproof-pouch\/#breadcrumb\",\"itemListElement\":[{\"@type\":\"ListItem\",\"position\":1,\"name\":\"Home\",\"item\":\"https:\/\/dumoulin.absoludev.ca\/en\/\"},{\"@type\":\"ListItem\",\"position\":2,\"name\":\"Shop\",\"item\":\"https:\/\/dumoulin.absoludev.ca\/en\/shop\/\"},{\"@type\":\"ListItem\",\"position\":3,\"name\":\"Sac Brompton Metro \u00abWaterproof Pouch\u00bb\"}]},{\"@type\":\"WebSite\",\"@id\":\"https:\/\/dumoulin.absoludev.ca\/#website\",\"url\":\"https:\/\/dumoulin.absoludev.ca\/\",\"name\":\"Dumoulin Bicyclettes\",\"description\":\"\",\"publisher\":{\"@id\":\"https:\/\/dumoulin.absoludev.ca\/#organization\"},\"potentialAction\":[{\"@type\":\"SearchAction\",\"target\":{\"@type\":\"EntryPoint\",\"urlTemplate\":\"https:\/\/dumoulin.absoludev.ca\/?s={search_term_string}\"},\"query-input\":{\"@type\":\"PropertyValueSpecification\",\"valueRequired\":true,\"valueName\":\"search_term_string\"}}],\"inLanguage\":\"en-US\"},{\"@type\":\"Organization\",\"@id\":\"https:\/\/dumoulin.absoludev.ca\/#organization\",\"name\":\"Dumoulin Bicyclettes\",\"url\":\"https:\/\/dumoulin.absoludev.ca\/\",\"logo\":{\"@type\":\"ImageObject\",\"inLanguage\":\"en-US\",\"@id\":\"https:\/\/dumoulin.absoludev.ca\/#\/schema\/logo\/image\/\",\"url\":\"https:\/\/www.dumoulinbicyclettes.com\/wp-content\/uploads\/2021\/04\/Logo.svg\",\"contentUrl\":\"https:\/\/www.dumoulinbicyclettes.com\/wp-content\/uploads\/2021\/04\/Logo.svg\",\"width\":254,\"height\":86,\"caption\":\"Dumoulin Bicyclettes\"},\"image\":{\"@id\":\"https:\/\/dumoulin.absoludev.ca\/#\/schema\/logo\/image\/\"},\"sameAs\":[\"https:\/\/www.facebook.com\/dumoulinbicyclettes\",\"https:\/\/www.instagram.com\/dumoulin.ca\/\",\"https:\/\/www.youtube.com\/user\/dumoulinbicyclettes\"]}]}<\/script>\n<!-- \/ Yoast SEO plugin. -->","yoast_head_json":{"title":"Sac Brompton Metro \u00abWaterproof Pouch\u00bb - Dumoulin Bicyclettes","description":"Le sac de guidon Brompton Metro Waterproof Pouch est une petite besace bien pratique au quotidien. Imperm\u00e9able mais \u00e9l\u00e9gant, il est fort appr\u00e9ci\u00e9.","robots":{"index":"noindex","follow":"follow","max-snippet":"max-snippet:-1","max-image-preview":"max-image-preview:large","max-video-preview":"max-video-preview:-1"},"og_locale":"en_US","og_type":"article","og_title":"Sac Brompton Metro \u00abWaterproof Pouch\u00bb - Dumoulin Bicyclettes","og_description":"Le sac de guidon Brompton Metro Waterproof Pouch est une petite besace bien pratique au quotidien. Imperm\u00e9able mais \u00e9l\u00e9gant, il est fort appr\u00e9ci\u00e9.","og_url":"https:\/\/dumoulin.absoludev.ca\/en\/produit\/brompton-metro-waterproof-pouch\/","og_site_name":"Dumoulin Bicyclettes","article_publisher":"https:\/\/www.facebook.com\/dumoulinbicyclettes","article_modified_time":"2025-09-04T18:14:08+00:00","og_image":[{"width":800,"height":800,"url":"https:\/\/dumoulin.absoludev.ca\/wp-content\/uploads\/2021\/10\/9023707-brompton-metro-waterproof-pouch-black-1.jpg","type":"image\/jpeg"}],"twitter_card":"summary_large_image","twitter_misc":{"Est. reading time":"1 minute"},"schema":{"@context":"https:\/\/schema.org","@graph":[{"@type":"WebPage","@id":"https:\/\/dumoulin.absoludev.ca\/en\/produit\/brompton-metro-waterproof-pouch\/","url":"https:\/\/dumoulin.absoludev.ca\/en\/produit\/brompton-metro-waterproof-pouch\/","name":"Sac Brompton Metro \u00abWaterproof Pouch\u00bb - Dumoulin Bicyclettes","isPartOf":{"@id":"https:\/\/dumoulin.absoludev.ca\/#website"},"primaryImageOfPage":{"@id":"https:\/\/dumoulin.absoludev.ca\/en\/produit\/brompton-metro-waterproof-pouch\/#primaryimage"},"image":{"@id":"https:\/\/dumoulin.absoludev.ca\/en\/produit\/brompton-metro-waterproof-pouch\/#primaryimage"},"thumbnailUrl":"https:\/\/dumoulin.absoludev.ca\/wp-content\/uploads\/2021\/10\/9023707-brompton-metro-waterproof-pouch-black-1.jpg","datePublished":"2022-05-16T18:19:58+00:00","dateModified":"2025-09-04T18:14:08+00:00","description":"Le sac de guidon Brompton Metro Waterproof Pouch est une petite besace bien pratique au quotidien. Imperm\u00e9able mais \u00e9l\u00e9gant, il est fort appr\u00e9ci\u00e9.","breadcrumb":{"@id":"https:\/\/dumoulin.absoludev.ca\/en\/produit\/brompton-metro-waterproof-pouch\/#breadcrumb"},"inLanguage":"en-US","potentialAction":[{"@type":"ReadAction","target":["https:\/\/dumoulin.absoludev.ca\/en\/produit\/brompton-metro-waterproof-pouch\/"]}]},{"@type":"ImageObject","inLanguage":"en-US","@id":"https:\/\/dumoulin.absoludev.ca\/en\/produit\/brompton-metro-waterproof-pouch\/#primaryimage","url":"https:\/\/dumoulin.absoludev.ca\/wp-content\/uploads\/2021\/10\/9023707-brompton-metro-waterproof-pouch-black-1.jpg","contentUrl":"https:\/\/dumoulin.absoludev.ca\/wp-content\/uploads\/2021\/10\/9023707-brompton-metro-waterproof-pouch-black-1.jpg","width":800,"height":800,"caption":"Brompton_Metro_waterproof_pouch"},{"@type":"BreadcrumbList","@id":"https:\/\/dumoulin.absoludev.ca\/en\/produit\/brompton-metro-waterproof-pouch\/#breadcrumb","itemListElement":[{"@type":"ListItem","position":1,"name":"Home","item":"https:\/\/dumoulin.absoludev.ca\/en\/"},{"@type":"ListItem","position":2,"name":"Shop","item":"https:\/\/dumoulin.absoludev.ca\/en\/shop\/"},{"@type":"ListItem","position":3,"name":"Sac Brompton Metro \u00abWaterproof Pouch\u00bb"}]},{"@type":"WebSite","@id":"https:\/\/dumoulin.absoludev.ca\/#website","url":"https:\/\/dumoulin.absoludev.ca\/","name":"Dumoulin Bicyclettes","description":"","publisher":{"@id":"https:\/\/dumoulin.absoludev.ca\/#organization"},"potentialAction":[{"@type":"SearchAction","target":{"@type":"EntryPoint","urlTemplate":"https:\/\/dumoulin.absoludev.ca\/?s={search_term_string}"},"query-input":{"@type":"PropertyValueSpecification","valueRequired":true,"valueName":"search_term_string"}}],"inLanguage":"en-US"},{"@type":"Organization","@id":"https:\/\/dumoulin.absoludev.ca\/#organization","name":"Dumoulin Bicyclettes","url":"https:\/\/dumoulin.absoludev.ca\/","logo":{"@type":"ImageObject","inLanguage":"en-US","@id":"https:\/\/dumoulin.absoludev.ca\/#\/schema\/logo\/image\/","url":"https:\/\/www.dumoulinbicyclettes.com\/wp-content\/uploads\/2021\/04\/Logo.svg","contentUrl":"https:\/\/www.dumoulinbicyclettes.com\/wp-content\/uploads\/2021\/04\/Logo.svg","width":254,"height":86,"caption":"Dumoulin Bicyclettes"},"image":{"@id":"https:\/\/dumoulin.absoludev.ca\/#\/schema\/logo\/image\/"},"sameAs":["https:\/\/www.facebook.com\/dumoulinbicyclettes","https:\/\/www.instagram.com\/dumoulin.ca\/","https:\/\/www.youtube.com\/user\/dumoulinbicyclettes"]}]}},"_links":{"self":[{"href":"https:\/\/dumoulin.absoludev.ca\/en\/wp-json\/wp\/v2\/product\/75065","targetHints":{"allow":["GET"]}}],"collection":[{"href":"https:\/\/dumoulin.absoludev.ca\/en\/wp-json\/wp\/v2\/product"}],"about":[{"href":"https:\/\/dumoulin.absoludev.ca\/en\/wp-json\/wp\/v2\/types\/product"}],"wp:featuredmedia":[{"embeddable":true,"href":"https:\/\/dumoulin.absoludev.ca\/en\/wp-json\/wp\/v2\/media\/21113"}],"wp:attachment":[{"href":"https:\/\/dumoulin.absoludev.ca\/en\/wp-json\/wp\/v2\/media?parent=75065"}],"wp:term":[{"taxonomy":"product_brand","embeddable":true,"href":"https:\/\/dumoulin.absoludev.ca\/en\/wp-json\/wp\/v2\/product_brand?post=75065"},{"taxonomy":"product_cat","embeddable":true,"href":"https:\/\/dumoulin.absoludev.ca\/en\/wp-json\/wp\/v2\/product_cat?post=75065"},{"taxonomy":"product_tag","embeddable":true,"href":"https:\/\/dumoulin.absoludev.ca\/en\/wp-json\/wp\/v2\/product_tag?post=75065"},{"taxonomy":"marque-produit","embeddable":true,"href":"https:\/\/dumoulin.absoludev.ca\/en\/wp-json\/wp\/v2\/marque-produit?post=75065"},{"taxonomy":"collection-produit","embeddable":true,"href":"https:\/\/dumoulin.absoludev.ca\/en\/wp-json\/wp\/v2\/collection-produit?post=75065"},{"taxonomy":"type-surface-produit","embeddable":true,"href":"https:\/\/dumoulin.absoludev.ca\/en\/wp-json\/wp\/v2\/type-surface-produit?post=75065"},{"taxonomy":"type-velo-produit","embeddable":true,"href":"https:\/\/dumoulin.absoludev.ca\/en\/wp-json\/wp\/v2\/type-velo-produit?post=75065"},{"taxonomy":"vetement-produit","embeddable":true,"href":"https:\/\/dumoulin.absoludev.ca\/en\/wp-json\/wp\/v2\/vetement-produit?post=75065"},{"taxonomy":"thematique-produit","embeddable":true,"href":"https:\/\/dumoulin.absoludev.ca\/en\/wp-json\/wp\/v2\/thematique-produit?post=75065"},{"taxonomy":"position-sur-le-v\u00e9lo","embeddable":true,"href":"https:\/\/dumoulin.absoludev.ca\/en\/wp-json\/wp\/v2\/position-sur-le-v\u00e9lo?post=75065"}],"curies":[{"name":"wp","href":"https:\/\/api.w.org\/{rel}","templated":true}]}}