{"id":75055,"date":"2022-05-16T14:19:56","date_gmt":"2022-05-16T18:19:56","guid":{"rendered":"http:\/\/www.dumoulinbicyclettes.com\/?post_type=product&#038;p=75055"},"modified":"2025-09-04T14:14:08","modified_gmt":"2025-09-04T18:14:08","slug":"cover-avec-pochette-brompton-transit-bike-cover","status":"publish","type":"product","link":"https:\/\/dumoulin.absoludev.ca\/en\/produit\/cover-avec-pochette-brompton-transit-bike-cover\/","title":{"rendered":"COVER AVEC POCHETTE, BROMPTON (Transit Bike cover)"},"content":{"rendered":"<p>La capote Brompton Cover Bag est utile pour les gens qui utilisent les transports en commun. Elle permet de prot\u00e9ger votre v\u00e9lo et vos pantalons, et surtout, elle cache \u00e0 la vue et au su de tous votre pr\u00e9cieux bolide. Pr\u00e9cisons que cette pochette peut aussi \u00eatre utilis\u00e9e pour ne pas salir votre placard, votre coffre d&#8217;auto.<\/p>\n","protected":false},"excerpt":{"rendered":"<p>La capote Brompton Cover Bag est utile pour les gens qui utilisent les transports en commun. Elle permet de prot\u00e9ger votre v\u00e9lo et vos pantalons, et surtout, elle cache \u00e0 la vue et au su de tous votre pr\u00e9cieux bolide. Pr\u00e9cisons que cette pochette peut aussi \u00eatre utilis\u00e9e pour ne pas salir votre placard, votre [&hellip;]<\/p>\n","protected":false},"featured_media":21081,"template":"","meta":{"_acf_changed":false},"product_brand":[],"product_cat":[184],"product_tag":[2242,2440],"marque-produit":[153],"collection-produit":[],"type-surface-produit":[],"type-velo-produit":[1253,2167],"vetement-produit":[],"thematique-produit":[],"position-sur-le-v\u00e9lo":[],"class_list":{"0":"post-75055","1":"product","2":"type-product","3":"status-publish","4":"has-post-thumbnail","6":"product_cat-accessoires-pour-velo-pliable","7":"product_tag-brompton","8":"product_tag-transit-bike-cover","9":"marque-produit-brompton","10":"type-velo-produit-pliables","11":"type-velo-produit-pliables-en","13":"first","14":"instock","15":"taxable","16":"shipping-taxable","17":"purchasable","18":"product-type-simple"},"acf":[],"yoast_head":"<!-- This site is optimized with the Yoast SEO plugin v24.3 - https:\/\/yoast.com\/wordpress\/plugins\/seo\/ -->\n<title>COVER AVEC POCHETTE, BROMPTON (Transit Bike cover) - Dumoulin Bicyclettes<\/title>\n<meta name=\"robots\" content=\"noindex, follow, max-snippet:-1, max-image-preview:large, max-video-preview:-1\" \/>\n<meta property=\"og:locale\" content=\"en_US\" \/>\n<meta property=\"og:type\" content=\"article\" \/>\n<meta property=\"og:title\" content=\"COVER AVEC POCHETTE, BROMPTON (Transit Bike cover) - Dumoulin Bicyclettes\" \/>\n<meta property=\"og:description\" content=\"La capote Brompton Cover Bag est utile pour les gens qui utilisent les transports en commun. Elle permet de prot\u00e9ger votre v\u00e9lo et vos pantalons, et surtout, elle cache \u00e0 la vue et au su de tous votre pr\u00e9cieux bolide. Pr\u00e9cisons que cette pochette peut aussi \u00eatre utilis\u00e9e pour ne pas salir votre placard, votre [&hellip;]\" \/>\n<meta property=\"og:url\" content=\"https:\/\/dumoulin.absoludev.ca\/en\/produit\/cover-avec-pochette-brompton-transit-bike-cover\/\" \/>\n<meta property=\"og:site_name\" content=\"Dumoulin Bicyclettes\" \/>\n<meta property=\"article:publisher\" content=\"https:\/\/www.facebook.com\/dumoulinbicyclettes\" \/>\n<meta property=\"article:modified_time\" content=\"2025-09-04T18:14:08+00:00\" \/>\n<meta property=\"og:image\" content=\"https:\/\/dumoulin.absoludev.ca\/wp-content\/uploads\/2021\/10\/9019861-brompton-bike-cover-integrated-pouch-1.jpg\" \/>\n\t<meta property=\"og:image:width\" content=\"800\" \/>\n\t<meta property=\"og:image:height\" content=\"800\" \/>\n\t<meta property=\"og:image:type\" content=\"image\/jpeg\" \/>\n<meta name=\"twitter:card\" content=\"summary_large_image\" \/>\n<meta name=\"twitter:label1\" content=\"Est. reading time\" \/>\n\t<meta name=\"twitter:data1\" content=\"1 minute\" \/>\n<script type=\"application\/ld+json\" class=\"yoast-schema-graph\">{\"@context\":\"https:\/\/schema.org\",\"@graph\":[{\"@type\":\"WebPage\",\"@id\":\"https:\/\/dumoulin.absoludev.ca\/en\/produit\/cover-avec-pochette-brompton-transit-bike-cover\/\",\"url\":\"https:\/\/dumoulin.absoludev.ca\/en\/produit\/cover-avec-pochette-brompton-transit-bike-cover\/\",\"name\":\"COVER AVEC POCHETTE, BROMPTON (Transit Bike cover) - Dumoulin Bicyclettes\",\"isPartOf\":{\"@id\":\"https:\/\/dumoulin.absoludev.ca\/#website\"},\"primaryImageOfPage\":{\"@id\":\"https:\/\/dumoulin.absoludev.ca\/en\/produit\/cover-avec-pochette-brompton-transit-bike-cover\/#primaryimage\"},\"image\":{\"@id\":\"https:\/\/dumoulin.absoludev.ca\/en\/produit\/cover-avec-pochette-brompton-transit-bike-cover\/#primaryimage\"},\"thumbnailUrl\":\"https:\/\/dumoulin.absoludev.ca\/wp-content\/uploads\/2021\/10\/9019861-brompton-bike-cover-integrated-pouch-1.jpg\",\"datePublished\":\"2022-05-16T18:19:56+00:00\",\"dateModified\":\"2025-09-04T18:14:08+00:00\",\"breadcrumb\":{\"@id\":\"https:\/\/dumoulin.absoludev.ca\/en\/produit\/cover-avec-pochette-brompton-transit-bike-cover\/#breadcrumb\"},\"inLanguage\":\"en-US\",\"potentialAction\":[{\"@type\":\"ReadAction\",\"target\":[\"https:\/\/dumoulin.absoludev.ca\/en\/produit\/cover-avec-pochette-brompton-transit-bike-cover\/\"]}]},{\"@type\":\"ImageObject\",\"inLanguage\":\"en-US\",\"@id\":\"https:\/\/dumoulin.absoludev.ca\/en\/produit\/cover-avec-pochette-brompton-transit-bike-cover\/#primaryimage\",\"url\":\"https:\/\/dumoulin.absoludev.ca\/wp-content\/uploads\/2021\/10\/9019861-brompton-bike-cover-integrated-pouch-1.jpg\",\"contentUrl\":\"https:\/\/dumoulin.absoludev.ca\/wp-content\/uploads\/2021\/10\/9019861-brompton-bike-cover-integrated-pouch-1.jpg\",\"width\":800,\"height\":800,\"caption\":\"Brompton_cover-bag\"},{\"@type\":\"BreadcrumbList\",\"@id\":\"https:\/\/dumoulin.absoludev.ca\/en\/produit\/cover-avec-pochette-brompton-transit-bike-cover\/#breadcrumb\",\"itemListElement\":[{\"@type\":\"ListItem\",\"position\":1,\"name\":\"Home\",\"item\":\"https:\/\/dumoulin.absoludev.ca\/en\/\"},{\"@type\":\"ListItem\",\"position\":2,\"name\":\"Shop\",\"item\":\"https:\/\/dumoulin.absoludev.ca\/en\/shop\/\"},{\"@type\":\"ListItem\",\"position\":3,\"name\":\"COVER AVEC POCHETTE, BROMPTON (Transit Bike cover)\"}]},{\"@type\":\"WebSite\",\"@id\":\"https:\/\/dumoulin.absoludev.ca\/#website\",\"url\":\"https:\/\/dumoulin.absoludev.ca\/\",\"name\":\"Dumoulin Bicyclettes\",\"description\":\"\",\"publisher\":{\"@id\":\"https:\/\/dumoulin.absoludev.ca\/#organization\"},\"potentialAction\":[{\"@type\":\"SearchAction\",\"target\":{\"@type\":\"EntryPoint\",\"urlTemplate\":\"https:\/\/dumoulin.absoludev.ca\/?s={search_term_string}\"},\"query-input\":{\"@type\":\"PropertyValueSpecification\",\"valueRequired\":true,\"valueName\":\"search_term_string\"}}],\"inLanguage\":\"en-US\"},{\"@type\":\"Organization\",\"@id\":\"https:\/\/dumoulin.absoludev.ca\/#organization\",\"name\":\"Dumoulin Bicyclettes\",\"url\":\"https:\/\/dumoulin.absoludev.ca\/\",\"logo\":{\"@type\":\"ImageObject\",\"inLanguage\":\"en-US\",\"@id\":\"https:\/\/dumoulin.absoludev.ca\/#\/schema\/logo\/image\/\",\"url\":\"https:\/\/www.dumoulinbicyclettes.com\/wp-content\/uploads\/2021\/04\/Logo.svg\",\"contentUrl\":\"https:\/\/www.dumoulinbicyclettes.com\/wp-content\/uploads\/2021\/04\/Logo.svg\",\"width\":254,\"height\":86,\"caption\":\"Dumoulin Bicyclettes\"},\"image\":{\"@id\":\"https:\/\/dumoulin.absoludev.ca\/#\/schema\/logo\/image\/\"},\"sameAs\":[\"https:\/\/www.facebook.com\/dumoulinbicyclettes\",\"https:\/\/www.instagram.com\/dumoulin.ca\/\",\"https:\/\/www.youtube.com\/user\/dumoulinbicyclettes\"]}]}<\/script>\n<!-- \/ Yoast SEO plugin. -->","yoast_head_json":{"title":"COVER AVEC POCHETTE, BROMPTON (Transit Bike cover) - Dumoulin Bicyclettes","robots":{"index":"noindex","follow":"follow","max-snippet":"max-snippet:-1","max-image-preview":"max-image-preview:large","max-video-preview":"max-video-preview:-1"},"og_locale":"en_US","og_type":"article","og_title":"COVER AVEC POCHETTE, BROMPTON (Transit Bike cover) - Dumoulin Bicyclettes","og_description":"La capote Brompton Cover Bag est utile pour les gens qui utilisent les transports en commun. Elle permet de prot\u00e9ger votre v\u00e9lo et vos pantalons, et surtout, elle cache \u00e0 la vue et au su de tous votre pr\u00e9cieux bolide. Pr\u00e9cisons que cette pochette peut aussi \u00eatre utilis\u00e9e pour ne pas salir votre placard, votre [&hellip;]","og_url":"https:\/\/dumoulin.absoludev.ca\/en\/produit\/cover-avec-pochette-brompton-transit-bike-cover\/","og_site_name":"Dumoulin Bicyclettes","article_publisher":"https:\/\/www.facebook.com\/dumoulinbicyclettes","article_modified_time":"2025-09-04T18:14:08+00:00","og_image":[{"width":800,"height":800,"url":"https:\/\/dumoulin.absoludev.ca\/wp-content\/uploads\/2021\/10\/9019861-brompton-bike-cover-integrated-pouch-1.jpg","type":"image\/jpeg"}],"twitter_card":"summary_large_image","twitter_misc":{"Est. reading time":"1 minute"},"schema":{"@context":"https:\/\/schema.org","@graph":[{"@type":"WebPage","@id":"https:\/\/dumoulin.absoludev.ca\/en\/produit\/cover-avec-pochette-brompton-transit-bike-cover\/","url":"https:\/\/dumoulin.absoludev.ca\/en\/produit\/cover-avec-pochette-brompton-transit-bike-cover\/","name":"COVER AVEC POCHETTE, BROMPTON (Transit Bike cover) - Dumoulin Bicyclettes","isPartOf":{"@id":"https:\/\/dumoulin.absoludev.ca\/#website"},"primaryImageOfPage":{"@id":"https:\/\/dumoulin.absoludev.ca\/en\/produit\/cover-avec-pochette-brompton-transit-bike-cover\/#primaryimage"},"image":{"@id":"https:\/\/dumoulin.absoludev.ca\/en\/produit\/cover-avec-pochette-brompton-transit-bike-cover\/#primaryimage"},"thumbnailUrl":"https:\/\/dumoulin.absoludev.ca\/wp-content\/uploads\/2021\/10\/9019861-brompton-bike-cover-integrated-pouch-1.jpg","datePublished":"2022-05-16T18:19:56+00:00","dateModified":"2025-09-04T18:14:08+00:00","breadcrumb":{"@id":"https:\/\/dumoulin.absoludev.ca\/en\/produit\/cover-avec-pochette-brompton-transit-bike-cover\/#breadcrumb"},"inLanguage":"en-US","potentialAction":[{"@type":"ReadAction","target":["https:\/\/dumoulin.absoludev.ca\/en\/produit\/cover-avec-pochette-brompton-transit-bike-cover\/"]}]},{"@type":"ImageObject","inLanguage":"en-US","@id":"https:\/\/dumoulin.absoludev.ca\/en\/produit\/cover-avec-pochette-brompton-transit-bike-cover\/#primaryimage","url":"https:\/\/dumoulin.absoludev.ca\/wp-content\/uploads\/2021\/10\/9019861-brompton-bike-cover-integrated-pouch-1.jpg","contentUrl":"https:\/\/dumoulin.absoludev.ca\/wp-content\/uploads\/2021\/10\/9019861-brompton-bike-cover-integrated-pouch-1.jpg","width":800,"height":800,"caption":"Brompton_cover-bag"},{"@type":"BreadcrumbList","@id":"https:\/\/dumoulin.absoludev.ca\/en\/produit\/cover-avec-pochette-brompton-transit-bike-cover\/#breadcrumb","itemListElement":[{"@type":"ListItem","position":1,"name":"Home","item":"https:\/\/dumoulin.absoludev.ca\/en\/"},{"@type":"ListItem","position":2,"name":"Shop","item":"https:\/\/dumoulin.absoludev.ca\/en\/shop\/"},{"@type":"ListItem","position":3,"name":"COVER AVEC POCHETTE, BROMPTON (Transit Bike cover)"}]},{"@type":"WebSite","@id":"https:\/\/dumoulin.absoludev.ca\/#website","url":"https:\/\/dumoulin.absoludev.ca\/","name":"Dumoulin Bicyclettes","description":"","publisher":{"@id":"https:\/\/dumoulin.absoludev.ca\/#organization"},"potentialAction":[{"@type":"SearchAction","target":{"@type":"EntryPoint","urlTemplate":"https:\/\/dumoulin.absoludev.ca\/?s={search_term_string}"},"query-input":{"@type":"PropertyValueSpecification","valueRequired":true,"valueName":"search_term_string"}}],"inLanguage":"en-US"},{"@type":"Organization","@id":"https:\/\/dumoulin.absoludev.ca\/#organization","name":"Dumoulin Bicyclettes","url":"https:\/\/dumoulin.absoludev.ca\/","logo":{"@type":"ImageObject","inLanguage":"en-US","@id":"https:\/\/dumoulin.absoludev.ca\/#\/schema\/logo\/image\/","url":"https:\/\/www.dumoulinbicyclettes.com\/wp-content\/uploads\/2021\/04\/Logo.svg","contentUrl":"https:\/\/www.dumoulinbicyclettes.com\/wp-content\/uploads\/2021\/04\/Logo.svg","width":254,"height":86,"caption":"Dumoulin Bicyclettes"},"image":{"@id":"https:\/\/dumoulin.absoludev.ca\/#\/schema\/logo\/image\/"},"sameAs":["https:\/\/www.facebook.com\/dumoulinbicyclettes","https:\/\/www.instagram.com\/dumoulin.ca\/","https:\/\/www.youtube.com\/user\/dumoulinbicyclettes"]}]}},"_links":{"self":[{"href":"https:\/\/dumoulin.absoludev.ca\/en\/wp-json\/wp\/v2\/product\/75055","targetHints":{"allow":["GET"]}}],"collection":[{"href":"https:\/\/dumoulin.absoludev.ca\/en\/wp-json\/wp\/v2\/product"}],"about":[{"href":"https:\/\/dumoulin.absoludev.ca\/en\/wp-json\/wp\/v2\/types\/product"}],"wp:featuredmedia":[{"embeddable":true,"href":"https:\/\/dumoulin.absoludev.ca\/en\/wp-json\/wp\/v2\/media\/21081"}],"wp:attachment":[{"href":"https:\/\/dumoulin.absoludev.ca\/en\/wp-json\/wp\/v2\/media?parent=75055"}],"wp:term":[{"taxonomy":"product_brand","embeddable":true,"href":"https:\/\/dumoulin.absoludev.ca\/en\/wp-json\/wp\/v2\/product_brand?post=75055"},{"taxonomy":"product_cat","embeddable":true,"href":"https:\/\/dumoulin.absoludev.ca\/en\/wp-json\/wp\/v2\/product_cat?post=75055"},{"taxonomy":"product_tag","embeddable":true,"href":"https:\/\/dumoulin.absoludev.ca\/en\/wp-json\/wp\/v2\/product_tag?post=75055"},{"taxonomy":"marque-produit","embeddable":true,"href":"https:\/\/dumoulin.absoludev.ca\/en\/wp-json\/wp\/v2\/marque-produit?post=75055"},{"taxonomy":"collection-produit","embeddable":true,"href":"https:\/\/dumoulin.absoludev.ca\/en\/wp-json\/wp\/v2\/collection-produit?post=75055"},{"taxonomy":"type-surface-produit","embeddable":true,"href":"https:\/\/dumoulin.absoludev.ca\/en\/wp-json\/wp\/v2\/type-surface-produit?post=75055"},{"taxonomy":"type-velo-produit","embeddable":true,"href":"https:\/\/dumoulin.absoludev.ca\/en\/wp-json\/wp\/v2\/type-velo-produit?post=75055"},{"taxonomy":"vetement-produit","embeddable":true,"href":"https:\/\/dumoulin.absoludev.ca\/en\/wp-json\/wp\/v2\/vetement-produit?post=75055"},{"taxonomy":"thematique-produit","embeddable":true,"href":"https:\/\/dumoulin.absoludev.ca\/en\/wp-json\/wp\/v2\/thematique-produit?post=75055"},{"taxonomy":"position-sur-le-v\u00e9lo","embeddable":true,"href":"https:\/\/dumoulin.absoludev.ca\/en\/wp-json\/wp\/v2\/position-sur-le-v\u00e9lo?post=75055"}],"curies":[{"name":"wp","href":"https:\/\/api.w.org\/{rel}","templated":true}]}}