{"id":75016,"date":"2022-05-16T14:19:46","date_gmt":"2022-05-16T18:19:46","guid":{"rendered":"http:\/\/www.dumoulinbicyclettes.com\/?post_type=product&#038;p=75016"},"modified":"2025-09-04T14:14:07","modified_gmt":"2025-09-04T18:14:07","slug":"brompton-metro-waterproof-bag-large-in-black","status":"publish","type":"product","link":"https:\/\/dumoulin.absoludev.ca\/en\/produit\/brompton-metro-waterproof-bag-large-in-black\/","title":{"rendered":"Sac Brompton Metro imperm\u00e9able, grand"},"content":{"rendered":"<p>Imperm\u00e9able, le sac Brompton \u00abMetro\u00bb s&#8217;utilise comme un sac \u00abmessager\u00bb pour les d\u00e9placements quotidiens. \u00c0 ceci pr\u00e8s qu&#8217;il vous laisse le dos libre de poids.<\/p>\n<p>En effet, vous trouverez en ce sac Brompton de larges compartiments, une protection pour votre ordinateur portable, des d\u00e9tails \u00aborganisationnels\u00bb.<\/p>\n<p>Compatible avec tous les guidons Brompton, nous vous recommandons chaudement ce sac.<\/p>\n","protected":false},"excerpt":{"rendered":"<p>Imperm\u00e9able, le sac Brompton \u00abMetro\u00bb s&#8217;utilise comme un sac \u00abmessager\u00bb pour les d\u00e9placements quotidiens. \u00c0 ceci pr\u00e8s qu&#8217;il vous laisse le dos libre de poids. En effet, vous trouverez en ce sac Brompton de larges compartiments, une protection pour votre ordinateur portable, des d\u00e9tails \u00aborganisationnels\u00bb. Compatible avec tous les guidons Brompton, nous vous recommandons chaudement [&hellip;]<\/p>\n","protected":false},"featured_media":21145,"template":"","meta":{"_acf_changed":false},"product_brand":[],"product_cat":[184],"product_tag":[2242,2434,2433,2381],"marque-produit":[153],"collection-produit":[2884],"type-surface-produit":[],"type-velo-produit":[1253],"vetement-produit":[],"thematique-produit":[],"position-sur-le-v\u00e9lo":[],"class_list":{"0":"post-75016","1":"product","2":"type-product","3":"status-publish","4":"has-post-thumbnail","6":"product_cat-accessoires-pour-velo-pliable","7":"product_tag-brompton","8":"product_tag-messenger","9":"product_tag-metro","10":"product_tag-sac","11":"marque-produit-brompton","12":"collection-produit-sacs-et-accessoires","13":"type-velo-produit-pliables","15":"first","16":"instock","17":"taxable","18":"shipping-taxable","19":"purchasable","20":"product-type-simple"},"acf":[],"yoast_head":"<!-- This site is optimized with the Yoast SEO plugin v24.3 - https:\/\/yoast.com\/wordpress\/plugins\/seo\/ -->\n<title>Sac Brompton Metro imperm\u00e9able, grand - Dumoulin Bicyclettes<\/title>\n<meta name=\"description\" content=\"Le sac Brompton &quot;Metro&quot; est imperm\u00e9able et assez volumineux pour vous permettre de transporter en toute s\u00e9curit\u00e9 ce dont vous avez besoin au quotidien.\" \/>\n<meta name=\"robots\" content=\"noindex, follow, max-snippet:-1, max-image-preview:large, max-video-preview:-1\" \/>\n<meta property=\"og:locale\" content=\"en_US\" \/>\n<meta property=\"og:type\" content=\"article\" \/>\n<meta property=\"og:title\" content=\"Sac Brompton Metro imperm\u00e9able, grand - Dumoulin Bicyclettes\" \/>\n<meta property=\"og:description\" content=\"Le sac Brompton &quot;Metro&quot; est imperm\u00e9able et assez volumineux pour vous permettre de transporter en toute s\u00e9curit\u00e9 ce dont vous avez besoin au quotidien.\" \/>\n<meta property=\"og:url\" content=\"https:\/\/dumoulin.absoludev.ca\/en\/produit\/brompton-metro-waterproof-bag-large-in-black\/\" \/>\n<meta property=\"og:site_name\" content=\"Dumoulin Bicyclettes\" \/>\n<meta property=\"article:publisher\" content=\"https:\/\/www.facebook.com\/dumoulinbicyclettes\" \/>\n<meta property=\"article:modified_time\" content=\"2025-09-04T18:14:07+00:00\" \/>\n<meta property=\"og:image\" content=\"https:\/\/dumoulin.absoludev.ca\/wp-content\/uploads\/2021\/10\/metro-waterproof-l-black-1-scaled.jpg\" \/>\n\t<meta property=\"og:image:width\" content=\"2560\" \/>\n\t<meta property=\"og:image:height\" content=\"1707\" \/>\n\t<meta property=\"og:image:type\" content=\"image\/jpeg\" \/>\n<meta name=\"twitter:card\" content=\"summary_large_image\" \/>\n<meta name=\"twitter:label1\" content=\"Est. reading time\" \/>\n\t<meta name=\"twitter:data1\" content=\"1 minute\" \/>\n<script type=\"application\/ld+json\" class=\"yoast-schema-graph\">{\"@context\":\"https:\/\/schema.org\",\"@graph\":[{\"@type\":\"WebPage\",\"@id\":\"https:\/\/dumoulin.absoludev.ca\/en\/produit\/brompton-metro-waterproof-bag-large-in-black\/\",\"url\":\"https:\/\/dumoulin.absoludev.ca\/en\/produit\/brompton-metro-waterproof-bag-large-in-black\/\",\"name\":\"Sac Brompton Metro imperm\u00e9able, grand - Dumoulin Bicyclettes\",\"isPartOf\":{\"@id\":\"https:\/\/dumoulin.absoludev.ca\/#website\"},\"primaryImageOfPage\":{\"@id\":\"https:\/\/dumoulin.absoludev.ca\/en\/produit\/brompton-metro-waterproof-bag-large-in-black\/#primaryimage\"},\"image\":{\"@id\":\"https:\/\/dumoulin.absoludev.ca\/en\/produit\/brompton-metro-waterproof-bag-large-in-black\/#primaryimage\"},\"thumbnailUrl\":\"https:\/\/dumoulin.absoludev.ca\/wp-content\/uploads\/2021\/10\/metro-waterproof-l-black-1-scaled.jpg\",\"datePublished\":\"2022-05-16T18:19:46+00:00\",\"dateModified\":\"2025-09-04T18:14:07+00:00\",\"description\":\"Le sac Brompton \\\"Metro\\\" est imperm\u00e9able et assez volumineux pour vous permettre de transporter en toute s\u00e9curit\u00e9 ce dont vous avez besoin au quotidien.\",\"breadcrumb\":{\"@id\":\"https:\/\/dumoulin.absoludev.ca\/en\/produit\/brompton-metro-waterproof-bag-large-in-black\/#breadcrumb\"},\"inLanguage\":\"en-US\",\"potentialAction\":[{\"@type\":\"ReadAction\",\"target\":[\"https:\/\/dumoulin.absoludev.ca\/en\/produit\/brompton-metro-waterproof-bag-large-in-black\/\"]}]},{\"@type\":\"ImageObject\",\"inLanguage\":\"en-US\",\"@id\":\"https:\/\/dumoulin.absoludev.ca\/en\/produit\/brompton-metro-waterproof-bag-large-in-black\/#primaryimage\",\"url\":\"https:\/\/dumoulin.absoludev.ca\/wp-content\/uploads\/2021\/10\/metro-waterproof-l-black-1-scaled.jpg\",\"contentUrl\":\"https:\/\/dumoulin.absoludev.ca\/wp-content\/uploads\/2021\/10\/metro-waterproof-l-black-1-scaled.jpg\",\"width\":2560,\"height\":1707},{\"@type\":\"BreadcrumbList\",\"@id\":\"https:\/\/dumoulin.absoludev.ca\/en\/produit\/brompton-metro-waterproof-bag-large-in-black\/#breadcrumb\",\"itemListElement\":[{\"@type\":\"ListItem\",\"position\":1,\"name\":\"Home\",\"item\":\"https:\/\/dumoulin.absoludev.ca\/en\/\"},{\"@type\":\"ListItem\",\"position\":2,\"name\":\"Shop\",\"item\":\"https:\/\/dumoulin.absoludev.ca\/en\/shop\/\"},{\"@type\":\"ListItem\",\"position\":3,\"name\":\"Sac Brompton Metro imperm\u00e9able, grand\"}]},{\"@type\":\"WebSite\",\"@id\":\"https:\/\/dumoulin.absoludev.ca\/#website\",\"url\":\"https:\/\/dumoulin.absoludev.ca\/\",\"name\":\"Dumoulin Bicyclettes\",\"description\":\"\",\"publisher\":{\"@id\":\"https:\/\/dumoulin.absoludev.ca\/#organization\"},\"potentialAction\":[{\"@type\":\"SearchAction\",\"target\":{\"@type\":\"EntryPoint\",\"urlTemplate\":\"https:\/\/dumoulin.absoludev.ca\/?s={search_term_string}\"},\"query-input\":{\"@type\":\"PropertyValueSpecification\",\"valueRequired\":true,\"valueName\":\"search_term_string\"}}],\"inLanguage\":\"en-US\"},{\"@type\":\"Organization\",\"@id\":\"https:\/\/dumoulin.absoludev.ca\/#organization\",\"name\":\"Dumoulin Bicyclettes\",\"url\":\"https:\/\/dumoulin.absoludev.ca\/\",\"logo\":{\"@type\":\"ImageObject\",\"inLanguage\":\"en-US\",\"@id\":\"https:\/\/dumoulin.absoludev.ca\/#\/schema\/logo\/image\/\",\"url\":\"https:\/\/www.dumoulinbicyclettes.com\/wp-content\/uploads\/2021\/04\/Logo.svg\",\"contentUrl\":\"https:\/\/www.dumoulinbicyclettes.com\/wp-content\/uploads\/2021\/04\/Logo.svg\",\"width\":254,\"height\":86,\"caption\":\"Dumoulin Bicyclettes\"},\"image\":{\"@id\":\"https:\/\/dumoulin.absoludev.ca\/#\/schema\/logo\/image\/\"},\"sameAs\":[\"https:\/\/www.facebook.com\/dumoulinbicyclettes\",\"https:\/\/www.instagram.com\/dumoulin.ca\/\",\"https:\/\/www.youtube.com\/user\/dumoulinbicyclettes\"]}]}<\/script>\n<!-- \/ Yoast SEO plugin. -->","yoast_head_json":{"title":"Sac Brompton Metro imperm\u00e9able, grand - Dumoulin Bicyclettes","description":"Le sac Brompton \"Metro\" est imperm\u00e9able et assez volumineux pour vous permettre de transporter en toute s\u00e9curit\u00e9 ce dont vous avez besoin au quotidien.","robots":{"index":"noindex","follow":"follow","max-snippet":"max-snippet:-1","max-image-preview":"max-image-preview:large","max-video-preview":"max-video-preview:-1"},"og_locale":"en_US","og_type":"article","og_title":"Sac Brompton Metro imperm\u00e9able, grand - Dumoulin Bicyclettes","og_description":"Le sac Brompton \"Metro\" est imperm\u00e9able et assez volumineux pour vous permettre de transporter en toute s\u00e9curit\u00e9 ce dont vous avez besoin au quotidien.","og_url":"https:\/\/dumoulin.absoludev.ca\/en\/produit\/brompton-metro-waterproof-bag-large-in-black\/","og_site_name":"Dumoulin Bicyclettes","article_publisher":"https:\/\/www.facebook.com\/dumoulinbicyclettes","article_modified_time":"2025-09-04T18:14:07+00:00","og_image":[{"width":2560,"height":1707,"url":"https:\/\/dumoulin.absoludev.ca\/wp-content\/uploads\/2021\/10\/metro-waterproof-l-black-1-scaled.jpg","type":"image\/jpeg"}],"twitter_card":"summary_large_image","twitter_misc":{"Est. reading time":"1 minute"},"schema":{"@context":"https:\/\/schema.org","@graph":[{"@type":"WebPage","@id":"https:\/\/dumoulin.absoludev.ca\/en\/produit\/brompton-metro-waterproof-bag-large-in-black\/","url":"https:\/\/dumoulin.absoludev.ca\/en\/produit\/brompton-metro-waterproof-bag-large-in-black\/","name":"Sac Brompton Metro imperm\u00e9able, grand - Dumoulin Bicyclettes","isPartOf":{"@id":"https:\/\/dumoulin.absoludev.ca\/#website"},"primaryImageOfPage":{"@id":"https:\/\/dumoulin.absoludev.ca\/en\/produit\/brompton-metro-waterproof-bag-large-in-black\/#primaryimage"},"image":{"@id":"https:\/\/dumoulin.absoludev.ca\/en\/produit\/brompton-metro-waterproof-bag-large-in-black\/#primaryimage"},"thumbnailUrl":"https:\/\/dumoulin.absoludev.ca\/wp-content\/uploads\/2021\/10\/metro-waterproof-l-black-1-scaled.jpg","datePublished":"2022-05-16T18:19:46+00:00","dateModified":"2025-09-04T18:14:07+00:00","description":"Le sac Brompton \"Metro\" est imperm\u00e9able et assez volumineux pour vous permettre de transporter en toute s\u00e9curit\u00e9 ce dont vous avez besoin au quotidien.","breadcrumb":{"@id":"https:\/\/dumoulin.absoludev.ca\/en\/produit\/brompton-metro-waterproof-bag-large-in-black\/#breadcrumb"},"inLanguage":"en-US","potentialAction":[{"@type":"ReadAction","target":["https:\/\/dumoulin.absoludev.ca\/en\/produit\/brompton-metro-waterproof-bag-large-in-black\/"]}]},{"@type":"ImageObject","inLanguage":"en-US","@id":"https:\/\/dumoulin.absoludev.ca\/en\/produit\/brompton-metro-waterproof-bag-large-in-black\/#primaryimage","url":"https:\/\/dumoulin.absoludev.ca\/wp-content\/uploads\/2021\/10\/metro-waterproof-l-black-1-scaled.jpg","contentUrl":"https:\/\/dumoulin.absoludev.ca\/wp-content\/uploads\/2021\/10\/metro-waterproof-l-black-1-scaled.jpg","width":2560,"height":1707},{"@type":"BreadcrumbList","@id":"https:\/\/dumoulin.absoludev.ca\/en\/produit\/brompton-metro-waterproof-bag-large-in-black\/#breadcrumb","itemListElement":[{"@type":"ListItem","position":1,"name":"Home","item":"https:\/\/dumoulin.absoludev.ca\/en\/"},{"@type":"ListItem","position":2,"name":"Shop","item":"https:\/\/dumoulin.absoludev.ca\/en\/shop\/"},{"@type":"ListItem","position":3,"name":"Sac Brompton Metro imperm\u00e9able, grand"}]},{"@type":"WebSite","@id":"https:\/\/dumoulin.absoludev.ca\/#website","url":"https:\/\/dumoulin.absoludev.ca\/","name":"Dumoulin Bicyclettes","description":"","publisher":{"@id":"https:\/\/dumoulin.absoludev.ca\/#organization"},"potentialAction":[{"@type":"SearchAction","target":{"@type":"EntryPoint","urlTemplate":"https:\/\/dumoulin.absoludev.ca\/?s={search_term_string}"},"query-input":{"@type":"PropertyValueSpecification","valueRequired":true,"valueName":"search_term_string"}}],"inLanguage":"en-US"},{"@type":"Organization","@id":"https:\/\/dumoulin.absoludev.ca\/#organization","name":"Dumoulin Bicyclettes","url":"https:\/\/dumoulin.absoludev.ca\/","logo":{"@type":"ImageObject","inLanguage":"en-US","@id":"https:\/\/dumoulin.absoludev.ca\/#\/schema\/logo\/image\/","url":"https:\/\/www.dumoulinbicyclettes.com\/wp-content\/uploads\/2021\/04\/Logo.svg","contentUrl":"https:\/\/www.dumoulinbicyclettes.com\/wp-content\/uploads\/2021\/04\/Logo.svg","width":254,"height":86,"caption":"Dumoulin Bicyclettes"},"image":{"@id":"https:\/\/dumoulin.absoludev.ca\/#\/schema\/logo\/image\/"},"sameAs":["https:\/\/www.facebook.com\/dumoulinbicyclettes","https:\/\/www.instagram.com\/dumoulin.ca\/","https:\/\/www.youtube.com\/user\/dumoulinbicyclettes"]}]}},"_links":{"self":[{"href":"https:\/\/dumoulin.absoludev.ca\/en\/wp-json\/wp\/v2\/product\/75016","targetHints":{"allow":["GET"]}}],"collection":[{"href":"https:\/\/dumoulin.absoludev.ca\/en\/wp-json\/wp\/v2\/product"}],"about":[{"href":"https:\/\/dumoulin.absoludev.ca\/en\/wp-json\/wp\/v2\/types\/product"}],"wp:featuredmedia":[{"embeddable":true,"href":"https:\/\/dumoulin.absoludev.ca\/en\/wp-json\/wp\/v2\/media\/21145"}],"wp:attachment":[{"href":"https:\/\/dumoulin.absoludev.ca\/en\/wp-json\/wp\/v2\/media?parent=75016"}],"wp:term":[{"taxonomy":"product_brand","embeddable":true,"href":"https:\/\/dumoulin.absoludev.ca\/en\/wp-json\/wp\/v2\/product_brand?post=75016"},{"taxonomy":"product_cat","embeddable":true,"href":"https:\/\/dumoulin.absoludev.ca\/en\/wp-json\/wp\/v2\/product_cat?post=75016"},{"taxonomy":"product_tag","embeddable":true,"href":"https:\/\/dumoulin.absoludev.ca\/en\/wp-json\/wp\/v2\/product_tag?post=75016"},{"taxonomy":"marque-produit","embeddable":true,"href":"https:\/\/dumoulin.absoludev.ca\/en\/wp-json\/wp\/v2\/marque-produit?post=75016"},{"taxonomy":"collection-produit","embeddable":true,"href":"https:\/\/dumoulin.absoludev.ca\/en\/wp-json\/wp\/v2\/collection-produit?post=75016"},{"taxonomy":"type-surface-produit","embeddable":true,"href":"https:\/\/dumoulin.absoludev.ca\/en\/wp-json\/wp\/v2\/type-surface-produit?post=75016"},{"taxonomy":"type-velo-produit","embeddable":true,"href":"https:\/\/dumoulin.absoludev.ca\/en\/wp-json\/wp\/v2\/type-velo-produit?post=75016"},{"taxonomy":"vetement-produit","embeddable":true,"href":"https:\/\/dumoulin.absoludev.ca\/en\/wp-json\/wp\/v2\/vetement-produit?post=75016"},{"taxonomy":"thematique-produit","embeddable":true,"href":"https:\/\/dumoulin.absoludev.ca\/en\/wp-json\/wp\/v2\/thematique-produit?post=75016"},{"taxonomy":"position-sur-le-v\u00e9lo","embeddable":true,"href":"https:\/\/dumoulin.absoludev.ca\/en\/wp-json\/wp\/v2\/position-sur-le-v\u00e9lo?post=75016"}],"curies":[{"name":"wp","href":"https:\/\/api.w.org\/{rel}","templated":true}]}}