{"id":75014,"date":"2022-05-16T14:19:46","date_gmt":"2022-05-16T18:19:46","guid":{"rendered":"http:\/\/www.dumoulinbicyclettes.com\/?post_type=product&#038;p=75014"},"modified":"2025-09-04T14:14:06","modified_gmt":"2025-09-04T18:14:06","slug":"multi-outils-brompton-toolkit","status":"publish","type":"product","link":"https:\/\/dumoulin.absoludev.ca\/en\/produit\/multi-outils-brompton-toolkit\/","title":{"rendered":"Multi-outils Brompton &#8220;Toolkit&#8221;"},"content":{"rendered":"<p>Avec le mult-outils Brompton \u00abToolkit\u00bb, ayez toujours sur vous les outils n\u00e9cessaires pour parer \u00e0 toutes les \u00e9ventualit\u00e9s !<\/p>\n<p>Le multi-outils de Brompton se \u00abcache\u00bb ing\u00e9nieusement \u00e0 l&#8217;int\u00e9rieur du cadre. Il n&#8217;emp\u00eache pas le pliage et sait se faire oublier. Pourtant, il se rappelle \u00e0 votre bon souvenir en cas de p\u00e9pin mineur sur votre Brompton : crevaison, petits ajustements, serrer votre selle&#8230; Vous pourrez tout faire avec ces outils, ergonomiques et intelligents !<\/p>\n","protected":false},"excerpt":{"rendered":"<p>Avec le mult-outils Brompton \u00abToolkit\u00bb, ayez toujours sur vous les outils n\u00e9cessaires pour parer \u00e0 toutes les \u00e9ventualit\u00e9s ! Le multi-outils de Brompton se \u00abcache\u00bb ing\u00e9nieusement \u00e0 l&#8217;int\u00e9rieur du cadre. Il n&#8217;emp\u00eache pas le pliage et sait se faire oublier. Pourtant, il se rappelle \u00e0 votre bon souvenir en cas de p\u00e9pin mineur sur votre [&hellip;]<\/p>\n","protected":false},"featured_media":20986,"template":"","meta":{"_acf_changed":false},"product_brand":[],"product_cat":[184],"product_tag":[2242,2427],"marque-produit":[153],"collection-produit":[],"type-surface-produit":[],"type-velo-produit":[1253],"vetement-produit":[],"thematique-produit":[],"position-sur-le-v\u00e9lo":[],"class_list":{"0":"post-75014","1":"product","2":"type-product","3":"status-publish","4":"has-post-thumbnail","6":"product_cat-accessoires-pour-velo-pliable","7":"product_tag-brompton","8":"product_tag-toolkit","9":"marque-produit-brompton","10":"type-velo-produit-pliables","12":"first","13":"instock","14":"taxable","15":"shipping-taxable","16":"purchasable","17":"product-type-simple"},"acf":[],"yoast_head":"<!-- This site is optimized with the Yoast SEO plugin v24.3 - https:\/\/yoast.com\/wordpress\/plugins\/seo\/ -->\n<title>Multi-outils Brompton &quot;Toolkit&quot; - Dumoulin Bicyclettes<\/title>\n<meta name=\"description\" content=\"La boite \u00e0 outil &quot;Toolkit&quot; de Brompton vous accompagnera dans tous vos d\u00e9placements. Parfait pour r\u00e9parer les crevaisons ou ajuster votre v\u00e9lo.\" \/>\n<meta name=\"robots\" content=\"noindex, follow, max-snippet:-1, max-image-preview:large, max-video-preview:-1\" \/>\n<meta property=\"og:locale\" content=\"en_US\" \/>\n<meta property=\"og:type\" content=\"article\" \/>\n<meta property=\"og:title\" content=\"Multi-outils Brompton &quot;Toolkit&quot; - Dumoulin Bicyclettes\" \/>\n<meta property=\"og:description\" content=\"La boite \u00e0 outil &quot;Toolkit&quot; de Brompton vous accompagnera dans tous vos d\u00e9placements. Parfait pour r\u00e9parer les crevaisons ou ajuster votre v\u00e9lo.\" \/>\n<meta property=\"og:url\" content=\"https:\/\/dumoulin.absoludev.ca\/en\/produit\/multi-outils-brompton-toolkit\/\" \/>\n<meta property=\"og:site_name\" content=\"Dumoulin Bicyclettes\" \/>\n<meta property=\"article:publisher\" content=\"https:\/\/www.facebook.com\/dumoulinbicyclettes\" \/>\n<meta property=\"article:modified_time\" content=\"2025-09-04T18:14:06+00:00\" \/>\n<meta property=\"og:image\" content=\"https:\/\/dumoulin.absoludev.ca\/wp-content\/uploads\/2021\/10\/toolkit-1.jpg\" \/>\n\t<meta property=\"og:image:width\" content=\"700\" \/>\n\t<meta property=\"og:image:height\" content=\"500\" \/>\n\t<meta property=\"og:image:type\" content=\"image\/jpeg\" \/>\n<meta name=\"twitter:card\" content=\"summary_large_image\" \/>\n<meta name=\"twitter:label1\" content=\"Est. reading time\" \/>\n\t<meta name=\"twitter:data1\" content=\"1 minute\" \/>\n<script type=\"application\/ld+json\" class=\"yoast-schema-graph\">{\"@context\":\"https:\/\/schema.org\",\"@graph\":[{\"@type\":\"WebPage\",\"@id\":\"https:\/\/dumoulin.absoludev.ca\/en\/produit\/multi-outils-brompton-toolkit\/\",\"url\":\"https:\/\/dumoulin.absoludev.ca\/en\/produit\/multi-outils-brompton-toolkit\/\",\"name\":\"Multi-outils Brompton \\\"Toolkit\\\" - Dumoulin Bicyclettes\",\"isPartOf\":{\"@id\":\"https:\/\/dumoulin.absoludev.ca\/#website\"},\"primaryImageOfPage\":{\"@id\":\"https:\/\/dumoulin.absoludev.ca\/en\/produit\/multi-outils-brompton-toolkit\/#primaryimage\"},\"image\":{\"@id\":\"https:\/\/dumoulin.absoludev.ca\/en\/produit\/multi-outils-brompton-toolkit\/#primaryimage\"},\"thumbnailUrl\":\"https:\/\/dumoulin.absoludev.ca\/wp-content\/uploads\/2021\/10\/toolkit-1.jpg\",\"datePublished\":\"2022-05-16T18:19:46+00:00\",\"dateModified\":\"2025-09-04T18:14:06+00:00\",\"description\":\"La boite \u00e0 outil \\\"Toolkit\\\" de Brompton vous accompagnera dans tous vos d\u00e9placements. Parfait pour r\u00e9parer les crevaisons ou ajuster votre v\u00e9lo.\",\"breadcrumb\":{\"@id\":\"https:\/\/dumoulin.absoludev.ca\/en\/produit\/multi-outils-brompton-toolkit\/#breadcrumb\"},\"inLanguage\":\"en-US\",\"potentialAction\":[{\"@type\":\"ReadAction\",\"target\":[\"https:\/\/dumoulin.absoludev.ca\/en\/produit\/multi-outils-brompton-toolkit\/\"]}]},{\"@type\":\"ImageObject\",\"inLanguage\":\"en-US\",\"@id\":\"https:\/\/dumoulin.absoludev.ca\/en\/produit\/multi-outils-brompton-toolkit\/#primaryimage\",\"url\":\"https:\/\/dumoulin.absoludev.ca\/wp-content\/uploads\/2021\/10\/toolkit-1.jpg\",\"contentUrl\":\"https:\/\/dumoulin.absoludev.ca\/wp-content\/uploads\/2021\/10\/toolkit-1.jpg\",\"width\":700,\"height\":500},{\"@type\":\"BreadcrumbList\",\"@id\":\"https:\/\/dumoulin.absoludev.ca\/en\/produit\/multi-outils-brompton-toolkit\/#breadcrumb\",\"itemListElement\":[{\"@type\":\"ListItem\",\"position\":1,\"name\":\"Home\",\"item\":\"https:\/\/dumoulin.absoludev.ca\/en\/\"},{\"@type\":\"ListItem\",\"position\":2,\"name\":\"Shop\",\"item\":\"https:\/\/dumoulin.absoludev.ca\/en\/shop\/\"},{\"@type\":\"ListItem\",\"position\":3,\"name\":\"Multi-outils Brompton &#8220;Toolkit&#8221;\"}]},{\"@type\":\"WebSite\",\"@id\":\"https:\/\/dumoulin.absoludev.ca\/#website\",\"url\":\"https:\/\/dumoulin.absoludev.ca\/\",\"name\":\"Dumoulin Bicyclettes\",\"description\":\"\",\"publisher\":{\"@id\":\"https:\/\/dumoulin.absoludev.ca\/#organization\"},\"potentialAction\":[{\"@type\":\"SearchAction\",\"target\":{\"@type\":\"EntryPoint\",\"urlTemplate\":\"https:\/\/dumoulin.absoludev.ca\/?s={search_term_string}\"},\"query-input\":{\"@type\":\"PropertyValueSpecification\",\"valueRequired\":true,\"valueName\":\"search_term_string\"}}],\"inLanguage\":\"en-US\"},{\"@type\":\"Organization\",\"@id\":\"https:\/\/dumoulin.absoludev.ca\/#organization\",\"name\":\"Dumoulin Bicyclettes\",\"url\":\"https:\/\/dumoulin.absoludev.ca\/\",\"logo\":{\"@type\":\"ImageObject\",\"inLanguage\":\"en-US\",\"@id\":\"https:\/\/dumoulin.absoludev.ca\/#\/schema\/logo\/image\/\",\"url\":\"https:\/\/www.dumoulinbicyclettes.com\/wp-content\/uploads\/2021\/04\/Logo.svg\",\"contentUrl\":\"https:\/\/www.dumoulinbicyclettes.com\/wp-content\/uploads\/2021\/04\/Logo.svg\",\"width\":254,\"height\":86,\"caption\":\"Dumoulin Bicyclettes\"},\"image\":{\"@id\":\"https:\/\/dumoulin.absoludev.ca\/#\/schema\/logo\/image\/\"},\"sameAs\":[\"https:\/\/www.facebook.com\/dumoulinbicyclettes\",\"https:\/\/www.instagram.com\/dumoulin.ca\/\",\"https:\/\/www.youtube.com\/user\/dumoulinbicyclettes\"]}]}<\/script>\n<!-- \/ Yoast SEO plugin. -->","yoast_head_json":{"title":"Multi-outils Brompton \"Toolkit\" - Dumoulin Bicyclettes","description":"La boite \u00e0 outil \"Toolkit\" de Brompton vous accompagnera dans tous vos d\u00e9placements. Parfait pour r\u00e9parer les crevaisons ou ajuster votre v\u00e9lo.","robots":{"index":"noindex","follow":"follow","max-snippet":"max-snippet:-1","max-image-preview":"max-image-preview:large","max-video-preview":"max-video-preview:-1"},"og_locale":"en_US","og_type":"article","og_title":"Multi-outils Brompton \"Toolkit\" - Dumoulin Bicyclettes","og_description":"La boite \u00e0 outil \"Toolkit\" de Brompton vous accompagnera dans tous vos d\u00e9placements. Parfait pour r\u00e9parer les crevaisons ou ajuster votre v\u00e9lo.","og_url":"https:\/\/dumoulin.absoludev.ca\/en\/produit\/multi-outils-brompton-toolkit\/","og_site_name":"Dumoulin Bicyclettes","article_publisher":"https:\/\/www.facebook.com\/dumoulinbicyclettes","article_modified_time":"2025-09-04T18:14:06+00:00","og_image":[{"width":700,"height":500,"url":"https:\/\/dumoulin.absoludev.ca\/wp-content\/uploads\/2021\/10\/toolkit-1.jpg","type":"image\/jpeg"}],"twitter_card":"summary_large_image","twitter_misc":{"Est. reading time":"1 minute"},"schema":{"@context":"https:\/\/schema.org","@graph":[{"@type":"WebPage","@id":"https:\/\/dumoulin.absoludev.ca\/en\/produit\/multi-outils-brompton-toolkit\/","url":"https:\/\/dumoulin.absoludev.ca\/en\/produit\/multi-outils-brompton-toolkit\/","name":"Multi-outils Brompton \"Toolkit\" - Dumoulin Bicyclettes","isPartOf":{"@id":"https:\/\/dumoulin.absoludev.ca\/#website"},"primaryImageOfPage":{"@id":"https:\/\/dumoulin.absoludev.ca\/en\/produit\/multi-outils-brompton-toolkit\/#primaryimage"},"image":{"@id":"https:\/\/dumoulin.absoludev.ca\/en\/produit\/multi-outils-brompton-toolkit\/#primaryimage"},"thumbnailUrl":"https:\/\/dumoulin.absoludev.ca\/wp-content\/uploads\/2021\/10\/toolkit-1.jpg","datePublished":"2022-05-16T18:19:46+00:00","dateModified":"2025-09-04T18:14:06+00:00","description":"La boite \u00e0 outil \"Toolkit\" de Brompton vous accompagnera dans tous vos d\u00e9placements. Parfait pour r\u00e9parer les crevaisons ou ajuster votre v\u00e9lo.","breadcrumb":{"@id":"https:\/\/dumoulin.absoludev.ca\/en\/produit\/multi-outils-brompton-toolkit\/#breadcrumb"},"inLanguage":"en-US","potentialAction":[{"@type":"ReadAction","target":["https:\/\/dumoulin.absoludev.ca\/en\/produit\/multi-outils-brompton-toolkit\/"]}]},{"@type":"ImageObject","inLanguage":"en-US","@id":"https:\/\/dumoulin.absoludev.ca\/en\/produit\/multi-outils-brompton-toolkit\/#primaryimage","url":"https:\/\/dumoulin.absoludev.ca\/wp-content\/uploads\/2021\/10\/toolkit-1.jpg","contentUrl":"https:\/\/dumoulin.absoludev.ca\/wp-content\/uploads\/2021\/10\/toolkit-1.jpg","width":700,"height":500},{"@type":"BreadcrumbList","@id":"https:\/\/dumoulin.absoludev.ca\/en\/produit\/multi-outils-brompton-toolkit\/#breadcrumb","itemListElement":[{"@type":"ListItem","position":1,"name":"Home","item":"https:\/\/dumoulin.absoludev.ca\/en\/"},{"@type":"ListItem","position":2,"name":"Shop","item":"https:\/\/dumoulin.absoludev.ca\/en\/shop\/"},{"@type":"ListItem","position":3,"name":"Multi-outils Brompton &#8220;Toolkit&#8221;"}]},{"@type":"WebSite","@id":"https:\/\/dumoulin.absoludev.ca\/#website","url":"https:\/\/dumoulin.absoludev.ca\/","name":"Dumoulin Bicyclettes","description":"","publisher":{"@id":"https:\/\/dumoulin.absoludev.ca\/#organization"},"potentialAction":[{"@type":"SearchAction","target":{"@type":"EntryPoint","urlTemplate":"https:\/\/dumoulin.absoludev.ca\/?s={search_term_string}"},"query-input":{"@type":"PropertyValueSpecification","valueRequired":true,"valueName":"search_term_string"}}],"inLanguage":"en-US"},{"@type":"Organization","@id":"https:\/\/dumoulin.absoludev.ca\/#organization","name":"Dumoulin Bicyclettes","url":"https:\/\/dumoulin.absoludev.ca\/","logo":{"@type":"ImageObject","inLanguage":"en-US","@id":"https:\/\/dumoulin.absoludev.ca\/#\/schema\/logo\/image\/","url":"https:\/\/www.dumoulinbicyclettes.com\/wp-content\/uploads\/2021\/04\/Logo.svg","contentUrl":"https:\/\/www.dumoulinbicyclettes.com\/wp-content\/uploads\/2021\/04\/Logo.svg","width":254,"height":86,"caption":"Dumoulin Bicyclettes"},"image":{"@id":"https:\/\/dumoulin.absoludev.ca\/#\/schema\/logo\/image\/"},"sameAs":["https:\/\/www.facebook.com\/dumoulinbicyclettes","https:\/\/www.instagram.com\/dumoulin.ca\/","https:\/\/www.youtube.com\/user\/dumoulinbicyclettes"]}]}},"_links":{"self":[{"href":"https:\/\/dumoulin.absoludev.ca\/en\/wp-json\/wp\/v2\/product\/75014","targetHints":{"allow":["GET"]}}],"collection":[{"href":"https:\/\/dumoulin.absoludev.ca\/en\/wp-json\/wp\/v2\/product"}],"about":[{"href":"https:\/\/dumoulin.absoludev.ca\/en\/wp-json\/wp\/v2\/types\/product"}],"wp:featuredmedia":[{"embeddable":true,"href":"https:\/\/dumoulin.absoludev.ca\/en\/wp-json\/wp\/v2\/media\/20986"}],"wp:attachment":[{"href":"https:\/\/dumoulin.absoludev.ca\/en\/wp-json\/wp\/v2\/media?parent=75014"}],"wp:term":[{"taxonomy":"product_brand","embeddable":true,"href":"https:\/\/dumoulin.absoludev.ca\/en\/wp-json\/wp\/v2\/product_brand?post=75014"},{"taxonomy":"product_cat","embeddable":true,"href":"https:\/\/dumoulin.absoludev.ca\/en\/wp-json\/wp\/v2\/product_cat?post=75014"},{"taxonomy":"product_tag","embeddable":true,"href":"https:\/\/dumoulin.absoludev.ca\/en\/wp-json\/wp\/v2\/product_tag?post=75014"},{"taxonomy":"marque-produit","embeddable":true,"href":"https:\/\/dumoulin.absoludev.ca\/en\/wp-json\/wp\/v2\/marque-produit?post=75014"},{"taxonomy":"collection-produit","embeddable":true,"href":"https:\/\/dumoulin.absoludev.ca\/en\/wp-json\/wp\/v2\/collection-produit?post=75014"},{"taxonomy":"type-surface-produit","embeddable":true,"href":"https:\/\/dumoulin.absoludev.ca\/en\/wp-json\/wp\/v2\/type-surface-produit?post=75014"},{"taxonomy":"type-velo-produit","embeddable":true,"href":"https:\/\/dumoulin.absoludev.ca\/en\/wp-json\/wp\/v2\/type-velo-produit?post=75014"},{"taxonomy":"vetement-produit","embeddable":true,"href":"https:\/\/dumoulin.absoludev.ca\/en\/wp-json\/wp\/v2\/vetement-produit?post=75014"},{"taxonomy":"thematique-produit","embeddable":true,"href":"https:\/\/dumoulin.absoludev.ca\/en\/wp-json\/wp\/v2\/thematique-produit?post=75014"},{"taxonomy":"position-sur-le-v\u00e9lo","embeddable":true,"href":"https:\/\/dumoulin.absoludev.ca\/en\/wp-json\/wp\/v2\/position-sur-le-v\u00e9lo?post=75014"}],"curies":[{"name":"wp","href":"https:\/\/api.w.org\/{rel}","templated":true}]}}