{"id":74990,"date":"2022-05-16T14:19:43","date_gmt":"2022-05-16T18:19:43","guid":{"rendered":"http:\/\/www.dumoulinbicyclettes.com\/?post_type=product&#038;p=74990"},"modified":"2025-09-04T14:14:01","modified_gmt":"2025-09-04T18:14:01","slug":"antivol-de-roues-bike-attitude-pentagonale","status":"publish","type":"product","link":"https:\/\/dumoulin.absoludev.ca\/en\/produit\/antivol-de-roues-bike-attitude-pentagonale\/","title":{"rendered":"Antivol de roues et tige de selle Bike Attitude"},"content":{"rendered":"<p>L&#8217;ensemble d&#8217;attaches-rapides antivol pour roues et tige de selle Bike Attitude est une solution peu couteuse pour s\u00e9curiser les pi\u00e8ces parmi les plus dispendieuses de votre v\u00e9lo. La forme pentagonale des \u00e9crous n\u00e9cessite une cl\u00e9 sp\u00e9ciale \u00e0 5 c\u00f4t\u00e9s (fournie). De quoi \u00e9viter les vols d&#8217;opportunit\u00e9.<\/p>\n<p><\/p>\n","protected":false},"excerpt":{"rendered":"<p>L&#8217;ensemble d&#8217;attaches-rapides antivol pour roues et tige de selle Bike Attitude est une solution peu couteuse pour s\u00e9curiser les pi\u00e8ces parmi les plus dispendieuses de votre v\u00e9lo. La forme pentagonale des \u00e9crous n\u00e9cessite une cl\u00e9 sp\u00e9ciale \u00e0 5 c\u00f4t\u00e9s (fournie). De quoi \u00e9viter les vols d&#8217;opportunit\u00e9.<\/p>\n","protected":false},"featured_media":74991,"template":"","meta":{"_acf_changed":false},"product_brand":[],"product_cat":[190,206],"product_tag":[3324,3325],"marque-produit":[1407],"collection-produit":[],"type-surface-produit":[],"type-velo-produit":[],"vetement-produit":[],"thematique-produit":[],"position-sur-le-v\u00e9lo":[],"class_list":{"0":"post-74990","1":"product","2":"type-product","3":"status-publish","4":"has-post-thumbnail","6":"product_cat-cadenas","7":"product_cat-cadenas-de-roue","8":"product_tag-antivol-de-roues","9":"product_tag-bike-attitude","10":"marque-produit-bike-attitude","12":"first","13":"instock","14":"taxable","15":"shipping-taxable","16":"purchasable","17":"product-type-simple"},"acf":[],"yoast_head":"<!-- This site is optimized with the Yoast SEO plugin v24.3 - https:\/\/yoast.com\/wordpress\/plugins\/seo\/ -->\n<title>Antivol de roues et tige de selle Bike Attitude - Dumoulin Bicyclettes<\/title>\n<meta name=\"description\" content=\"L&#039;ensemble d&#039;attaches-rapides antivol pour roues et tige de selle Bike Attitude est une solution peu couteuse pour s\u00e9curiser les pi\u00e8ces parmi les plus dispendieuses de votre v\u00e9lo.\" \/>\n<meta name=\"robots\" content=\"noindex, follow, max-snippet:-1, max-image-preview:large, max-video-preview:-1\" \/>\n<meta property=\"og:locale\" content=\"en_US\" \/>\n<meta property=\"og:type\" content=\"article\" \/>\n<meta property=\"og:title\" content=\"Antivol de roues et tige de selle Bike Attitude - Dumoulin Bicyclettes\" \/>\n<meta property=\"og:description\" content=\"L&#039;ensemble d&#039;attaches-rapides antivol pour roues et tige de selle Bike Attitude est une solution peu couteuse pour s\u00e9curiser les pi\u00e8ces parmi les plus dispendieuses de votre v\u00e9lo.\" \/>\n<meta property=\"og:url\" content=\"https:\/\/dumoulin.absoludev.ca\/en\/produit\/antivol-de-roues-bike-attitude-pentagonale\/\" \/>\n<meta property=\"og:site_name\" content=\"Dumoulin Bicyclettes\" \/>\n<meta property=\"article:publisher\" content=\"https:\/\/www.facebook.com\/dumoulinbicyclettes\" \/>\n<meta property=\"article:modified_time\" content=\"2025-09-04T18:14:01+00:00\" \/>\n<meta property=\"og:image\" content=\"https:\/\/dumoulin.absoludev.ca\/wp-content\/uploads\/2022\/05\/a817d6a2-4a20-41bc-81f7-139227c19840-1.png\" \/>\n\t<meta property=\"og:image:width\" content=\"387\" \/>\n\t<meta property=\"og:image:height\" content=\"1024\" \/>\n\t<meta property=\"og:image:type\" content=\"image\/png\" \/>\n<meta name=\"twitter:card\" content=\"summary_large_image\" \/>\n<meta name=\"twitter:label1\" content=\"Est. reading time\" \/>\n\t<meta name=\"twitter:data1\" content=\"1 minute\" \/>\n<script type=\"application\/ld+json\" class=\"yoast-schema-graph\">{\"@context\":\"https:\/\/schema.org\",\"@graph\":[{\"@type\":\"WebPage\",\"@id\":\"https:\/\/dumoulin.absoludev.ca\/en\/produit\/antivol-de-roues-bike-attitude-pentagonale\/\",\"url\":\"https:\/\/dumoulin.absoludev.ca\/en\/produit\/antivol-de-roues-bike-attitude-pentagonale\/\",\"name\":\"Antivol de roues et tige de selle Bike Attitude - Dumoulin Bicyclettes\",\"isPartOf\":{\"@id\":\"https:\/\/dumoulin.absoludev.ca\/#website\"},\"primaryImageOfPage\":{\"@id\":\"https:\/\/dumoulin.absoludev.ca\/en\/produit\/antivol-de-roues-bike-attitude-pentagonale\/#primaryimage\"},\"image\":{\"@id\":\"https:\/\/dumoulin.absoludev.ca\/en\/produit\/antivol-de-roues-bike-attitude-pentagonale\/#primaryimage\"},\"thumbnailUrl\":\"https:\/\/dumoulin.absoludev.ca\/wp-content\/uploads\/2022\/05\/a817d6a2-4a20-41bc-81f7-139227c19840-1.png\",\"datePublished\":\"2022-05-16T18:19:43+00:00\",\"dateModified\":\"2025-09-04T18:14:01+00:00\",\"description\":\"L'ensemble d'attaches-rapides antivol pour roues et tige de selle Bike Attitude est une solution peu couteuse pour s\u00e9curiser les pi\u00e8ces parmi les plus dispendieuses de votre v\u00e9lo.\",\"breadcrumb\":{\"@id\":\"https:\/\/dumoulin.absoludev.ca\/en\/produit\/antivol-de-roues-bike-attitude-pentagonale\/#breadcrumb\"},\"inLanguage\":\"en-US\",\"potentialAction\":[{\"@type\":\"ReadAction\",\"target\":[\"https:\/\/dumoulin.absoludev.ca\/en\/produit\/antivol-de-roues-bike-attitude-pentagonale\/\"]}]},{\"@type\":\"ImageObject\",\"inLanguage\":\"en-US\",\"@id\":\"https:\/\/dumoulin.absoludev.ca\/en\/produit\/antivol-de-roues-bike-attitude-pentagonale\/#primaryimage\",\"url\":\"https:\/\/dumoulin.absoludev.ca\/wp-content\/uploads\/2022\/05\/a817d6a2-4a20-41bc-81f7-139227c19840-1.png\",\"contentUrl\":\"https:\/\/dumoulin.absoludev.ca\/wp-content\/uploads\/2022\/05\/a817d6a2-4a20-41bc-81f7-139227c19840-1.png\",\"width\":387,\"height\":1024},{\"@type\":\"BreadcrumbList\",\"@id\":\"https:\/\/dumoulin.absoludev.ca\/en\/produit\/antivol-de-roues-bike-attitude-pentagonale\/#breadcrumb\",\"itemListElement\":[{\"@type\":\"ListItem\",\"position\":1,\"name\":\"Home\",\"item\":\"https:\/\/dumoulin.absoludev.ca\/en\/\"},{\"@type\":\"ListItem\",\"position\":2,\"name\":\"Shop\",\"item\":\"https:\/\/dumoulin.absoludev.ca\/en\/shop\/\"},{\"@type\":\"ListItem\",\"position\":3,\"name\":\"Antivol de roues et tige de selle Bike Attitude\"}]},{\"@type\":\"WebSite\",\"@id\":\"https:\/\/dumoulin.absoludev.ca\/#website\",\"url\":\"https:\/\/dumoulin.absoludev.ca\/\",\"name\":\"Dumoulin Bicyclettes\",\"description\":\"\",\"publisher\":{\"@id\":\"https:\/\/dumoulin.absoludev.ca\/#organization\"},\"potentialAction\":[{\"@type\":\"SearchAction\",\"target\":{\"@type\":\"EntryPoint\",\"urlTemplate\":\"https:\/\/dumoulin.absoludev.ca\/?s={search_term_string}\"},\"query-input\":{\"@type\":\"PropertyValueSpecification\",\"valueRequired\":true,\"valueName\":\"search_term_string\"}}],\"inLanguage\":\"en-US\"},{\"@type\":\"Organization\",\"@id\":\"https:\/\/dumoulin.absoludev.ca\/#organization\",\"name\":\"Dumoulin Bicyclettes\",\"url\":\"https:\/\/dumoulin.absoludev.ca\/\",\"logo\":{\"@type\":\"ImageObject\",\"inLanguage\":\"en-US\",\"@id\":\"https:\/\/dumoulin.absoludev.ca\/#\/schema\/logo\/image\/\",\"url\":\"https:\/\/www.dumoulinbicyclettes.com\/wp-content\/uploads\/2021\/04\/Logo.svg\",\"contentUrl\":\"https:\/\/www.dumoulinbicyclettes.com\/wp-content\/uploads\/2021\/04\/Logo.svg\",\"width\":254,\"height\":86,\"caption\":\"Dumoulin Bicyclettes\"},\"image\":{\"@id\":\"https:\/\/dumoulin.absoludev.ca\/#\/schema\/logo\/image\/\"},\"sameAs\":[\"https:\/\/www.facebook.com\/dumoulinbicyclettes\",\"https:\/\/www.instagram.com\/dumoulin.ca\/\",\"https:\/\/www.youtube.com\/user\/dumoulinbicyclettes\"]}]}<\/script>\n<!-- \/ Yoast SEO plugin. -->","yoast_head_json":{"title":"Antivol de roues et tige de selle Bike Attitude - Dumoulin Bicyclettes","description":"L'ensemble d'attaches-rapides antivol pour roues et tige de selle Bike Attitude est une solution peu couteuse pour s\u00e9curiser les pi\u00e8ces parmi les plus dispendieuses de votre v\u00e9lo.","robots":{"index":"noindex","follow":"follow","max-snippet":"max-snippet:-1","max-image-preview":"max-image-preview:large","max-video-preview":"max-video-preview:-1"},"og_locale":"en_US","og_type":"article","og_title":"Antivol de roues et tige de selle Bike Attitude - Dumoulin Bicyclettes","og_description":"L'ensemble d'attaches-rapides antivol pour roues et tige de selle Bike Attitude est une solution peu couteuse pour s\u00e9curiser les pi\u00e8ces parmi les plus dispendieuses de votre v\u00e9lo.","og_url":"https:\/\/dumoulin.absoludev.ca\/en\/produit\/antivol-de-roues-bike-attitude-pentagonale\/","og_site_name":"Dumoulin Bicyclettes","article_publisher":"https:\/\/www.facebook.com\/dumoulinbicyclettes","article_modified_time":"2025-09-04T18:14:01+00:00","og_image":[{"width":387,"height":1024,"url":"https:\/\/dumoulin.absoludev.ca\/wp-content\/uploads\/2022\/05\/a817d6a2-4a20-41bc-81f7-139227c19840-1.png","type":"image\/png"}],"twitter_card":"summary_large_image","twitter_misc":{"Est. reading time":"1 minute"},"schema":{"@context":"https:\/\/schema.org","@graph":[{"@type":"WebPage","@id":"https:\/\/dumoulin.absoludev.ca\/en\/produit\/antivol-de-roues-bike-attitude-pentagonale\/","url":"https:\/\/dumoulin.absoludev.ca\/en\/produit\/antivol-de-roues-bike-attitude-pentagonale\/","name":"Antivol de roues et tige de selle Bike Attitude - Dumoulin Bicyclettes","isPartOf":{"@id":"https:\/\/dumoulin.absoludev.ca\/#website"},"primaryImageOfPage":{"@id":"https:\/\/dumoulin.absoludev.ca\/en\/produit\/antivol-de-roues-bike-attitude-pentagonale\/#primaryimage"},"image":{"@id":"https:\/\/dumoulin.absoludev.ca\/en\/produit\/antivol-de-roues-bike-attitude-pentagonale\/#primaryimage"},"thumbnailUrl":"https:\/\/dumoulin.absoludev.ca\/wp-content\/uploads\/2022\/05\/a817d6a2-4a20-41bc-81f7-139227c19840-1.png","datePublished":"2022-05-16T18:19:43+00:00","dateModified":"2025-09-04T18:14:01+00:00","description":"L'ensemble d'attaches-rapides antivol pour roues et tige de selle Bike Attitude est une solution peu couteuse pour s\u00e9curiser les pi\u00e8ces parmi les plus dispendieuses de votre v\u00e9lo.","breadcrumb":{"@id":"https:\/\/dumoulin.absoludev.ca\/en\/produit\/antivol-de-roues-bike-attitude-pentagonale\/#breadcrumb"},"inLanguage":"en-US","potentialAction":[{"@type":"ReadAction","target":["https:\/\/dumoulin.absoludev.ca\/en\/produit\/antivol-de-roues-bike-attitude-pentagonale\/"]}]},{"@type":"ImageObject","inLanguage":"en-US","@id":"https:\/\/dumoulin.absoludev.ca\/en\/produit\/antivol-de-roues-bike-attitude-pentagonale\/#primaryimage","url":"https:\/\/dumoulin.absoludev.ca\/wp-content\/uploads\/2022\/05\/a817d6a2-4a20-41bc-81f7-139227c19840-1.png","contentUrl":"https:\/\/dumoulin.absoludev.ca\/wp-content\/uploads\/2022\/05\/a817d6a2-4a20-41bc-81f7-139227c19840-1.png","width":387,"height":1024},{"@type":"BreadcrumbList","@id":"https:\/\/dumoulin.absoludev.ca\/en\/produit\/antivol-de-roues-bike-attitude-pentagonale\/#breadcrumb","itemListElement":[{"@type":"ListItem","position":1,"name":"Home","item":"https:\/\/dumoulin.absoludev.ca\/en\/"},{"@type":"ListItem","position":2,"name":"Shop","item":"https:\/\/dumoulin.absoludev.ca\/en\/shop\/"},{"@type":"ListItem","position":3,"name":"Antivol de roues et tige de selle Bike Attitude"}]},{"@type":"WebSite","@id":"https:\/\/dumoulin.absoludev.ca\/#website","url":"https:\/\/dumoulin.absoludev.ca\/","name":"Dumoulin Bicyclettes","description":"","publisher":{"@id":"https:\/\/dumoulin.absoludev.ca\/#organization"},"potentialAction":[{"@type":"SearchAction","target":{"@type":"EntryPoint","urlTemplate":"https:\/\/dumoulin.absoludev.ca\/?s={search_term_string}"},"query-input":{"@type":"PropertyValueSpecification","valueRequired":true,"valueName":"search_term_string"}}],"inLanguage":"en-US"},{"@type":"Organization","@id":"https:\/\/dumoulin.absoludev.ca\/#organization","name":"Dumoulin Bicyclettes","url":"https:\/\/dumoulin.absoludev.ca\/","logo":{"@type":"ImageObject","inLanguage":"en-US","@id":"https:\/\/dumoulin.absoludev.ca\/#\/schema\/logo\/image\/","url":"https:\/\/www.dumoulinbicyclettes.com\/wp-content\/uploads\/2021\/04\/Logo.svg","contentUrl":"https:\/\/www.dumoulinbicyclettes.com\/wp-content\/uploads\/2021\/04\/Logo.svg","width":254,"height":86,"caption":"Dumoulin Bicyclettes"},"image":{"@id":"https:\/\/dumoulin.absoludev.ca\/#\/schema\/logo\/image\/"},"sameAs":["https:\/\/www.facebook.com\/dumoulinbicyclettes","https:\/\/www.instagram.com\/dumoulin.ca\/","https:\/\/www.youtube.com\/user\/dumoulinbicyclettes"]}]}},"_links":{"self":[{"href":"https:\/\/dumoulin.absoludev.ca\/en\/wp-json\/wp\/v2\/product\/74990","targetHints":{"allow":["GET"]}}],"collection":[{"href":"https:\/\/dumoulin.absoludev.ca\/en\/wp-json\/wp\/v2\/product"}],"about":[{"href":"https:\/\/dumoulin.absoludev.ca\/en\/wp-json\/wp\/v2\/types\/product"}],"wp:featuredmedia":[{"embeddable":true,"href":"https:\/\/dumoulin.absoludev.ca\/en\/wp-json\/wp\/v2\/media\/74991"}],"wp:attachment":[{"href":"https:\/\/dumoulin.absoludev.ca\/en\/wp-json\/wp\/v2\/media?parent=74990"}],"wp:term":[{"taxonomy":"product_brand","embeddable":true,"href":"https:\/\/dumoulin.absoludev.ca\/en\/wp-json\/wp\/v2\/product_brand?post=74990"},{"taxonomy":"product_cat","embeddable":true,"href":"https:\/\/dumoulin.absoludev.ca\/en\/wp-json\/wp\/v2\/product_cat?post=74990"},{"taxonomy":"product_tag","embeddable":true,"href":"https:\/\/dumoulin.absoludev.ca\/en\/wp-json\/wp\/v2\/product_tag?post=74990"},{"taxonomy":"marque-produit","embeddable":true,"href":"https:\/\/dumoulin.absoludev.ca\/en\/wp-json\/wp\/v2\/marque-produit?post=74990"},{"taxonomy":"collection-produit","embeddable":true,"href":"https:\/\/dumoulin.absoludev.ca\/en\/wp-json\/wp\/v2\/collection-produit?post=74990"},{"taxonomy":"type-surface-produit","embeddable":true,"href":"https:\/\/dumoulin.absoludev.ca\/en\/wp-json\/wp\/v2\/type-surface-produit?post=74990"},{"taxonomy":"type-velo-produit","embeddable":true,"href":"https:\/\/dumoulin.absoludev.ca\/en\/wp-json\/wp\/v2\/type-velo-produit?post=74990"},{"taxonomy":"vetement-produit","embeddable":true,"href":"https:\/\/dumoulin.absoludev.ca\/en\/wp-json\/wp\/v2\/vetement-produit?post=74990"},{"taxonomy":"thematique-produit","embeddable":true,"href":"https:\/\/dumoulin.absoludev.ca\/en\/wp-json\/wp\/v2\/thematique-produit?post=74990"},{"taxonomy":"position-sur-le-v\u00e9lo","embeddable":true,"href":"https:\/\/dumoulin.absoludev.ca\/en\/wp-json\/wp\/v2\/position-sur-le-v\u00e9lo?post=74990"}],"curies":[{"name":"wp","href":"https:\/\/api.w.org\/{rel}","templated":true}]}}