{"id":74939,"date":"2022-05-16T14:19:32","date_gmt":"2022-05-16T18:19:32","guid":{"rendered":"http:\/\/www.dumoulinbicyclettes.com\/?post_type=product&#038;p=74939"},"modified":"2025-09-04T14:13:57","modified_gmt":"2025-09-04T18:13:57","slug":"tern-marche-pieds-sidekick-wide-deck-gsd-gen2","status":"publish","type":"product","link":"https:\/\/dumoulin.absoludev.ca\/en\/produit\/tern-marche-pieds-sidekick-wide-deck-gsd-gen2\/","title":{"rendered":"Marche-pieds Tern \u00ab Sidecick Wide Deck \u00bb"},"content":{"rendered":"<p>Les \u00ab Sidecick Wide Deck \u00bb se posent sur les repose-pieds du Tern GSD de 2e g\u00e9n\u00e9ration. Ils permettent d&#8217;\u00e9largir cette plateforme de 12 cm, ce qui amplifie le confort et la s\u00e9curit\u00e9 du v\u00e9lo.<\/p>\n<p>Excellent pour coupler avec la chaise du Capitaine (\u00abcapt&#8217;ain chair\u00bb) ou les sacoches \u00ab Cargo Hold \u00bb.<\/p>\n","protected":false},"excerpt":{"rendered":"<p>Les \u00ab Sidecick Wide Deck \u00bb se posent sur les repose-pieds du Tern GSD de 2e g\u00e9n\u00e9ration. Ils permettent d&#8217;\u00e9largir cette plateforme de 12 cm, ce qui amplifie le confort et la s\u00e9curit\u00e9 du v\u00e9lo. Excellent pour coupler avec la chaise du Capitaine (\u00abcapt&#8217;ain chair\u00bb) ou les sacoches \u00ab Cargo Hold \u00bb.<\/p>\n","protected":false},"featured_media":22372,"template":"","meta":{"_acf_changed":false},"product_brand":[],"product_cat":[2509],"product_tag":[3101,2560,2203],"marque-produit":[154],"collection-produit":[2843],"type-surface-produit":[],"type-velo-produit":[],"vetement-produit":[],"thematique-produit":[],"position-sur-le-v\u00e9lo":[],"class_list":{"0":"post-74939","1":"product","2":"type-product","3":"status-publish","4":"has-post-thumbnail","6":"product_cat-tern","7":"product_tag-repose-pieds","8":"product_tag-sidekick-widedeck","9":"product_tag-tern","10":"marque-produit-tern","11":"collection-produit-tern-gsd","13":"first","14":"instock","15":"taxable","16":"shipping-taxable","17":"purchasable","18":"product-type-simple"},"acf":[],"yoast_head":"<!-- This site is optimized with the Yoast SEO plugin v24.3 - https:\/\/yoast.com\/wordpress\/plugins\/seo\/ -->\n<title>Marche-pieds Tern \u00ab Sidecick Wide Deck \u00bb - Dumoulin Bicyclettes<\/title>\n<meta name=\"description\" content=\"Les \u00ab Sidecick Wide Deck \u00bb se posent sur les repose-pieds du Tern GSD de 2e g\u00e9n\u00e9ration pour \u00e9largir cette plateforme de 12 cm.\" \/>\n<meta name=\"robots\" content=\"noindex, follow, max-snippet:-1, max-image-preview:large, max-video-preview:-1\" \/>\n<meta property=\"og:locale\" content=\"en_US\" \/>\n<meta property=\"og:type\" content=\"article\" \/>\n<meta property=\"og:title\" content=\"Marche-pieds Tern \u00ab Sidecick Wide Deck \u00bb - Dumoulin Bicyclettes\" \/>\n<meta property=\"og:description\" content=\"Les \u00ab Sidecick Wide Deck \u00bb se posent sur les repose-pieds du Tern GSD de 2e g\u00e9n\u00e9ration pour \u00e9largir cette plateforme de 12 cm.\" \/>\n<meta property=\"og:url\" content=\"https:\/\/dumoulin.absoludev.ca\/en\/produit\/tern-marche-pieds-sidekick-wide-deck-gsd-gen2\/\" \/>\n<meta property=\"og:site_name\" content=\"Dumoulin Bicyclettes\" \/>\n<meta property=\"article:publisher\" content=\"https:\/\/www.facebook.com\/dumoulinbicyclettes\" \/>\n<meta property=\"article:modified_time\" content=\"2025-09-04T18:13:57+00:00\" \/>\n<meta property=\"og:image\" content=\"https:\/\/dumoulin.absoludev.ca\/wp-content\/uploads\/2021\/11\/tn-gsd-s10-sidekick-widedeck-front-web.jpg\" \/>\n\t<meta property=\"og:image:width\" content=\"1200\" \/>\n\t<meta property=\"og:image:height\" content=\"799\" \/>\n\t<meta property=\"og:image:type\" content=\"image\/jpeg\" \/>\n<meta name=\"twitter:card\" content=\"summary_large_image\" \/>\n<meta name=\"twitter:label1\" content=\"Est. reading time\" \/>\n\t<meta name=\"twitter:data1\" content=\"1 minute\" \/>\n<script type=\"application\/ld+json\" class=\"yoast-schema-graph\">{\"@context\":\"https:\/\/schema.org\",\"@graph\":[{\"@type\":\"WebPage\",\"@id\":\"https:\/\/dumoulin.absoludev.ca\/en\/produit\/tern-marche-pieds-sidekick-wide-deck-gsd-gen2\/\",\"url\":\"https:\/\/dumoulin.absoludev.ca\/en\/produit\/tern-marche-pieds-sidekick-wide-deck-gsd-gen2\/\",\"name\":\"Marche-pieds Tern \u00ab Sidecick Wide Deck \u00bb - Dumoulin Bicyclettes\",\"isPartOf\":{\"@id\":\"https:\/\/dumoulin.absoludev.ca\/#website\"},\"primaryImageOfPage\":{\"@id\":\"https:\/\/dumoulin.absoludev.ca\/en\/produit\/tern-marche-pieds-sidekick-wide-deck-gsd-gen2\/#primaryimage\"},\"image\":{\"@id\":\"https:\/\/dumoulin.absoludev.ca\/en\/produit\/tern-marche-pieds-sidekick-wide-deck-gsd-gen2\/#primaryimage\"},\"thumbnailUrl\":\"https:\/\/dumoulin.absoludev.ca\/wp-content\/uploads\/2021\/11\/tn-gsd-s10-sidekick-widedeck-front-web.jpg\",\"datePublished\":\"2022-05-16T18:19:32+00:00\",\"dateModified\":\"2025-09-04T18:13:57+00:00\",\"description\":\"Les \u00ab Sidecick Wide Deck \u00bb se posent sur les repose-pieds du Tern GSD de 2e g\u00e9n\u00e9ration pour \u00e9largir cette plateforme de 12 cm.\",\"breadcrumb\":{\"@id\":\"https:\/\/dumoulin.absoludev.ca\/en\/produit\/tern-marche-pieds-sidekick-wide-deck-gsd-gen2\/#breadcrumb\"},\"inLanguage\":\"en-US\",\"potentialAction\":[{\"@type\":\"ReadAction\",\"target\":[\"https:\/\/dumoulin.absoludev.ca\/en\/produit\/tern-marche-pieds-sidekick-wide-deck-gsd-gen2\/\"]}]},{\"@type\":\"ImageObject\",\"inLanguage\":\"en-US\",\"@id\":\"https:\/\/dumoulin.absoludev.ca\/en\/produit\/tern-marche-pieds-sidekick-wide-deck-gsd-gen2\/#primaryimage\",\"url\":\"https:\/\/dumoulin.absoludev.ca\/wp-content\/uploads\/2021\/11\/tn-gsd-s10-sidekick-widedeck-front-web.jpg\",\"contentUrl\":\"https:\/\/dumoulin.absoludev.ca\/wp-content\/uploads\/2021\/11\/tn-gsd-s10-sidekick-widedeck-front-web.jpg\",\"width\":1200,\"height\":799,\"caption\":\"Tern_Sidekick_widedeck\"},{\"@type\":\"BreadcrumbList\",\"@id\":\"https:\/\/dumoulin.absoludev.ca\/en\/produit\/tern-marche-pieds-sidekick-wide-deck-gsd-gen2\/#breadcrumb\",\"itemListElement\":[{\"@type\":\"ListItem\",\"position\":1,\"name\":\"Home\",\"item\":\"https:\/\/dumoulin.absoludev.ca\/en\/\"},{\"@type\":\"ListItem\",\"position\":2,\"name\":\"Shop\",\"item\":\"https:\/\/dumoulin.absoludev.ca\/en\/shop\/\"},{\"@type\":\"ListItem\",\"position\":3,\"name\":\"Marche-pieds Tern \u00ab Sidecick Wide Deck \u00bb\"}]},{\"@type\":\"WebSite\",\"@id\":\"https:\/\/dumoulin.absoludev.ca\/#website\",\"url\":\"https:\/\/dumoulin.absoludev.ca\/\",\"name\":\"Dumoulin Bicyclettes\",\"description\":\"\",\"publisher\":{\"@id\":\"https:\/\/dumoulin.absoludev.ca\/#organization\"},\"potentialAction\":[{\"@type\":\"SearchAction\",\"target\":{\"@type\":\"EntryPoint\",\"urlTemplate\":\"https:\/\/dumoulin.absoludev.ca\/?s={search_term_string}\"},\"query-input\":{\"@type\":\"PropertyValueSpecification\",\"valueRequired\":true,\"valueName\":\"search_term_string\"}}],\"inLanguage\":\"en-US\"},{\"@type\":\"Organization\",\"@id\":\"https:\/\/dumoulin.absoludev.ca\/#organization\",\"name\":\"Dumoulin Bicyclettes\",\"url\":\"https:\/\/dumoulin.absoludev.ca\/\",\"logo\":{\"@type\":\"ImageObject\",\"inLanguage\":\"en-US\",\"@id\":\"https:\/\/dumoulin.absoludev.ca\/#\/schema\/logo\/image\/\",\"url\":\"https:\/\/www.dumoulinbicyclettes.com\/wp-content\/uploads\/2021\/04\/Logo.svg\",\"contentUrl\":\"https:\/\/www.dumoulinbicyclettes.com\/wp-content\/uploads\/2021\/04\/Logo.svg\",\"width\":254,\"height\":86,\"caption\":\"Dumoulin Bicyclettes\"},\"image\":{\"@id\":\"https:\/\/dumoulin.absoludev.ca\/#\/schema\/logo\/image\/\"},\"sameAs\":[\"https:\/\/www.facebook.com\/dumoulinbicyclettes\",\"https:\/\/www.instagram.com\/dumoulin.ca\/\",\"https:\/\/www.youtube.com\/user\/dumoulinbicyclettes\"]}]}<\/script>\n<!-- \/ Yoast SEO plugin. -->","yoast_head_json":{"title":"Marche-pieds Tern \u00ab Sidecick Wide Deck \u00bb - Dumoulin Bicyclettes","description":"Les \u00ab Sidecick Wide Deck \u00bb se posent sur les repose-pieds du Tern GSD de 2e g\u00e9n\u00e9ration pour \u00e9largir cette plateforme de 12 cm.","robots":{"index":"noindex","follow":"follow","max-snippet":"max-snippet:-1","max-image-preview":"max-image-preview:large","max-video-preview":"max-video-preview:-1"},"og_locale":"en_US","og_type":"article","og_title":"Marche-pieds Tern \u00ab Sidecick Wide Deck \u00bb - Dumoulin Bicyclettes","og_description":"Les \u00ab Sidecick Wide Deck \u00bb se posent sur les repose-pieds du Tern GSD de 2e g\u00e9n\u00e9ration pour \u00e9largir cette plateforme de 12 cm.","og_url":"https:\/\/dumoulin.absoludev.ca\/en\/produit\/tern-marche-pieds-sidekick-wide-deck-gsd-gen2\/","og_site_name":"Dumoulin Bicyclettes","article_publisher":"https:\/\/www.facebook.com\/dumoulinbicyclettes","article_modified_time":"2025-09-04T18:13:57+00:00","og_image":[{"width":1200,"height":799,"url":"https:\/\/dumoulin.absoludev.ca\/wp-content\/uploads\/2021\/11\/tn-gsd-s10-sidekick-widedeck-front-web.jpg","type":"image\/jpeg"}],"twitter_card":"summary_large_image","twitter_misc":{"Est. reading time":"1 minute"},"schema":{"@context":"https:\/\/schema.org","@graph":[{"@type":"WebPage","@id":"https:\/\/dumoulin.absoludev.ca\/en\/produit\/tern-marche-pieds-sidekick-wide-deck-gsd-gen2\/","url":"https:\/\/dumoulin.absoludev.ca\/en\/produit\/tern-marche-pieds-sidekick-wide-deck-gsd-gen2\/","name":"Marche-pieds Tern \u00ab Sidecick Wide Deck \u00bb - Dumoulin Bicyclettes","isPartOf":{"@id":"https:\/\/dumoulin.absoludev.ca\/#website"},"primaryImageOfPage":{"@id":"https:\/\/dumoulin.absoludev.ca\/en\/produit\/tern-marche-pieds-sidekick-wide-deck-gsd-gen2\/#primaryimage"},"image":{"@id":"https:\/\/dumoulin.absoludev.ca\/en\/produit\/tern-marche-pieds-sidekick-wide-deck-gsd-gen2\/#primaryimage"},"thumbnailUrl":"https:\/\/dumoulin.absoludev.ca\/wp-content\/uploads\/2021\/11\/tn-gsd-s10-sidekick-widedeck-front-web.jpg","datePublished":"2022-05-16T18:19:32+00:00","dateModified":"2025-09-04T18:13:57+00:00","description":"Les \u00ab Sidecick Wide Deck \u00bb se posent sur les repose-pieds du Tern GSD de 2e g\u00e9n\u00e9ration pour \u00e9largir cette plateforme de 12 cm.","breadcrumb":{"@id":"https:\/\/dumoulin.absoludev.ca\/en\/produit\/tern-marche-pieds-sidekick-wide-deck-gsd-gen2\/#breadcrumb"},"inLanguage":"en-US","potentialAction":[{"@type":"ReadAction","target":["https:\/\/dumoulin.absoludev.ca\/en\/produit\/tern-marche-pieds-sidekick-wide-deck-gsd-gen2\/"]}]},{"@type":"ImageObject","inLanguage":"en-US","@id":"https:\/\/dumoulin.absoludev.ca\/en\/produit\/tern-marche-pieds-sidekick-wide-deck-gsd-gen2\/#primaryimage","url":"https:\/\/dumoulin.absoludev.ca\/wp-content\/uploads\/2021\/11\/tn-gsd-s10-sidekick-widedeck-front-web.jpg","contentUrl":"https:\/\/dumoulin.absoludev.ca\/wp-content\/uploads\/2021\/11\/tn-gsd-s10-sidekick-widedeck-front-web.jpg","width":1200,"height":799,"caption":"Tern_Sidekick_widedeck"},{"@type":"BreadcrumbList","@id":"https:\/\/dumoulin.absoludev.ca\/en\/produit\/tern-marche-pieds-sidekick-wide-deck-gsd-gen2\/#breadcrumb","itemListElement":[{"@type":"ListItem","position":1,"name":"Home","item":"https:\/\/dumoulin.absoludev.ca\/en\/"},{"@type":"ListItem","position":2,"name":"Shop","item":"https:\/\/dumoulin.absoludev.ca\/en\/shop\/"},{"@type":"ListItem","position":3,"name":"Marche-pieds Tern \u00ab Sidecick Wide Deck \u00bb"}]},{"@type":"WebSite","@id":"https:\/\/dumoulin.absoludev.ca\/#website","url":"https:\/\/dumoulin.absoludev.ca\/","name":"Dumoulin Bicyclettes","description":"","publisher":{"@id":"https:\/\/dumoulin.absoludev.ca\/#organization"},"potentialAction":[{"@type":"SearchAction","target":{"@type":"EntryPoint","urlTemplate":"https:\/\/dumoulin.absoludev.ca\/?s={search_term_string}"},"query-input":{"@type":"PropertyValueSpecification","valueRequired":true,"valueName":"search_term_string"}}],"inLanguage":"en-US"},{"@type":"Organization","@id":"https:\/\/dumoulin.absoludev.ca\/#organization","name":"Dumoulin Bicyclettes","url":"https:\/\/dumoulin.absoludev.ca\/","logo":{"@type":"ImageObject","inLanguage":"en-US","@id":"https:\/\/dumoulin.absoludev.ca\/#\/schema\/logo\/image\/","url":"https:\/\/www.dumoulinbicyclettes.com\/wp-content\/uploads\/2021\/04\/Logo.svg","contentUrl":"https:\/\/www.dumoulinbicyclettes.com\/wp-content\/uploads\/2021\/04\/Logo.svg","width":254,"height":86,"caption":"Dumoulin Bicyclettes"},"image":{"@id":"https:\/\/dumoulin.absoludev.ca\/#\/schema\/logo\/image\/"},"sameAs":["https:\/\/www.facebook.com\/dumoulinbicyclettes","https:\/\/www.instagram.com\/dumoulin.ca\/","https:\/\/www.youtube.com\/user\/dumoulinbicyclettes"]}]}},"_links":{"self":[{"href":"https:\/\/dumoulin.absoludev.ca\/en\/wp-json\/wp\/v2\/product\/74939","targetHints":{"allow":["GET"]}}],"collection":[{"href":"https:\/\/dumoulin.absoludev.ca\/en\/wp-json\/wp\/v2\/product"}],"about":[{"href":"https:\/\/dumoulin.absoludev.ca\/en\/wp-json\/wp\/v2\/types\/product"}],"wp:featuredmedia":[{"embeddable":true,"href":"https:\/\/dumoulin.absoludev.ca\/en\/wp-json\/wp\/v2\/media\/22372"}],"wp:attachment":[{"href":"https:\/\/dumoulin.absoludev.ca\/en\/wp-json\/wp\/v2\/media?parent=74939"}],"wp:term":[{"taxonomy":"product_brand","embeddable":true,"href":"https:\/\/dumoulin.absoludev.ca\/en\/wp-json\/wp\/v2\/product_brand?post=74939"},{"taxonomy":"product_cat","embeddable":true,"href":"https:\/\/dumoulin.absoludev.ca\/en\/wp-json\/wp\/v2\/product_cat?post=74939"},{"taxonomy":"product_tag","embeddable":true,"href":"https:\/\/dumoulin.absoludev.ca\/en\/wp-json\/wp\/v2\/product_tag?post=74939"},{"taxonomy":"marque-produit","embeddable":true,"href":"https:\/\/dumoulin.absoludev.ca\/en\/wp-json\/wp\/v2\/marque-produit?post=74939"},{"taxonomy":"collection-produit","embeddable":true,"href":"https:\/\/dumoulin.absoludev.ca\/en\/wp-json\/wp\/v2\/collection-produit?post=74939"},{"taxonomy":"type-surface-produit","embeddable":true,"href":"https:\/\/dumoulin.absoludev.ca\/en\/wp-json\/wp\/v2\/type-surface-produit?post=74939"},{"taxonomy":"type-velo-produit","embeddable":true,"href":"https:\/\/dumoulin.absoludev.ca\/en\/wp-json\/wp\/v2\/type-velo-produit?post=74939"},{"taxonomy":"vetement-produit","embeddable":true,"href":"https:\/\/dumoulin.absoludev.ca\/en\/wp-json\/wp\/v2\/vetement-produit?post=74939"},{"taxonomy":"thematique-produit","embeddable":true,"href":"https:\/\/dumoulin.absoludev.ca\/en\/wp-json\/wp\/v2\/thematique-produit?post=74939"},{"taxonomy":"position-sur-le-v\u00e9lo","embeddable":true,"href":"https:\/\/dumoulin.absoludev.ca\/en\/wp-json\/wp\/v2\/position-sur-le-v\u00e9lo?post=74939"}],"curies":[{"name":"wp","href":"https:\/\/api.w.org\/{rel}","templated":true}]}}