{"id":74904,"date":"2022-05-16T14:19:24","date_gmt":"2022-05-16T18:19:24","guid":{"rendered":"http:\/\/www.dumoulinbicyclettes.com\/?post_type=product&#038;p=74904"},"modified":"2025-09-04T14:13:53","modified_gmt":"2025-09-04T18:13:53","slug":"bontrager-ion-100-r","status":"publish","type":"product","link":"https:\/\/dumoulin.absoludev.ca\/en\/produit\/bontrager-ion-100-r\/","title":{"rendered":"Lumi\u00e8re avant Bontrager ion 100R"},"content":{"rendered":"<p>Carr\u00e9e, la Bontrager Ion 100R est passe-partout. Elle est votre alli\u00e9e pour toutes ces fois o\u00f9 vous rentrez tard en \u00e9t\u00e9. Pour ces soirs qui tombent trop t\u00f4t sur votre randonn\u00e9e. Pour s\u00e9curiser vos trajets au quotidien durant les saisons plus froides.<\/p>\n<p>La lumi\u00e8re Bontrager Ion 100R est un classique de Dumoulin Bicyclettes, parce qu&#8217;elle a tout pour plaire aux cyclistes. Facile, fonctionnelle, jolie, durable.<\/p>\n","protected":false},"excerpt":{"rendered":"<p>Carr\u00e9e, la Bontrager Ion 100R est passe-partout. Elle est votre alli\u00e9e pour toutes ces fois o\u00f9 vous rentrez tard en \u00e9t\u00e9. Pour ces soirs qui tombent trop t\u00f4t sur votre randonn\u00e9e. Pour s\u00e9curiser vos trajets au quotidien durant les saisons plus froides. La lumi\u00e8re Bontrager Ion 100R est un classique de Dumoulin Bicyclettes, parce qu&#8217;elle [&hellip;]<\/p>\n","protected":false},"featured_media":74905,"template":"","meta":{"_acf_changed":false},"product_brand":[],"product_cat":[182,211,208,192],"product_tag":[3203,2298,2300,2299,2294,2301],"marque-produit":[1195],"collection-produit":[],"type-surface-produit":[],"type-velo-produit":[],"vetement-produit":[],"thematique-produit":[],"position-sur-le-v\u00e9lo":[],"class_list":{"0":"post-74904","1":"product","2":"type-product","3":"status-publish","4":"has-post-thumbnail","6":"product_cat-accessoires","7":"product_cat-avant","8":"product_cat-lumieres-de-velo","9":"product_cat-visibilite","10":"product_tag-avant","11":"product_tag-bontrager","12":"product_tag-eclairage","13":"product_tag-ion","14":"product_tag-lumiere","15":"product_tag-phare","16":"marque-produit-bontrager","18":"first","19":"instock","20":"taxable","21":"shipping-taxable","22":"purchasable","23":"product-type-simple"},"acf":[],"yoast_head":"<!-- This site is optimized with the Yoast SEO plugin v24.3 - https:\/\/yoast.com\/wordpress\/plugins\/seo\/ -->\n<title>Lumi\u00e8re avant Bontrager ion 100R - Dumoulin Bicyclettes<\/title>\n<meta name=\"description\" content=\"La lumi\u00e8re de v\u00e9lo Bontrager ion 100 R est un alli\u00e9 \u00e0 emporter partout pour s\u00e9curiser ses d\u00e9placements en v\u00e9lo. Facile, fonctionnelle, jolie et durable.\" \/>\n<meta name=\"robots\" content=\"noindex, follow, max-snippet:-1, max-image-preview:large, max-video-preview:-1\" \/>\n<meta property=\"og:locale\" content=\"en_US\" \/>\n<meta property=\"og:type\" content=\"article\" \/>\n<meta property=\"og:title\" content=\"Lumi\u00e8re avant Bontrager ion 100R - Dumoulin Bicyclettes\" \/>\n<meta property=\"og:description\" content=\"La lumi\u00e8re de v\u00e9lo Bontrager ion 100 R est un alli\u00e9 \u00e0 emporter partout pour s\u00e9curiser ses d\u00e9placements en v\u00e9lo. Facile, fonctionnelle, jolie et durable.\" \/>\n<meta property=\"og:url\" content=\"https:\/\/dumoulin.absoludev.ca\/en\/produit\/bontrager-ion-100-r\/\" \/>\n<meta property=\"og:site_name\" content=\"Dumoulin Bicyclettes\" \/>\n<meta property=\"article:publisher\" content=\"https:\/\/www.facebook.com\/dumoulinbicyclettes\" \/>\n<meta property=\"article:modified_time\" content=\"2025-09-04T18:13:53+00:00\" \/>\n<meta property=\"og:image\" content=\"https:\/\/dumoulin.absoludev.ca\/wp-content\/uploads\/2022\/05\/c319d3f1-339d-44a4-b874-ce4eef1ca6f7-1.png\" \/>\n\t<meta property=\"og:image:width\" content=\"720\" \/>\n\t<meta property=\"og:image:height\" content=\"720\" \/>\n\t<meta property=\"og:image:type\" content=\"image\/png\" \/>\n<meta name=\"twitter:card\" content=\"summary_large_image\" \/>\n<meta name=\"twitter:label1\" content=\"Est. reading time\" \/>\n\t<meta name=\"twitter:data1\" content=\"1 minute\" \/>\n<script type=\"application\/ld+json\" class=\"yoast-schema-graph\">{\"@context\":\"https:\/\/schema.org\",\"@graph\":[{\"@type\":\"WebPage\",\"@id\":\"https:\/\/dumoulin.absoludev.ca\/en\/produit\/bontrager-ion-100-r\/\",\"url\":\"https:\/\/dumoulin.absoludev.ca\/en\/produit\/bontrager-ion-100-r\/\",\"name\":\"Lumi\u00e8re avant Bontrager ion 100R - Dumoulin Bicyclettes\",\"isPartOf\":{\"@id\":\"https:\/\/dumoulin.absoludev.ca\/#website\"},\"primaryImageOfPage\":{\"@id\":\"https:\/\/dumoulin.absoludev.ca\/en\/produit\/bontrager-ion-100-r\/#primaryimage\"},\"image\":{\"@id\":\"https:\/\/dumoulin.absoludev.ca\/en\/produit\/bontrager-ion-100-r\/#primaryimage\"},\"thumbnailUrl\":\"https:\/\/dumoulin.absoludev.ca\/wp-content\/uploads\/2022\/05\/c319d3f1-339d-44a4-b874-ce4eef1ca6f7-1.png\",\"datePublished\":\"2022-05-16T18:19:24+00:00\",\"dateModified\":\"2025-09-04T18:13:53+00:00\",\"description\":\"La lumi\u00e8re de v\u00e9lo Bontrager ion 100 R est un alli\u00e9 \u00e0 emporter partout pour s\u00e9curiser ses d\u00e9placements en v\u00e9lo. Facile, fonctionnelle, jolie et durable.\",\"breadcrumb\":{\"@id\":\"https:\/\/dumoulin.absoludev.ca\/en\/produit\/bontrager-ion-100-r\/#breadcrumb\"},\"inLanguage\":\"en-US\",\"potentialAction\":[{\"@type\":\"ReadAction\",\"target\":[\"https:\/\/dumoulin.absoludev.ca\/en\/produit\/bontrager-ion-100-r\/\"]}]},{\"@type\":\"ImageObject\",\"inLanguage\":\"en-US\",\"@id\":\"https:\/\/dumoulin.absoludev.ca\/en\/produit\/bontrager-ion-100-r\/#primaryimage\",\"url\":\"https:\/\/dumoulin.absoludev.ca\/wp-content\/uploads\/2022\/05\/c319d3f1-339d-44a4-b874-ce4eef1ca6f7-1.png\",\"contentUrl\":\"https:\/\/dumoulin.absoludev.ca\/wp-content\/uploads\/2022\/05\/c319d3f1-339d-44a4-b874-ce4eef1ca6f7-1.png\",\"width\":720,\"height\":720,\"caption\":\"bontrager-ion-100r\"},{\"@type\":\"BreadcrumbList\",\"@id\":\"https:\/\/dumoulin.absoludev.ca\/en\/produit\/bontrager-ion-100-r\/#breadcrumb\",\"itemListElement\":[{\"@type\":\"ListItem\",\"position\":1,\"name\":\"Home\",\"item\":\"https:\/\/dumoulin.absoludev.ca\/en\/\"},{\"@type\":\"ListItem\",\"position\":2,\"name\":\"Shop\",\"item\":\"https:\/\/dumoulin.absoludev.ca\/en\/shop\/\"},{\"@type\":\"ListItem\",\"position\":3,\"name\":\"Lumi\u00e8re avant Bontrager ion 100R\"}]},{\"@type\":\"WebSite\",\"@id\":\"https:\/\/dumoulin.absoludev.ca\/#website\",\"url\":\"https:\/\/dumoulin.absoludev.ca\/\",\"name\":\"Dumoulin Bicyclettes\",\"description\":\"\",\"publisher\":{\"@id\":\"https:\/\/dumoulin.absoludev.ca\/#organization\"},\"potentialAction\":[{\"@type\":\"SearchAction\",\"target\":{\"@type\":\"EntryPoint\",\"urlTemplate\":\"https:\/\/dumoulin.absoludev.ca\/?s={search_term_string}\"},\"query-input\":{\"@type\":\"PropertyValueSpecification\",\"valueRequired\":true,\"valueName\":\"search_term_string\"}}],\"inLanguage\":\"en-US\"},{\"@type\":\"Organization\",\"@id\":\"https:\/\/dumoulin.absoludev.ca\/#organization\",\"name\":\"Dumoulin Bicyclettes\",\"url\":\"https:\/\/dumoulin.absoludev.ca\/\",\"logo\":{\"@type\":\"ImageObject\",\"inLanguage\":\"en-US\",\"@id\":\"https:\/\/dumoulin.absoludev.ca\/#\/schema\/logo\/image\/\",\"url\":\"https:\/\/www.dumoulinbicyclettes.com\/wp-content\/uploads\/2021\/04\/Logo.svg\",\"contentUrl\":\"https:\/\/www.dumoulinbicyclettes.com\/wp-content\/uploads\/2021\/04\/Logo.svg\",\"width\":254,\"height\":86,\"caption\":\"Dumoulin Bicyclettes\"},\"image\":{\"@id\":\"https:\/\/dumoulin.absoludev.ca\/#\/schema\/logo\/image\/\"},\"sameAs\":[\"https:\/\/www.facebook.com\/dumoulinbicyclettes\",\"https:\/\/www.instagram.com\/dumoulin.ca\/\",\"https:\/\/www.youtube.com\/user\/dumoulinbicyclettes\"]}]}<\/script>\n<!-- \/ Yoast SEO plugin. -->","yoast_head_json":{"title":"Lumi\u00e8re avant Bontrager ion 100R - Dumoulin Bicyclettes","description":"La lumi\u00e8re de v\u00e9lo Bontrager ion 100 R est un alli\u00e9 \u00e0 emporter partout pour s\u00e9curiser ses d\u00e9placements en v\u00e9lo. Facile, fonctionnelle, jolie et durable.","robots":{"index":"noindex","follow":"follow","max-snippet":"max-snippet:-1","max-image-preview":"max-image-preview:large","max-video-preview":"max-video-preview:-1"},"og_locale":"en_US","og_type":"article","og_title":"Lumi\u00e8re avant Bontrager ion 100R - Dumoulin Bicyclettes","og_description":"La lumi\u00e8re de v\u00e9lo Bontrager ion 100 R est un alli\u00e9 \u00e0 emporter partout pour s\u00e9curiser ses d\u00e9placements en v\u00e9lo. Facile, fonctionnelle, jolie et durable.","og_url":"https:\/\/dumoulin.absoludev.ca\/en\/produit\/bontrager-ion-100-r\/","og_site_name":"Dumoulin Bicyclettes","article_publisher":"https:\/\/www.facebook.com\/dumoulinbicyclettes","article_modified_time":"2025-09-04T18:13:53+00:00","og_image":[{"width":720,"height":720,"url":"https:\/\/dumoulin.absoludev.ca\/wp-content\/uploads\/2022\/05\/c319d3f1-339d-44a4-b874-ce4eef1ca6f7-1.png","type":"image\/png"}],"twitter_card":"summary_large_image","twitter_misc":{"Est. reading time":"1 minute"},"schema":{"@context":"https:\/\/schema.org","@graph":[{"@type":"WebPage","@id":"https:\/\/dumoulin.absoludev.ca\/en\/produit\/bontrager-ion-100-r\/","url":"https:\/\/dumoulin.absoludev.ca\/en\/produit\/bontrager-ion-100-r\/","name":"Lumi\u00e8re avant Bontrager ion 100R - Dumoulin Bicyclettes","isPartOf":{"@id":"https:\/\/dumoulin.absoludev.ca\/#website"},"primaryImageOfPage":{"@id":"https:\/\/dumoulin.absoludev.ca\/en\/produit\/bontrager-ion-100-r\/#primaryimage"},"image":{"@id":"https:\/\/dumoulin.absoludev.ca\/en\/produit\/bontrager-ion-100-r\/#primaryimage"},"thumbnailUrl":"https:\/\/dumoulin.absoludev.ca\/wp-content\/uploads\/2022\/05\/c319d3f1-339d-44a4-b874-ce4eef1ca6f7-1.png","datePublished":"2022-05-16T18:19:24+00:00","dateModified":"2025-09-04T18:13:53+00:00","description":"La lumi\u00e8re de v\u00e9lo Bontrager ion 100 R est un alli\u00e9 \u00e0 emporter partout pour s\u00e9curiser ses d\u00e9placements en v\u00e9lo. Facile, fonctionnelle, jolie et durable.","breadcrumb":{"@id":"https:\/\/dumoulin.absoludev.ca\/en\/produit\/bontrager-ion-100-r\/#breadcrumb"},"inLanguage":"en-US","potentialAction":[{"@type":"ReadAction","target":["https:\/\/dumoulin.absoludev.ca\/en\/produit\/bontrager-ion-100-r\/"]}]},{"@type":"ImageObject","inLanguage":"en-US","@id":"https:\/\/dumoulin.absoludev.ca\/en\/produit\/bontrager-ion-100-r\/#primaryimage","url":"https:\/\/dumoulin.absoludev.ca\/wp-content\/uploads\/2022\/05\/c319d3f1-339d-44a4-b874-ce4eef1ca6f7-1.png","contentUrl":"https:\/\/dumoulin.absoludev.ca\/wp-content\/uploads\/2022\/05\/c319d3f1-339d-44a4-b874-ce4eef1ca6f7-1.png","width":720,"height":720,"caption":"bontrager-ion-100r"},{"@type":"BreadcrumbList","@id":"https:\/\/dumoulin.absoludev.ca\/en\/produit\/bontrager-ion-100-r\/#breadcrumb","itemListElement":[{"@type":"ListItem","position":1,"name":"Home","item":"https:\/\/dumoulin.absoludev.ca\/en\/"},{"@type":"ListItem","position":2,"name":"Shop","item":"https:\/\/dumoulin.absoludev.ca\/en\/shop\/"},{"@type":"ListItem","position":3,"name":"Lumi\u00e8re avant Bontrager ion 100R"}]},{"@type":"WebSite","@id":"https:\/\/dumoulin.absoludev.ca\/#website","url":"https:\/\/dumoulin.absoludev.ca\/","name":"Dumoulin Bicyclettes","description":"","publisher":{"@id":"https:\/\/dumoulin.absoludev.ca\/#organization"},"potentialAction":[{"@type":"SearchAction","target":{"@type":"EntryPoint","urlTemplate":"https:\/\/dumoulin.absoludev.ca\/?s={search_term_string}"},"query-input":{"@type":"PropertyValueSpecification","valueRequired":true,"valueName":"search_term_string"}}],"inLanguage":"en-US"},{"@type":"Organization","@id":"https:\/\/dumoulin.absoludev.ca\/#organization","name":"Dumoulin Bicyclettes","url":"https:\/\/dumoulin.absoludev.ca\/","logo":{"@type":"ImageObject","inLanguage":"en-US","@id":"https:\/\/dumoulin.absoludev.ca\/#\/schema\/logo\/image\/","url":"https:\/\/www.dumoulinbicyclettes.com\/wp-content\/uploads\/2021\/04\/Logo.svg","contentUrl":"https:\/\/www.dumoulinbicyclettes.com\/wp-content\/uploads\/2021\/04\/Logo.svg","width":254,"height":86,"caption":"Dumoulin Bicyclettes"},"image":{"@id":"https:\/\/dumoulin.absoludev.ca\/#\/schema\/logo\/image\/"},"sameAs":["https:\/\/www.facebook.com\/dumoulinbicyclettes","https:\/\/www.instagram.com\/dumoulin.ca\/","https:\/\/www.youtube.com\/user\/dumoulinbicyclettes"]}]}},"_links":{"self":[{"href":"https:\/\/dumoulin.absoludev.ca\/en\/wp-json\/wp\/v2\/product\/74904","targetHints":{"allow":["GET"]}}],"collection":[{"href":"https:\/\/dumoulin.absoludev.ca\/en\/wp-json\/wp\/v2\/product"}],"about":[{"href":"https:\/\/dumoulin.absoludev.ca\/en\/wp-json\/wp\/v2\/types\/product"}],"wp:featuredmedia":[{"embeddable":true,"href":"https:\/\/dumoulin.absoludev.ca\/en\/wp-json\/wp\/v2\/media\/74905"}],"wp:attachment":[{"href":"https:\/\/dumoulin.absoludev.ca\/en\/wp-json\/wp\/v2\/media?parent=74904"}],"wp:term":[{"taxonomy":"product_brand","embeddable":true,"href":"https:\/\/dumoulin.absoludev.ca\/en\/wp-json\/wp\/v2\/product_brand?post=74904"},{"taxonomy":"product_cat","embeddable":true,"href":"https:\/\/dumoulin.absoludev.ca\/en\/wp-json\/wp\/v2\/product_cat?post=74904"},{"taxonomy":"product_tag","embeddable":true,"href":"https:\/\/dumoulin.absoludev.ca\/en\/wp-json\/wp\/v2\/product_tag?post=74904"},{"taxonomy":"marque-produit","embeddable":true,"href":"https:\/\/dumoulin.absoludev.ca\/en\/wp-json\/wp\/v2\/marque-produit?post=74904"},{"taxonomy":"collection-produit","embeddable":true,"href":"https:\/\/dumoulin.absoludev.ca\/en\/wp-json\/wp\/v2\/collection-produit?post=74904"},{"taxonomy":"type-surface-produit","embeddable":true,"href":"https:\/\/dumoulin.absoludev.ca\/en\/wp-json\/wp\/v2\/type-surface-produit?post=74904"},{"taxonomy":"type-velo-produit","embeddable":true,"href":"https:\/\/dumoulin.absoludev.ca\/en\/wp-json\/wp\/v2\/type-velo-produit?post=74904"},{"taxonomy":"vetement-produit","embeddable":true,"href":"https:\/\/dumoulin.absoludev.ca\/en\/wp-json\/wp\/v2\/vetement-produit?post=74904"},{"taxonomy":"thematique-produit","embeddable":true,"href":"https:\/\/dumoulin.absoludev.ca\/en\/wp-json\/wp\/v2\/thematique-produit?post=74904"},{"taxonomy":"position-sur-le-v\u00e9lo","embeddable":true,"href":"https:\/\/dumoulin.absoludev.ca\/en\/wp-json\/wp\/v2\/position-sur-le-v\u00e9lo?post=74904"}],"curies":[{"name":"wp","href":"https:\/\/api.w.org\/{rel}","templated":true}]}}