{"id":74889,"date":"2022-05-16T14:19:21","date_gmt":"2022-05-16T18:19:21","guid":{"rendered":"http:\/\/www.dumoulinbicyclettes.com\/?post_type=product&#038;p=74889"},"modified":"2025-09-04T14:13:49","modified_gmt":"2025-09-04T18:13:49","slug":"ensemble-de-lumieres-de-velo-bontrager-ion-200-flare-rt","status":"publish","type":"product","link":"https:\/\/dumoulin.absoludev.ca\/en\/produit\/ensemble-de-lumieres-de-velo-bontrager-ion-200-flare-rt\/","title":{"rendered":"Ensemble de lumi\u00e8res de v\u00e9lo Bontrager Ion 200 et Flare RT"},"content":{"rendered":"<p>Cet ensemble de lumi\u00e8res Bontrager Ion 200 et Flare RT est un outil parfait pour vos d\u00e9placements quotidiens.<\/p>\n<p>\u00catre vu sur la route, c&#8217;est augmenter son <a href=\"https:\/\/www.dumoulinbicyclettes.com\/adopter-la-conduite-defensive\/\" rel=\"noopener\" target=\"_blank\">sentiment de s\u00e9curit\u00e9<\/a>. Voir la route, c&#8217;est se donner plus de confiance. Allier les deux, c&#8217;est gagner en confort.<\/p>\n","protected":false},"excerpt":{"rendered":"<p>Cet ensemble de lumi\u00e8res Bontrager Ion 200 et Flare RT est un outil parfait pour vos d\u00e9placements quotidiens. \u00catre vu sur la route, c&#8217;est augmenter son sentiment de s\u00e9curit\u00e9. Voir la route, c&#8217;est se donner plus de confiance. Allier les deux, c&#8217;est gagner en confort.<\/p>\n","protected":false},"featured_media":175657,"template":"","meta":{"_acf_changed":false},"product_brand":[],"product_cat":[208,213,192],"product_tag":[2298,2300],"marque-produit":[1195],"collection-produit":[],"type-surface-produit":[],"type-velo-produit":[],"vetement-produit":[],"thematique-produit":[],"position-sur-le-v\u00e9lo":[],"class_list":{"0":"post-74889","1":"product","2":"type-product","3":"status-publish","4":"has-post-thumbnail","6":"product_cat-lumieres-de-velo","7":"product_cat-paire","8":"product_cat-visibilite","9":"product_tag-bontrager","10":"product_tag-eclairage","11":"marque-produit-bontrager","13":"first","14":"instock","15":"taxable","16":"shipping-taxable","17":"purchasable","18":"product-type-simple"},"acf":[],"yoast_head":"<!-- This site is optimized with the Yoast SEO plugin v24.3 - https:\/\/yoast.com\/wordpress\/plugins\/seo\/ -->\n<title>Ensemble de lumi\u00e8res de v\u00e9lo Bontrager Ion 200 et Flare RT |<\/title>\n<meta name=\"description\" content=\"Cet ensemble de lumi\u00e8res Bontrager Ion 200 et Flare RT se r\u00e9v\u00e8lent utiles au quotidien pour assurer s\u00e9curit\u00e9 et confort lors de vos trajets.\" \/>\n<meta name=\"robots\" content=\"noindex, follow, max-snippet:-1, max-image-preview:large, max-video-preview:-1\" \/>\n<meta property=\"og:locale\" content=\"en_US\" \/>\n<meta property=\"og:type\" content=\"article\" \/>\n<meta property=\"og:title\" content=\"Ensemble de lumi\u00e8res de v\u00e9lo Bontrager Ion 200 et Flare RT |\" \/>\n<meta property=\"og:description\" content=\"Cet ensemble de lumi\u00e8res Bontrager Ion 200 et Flare RT se r\u00e9v\u00e8lent utiles au quotidien pour assurer s\u00e9curit\u00e9 et confort lors de vos trajets.\" \/>\n<meta property=\"og:url\" content=\"https:\/\/dumoulin.absoludev.ca\/en\/produit\/ensemble-de-lumieres-de-velo-bontrager-ion-200-flare-rt\/\" \/>\n<meta property=\"og:site_name\" content=\"Dumoulin Bicyclettes\" \/>\n<meta property=\"article:publisher\" content=\"https:\/\/www.facebook.com\/dumoulinbicyclettes\" \/>\n<meta property=\"article:modified_time\" content=\"2025-09-04T18:13:49+00:00\" \/>\n<meta property=\"og:image\" content=\"https:\/\/dumoulin.absoludev.ca\/wp-content\/uploads\/2022\/05\/bontragerion200rtflarertset-23710-a-hero.jpg\" \/>\n\t<meta property=\"og:image:width\" content=\"1920\" \/>\n\t<meta property=\"og:image:height\" content=\"1440\" \/>\n\t<meta property=\"og:image:type\" content=\"image\/jpeg\" \/>\n<meta name=\"twitter:card\" content=\"summary_large_image\" \/>\n<script type=\"application\/ld+json\" class=\"yoast-schema-graph\">{\"@context\":\"https:\/\/schema.org\",\"@graph\":[{\"@type\":\"WebPage\",\"@id\":\"https:\/\/dumoulin.absoludev.ca\/en\/produit\/ensemble-de-lumieres-de-velo-bontrager-ion-200-flare-rt\/\",\"url\":\"https:\/\/dumoulin.absoludev.ca\/en\/produit\/ensemble-de-lumieres-de-velo-bontrager-ion-200-flare-rt\/\",\"name\":\"Ensemble de lumi\u00e8res de v\u00e9lo Bontrager Ion 200 et Flare RT |\",\"isPartOf\":{\"@id\":\"https:\/\/dumoulin.absoludev.ca\/#website\"},\"primaryImageOfPage\":{\"@id\":\"https:\/\/dumoulin.absoludev.ca\/en\/produit\/ensemble-de-lumieres-de-velo-bontrager-ion-200-flare-rt\/#primaryimage\"},\"image\":{\"@id\":\"https:\/\/dumoulin.absoludev.ca\/en\/produit\/ensemble-de-lumieres-de-velo-bontrager-ion-200-flare-rt\/#primaryimage\"},\"thumbnailUrl\":\"https:\/\/dumoulin.absoludev.ca\/wp-content\/uploads\/2022\/05\/bontragerion200rtflarertset-23710-a-hero.jpg\",\"datePublished\":\"2022-05-16T18:19:21+00:00\",\"dateModified\":\"2025-09-04T18:13:49+00:00\",\"description\":\"Cet ensemble de lumi\u00e8res Bontrager Ion 200 et Flare RT se r\u00e9v\u00e8lent utiles au quotidien pour assurer s\u00e9curit\u00e9 et confort lors de vos trajets.\",\"breadcrumb\":{\"@id\":\"https:\/\/dumoulin.absoludev.ca\/en\/produit\/ensemble-de-lumieres-de-velo-bontrager-ion-200-flare-rt\/#breadcrumb\"},\"inLanguage\":\"en-US\",\"potentialAction\":[{\"@type\":\"ReadAction\",\"target\":[\"https:\/\/dumoulin.absoludev.ca\/en\/produit\/ensemble-de-lumieres-de-velo-bontrager-ion-200-flare-rt\/\"]}]},{\"@type\":\"ImageObject\",\"inLanguage\":\"en-US\",\"@id\":\"https:\/\/dumoulin.absoludev.ca\/en\/produit\/ensemble-de-lumieres-de-velo-bontrager-ion-200-flare-rt\/#primaryimage\",\"url\":\"https:\/\/dumoulin.absoludev.ca\/wp-content\/uploads\/2022\/05\/bontragerion200rtflarertset-23710-a-hero.jpg\",\"contentUrl\":\"https:\/\/dumoulin.absoludev.ca\/wp-content\/uploads\/2022\/05\/bontragerion200rtflarertset-23710-a-hero.jpg\",\"width\":1920,\"height\":1440,\"caption\":\"lumieres-de-velo-bontrager-ion-200-rt-et-flare-rt\"},{\"@type\":\"BreadcrumbList\",\"@id\":\"https:\/\/dumoulin.absoludev.ca\/en\/produit\/ensemble-de-lumieres-de-velo-bontrager-ion-200-flare-rt\/#breadcrumb\",\"itemListElement\":[{\"@type\":\"ListItem\",\"position\":1,\"name\":\"Home\",\"item\":\"https:\/\/dumoulin.absoludev.ca\/en\/\"},{\"@type\":\"ListItem\",\"position\":2,\"name\":\"Shop\",\"item\":\"https:\/\/dumoulin.absoludev.ca\/en\/shop\/\"},{\"@type\":\"ListItem\",\"position\":3,\"name\":\"Ensemble de lumi\u00e8res de v\u00e9lo Bontrager Ion 200 et Flare RT\"}]},{\"@type\":\"WebSite\",\"@id\":\"https:\/\/dumoulin.absoludev.ca\/#website\",\"url\":\"https:\/\/dumoulin.absoludev.ca\/\",\"name\":\"Dumoulin Bicyclettes\",\"description\":\"\",\"publisher\":{\"@id\":\"https:\/\/dumoulin.absoludev.ca\/#organization\"},\"potentialAction\":[{\"@type\":\"SearchAction\",\"target\":{\"@type\":\"EntryPoint\",\"urlTemplate\":\"https:\/\/dumoulin.absoludev.ca\/?s={search_term_string}\"},\"query-input\":{\"@type\":\"PropertyValueSpecification\",\"valueRequired\":true,\"valueName\":\"search_term_string\"}}],\"inLanguage\":\"en-US\"},{\"@type\":\"Organization\",\"@id\":\"https:\/\/dumoulin.absoludev.ca\/#organization\",\"name\":\"Dumoulin Bicyclettes\",\"url\":\"https:\/\/dumoulin.absoludev.ca\/\",\"logo\":{\"@type\":\"ImageObject\",\"inLanguage\":\"en-US\",\"@id\":\"https:\/\/dumoulin.absoludev.ca\/#\/schema\/logo\/image\/\",\"url\":\"https:\/\/www.dumoulinbicyclettes.com\/wp-content\/uploads\/2021\/04\/Logo.svg\",\"contentUrl\":\"https:\/\/www.dumoulinbicyclettes.com\/wp-content\/uploads\/2021\/04\/Logo.svg\",\"width\":254,\"height\":86,\"caption\":\"Dumoulin Bicyclettes\"},\"image\":{\"@id\":\"https:\/\/dumoulin.absoludev.ca\/#\/schema\/logo\/image\/\"},\"sameAs\":[\"https:\/\/www.facebook.com\/dumoulinbicyclettes\",\"https:\/\/www.instagram.com\/dumoulin.ca\/\",\"https:\/\/www.youtube.com\/user\/dumoulinbicyclettes\"]}]}<\/script>\n<!-- \/ Yoast SEO plugin. -->","yoast_head_json":{"title":"Ensemble de lumi\u00e8res de v\u00e9lo Bontrager Ion 200 et Flare RT |","description":"Cet ensemble de lumi\u00e8res Bontrager Ion 200 et Flare RT se r\u00e9v\u00e8lent utiles au quotidien pour assurer s\u00e9curit\u00e9 et confort lors de vos trajets.","robots":{"index":"noindex","follow":"follow","max-snippet":"max-snippet:-1","max-image-preview":"max-image-preview:large","max-video-preview":"max-video-preview:-1"},"og_locale":"en_US","og_type":"article","og_title":"Ensemble de lumi\u00e8res de v\u00e9lo Bontrager Ion 200 et Flare RT |","og_description":"Cet ensemble de lumi\u00e8res Bontrager Ion 200 et Flare RT se r\u00e9v\u00e8lent utiles au quotidien pour assurer s\u00e9curit\u00e9 et confort lors de vos trajets.","og_url":"https:\/\/dumoulin.absoludev.ca\/en\/produit\/ensemble-de-lumieres-de-velo-bontrager-ion-200-flare-rt\/","og_site_name":"Dumoulin Bicyclettes","article_publisher":"https:\/\/www.facebook.com\/dumoulinbicyclettes","article_modified_time":"2025-09-04T18:13:49+00:00","og_image":[{"width":1920,"height":1440,"url":"https:\/\/dumoulin.absoludev.ca\/wp-content\/uploads\/2022\/05\/bontragerion200rtflarertset-23710-a-hero.jpg","type":"image\/jpeg"}],"twitter_card":"summary_large_image","schema":{"@context":"https:\/\/schema.org","@graph":[{"@type":"WebPage","@id":"https:\/\/dumoulin.absoludev.ca\/en\/produit\/ensemble-de-lumieres-de-velo-bontrager-ion-200-flare-rt\/","url":"https:\/\/dumoulin.absoludev.ca\/en\/produit\/ensemble-de-lumieres-de-velo-bontrager-ion-200-flare-rt\/","name":"Ensemble de lumi\u00e8res de v\u00e9lo Bontrager Ion 200 et Flare RT |","isPartOf":{"@id":"https:\/\/dumoulin.absoludev.ca\/#website"},"primaryImageOfPage":{"@id":"https:\/\/dumoulin.absoludev.ca\/en\/produit\/ensemble-de-lumieres-de-velo-bontrager-ion-200-flare-rt\/#primaryimage"},"image":{"@id":"https:\/\/dumoulin.absoludev.ca\/en\/produit\/ensemble-de-lumieres-de-velo-bontrager-ion-200-flare-rt\/#primaryimage"},"thumbnailUrl":"https:\/\/dumoulin.absoludev.ca\/wp-content\/uploads\/2022\/05\/bontragerion200rtflarertset-23710-a-hero.jpg","datePublished":"2022-05-16T18:19:21+00:00","dateModified":"2025-09-04T18:13:49+00:00","description":"Cet ensemble de lumi\u00e8res Bontrager Ion 200 et Flare RT se r\u00e9v\u00e8lent utiles au quotidien pour assurer s\u00e9curit\u00e9 et confort lors de vos trajets.","breadcrumb":{"@id":"https:\/\/dumoulin.absoludev.ca\/en\/produit\/ensemble-de-lumieres-de-velo-bontrager-ion-200-flare-rt\/#breadcrumb"},"inLanguage":"en-US","potentialAction":[{"@type":"ReadAction","target":["https:\/\/dumoulin.absoludev.ca\/en\/produit\/ensemble-de-lumieres-de-velo-bontrager-ion-200-flare-rt\/"]}]},{"@type":"ImageObject","inLanguage":"en-US","@id":"https:\/\/dumoulin.absoludev.ca\/en\/produit\/ensemble-de-lumieres-de-velo-bontrager-ion-200-flare-rt\/#primaryimage","url":"https:\/\/dumoulin.absoludev.ca\/wp-content\/uploads\/2022\/05\/bontragerion200rtflarertset-23710-a-hero.jpg","contentUrl":"https:\/\/dumoulin.absoludev.ca\/wp-content\/uploads\/2022\/05\/bontragerion200rtflarertset-23710-a-hero.jpg","width":1920,"height":1440,"caption":"lumieres-de-velo-bontrager-ion-200-rt-et-flare-rt"},{"@type":"BreadcrumbList","@id":"https:\/\/dumoulin.absoludev.ca\/en\/produit\/ensemble-de-lumieres-de-velo-bontrager-ion-200-flare-rt\/#breadcrumb","itemListElement":[{"@type":"ListItem","position":1,"name":"Home","item":"https:\/\/dumoulin.absoludev.ca\/en\/"},{"@type":"ListItem","position":2,"name":"Shop","item":"https:\/\/dumoulin.absoludev.ca\/en\/shop\/"},{"@type":"ListItem","position":3,"name":"Ensemble de lumi\u00e8res de v\u00e9lo Bontrager Ion 200 et Flare RT"}]},{"@type":"WebSite","@id":"https:\/\/dumoulin.absoludev.ca\/#website","url":"https:\/\/dumoulin.absoludev.ca\/","name":"Dumoulin Bicyclettes","description":"","publisher":{"@id":"https:\/\/dumoulin.absoludev.ca\/#organization"},"potentialAction":[{"@type":"SearchAction","target":{"@type":"EntryPoint","urlTemplate":"https:\/\/dumoulin.absoludev.ca\/?s={search_term_string}"},"query-input":{"@type":"PropertyValueSpecification","valueRequired":true,"valueName":"search_term_string"}}],"inLanguage":"en-US"},{"@type":"Organization","@id":"https:\/\/dumoulin.absoludev.ca\/#organization","name":"Dumoulin Bicyclettes","url":"https:\/\/dumoulin.absoludev.ca\/","logo":{"@type":"ImageObject","inLanguage":"en-US","@id":"https:\/\/dumoulin.absoludev.ca\/#\/schema\/logo\/image\/","url":"https:\/\/www.dumoulinbicyclettes.com\/wp-content\/uploads\/2021\/04\/Logo.svg","contentUrl":"https:\/\/www.dumoulinbicyclettes.com\/wp-content\/uploads\/2021\/04\/Logo.svg","width":254,"height":86,"caption":"Dumoulin Bicyclettes"},"image":{"@id":"https:\/\/dumoulin.absoludev.ca\/#\/schema\/logo\/image\/"},"sameAs":["https:\/\/www.facebook.com\/dumoulinbicyclettes","https:\/\/www.instagram.com\/dumoulin.ca\/","https:\/\/www.youtube.com\/user\/dumoulinbicyclettes"]}]}},"_links":{"self":[{"href":"https:\/\/dumoulin.absoludev.ca\/en\/wp-json\/wp\/v2\/product\/74889","targetHints":{"allow":["GET"]}}],"collection":[{"href":"https:\/\/dumoulin.absoludev.ca\/en\/wp-json\/wp\/v2\/product"}],"about":[{"href":"https:\/\/dumoulin.absoludev.ca\/en\/wp-json\/wp\/v2\/types\/product"}],"wp:featuredmedia":[{"embeddable":true,"href":"https:\/\/dumoulin.absoludev.ca\/en\/wp-json\/wp\/v2\/media\/175657"}],"wp:attachment":[{"href":"https:\/\/dumoulin.absoludev.ca\/en\/wp-json\/wp\/v2\/media?parent=74889"}],"wp:term":[{"taxonomy":"product_brand","embeddable":true,"href":"https:\/\/dumoulin.absoludev.ca\/en\/wp-json\/wp\/v2\/product_brand?post=74889"},{"taxonomy":"product_cat","embeddable":true,"href":"https:\/\/dumoulin.absoludev.ca\/en\/wp-json\/wp\/v2\/product_cat?post=74889"},{"taxonomy":"product_tag","embeddable":true,"href":"https:\/\/dumoulin.absoludev.ca\/en\/wp-json\/wp\/v2\/product_tag?post=74889"},{"taxonomy":"marque-produit","embeddable":true,"href":"https:\/\/dumoulin.absoludev.ca\/en\/wp-json\/wp\/v2\/marque-produit?post=74889"},{"taxonomy":"collection-produit","embeddable":true,"href":"https:\/\/dumoulin.absoludev.ca\/en\/wp-json\/wp\/v2\/collection-produit?post=74889"},{"taxonomy":"type-surface-produit","embeddable":true,"href":"https:\/\/dumoulin.absoludev.ca\/en\/wp-json\/wp\/v2\/type-surface-produit?post=74889"},{"taxonomy":"type-velo-produit","embeddable":true,"href":"https:\/\/dumoulin.absoludev.ca\/en\/wp-json\/wp\/v2\/type-velo-produit?post=74889"},{"taxonomy":"vetement-produit","embeddable":true,"href":"https:\/\/dumoulin.absoludev.ca\/en\/wp-json\/wp\/v2\/vetement-produit?post=74889"},{"taxonomy":"thematique-produit","embeddable":true,"href":"https:\/\/dumoulin.absoludev.ca\/en\/wp-json\/wp\/v2\/thematique-produit?post=74889"},{"taxonomy":"position-sur-le-v\u00e9lo","embeddable":true,"href":"https:\/\/dumoulin.absoludev.ca\/en\/wp-json\/wp\/v2\/position-sur-le-v\u00e9lo?post=74889"}],"curies":[{"name":"wp","href":"https:\/\/api.w.org\/{rel}","templated":true}]}}