{"id":74863,"date":"2022-05-16T14:19:16","date_gmt":"2022-05-16T18:19:16","guid":{"rendered":"http:\/\/www.dumoulinbicyclettes.com\/?post_type=product&#038;p=74863"},"modified":"2025-09-04T14:13:35","modified_gmt":"2025-09-04T18:13:35","slug":"lubrifiant-a-chaine-finish-line-dry-rouge-120-ml","status":"publish","type":"product","link":"https:\/\/dumoulin.absoludev.ca\/en\/produit\/lubrifiant-a-chaine-finish-line-dry-rouge-120-ml\/","title":{"rendered":"LUBRIFIANT A CHAINE FINISH LINE DRY (ROUGE) 120 ML"},"content":{"rendered":"<p>Huiler sa chaine de v\u00e9lo, c&#8217;est un devoir du cycliste envers sa monture. \u00c7a prot\u00e8ge de la rouille, \u00e7a fait durer plus longtemps sa transmission et&#8230; \u00e7a fait rouler mieux votre v\u00e9lo.<\/p>\n<p>L&#8217;huile Finish line est une r\u00e9f\u00e9rence professionnelle depuis des ann\u00e9es. Choisissez le lubrifiant plus liquide \u00absec\u00bb pour les conditions estivales ou parce que vous souhaitez \u00absalir\u00bb le moins possible votre transmssion.<\/p>\n<p>Bouteille de 120 ml.<\/p>\n","protected":false},"excerpt":{"rendered":"<p>Huiler sa chaine de v\u00e9lo, c&#8217;est un devoir du cycliste envers sa monture. \u00c7a prot\u00e8ge de la rouille, \u00e7a fait durer plus longtemps sa transmission et&#8230; \u00e7a fait rouler mieux votre v\u00e9lo. L&#8217;huile Finish line est une r\u00e9f\u00e9rence professionnelle depuis des ann\u00e9es. Choisissez le lubrifiant plus liquide \u00absec\u00bb pour les conditions estivales ou parce que [&hellip;]<\/p>\n","protected":false},"featured_media":67165,"template":"","meta":{"_acf_changed":false},"product_brand":[],"product_cat":[237],"product_tag":[2796,2797,2316],"marque-produit":[2795],"collection-produit":[],"type-surface-produit":[],"type-velo-produit":[],"vetement-produit":[],"thematique-produit":[],"position-sur-le-v\u00e9lo":[],"class_list":{"0":"post-74863","1":"product","2":"type-product","3":"status-publish","4":"has-post-thumbnail","6":"product_cat-lubrifiants-et-nettoyants","7":"product_tag-finish-line","8":"product_tag-huile","9":"product_tag-outils","10":"marque-produit-finish-line","12":"first","13":"instock","14":"taxable","15":"shipping-taxable","16":"purchasable","17":"product-type-simple"},"acf":[],"yoast_head":"<!-- This site is optimized with the Yoast SEO plugin v24.3 - https:\/\/yoast.com\/wordpress\/plugins\/seo\/ -->\n<title>LUBRIFIANT A CHAINE FINISH LINE DRY (ROUGE) 120 ML - Dumoulin Bicyclettes<\/title>\n<meta name=\"robots\" content=\"noindex, follow, max-snippet:-1, max-image-preview:large, max-video-preview:-1\" \/>\n<meta property=\"og:locale\" content=\"en_US\" \/>\n<meta property=\"og:type\" content=\"article\" \/>\n<meta property=\"og:title\" content=\"LUBRIFIANT A CHAINE FINISH LINE DRY (ROUGE) 120 ML - Dumoulin Bicyclettes\" \/>\n<meta property=\"og:description\" content=\"Huiler sa chaine de v\u00e9lo, c&#8217;est un devoir du cycliste envers sa monture. \u00c7a prot\u00e8ge de la rouille, \u00e7a fait durer plus longtemps sa transmission et&#8230; \u00e7a fait rouler mieux votre v\u00e9lo. L&#8217;huile Finish line est une r\u00e9f\u00e9rence professionnelle depuis des ann\u00e9es. Choisissez le lubrifiant plus liquide \u00absec\u00bb pour les conditions estivales ou parce que [&hellip;]\" \/>\n<meta property=\"og:url\" content=\"https:\/\/dumoulin.absoludev.ca\/en\/produit\/lubrifiant-a-chaine-finish-line-dry-rouge-120-ml\/\" \/>\n<meta property=\"og:site_name\" content=\"Dumoulin Bicyclettes\" \/>\n<meta property=\"article:publisher\" content=\"https:\/\/www.facebook.com\/dumoulinbicyclettes\" \/>\n<meta property=\"article:modified_time\" content=\"2025-09-04T18:13:35+00:00\" \/>\n<meta property=\"og:image\" content=\"https:\/\/dumoulin.absoludev.ca\/wp-content\/uploads\/2022\/04\/big-fl-tef-us-4oz-120ml-1805-crc-rgb.jpg\" \/>\n\t<meta property=\"og:image:width\" content=\"257\" \/>\n\t<meta property=\"og:image:height\" content=\"600\" \/>\n\t<meta property=\"og:image:type\" content=\"image\/jpeg\" \/>\n<meta name=\"twitter:card\" content=\"summary_large_image\" \/>\n<meta name=\"twitter:label1\" content=\"Est. reading time\" \/>\n\t<meta name=\"twitter:data1\" content=\"1 minute\" \/>\n<script type=\"application\/ld+json\" class=\"yoast-schema-graph\">{\"@context\":\"https:\/\/schema.org\",\"@graph\":[{\"@type\":\"WebPage\",\"@id\":\"https:\/\/dumoulin.absoludev.ca\/en\/produit\/lubrifiant-a-chaine-finish-line-dry-rouge-120-ml\/\",\"url\":\"https:\/\/dumoulin.absoludev.ca\/en\/produit\/lubrifiant-a-chaine-finish-line-dry-rouge-120-ml\/\",\"name\":\"LUBRIFIANT A CHAINE FINISH LINE DRY (ROUGE) 120 ML - Dumoulin Bicyclettes\",\"isPartOf\":{\"@id\":\"https:\/\/dumoulin.absoludev.ca\/#website\"},\"primaryImageOfPage\":{\"@id\":\"https:\/\/dumoulin.absoludev.ca\/en\/produit\/lubrifiant-a-chaine-finish-line-dry-rouge-120-ml\/#primaryimage\"},\"image\":{\"@id\":\"https:\/\/dumoulin.absoludev.ca\/en\/produit\/lubrifiant-a-chaine-finish-line-dry-rouge-120-ml\/#primaryimage\"},\"thumbnailUrl\":\"https:\/\/dumoulin.absoludev.ca\/wp-content\/uploads\/2022\/04\/big-fl-tef-us-4oz-120ml-1805-crc-rgb.jpg\",\"datePublished\":\"2022-05-16T18:19:16+00:00\",\"dateModified\":\"2025-09-04T18:13:35+00:00\",\"breadcrumb\":{\"@id\":\"https:\/\/dumoulin.absoludev.ca\/en\/produit\/lubrifiant-a-chaine-finish-line-dry-rouge-120-ml\/#breadcrumb\"},\"inLanguage\":\"en-US\",\"potentialAction\":[{\"@type\":\"ReadAction\",\"target\":[\"https:\/\/dumoulin.absoludev.ca\/en\/produit\/lubrifiant-a-chaine-finish-line-dry-rouge-120-ml\/\"]}]},{\"@type\":\"ImageObject\",\"inLanguage\":\"en-US\",\"@id\":\"https:\/\/dumoulin.absoludev.ca\/en\/produit\/lubrifiant-a-chaine-finish-line-dry-rouge-120-ml\/#primaryimage\",\"url\":\"https:\/\/dumoulin.absoludev.ca\/wp-content\/uploads\/2022\/04\/big-fl-tef-us-4oz-120ml-1805-crc-rgb.jpg\",\"contentUrl\":\"https:\/\/dumoulin.absoludev.ca\/wp-content\/uploads\/2022\/04\/big-fl-tef-us-4oz-120ml-1805-crc-rgb.jpg\",\"width\":257,\"height\":600,\"caption\":\"Finish Line_Dry\"},{\"@type\":\"BreadcrumbList\",\"@id\":\"https:\/\/dumoulin.absoludev.ca\/en\/produit\/lubrifiant-a-chaine-finish-line-dry-rouge-120-ml\/#breadcrumb\",\"itemListElement\":[{\"@type\":\"ListItem\",\"position\":1,\"name\":\"Home\",\"item\":\"https:\/\/dumoulin.absoludev.ca\/en\/\"},{\"@type\":\"ListItem\",\"position\":2,\"name\":\"Shop\",\"item\":\"https:\/\/dumoulin.absoludev.ca\/en\/shop\/\"},{\"@type\":\"ListItem\",\"position\":3,\"name\":\"LUBRIFIANT A CHAINE FINISH LINE DRY (ROUGE) 120 ML\"}]},{\"@type\":\"WebSite\",\"@id\":\"https:\/\/dumoulin.absoludev.ca\/#website\",\"url\":\"https:\/\/dumoulin.absoludev.ca\/\",\"name\":\"Dumoulin Bicyclettes\",\"description\":\"\",\"publisher\":{\"@id\":\"https:\/\/dumoulin.absoludev.ca\/#organization\"},\"potentialAction\":[{\"@type\":\"SearchAction\",\"target\":{\"@type\":\"EntryPoint\",\"urlTemplate\":\"https:\/\/dumoulin.absoludev.ca\/?s={search_term_string}\"},\"query-input\":{\"@type\":\"PropertyValueSpecification\",\"valueRequired\":true,\"valueName\":\"search_term_string\"}}],\"inLanguage\":\"en-US\"},{\"@type\":\"Organization\",\"@id\":\"https:\/\/dumoulin.absoludev.ca\/#organization\",\"name\":\"Dumoulin Bicyclettes\",\"url\":\"https:\/\/dumoulin.absoludev.ca\/\",\"logo\":{\"@type\":\"ImageObject\",\"inLanguage\":\"en-US\",\"@id\":\"https:\/\/dumoulin.absoludev.ca\/#\/schema\/logo\/image\/\",\"url\":\"https:\/\/www.dumoulinbicyclettes.com\/wp-content\/uploads\/2021\/04\/Logo.svg\",\"contentUrl\":\"https:\/\/www.dumoulinbicyclettes.com\/wp-content\/uploads\/2021\/04\/Logo.svg\",\"width\":254,\"height\":86,\"caption\":\"Dumoulin Bicyclettes\"},\"image\":{\"@id\":\"https:\/\/dumoulin.absoludev.ca\/#\/schema\/logo\/image\/\"},\"sameAs\":[\"https:\/\/www.facebook.com\/dumoulinbicyclettes\",\"https:\/\/www.instagram.com\/dumoulin.ca\/\",\"https:\/\/www.youtube.com\/user\/dumoulinbicyclettes\"]}]}<\/script>\n<!-- \/ Yoast SEO plugin. -->","yoast_head_json":{"title":"LUBRIFIANT A CHAINE FINISH LINE DRY (ROUGE) 120 ML - Dumoulin Bicyclettes","robots":{"index":"noindex","follow":"follow","max-snippet":"max-snippet:-1","max-image-preview":"max-image-preview:large","max-video-preview":"max-video-preview:-1"},"og_locale":"en_US","og_type":"article","og_title":"LUBRIFIANT A CHAINE FINISH LINE DRY (ROUGE) 120 ML - Dumoulin Bicyclettes","og_description":"Huiler sa chaine de v\u00e9lo, c&#8217;est un devoir du cycliste envers sa monture. \u00c7a prot\u00e8ge de la rouille, \u00e7a fait durer plus longtemps sa transmission et&#8230; \u00e7a fait rouler mieux votre v\u00e9lo. L&#8217;huile Finish line est une r\u00e9f\u00e9rence professionnelle depuis des ann\u00e9es. Choisissez le lubrifiant plus liquide \u00absec\u00bb pour les conditions estivales ou parce que [&hellip;]","og_url":"https:\/\/dumoulin.absoludev.ca\/en\/produit\/lubrifiant-a-chaine-finish-line-dry-rouge-120-ml\/","og_site_name":"Dumoulin Bicyclettes","article_publisher":"https:\/\/www.facebook.com\/dumoulinbicyclettes","article_modified_time":"2025-09-04T18:13:35+00:00","og_image":[{"width":257,"height":600,"url":"https:\/\/dumoulin.absoludev.ca\/wp-content\/uploads\/2022\/04\/big-fl-tef-us-4oz-120ml-1805-crc-rgb.jpg","type":"image\/jpeg"}],"twitter_card":"summary_large_image","twitter_misc":{"Est. reading time":"1 minute"},"schema":{"@context":"https:\/\/schema.org","@graph":[{"@type":"WebPage","@id":"https:\/\/dumoulin.absoludev.ca\/en\/produit\/lubrifiant-a-chaine-finish-line-dry-rouge-120-ml\/","url":"https:\/\/dumoulin.absoludev.ca\/en\/produit\/lubrifiant-a-chaine-finish-line-dry-rouge-120-ml\/","name":"LUBRIFIANT A CHAINE FINISH LINE DRY (ROUGE) 120 ML - Dumoulin Bicyclettes","isPartOf":{"@id":"https:\/\/dumoulin.absoludev.ca\/#website"},"primaryImageOfPage":{"@id":"https:\/\/dumoulin.absoludev.ca\/en\/produit\/lubrifiant-a-chaine-finish-line-dry-rouge-120-ml\/#primaryimage"},"image":{"@id":"https:\/\/dumoulin.absoludev.ca\/en\/produit\/lubrifiant-a-chaine-finish-line-dry-rouge-120-ml\/#primaryimage"},"thumbnailUrl":"https:\/\/dumoulin.absoludev.ca\/wp-content\/uploads\/2022\/04\/big-fl-tef-us-4oz-120ml-1805-crc-rgb.jpg","datePublished":"2022-05-16T18:19:16+00:00","dateModified":"2025-09-04T18:13:35+00:00","breadcrumb":{"@id":"https:\/\/dumoulin.absoludev.ca\/en\/produit\/lubrifiant-a-chaine-finish-line-dry-rouge-120-ml\/#breadcrumb"},"inLanguage":"en-US","potentialAction":[{"@type":"ReadAction","target":["https:\/\/dumoulin.absoludev.ca\/en\/produit\/lubrifiant-a-chaine-finish-line-dry-rouge-120-ml\/"]}]},{"@type":"ImageObject","inLanguage":"en-US","@id":"https:\/\/dumoulin.absoludev.ca\/en\/produit\/lubrifiant-a-chaine-finish-line-dry-rouge-120-ml\/#primaryimage","url":"https:\/\/dumoulin.absoludev.ca\/wp-content\/uploads\/2022\/04\/big-fl-tef-us-4oz-120ml-1805-crc-rgb.jpg","contentUrl":"https:\/\/dumoulin.absoludev.ca\/wp-content\/uploads\/2022\/04\/big-fl-tef-us-4oz-120ml-1805-crc-rgb.jpg","width":257,"height":600,"caption":"Finish Line_Dry"},{"@type":"BreadcrumbList","@id":"https:\/\/dumoulin.absoludev.ca\/en\/produit\/lubrifiant-a-chaine-finish-line-dry-rouge-120-ml\/#breadcrumb","itemListElement":[{"@type":"ListItem","position":1,"name":"Home","item":"https:\/\/dumoulin.absoludev.ca\/en\/"},{"@type":"ListItem","position":2,"name":"Shop","item":"https:\/\/dumoulin.absoludev.ca\/en\/shop\/"},{"@type":"ListItem","position":3,"name":"LUBRIFIANT A CHAINE FINISH LINE DRY (ROUGE) 120 ML"}]},{"@type":"WebSite","@id":"https:\/\/dumoulin.absoludev.ca\/#website","url":"https:\/\/dumoulin.absoludev.ca\/","name":"Dumoulin Bicyclettes","description":"","publisher":{"@id":"https:\/\/dumoulin.absoludev.ca\/#organization"},"potentialAction":[{"@type":"SearchAction","target":{"@type":"EntryPoint","urlTemplate":"https:\/\/dumoulin.absoludev.ca\/?s={search_term_string}"},"query-input":{"@type":"PropertyValueSpecification","valueRequired":true,"valueName":"search_term_string"}}],"inLanguage":"en-US"},{"@type":"Organization","@id":"https:\/\/dumoulin.absoludev.ca\/#organization","name":"Dumoulin Bicyclettes","url":"https:\/\/dumoulin.absoludev.ca\/","logo":{"@type":"ImageObject","inLanguage":"en-US","@id":"https:\/\/dumoulin.absoludev.ca\/#\/schema\/logo\/image\/","url":"https:\/\/www.dumoulinbicyclettes.com\/wp-content\/uploads\/2021\/04\/Logo.svg","contentUrl":"https:\/\/www.dumoulinbicyclettes.com\/wp-content\/uploads\/2021\/04\/Logo.svg","width":254,"height":86,"caption":"Dumoulin Bicyclettes"},"image":{"@id":"https:\/\/dumoulin.absoludev.ca\/#\/schema\/logo\/image\/"},"sameAs":["https:\/\/www.facebook.com\/dumoulinbicyclettes","https:\/\/www.instagram.com\/dumoulin.ca\/","https:\/\/www.youtube.com\/user\/dumoulinbicyclettes"]}]}},"_links":{"self":[{"href":"https:\/\/dumoulin.absoludev.ca\/en\/wp-json\/wp\/v2\/product\/74863","targetHints":{"allow":["GET"]}}],"collection":[{"href":"https:\/\/dumoulin.absoludev.ca\/en\/wp-json\/wp\/v2\/product"}],"about":[{"href":"https:\/\/dumoulin.absoludev.ca\/en\/wp-json\/wp\/v2\/types\/product"}],"wp:featuredmedia":[{"embeddable":true,"href":"https:\/\/dumoulin.absoludev.ca\/en\/wp-json\/wp\/v2\/media\/67165"}],"wp:attachment":[{"href":"https:\/\/dumoulin.absoludev.ca\/en\/wp-json\/wp\/v2\/media?parent=74863"}],"wp:term":[{"taxonomy":"product_brand","embeddable":true,"href":"https:\/\/dumoulin.absoludev.ca\/en\/wp-json\/wp\/v2\/product_brand?post=74863"},{"taxonomy":"product_cat","embeddable":true,"href":"https:\/\/dumoulin.absoludev.ca\/en\/wp-json\/wp\/v2\/product_cat?post=74863"},{"taxonomy":"product_tag","embeddable":true,"href":"https:\/\/dumoulin.absoludev.ca\/en\/wp-json\/wp\/v2\/product_tag?post=74863"},{"taxonomy":"marque-produit","embeddable":true,"href":"https:\/\/dumoulin.absoludev.ca\/en\/wp-json\/wp\/v2\/marque-produit?post=74863"},{"taxonomy":"collection-produit","embeddable":true,"href":"https:\/\/dumoulin.absoludev.ca\/en\/wp-json\/wp\/v2\/collection-produit?post=74863"},{"taxonomy":"type-surface-produit","embeddable":true,"href":"https:\/\/dumoulin.absoludev.ca\/en\/wp-json\/wp\/v2\/type-surface-produit?post=74863"},{"taxonomy":"type-velo-produit","embeddable":true,"href":"https:\/\/dumoulin.absoludev.ca\/en\/wp-json\/wp\/v2\/type-velo-produit?post=74863"},{"taxonomy":"vetement-produit","embeddable":true,"href":"https:\/\/dumoulin.absoludev.ca\/en\/wp-json\/wp\/v2\/vetement-produit?post=74863"},{"taxonomy":"thematique-produit","embeddable":true,"href":"https:\/\/dumoulin.absoludev.ca\/en\/wp-json\/wp\/v2\/thematique-produit?post=74863"},{"taxonomy":"position-sur-le-v\u00e9lo","embeddable":true,"href":"https:\/\/dumoulin.absoludev.ca\/en\/wp-json\/wp\/v2\/position-sur-le-v\u00e9lo?post=74863"}],"curies":[{"name":"wp","href":"https:\/\/api.w.org\/{rel}","templated":true}]}}