{"id":74772,"date":"2022-05-16T14:18:59","date_gmt":"2022-05-16T18:18:59","guid":{"rendered":"http:\/\/www.dumoulinbicyclettes.com\/produit\/ecrous-de-roue-joseph-kuosac-brompton\/"},"modified":"2025-09-04T14:20:24","modified_gmt":"2025-09-04T18:20:24","slug":"joseph-kuosac-hub-nuts-brompton-tuning","status":"publish","type":"product","link":"https:\/\/dumoulin.absoludev.ca\/en\/produit\/joseph-kuosac-hub-nuts-brompton-tuning\/","title":{"rendered":"Ecrous de roue avant Joseph Kuosac (Brompton)"},"content":{"rendered":"<p>Deux \u00e9crous de roue Joseph Kuosac pour votre roue avant. Ils sont en aluminium et vous pouvez choisir la couleur qui vous inspire. Des superbes pi\u00e8ces sp\u00e9cialement con\u00e7ues pour pousser plus loin l&#8217;irr\u00e9sistible attirance vers votre Brompton !<\/p>\n","protected":false},"excerpt":{"rendered":"<p>Deux \u00e9crous de roue Joseph Kuosac pour votre roue avant. Ils sont en aluminium et vous pouvez choisir la couleur qui vous inspire. Des superbes pi\u00e8ces sp\u00e9cialement con\u00e7ues pour pousser plus loin l&#8217;irr\u00e9sistible attirance vers votre Brompton !<\/p>\n","protected":false},"featured_media":25700,"template":"","meta":{"_acf_changed":false},"product_brand":[],"product_cat":[184,2422],"product_tag":[2710],"marque-produit":[2712],"collection-produit":[2885],"type-surface-produit":[],"type-velo-produit":[],"vetement-produit":[],"thematique-produit":[],"position-sur-le-v\u00e9lo":[],"class_list":{"0":"post-74772","1":"product","2":"type-product","3":"status-publish","4":"has-post-thumbnail","6":"product_cat-accessoires-pour-velo-pliable","7":"product_cat-pieces-composantes-de-velos-pliables","8":"product_tag-kuosac","9":"marque-produit-joseph-kuosac","10":"collection-produit-pieces-et-composantes","12":"first","13":"instock","14":"sale","15":"taxable","16":"shipping-taxable","17":"purchasable","18":"product-type-variable"},"acf":[],"yoast_head":"<!-- This site is optimized with the Yoast SEO plugin v24.3 - https:\/\/yoast.com\/wordpress\/plugins\/seo\/ -->\n<title>\u00c9crous Joseph Kuosac \u00abHub nut\u00bb | Brompton Tuning | Brompton - Dumoulin<\/title>\n<meta name=\"description\" content=\"Les \u00e9crous de moyeu Joseph Kuosac ajoutent une touche d&#039;irr\u00e9sistible \u00e0 votre Brompton. En aluminium, pour votre roue avant ou arri\u00e8re.\" \/>\n<meta name=\"robots\" content=\"noindex, follow, max-snippet:-1, max-image-preview:large, max-video-preview:-1\" \/>\n<meta property=\"og:locale\" content=\"en_US\" \/>\n<meta property=\"og:type\" content=\"article\" \/>\n<meta property=\"og:title\" content=\"\u00c9crous Joseph Kuosac \u00abHub nut\u00bb | Brompton Tuning | Brompton - Dumoulin\" \/>\n<meta property=\"og:description\" content=\"Les \u00e9crous de moyeu Joseph Kuosac ajoutent une touche d&#039;irr\u00e9sistible \u00e0 votre Brompton. En aluminium, pour votre roue avant ou arri\u00e8re.\" \/>\n<meta property=\"og:url\" content=\"https:\/\/dumoulin.absoludev.ca\/produit\/joseph-kuosac-hub-nuts-brompton-tuning\/\" \/>\n<meta property=\"og:site_name\" content=\"Dumoulin Bicyclettes\" \/>\n<meta property=\"article:publisher\" content=\"https:\/\/www.facebook.com\/dumoulinbicyclettes\" \/>\n<meta property=\"article:modified_time\" content=\"2025-09-04T18:20:24+00:00\" \/>\n<meta property=\"og:image\" content=\"https:\/\/dumoulin.absoludev.ca\/wp-content\/uploads\/2021\/12\/ecrou-brompton-joseph-kuosac.jpeg\" \/>\n\t<meta property=\"og:image:width\" content=\"1500\" \/>\n\t<meta property=\"og:image:height\" content=\"1157\" \/>\n\t<meta property=\"og:image:type\" content=\"image\/jpeg\" \/>\n<meta name=\"twitter:card\" content=\"summary_large_image\" \/>\n<meta name=\"twitter:label1\" content=\"Est. reading time\" \/>\n\t<meta name=\"twitter:data1\" content=\"1 minute\" \/>\n<script type=\"application\/ld+json\" class=\"yoast-schema-graph\">{\"@context\":\"https:\/\/schema.org\",\"@graph\":[{\"@type\":\"WebPage\",\"@id\":\"https:\/\/dumoulin.absoludev.ca\/produit\/joseph-kuosac-hub-nuts-brompton-tuning\/\",\"url\":\"https:\/\/dumoulin.absoludev.ca\/produit\/joseph-kuosac-hub-nuts-brompton-tuning\/\",\"name\":\"\u00c9crous Joseph Kuosac \u00abHub nut\u00bb | Brompton Tuning | Brompton - Dumoulin\",\"isPartOf\":{\"@id\":\"https:\/\/dumoulin.absoludev.ca\/#website\"},\"primaryImageOfPage\":{\"@id\":\"https:\/\/dumoulin.absoludev.ca\/produit\/joseph-kuosac-hub-nuts-brompton-tuning\/#primaryimage\"},\"image\":{\"@id\":\"https:\/\/dumoulin.absoludev.ca\/produit\/joseph-kuosac-hub-nuts-brompton-tuning\/#primaryimage\"},\"thumbnailUrl\":\"https:\/\/dumoulin.absoludev.ca\/wp-content\/uploads\/2021\/12\/ecrou-brompton-joseph-kuosac.jpeg\",\"datePublished\":\"2022-05-16T18:18:59+00:00\",\"dateModified\":\"2025-09-04T18:20:24+00:00\",\"description\":\"Les \u00e9crous de moyeu Joseph Kuosac ajoutent une touche d'irr\u00e9sistible \u00e0 votre Brompton. En aluminium, pour votre roue avant ou arri\u00e8re.\",\"breadcrumb\":{\"@id\":\"https:\/\/dumoulin.absoludev.ca\/produit\/joseph-kuosac-hub-nuts-brompton-tuning\/#breadcrumb\"},\"inLanguage\":\"en-US\",\"potentialAction\":[{\"@type\":\"ReadAction\",\"target\":[\"https:\/\/dumoulin.absoludev.ca\/produit\/joseph-kuosac-hub-nuts-brompton-tuning\/\"]}]},{\"@type\":\"ImageObject\",\"inLanguage\":\"en-US\",\"@id\":\"https:\/\/dumoulin.absoludev.ca\/produit\/joseph-kuosac-hub-nuts-brompton-tuning\/#primaryimage\",\"url\":\"https:\/\/dumoulin.absoludev.ca\/wp-content\/uploads\/2021\/12\/ecrou-brompton-joseph-kuosac.jpeg\",\"contentUrl\":\"https:\/\/dumoulin.absoludev.ca\/wp-content\/uploads\/2021\/12\/ecrou-brompton-joseph-kuosac.jpeg\",\"width\":1500,\"height\":1157},{\"@type\":\"BreadcrumbList\",\"@id\":\"https:\/\/dumoulin.absoludev.ca\/produit\/joseph-kuosac-hub-nuts-brompton-tuning\/#breadcrumb\",\"itemListElement\":[{\"@type\":\"ListItem\",\"position\":1,\"name\":\"Home\",\"item\":\"https:\/\/dumoulin.absoludev.ca\/en\/\"},{\"@type\":\"ListItem\",\"position\":2,\"name\":\"Shop\",\"item\":\"https:\/\/dumoulin.absoludev.ca\/en\/shop\/\"},{\"@type\":\"ListItem\",\"position\":3,\"name\":\"Ecrous de roue avant Joseph Kuosac (Brompton)\"}]},{\"@type\":\"WebSite\",\"@id\":\"https:\/\/dumoulin.absoludev.ca\/#website\",\"url\":\"https:\/\/dumoulin.absoludev.ca\/\",\"name\":\"Dumoulin Bicyclettes\",\"description\":\"\",\"publisher\":{\"@id\":\"https:\/\/dumoulin.absoludev.ca\/#organization\"},\"potentialAction\":[{\"@type\":\"SearchAction\",\"target\":{\"@type\":\"EntryPoint\",\"urlTemplate\":\"https:\/\/dumoulin.absoludev.ca\/?s={search_term_string}\"},\"query-input\":{\"@type\":\"PropertyValueSpecification\",\"valueRequired\":true,\"valueName\":\"search_term_string\"}}],\"inLanguage\":\"en-US\"},{\"@type\":\"Organization\",\"@id\":\"https:\/\/dumoulin.absoludev.ca\/#organization\",\"name\":\"Dumoulin Bicyclettes\",\"url\":\"https:\/\/dumoulin.absoludev.ca\/\",\"logo\":{\"@type\":\"ImageObject\",\"inLanguage\":\"en-US\",\"@id\":\"https:\/\/dumoulin.absoludev.ca\/#\/schema\/logo\/image\/\",\"url\":\"https:\/\/www.dumoulinbicyclettes.com\/wp-content\/uploads\/2021\/04\/Logo.svg\",\"contentUrl\":\"https:\/\/www.dumoulinbicyclettes.com\/wp-content\/uploads\/2021\/04\/Logo.svg\",\"width\":254,\"height\":86,\"caption\":\"Dumoulin Bicyclettes\"},\"image\":{\"@id\":\"https:\/\/dumoulin.absoludev.ca\/#\/schema\/logo\/image\/\"},\"sameAs\":[\"https:\/\/www.facebook.com\/dumoulinbicyclettes\",\"https:\/\/www.instagram.com\/dumoulin.ca\/\",\"https:\/\/www.youtube.com\/user\/dumoulinbicyclettes\"]}]}<\/script>\n<!-- \/ Yoast SEO plugin. -->","yoast_head_json":{"title":"\u00c9crous Joseph Kuosac \u00abHub nut\u00bb | Brompton Tuning | Brompton - Dumoulin","description":"Les \u00e9crous de moyeu Joseph Kuosac ajoutent une touche d'irr\u00e9sistible \u00e0 votre Brompton. En aluminium, pour votre roue avant ou arri\u00e8re.","robots":{"index":"noindex","follow":"follow","max-snippet":"max-snippet:-1","max-image-preview":"max-image-preview:large","max-video-preview":"max-video-preview:-1"},"og_locale":"en_US","og_type":"article","og_title":"\u00c9crous Joseph Kuosac \u00abHub nut\u00bb | Brompton Tuning | Brompton - Dumoulin","og_description":"Les \u00e9crous de moyeu Joseph Kuosac ajoutent une touche d'irr\u00e9sistible \u00e0 votre Brompton. En aluminium, pour votre roue avant ou arri\u00e8re.","og_url":"https:\/\/dumoulin.absoludev.ca\/produit\/joseph-kuosac-hub-nuts-brompton-tuning\/","og_site_name":"Dumoulin Bicyclettes","article_publisher":"https:\/\/www.facebook.com\/dumoulinbicyclettes","article_modified_time":"2025-09-04T18:20:24+00:00","og_image":[{"width":1500,"height":1157,"url":"https:\/\/dumoulin.absoludev.ca\/wp-content\/uploads\/2021\/12\/ecrou-brompton-joseph-kuosac.jpeg","type":"image\/jpeg"}],"twitter_card":"summary_large_image","twitter_misc":{"Est. reading time":"1 minute"},"schema":{"@context":"https:\/\/schema.org","@graph":[{"@type":"WebPage","@id":"https:\/\/dumoulin.absoludev.ca\/produit\/joseph-kuosac-hub-nuts-brompton-tuning\/","url":"https:\/\/dumoulin.absoludev.ca\/produit\/joseph-kuosac-hub-nuts-brompton-tuning\/","name":"\u00c9crous Joseph Kuosac \u00abHub nut\u00bb | Brompton Tuning | Brompton - Dumoulin","isPartOf":{"@id":"https:\/\/dumoulin.absoludev.ca\/#website"},"primaryImageOfPage":{"@id":"https:\/\/dumoulin.absoludev.ca\/produit\/joseph-kuosac-hub-nuts-brompton-tuning\/#primaryimage"},"image":{"@id":"https:\/\/dumoulin.absoludev.ca\/produit\/joseph-kuosac-hub-nuts-brompton-tuning\/#primaryimage"},"thumbnailUrl":"https:\/\/dumoulin.absoludev.ca\/wp-content\/uploads\/2021\/12\/ecrou-brompton-joseph-kuosac.jpeg","datePublished":"2022-05-16T18:18:59+00:00","dateModified":"2025-09-04T18:20:24+00:00","description":"Les \u00e9crous de moyeu Joseph Kuosac ajoutent une touche d'irr\u00e9sistible \u00e0 votre Brompton. En aluminium, pour votre roue avant ou arri\u00e8re.","breadcrumb":{"@id":"https:\/\/dumoulin.absoludev.ca\/produit\/joseph-kuosac-hub-nuts-brompton-tuning\/#breadcrumb"},"inLanguage":"en-US","potentialAction":[{"@type":"ReadAction","target":["https:\/\/dumoulin.absoludev.ca\/produit\/joseph-kuosac-hub-nuts-brompton-tuning\/"]}]},{"@type":"ImageObject","inLanguage":"en-US","@id":"https:\/\/dumoulin.absoludev.ca\/produit\/joseph-kuosac-hub-nuts-brompton-tuning\/#primaryimage","url":"https:\/\/dumoulin.absoludev.ca\/wp-content\/uploads\/2021\/12\/ecrou-brompton-joseph-kuosac.jpeg","contentUrl":"https:\/\/dumoulin.absoludev.ca\/wp-content\/uploads\/2021\/12\/ecrou-brompton-joseph-kuosac.jpeg","width":1500,"height":1157},{"@type":"BreadcrumbList","@id":"https:\/\/dumoulin.absoludev.ca\/produit\/joseph-kuosac-hub-nuts-brompton-tuning\/#breadcrumb","itemListElement":[{"@type":"ListItem","position":1,"name":"Home","item":"https:\/\/dumoulin.absoludev.ca\/en\/"},{"@type":"ListItem","position":2,"name":"Shop","item":"https:\/\/dumoulin.absoludev.ca\/en\/shop\/"},{"@type":"ListItem","position":3,"name":"Ecrous de roue avant Joseph Kuosac (Brompton)"}]},{"@type":"WebSite","@id":"https:\/\/dumoulin.absoludev.ca\/#website","url":"https:\/\/dumoulin.absoludev.ca\/","name":"Dumoulin Bicyclettes","description":"","publisher":{"@id":"https:\/\/dumoulin.absoludev.ca\/#organization"},"potentialAction":[{"@type":"SearchAction","target":{"@type":"EntryPoint","urlTemplate":"https:\/\/dumoulin.absoludev.ca\/?s={search_term_string}"},"query-input":{"@type":"PropertyValueSpecification","valueRequired":true,"valueName":"search_term_string"}}],"inLanguage":"en-US"},{"@type":"Organization","@id":"https:\/\/dumoulin.absoludev.ca\/#organization","name":"Dumoulin Bicyclettes","url":"https:\/\/dumoulin.absoludev.ca\/","logo":{"@type":"ImageObject","inLanguage":"en-US","@id":"https:\/\/dumoulin.absoludev.ca\/#\/schema\/logo\/image\/","url":"https:\/\/www.dumoulinbicyclettes.com\/wp-content\/uploads\/2021\/04\/Logo.svg","contentUrl":"https:\/\/www.dumoulinbicyclettes.com\/wp-content\/uploads\/2021\/04\/Logo.svg","width":254,"height":86,"caption":"Dumoulin Bicyclettes"},"image":{"@id":"https:\/\/dumoulin.absoludev.ca\/#\/schema\/logo\/image\/"},"sameAs":["https:\/\/www.facebook.com\/dumoulinbicyclettes","https:\/\/www.instagram.com\/dumoulin.ca\/","https:\/\/www.youtube.com\/user\/dumoulinbicyclettes"]}]}},"_links":{"self":[{"href":"https:\/\/dumoulin.absoludev.ca\/en\/wp-json\/wp\/v2\/product\/74772","targetHints":{"allow":["GET"]}}],"collection":[{"href":"https:\/\/dumoulin.absoludev.ca\/en\/wp-json\/wp\/v2\/product"}],"about":[{"href":"https:\/\/dumoulin.absoludev.ca\/en\/wp-json\/wp\/v2\/types\/product"}],"wp:featuredmedia":[{"embeddable":true,"href":"https:\/\/dumoulin.absoludev.ca\/en\/wp-json\/wp\/v2\/media\/25700"}],"wp:attachment":[{"href":"https:\/\/dumoulin.absoludev.ca\/en\/wp-json\/wp\/v2\/media?parent=74772"}],"wp:term":[{"taxonomy":"product_brand","embeddable":true,"href":"https:\/\/dumoulin.absoludev.ca\/en\/wp-json\/wp\/v2\/product_brand?post=74772"},{"taxonomy":"product_cat","embeddable":true,"href":"https:\/\/dumoulin.absoludev.ca\/en\/wp-json\/wp\/v2\/product_cat?post=74772"},{"taxonomy":"product_tag","embeddable":true,"href":"https:\/\/dumoulin.absoludev.ca\/en\/wp-json\/wp\/v2\/product_tag?post=74772"},{"taxonomy":"marque-produit","embeddable":true,"href":"https:\/\/dumoulin.absoludev.ca\/en\/wp-json\/wp\/v2\/marque-produit?post=74772"},{"taxonomy":"collection-produit","embeddable":true,"href":"https:\/\/dumoulin.absoludev.ca\/en\/wp-json\/wp\/v2\/collection-produit?post=74772"},{"taxonomy":"type-surface-produit","embeddable":true,"href":"https:\/\/dumoulin.absoludev.ca\/en\/wp-json\/wp\/v2\/type-surface-produit?post=74772"},{"taxonomy":"type-velo-produit","embeddable":true,"href":"https:\/\/dumoulin.absoludev.ca\/en\/wp-json\/wp\/v2\/type-velo-produit?post=74772"},{"taxonomy":"vetement-produit","embeddable":true,"href":"https:\/\/dumoulin.absoludev.ca\/en\/wp-json\/wp\/v2\/vetement-produit?post=74772"},{"taxonomy":"thematique-produit","embeddable":true,"href":"https:\/\/dumoulin.absoludev.ca\/en\/wp-json\/wp\/v2\/thematique-produit?post=74772"},{"taxonomy":"position-sur-le-v\u00e9lo","embeddable":true,"href":"https:\/\/dumoulin.absoludev.ca\/en\/wp-json\/wp\/v2\/position-sur-le-v\u00e9lo?post=74772"}],"curies":[{"name":"wp","href":"https:\/\/api.w.org\/{rel}","templated":true}]}}