{"id":74725,"date":"2022-05-16T14:18:54","date_gmt":"2022-05-16T18:18:54","guid":{"rendered":"http:\/\/www.dumoulinbicyclettes.com\/produit\/siege-pour-enfant-thule-yepp-nexxt-maxi\/"},"modified":"2025-09-04T14:20:15","modified_gmt":"2025-09-04T18:20:15","slug":"siege-pour-enfant-thule-yepp-nexxt-maxi","status":"publish","type":"product","link":"https:\/\/dumoulin.absoludev.ca\/en\/produit\/siege-pour-enfant-thule-yepp-nexxt-maxi\/","title":{"rendered":"SIEGE POUR ENFANT THULE YEPP NEXXT MAXI"},"content":{"rendered":"<p>On adore ce si\u00e8ge enfant de Thule. Le Thule Yepp Nexxt Maxi est facile \u00e0 installer, facile \u00e0 op\u00e9rer, l\u00e9ger et s\u00e9curitaire. Tout ce dont vous avez besoin pour transporter votre petit(e) au quotidien.<\/p>\n<p>Le montage de ce si\u00e8ge s&#8217;effectue sur le cadre gr\u00e2ce \u00e0 une fourche sp\u00e9ciale.<\/p>\n","protected":false},"excerpt":{"rendered":"<p>On adore ce si\u00e8ge enfant de Thule. Le Thule Yepp Nexxt Maxi est facile \u00e0 installer, facile \u00e0 op\u00e9rer, l\u00e9ger et s\u00e9curitaire. Tout ce dont vous avez besoin pour transporter votre petit(e) au quotidien. Le montage de ce si\u00e8ge s&#8217;effectue sur le cadre gr\u00e2ce \u00e0 une fourche sp\u00e9ciale.<\/p>\n","protected":false},"featured_media":20846,"template":"","meta":{"_acf_changed":false},"product_brand":[],"product_cat":[214],"product_tag":[2403,2402],"marque-produit":[1282],"collection-produit":[],"type-surface-produit":[],"type-velo-produit":[],"vetement-produit":[],"thematique-produit":[],"position-sur-le-v\u00e9lo":[],"class_list":{"0":"post-74725","1":"product","2":"type-product","3":"status-publish","4":"has-post-thumbnail","6":"product_cat-sieges","7":"product_tag-nexxt","8":"product_tag-thule","9":"marque-produit-thule","11":"first","12":"instock","13":"taxable","14":"shipping-taxable","15":"purchasable","16":"product-type-variable"},"acf":[],"yoast_head":"<!-- This site is optimized with the Yoast SEO plugin v24.3 - https:\/\/yoast.com\/wordpress\/plugins\/seo\/ -->\n<title>SIEGE POUR ENFANT THULE YEPP NEXXT MAXI - Dumoulin Bicyclettes<\/title>\n<meta name=\"robots\" content=\"noindex, follow, max-snippet:-1, max-image-preview:large, max-video-preview:-1\" \/>\n<meta property=\"og:locale\" content=\"en_US\" \/>\n<meta property=\"og:type\" content=\"article\" \/>\n<meta property=\"og:title\" content=\"SIEGE POUR ENFANT THULE YEPP NEXXT MAXI - Dumoulin Bicyclettes\" \/>\n<meta property=\"og:description\" content=\"On adore ce si\u00e8ge enfant de Thule. Le Thule Yepp Nexxt Maxi est facile \u00e0 installer, facile \u00e0 op\u00e9rer, l\u00e9ger et s\u00e9curitaire. Tout ce dont vous avez besoin pour transporter votre petit(e) au quotidien. Le montage de ce si\u00e8ge s&#8217;effectue sur le cadre gr\u00e2ce \u00e0 une fourche sp\u00e9ciale.\" \/>\n<meta property=\"og:url\" content=\"https:\/\/dumoulin.absoludev.ca\/produit\/siege-pour-enfant-thule-yepp-nexxt-maxi\/\" \/>\n<meta property=\"og:site_name\" content=\"Dumoulin Bicyclettes\" \/>\n<meta property=\"article:publisher\" content=\"https:\/\/www.facebook.com\/dumoulinbicyclettes\" \/>\n<meta property=\"article:modified_time\" content=\"2025-09-04T18:20:15+00:00\" \/>\n<meta property=\"og:image\" content=\"https:\/\/dumoulin.absoludev.ca\/wp-content\/uploads\/2021\/10\/thule-yepp-maxi-nexxt-frame-mount.jpg\" \/>\n\t<meta property=\"og:image:width\" content=\"1800\" \/>\n\t<meta property=\"og:image:height\" content=\"1200\" \/>\n\t<meta property=\"og:image:type\" content=\"image\/jpeg\" \/>\n<meta name=\"twitter:card\" content=\"summary_large_image\" \/>\n<meta name=\"twitter:label1\" content=\"Est. reading time\" \/>\n\t<meta name=\"twitter:data1\" content=\"1 minute\" \/>\n<script type=\"application\/ld+json\" class=\"yoast-schema-graph\">{\"@context\":\"https:\/\/schema.org\",\"@graph\":[{\"@type\":\"WebPage\",\"@id\":\"https:\/\/dumoulin.absoludev.ca\/produit\/siege-pour-enfant-thule-yepp-nexxt-maxi\/\",\"url\":\"https:\/\/dumoulin.absoludev.ca\/produit\/siege-pour-enfant-thule-yepp-nexxt-maxi\/\",\"name\":\"SIEGE POUR ENFANT THULE YEPP NEXXT MAXI - Dumoulin Bicyclettes\",\"isPartOf\":{\"@id\":\"https:\/\/dumoulin.absoludev.ca\/#website\"},\"primaryImageOfPage\":{\"@id\":\"https:\/\/dumoulin.absoludev.ca\/produit\/siege-pour-enfant-thule-yepp-nexxt-maxi\/#primaryimage\"},\"image\":{\"@id\":\"https:\/\/dumoulin.absoludev.ca\/produit\/siege-pour-enfant-thule-yepp-nexxt-maxi\/#primaryimage\"},\"thumbnailUrl\":\"https:\/\/dumoulin.absoludev.ca\/wp-content\/uploads\/2021\/10\/thule-yepp-maxi-nexxt-frame-mount.jpg\",\"datePublished\":\"2022-05-16T18:18:54+00:00\",\"dateModified\":\"2025-09-04T18:20:15+00:00\",\"breadcrumb\":{\"@id\":\"https:\/\/dumoulin.absoludev.ca\/produit\/siege-pour-enfant-thule-yepp-nexxt-maxi\/#breadcrumb\"},\"inLanguage\":\"en-US\",\"potentialAction\":[{\"@type\":\"ReadAction\",\"target\":[\"https:\/\/dumoulin.absoludev.ca\/produit\/siege-pour-enfant-thule-yepp-nexxt-maxi\/\"]}]},{\"@type\":\"ImageObject\",\"inLanguage\":\"en-US\",\"@id\":\"https:\/\/dumoulin.absoludev.ca\/produit\/siege-pour-enfant-thule-yepp-nexxt-maxi\/#primaryimage\",\"url\":\"https:\/\/dumoulin.absoludev.ca\/wp-content\/uploads\/2021\/10\/thule-yepp-maxi-nexxt-frame-mount.jpg\",\"contentUrl\":\"https:\/\/dumoulin.absoludev.ca\/wp-content\/uploads\/2021\/10\/thule-yepp-maxi-nexxt-frame-mount.jpg\",\"width\":1800,\"height\":1200,\"caption\":\"Si\u00e8ge de v\u00e9lo pour enfant | Thule Yepp Maxi Nexxt\"},{\"@type\":\"BreadcrumbList\",\"@id\":\"https:\/\/dumoulin.absoludev.ca\/produit\/siege-pour-enfant-thule-yepp-nexxt-maxi\/#breadcrumb\",\"itemListElement\":[{\"@type\":\"ListItem\",\"position\":1,\"name\":\"Home\",\"item\":\"https:\/\/dumoulin.absoludev.ca\/en\/\"},{\"@type\":\"ListItem\",\"position\":2,\"name\":\"Shop\",\"item\":\"https:\/\/dumoulin.absoludev.ca\/en\/shop\/\"},{\"@type\":\"ListItem\",\"position\":3,\"name\":\"SIEGE POUR ENFANT THULE YEPP NEXXT MAXI\"}]},{\"@type\":\"WebSite\",\"@id\":\"https:\/\/dumoulin.absoludev.ca\/#website\",\"url\":\"https:\/\/dumoulin.absoludev.ca\/\",\"name\":\"Dumoulin Bicyclettes\",\"description\":\"\",\"publisher\":{\"@id\":\"https:\/\/dumoulin.absoludev.ca\/#organization\"},\"potentialAction\":[{\"@type\":\"SearchAction\",\"target\":{\"@type\":\"EntryPoint\",\"urlTemplate\":\"https:\/\/dumoulin.absoludev.ca\/?s={search_term_string}\"},\"query-input\":{\"@type\":\"PropertyValueSpecification\",\"valueRequired\":true,\"valueName\":\"search_term_string\"}}],\"inLanguage\":\"en-US\"},{\"@type\":\"Organization\",\"@id\":\"https:\/\/dumoulin.absoludev.ca\/#organization\",\"name\":\"Dumoulin Bicyclettes\",\"url\":\"https:\/\/dumoulin.absoludev.ca\/\",\"logo\":{\"@type\":\"ImageObject\",\"inLanguage\":\"en-US\",\"@id\":\"https:\/\/dumoulin.absoludev.ca\/#\/schema\/logo\/image\/\",\"url\":\"https:\/\/www.dumoulinbicyclettes.com\/wp-content\/uploads\/2021\/04\/Logo.svg\",\"contentUrl\":\"https:\/\/www.dumoulinbicyclettes.com\/wp-content\/uploads\/2021\/04\/Logo.svg\",\"width\":254,\"height\":86,\"caption\":\"Dumoulin Bicyclettes\"},\"image\":{\"@id\":\"https:\/\/dumoulin.absoludev.ca\/#\/schema\/logo\/image\/\"},\"sameAs\":[\"https:\/\/www.facebook.com\/dumoulinbicyclettes\",\"https:\/\/www.instagram.com\/dumoulin.ca\/\",\"https:\/\/www.youtube.com\/user\/dumoulinbicyclettes\"]}]}<\/script>\n<!-- \/ Yoast SEO plugin. -->","yoast_head_json":{"title":"SIEGE POUR ENFANT THULE YEPP NEXXT MAXI - Dumoulin Bicyclettes","robots":{"index":"noindex","follow":"follow","max-snippet":"max-snippet:-1","max-image-preview":"max-image-preview:large","max-video-preview":"max-video-preview:-1"},"og_locale":"en_US","og_type":"article","og_title":"SIEGE POUR ENFANT THULE YEPP NEXXT MAXI - Dumoulin Bicyclettes","og_description":"On adore ce si\u00e8ge enfant de Thule. Le Thule Yepp Nexxt Maxi est facile \u00e0 installer, facile \u00e0 op\u00e9rer, l\u00e9ger et s\u00e9curitaire. Tout ce dont vous avez besoin pour transporter votre petit(e) au quotidien. Le montage de ce si\u00e8ge s&#8217;effectue sur le cadre gr\u00e2ce \u00e0 une fourche sp\u00e9ciale.","og_url":"https:\/\/dumoulin.absoludev.ca\/produit\/siege-pour-enfant-thule-yepp-nexxt-maxi\/","og_site_name":"Dumoulin Bicyclettes","article_publisher":"https:\/\/www.facebook.com\/dumoulinbicyclettes","article_modified_time":"2025-09-04T18:20:15+00:00","og_image":[{"width":1800,"height":1200,"url":"https:\/\/dumoulin.absoludev.ca\/wp-content\/uploads\/2021\/10\/thule-yepp-maxi-nexxt-frame-mount.jpg","type":"image\/jpeg"}],"twitter_card":"summary_large_image","twitter_misc":{"Est. reading time":"1 minute"},"schema":{"@context":"https:\/\/schema.org","@graph":[{"@type":"WebPage","@id":"https:\/\/dumoulin.absoludev.ca\/produit\/siege-pour-enfant-thule-yepp-nexxt-maxi\/","url":"https:\/\/dumoulin.absoludev.ca\/produit\/siege-pour-enfant-thule-yepp-nexxt-maxi\/","name":"SIEGE POUR ENFANT THULE YEPP NEXXT MAXI - Dumoulin Bicyclettes","isPartOf":{"@id":"https:\/\/dumoulin.absoludev.ca\/#website"},"primaryImageOfPage":{"@id":"https:\/\/dumoulin.absoludev.ca\/produit\/siege-pour-enfant-thule-yepp-nexxt-maxi\/#primaryimage"},"image":{"@id":"https:\/\/dumoulin.absoludev.ca\/produit\/siege-pour-enfant-thule-yepp-nexxt-maxi\/#primaryimage"},"thumbnailUrl":"https:\/\/dumoulin.absoludev.ca\/wp-content\/uploads\/2021\/10\/thule-yepp-maxi-nexxt-frame-mount.jpg","datePublished":"2022-05-16T18:18:54+00:00","dateModified":"2025-09-04T18:20:15+00:00","breadcrumb":{"@id":"https:\/\/dumoulin.absoludev.ca\/produit\/siege-pour-enfant-thule-yepp-nexxt-maxi\/#breadcrumb"},"inLanguage":"en-US","potentialAction":[{"@type":"ReadAction","target":["https:\/\/dumoulin.absoludev.ca\/produit\/siege-pour-enfant-thule-yepp-nexxt-maxi\/"]}]},{"@type":"ImageObject","inLanguage":"en-US","@id":"https:\/\/dumoulin.absoludev.ca\/produit\/siege-pour-enfant-thule-yepp-nexxt-maxi\/#primaryimage","url":"https:\/\/dumoulin.absoludev.ca\/wp-content\/uploads\/2021\/10\/thule-yepp-maxi-nexxt-frame-mount.jpg","contentUrl":"https:\/\/dumoulin.absoludev.ca\/wp-content\/uploads\/2021\/10\/thule-yepp-maxi-nexxt-frame-mount.jpg","width":1800,"height":1200,"caption":"Si\u00e8ge de v\u00e9lo pour enfant | Thule Yepp Maxi Nexxt"},{"@type":"BreadcrumbList","@id":"https:\/\/dumoulin.absoludev.ca\/produit\/siege-pour-enfant-thule-yepp-nexxt-maxi\/#breadcrumb","itemListElement":[{"@type":"ListItem","position":1,"name":"Home","item":"https:\/\/dumoulin.absoludev.ca\/en\/"},{"@type":"ListItem","position":2,"name":"Shop","item":"https:\/\/dumoulin.absoludev.ca\/en\/shop\/"},{"@type":"ListItem","position":3,"name":"SIEGE POUR ENFANT THULE YEPP NEXXT MAXI"}]},{"@type":"WebSite","@id":"https:\/\/dumoulin.absoludev.ca\/#website","url":"https:\/\/dumoulin.absoludev.ca\/","name":"Dumoulin Bicyclettes","description":"","publisher":{"@id":"https:\/\/dumoulin.absoludev.ca\/#organization"},"potentialAction":[{"@type":"SearchAction","target":{"@type":"EntryPoint","urlTemplate":"https:\/\/dumoulin.absoludev.ca\/?s={search_term_string}"},"query-input":{"@type":"PropertyValueSpecification","valueRequired":true,"valueName":"search_term_string"}}],"inLanguage":"en-US"},{"@type":"Organization","@id":"https:\/\/dumoulin.absoludev.ca\/#organization","name":"Dumoulin Bicyclettes","url":"https:\/\/dumoulin.absoludev.ca\/","logo":{"@type":"ImageObject","inLanguage":"en-US","@id":"https:\/\/dumoulin.absoludev.ca\/#\/schema\/logo\/image\/","url":"https:\/\/www.dumoulinbicyclettes.com\/wp-content\/uploads\/2021\/04\/Logo.svg","contentUrl":"https:\/\/www.dumoulinbicyclettes.com\/wp-content\/uploads\/2021\/04\/Logo.svg","width":254,"height":86,"caption":"Dumoulin Bicyclettes"},"image":{"@id":"https:\/\/dumoulin.absoludev.ca\/#\/schema\/logo\/image\/"},"sameAs":["https:\/\/www.facebook.com\/dumoulinbicyclettes","https:\/\/www.instagram.com\/dumoulin.ca\/","https:\/\/www.youtube.com\/user\/dumoulinbicyclettes"]}]}},"_links":{"self":[{"href":"https:\/\/dumoulin.absoludev.ca\/en\/wp-json\/wp\/v2\/product\/74725","targetHints":{"allow":["GET"]}}],"collection":[{"href":"https:\/\/dumoulin.absoludev.ca\/en\/wp-json\/wp\/v2\/product"}],"about":[{"href":"https:\/\/dumoulin.absoludev.ca\/en\/wp-json\/wp\/v2\/types\/product"}],"wp:featuredmedia":[{"embeddable":true,"href":"https:\/\/dumoulin.absoludev.ca\/en\/wp-json\/wp\/v2\/media\/20846"}],"wp:attachment":[{"href":"https:\/\/dumoulin.absoludev.ca\/en\/wp-json\/wp\/v2\/media?parent=74725"}],"wp:term":[{"taxonomy":"product_brand","embeddable":true,"href":"https:\/\/dumoulin.absoludev.ca\/en\/wp-json\/wp\/v2\/product_brand?post=74725"},{"taxonomy":"product_cat","embeddable":true,"href":"https:\/\/dumoulin.absoludev.ca\/en\/wp-json\/wp\/v2\/product_cat?post=74725"},{"taxonomy":"product_tag","embeddable":true,"href":"https:\/\/dumoulin.absoludev.ca\/en\/wp-json\/wp\/v2\/product_tag?post=74725"},{"taxonomy":"marque-produit","embeddable":true,"href":"https:\/\/dumoulin.absoludev.ca\/en\/wp-json\/wp\/v2\/marque-produit?post=74725"},{"taxonomy":"collection-produit","embeddable":true,"href":"https:\/\/dumoulin.absoludev.ca\/en\/wp-json\/wp\/v2\/collection-produit?post=74725"},{"taxonomy":"type-surface-produit","embeddable":true,"href":"https:\/\/dumoulin.absoludev.ca\/en\/wp-json\/wp\/v2\/type-surface-produit?post=74725"},{"taxonomy":"type-velo-produit","embeddable":true,"href":"https:\/\/dumoulin.absoludev.ca\/en\/wp-json\/wp\/v2\/type-velo-produit?post=74725"},{"taxonomy":"vetement-produit","embeddable":true,"href":"https:\/\/dumoulin.absoludev.ca\/en\/wp-json\/wp\/v2\/vetement-produit?post=74725"},{"taxonomy":"thematique-produit","embeddable":true,"href":"https:\/\/dumoulin.absoludev.ca\/en\/wp-json\/wp\/v2\/thematique-produit?post=74725"},{"taxonomy":"position-sur-le-v\u00e9lo","embeddable":true,"href":"https:\/\/dumoulin.absoludev.ca\/en\/wp-json\/wp\/v2\/position-sur-le-v\u00e9lo?post=74725"}],"curies":[{"name":"wp","href":"https:\/\/api.w.org\/{rel}","templated":true}]}}