{"id":74718,"date":"2022-05-16T14:18:53","date_gmt":"2022-05-16T18:18:53","guid":{"rendered":"http:\/\/www.dumoulinbicyclettes.com\/produit\/passe-montagne-kombi-p3-balaclava\/"},"modified":"2025-09-04T14:20:13","modified_gmt":"2025-09-04T18:20:13","slug":"passe-montagne-kombi-p3-balaclava-velo-d-hiver","status":"publish","type":"product","link":"https:\/\/dumoulin.absoludev.ca\/en\/produit\/passe-montagne-kombi-p3-balaclava-velo-d-hiver\/","title":{"rendered":"Passe-montagne Kombi P3 \u00abbalaclava\u00bb"},"content":{"rendered":"<p>La cagoule ou le passe-montagne Kombi sont des accessoires assez essentiels pour sortir jouer en hiver. La pratique du v\u00e9lo d&#8217;hiver n&#8217;\u00e9chappe pas \u00e0 cette r\u00e8gle : sortez couverts !<\/p>\n<p>Le passe-montagne Kombi P3 vous tient au chaud sous le casque, et permet de continuer \u00e0 faire du v\u00e9lo, m\u00eame en hiver!<\/p>\n","protected":false},"excerpt":{"rendered":"<p>La cagoule ou le passe-montagne Kombi sont des accessoires assez essentiels pour sortir jouer en hiver. La pratique du v\u00e9lo d&#8217;hiver n&#8217;\u00e9chappe pas \u00e0 cette r\u00e8gle : sortez couverts ! Le passe-montagne Kombi P3 vous tient au chaud sous le casque, et permet de continuer \u00e0 faire du v\u00e9lo, m\u00eame en hiver!<\/p>\n","protected":false},"featured_media":20682,"template":"","meta":{"_acf_changed":false},"product_brand":[],"product_cat":[203,189],"product_tag":[2388,2180],"marque-produit":[2309],"collection-produit":[2900],"type-surface-produit":[],"type-velo-produit":[],"vetement-produit":[1243],"thematique-produit":[1238,2173],"position-sur-le-v\u00e9lo":[],"class_list":{"0":"post-74718","1":"product","2":"type-product","3":"status-publish","4":"has-post-thumbnail","6":"product_cat-tuques-passe-montagne-et-casquettes","7":"product_cat-vetements","8":"product_tag-balaclava","9":"product_tag-kombi","10":"marque-produit-kombi","11":"collection-produit-vetements","12":"vetement-produit-unisexe","13":"thematique-produit-hiver","14":"thematique-produit-hiver-en","16":"first","17":"instock","18":"taxable","19":"shipping-taxable","20":"purchasable","21":"product-type-variable"},"acf":[],"yoast_head":"<!-- This site is optimized with the Yoast SEO plugin v24.3 - https:\/\/yoast.com\/wordpress\/plugins\/seo\/ -->\n<title>Passe-montagne Kombi P3 \u00abbalaclava\u00bb - Dumoulin Bicyclettes<\/title>\n<meta name=\"description\" content=\"La cagoule ou passe-montagne Kombi isole votre cou, votre t\u00eate et votre visage des morsures de l&#039;hiver. Un essentiel du v\u00e9lo d&#039;hiver !\" \/>\n<meta name=\"robots\" content=\"noindex, follow, max-snippet:-1, max-image-preview:large, max-video-preview:-1\" \/>\n<meta property=\"og:locale\" content=\"en_US\" \/>\n<meta property=\"og:type\" content=\"article\" \/>\n<meta property=\"og:title\" content=\"Passe-montagne Kombi P3 \u00abbalaclava\u00bb - Dumoulin Bicyclettes\" \/>\n<meta property=\"og:description\" content=\"La cagoule ou passe-montagne Kombi isole votre cou, votre t\u00eate et votre visage des morsures de l&#039;hiver. Un essentiel du v\u00e9lo d&#039;hiver !\" \/>\n<meta property=\"og:url\" content=\"https:\/\/dumoulin.absoludev.ca\/produit\/passe-montagne-kombi-p3-balaclava-velo-d-hiver\/\" \/>\n<meta property=\"og:site_name\" content=\"Dumoulin Bicyclettes\" \/>\n<meta property=\"article:publisher\" content=\"https:\/\/www.facebook.com\/dumoulinbicyclettes\" \/>\n<meta property=\"article:modified_time\" content=\"2025-09-04T18:20:13+00:00\" \/>\n<meta property=\"og:image\" content=\"https:\/\/dumoulin.absoludev.ca\/wp-content\/uploads\/2021\/10\/unnamed.png\" \/>\n\t<meta property=\"og:image:width\" content=\"2000\" \/>\n\t<meta property=\"og:image:height\" content=\"2000\" \/>\n\t<meta property=\"og:image:type\" content=\"image\/png\" \/>\n<meta name=\"twitter:card\" content=\"summary_large_image\" \/>\n<meta name=\"twitter:label1\" content=\"Est. reading time\" \/>\n\t<meta name=\"twitter:data1\" content=\"1 minute\" \/>\n<script type=\"application\/ld+json\" class=\"yoast-schema-graph\">{\"@context\":\"https:\/\/schema.org\",\"@graph\":[{\"@type\":\"WebPage\",\"@id\":\"https:\/\/dumoulin.absoludev.ca\/produit\/passe-montagne-kombi-p3-balaclava-velo-d-hiver\/\",\"url\":\"https:\/\/dumoulin.absoludev.ca\/produit\/passe-montagne-kombi-p3-balaclava-velo-d-hiver\/\",\"name\":\"Passe-montagne Kombi P3 \u00abbalaclava\u00bb - Dumoulin Bicyclettes\",\"isPartOf\":{\"@id\":\"https:\/\/dumoulin.absoludev.ca\/#website\"},\"primaryImageOfPage\":{\"@id\":\"https:\/\/dumoulin.absoludev.ca\/produit\/passe-montagne-kombi-p3-balaclava-velo-d-hiver\/#primaryimage\"},\"image\":{\"@id\":\"https:\/\/dumoulin.absoludev.ca\/produit\/passe-montagne-kombi-p3-balaclava-velo-d-hiver\/#primaryimage\"},\"thumbnailUrl\":\"https:\/\/dumoulin.absoludev.ca\/wp-content\/uploads\/2021\/10\/unnamed.png\",\"datePublished\":\"2022-05-16T18:18:53+00:00\",\"dateModified\":\"2025-09-04T18:20:13+00:00\",\"description\":\"La cagoule ou passe-montagne Kombi isole votre cou, votre t\u00eate et votre visage des morsures de l'hiver. Un essentiel du v\u00e9lo d'hiver !\",\"breadcrumb\":{\"@id\":\"https:\/\/dumoulin.absoludev.ca\/produit\/passe-montagne-kombi-p3-balaclava-velo-d-hiver\/#breadcrumb\"},\"inLanguage\":\"en-US\",\"potentialAction\":[{\"@type\":\"ReadAction\",\"target\":[\"https:\/\/dumoulin.absoludev.ca\/produit\/passe-montagne-kombi-p3-balaclava-velo-d-hiver\/\"]}]},{\"@type\":\"ImageObject\",\"inLanguage\":\"en-US\",\"@id\":\"https:\/\/dumoulin.absoludev.ca\/produit\/passe-montagne-kombi-p3-balaclava-velo-d-hiver\/#primaryimage\",\"url\":\"https:\/\/dumoulin.absoludev.ca\/wp-content\/uploads\/2021\/10\/unnamed.png\",\"contentUrl\":\"https:\/\/dumoulin.absoludev.ca\/wp-content\/uploads\/2021\/10\/unnamed.png\",\"width\":2000,\"height\":2000,\"caption\":\"passe-montagne-kombi-balaclava-velo-d-hiver\"},{\"@type\":\"BreadcrumbList\",\"@id\":\"https:\/\/dumoulin.absoludev.ca\/produit\/passe-montagne-kombi-p3-balaclava-velo-d-hiver\/#breadcrumb\",\"itemListElement\":[{\"@type\":\"ListItem\",\"position\":1,\"name\":\"Home\",\"item\":\"https:\/\/dumoulin.absoludev.ca\/en\/\"},{\"@type\":\"ListItem\",\"position\":2,\"name\":\"Shop\",\"item\":\"https:\/\/dumoulin.absoludev.ca\/en\/shop\/\"},{\"@type\":\"ListItem\",\"position\":3,\"name\":\"Passe-montagne Kombi P3 \u00abbalaclava\u00bb\"}]},{\"@type\":\"WebSite\",\"@id\":\"https:\/\/dumoulin.absoludev.ca\/#website\",\"url\":\"https:\/\/dumoulin.absoludev.ca\/\",\"name\":\"Dumoulin Bicyclettes\",\"description\":\"\",\"publisher\":{\"@id\":\"https:\/\/dumoulin.absoludev.ca\/#organization\"},\"potentialAction\":[{\"@type\":\"SearchAction\",\"target\":{\"@type\":\"EntryPoint\",\"urlTemplate\":\"https:\/\/dumoulin.absoludev.ca\/?s={search_term_string}\"},\"query-input\":{\"@type\":\"PropertyValueSpecification\",\"valueRequired\":true,\"valueName\":\"search_term_string\"}}],\"inLanguage\":\"en-US\"},{\"@type\":\"Organization\",\"@id\":\"https:\/\/dumoulin.absoludev.ca\/#organization\",\"name\":\"Dumoulin Bicyclettes\",\"url\":\"https:\/\/dumoulin.absoludev.ca\/\",\"logo\":{\"@type\":\"ImageObject\",\"inLanguage\":\"en-US\",\"@id\":\"https:\/\/dumoulin.absoludev.ca\/#\/schema\/logo\/image\/\",\"url\":\"https:\/\/www.dumoulinbicyclettes.com\/wp-content\/uploads\/2021\/04\/Logo.svg\",\"contentUrl\":\"https:\/\/www.dumoulinbicyclettes.com\/wp-content\/uploads\/2021\/04\/Logo.svg\",\"width\":254,\"height\":86,\"caption\":\"Dumoulin Bicyclettes\"},\"image\":{\"@id\":\"https:\/\/dumoulin.absoludev.ca\/#\/schema\/logo\/image\/\"},\"sameAs\":[\"https:\/\/www.facebook.com\/dumoulinbicyclettes\",\"https:\/\/www.instagram.com\/dumoulin.ca\/\",\"https:\/\/www.youtube.com\/user\/dumoulinbicyclettes\"]}]}<\/script>\n<!-- \/ Yoast SEO plugin. -->","yoast_head_json":{"title":"Passe-montagne Kombi P3 \u00abbalaclava\u00bb - Dumoulin Bicyclettes","description":"La cagoule ou passe-montagne Kombi isole votre cou, votre t\u00eate et votre visage des morsures de l'hiver. Un essentiel du v\u00e9lo d'hiver !","robots":{"index":"noindex","follow":"follow","max-snippet":"max-snippet:-1","max-image-preview":"max-image-preview:large","max-video-preview":"max-video-preview:-1"},"og_locale":"en_US","og_type":"article","og_title":"Passe-montagne Kombi P3 \u00abbalaclava\u00bb - Dumoulin Bicyclettes","og_description":"La cagoule ou passe-montagne Kombi isole votre cou, votre t\u00eate et votre visage des morsures de l'hiver. Un essentiel du v\u00e9lo d'hiver !","og_url":"https:\/\/dumoulin.absoludev.ca\/produit\/passe-montagne-kombi-p3-balaclava-velo-d-hiver\/","og_site_name":"Dumoulin Bicyclettes","article_publisher":"https:\/\/www.facebook.com\/dumoulinbicyclettes","article_modified_time":"2025-09-04T18:20:13+00:00","og_image":[{"width":2000,"height":2000,"url":"https:\/\/dumoulin.absoludev.ca\/wp-content\/uploads\/2021\/10\/unnamed.png","type":"image\/png"}],"twitter_card":"summary_large_image","twitter_misc":{"Est. reading time":"1 minute"},"schema":{"@context":"https:\/\/schema.org","@graph":[{"@type":"WebPage","@id":"https:\/\/dumoulin.absoludev.ca\/produit\/passe-montagne-kombi-p3-balaclava-velo-d-hiver\/","url":"https:\/\/dumoulin.absoludev.ca\/produit\/passe-montagne-kombi-p3-balaclava-velo-d-hiver\/","name":"Passe-montagne Kombi P3 \u00abbalaclava\u00bb - Dumoulin Bicyclettes","isPartOf":{"@id":"https:\/\/dumoulin.absoludev.ca\/#website"},"primaryImageOfPage":{"@id":"https:\/\/dumoulin.absoludev.ca\/produit\/passe-montagne-kombi-p3-balaclava-velo-d-hiver\/#primaryimage"},"image":{"@id":"https:\/\/dumoulin.absoludev.ca\/produit\/passe-montagne-kombi-p3-balaclava-velo-d-hiver\/#primaryimage"},"thumbnailUrl":"https:\/\/dumoulin.absoludev.ca\/wp-content\/uploads\/2021\/10\/unnamed.png","datePublished":"2022-05-16T18:18:53+00:00","dateModified":"2025-09-04T18:20:13+00:00","description":"La cagoule ou passe-montagne Kombi isole votre cou, votre t\u00eate et votre visage des morsures de l'hiver. Un essentiel du v\u00e9lo d'hiver !","breadcrumb":{"@id":"https:\/\/dumoulin.absoludev.ca\/produit\/passe-montagne-kombi-p3-balaclava-velo-d-hiver\/#breadcrumb"},"inLanguage":"en-US","potentialAction":[{"@type":"ReadAction","target":["https:\/\/dumoulin.absoludev.ca\/produit\/passe-montagne-kombi-p3-balaclava-velo-d-hiver\/"]}]},{"@type":"ImageObject","inLanguage":"en-US","@id":"https:\/\/dumoulin.absoludev.ca\/produit\/passe-montagne-kombi-p3-balaclava-velo-d-hiver\/#primaryimage","url":"https:\/\/dumoulin.absoludev.ca\/wp-content\/uploads\/2021\/10\/unnamed.png","contentUrl":"https:\/\/dumoulin.absoludev.ca\/wp-content\/uploads\/2021\/10\/unnamed.png","width":2000,"height":2000,"caption":"passe-montagne-kombi-balaclava-velo-d-hiver"},{"@type":"BreadcrumbList","@id":"https:\/\/dumoulin.absoludev.ca\/produit\/passe-montagne-kombi-p3-balaclava-velo-d-hiver\/#breadcrumb","itemListElement":[{"@type":"ListItem","position":1,"name":"Home","item":"https:\/\/dumoulin.absoludev.ca\/en\/"},{"@type":"ListItem","position":2,"name":"Shop","item":"https:\/\/dumoulin.absoludev.ca\/en\/shop\/"},{"@type":"ListItem","position":3,"name":"Passe-montagne Kombi P3 \u00abbalaclava\u00bb"}]},{"@type":"WebSite","@id":"https:\/\/dumoulin.absoludev.ca\/#website","url":"https:\/\/dumoulin.absoludev.ca\/","name":"Dumoulin Bicyclettes","description":"","publisher":{"@id":"https:\/\/dumoulin.absoludev.ca\/#organization"},"potentialAction":[{"@type":"SearchAction","target":{"@type":"EntryPoint","urlTemplate":"https:\/\/dumoulin.absoludev.ca\/?s={search_term_string}"},"query-input":{"@type":"PropertyValueSpecification","valueRequired":true,"valueName":"search_term_string"}}],"inLanguage":"en-US"},{"@type":"Organization","@id":"https:\/\/dumoulin.absoludev.ca\/#organization","name":"Dumoulin Bicyclettes","url":"https:\/\/dumoulin.absoludev.ca\/","logo":{"@type":"ImageObject","inLanguage":"en-US","@id":"https:\/\/dumoulin.absoludev.ca\/#\/schema\/logo\/image\/","url":"https:\/\/www.dumoulinbicyclettes.com\/wp-content\/uploads\/2021\/04\/Logo.svg","contentUrl":"https:\/\/www.dumoulinbicyclettes.com\/wp-content\/uploads\/2021\/04\/Logo.svg","width":254,"height":86,"caption":"Dumoulin Bicyclettes"},"image":{"@id":"https:\/\/dumoulin.absoludev.ca\/#\/schema\/logo\/image\/"},"sameAs":["https:\/\/www.facebook.com\/dumoulinbicyclettes","https:\/\/www.instagram.com\/dumoulin.ca\/","https:\/\/www.youtube.com\/user\/dumoulinbicyclettes"]}]}},"_links":{"self":[{"href":"https:\/\/dumoulin.absoludev.ca\/en\/wp-json\/wp\/v2\/product\/74718","targetHints":{"allow":["GET"]}}],"collection":[{"href":"https:\/\/dumoulin.absoludev.ca\/en\/wp-json\/wp\/v2\/product"}],"about":[{"href":"https:\/\/dumoulin.absoludev.ca\/en\/wp-json\/wp\/v2\/types\/product"}],"wp:featuredmedia":[{"embeddable":true,"href":"https:\/\/dumoulin.absoludev.ca\/en\/wp-json\/wp\/v2\/media\/20682"}],"wp:attachment":[{"href":"https:\/\/dumoulin.absoludev.ca\/en\/wp-json\/wp\/v2\/media?parent=74718"}],"wp:term":[{"taxonomy":"product_brand","embeddable":true,"href":"https:\/\/dumoulin.absoludev.ca\/en\/wp-json\/wp\/v2\/product_brand?post=74718"},{"taxonomy":"product_cat","embeddable":true,"href":"https:\/\/dumoulin.absoludev.ca\/en\/wp-json\/wp\/v2\/product_cat?post=74718"},{"taxonomy":"product_tag","embeddable":true,"href":"https:\/\/dumoulin.absoludev.ca\/en\/wp-json\/wp\/v2\/product_tag?post=74718"},{"taxonomy":"marque-produit","embeddable":true,"href":"https:\/\/dumoulin.absoludev.ca\/en\/wp-json\/wp\/v2\/marque-produit?post=74718"},{"taxonomy":"collection-produit","embeddable":true,"href":"https:\/\/dumoulin.absoludev.ca\/en\/wp-json\/wp\/v2\/collection-produit?post=74718"},{"taxonomy":"type-surface-produit","embeddable":true,"href":"https:\/\/dumoulin.absoludev.ca\/en\/wp-json\/wp\/v2\/type-surface-produit?post=74718"},{"taxonomy":"type-velo-produit","embeddable":true,"href":"https:\/\/dumoulin.absoludev.ca\/en\/wp-json\/wp\/v2\/type-velo-produit?post=74718"},{"taxonomy":"vetement-produit","embeddable":true,"href":"https:\/\/dumoulin.absoludev.ca\/en\/wp-json\/wp\/v2\/vetement-produit?post=74718"},{"taxonomy":"thematique-produit","embeddable":true,"href":"https:\/\/dumoulin.absoludev.ca\/en\/wp-json\/wp\/v2\/thematique-produit?post=74718"},{"taxonomy":"position-sur-le-v\u00e9lo","embeddable":true,"href":"https:\/\/dumoulin.absoludev.ca\/en\/wp-json\/wp\/v2\/position-sur-le-v\u00e9lo?post=74718"}],"curies":[{"name":"wp","href":"https:\/\/api.w.org\/{rel}","templated":true}]}}