{"id":74699,"date":"2022-05-16T14:18:52","date_gmt":"2022-05-16T18:18:52","guid":{"rendered":"http:\/\/www.dumoulinbicyclettes.com\/produit\/ch-a-air-schwalbe-4\/"},"modified":"2025-09-04T14:20:01","modified_gmt":"2025-09-04T18:20:01","slug":"schwalbe-4-tube-brompton","status":"publish","type":"product","link":"https:\/\/dumoulin.absoludev.ca\/en\/produit\/schwalbe-4-tube-brompton\/","title":{"rendered":"Chambre \u00e0 air Schwalbe #4 (Brompton)"},"content":{"rendered":"<p>Chambre \u00e0 air Schwalbe #4, de diam\u00e8tre 349mm. Vous utiliserez ces chambres \u00e0 air pour vos v\u00e9los pliables Brompton. Choisissez votre valve presta ou schrader.<\/p>\n<p>\u2022Les chambres \u00e0 air Schwalbe sont 100% recyclables;<\/p>\n<p>\u2022Test\u00e9es et subissant des contr\u00f4les qualit\u00e9 \u00e9lev\u00e9s.<\/p>\n","protected":false},"excerpt":{"rendered":"<p>Chambre \u00e0 air Schwalbe #4, de diam\u00e8tre 349mm. Vous utiliserez ces chambres \u00e0 air pour vos v\u00e9los pliables Brompton. Choisissez votre valve presta ou schrader. \u2022Les chambres \u00e0 air Schwalbe sont 100% recyclables; \u2022Test\u00e9es et subissant des contr\u00f4les qualit\u00e9 \u00e9lev\u00e9s.<\/p>\n","protected":false},"featured_media":20222,"template":"","meta":{"_acf_changed":false},"product_brand":[],"product_cat":[227,2422],"product_tag":[2326],"marque-produit":[1336],"collection-produit":[2885],"type-surface-produit":[],"type-velo-produit":[1253],"vetement-produit":[],"thematique-produit":[],"position-sur-le-v\u00e9lo":[],"class_list":{"0":"post-74699","1":"product","2":"type-product","3":"status-publish","4":"has-post-thumbnail","6":"product_cat-chambres-a-air","7":"product_cat-pieces-composantes-de-velos-pliables","8":"product_tag-chambre-a-air","9":"marque-produit-schwalbe","10":"collection-produit-pieces-et-composantes","11":"type-velo-produit-pliables","13":"first","14":"outofstock","15":"taxable","16":"shipping-taxable","17":"purchasable","18":"product-type-variable"},"acf":[],"yoast_head":"<!-- This site is optimized with the Yoast SEO plugin v24.3 - https:\/\/yoast.com\/wordpress\/plugins\/seo\/ -->\n<title>Chambre \u00e0 air Schwalbe #4 - Brompton | 349 | 16x1-3\/8 - Dumoulin<\/title>\n<meta name=\"description\" content=\"Ces chambres \u00e0 air pour Brompton sont fabriqu\u00e9es par Schwalbe. Quality tubes for Brompton tires. (16x1-3\/8) - ISO 349\" \/>\n<meta name=\"robots\" content=\"noindex, follow, max-snippet:-1, max-image-preview:large, max-video-preview:-1\" \/>\n<meta property=\"og:locale\" content=\"en_US\" \/>\n<meta property=\"og:type\" content=\"article\" \/>\n<meta property=\"og:title\" content=\"Chambre \u00e0 air Schwalbe #4 - Brompton | 349 | 16x1-3\/8 - Dumoulin\" \/>\n<meta property=\"og:description\" content=\"Ces chambres \u00e0 air pour Brompton sont fabriqu\u00e9es par Schwalbe. Quality tubes for Brompton tires. (16x1-3\/8) - ISO 349\" \/>\n<meta property=\"og:url\" content=\"https:\/\/dumoulin.absoludev.ca\/produit\/schwalbe-4-tube-brompton\/\" \/>\n<meta property=\"og:site_name\" content=\"Dumoulin Bicyclettes\" \/>\n<meta property=\"article:publisher\" content=\"https:\/\/www.facebook.com\/dumoulinbicyclettes\" \/>\n<meta property=\"article:modified_time\" content=\"2025-09-04T18:20:01+00:00\" \/>\n<meta property=\"og:image\" content=\"https:\/\/dumoulin.absoludev.ca\/wp-content\/uploads\/2021\/10\/schwalbe-bo-te-v-lo-chambre-air-349-355-16-18-brompton-petit-tissu-chambre-airjpg-640x640-1.jpg\" \/>\n\t<meta property=\"og:image:width\" content=\"640\" \/>\n\t<meta property=\"og:image:height\" content=\"640\" \/>\n\t<meta property=\"og:image:type\" content=\"image\/jpeg\" \/>\n<meta name=\"twitter:card\" content=\"summary_large_image\" \/>\n<meta name=\"twitter:label1\" content=\"Est. reading time\" \/>\n\t<meta name=\"twitter:data1\" content=\"1 minute\" \/>\n<script type=\"application\/ld+json\" class=\"yoast-schema-graph\">{\"@context\":\"https:\/\/schema.org\",\"@graph\":[{\"@type\":\"WebPage\",\"@id\":\"https:\/\/dumoulin.absoludev.ca\/produit\/schwalbe-4-tube-brompton\/\",\"url\":\"https:\/\/dumoulin.absoludev.ca\/produit\/schwalbe-4-tube-brompton\/\",\"name\":\"Chambre \u00e0 air Schwalbe #4 - Brompton | 349 | 16x1-3\/8 - Dumoulin\",\"isPartOf\":{\"@id\":\"https:\/\/dumoulin.absoludev.ca\/#website\"},\"primaryImageOfPage\":{\"@id\":\"https:\/\/dumoulin.absoludev.ca\/produit\/schwalbe-4-tube-brompton\/#primaryimage\"},\"image\":{\"@id\":\"https:\/\/dumoulin.absoludev.ca\/produit\/schwalbe-4-tube-brompton\/#primaryimage\"},\"thumbnailUrl\":\"https:\/\/dumoulin.absoludev.ca\/wp-content\/uploads\/2021\/10\/schwalbe-bo-te-v-lo-chambre-air-349-355-16-18-brompton-petit-tissu-chambre-airjpg-640x640-1.jpg\",\"datePublished\":\"2022-05-16T18:18:52+00:00\",\"dateModified\":\"2025-09-04T18:20:01+00:00\",\"description\":\"Ces chambres \u00e0 air pour Brompton sont fabriqu\u00e9es par Schwalbe. Quality tubes for Brompton tires. (16x1-3\/8) - ISO 349\",\"breadcrumb\":{\"@id\":\"https:\/\/dumoulin.absoludev.ca\/produit\/schwalbe-4-tube-brompton\/#breadcrumb\"},\"inLanguage\":\"en-US\",\"potentialAction\":[{\"@type\":\"ReadAction\",\"target\":[\"https:\/\/dumoulin.absoludev.ca\/produit\/schwalbe-4-tube-brompton\/\"]}]},{\"@type\":\"ImageObject\",\"inLanguage\":\"en-US\",\"@id\":\"https:\/\/dumoulin.absoludev.ca\/produit\/schwalbe-4-tube-brompton\/#primaryimage\",\"url\":\"https:\/\/dumoulin.absoludev.ca\/wp-content\/uploads\/2021\/10\/schwalbe-bo-te-v-lo-chambre-air-349-355-16-18-brompton-petit-tissu-chambre-airjpg-640x640-1.jpg\",\"contentUrl\":\"https:\/\/dumoulin.absoludev.ca\/wp-content\/uploads\/2021\/10\/schwalbe-bo-te-v-lo-chambre-air-349-355-16-18-brompton-petit-tissu-chambre-airjpg-640x640-1.jpg\",\"width\":640,\"height\":640},{\"@type\":\"BreadcrumbList\",\"@id\":\"https:\/\/dumoulin.absoludev.ca\/produit\/schwalbe-4-tube-brompton\/#breadcrumb\",\"itemListElement\":[{\"@type\":\"ListItem\",\"position\":1,\"name\":\"Home\",\"item\":\"https:\/\/dumoulin.absoludev.ca\/en\/\"},{\"@type\":\"ListItem\",\"position\":2,\"name\":\"Shop\",\"item\":\"https:\/\/dumoulin.absoludev.ca\/en\/shop\/\"},{\"@type\":\"ListItem\",\"position\":3,\"name\":\"Chambre \u00e0 air Schwalbe #4 (Brompton)\"}]},{\"@type\":\"WebSite\",\"@id\":\"https:\/\/dumoulin.absoludev.ca\/#website\",\"url\":\"https:\/\/dumoulin.absoludev.ca\/\",\"name\":\"Dumoulin Bicyclettes\",\"description\":\"\",\"publisher\":{\"@id\":\"https:\/\/dumoulin.absoludev.ca\/#organization\"},\"potentialAction\":[{\"@type\":\"SearchAction\",\"target\":{\"@type\":\"EntryPoint\",\"urlTemplate\":\"https:\/\/dumoulin.absoludev.ca\/?s={search_term_string}\"},\"query-input\":{\"@type\":\"PropertyValueSpecification\",\"valueRequired\":true,\"valueName\":\"search_term_string\"}}],\"inLanguage\":\"en-US\"},{\"@type\":\"Organization\",\"@id\":\"https:\/\/dumoulin.absoludev.ca\/#organization\",\"name\":\"Dumoulin Bicyclettes\",\"url\":\"https:\/\/dumoulin.absoludev.ca\/\",\"logo\":{\"@type\":\"ImageObject\",\"inLanguage\":\"en-US\",\"@id\":\"https:\/\/dumoulin.absoludev.ca\/#\/schema\/logo\/image\/\",\"url\":\"https:\/\/www.dumoulinbicyclettes.com\/wp-content\/uploads\/2021\/04\/Logo.svg\",\"contentUrl\":\"https:\/\/www.dumoulinbicyclettes.com\/wp-content\/uploads\/2021\/04\/Logo.svg\",\"width\":254,\"height\":86,\"caption\":\"Dumoulin Bicyclettes\"},\"image\":{\"@id\":\"https:\/\/dumoulin.absoludev.ca\/#\/schema\/logo\/image\/\"},\"sameAs\":[\"https:\/\/www.facebook.com\/dumoulinbicyclettes\",\"https:\/\/www.instagram.com\/dumoulin.ca\/\",\"https:\/\/www.youtube.com\/user\/dumoulinbicyclettes\"]}]}<\/script>\n<!-- \/ Yoast SEO plugin. -->","yoast_head_json":{"title":"Chambre \u00e0 air Schwalbe #4 - Brompton | 349 | 16x1-3\/8 - Dumoulin","description":"Ces chambres \u00e0 air pour Brompton sont fabriqu\u00e9es par Schwalbe. Quality tubes for Brompton tires. (16x1-3\/8) - ISO 349","robots":{"index":"noindex","follow":"follow","max-snippet":"max-snippet:-1","max-image-preview":"max-image-preview:large","max-video-preview":"max-video-preview:-1"},"og_locale":"en_US","og_type":"article","og_title":"Chambre \u00e0 air Schwalbe #4 - Brompton | 349 | 16x1-3\/8 - Dumoulin","og_description":"Ces chambres \u00e0 air pour Brompton sont fabriqu\u00e9es par Schwalbe. Quality tubes for Brompton tires. (16x1-3\/8) - ISO 349","og_url":"https:\/\/dumoulin.absoludev.ca\/produit\/schwalbe-4-tube-brompton\/","og_site_name":"Dumoulin Bicyclettes","article_publisher":"https:\/\/www.facebook.com\/dumoulinbicyclettes","article_modified_time":"2025-09-04T18:20:01+00:00","og_image":[{"width":640,"height":640,"url":"https:\/\/dumoulin.absoludev.ca\/wp-content\/uploads\/2021\/10\/schwalbe-bo-te-v-lo-chambre-air-349-355-16-18-brompton-petit-tissu-chambre-airjpg-640x640-1.jpg","type":"image\/jpeg"}],"twitter_card":"summary_large_image","twitter_misc":{"Est. reading time":"1 minute"},"schema":{"@context":"https:\/\/schema.org","@graph":[{"@type":"WebPage","@id":"https:\/\/dumoulin.absoludev.ca\/produit\/schwalbe-4-tube-brompton\/","url":"https:\/\/dumoulin.absoludev.ca\/produit\/schwalbe-4-tube-brompton\/","name":"Chambre \u00e0 air Schwalbe #4 - Brompton | 349 | 16x1-3\/8 - Dumoulin","isPartOf":{"@id":"https:\/\/dumoulin.absoludev.ca\/#website"},"primaryImageOfPage":{"@id":"https:\/\/dumoulin.absoludev.ca\/produit\/schwalbe-4-tube-brompton\/#primaryimage"},"image":{"@id":"https:\/\/dumoulin.absoludev.ca\/produit\/schwalbe-4-tube-brompton\/#primaryimage"},"thumbnailUrl":"https:\/\/dumoulin.absoludev.ca\/wp-content\/uploads\/2021\/10\/schwalbe-bo-te-v-lo-chambre-air-349-355-16-18-brompton-petit-tissu-chambre-airjpg-640x640-1.jpg","datePublished":"2022-05-16T18:18:52+00:00","dateModified":"2025-09-04T18:20:01+00:00","description":"Ces chambres \u00e0 air pour Brompton sont fabriqu\u00e9es par Schwalbe. Quality tubes for Brompton tires. (16x1-3\/8) - ISO 349","breadcrumb":{"@id":"https:\/\/dumoulin.absoludev.ca\/produit\/schwalbe-4-tube-brompton\/#breadcrumb"},"inLanguage":"en-US","potentialAction":[{"@type":"ReadAction","target":["https:\/\/dumoulin.absoludev.ca\/produit\/schwalbe-4-tube-brompton\/"]}]},{"@type":"ImageObject","inLanguage":"en-US","@id":"https:\/\/dumoulin.absoludev.ca\/produit\/schwalbe-4-tube-brompton\/#primaryimage","url":"https:\/\/dumoulin.absoludev.ca\/wp-content\/uploads\/2021\/10\/schwalbe-bo-te-v-lo-chambre-air-349-355-16-18-brompton-petit-tissu-chambre-airjpg-640x640-1.jpg","contentUrl":"https:\/\/dumoulin.absoludev.ca\/wp-content\/uploads\/2021\/10\/schwalbe-bo-te-v-lo-chambre-air-349-355-16-18-brompton-petit-tissu-chambre-airjpg-640x640-1.jpg","width":640,"height":640},{"@type":"BreadcrumbList","@id":"https:\/\/dumoulin.absoludev.ca\/produit\/schwalbe-4-tube-brompton\/#breadcrumb","itemListElement":[{"@type":"ListItem","position":1,"name":"Home","item":"https:\/\/dumoulin.absoludev.ca\/en\/"},{"@type":"ListItem","position":2,"name":"Shop","item":"https:\/\/dumoulin.absoludev.ca\/en\/shop\/"},{"@type":"ListItem","position":3,"name":"Chambre \u00e0 air Schwalbe #4 (Brompton)"}]},{"@type":"WebSite","@id":"https:\/\/dumoulin.absoludev.ca\/#website","url":"https:\/\/dumoulin.absoludev.ca\/","name":"Dumoulin Bicyclettes","description":"","publisher":{"@id":"https:\/\/dumoulin.absoludev.ca\/#organization"},"potentialAction":[{"@type":"SearchAction","target":{"@type":"EntryPoint","urlTemplate":"https:\/\/dumoulin.absoludev.ca\/?s={search_term_string}"},"query-input":{"@type":"PropertyValueSpecification","valueRequired":true,"valueName":"search_term_string"}}],"inLanguage":"en-US"},{"@type":"Organization","@id":"https:\/\/dumoulin.absoludev.ca\/#organization","name":"Dumoulin Bicyclettes","url":"https:\/\/dumoulin.absoludev.ca\/","logo":{"@type":"ImageObject","inLanguage":"en-US","@id":"https:\/\/dumoulin.absoludev.ca\/#\/schema\/logo\/image\/","url":"https:\/\/www.dumoulinbicyclettes.com\/wp-content\/uploads\/2021\/04\/Logo.svg","contentUrl":"https:\/\/www.dumoulinbicyclettes.com\/wp-content\/uploads\/2021\/04\/Logo.svg","width":254,"height":86,"caption":"Dumoulin Bicyclettes"},"image":{"@id":"https:\/\/dumoulin.absoludev.ca\/#\/schema\/logo\/image\/"},"sameAs":["https:\/\/www.facebook.com\/dumoulinbicyclettes","https:\/\/www.instagram.com\/dumoulin.ca\/","https:\/\/www.youtube.com\/user\/dumoulinbicyclettes"]}]}},"_links":{"self":[{"href":"https:\/\/dumoulin.absoludev.ca\/en\/wp-json\/wp\/v2\/product\/74699","targetHints":{"allow":["GET"]}}],"collection":[{"href":"https:\/\/dumoulin.absoludev.ca\/en\/wp-json\/wp\/v2\/product"}],"about":[{"href":"https:\/\/dumoulin.absoludev.ca\/en\/wp-json\/wp\/v2\/types\/product"}],"wp:featuredmedia":[{"embeddable":true,"href":"https:\/\/dumoulin.absoludev.ca\/en\/wp-json\/wp\/v2\/media\/20222"}],"wp:attachment":[{"href":"https:\/\/dumoulin.absoludev.ca\/en\/wp-json\/wp\/v2\/media?parent=74699"}],"wp:term":[{"taxonomy":"product_brand","embeddable":true,"href":"https:\/\/dumoulin.absoludev.ca\/en\/wp-json\/wp\/v2\/product_brand?post=74699"},{"taxonomy":"product_cat","embeddable":true,"href":"https:\/\/dumoulin.absoludev.ca\/en\/wp-json\/wp\/v2\/product_cat?post=74699"},{"taxonomy":"product_tag","embeddable":true,"href":"https:\/\/dumoulin.absoludev.ca\/en\/wp-json\/wp\/v2\/product_tag?post=74699"},{"taxonomy":"marque-produit","embeddable":true,"href":"https:\/\/dumoulin.absoludev.ca\/en\/wp-json\/wp\/v2\/marque-produit?post=74699"},{"taxonomy":"collection-produit","embeddable":true,"href":"https:\/\/dumoulin.absoludev.ca\/en\/wp-json\/wp\/v2\/collection-produit?post=74699"},{"taxonomy":"type-surface-produit","embeddable":true,"href":"https:\/\/dumoulin.absoludev.ca\/en\/wp-json\/wp\/v2\/type-surface-produit?post=74699"},{"taxonomy":"type-velo-produit","embeddable":true,"href":"https:\/\/dumoulin.absoludev.ca\/en\/wp-json\/wp\/v2\/type-velo-produit?post=74699"},{"taxonomy":"vetement-produit","embeddable":true,"href":"https:\/\/dumoulin.absoludev.ca\/en\/wp-json\/wp\/v2\/vetement-produit?post=74699"},{"taxonomy":"thematique-produit","embeddable":true,"href":"https:\/\/dumoulin.absoludev.ca\/en\/wp-json\/wp\/v2\/thematique-produit?post=74699"},{"taxonomy":"position-sur-le-v\u00e9lo","embeddable":true,"href":"https:\/\/dumoulin.absoludev.ca\/en\/wp-json\/wp\/v2\/position-sur-le-v\u00e9lo?post=74699"}],"curies":[{"name":"wp","href":"https:\/\/api.w.org\/{rel}","templated":true}]}}