{"id":74667,"date":"2022-05-16T14:18:50","date_gmt":"2022-05-16T18:18:50","guid":{"rendered":"http:\/\/www.dumoulinbicyclettes.com\/produit\/gants-kombi-cozy\/"},"modified":"2025-09-04T14:19:57","modified_gmt":"2025-09-04T18:19:57","slug":"gants-kombi-cozy","status":"publish","type":"product","link":"https:\/\/dumoulin.absoludev.ca\/en\/produit\/gants-kombi-cozy\/","title":{"rendered":"GANTS KOMBI &#8220;COZY&#8221;"},"content":{"rendered":"<p>Ces gants \u00e0 manchettes moyennes offrent une chaleur maximale pour que vous restiez toujours au chaud. Les technologies haute efficacit\u00e9 telles que la membrane imperm\u00e9able WATERGUARD\u00ae et l&#8217;isolation PRIMALOFT\u00ae assurent un confort ultime afin que vous appr\u00e9ciiez chaque instant pass\u00e9 \u00e0 l&#8217;ext\u00e9rieur sans vous soucier du froid. La sangle \u00e9lastique ajustable cach\u00e9e et les d\u00e9tails en cuir de qualit\u00e9 sup\u00e9rieure compl\u00e8tent le look \u00e9l\u00e9gant. Vous pouvez d\u00e9sormais skier toute la journ\u00e9e!<\/p>\n","protected":false},"excerpt":{"rendered":"<p>Ces gants \u00e0 manchettes moyennes offrent une chaleur maximale pour que vous restiez toujours au chaud. Les technologies haute efficacit\u00e9 telles que la membrane imperm\u00e9able WATERGUARD\u00ae et l&#8217;isolation PRIMALOFT\u00ae assurent un confort ultime afin que vous appr\u00e9ciiez chaque instant pass\u00e9 \u00e0 l&#8217;ext\u00e9rieur sans vous soucier du froid. La sangle \u00e9lastique ajustable cach\u00e9e et les d\u00e9tails [&hellip;]<\/p>\n","protected":false},"featured_media":20080,"template":"","meta":{"_acf_changed":false},"product_brand":[],"product_cat":[202],"product_tag":[2305,2277,2180],"marque-produit":[2309],"collection-produit":[2900],"type-surface-produit":[1244,2159],"type-velo-produit":[],"vetement-produit":[],"thematique-produit":[],"position-sur-le-v\u00e9lo":[],"class_list":{"0":"post-74667","1":"product","2":"type-product","3":"status-publish","4":"has-post-thumbnail","6":"product_cat-gants-et-mitaines","7":"product_tag-gants","8":"product_tag-hiver","9":"product_tag-kombi","10":"marque-produit-kombi","11":"collection-produit-vetements","12":"type-surface-produit-hiver","13":"type-surface-produit-hiver-en","15":"first","16":"instock","17":"taxable","18":"shipping-taxable","19":"purchasable","20":"product-type-variable"},"acf":[],"yoast_head":"<!-- This site is optimized with the Yoast SEO plugin v24.3 - https:\/\/yoast.com\/wordpress\/plugins\/seo\/ -->\n<title>GANTS KOMBI &quot;COZY&quot; - Dumoulin Bicyclettes<\/title>\n<meta name=\"robots\" content=\"noindex, follow, max-snippet:-1, max-image-preview:large, max-video-preview:-1\" \/>\n<meta property=\"og:locale\" content=\"en_US\" \/>\n<meta property=\"og:type\" content=\"article\" \/>\n<meta property=\"og:title\" content=\"GANTS KOMBI &quot;COZY&quot; - Dumoulin Bicyclettes\" \/>\n<meta property=\"og:description\" content=\"Ces gants \u00e0 manchettes moyennes offrent une chaleur maximale pour que vous restiez toujours au chaud. Les technologies haute efficacit\u00e9 telles que la membrane imperm\u00e9able WATERGUARD\u00ae et l&#8217;isolation PRIMALOFT\u00ae assurent un confort ultime afin que vous appr\u00e9ciiez chaque instant pass\u00e9 \u00e0 l&#8217;ext\u00e9rieur sans vous soucier du froid. La sangle \u00e9lastique ajustable cach\u00e9e et les d\u00e9tails [&hellip;]\" \/>\n<meta property=\"og:url\" content=\"https:\/\/dumoulin.absoludev.ca\/produit\/gants-kombi-cozy\/\" \/>\n<meta property=\"og:site_name\" content=\"Dumoulin Bicyclettes\" \/>\n<meta property=\"article:publisher\" content=\"https:\/\/www.facebook.com\/dumoulinbicyclettes\" \/>\n<meta property=\"article:modified_time\" content=\"2025-09-04T18:19:57+00:00\" \/>\n<meta property=\"og:image\" content=\"https:\/\/dumoulin.absoludev.ca\/wp-content\/uploads\/2021\/10\/gants-kombi-cozy.jpg\" \/>\n\t<meta property=\"og:image:width\" content=\"2000\" \/>\n\t<meta property=\"og:image:height\" content=\"2000\" \/>\n\t<meta property=\"og:image:type\" content=\"image\/jpeg\" \/>\n<meta name=\"twitter:card\" content=\"summary_large_image\" \/>\n<meta name=\"twitter:label1\" content=\"Est. reading time\" \/>\n\t<meta name=\"twitter:data1\" content=\"1 minute\" \/>\n<script type=\"application\/ld+json\" class=\"yoast-schema-graph\">{\"@context\":\"https:\/\/schema.org\",\"@graph\":[{\"@type\":\"WebPage\",\"@id\":\"https:\/\/dumoulin.absoludev.ca\/produit\/gants-kombi-cozy\/\",\"url\":\"https:\/\/dumoulin.absoludev.ca\/produit\/gants-kombi-cozy\/\",\"name\":\"GANTS KOMBI \\\"COZY\\\" - Dumoulin Bicyclettes\",\"isPartOf\":{\"@id\":\"https:\/\/dumoulin.absoludev.ca\/#website\"},\"primaryImageOfPage\":{\"@id\":\"https:\/\/dumoulin.absoludev.ca\/produit\/gants-kombi-cozy\/#primaryimage\"},\"image\":{\"@id\":\"https:\/\/dumoulin.absoludev.ca\/produit\/gants-kombi-cozy\/#primaryimage\"},\"thumbnailUrl\":\"https:\/\/dumoulin.absoludev.ca\/wp-content\/uploads\/2021\/10\/gants-kombi-cozy.jpg\",\"datePublished\":\"2022-05-16T18:18:50+00:00\",\"dateModified\":\"2025-09-04T18:19:57+00:00\",\"breadcrumb\":{\"@id\":\"https:\/\/dumoulin.absoludev.ca\/produit\/gants-kombi-cozy\/#breadcrumb\"},\"inLanguage\":\"en-US\",\"potentialAction\":[{\"@type\":\"ReadAction\",\"target\":[\"https:\/\/dumoulin.absoludev.ca\/produit\/gants-kombi-cozy\/\"]}]},{\"@type\":\"ImageObject\",\"inLanguage\":\"en-US\",\"@id\":\"https:\/\/dumoulin.absoludev.ca\/produit\/gants-kombi-cozy\/#primaryimage\",\"url\":\"https:\/\/dumoulin.absoludev.ca\/wp-content\/uploads\/2021\/10\/gants-kombi-cozy.jpg\",\"contentUrl\":\"https:\/\/dumoulin.absoludev.ca\/wp-content\/uploads\/2021\/10\/gants-kombi-cozy.jpg\",\"width\":2000,\"height\":2000,\"caption\":\"gants-kombi-cozy\"},{\"@type\":\"BreadcrumbList\",\"@id\":\"https:\/\/dumoulin.absoludev.ca\/produit\/gants-kombi-cozy\/#breadcrumb\",\"itemListElement\":[{\"@type\":\"ListItem\",\"position\":1,\"name\":\"Home\",\"item\":\"https:\/\/dumoulin.absoludev.ca\/en\/\"},{\"@type\":\"ListItem\",\"position\":2,\"name\":\"Shop\",\"item\":\"https:\/\/dumoulin.absoludev.ca\/en\/shop\/\"},{\"@type\":\"ListItem\",\"position\":3,\"name\":\"GANTS KOMBI \u00ab\u00a0COZY\u00a0\u00bb\"}]},{\"@type\":\"WebSite\",\"@id\":\"https:\/\/dumoulin.absoludev.ca\/#website\",\"url\":\"https:\/\/dumoulin.absoludev.ca\/\",\"name\":\"Dumoulin Bicyclettes\",\"description\":\"\",\"publisher\":{\"@id\":\"https:\/\/dumoulin.absoludev.ca\/#organization\"},\"potentialAction\":[{\"@type\":\"SearchAction\",\"target\":{\"@type\":\"EntryPoint\",\"urlTemplate\":\"https:\/\/dumoulin.absoludev.ca\/?s={search_term_string}\"},\"query-input\":{\"@type\":\"PropertyValueSpecification\",\"valueRequired\":true,\"valueName\":\"search_term_string\"}}],\"inLanguage\":\"en-US\"},{\"@type\":\"Organization\",\"@id\":\"https:\/\/dumoulin.absoludev.ca\/#organization\",\"name\":\"Dumoulin Bicyclettes\",\"url\":\"https:\/\/dumoulin.absoludev.ca\/\",\"logo\":{\"@type\":\"ImageObject\",\"inLanguage\":\"en-US\",\"@id\":\"https:\/\/dumoulin.absoludev.ca\/#\/schema\/logo\/image\/\",\"url\":\"https:\/\/www.dumoulinbicyclettes.com\/wp-content\/uploads\/2021\/04\/Logo.svg\",\"contentUrl\":\"https:\/\/www.dumoulinbicyclettes.com\/wp-content\/uploads\/2021\/04\/Logo.svg\",\"width\":254,\"height\":86,\"caption\":\"Dumoulin Bicyclettes\"},\"image\":{\"@id\":\"https:\/\/dumoulin.absoludev.ca\/#\/schema\/logo\/image\/\"},\"sameAs\":[\"https:\/\/www.facebook.com\/dumoulinbicyclettes\",\"https:\/\/www.instagram.com\/dumoulin.ca\/\",\"https:\/\/www.youtube.com\/user\/dumoulinbicyclettes\"]}]}<\/script>\n<!-- \/ Yoast SEO plugin. -->","yoast_head_json":{"title":"GANTS KOMBI \"COZY\" - Dumoulin Bicyclettes","robots":{"index":"noindex","follow":"follow","max-snippet":"max-snippet:-1","max-image-preview":"max-image-preview:large","max-video-preview":"max-video-preview:-1"},"og_locale":"en_US","og_type":"article","og_title":"GANTS KOMBI \"COZY\" - Dumoulin Bicyclettes","og_description":"Ces gants \u00e0 manchettes moyennes offrent une chaleur maximale pour que vous restiez toujours au chaud. Les technologies haute efficacit\u00e9 telles que la membrane imperm\u00e9able WATERGUARD\u00ae et l&#8217;isolation PRIMALOFT\u00ae assurent un confort ultime afin que vous appr\u00e9ciiez chaque instant pass\u00e9 \u00e0 l&#8217;ext\u00e9rieur sans vous soucier du froid. La sangle \u00e9lastique ajustable cach\u00e9e et les d\u00e9tails [&hellip;]","og_url":"https:\/\/dumoulin.absoludev.ca\/produit\/gants-kombi-cozy\/","og_site_name":"Dumoulin Bicyclettes","article_publisher":"https:\/\/www.facebook.com\/dumoulinbicyclettes","article_modified_time":"2025-09-04T18:19:57+00:00","og_image":[{"width":2000,"height":2000,"url":"https:\/\/dumoulin.absoludev.ca\/wp-content\/uploads\/2021\/10\/gants-kombi-cozy.jpg","type":"image\/jpeg"}],"twitter_card":"summary_large_image","twitter_misc":{"Est. reading time":"1 minute"},"schema":{"@context":"https:\/\/schema.org","@graph":[{"@type":"WebPage","@id":"https:\/\/dumoulin.absoludev.ca\/produit\/gants-kombi-cozy\/","url":"https:\/\/dumoulin.absoludev.ca\/produit\/gants-kombi-cozy\/","name":"GANTS KOMBI \"COZY\" - Dumoulin Bicyclettes","isPartOf":{"@id":"https:\/\/dumoulin.absoludev.ca\/#website"},"primaryImageOfPage":{"@id":"https:\/\/dumoulin.absoludev.ca\/produit\/gants-kombi-cozy\/#primaryimage"},"image":{"@id":"https:\/\/dumoulin.absoludev.ca\/produit\/gants-kombi-cozy\/#primaryimage"},"thumbnailUrl":"https:\/\/dumoulin.absoludev.ca\/wp-content\/uploads\/2021\/10\/gants-kombi-cozy.jpg","datePublished":"2022-05-16T18:18:50+00:00","dateModified":"2025-09-04T18:19:57+00:00","breadcrumb":{"@id":"https:\/\/dumoulin.absoludev.ca\/produit\/gants-kombi-cozy\/#breadcrumb"},"inLanguage":"en-US","potentialAction":[{"@type":"ReadAction","target":["https:\/\/dumoulin.absoludev.ca\/produit\/gants-kombi-cozy\/"]}]},{"@type":"ImageObject","inLanguage":"en-US","@id":"https:\/\/dumoulin.absoludev.ca\/produit\/gants-kombi-cozy\/#primaryimage","url":"https:\/\/dumoulin.absoludev.ca\/wp-content\/uploads\/2021\/10\/gants-kombi-cozy.jpg","contentUrl":"https:\/\/dumoulin.absoludev.ca\/wp-content\/uploads\/2021\/10\/gants-kombi-cozy.jpg","width":2000,"height":2000,"caption":"gants-kombi-cozy"},{"@type":"BreadcrumbList","@id":"https:\/\/dumoulin.absoludev.ca\/produit\/gants-kombi-cozy\/#breadcrumb","itemListElement":[{"@type":"ListItem","position":1,"name":"Home","item":"https:\/\/dumoulin.absoludev.ca\/en\/"},{"@type":"ListItem","position":2,"name":"Shop","item":"https:\/\/dumoulin.absoludev.ca\/en\/shop\/"},{"@type":"ListItem","position":3,"name":"GANTS KOMBI \u00ab\u00a0COZY\u00a0\u00bb"}]},{"@type":"WebSite","@id":"https:\/\/dumoulin.absoludev.ca\/#website","url":"https:\/\/dumoulin.absoludev.ca\/","name":"Dumoulin Bicyclettes","description":"","publisher":{"@id":"https:\/\/dumoulin.absoludev.ca\/#organization"},"potentialAction":[{"@type":"SearchAction","target":{"@type":"EntryPoint","urlTemplate":"https:\/\/dumoulin.absoludev.ca\/?s={search_term_string}"},"query-input":{"@type":"PropertyValueSpecification","valueRequired":true,"valueName":"search_term_string"}}],"inLanguage":"en-US"},{"@type":"Organization","@id":"https:\/\/dumoulin.absoludev.ca\/#organization","name":"Dumoulin Bicyclettes","url":"https:\/\/dumoulin.absoludev.ca\/","logo":{"@type":"ImageObject","inLanguage":"en-US","@id":"https:\/\/dumoulin.absoludev.ca\/#\/schema\/logo\/image\/","url":"https:\/\/www.dumoulinbicyclettes.com\/wp-content\/uploads\/2021\/04\/Logo.svg","contentUrl":"https:\/\/www.dumoulinbicyclettes.com\/wp-content\/uploads\/2021\/04\/Logo.svg","width":254,"height":86,"caption":"Dumoulin Bicyclettes"},"image":{"@id":"https:\/\/dumoulin.absoludev.ca\/#\/schema\/logo\/image\/"},"sameAs":["https:\/\/www.facebook.com\/dumoulinbicyclettes","https:\/\/www.instagram.com\/dumoulin.ca\/","https:\/\/www.youtube.com\/user\/dumoulinbicyclettes"]}]}},"_links":{"self":[{"href":"https:\/\/dumoulin.absoludev.ca\/en\/wp-json\/wp\/v2\/product\/74667","targetHints":{"allow":["GET"]}}],"collection":[{"href":"https:\/\/dumoulin.absoludev.ca\/en\/wp-json\/wp\/v2\/product"}],"about":[{"href":"https:\/\/dumoulin.absoludev.ca\/en\/wp-json\/wp\/v2\/types\/product"}],"wp:featuredmedia":[{"embeddable":true,"href":"https:\/\/dumoulin.absoludev.ca\/en\/wp-json\/wp\/v2\/media\/20080"}],"wp:attachment":[{"href":"https:\/\/dumoulin.absoludev.ca\/en\/wp-json\/wp\/v2\/media?parent=74667"}],"wp:term":[{"taxonomy":"product_brand","embeddable":true,"href":"https:\/\/dumoulin.absoludev.ca\/en\/wp-json\/wp\/v2\/product_brand?post=74667"},{"taxonomy":"product_cat","embeddable":true,"href":"https:\/\/dumoulin.absoludev.ca\/en\/wp-json\/wp\/v2\/product_cat?post=74667"},{"taxonomy":"product_tag","embeddable":true,"href":"https:\/\/dumoulin.absoludev.ca\/en\/wp-json\/wp\/v2\/product_tag?post=74667"},{"taxonomy":"marque-produit","embeddable":true,"href":"https:\/\/dumoulin.absoludev.ca\/en\/wp-json\/wp\/v2\/marque-produit?post=74667"},{"taxonomy":"collection-produit","embeddable":true,"href":"https:\/\/dumoulin.absoludev.ca\/en\/wp-json\/wp\/v2\/collection-produit?post=74667"},{"taxonomy":"type-surface-produit","embeddable":true,"href":"https:\/\/dumoulin.absoludev.ca\/en\/wp-json\/wp\/v2\/type-surface-produit?post=74667"},{"taxonomy":"type-velo-produit","embeddable":true,"href":"https:\/\/dumoulin.absoludev.ca\/en\/wp-json\/wp\/v2\/type-velo-produit?post=74667"},{"taxonomy":"vetement-produit","embeddable":true,"href":"https:\/\/dumoulin.absoludev.ca\/en\/wp-json\/wp\/v2\/vetement-produit?post=74667"},{"taxonomy":"thematique-produit","embeddable":true,"href":"https:\/\/dumoulin.absoludev.ca\/en\/wp-json\/wp\/v2\/thematique-produit?post=74667"},{"taxonomy":"position-sur-le-v\u00e9lo","embeddable":true,"href":"https:\/\/dumoulin.absoludev.ca\/en\/wp-json\/wp\/v2\/position-sur-le-v\u00e9lo?post=74667"}],"curies":[{"name":"wp","href":"https:\/\/api.w.org\/{rel}","templated":true}]}}