{"id":74653,"date":"2022-05-16T14:18:49","date_gmt":"2022-05-16T18:18:49","guid":{"rendered":"http:\/\/www.dumoulinbicyclettes.com\/produit\/gants-kombi-challenger\/"},"modified":"2025-09-04T14:19:56","modified_gmt":"2025-09-04T18:19:56","slug":"gants-kombi-challenger","status":"publish","type":"product","link":"https:\/\/dumoulin.absoludev.ca\/en\/produit\/gants-kombi-challenger\/","title":{"rendered":"GANTS KOMBI CHALLENGER"},"content":{"rendered":"<p>Faites un voyage dans le temps avec ces gants unisexes tape-\u00e0-l\u2019oeil en \u00c9DITION LIMIT\u00c9E! Inspir\u00e9s de l&#8217;\u00e9quipe olympique canadienne des ann\u00e9es 80, ils procurent une exp\u00e9rience de ski de niveau sup\u00e9rieur gr\u00e2ce \u00e0 l&#8217;efficacit\u00e9 de l&#8217;isolation PRIMALOFT\u00ae GOLD et de la membrane imperm\u00e9able et respirante WATERGUARD\u00ae. Les courtes manchettes avec sangle \u00e0 Velcro vous permet de vous pr\u00e9parer plus rapidement et plus facilement pour vos excursions hivernales.<\/p>\n","protected":false},"excerpt":{"rendered":"<p>Faites un voyage dans le temps avec ces gants unisexes tape-\u00e0-l\u2019oeil en \u00c9DITION LIMIT\u00c9E! Inspir\u00e9s de l&#8217;\u00e9quipe olympique canadienne des ann\u00e9es 80, ils procurent une exp\u00e9rience de ski de niveau sup\u00e9rieur gr\u00e2ce \u00e0 l&#8217;efficacit\u00e9 de l&#8217;isolation PRIMALOFT\u00ae GOLD et de la membrane imperm\u00e9able et respirante WATERGUARD\u00ae. Les courtes manchettes avec sangle \u00e0 Velcro vous permet [&hellip;]<\/p>\n","protected":false},"featured_media":20072,"template":"","meta":{"_acf_changed":false},"product_brand":[],"product_cat":[202],"product_tag":[2305,2277,2180],"marque-produit":[2309],"collection-produit":[2900],"type-surface-produit":[],"type-velo-produit":[],"vetement-produit":[],"thematique-produit":[],"position-sur-le-v\u00e9lo":[],"class_list":{"0":"post-74653","1":"product","2":"type-product","3":"status-publish","4":"has-post-thumbnail","6":"product_cat-gants-et-mitaines","7":"product_tag-gants","8":"product_tag-hiver","9":"product_tag-kombi","10":"marque-produit-kombi","11":"collection-produit-vetements","13":"first","14":"instock","15":"taxable","16":"shipping-taxable","17":"purchasable","18":"product-type-variable"},"acf":[],"yoast_head":"<!-- This site is optimized with the Yoast SEO plugin v24.3 - https:\/\/yoast.com\/wordpress\/plugins\/seo\/ -->\n<title>GANTS KOMBI CHALLENGER - Dumoulin Bicyclettes<\/title>\n<meta name=\"robots\" content=\"noindex, follow, max-snippet:-1, max-image-preview:large, max-video-preview:-1\" \/>\n<meta property=\"og:locale\" content=\"en_US\" \/>\n<meta property=\"og:type\" content=\"article\" \/>\n<meta property=\"og:title\" content=\"GANTS KOMBI CHALLENGER - Dumoulin Bicyclettes\" \/>\n<meta property=\"og:description\" content=\"Faites un voyage dans le temps avec ces gants unisexes tape-\u00e0-l\u2019oeil en \u00c9DITION LIMIT\u00c9E! Inspir\u00e9s de l&#8217;\u00e9quipe olympique canadienne des ann\u00e9es 80, ils procurent une exp\u00e9rience de ski de niveau sup\u00e9rieur gr\u00e2ce \u00e0 l&#8217;efficacit\u00e9 de l&#8217;isolation PRIMALOFT\u00ae GOLD et de la membrane imperm\u00e9able et respirante WATERGUARD\u00ae. Les courtes manchettes avec sangle \u00e0 Velcro vous permet [&hellip;]\" \/>\n<meta property=\"og:url\" content=\"https:\/\/dumoulin.absoludev.ca\/produit\/gants-kombi-challenger\/\" \/>\n<meta property=\"og:site_name\" content=\"Dumoulin Bicyclettes\" \/>\n<meta property=\"article:publisher\" content=\"https:\/\/www.facebook.com\/dumoulinbicyclettes\" \/>\n<meta property=\"article:modified_time\" content=\"2025-09-04T18:19:56+00:00\" \/>\n<meta property=\"og:image\" content=\"https:\/\/dumoulin.absoludev.ca\/wp-content\/uploads\/2021\/10\/gants-kombi-challenger-12.jpeg\" \/>\n\t<meta property=\"og:image:width\" content=\"2000\" \/>\n\t<meta property=\"og:image:height\" content=\"2000\" \/>\n\t<meta property=\"og:image:type\" content=\"image\/jpeg\" \/>\n<meta name=\"twitter:card\" content=\"summary_large_image\" \/>\n<meta name=\"twitter:label1\" content=\"Est. reading time\" \/>\n\t<meta name=\"twitter:data1\" content=\"1 minute\" \/>\n<script type=\"application\/ld+json\" class=\"yoast-schema-graph\">{\"@context\":\"https:\/\/schema.org\",\"@graph\":[{\"@type\":\"WebPage\",\"@id\":\"https:\/\/dumoulin.absoludev.ca\/produit\/gants-kombi-challenger\/\",\"url\":\"https:\/\/dumoulin.absoludev.ca\/produit\/gants-kombi-challenger\/\",\"name\":\"GANTS KOMBI CHALLENGER - Dumoulin Bicyclettes\",\"isPartOf\":{\"@id\":\"https:\/\/dumoulin.absoludev.ca\/#website\"},\"primaryImageOfPage\":{\"@id\":\"https:\/\/dumoulin.absoludev.ca\/produit\/gants-kombi-challenger\/#primaryimage\"},\"image\":{\"@id\":\"https:\/\/dumoulin.absoludev.ca\/produit\/gants-kombi-challenger\/#primaryimage\"},\"thumbnailUrl\":\"https:\/\/dumoulin.absoludev.ca\/wp-content\/uploads\/2021\/10\/gants-kombi-challenger-12.jpeg\",\"datePublished\":\"2022-05-16T18:18:49+00:00\",\"dateModified\":\"2025-09-04T18:19:56+00:00\",\"breadcrumb\":{\"@id\":\"https:\/\/dumoulin.absoludev.ca\/produit\/gants-kombi-challenger\/#breadcrumb\"},\"inLanguage\":\"en-US\",\"potentialAction\":[{\"@type\":\"ReadAction\",\"target\":[\"https:\/\/dumoulin.absoludev.ca\/produit\/gants-kombi-challenger\/\"]}]},{\"@type\":\"ImageObject\",\"inLanguage\":\"en-US\",\"@id\":\"https:\/\/dumoulin.absoludev.ca\/produit\/gants-kombi-challenger\/#primaryimage\",\"url\":\"https:\/\/dumoulin.absoludev.ca\/wp-content\/uploads\/2021\/10\/gants-kombi-challenger-12.jpeg\",\"contentUrl\":\"https:\/\/dumoulin.absoludev.ca\/wp-content\/uploads\/2021\/10\/gants-kombi-challenger-12.jpeg\",\"width\":2000,\"height\":2000,\"caption\":\"gants_Kombi_challenger-12\"},{\"@type\":\"BreadcrumbList\",\"@id\":\"https:\/\/dumoulin.absoludev.ca\/produit\/gants-kombi-challenger\/#breadcrumb\",\"itemListElement\":[{\"@type\":\"ListItem\",\"position\":1,\"name\":\"Home\",\"item\":\"https:\/\/dumoulin.absoludev.ca\/en\/\"},{\"@type\":\"ListItem\",\"position\":2,\"name\":\"Shop\",\"item\":\"https:\/\/dumoulin.absoludev.ca\/en\/shop\/\"},{\"@type\":\"ListItem\",\"position\":3,\"name\":\"GANTS KOMBI CHALLENGER\"}]},{\"@type\":\"WebSite\",\"@id\":\"https:\/\/dumoulin.absoludev.ca\/#website\",\"url\":\"https:\/\/dumoulin.absoludev.ca\/\",\"name\":\"Dumoulin Bicyclettes\",\"description\":\"\",\"publisher\":{\"@id\":\"https:\/\/dumoulin.absoludev.ca\/#organization\"},\"potentialAction\":[{\"@type\":\"SearchAction\",\"target\":{\"@type\":\"EntryPoint\",\"urlTemplate\":\"https:\/\/dumoulin.absoludev.ca\/?s={search_term_string}\"},\"query-input\":{\"@type\":\"PropertyValueSpecification\",\"valueRequired\":true,\"valueName\":\"search_term_string\"}}],\"inLanguage\":\"en-US\"},{\"@type\":\"Organization\",\"@id\":\"https:\/\/dumoulin.absoludev.ca\/#organization\",\"name\":\"Dumoulin Bicyclettes\",\"url\":\"https:\/\/dumoulin.absoludev.ca\/\",\"logo\":{\"@type\":\"ImageObject\",\"inLanguage\":\"en-US\",\"@id\":\"https:\/\/dumoulin.absoludev.ca\/#\/schema\/logo\/image\/\",\"url\":\"https:\/\/www.dumoulinbicyclettes.com\/wp-content\/uploads\/2021\/04\/Logo.svg\",\"contentUrl\":\"https:\/\/www.dumoulinbicyclettes.com\/wp-content\/uploads\/2021\/04\/Logo.svg\",\"width\":254,\"height\":86,\"caption\":\"Dumoulin Bicyclettes\"},\"image\":{\"@id\":\"https:\/\/dumoulin.absoludev.ca\/#\/schema\/logo\/image\/\"},\"sameAs\":[\"https:\/\/www.facebook.com\/dumoulinbicyclettes\",\"https:\/\/www.instagram.com\/dumoulin.ca\/\",\"https:\/\/www.youtube.com\/user\/dumoulinbicyclettes\"]}]}<\/script>\n<!-- \/ Yoast SEO plugin. -->","yoast_head_json":{"title":"GANTS KOMBI CHALLENGER - Dumoulin Bicyclettes","robots":{"index":"noindex","follow":"follow","max-snippet":"max-snippet:-1","max-image-preview":"max-image-preview:large","max-video-preview":"max-video-preview:-1"},"og_locale":"en_US","og_type":"article","og_title":"GANTS KOMBI CHALLENGER - Dumoulin Bicyclettes","og_description":"Faites un voyage dans le temps avec ces gants unisexes tape-\u00e0-l\u2019oeil en \u00c9DITION LIMIT\u00c9E! Inspir\u00e9s de l&#8217;\u00e9quipe olympique canadienne des ann\u00e9es 80, ils procurent une exp\u00e9rience de ski de niveau sup\u00e9rieur gr\u00e2ce \u00e0 l&#8217;efficacit\u00e9 de l&#8217;isolation PRIMALOFT\u00ae GOLD et de la membrane imperm\u00e9able et respirante WATERGUARD\u00ae. Les courtes manchettes avec sangle \u00e0 Velcro vous permet [&hellip;]","og_url":"https:\/\/dumoulin.absoludev.ca\/produit\/gants-kombi-challenger\/","og_site_name":"Dumoulin Bicyclettes","article_publisher":"https:\/\/www.facebook.com\/dumoulinbicyclettes","article_modified_time":"2025-09-04T18:19:56+00:00","og_image":[{"width":2000,"height":2000,"url":"https:\/\/dumoulin.absoludev.ca\/wp-content\/uploads\/2021\/10\/gants-kombi-challenger-12.jpeg","type":"image\/jpeg"}],"twitter_card":"summary_large_image","twitter_misc":{"Est. reading time":"1 minute"},"schema":{"@context":"https:\/\/schema.org","@graph":[{"@type":"WebPage","@id":"https:\/\/dumoulin.absoludev.ca\/produit\/gants-kombi-challenger\/","url":"https:\/\/dumoulin.absoludev.ca\/produit\/gants-kombi-challenger\/","name":"GANTS KOMBI CHALLENGER - Dumoulin Bicyclettes","isPartOf":{"@id":"https:\/\/dumoulin.absoludev.ca\/#website"},"primaryImageOfPage":{"@id":"https:\/\/dumoulin.absoludev.ca\/produit\/gants-kombi-challenger\/#primaryimage"},"image":{"@id":"https:\/\/dumoulin.absoludev.ca\/produit\/gants-kombi-challenger\/#primaryimage"},"thumbnailUrl":"https:\/\/dumoulin.absoludev.ca\/wp-content\/uploads\/2021\/10\/gants-kombi-challenger-12.jpeg","datePublished":"2022-05-16T18:18:49+00:00","dateModified":"2025-09-04T18:19:56+00:00","breadcrumb":{"@id":"https:\/\/dumoulin.absoludev.ca\/produit\/gants-kombi-challenger\/#breadcrumb"},"inLanguage":"en-US","potentialAction":[{"@type":"ReadAction","target":["https:\/\/dumoulin.absoludev.ca\/produit\/gants-kombi-challenger\/"]}]},{"@type":"ImageObject","inLanguage":"en-US","@id":"https:\/\/dumoulin.absoludev.ca\/produit\/gants-kombi-challenger\/#primaryimage","url":"https:\/\/dumoulin.absoludev.ca\/wp-content\/uploads\/2021\/10\/gants-kombi-challenger-12.jpeg","contentUrl":"https:\/\/dumoulin.absoludev.ca\/wp-content\/uploads\/2021\/10\/gants-kombi-challenger-12.jpeg","width":2000,"height":2000,"caption":"gants_Kombi_challenger-12"},{"@type":"BreadcrumbList","@id":"https:\/\/dumoulin.absoludev.ca\/produit\/gants-kombi-challenger\/#breadcrumb","itemListElement":[{"@type":"ListItem","position":1,"name":"Home","item":"https:\/\/dumoulin.absoludev.ca\/en\/"},{"@type":"ListItem","position":2,"name":"Shop","item":"https:\/\/dumoulin.absoludev.ca\/en\/shop\/"},{"@type":"ListItem","position":3,"name":"GANTS KOMBI CHALLENGER"}]},{"@type":"WebSite","@id":"https:\/\/dumoulin.absoludev.ca\/#website","url":"https:\/\/dumoulin.absoludev.ca\/","name":"Dumoulin Bicyclettes","description":"","publisher":{"@id":"https:\/\/dumoulin.absoludev.ca\/#organization"},"potentialAction":[{"@type":"SearchAction","target":{"@type":"EntryPoint","urlTemplate":"https:\/\/dumoulin.absoludev.ca\/?s={search_term_string}"},"query-input":{"@type":"PropertyValueSpecification","valueRequired":true,"valueName":"search_term_string"}}],"inLanguage":"en-US"},{"@type":"Organization","@id":"https:\/\/dumoulin.absoludev.ca\/#organization","name":"Dumoulin Bicyclettes","url":"https:\/\/dumoulin.absoludev.ca\/","logo":{"@type":"ImageObject","inLanguage":"en-US","@id":"https:\/\/dumoulin.absoludev.ca\/#\/schema\/logo\/image\/","url":"https:\/\/www.dumoulinbicyclettes.com\/wp-content\/uploads\/2021\/04\/Logo.svg","contentUrl":"https:\/\/www.dumoulinbicyclettes.com\/wp-content\/uploads\/2021\/04\/Logo.svg","width":254,"height":86,"caption":"Dumoulin Bicyclettes"},"image":{"@id":"https:\/\/dumoulin.absoludev.ca\/#\/schema\/logo\/image\/"},"sameAs":["https:\/\/www.facebook.com\/dumoulinbicyclettes","https:\/\/www.instagram.com\/dumoulin.ca\/","https:\/\/www.youtube.com\/user\/dumoulinbicyclettes"]}]}},"_links":{"self":[{"href":"https:\/\/dumoulin.absoludev.ca\/en\/wp-json\/wp\/v2\/product\/74653","targetHints":{"allow":["GET"]}}],"collection":[{"href":"https:\/\/dumoulin.absoludev.ca\/en\/wp-json\/wp\/v2\/product"}],"about":[{"href":"https:\/\/dumoulin.absoludev.ca\/en\/wp-json\/wp\/v2\/types\/product"}],"wp:featuredmedia":[{"embeddable":true,"href":"https:\/\/dumoulin.absoludev.ca\/en\/wp-json\/wp\/v2\/media\/20072"}],"wp:attachment":[{"href":"https:\/\/dumoulin.absoludev.ca\/en\/wp-json\/wp\/v2\/media?parent=74653"}],"wp:term":[{"taxonomy":"product_brand","embeddable":true,"href":"https:\/\/dumoulin.absoludev.ca\/en\/wp-json\/wp\/v2\/product_brand?post=74653"},{"taxonomy":"product_cat","embeddable":true,"href":"https:\/\/dumoulin.absoludev.ca\/en\/wp-json\/wp\/v2\/product_cat?post=74653"},{"taxonomy":"product_tag","embeddable":true,"href":"https:\/\/dumoulin.absoludev.ca\/en\/wp-json\/wp\/v2\/product_tag?post=74653"},{"taxonomy":"marque-produit","embeddable":true,"href":"https:\/\/dumoulin.absoludev.ca\/en\/wp-json\/wp\/v2\/marque-produit?post=74653"},{"taxonomy":"collection-produit","embeddable":true,"href":"https:\/\/dumoulin.absoludev.ca\/en\/wp-json\/wp\/v2\/collection-produit?post=74653"},{"taxonomy":"type-surface-produit","embeddable":true,"href":"https:\/\/dumoulin.absoludev.ca\/en\/wp-json\/wp\/v2\/type-surface-produit?post=74653"},{"taxonomy":"type-velo-produit","embeddable":true,"href":"https:\/\/dumoulin.absoludev.ca\/en\/wp-json\/wp\/v2\/type-velo-produit?post=74653"},{"taxonomy":"vetement-produit","embeddable":true,"href":"https:\/\/dumoulin.absoludev.ca\/en\/wp-json\/wp\/v2\/vetement-produit?post=74653"},{"taxonomy":"thematique-produit","embeddable":true,"href":"https:\/\/dumoulin.absoludev.ca\/en\/wp-json\/wp\/v2\/thematique-produit?post=74653"},{"taxonomy":"position-sur-le-v\u00e9lo","embeddable":true,"href":"https:\/\/dumoulin.absoludev.ca\/en\/wp-json\/wp\/v2\/position-sur-le-v\u00e9lo?post=74653"}],"curies":[{"name":"wp","href":"https:\/\/api.w.org\/{rel}","templated":true}]}}