{"id":74648,"date":"2022-05-16T14:18:49","date_gmt":"2022-05-16T18:18:49","guid":{"rendered":"http:\/\/www.dumoulinbicyclettes.com\/produit\/mitaines-kombi-pioneer\/"},"modified":"2025-09-04T14:19:56","modified_gmt":"2025-09-04T18:19:56","slug":"mitaines-kombi-pioneer","status":"publish","type":"product","link":"https:\/\/dumoulin.absoludev.ca\/en\/produit\/mitaines-kombi-pioneer\/","title":{"rendered":"MITAINES KOMBI &#8220;PIONEER&#8221;"},"content":{"rendered":"<p>Voil\u00e0 une paire de mitaines polyvalentes! Le mod\u00e8le Pioneer, simple mais efficace, est 100 % versatile afin d\u2019appr\u00e9cier \u00e0 100 % la beaut\u00e9 de l\u2019hiver, quoi qu&#8217;il arrive. La membrane WATERGUARD\u00ae et l&#8217;isolation ULTRALOFT\u00ae vous gardent au chaud et l&#8217;ajout d&#8217;une doublure en m\u00e9lange de laine sur les doigts offre la chaleur suppl\u00e9mentaire dont vous avez besoin pour passer du temps en famille dans la neige, sans avoir \u00e0 vous soucier du froid.<\/p>\n","protected":false},"excerpt":{"rendered":"<p>Voil\u00e0 une paire de mitaines polyvalentes! Le mod\u00e8le Pioneer, simple mais efficace, est 100 % versatile afin d\u2019appr\u00e9cier \u00e0 100 % la beaut\u00e9 de l\u2019hiver, quoi qu&#8217;il arrive. La membrane WATERGUARD\u00ae et l&#8217;isolation ULTRALOFT\u00ae vous gardent au chaud et l&#8217;ajout d&#8217;une doublure en m\u00e9lange de laine sur les doigts offre la chaleur suppl\u00e9mentaire dont vous [&hellip;]<\/p>\n","protected":false},"featured_media":20106,"template":"","meta":{"_acf_changed":false},"product_brand":[],"product_cat":[202],"product_tag":[2305,2277,2180],"marque-produit":[2309],"collection-produit":[2900],"type-surface-produit":[],"type-velo-produit":[],"vetement-produit":[],"thematique-produit":[1238,2173],"position-sur-le-v\u00e9lo":[],"class_list":{"0":"post-74648","1":"product","2":"type-product","3":"status-publish","4":"has-post-thumbnail","6":"product_cat-gants-et-mitaines","7":"product_tag-gants","8":"product_tag-hiver","9":"product_tag-kombi","10":"marque-produit-kombi","11":"collection-produit-vetements","12":"thematique-produit-hiver","13":"thematique-produit-hiver-en","15":"first","16":"instock","17":"taxable","18":"shipping-taxable","19":"purchasable","20":"product-type-variable"},"acf":[],"yoast_head":"<!-- This site is optimized with the Yoast SEO plugin v24.3 - https:\/\/yoast.com\/wordpress\/plugins\/seo\/ -->\n<title>MITAINES KOMBI &quot;PIONEER&quot; - Dumoulin Bicyclettes<\/title>\n<meta name=\"robots\" content=\"noindex, follow, max-snippet:-1, max-image-preview:large, max-video-preview:-1\" \/>\n<meta property=\"og:locale\" content=\"en_US\" \/>\n<meta property=\"og:type\" content=\"article\" \/>\n<meta property=\"og:title\" content=\"MITAINES KOMBI &quot;PIONEER&quot; - Dumoulin Bicyclettes\" \/>\n<meta property=\"og:description\" content=\"Voil\u00e0 une paire de mitaines polyvalentes! Le mod\u00e8le Pioneer, simple mais efficace, est 100 % versatile afin d\u2019appr\u00e9cier \u00e0 100 % la beaut\u00e9 de l\u2019hiver, quoi qu&#8217;il arrive. La membrane WATERGUARD\u00ae et l&#8217;isolation ULTRALOFT\u00ae vous gardent au chaud et l&#8217;ajout d&#8217;une doublure en m\u00e9lange de laine sur les doigts offre la chaleur suppl\u00e9mentaire dont vous [&hellip;]\" \/>\n<meta property=\"og:url\" content=\"https:\/\/dumoulin.absoludev.ca\/produit\/mitaines-kombi-pioneer\/\" \/>\n<meta property=\"og:site_name\" content=\"Dumoulin Bicyclettes\" \/>\n<meta property=\"article:publisher\" content=\"https:\/\/www.facebook.com\/dumoulinbicyclettes\" \/>\n<meta property=\"article:modified_time\" content=\"2025-09-04T18:19:56+00:00\" \/>\n<meta property=\"og:image\" content=\"https:\/\/dumoulin.absoludev.ca\/wp-content\/uploads\/2021\/10\/mitaines-kombi-pioneer.jpeg\" \/>\n\t<meta property=\"og:image:width\" content=\"2000\" \/>\n\t<meta property=\"og:image:height\" content=\"2000\" \/>\n\t<meta property=\"og:image:type\" content=\"image\/jpeg\" \/>\n<meta name=\"twitter:card\" content=\"summary_large_image\" \/>\n<meta name=\"twitter:label1\" content=\"Est. reading time\" \/>\n\t<meta name=\"twitter:data1\" content=\"1 minute\" \/>\n<script type=\"application\/ld+json\" class=\"yoast-schema-graph\">{\"@context\":\"https:\/\/schema.org\",\"@graph\":[{\"@type\":\"WebPage\",\"@id\":\"https:\/\/dumoulin.absoludev.ca\/produit\/mitaines-kombi-pioneer\/\",\"url\":\"https:\/\/dumoulin.absoludev.ca\/produit\/mitaines-kombi-pioneer\/\",\"name\":\"MITAINES KOMBI \\\"PIONEER\\\" - Dumoulin Bicyclettes\",\"isPartOf\":{\"@id\":\"https:\/\/dumoulin.absoludev.ca\/#website\"},\"primaryImageOfPage\":{\"@id\":\"https:\/\/dumoulin.absoludev.ca\/produit\/mitaines-kombi-pioneer\/#primaryimage\"},\"image\":{\"@id\":\"https:\/\/dumoulin.absoludev.ca\/produit\/mitaines-kombi-pioneer\/#primaryimage\"},\"thumbnailUrl\":\"https:\/\/dumoulin.absoludev.ca\/wp-content\/uploads\/2021\/10\/mitaines-kombi-pioneer.jpeg\",\"datePublished\":\"2022-05-16T18:18:49+00:00\",\"dateModified\":\"2025-09-04T18:19:56+00:00\",\"breadcrumb\":{\"@id\":\"https:\/\/dumoulin.absoludev.ca\/produit\/mitaines-kombi-pioneer\/#breadcrumb\"},\"inLanguage\":\"en-US\",\"potentialAction\":[{\"@type\":\"ReadAction\",\"target\":[\"https:\/\/dumoulin.absoludev.ca\/produit\/mitaines-kombi-pioneer\/\"]}]},{\"@type\":\"ImageObject\",\"inLanguage\":\"en-US\",\"@id\":\"https:\/\/dumoulin.absoludev.ca\/produit\/mitaines-kombi-pioneer\/#primaryimage\",\"url\":\"https:\/\/dumoulin.absoludev.ca\/wp-content\/uploads\/2021\/10\/mitaines-kombi-pioneer.jpeg\",\"contentUrl\":\"https:\/\/dumoulin.absoludev.ca\/wp-content\/uploads\/2021\/10\/mitaines-kombi-pioneer.jpeg\",\"width\":2000,\"height\":2000,\"caption\":\"Mitaines_Kombi_Pioneer_\"},{\"@type\":\"BreadcrumbList\",\"@id\":\"https:\/\/dumoulin.absoludev.ca\/produit\/mitaines-kombi-pioneer\/#breadcrumb\",\"itemListElement\":[{\"@type\":\"ListItem\",\"position\":1,\"name\":\"Home\",\"item\":\"https:\/\/dumoulin.absoludev.ca\/en\/\"},{\"@type\":\"ListItem\",\"position\":2,\"name\":\"Shop\",\"item\":\"https:\/\/dumoulin.absoludev.ca\/en\/shop\/\"},{\"@type\":\"ListItem\",\"position\":3,\"name\":\"MITAINES KOMBI \u00ab\u00a0PIONEER\u00a0\u00bb\"}]},{\"@type\":\"WebSite\",\"@id\":\"https:\/\/dumoulin.absoludev.ca\/#website\",\"url\":\"https:\/\/dumoulin.absoludev.ca\/\",\"name\":\"Dumoulin Bicyclettes\",\"description\":\"\",\"publisher\":{\"@id\":\"https:\/\/dumoulin.absoludev.ca\/#organization\"},\"potentialAction\":[{\"@type\":\"SearchAction\",\"target\":{\"@type\":\"EntryPoint\",\"urlTemplate\":\"https:\/\/dumoulin.absoludev.ca\/?s={search_term_string}\"},\"query-input\":{\"@type\":\"PropertyValueSpecification\",\"valueRequired\":true,\"valueName\":\"search_term_string\"}}],\"inLanguage\":\"en-US\"},{\"@type\":\"Organization\",\"@id\":\"https:\/\/dumoulin.absoludev.ca\/#organization\",\"name\":\"Dumoulin Bicyclettes\",\"url\":\"https:\/\/dumoulin.absoludev.ca\/\",\"logo\":{\"@type\":\"ImageObject\",\"inLanguage\":\"en-US\",\"@id\":\"https:\/\/dumoulin.absoludev.ca\/#\/schema\/logo\/image\/\",\"url\":\"https:\/\/www.dumoulinbicyclettes.com\/wp-content\/uploads\/2021\/04\/Logo.svg\",\"contentUrl\":\"https:\/\/www.dumoulinbicyclettes.com\/wp-content\/uploads\/2021\/04\/Logo.svg\",\"width\":254,\"height\":86,\"caption\":\"Dumoulin Bicyclettes\"},\"image\":{\"@id\":\"https:\/\/dumoulin.absoludev.ca\/#\/schema\/logo\/image\/\"},\"sameAs\":[\"https:\/\/www.facebook.com\/dumoulinbicyclettes\",\"https:\/\/www.instagram.com\/dumoulin.ca\/\",\"https:\/\/www.youtube.com\/user\/dumoulinbicyclettes\"]}]}<\/script>\n<!-- \/ Yoast SEO plugin. -->","yoast_head_json":{"title":"MITAINES KOMBI \"PIONEER\" - Dumoulin Bicyclettes","robots":{"index":"noindex","follow":"follow","max-snippet":"max-snippet:-1","max-image-preview":"max-image-preview:large","max-video-preview":"max-video-preview:-1"},"og_locale":"en_US","og_type":"article","og_title":"MITAINES KOMBI \"PIONEER\" - Dumoulin Bicyclettes","og_description":"Voil\u00e0 une paire de mitaines polyvalentes! Le mod\u00e8le Pioneer, simple mais efficace, est 100 % versatile afin d\u2019appr\u00e9cier \u00e0 100 % la beaut\u00e9 de l\u2019hiver, quoi qu&#8217;il arrive. La membrane WATERGUARD\u00ae et l&#8217;isolation ULTRALOFT\u00ae vous gardent au chaud et l&#8217;ajout d&#8217;une doublure en m\u00e9lange de laine sur les doigts offre la chaleur suppl\u00e9mentaire dont vous [&hellip;]","og_url":"https:\/\/dumoulin.absoludev.ca\/produit\/mitaines-kombi-pioneer\/","og_site_name":"Dumoulin Bicyclettes","article_publisher":"https:\/\/www.facebook.com\/dumoulinbicyclettes","article_modified_time":"2025-09-04T18:19:56+00:00","og_image":[{"width":2000,"height":2000,"url":"https:\/\/dumoulin.absoludev.ca\/wp-content\/uploads\/2021\/10\/mitaines-kombi-pioneer.jpeg","type":"image\/jpeg"}],"twitter_card":"summary_large_image","twitter_misc":{"Est. reading time":"1 minute"},"schema":{"@context":"https:\/\/schema.org","@graph":[{"@type":"WebPage","@id":"https:\/\/dumoulin.absoludev.ca\/produit\/mitaines-kombi-pioneer\/","url":"https:\/\/dumoulin.absoludev.ca\/produit\/mitaines-kombi-pioneer\/","name":"MITAINES KOMBI \"PIONEER\" - Dumoulin Bicyclettes","isPartOf":{"@id":"https:\/\/dumoulin.absoludev.ca\/#website"},"primaryImageOfPage":{"@id":"https:\/\/dumoulin.absoludev.ca\/produit\/mitaines-kombi-pioneer\/#primaryimage"},"image":{"@id":"https:\/\/dumoulin.absoludev.ca\/produit\/mitaines-kombi-pioneer\/#primaryimage"},"thumbnailUrl":"https:\/\/dumoulin.absoludev.ca\/wp-content\/uploads\/2021\/10\/mitaines-kombi-pioneer.jpeg","datePublished":"2022-05-16T18:18:49+00:00","dateModified":"2025-09-04T18:19:56+00:00","breadcrumb":{"@id":"https:\/\/dumoulin.absoludev.ca\/produit\/mitaines-kombi-pioneer\/#breadcrumb"},"inLanguage":"en-US","potentialAction":[{"@type":"ReadAction","target":["https:\/\/dumoulin.absoludev.ca\/produit\/mitaines-kombi-pioneer\/"]}]},{"@type":"ImageObject","inLanguage":"en-US","@id":"https:\/\/dumoulin.absoludev.ca\/produit\/mitaines-kombi-pioneer\/#primaryimage","url":"https:\/\/dumoulin.absoludev.ca\/wp-content\/uploads\/2021\/10\/mitaines-kombi-pioneer.jpeg","contentUrl":"https:\/\/dumoulin.absoludev.ca\/wp-content\/uploads\/2021\/10\/mitaines-kombi-pioneer.jpeg","width":2000,"height":2000,"caption":"Mitaines_Kombi_Pioneer_"},{"@type":"BreadcrumbList","@id":"https:\/\/dumoulin.absoludev.ca\/produit\/mitaines-kombi-pioneer\/#breadcrumb","itemListElement":[{"@type":"ListItem","position":1,"name":"Home","item":"https:\/\/dumoulin.absoludev.ca\/en\/"},{"@type":"ListItem","position":2,"name":"Shop","item":"https:\/\/dumoulin.absoludev.ca\/en\/shop\/"},{"@type":"ListItem","position":3,"name":"MITAINES KOMBI \u00ab\u00a0PIONEER\u00a0\u00bb"}]},{"@type":"WebSite","@id":"https:\/\/dumoulin.absoludev.ca\/#website","url":"https:\/\/dumoulin.absoludev.ca\/","name":"Dumoulin Bicyclettes","description":"","publisher":{"@id":"https:\/\/dumoulin.absoludev.ca\/#organization"},"potentialAction":[{"@type":"SearchAction","target":{"@type":"EntryPoint","urlTemplate":"https:\/\/dumoulin.absoludev.ca\/?s={search_term_string}"},"query-input":{"@type":"PropertyValueSpecification","valueRequired":true,"valueName":"search_term_string"}}],"inLanguage":"en-US"},{"@type":"Organization","@id":"https:\/\/dumoulin.absoludev.ca\/#organization","name":"Dumoulin Bicyclettes","url":"https:\/\/dumoulin.absoludev.ca\/","logo":{"@type":"ImageObject","inLanguage":"en-US","@id":"https:\/\/dumoulin.absoludev.ca\/#\/schema\/logo\/image\/","url":"https:\/\/www.dumoulinbicyclettes.com\/wp-content\/uploads\/2021\/04\/Logo.svg","contentUrl":"https:\/\/www.dumoulinbicyclettes.com\/wp-content\/uploads\/2021\/04\/Logo.svg","width":254,"height":86,"caption":"Dumoulin Bicyclettes"},"image":{"@id":"https:\/\/dumoulin.absoludev.ca\/#\/schema\/logo\/image\/"},"sameAs":["https:\/\/www.facebook.com\/dumoulinbicyclettes","https:\/\/www.instagram.com\/dumoulin.ca\/","https:\/\/www.youtube.com\/user\/dumoulinbicyclettes"]}]}},"_links":{"self":[{"href":"https:\/\/dumoulin.absoludev.ca\/en\/wp-json\/wp\/v2\/product\/74648","targetHints":{"allow":["GET"]}}],"collection":[{"href":"https:\/\/dumoulin.absoludev.ca\/en\/wp-json\/wp\/v2\/product"}],"about":[{"href":"https:\/\/dumoulin.absoludev.ca\/en\/wp-json\/wp\/v2\/types\/product"}],"wp:featuredmedia":[{"embeddable":true,"href":"https:\/\/dumoulin.absoludev.ca\/en\/wp-json\/wp\/v2\/media\/20106"}],"wp:attachment":[{"href":"https:\/\/dumoulin.absoludev.ca\/en\/wp-json\/wp\/v2\/media?parent=74648"}],"wp:term":[{"taxonomy":"product_brand","embeddable":true,"href":"https:\/\/dumoulin.absoludev.ca\/en\/wp-json\/wp\/v2\/product_brand?post=74648"},{"taxonomy":"product_cat","embeddable":true,"href":"https:\/\/dumoulin.absoludev.ca\/en\/wp-json\/wp\/v2\/product_cat?post=74648"},{"taxonomy":"product_tag","embeddable":true,"href":"https:\/\/dumoulin.absoludev.ca\/en\/wp-json\/wp\/v2\/product_tag?post=74648"},{"taxonomy":"marque-produit","embeddable":true,"href":"https:\/\/dumoulin.absoludev.ca\/en\/wp-json\/wp\/v2\/marque-produit?post=74648"},{"taxonomy":"collection-produit","embeddable":true,"href":"https:\/\/dumoulin.absoludev.ca\/en\/wp-json\/wp\/v2\/collection-produit?post=74648"},{"taxonomy":"type-surface-produit","embeddable":true,"href":"https:\/\/dumoulin.absoludev.ca\/en\/wp-json\/wp\/v2\/type-surface-produit?post=74648"},{"taxonomy":"type-velo-produit","embeddable":true,"href":"https:\/\/dumoulin.absoludev.ca\/en\/wp-json\/wp\/v2\/type-velo-produit?post=74648"},{"taxonomy":"vetement-produit","embeddable":true,"href":"https:\/\/dumoulin.absoludev.ca\/en\/wp-json\/wp\/v2\/vetement-produit?post=74648"},{"taxonomy":"thematique-produit","embeddable":true,"href":"https:\/\/dumoulin.absoludev.ca\/en\/wp-json\/wp\/v2\/thematique-produit?post=74648"},{"taxonomy":"position-sur-le-v\u00e9lo","embeddable":true,"href":"https:\/\/dumoulin.absoludev.ca\/en\/wp-json\/wp\/v2\/position-sur-le-v\u00e9lo?post=74648"}],"curies":[{"name":"wp","href":"https:\/\/api.w.org\/{rel}","templated":true}]}}