{"id":74620,"date":"2022-05-16T14:18:47","date_gmt":"2022-05-16T18:18:47","guid":{"rendered":"http:\/\/www.dumoulinbicyclettes.com\/produit\/gants-de-mecanicienne-finish-line\/"},"modified":"2025-09-04T14:19:54","modified_gmt":"2025-09-04T18:19:54","slug":"gants-de-mecanicienne-finish-line","status":"publish","type":"product","link":"https:\/\/dumoulin.absoludev.ca\/en\/produit\/gants-de-mecanicienne-finish-line\/","title":{"rendered":"GANTS DE MECANICIEN(NE) FINISH LINE"},"content":{"rendered":"<p>Pour tous vos travaux d&#8217;entretien de v\u00e9los, prot\u00e9gez vos mains !<\/p>\n<p>Les gants de m\u00e9cano Finish Line sont pr\u00e9cis, confortables et vous prot\u00e8gent des coupures, des bobos, de la salet\u00e9 de votre v\u00e9lo.<\/p>\n<p>Ils vous donnent aussi plus de force pour replacer un pneu sur sa jante, pour bien tenir un outil et serrer.<\/p>\n<p>Disponibles en deux tailles.<\/p>\n","protected":false},"excerpt":{"rendered":"<p>Pour tous vos travaux d&#8217;entretien de v\u00e9los, prot\u00e9gez vos mains ! Les gants de m\u00e9cano Finish Line sont pr\u00e9cis, confortables et vous prot\u00e8gent des coupures, des bobos, de la salet\u00e9 de votre v\u00e9lo. Ils vous donnent aussi plus de force pour replacer un pneu sur sa jante, pour bien tenir un outil et serrer. Disponibles [&hellip;]<\/p>\n","protected":false},"featured_media":67115,"template":"","meta":{"_acf_changed":false},"product_brand":[],"product_cat":[237,222],"product_tag":[],"marque-produit":[2795],"collection-produit":[2903],"type-surface-produit":[],"type-velo-produit":[],"vetement-produit":[],"thematique-produit":[],"position-sur-le-v\u00e9lo":[],"class_list":{"0":"post-74620","1":"product","2":"type-product","3":"status-publish","4":"has-post-thumbnail","6":"product_cat-lubrifiants-et-nettoyants","7":"product_cat-outils-et-maintenance","8":"marque-produit-finish-line","9":"collection-produit-outils-et-entretien","11":"first","12":"instock","13":"taxable","14":"shipping-taxable","15":"purchasable","16":"product-type-variable"},"acf":[],"yoast_head":"<!-- This site is optimized with the Yoast SEO plugin v24.3 - https:\/\/yoast.com\/wordpress\/plugins\/seo\/ -->\n<title>GANTS DE MECANICIEN(NE) FINISH LINE - Dumoulin Bicyclettes<\/title>\n<meta name=\"robots\" content=\"noindex, follow, max-snippet:-1, max-image-preview:large, max-video-preview:-1\" \/>\n<meta property=\"og:locale\" content=\"en_US\" \/>\n<meta property=\"og:type\" content=\"article\" \/>\n<meta property=\"og:title\" content=\"GANTS DE MECANICIEN(NE) FINISH LINE - Dumoulin Bicyclettes\" \/>\n<meta property=\"og:description\" content=\"Pour tous vos travaux d&#8217;entretien de v\u00e9los, prot\u00e9gez vos mains ! Les gants de m\u00e9cano Finish Line sont pr\u00e9cis, confortables et vous prot\u00e8gent des coupures, des bobos, de la salet\u00e9 de votre v\u00e9lo. Ils vous donnent aussi plus de force pour replacer un pneu sur sa jante, pour bien tenir un outil et serrer. Disponibles [&hellip;]\" \/>\n<meta property=\"og:url\" content=\"https:\/\/dumoulin.absoludev.ca\/produit\/gants-de-mecanicienne-finish-line\/\" \/>\n<meta property=\"og:site_name\" content=\"Dumoulin Bicyclettes\" \/>\n<meta property=\"article:publisher\" content=\"https:\/\/www.facebook.com\/dumoulinbicyclettes\" \/>\n<meta property=\"article:modified_time\" content=\"2025-09-04T18:19:54+00:00\" \/>\n<meta property=\"og:image\" content=\"https:\/\/dumoulin.absoludev.ca\/wp-content\/uploads\/2022\/04\/big-fl-grip-gloves-sm-med-wpkg-1506-phbs-act-rgb.jpg\" \/>\n\t<meta property=\"og:image:width\" content=\"288\" \/>\n\t<meta property=\"og:image:height\" content=\"600\" \/>\n\t<meta property=\"og:image:type\" content=\"image\/jpeg\" \/>\n<meta name=\"twitter:card\" content=\"summary_large_image\" \/>\n<meta name=\"twitter:label1\" content=\"Est. reading time\" \/>\n\t<meta name=\"twitter:data1\" content=\"1 minute\" \/>\n<script type=\"application\/ld+json\" class=\"yoast-schema-graph\">{\"@context\":\"https:\/\/schema.org\",\"@graph\":[{\"@type\":\"WebPage\",\"@id\":\"https:\/\/dumoulin.absoludev.ca\/produit\/gants-de-mecanicienne-finish-line\/\",\"url\":\"https:\/\/dumoulin.absoludev.ca\/produit\/gants-de-mecanicienne-finish-line\/\",\"name\":\"GANTS DE MECANICIEN(NE) FINISH LINE - Dumoulin Bicyclettes\",\"isPartOf\":{\"@id\":\"https:\/\/dumoulin.absoludev.ca\/#website\"},\"primaryImageOfPage\":{\"@id\":\"https:\/\/dumoulin.absoludev.ca\/produit\/gants-de-mecanicienne-finish-line\/#primaryimage\"},\"image\":{\"@id\":\"https:\/\/dumoulin.absoludev.ca\/produit\/gants-de-mecanicienne-finish-line\/#primaryimage\"},\"thumbnailUrl\":\"https:\/\/dumoulin.absoludev.ca\/wp-content\/uploads\/2022\/04\/big-fl-grip-gloves-sm-med-wpkg-1506-phbs-act-rgb.jpg\",\"datePublished\":\"2022-05-16T18:18:47+00:00\",\"dateModified\":\"2025-09-04T18:19:54+00:00\",\"breadcrumb\":{\"@id\":\"https:\/\/dumoulin.absoludev.ca\/produit\/gants-de-mecanicienne-finish-line\/#breadcrumb\"},\"inLanguage\":\"en-US\",\"potentialAction\":[{\"@type\":\"ReadAction\",\"target\":[\"https:\/\/dumoulin.absoludev.ca\/produit\/gants-de-mecanicienne-finish-line\/\"]}]},{\"@type\":\"ImageObject\",\"inLanguage\":\"en-US\",\"@id\":\"https:\/\/dumoulin.absoludev.ca\/produit\/gants-de-mecanicienne-finish-line\/#primaryimage\",\"url\":\"https:\/\/dumoulin.absoludev.ca\/wp-content\/uploads\/2022\/04\/big-fl-grip-gloves-sm-med-wpkg-1506-phbs-act-rgb.jpg\",\"contentUrl\":\"https:\/\/dumoulin.absoludev.ca\/wp-content\/uploads\/2022\/04\/big-fl-grip-gloves-sm-med-wpkg-1506-phbs-act-rgb.jpg\",\"width\":288,\"height\":600,\"caption\":\"Gants M\u00e9cano Finish Line\"},{\"@type\":\"BreadcrumbList\",\"@id\":\"https:\/\/dumoulin.absoludev.ca\/produit\/gants-de-mecanicienne-finish-line\/#breadcrumb\",\"itemListElement\":[{\"@type\":\"ListItem\",\"position\":1,\"name\":\"Home\",\"item\":\"https:\/\/dumoulin.absoludev.ca\/en\/\"},{\"@type\":\"ListItem\",\"position\":2,\"name\":\"Shop\",\"item\":\"https:\/\/dumoulin.absoludev.ca\/en\/shop\/\"},{\"@type\":\"ListItem\",\"position\":3,\"name\":\"GANTS DE MECANICIEN(NE) FINISH LINE\"}]},{\"@type\":\"WebSite\",\"@id\":\"https:\/\/dumoulin.absoludev.ca\/#website\",\"url\":\"https:\/\/dumoulin.absoludev.ca\/\",\"name\":\"Dumoulin Bicyclettes\",\"description\":\"\",\"publisher\":{\"@id\":\"https:\/\/dumoulin.absoludev.ca\/#organization\"},\"potentialAction\":[{\"@type\":\"SearchAction\",\"target\":{\"@type\":\"EntryPoint\",\"urlTemplate\":\"https:\/\/dumoulin.absoludev.ca\/?s={search_term_string}\"},\"query-input\":{\"@type\":\"PropertyValueSpecification\",\"valueRequired\":true,\"valueName\":\"search_term_string\"}}],\"inLanguage\":\"en-US\"},{\"@type\":\"Organization\",\"@id\":\"https:\/\/dumoulin.absoludev.ca\/#organization\",\"name\":\"Dumoulin Bicyclettes\",\"url\":\"https:\/\/dumoulin.absoludev.ca\/\",\"logo\":{\"@type\":\"ImageObject\",\"inLanguage\":\"en-US\",\"@id\":\"https:\/\/dumoulin.absoludev.ca\/#\/schema\/logo\/image\/\",\"url\":\"https:\/\/www.dumoulinbicyclettes.com\/wp-content\/uploads\/2021\/04\/Logo.svg\",\"contentUrl\":\"https:\/\/www.dumoulinbicyclettes.com\/wp-content\/uploads\/2021\/04\/Logo.svg\",\"width\":254,\"height\":86,\"caption\":\"Dumoulin Bicyclettes\"},\"image\":{\"@id\":\"https:\/\/dumoulin.absoludev.ca\/#\/schema\/logo\/image\/\"},\"sameAs\":[\"https:\/\/www.facebook.com\/dumoulinbicyclettes\",\"https:\/\/www.instagram.com\/dumoulin.ca\/\",\"https:\/\/www.youtube.com\/user\/dumoulinbicyclettes\"]}]}<\/script>\n<!-- \/ Yoast SEO plugin. -->","yoast_head_json":{"title":"GANTS DE MECANICIEN(NE) FINISH LINE - Dumoulin Bicyclettes","robots":{"index":"noindex","follow":"follow","max-snippet":"max-snippet:-1","max-image-preview":"max-image-preview:large","max-video-preview":"max-video-preview:-1"},"og_locale":"en_US","og_type":"article","og_title":"GANTS DE MECANICIEN(NE) FINISH LINE - Dumoulin Bicyclettes","og_description":"Pour tous vos travaux d&#8217;entretien de v\u00e9los, prot\u00e9gez vos mains ! Les gants de m\u00e9cano Finish Line sont pr\u00e9cis, confortables et vous prot\u00e8gent des coupures, des bobos, de la salet\u00e9 de votre v\u00e9lo. Ils vous donnent aussi plus de force pour replacer un pneu sur sa jante, pour bien tenir un outil et serrer. Disponibles [&hellip;]","og_url":"https:\/\/dumoulin.absoludev.ca\/produit\/gants-de-mecanicienne-finish-line\/","og_site_name":"Dumoulin Bicyclettes","article_publisher":"https:\/\/www.facebook.com\/dumoulinbicyclettes","article_modified_time":"2025-09-04T18:19:54+00:00","og_image":[{"width":288,"height":600,"url":"https:\/\/dumoulin.absoludev.ca\/wp-content\/uploads\/2022\/04\/big-fl-grip-gloves-sm-med-wpkg-1506-phbs-act-rgb.jpg","type":"image\/jpeg"}],"twitter_card":"summary_large_image","twitter_misc":{"Est. reading time":"1 minute"},"schema":{"@context":"https:\/\/schema.org","@graph":[{"@type":"WebPage","@id":"https:\/\/dumoulin.absoludev.ca\/produit\/gants-de-mecanicienne-finish-line\/","url":"https:\/\/dumoulin.absoludev.ca\/produit\/gants-de-mecanicienne-finish-line\/","name":"GANTS DE MECANICIEN(NE) FINISH LINE - Dumoulin Bicyclettes","isPartOf":{"@id":"https:\/\/dumoulin.absoludev.ca\/#website"},"primaryImageOfPage":{"@id":"https:\/\/dumoulin.absoludev.ca\/produit\/gants-de-mecanicienne-finish-line\/#primaryimage"},"image":{"@id":"https:\/\/dumoulin.absoludev.ca\/produit\/gants-de-mecanicienne-finish-line\/#primaryimage"},"thumbnailUrl":"https:\/\/dumoulin.absoludev.ca\/wp-content\/uploads\/2022\/04\/big-fl-grip-gloves-sm-med-wpkg-1506-phbs-act-rgb.jpg","datePublished":"2022-05-16T18:18:47+00:00","dateModified":"2025-09-04T18:19:54+00:00","breadcrumb":{"@id":"https:\/\/dumoulin.absoludev.ca\/produit\/gants-de-mecanicienne-finish-line\/#breadcrumb"},"inLanguage":"en-US","potentialAction":[{"@type":"ReadAction","target":["https:\/\/dumoulin.absoludev.ca\/produit\/gants-de-mecanicienne-finish-line\/"]}]},{"@type":"ImageObject","inLanguage":"en-US","@id":"https:\/\/dumoulin.absoludev.ca\/produit\/gants-de-mecanicienne-finish-line\/#primaryimage","url":"https:\/\/dumoulin.absoludev.ca\/wp-content\/uploads\/2022\/04\/big-fl-grip-gloves-sm-med-wpkg-1506-phbs-act-rgb.jpg","contentUrl":"https:\/\/dumoulin.absoludev.ca\/wp-content\/uploads\/2022\/04\/big-fl-grip-gloves-sm-med-wpkg-1506-phbs-act-rgb.jpg","width":288,"height":600,"caption":"Gants M\u00e9cano Finish Line"},{"@type":"BreadcrumbList","@id":"https:\/\/dumoulin.absoludev.ca\/produit\/gants-de-mecanicienne-finish-line\/#breadcrumb","itemListElement":[{"@type":"ListItem","position":1,"name":"Home","item":"https:\/\/dumoulin.absoludev.ca\/en\/"},{"@type":"ListItem","position":2,"name":"Shop","item":"https:\/\/dumoulin.absoludev.ca\/en\/shop\/"},{"@type":"ListItem","position":3,"name":"GANTS DE MECANICIEN(NE) FINISH LINE"}]},{"@type":"WebSite","@id":"https:\/\/dumoulin.absoludev.ca\/#website","url":"https:\/\/dumoulin.absoludev.ca\/","name":"Dumoulin Bicyclettes","description":"","publisher":{"@id":"https:\/\/dumoulin.absoludev.ca\/#organization"},"potentialAction":[{"@type":"SearchAction","target":{"@type":"EntryPoint","urlTemplate":"https:\/\/dumoulin.absoludev.ca\/?s={search_term_string}"},"query-input":{"@type":"PropertyValueSpecification","valueRequired":true,"valueName":"search_term_string"}}],"inLanguage":"en-US"},{"@type":"Organization","@id":"https:\/\/dumoulin.absoludev.ca\/#organization","name":"Dumoulin Bicyclettes","url":"https:\/\/dumoulin.absoludev.ca\/","logo":{"@type":"ImageObject","inLanguage":"en-US","@id":"https:\/\/dumoulin.absoludev.ca\/#\/schema\/logo\/image\/","url":"https:\/\/www.dumoulinbicyclettes.com\/wp-content\/uploads\/2021\/04\/Logo.svg","contentUrl":"https:\/\/www.dumoulinbicyclettes.com\/wp-content\/uploads\/2021\/04\/Logo.svg","width":254,"height":86,"caption":"Dumoulin Bicyclettes"},"image":{"@id":"https:\/\/dumoulin.absoludev.ca\/#\/schema\/logo\/image\/"},"sameAs":["https:\/\/www.facebook.com\/dumoulinbicyclettes","https:\/\/www.instagram.com\/dumoulin.ca\/","https:\/\/www.youtube.com\/user\/dumoulinbicyclettes"]}]}},"_links":{"self":[{"href":"https:\/\/dumoulin.absoludev.ca\/en\/wp-json\/wp\/v2\/product\/74620","targetHints":{"allow":["GET"]}}],"collection":[{"href":"https:\/\/dumoulin.absoludev.ca\/en\/wp-json\/wp\/v2\/product"}],"about":[{"href":"https:\/\/dumoulin.absoludev.ca\/en\/wp-json\/wp\/v2\/types\/product"}],"wp:featuredmedia":[{"embeddable":true,"href":"https:\/\/dumoulin.absoludev.ca\/en\/wp-json\/wp\/v2\/media\/67115"}],"wp:attachment":[{"href":"https:\/\/dumoulin.absoludev.ca\/en\/wp-json\/wp\/v2\/media?parent=74620"}],"wp:term":[{"taxonomy":"product_brand","embeddable":true,"href":"https:\/\/dumoulin.absoludev.ca\/en\/wp-json\/wp\/v2\/product_brand?post=74620"},{"taxonomy":"product_cat","embeddable":true,"href":"https:\/\/dumoulin.absoludev.ca\/en\/wp-json\/wp\/v2\/product_cat?post=74620"},{"taxonomy":"product_tag","embeddable":true,"href":"https:\/\/dumoulin.absoludev.ca\/en\/wp-json\/wp\/v2\/product_tag?post=74620"},{"taxonomy":"marque-produit","embeddable":true,"href":"https:\/\/dumoulin.absoludev.ca\/en\/wp-json\/wp\/v2\/marque-produit?post=74620"},{"taxonomy":"collection-produit","embeddable":true,"href":"https:\/\/dumoulin.absoludev.ca\/en\/wp-json\/wp\/v2\/collection-produit?post=74620"},{"taxonomy":"type-surface-produit","embeddable":true,"href":"https:\/\/dumoulin.absoludev.ca\/en\/wp-json\/wp\/v2\/type-surface-produit?post=74620"},{"taxonomy":"type-velo-produit","embeddable":true,"href":"https:\/\/dumoulin.absoludev.ca\/en\/wp-json\/wp\/v2\/type-velo-produit?post=74620"},{"taxonomy":"vetement-produit","embeddable":true,"href":"https:\/\/dumoulin.absoludev.ca\/en\/wp-json\/wp\/v2\/vetement-produit?post=74620"},{"taxonomy":"thematique-produit","embeddable":true,"href":"https:\/\/dumoulin.absoludev.ca\/en\/wp-json\/wp\/v2\/thematique-produit?post=74620"},{"taxonomy":"position-sur-le-v\u00e9lo","embeddable":true,"href":"https:\/\/dumoulin.absoludev.ca\/en\/wp-json\/wp\/v2\/position-sur-le-v\u00e9lo?post=74620"}],"curies":[{"name":"wp","href":"https:\/\/api.w.org\/{rel}","templated":true}]}}