{"id":74615,"date":"2022-05-16T14:18:46","date_gmt":"2022-05-16T18:18:46","guid":{"rendered":"http:\/\/www.dumoulinbicyclettes.com\/produit\/gants-kombi-traveller\/"},"modified":"2025-09-04T14:19:53","modified_gmt":"2025-09-04T18:19:53","slug":"gants-kombi-traveller","status":"publish","type":"product","link":"https:\/\/dumoulin.absoludev.ca\/en\/produit\/gants-kombi-traveller\/","title":{"rendered":"Gants KOMBI Traveller"},"content":{"rendered":"<p>Ces gants polyvalents vous m\u00e8neront de la ville jusqu\u2019au chalet. L\u2019ext\u00e9rieur en polyester extensible l\u00e9ger avec membrane WATERGUARD\u00ae, fermeture \u00e0 velcro et isolation l\u00e9g\u00e8re SOFTLOFT fournissent le bon niveau de chaleur pour que vous puissiez faire toutes vos courses en \u00e9tant confortable. L&#8217;ajout de la technologie POWERPOINT\u00ae Touch vous permet d&#8217;utiliser des \u00e9crans tactiles pour que vous puissiez rester connect\u00e9 m\u00eame lorsque vous vous d\u00e9tendez pr\u00e8s du feu de camp.<\/p>\n","protected":false},"excerpt":{"rendered":"<p>Ces gants polyvalents vous m\u00e8neront de la ville jusqu\u2019au chalet. L\u2019ext\u00e9rieur en polyester extensible l\u00e9ger avec membrane WATERGUARD\u00ae, fermeture \u00e0 velcro et isolation l\u00e9g\u00e8re SOFTLOFT fournissent le bon niveau de chaleur pour que vous puissiez faire toutes vos courses en \u00e9tant confortable. L&#8217;ajout de la technologie POWERPOINT\u00ae Touch vous permet d&#8217;utiliser des \u00e9crans tactiles pour [&hellip;]<\/p>\n","protected":false},"featured_media":20084,"template":"","meta":{"_acf_changed":false},"product_brand":[],"product_cat":[202],"product_tag":[2305,2277,2180],"marque-produit":[2309],"collection-produit":[2900],"type-surface-produit":[],"type-velo-produit":[],"vetement-produit":[],"thematique-produit":[1238,2173],"position-sur-le-v\u00e9lo":[],"class_list":{"0":"post-74615","1":"product","2":"type-product","3":"status-publish","4":"has-post-thumbnail","6":"product_cat-gants-et-mitaines","7":"product_tag-gants","8":"product_tag-hiver","9":"product_tag-kombi","10":"marque-produit-kombi","11":"collection-produit-vetements","12":"thematique-produit-hiver","13":"thematique-produit-hiver-en","15":"first","16":"instock","17":"taxable","18":"shipping-taxable","19":"purchasable","20":"product-type-variable"},"acf":[],"yoast_head":"<!-- This site is optimized with the Yoast SEO plugin v24.3 - https:\/\/yoast.com\/wordpress\/plugins\/seo\/ -->\n<title>Gants KOMBI Traveller - Dumoulin Bicyclettes<\/title>\n<meta name=\"robots\" content=\"noindex, follow, max-snippet:-1, max-image-preview:large, max-video-preview:-1\" \/>\n<meta property=\"og:locale\" content=\"en_US\" \/>\n<meta property=\"og:type\" content=\"article\" \/>\n<meta property=\"og:title\" content=\"Gants KOMBI Traveller - Dumoulin Bicyclettes\" \/>\n<meta property=\"og:description\" content=\"Ces gants polyvalents vous m\u00e8neront de la ville jusqu\u2019au chalet. L\u2019ext\u00e9rieur en polyester extensible l\u00e9ger avec membrane WATERGUARD\u00ae, fermeture \u00e0 velcro et isolation l\u00e9g\u00e8re SOFTLOFT fournissent le bon niveau de chaleur pour que vous puissiez faire toutes vos courses en \u00e9tant confortable. L&#8217;ajout de la technologie POWERPOINT\u00ae Touch vous permet d&#8217;utiliser des \u00e9crans tactiles pour [&hellip;]\" \/>\n<meta property=\"og:url\" content=\"https:\/\/dumoulin.absoludev.ca\/produit\/gants-kombi-traveller\/\" \/>\n<meta property=\"og:site_name\" content=\"Dumoulin Bicyclettes\" \/>\n<meta property=\"article:publisher\" content=\"https:\/\/www.facebook.com\/dumoulinbicyclettes\" \/>\n<meta property=\"article:modified_time\" content=\"2025-09-04T18:19:53+00:00\" \/>\n<meta property=\"og:image\" content=\"https:\/\/dumoulin.absoludev.ca\/wp-content\/uploads\/2021\/10\/gants-kombi-traveller.jpeg\" \/>\n\t<meta property=\"og:image:width\" content=\"1000\" \/>\n\t<meta property=\"og:image:height\" content=\"800\" \/>\n\t<meta property=\"og:image:type\" content=\"image\/jpeg\" \/>\n<meta name=\"twitter:card\" content=\"summary_large_image\" \/>\n<meta name=\"twitter:label1\" content=\"Est. reading time\" \/>\n\t<meta name=\"twitter:data1\" content=\"1 minute\" \/>\n<script type=\"application\/ld+json\" class=\"yoast-schema-graph\">{\"@context\":\"https:\/\/schema.org\",\"@graph\":[{\"@type\":\"WebPage\",\"@id\":\"https:\/\/dumoulin.absoludev.ca\/produit\/gants-kombi-traveller\/\",\"url\":\"https:\/\/dumoulin.absoludev.ca\/produit\/gants-kombi-traveller\/\",\"name\":\"Gants KOMBI Traveller - Dumoulin Bicyclettes\",\"isPartOf\":{\"@id\":\"https:\/\/dumoulin.absoludev.ca\/#website\"},\"primaryImageOfPage\":{\"@id\":\"https:\/\/dumoulin.absoludev.ca\/produit\/gants-kombi-traveller\/#primaryimage\"},\"image\":{\"@id\":\"https:\/\/dumoulin.absoludev.ca\/produit\/gants-kombi-traveller\/#primaryimage\"},\"thumbnailUrl\":\"https:\/\/dumoulin.absoludev.ca\/wp-content\/uploads\/2021\/10\/gants-kombi-traveller.jpeg\",\"datePublished\":\"2022-05-16T18:18:46+00:00\",\"dateModified\":\"2025-09-04T18:19:53+00:00\",\"breadcrumb\":{\"@id\":\"https:\/\/dumoulin.absoludev.ca\/produit\/gants-kombi-traveller\/#breadcrumb\"},\"inLanguage\":\"en-US\",\"potentialAction\":[{\"@type\":\"ReadAction\",\"target\":[\"https:\/\/dumoulin.absoludev.ca\/produit\/gants-kombi-traveller\/\"]}]},{\"@type\":\"ImageObject\",\"inLanguage\":\"en-US\",\"@id\":\"https:\/\/dumoulin.absoludev.ca\/produit\/gants-kombi-traveller\/#primaryimage\",\"url\":\"https:\/\/dumoulin.absoludev.ca\/wp-content\/uploads\/2021\/10\/gants-kombi-traveller.jpeg\",\"contentUrl\":\"https:\/\/dumoulin.absoludev.ca\/wp-content\/uploads\/2021\/10\/gants-kombi-traveller.jpeg\",\"width\":1000,\"height\":800,\"caption\":\"Gants_kombi-traveller_\"},{\"@type\":\"BreadcrumbList\",\"@id\":\"https:\/\/dumoulin.absoludev.ca\/produit\/gants-kombi-traveller\/#breadcrumb\",\"itemListElement\":[{\"@type\":\"ListItem\",\"position\":1,\"name\":\"Home\",\"item\":\"https:\/\/dumoulin.absoludev.ca\/en\/\"},{\"@type\":\"ListItem\",\"position\":2,\"name\":\"Shop\",\"item\":\"https:\/\/dumoulin.absoludev.ca\/en\/shop\/\"},{\"@type\":\"ListItem\",\"position\":3,\"name\":\"Gants KOMBI Traveller\"}]},{\"@type\":\"WebSite\",\"@id\":\"https:\/\/dumoulin.absoludev.ca\/#website\",\"url\":\"https:\/\/dumoulin.absoludev.ca\/\",\"name\":\"Dumoulin Bicyclettes\",\"description\":\"\",\"publisher\":{\"@id\":\"https:\/\/dumoulin.absoludev.ca\/#organization\"},\"potentialAction\":[{\"@type\":\"SearchAction\",\"target\":{\"@type\":\"EntryPoint\",\"urlTemplate\":\"https:\/\/dumoulin.absoludev.ca\/?s={search_term_string}\"},\"query-input\":{\"@type\":\"PropertyValueSpecification\",\"valueRequired\":true,\"valueName\":\"search_term_string\"}}],\"inLanguage\":\"en-US\"},{\"@type\":\"Organization\",\"@id\":\"https:\/\/dumoulin.absoludev.ca\/#organization\",\"name\":\"Dumoulin Bicyclettes\",\"url\":\"https:\/\/dumoulin.absoludev.ca\/\",\"logo\":{\"@type\":\"ImageObject\",\"inLanguage\":\"en-US\",\"@id\":\"https:\/\/dumoulin.absoludev.ca\/#\/schema\/logo\/image\/\",\"url\":\"https:\/\/www.dumoulinbicyclettes.com\/wp-content\/uploads\/2021\/04\/Logo.svg\",\"contentUrl\":\"https:\/\/www.dumoulinbicyclettes.com\/wp-content\/uploads\/2021\/04\/Logo.svg\",\"width\":254,\"height\":86,\"caption\":\"Dumoulin Bicyclettes\"},\"image\":{\"@id\":\"https:\/\/dumoulin.absoludev.ca\/#\/schema\/logo\/image\/\"},\"sameAs\":[\"https:\/\/www.facebook.com\/dumoulinbicyclettes\",\"https:\/\/www.instagram.com\/dumoulin.ca\/\",\"https:\/\/www.youtube.com\/user\/dumoulinbicyclettes\"]}]}<\/script>\n<!-- \/ Yoast SEO plugin. -->","yoast_head_json":{"title":"Gants KOMBI Traveller - Dumoulin Bicyclettes","robots":{"index":"noindex","follow":"follow","max-snippet":"max-snippet:-1","max-image-preview":"max-image-preview:large","max-video-preview":"max-video-preview:-1"},"og_locale":"en_US","og_type":"article","og_title":"Gants KOMBI Traveller - Dumoulin Bicyclettes","og_description":"Ces gants polyvalents vous m\u00e8neront de la ville jusqu\u2019au chalet. L\u2019ext\u00e9rieur en polyester extensible l\u00e9ger avec membrane WATERGUARD\u00ae, fermeture \u00e0 velcro et isolation l\u00e9g\u00e8re SOFTLOFT fournissent le bon niveau de chaleur pour que vous puissiez faire toutes vos courses en \u00e9tant confortable. L&#8217;ajout de la technologie POWERPOINT\u00ae Touch vous permet d&#8217;utiliser des \u00e9crans tactiles pour [&hellip;]","og_url":"https:\/\/dumoulin.absoludev.ca\/produit\/gants-kombi-traveller\/","og_site_name":"Dumoulin Bicyclettes","article_publisher":"https:\/\/www.facebook.com\/dumoulinbicyclettes","article_modified_time":"2025-09-04T18:19:53+00:00","og_image":[{"width":1000,"height":800,"url":"https:\/\/dumoulin.absoludev.ca\/wp-content\/uploads\/2021\/10\/gants-kombi-traveller.jpeg","type":"image\/jpeg"}],"twitter_card":"summary_large_image","twitter_misc":{"Est. reading time":"1 minute"},"schema":{"@context":"https:\/\/schema.org","@graph":[{"@type":"WebPage","@id":"https:\/\/dumoulin.absoludev.ca\/produit\/gants-kombi-traveller\/","url":"https:\/\/dumoulin.absoludev.ca\/produit\/gants-kombi-traveller\/","name":"Gants KOMBI Traveller - Dumoulin Bicyclettes","isPartOf":{"@id":"https:\/\/dumoulin.absoludev.ca\/#website"},"primaryImageOfPage":{"@id":"https:\/\/dumoulin.absoludev.ca\/produit\/gants-kombi-traveller\/#primaryimage"},"image":{"@id":"https:\/\/dumoulin.absoludev.ca\/produit\/gants-kombi-traveller\/#primaryimage"},"thumbnailUrl":"https:\/\/dumoulin.absoludev.ca\/wp-content\/uploads\/2021\/10\/gants-kombi-traveller.jpeg","datePublished":"2022-05-16T18:18:46+00:00","dateModified":"2025-09-04T18:19:53+00:00","breadcrumb":{"@id":"https:\/\/dumoulin.absoludev.ca\/produit\/gants-kombi-traveller\/#breadcrumb"},"inLanguage":"en-US","potentialAction":[{"@type":"ReadAction","target":["https:\/\/dumoulin.absoludev.ca\/produit\/gants-kombi-traveller\/"]}]},{"@type":"ImageObject","inLanguage":"en-US","@id":"https:\/\/dumoulin.absoludev.ca\/produit\/gants-kombi-traveller\/#primaryimage","url":"https:\/\/dumoulin.absoludev.ca\/wp-content\/uploads\/2021\/10\/gants-kombi-traveller.jpeg","contentUrl":"https:\/\/dumoulin.absoludev.ca\/wp-content\/uploads\/2021\/10\/gants-kombi-traveller.jpeg","width":1000,"height":800,"caption":"Gants_kombi-traveller_"},{"@type":"BreadcrumbList","@id":"https:\/\/dumoulin.absoludev.ca\/produit\/gants-kombi-traveller\/#breadcrumb","itemListElement":[{"@type":"ListItem","position":1,"name":"Home","item":"https:\/\/dumoulin.absoludev.ca\/en\/"},{"@type":"ListItem","position":2,"name":"Shop","item":"https:\/\/dumoulin.absoludev.ca\/en\/shop\/"},{"@type":"ListItem","position":3,"name":"Gants KOMBI Traveller"}]},{"@type":"WebSite","@id":"https:\/\/dumoulin.absoludev.ca\/#website","url":"https:\/\/dumoulin.absoludev.ca\/","name":"Dumoulin Bicyclettes","description":"","publisher":{"@id":"https:\/\/dumoulin.absoludev.ca\/#organization"},"potentialAction":[{"@type":"SearchAction","target":{"@type":"EntryPoint","urlTemplate":"https:\/\/dumoulin.absoludev.ca\/?s={search_term_string}"},"query-input":{"@type":"PropertyValueSpecification","valueRequired":true,"valueName":"search_term_string"}}],"inLanguage":"en-US"},{"@type":"Organization","@id":"https:\/\/dumoulin.absoludev.ca\/#organization","name":"Dumoulin Bicyclettes","url":"https:\/\/dumoulin.absoludev.ca\/","logo":{"@type":"ImageObject","inLanguage":"en-US","@id":"https:\/\/dumoulin.absoludev.ca\/#\/schema\/logo\/image\/","url":"https:\/\/www.dumoulinbicyclettes.com\/wp-content\/uploads\/2021\/04\/Logo.svg","contentUrl":"https:\/\/www.dumoulinbicyclettes.com\/wp-content\/uploads\/2021\/04\/Logo.svg","width":254,"height":86,"caption":"Dumoulin Bicyclettes"},"image":{"@id":"https:\/\/dumoulin.absoludev.ca\/#\/schema\/logo\/image\/"},"sameAs":["https:\/\/www.facebook.com\/dumoulinbicyclettes","https:\/\/www.instagram.com\/dumoulin.ca\/","https:\/\/www.youtube.com\/user\/dumoulinbicyclettes"]}]}},"_links":{"self":[{"href":"https:\/\/dumoulin.absoludev.ca\/en\/wp-json\/wp\/v2\/product\/74615","targetHints":{"allow":["GET"]}}],"collection":[{"href":"https:\/\/dumoulin.absoludev.ca\/en\/wp-json\/wp\/v2\/product"}],"about":[{"href":"https:\/\/dumoulin.absoludev.ca\/en\/wp-json\/wp\/v2\/types\/product"}],"wp:featuredmedia":[{"embeddable":true,"href":"https:\/\/dumoulin.absoludev.ca\/en\/wp-json\/wp\/v2\/media\/20084"}],"wp:attachment":[{"href":"https:\/\/dumoulin.absoludev.ca\/en\/wp-json\/wp\/v2\/media?parent=74615"}],"wp:term":[{"taxonomy":"product_brand","embeddable":true,"href":"https:\/\/dumoulin.absoludev.ca\/en\/wp-json\/wp\/v2\/product_brand?post=74615"},{"taxonomy":"product_cat","embeddable":true,"href":"https:\/\/dumoulin.absoludev.ca\/en\/wp-json\/wp\/v2\/product_cat?post=74615"},{"taxonomy":"product_tag","embeddable":true,"href":"https:\/\/dumoulin.absoludev.ca\/en\/wp-json\/wp\/v2\/product_tag?post=74615"},{"taxonomy":"marque-produit","embeddable":true,"href":"https:\/\/dumoulin.absoludev.ca\/en\/wp-json\/wp\/v2\/marque-produit?post=74615"},{"taxonomy":"collection-produit","embeddable":true,"href":"https:\/\/dumoulin.absoludev.ca\/en\/wp-json\/wp\/v2\/collection-produit?post=74615"},{"taxonomy":"type-surface-produit","embeddable":true,"href":"https:\/\/dumoulin.absoludev.ca\/en\/wp-json\/wp\/v2\/type-surface-produit?post=74615"},{"taxonomy":"type-velo-produit","embeddable":true,"href":"https:\/\/dumoulin.absoludev.ca\/en\/wp-json\/wp\/v2\/type-velo-produit?post=74615"},{"taxonomy":"vetement-produit","embeddable":true,"href":"https:\/\/dumoulin.absoludev.ca\/en\/wp-json\/wp\/v2\/vetement-produit?post=74615"},{"taxonomy":"thematique-produit","embeddable":true,"href":"https:\/\/dumoulin.absoludev.ca\/en\/wp-json\/wp\/v2\/thematique-produit?post=74615"},{"taxonomy":"position-sur-le-v\u00e9lo","embeddable":true,"href":"https:\/\/dumoulin.absoludev.ca\/en\/wp-json\/wp\/v2\/position-sur-le-v\u00e9lo?post=74615"}],"curies":[{"name":"wp","href":"https:\/\/api.w.org\/{rel}","templated":true}]}}