{"id":74578,"date":"2022-05-16T14:18:41","date_gmt":"2022-05-16T18:18:41","guid":{"rendered":"http:\/\/www.dumoulinbicyclettes.com\/produit\/selle-brooks-b17s-standard\/"},"modified":"2025-09-04T14:19:47","modified_gmt":"2025-09-04T18:19:47","slug":"selle-brooks-b17s-standard","status":"publish","type":"product","link":"https:\/\/dumoulin.absoludev.ca\/en\/produit\/selle-brooks-b17s-standard\/","title":{"rendered":"Selle Brooks B17 Standard &#8220;Short&#8221; (courte)"},"content":{"rendered":"<p>La selle Brooks B17 Standard &#8220;Short&#8221; (courte) est le mod\u00e8le classique et le plus populaire de Brooks. C\u2019est la selle qui a tout d\u00e9clench\u00e9 et qui est au catalogue de la marque anglaise depuis plus de 100 ans ! Iconique, ind\u00e9modable et particuli\u00e8rement fonctionnelle, elle s\u2019adaptera \u00e0 vous. Plus vous roulerez, plus elle s&#8217;adaptera \u00e0 votre morphologie.<\/p>\n<p><\/p>\n","protected":false},"excerpt":{"rendered":"<p>La selle Brooks B17 Standard &#8220;Short&#8221; (courte) est le mod\u00e8le classique et le plus populaire de Brooks. C\u2019est la selle qui a tout d\u00e9clench\u00e9 et qui est au catalogue de la marque anglaise depuis plus de 100 ans ! Iconique, ind\u00e9modable et particuli\u00e8rement fonctionnelle, elle s\u2019adaptera \u00e0 vous. Plus vous roulerez, plus elle s&#8217;adaptera \u00e0 [&hellip;]<\/p>\n","protected":false},"featured_media":19214,"template":"","meta":{"_acf_changed":false},"product_brand":[],"product_cat":[216,217],"product_tag":[2265,2264,3395,2263,3394],"marque-produit":[1194],"collection-produit":[],"type-surface-produit":[],"type-velo-produit":[1249],"vetement-produit":[],"thematique-produit":[],"position-sur-le-v\u00e9lo":[],"class_list":{"0":"post-74578","1":"product","2":"type-product","3":"status-publish","4":"has-post-thumbnail","6":"product_cat-composantes-et-outils","7":"product_cat-selles","8":"product_tag-b17","9":"product_tag-brooks","10":"product_tag-courte","11":"product_tag-selle","12":"product_tag-short","13":"marque-produit-brooks","14":"type-velo-produit-cyclotourisme","16":"first","17":"instock","18":"taxable","19":"shipping-taxable","20":"purchasable","21":"product-type-variable"},"acf":[],"yoast_head":"<!-- This site is optimized with the Yoast SEO plugin v24.3 - https:\/\/yoast.com\/wordpress\/plugins\/seo\/ -->\n<title>Selle Brooks B17 Standard &quot;Short&quot; (courte) - Dumoulin Bicyclettes<\/title>\n<meta name=\"description\" content=\"La selle Brooks B17 Standard Short (courte) est le mod\u00e8le classique et le plus populaire de Brooks. Iconique et fonctionnelle, elle s\u2019adaptera \u00e0 vous.\" \/>\n<meta name=\"robots\" content=\"noindex, follow, max-snippet:-1, max-image-preview:large, max-video-preview:-1\" \/>\n<meta property=\"og:locale\" content=\"en_US\" \/>\n<meta property=\"og:type\" content=\"article\" \/>\n<meta property=\"og:title\" content=\"Selle Brooks B17 Standard &quot;Short&quot; (courte) - Dumoulin Bicyclettes\" \/>\n<meta property=\"og:description\" content=\"La selle Brooks B17 Standard Short (courte) est le mod\u00e8le classique et le plus populaire de Brooks. Iconique et fonctionnelle, elle s\u2019adaptera \u00e0 vous.\" \/>\n<meta property=\"og:url\" content=\"https:\/\/dumoulin.absoludev.ca\/produit\/selle-brooks-b17s-standard\/\" \/>\n<meta property=\"og:site_name\" content=\"Dumoulin Bicyclettes\" \/>\n<meta property=\"article:publisher\" content=\"https:\/\/www.facebook.com\/dumoulinbicyclettes\" \/>\n<meta property=\"article:modified_time\" content=\"2025-09-04T18:19:47+00:00\" \/>\n<meta property=\"og:image\" content=\"https:\/\/dumoulin.absoludev.ca\/wp-content\/uploads\/2021\/09\/brooks-b17s-short-leather-saddle-antique-brown.jpg\" \/>\n\t<meta property=\"og:image:width\" content=\"1000\" \/>\n\t<meta property=\"og:image:height\" content=\"1000\" \/>\n\t<meta property=\"og:image:type\" content=\"image\/jpeg\" \/>\n<meta name=\"twitter:card\" content=\"summary_large_image\" \/>\n<meta name=\"twitter:label1\" content=\"Est. reading time\" \/>\n\t<meta name=\"twitter:data1\" content=\"1 minute\" \/>\n<script type=\"application\/ld+json\" class=\"yoast-schema-graph\">{\"@context\":\"https:\/\/schema.org\",\"@graph\":[{\"@type\":\"WebPage\",\"@id\":\"https:\/\/dumoulin.absoludev.ca\/produit\/selle-brooks-b17s-standard\/\",\"url\":\"https:\/\/dumoulin.absoludev.ca\/produit\/selle-brooks-b17s-standard\/\",\"name\":\"Selle Brooks B17 Standard \\\"Short\\\" (courte) - Dumoulin Bicyclettes\",\"isPartOf\":{\"@id\":\"https:\/\/dumoulin.absoludev.ca\/#website\"},\"primaryImageOfPage\":{\"@id\":\"https:\/\/dumoulin.absoludev.ca\/produit\/selle-brooks-b17s-standard\/#primaryimage\"},\"image\":{\"@id\":\"https:\/\/dumoulin.absoludev.ca\/produit\/selle-brooks-b17s-standard\/#primaryimage\"},\"thumbnailUrl\":\"https:\/\/dumoulin.absoludev.ca\/wp-content\/uploads\/2021\/09\/brooks-b17s-short-leather-saddle-antique-brown.jpg\",\"datePublished\":\"2022-05-16T18:18:41+00:00\",\"dateModified\":\"2025-09-04T18:19:47+00:00\",\"description\":\"La selle Brooks B17 Standard Short (courte) est le mod\u00e8le classique et le plus populaire de Brooks. Iconique et fonctionnelle, elle s\u2019adaptera \u00e0 vous.\",\"breadcrumb\":{\"@id\":\"https:\/\/dumoulin.absoludev.ca\/produit\/selle-brooks-b17s-standard\/#breadcrumb\"},\"inLanguage\":\"en-US\",\"potentialAction\":[{\"@type\":\"ReadAction\",\"target\":[\"https:\/\/dumoulin.absoludev.ca\/produit\/selle-brooks-b17s-standard\/\"]}]},{\"@type\":\"ImageObject\",\"inLanguage\":\"en-US\",\"@id\":\"https:\/\/dumoulin.absoludev.ca\/produit\/selle-brooks-b17s-standard\/#primaryimage\",\"url\":\"https:\/\/dumoulin.absoludev.ca\/wp-content\/uploads\/2021\/09\/brooks-b17s-short-leather-saddle-antique-brown.jpg\",\"contentUrl\":\"https:\/\/dumoulin.absoludev.ca\/wp-content\/uploads\/2021\/09\/brooks-b17s-short-leather-saddle-antique-brown.jpg\",\"width\":1000,\"height\":1000},{\"@type\":\"BreadcrumbList\",\"@id\":\"https:\/\/dumoulin.absoludev.ca\/produit\/selle-brooks-b17s-standard\/#breadcrumb\",\"itemListElement\":[{\"@type\":\"ListItem\",\"position\":1,\"name\":\"Home\",\"item\":\"https:\/\/dumoulin.absoludev.ca\/en\/\"},{\"@type\":\"ListItem\",\"position\":2,\"name\":\"Shop\",\"item\":\"https:\/\/dumoulin.absoludev.ca\/en\/shop\/\"},{\"@type\":\"ListItem\",\"position\":3,\"name\":\"Selle Brooks B17 Standard \u00ab\u00a0Short\u00a0\u00bb (courte)\"}]},{\"@type\":\"WebSite\",\"@id\":\"https:\/\/dumoulin.absoludev.ca\/#website\",\"url\":\"https:\/\/dumoulin.absoludev.ca\/\",\"name\":\"Dumoulin Bicyclettes\",\"description\":\"\",\"publisher\":{\"@id\":\"https:\/\/dumoulin.absoludev.ca\/#organization\"},\"potentialAction\":[{\"@type\":\"SearchAction\",\"target\":{\"@type\":\"EntryPoint\",\"urlTemplate\":\"https:\/\/dumoulin.absoludev.ca\/?s={search_term_string}\"},\"query-input\":{\"@type\":\"PropertyValueSpecification\",\"valueRequired\":true,\"valueName\":\"search_term_string\"}}],\"inLanguage\":\"en-US\"},{\"@type\":\"Organization\",\"@id\":\"https:\/\/dumoulin.absoludev.ca\/#organization\",\"name\":\"Dumoulin Bicyclettes\",\"url\":\"https:\/\/dumoulin.absoludev.ca\/\",\"logo\":{\"@type\":\"ImageObject\",\"inLanguage\":\"en-US\",\"@id\":\"https:\/\/dumoulin.absoludev.ca\/#\/schema\/logo\/image\/\",\"url\":\"https:\/\/www.dumoulinbicyclettes.com\/wp-content\/uploads\/2021\/04\/Logo.svg\",\"contentUrl\":\"https:\/\/www.dumoulinbicyclettes.com\/wp-content\/uploads\/2021\/04\/Logo.svg\",\"width\":254,\"height\":86,\"caption\":\"Dumoulin Bicyclettes\"},\"image\":{\"@id\":\"https:\/\/dumoulin.absoludev.ca\/#\/schema\/logo\/image\/\"},\"sameAs\":[\"https:\/\/www.facebook.com\/dumoulinbicyclettes\",\"https:\/\/www.instagram.com\/dumoulin.ca\/\",\"https:\/\/www.youtube.com\/user\/dumoulinbicyclettes\"]}]}<\/script>\n<!-- \/ Yoast SEO plugin. -->","yoast_head_json":{"title":"Selle Brooks B17 Standard \"Short\" (courte) - Dumoulin Bicyclettes","description":"La selle Brooks B17 Standard Short (courte) est le mod\u00e8le classique et le plus populaire de Brooks. Iconique et fonctionnelle, elle s\u2019adaptera \u00e0 vous.","robots":{"index":"noindex","follow":"follow","max-snippet":"max-snippet:-1","max-image-preview":"max-image-preview:large","max-video-preview":"max-video-preview:-1"},"og_locale":"en_US","og_type":"article","og_title":"Selle Brooks B17 Standard \"Short\" (courte) - Dumoulin Bicyclettes","og_description":"La selle Brooks B17 Standard Short (courte) est le mod\u00e8le classique et le plus populaire de Brooks. Iconique et fonctionnelle, elle s\u2019adaptera \u00e0 vous.","og_url":"https:\/\/dumoulin.absoludev.ca\/produit\/selle-brooks-b17s-standard\/","og_site_name":"Dumoulin Bicyclettes","article_publisher":"https:\/\/www.facebook.com\/dumoulinbicyclettes","article_modified_time":"2025-09-04T18:19:47+00:00","og_image":[{"width":1000,"height":1000,"url":"https:\/\/dumoulin.absoludev.ca\/wp-content\/uploads\/2021\/09\/brooks-b17s-short-leather-saddle-antique-brown.jpg","type":"image\/jpeg"}],"twitter_card":"summary_large_image","twitter_misc":{"Est. reading time":"1 minute"},"schema":{"@context":"https:\/\/schema.org","@graph":[{"@type":"WebPage","@id":"https:\/\/dumoulin.absoludev.ca\/produit\/selle-brooks-b17s-standard\/","url":"https:\/\/dumoulin.absoludev.ca\/produit\/selle-brooks-b17s-standard\/","name":"Selle Brooks B17 Standard \"Short\" (courte) - Dumoulin Bicyclettes","isPartOf":{"@id":"https:\/\/dumoulin.absoludev.ca\/#website"},"primaryImageOfPage":{"@id":"https:\/\/dumoulin.absoludev.ca\/produit\/selle-brooks-b17s-standard\/#primaryimage"},"image":{"@id":"https:\/\/dumoulin.absoludev.ca\/produit\/selle-brooks-b17s-standard\/#primaryimage"},"thumbnailUrl":"https:\/\/dumoulin.absoludev.ca\/wp-content\/uploads\/2021\/09\/brooks-b17s-short-leather-saddle-antique-brown.jpg","datePublished":"2022-05-16T18:18:41+00:00","dateModified":"2025-09-04T18:19:47+00:00","description":"La selle Brooks B17 Standard Short (courte) est le mod\u00e8le classique et le plus populaire de Brooks. Iconique et fonctionnelle, elle s\u2019adaptera \u00e0 vous.","breadcrumb":{"@id":"https:\/\/dumoulin.absoludev.ca\/produit\/selle-brooks-b17s-standard\/#breadcrumb"},"inLanguage":"en-US","potentialAction":[{"@type":"ReadAction","target":["https:\/\/dumoulin.absoludev.ca\/produit\/selle-brooks-b17s-standard\/"]}]},{"@type":"ImageObject","inLanguage":"en-US","@id":"https:\/\/dumoulin.absoludev.ca\/produit\/selle-brooks-b17s-standard\/#primaryimage","url":"https:\/\/dumoulin.absoludev.ca\/wp-content\/uploads\/2021\/09\/brooks-b17s-short-leather-saddle-antique-brown.jpg","contentUrl":"https:\/\/dumoulin.absoludev.ca\/wp-content\/uploads\/2021\/09\/brooks-b17s-short-leather-saddle-antique-brown.jpg","width":1000,"height":1000},{"@type":"BreadcrumbList","@id":"https:\/\/dumoulin.absoludev.ca\/produit\/selle-brooks-b17s-standard\/#breadcrumb","itemListElement":[{"@type":"ListItem","position":1,"name":"Home","item":"https:\/\/dumoulin.absoludev.ca\/en\/"},{"@type":"ListItem","position":2,"name":"Shop","item":"https:\/\/dumoulin.absoludev.ca\/en\/shop\/"},{"@type":"ListItem","position":3,"name":"Selle Brooks B17 Standard \u00ab\u00a0Short\u00a0\u00bb (courte)"}]},{"@type":"WebSite","@id":"https:\/\/dumoulin.absoludev.ca\/#website","url":"https:\/\/dumoulin.absoludev.ca\/","name":"Dumoulin Bicyclettes","description":"","publisher":{"@id":"https:\/\/dumoulin.absoludev.ca\/#organization"},"potentialAction":[{"@type":"SearchAction","target":{"@type":"EntryPoint","urlTemplate":"https:\/\/dumoulin.absoludev.ca\/?s={search_term_string}"},"query-input":{"@type":"PropertyValueSpecification","valueRequired":true,"valueName":"search_term_string"}}],"inLanguage":"en-US"},{"@type":"Organization","@id":"https:\/\/dumoulin.absoludev.ca\/#organization","name":"Dumoulin Bicyclettes","url":"https:\/\/dumoulin.absoludev.ca\/","logo":{"@type":"ImageObject","inLanguage":"en-US","@id":"https:\/\/dumoulin.absoludev.ca\/#\/schema\/logo\/image\/","url":"https:\/\/www.dumoulinbicyclettes.com\/wp-content\/uploads\/2021\/04\/Logo.svg","contentUrl":"https:\/\/www.dumoulinbicyclettes.com\/wp-content\/uploads\/2021\/04\/Logo.svg","width":254,"height":86,"caption":"Dumoulin Bicyclettes"},"image":{"@id":"https:\/\/dumoulin.absoludev.ca\/#\/schema\/logo\/image\/"},"sameAs":["https:\/\/www.facebook.com\/dumoulinbicyclettes","https:\/\/www.instagram.com\/dumoulin.ca\/","https:\/\/www.youtube.com\/user\/dumoulinbicyclettes"]}]}},"_links":{"self":[{"href":"https:\/\/dumoulin.absoludev.ca\/en\/wp-json\/wp\/v2\/product\/74578","targetHints":{"allow":["GET"]}}],"collection":[{"href":"https:\/\/dumoulin.absoludev.ca\/en\/wp-json\/wp\/v2\/product"}],"about":[{"href":"https:\/\/dumoulin.absoludev.ca\/en\/wp-json\/wp\/v2\/types\/product"}],"wp:featuredmedia":[{"embeddable":true,"href":"https:\/\/dumoulin.absoludev.ca\/en\/wp-json\/wp\/v2\/media\/19214"}],"wp:attachment":[{"href":"https:\/\/dumoulin.absoludev.ca\/en\/wp-json\/wp\/v2\/media?parent=74578"}],"wp:term":[{"taxonomy":"product_brand","embeddable":true,"href":"https:\/\/dumoulin.absoludev.ca\/en\/wp-json\/wp\/v2\/product_brand?post=74578"},{"taxonomy":"product_cat","embeddable":true,"href":"https:\/\/dumoulin.absoludev.ca\/en\/wp-json\/wp\/v2\/product_cat?post=74578"},{"taxonomy":"product_tag","embeddable":true,"href":"https:\/\/dumoulin.absoludev.ca\/en\/wp-json\/wp\/v2\/product_tag?post=74578"},{"taxonomy":"marque-produit","embeddable":true,"href":"https:\/\/dumoulin.absoludev.ca\/en\/wp-json\/wp\/v2\/marque-produit?post=74578"},{"taxonomy":"collection-produit","embeddable":true,"href":"https:\/\/dumoulin.absoludev.ca\/en\/wp-json\/wp\/v2\/collection-produit?post=74578"},{"taxonomy":"type-surface-produit","embeddable":true,"href":"https:\/\/dumoulin.absoludev.ca\/en\/wp-json\/wp\/v2\/type-surface-produit?post=74578"},{"taxonomy":"type-velo-produit","embeddable":true,"href":"https:\/\/dumoulin.absoludev.ca\/en\/wp-json\/wp\/v2\/type-velo-produit?post=74578"},{"taxonomy":"vetement-produit","embeddable":true,"href":"https:\/\/dumoulin.absoludev.ca\/en\/wp-json\/wp\/v2\/vetement-produit?post=74578"},{"taxonomy":"thematique-produit","embeddable":true,"href":"https:\/\/dumoulin.absoludev.ca\/en\/wp-json\/wp\/v2\/thematique-produit?post=74578"},{"taxonomy":"position-sur-le-v\u00e9lo","embeddable":true,"href":"https:\/\/dumoulin.absoludev.ca\/en\/wp-json\/wp\/v2\/position-sur-le-v\u00e9lo?post=74578"}],"curies":[{"name":"wp","href":"https:\/\/api.w.org\/{rel}","templated":true}]}}