{"id":74095,"date":"2022-05-16T14:16:36","date_gmt":"2022-05-16T18:16:36","guid":{"rendered":"http:\/\/www.dumoulinbicyclettes.com\/produit\/protection-neoprene-fahrer-pour-contacts-velos-electriques\/"},"modified":"2025-09-04T14:18:42","modified_gmt":"2025-09-04T18:18:42","slug":"protection-neoprene-fahrer-pour-contacts-velos-electriques","status":"publish","type":"product","link":"https:\/\/dumoulin.absoludev.ca\/en\/produit\/protection-neoprene-fahrer-pour-contacts-velos-electriques\/","title":{"rendered":"PROTECTION NEOPRENE FAHRER POUR CONTACTS V\u00c9LOS \u00c9LECTRIQUES"},"content":{"rendered":"<p>La protection de contacts de batterie de v\u00e9los \u00e9lectrique Fahrer couvre le support \u00e0 batterie de vos v\u00e9los \u00e9lectriques lors de votre journ\u00e9e de travail ou lorsque vous d\u00e9placez votre v\u00e9lo sur une auto.<\/p>\n","protected":false},"excerpt":{"rendered":"<p>La protection de contacts de batterie de v\u00e9los \u00e9lectrique Fahrer couvre le support \u00e0 batterie de vos v\u00e9los \u00e9lectriques lors de votre journ\u00e9e de travail ou lorsque vous d\u00e9placez votre v\u00e9lo sur une auto.<\/p>\n","protected":false},"featured_media":74098,"template":"","meta":{"_acf_changed":false},"product_brand":[],"product_cat":[182,2477,2509,2618,2506],"product_tag":[],"marque-produit":[1321],"collection-produit":[],"type-surface-produit":[],"type-velo-produit":[1250,2164],"vetement-produit":[],"thematique-produit":[],"position-sur-le-v\u00e9lo":[],"class_list":{"0":"post-74095","1":"product","2":"type-product","3":"status-publish","4":"has-post-thumbnail","6":"product_cat-accessoires","7":"product_cat-bullitt","8":"product_cat-tern","9":"product_cat-urban-arrow","10":"product_cat-yuba","11":"marque-produit-fahrer","12":"type-velo-produit-electriques","13":"type-velo-produit-electriques-en","15":"first","16":"instock","17":"taxable","18":"shipping-taxable","19":"purchasable","20":"product-type-variable"},"acf":[],"yoast_head":"<!-- This site is optimized with the Yoast SEO plugin v24.3 - https:\/\/yoast.com\/wordpress\/plugins\/seo\/ -->\n<title>PROTECTION NEOPRENE FAHRER POUR CONTACTS V\u00c9LOS \u00c9LECTRIQUES - Dumoulin Bicyclettes<\/title>\n<meta name=\"robots\" content=\"noindex, follow, max-snippet:-1, max-image-preview:large, max-video-preview:-1\" \/>\n<meta property=\"og:locale\" content=\"en_US\" \/>\n<meta property=\"og:type\" content=\"article\" \/>\n<meta property=\"og:title\" content=\"PROTECTION NEOPRENE FAHRER POUR CONTACTS V\u00c9LOS \u00c9LECTRIQUES - Dumoulin Bicyclettes\" \/>\n<meta property=\"og:description\" content=\"La protection de contacts de batterie de v\u00e9los \u00e9lectrique Fahrer couvre le support \u00e0 batterie de vos v\u00e9los \u00e9lectriques lors de votre journ\u00e9e de travail ou lorsque vous d\u00e9placez votre v\u00e9lo sur une auto.\" \/>\n<meta property=\"og:url\" content=\"https:\/\/dumoulin.absoludev.ca\/produit\/protection-neoprene-fahrer-pour-contacts-velos-electriques\/\" \/>\n<meta property=\"og:site_name\" content=\"Dumoulin Bicyclettes\" \/>\n<meta property=\"article:publisher\" content=\"https:\/\/www.facebook.com\/dumoulinbicyclettes\" \/>\n<meta property=\"article:modified_time\" content=\"2025-09-04T18:18:42+00:00\" \/>\n<meta property=\"og:image\" content=\"https:\/\/dumoulin.absoludev.ca\/wp-content\/uploads\/2022\/05\/1aeda240-2939-4754-a739-6229357976f3-1.png\" \/>\n\t<meta property=\"og:image:width\" content=\"1024\" \/>\n\t<meta property=\"og:image:height\" content=\"420\" \/>\n\t<meta property=\"og:image:type\" content=\"image\/png\" \/>\n<meta name=\"twitter:card\" content=\"summary_large_image\" \/>\n<meta name=\"twitter:label1\" content=\"Est. reading time\" \/>\n\t<meta name=\"twitter:data1\" content=\"1 minute\" \/>\n<script type=\"application\/ld+json\" class=\"yoast-schema-graph\">{\"@context\":\"https:\/\/schema.org\",\"@graph\":[{\"@type\":\"WebPage\",\"@id\":\"https:\/\/dumoulin.absoludev.ca\/produit\/protection-neoprene-fahrer-pour-contacts-velos-electriques\/\",\"url\":\"https:\/\/dumoulin.absoludev.ca\/produit\/protection-neoprene-fahrer-pour-contacts-velos-electriques\/\",\"name\":\"PROTECTION NEOPRENE FAHRER POUR CONTACTS V\u00c9LOS \u00c9LECTRIQUES - Dumoulin Bicyclettes\",\"isPartOf\":{\"@id\":\"https:\/\/dumoulin.absoludev.ca\/#website\"},\"primaryImageOfPage\":{\"@id\":\"https:\/\/dumoulin.absoludev.ca\/produit\/protection-neoprene-fahrer-pour-contacts-velos-electriques\/#primaryimage\"},\"image\":{\"@id\":\"https:\/\/dumoulin.absoludev.ca\/produit\/protection-neoprene-fahrer-pour-contacts-velos-electriques\/#primaryimage\"},\"thumbnailUrl\":\"https:\/\/dumoulin.absoludev.ca\/wp-content\/uploads\/2022\/05\/1aeda240-2939-4754-a739-6229357976f3-1.png\",\"datePublished\":\"2022-05-16T18:16:36+00:00\",\"dateModified\":\"2025-09-04T18:18:42+00:00\",\"breadcrumb\":{\"@id\":\"https:\/\/dumoulin.absoludev.ca\/produit\/protection-neoprene-fahrer-pour-contacts-velos-electriques\/#breadcrumb\"},\"inLanguage\":\"en-US\",\"potentialAction\":[{\"@type\":\"ReadAction\",\"target\":[\"https:\/\/dumoulin.absoludev.ca\/produit\/protection-neoprene-fahrer-pour-contacts-velos-electriques\/\"]}]},{\"@type\":\"ImageObject\",\"inLanguage\":\"en-US\",\"@id\":\"https:\/\/dumoulin.absoludev.ca\/produit\/protection-neoprene-fahrer-pour-contacts-velos-electriques\/#primaryimage\",\"url\":\"https:\/\/dumoulin.absoludev.ca\/wp-content\/uploads\/2022\/05\/1aeda240-2939-4754-a739-6229357976f3-1.png\",\"contentUrl\":\"https:\/\/dumoulin.absoludev.ca\/wp-content\/uploads\/2022\/05\/1aeda240-2939-4754-a739-6229357976f3-1.png\",\"width\":1024,\"height\":420},{\"@type\":\"BreadcrumbList\",\"@id\":\"https:\/\/dumoulin.absoludev.ca\/produit\/protection-neoprene-fahrer-pour-contacts-velos-electriques\/#breadcrumb\",\"itemListElement\":[{\"@type\":\"ListItem\",\"position\":1,\"name\":\"Home\",\"item\":\"https:\/\/dumoulin.absoludev.ca\/en\/\"},{\"@type\":\"ListItem\",\"position\":2,\"name\":\"Shop\",\"item\":\"https:\/\/dumoulin.absoludev.ca\/en\/shop\/\"},{\"@type\":\"ListItem\",\"position\":3,\"name\":\"PROTECTION NEOPRENE FAHRER POUR CONTACTS V\u00c9LOS \u00c9LECTRIQUES\"}]},{\"@type\":\"WebSite\",\"@id\":\"https:\/\/dumoulin.absoludev.ca\/#website\",\"url\":\"https:\/\/dumoulin.absoludev.ca\/\",\"name\":\"Dumoulin Bicyclettes\",\"description\":\"\",\"publisher\":{\"@id\":\"https:\/\/dumoulin.absoludev.ca\/#organization\"},\"potentialAction\":[{\"@type\":\"SearchAction\",\"target\":{\"@type\":\"EntryPoint\",\"urlTemplate\":\"https:\/\/dumoulin.absoludev.ca\/?s={search_term_string}\"},\"query-input\":{\"@type\":\"PropertyValueSpecification\",\"valueRequired\":true,\"valueName\":\"search_term_string\"}}],\"inLanguage\":\"en-US\"},{\"@type\":\"Organization\",\"@id\":\"https:\/\/dumoulin.absoludev.ca\/#organization\",\"name\":\"Dumoulin Bicyclettes\",\"url\":\"https:\/\/dumoulin.absoludev.ca\/\",\"logo\":{\"@type\":\"ImageObject\",\"inLanguage\":\"en-US\",\"@id\":\"https:\/\/dumoulin.absoludev.ca\/#\/schema\/logo\/image\/\",\"url\":\"https:\/\/www.dumoulinbicyclettes.com\/wp-content\/uploads\/2021\/04\/Logo.svg\",\"contentUrl\":\"https:\/\/www.dumoulinbicyclettes.com\/wp-content\/uploads\/2021\/04\/Logo.svg\",\"width\":254,\"height\":86,\"caption\":\"Dumoulin Bicyclettes\"},\"image\":{\"@id\":\"https:\/\/dumoulin.absoludev.ca\/#\/schema\/logo\/image\/\"},\"sameAs\":[\"https:\/\/www.facebook.com\/dumoulinbicyclettes\",\"https:\/\/www.instagram.com\/dumoulin.ca\/\",\"https:\/\/www.youtube.com\/user\/dumoulinbicyclettes\"]}]}<\/script>\n<!-- \/ Yoast SEO plugin. -->","yoast_head_json":{"title":"PROTECTION NEOPRENE FAHRER POUR CONTACTS V\u00c9LOS \u00c9LECTRIQUES - Dumoulin Bicyclettes","robots":{"index":"noindex","follow":"follow","max-snippet":"max-snippet:-1","max-image-preview":"max-image-preview:large","max-video-preview":"max-video-preview:-1"},"og_locale":"en_US","og_type":"article","og_title":"PROTECTION NEOPRENE FAHRER POUR CONTACTS V\u00c9LOS \u00c9LECTRIQUES - Dumoulin Bicyclettes","og_description":"La protection de contacts de batterie de v\u00e9los \u00e9lectrique Fahrer couvre le support \u00e0 batterie de vos v\u00e9los \u00e9lectriques lors de votre journ\u00e9e de travail ou lorsque vous d\u00e9placez votre v\u00e9lo sur une auto.","og_url":"https:\/\/dumoulin.absoludev.ca\/produit\/protection-neoprene-fahrer-pour-contacts-velos-electriques\/","og_site_name":"Dumoulin Bicyclettes","article_publisher":"https:\/\/www.facebook.com\/dumoulinbicyclettes","article_modified_time":"2025-09-04T18:18:42+00:00","og_image":[{"width":1024,"height":420,"url":"https:\/\/dumoulin.absoludev.ca\/wp-content\/uploads\/2022\/05\/1aeda240-2939-4754-a739-6229357976f3-1.png","type":"image\/png"}],"twitter_card":"summary_large_image","twitter_misc":{"Est. reading time":"1 minute"},"schema":{"@context":"https:\/\/schema.org","@graph":[{"@type":"WebPage","@id":"https:\/\/dumoulin.absoludev.ca\/produit\/protection-neoprene-fahrer-pour-contacts-velos-electriques\/","url":"https:\/\/dumoulin.absoludev.ca\/produit\/protection-neoprene-fahrer-pour-contacts-velos-electriques\/","name":"PROTECTION NEOPRENE FAHRER POUR CONTACTS V\u00c9LOS \u00c9LECTRIQUES - Dumoulin Bicyclettes","isPartOf":{"@id":"https:\/\/dumoulin.absoludev.ca\/#website"},"primaryImageOfPage":{"@id":"https:\/\/dumoulin.absoludev.ca\/produit\/protection-neoprene-fahrer-pour-contacts-velos-electriques\/#primaryimage"},"image":{"@id":"https:\/\/dumoulin.absoludev.ca\/produit\/protection-neoprene-fahrer-pour-contacts-velos-electriques\/#primaryimage"},"thumbnailUrl":"https:\/\/dumoulin.absoludev.ca\/wp-content\/uploads\/2022\/05\/1aeda240-2939-4754-a739-6229357976f3-1.png","datePublished":"2022-05-16T18:16:36+00:00","dateModified":"2025-09-04T18:18:42+00:00","breadcrumb":{"@id":"https:\/\/dumoulin.absoludev.ca\/produit\/protection-neoprene-fahrer-pour-contacts-velos-electriques\/#breadcrumb"},"inLanguage":"en-US","potentialAction":[{"@type":"ReadAction","target":["https:\/\/dumoulin.absoludev.ca\/produit\/protection-neoprene-fahrer-pour-contacts-velos-electriques\/"]}]},{"@type":"ImageObject","inLanguage":"en-US","@id":"https:\/\/dumoulin.absoludev.ca\/produit\/protection-neoprene-fahrer-pour-contacts-velos-electriques\/#primaryimage","url":"https:\/\/dumoulin.absoludev.ca\/wp-content\/uploads\/2022\/05\/1aeda240-2939-4754-a739-6229357976f3-1.png","contentUrl":"https:\/\/dumoulin.absoludev.ca\/wp-content\/uploads\/2022\/05\/1aeda240-2939-4754-a739-6229357976f3-1.png","width":1024,"height":420},{"@type":"BreadcrumbList","@id":"https:\/\/dumoulin.absoludev.ca\/produit\/protection-neoprene-fahrer-pour-contacts-velos-electriques\/#breadcrumb","itemListElement":[{"@type":"ListItem","position":1,"name":"Home","item":"https:\/\/dumoulin.absoludev.ca\/en\/"},{"@type":"ListItem","position":2,"name":"Shop","item":"https:\/\/dumoulin.absoludev.ca\/en\/shop\/"},{"@type":"ListItem","position":3,"name":"PROTECTION NEOPRENE FAHRER POUR CONTACTS V\u00c9LOS \u00c9LECTRIQUES"}]},{"@type":"WebSite","@id":"https:\/\/dumoulin.absoludev.ca\/#website","url":"https:\/\/dumoulin.absoludev.ca\/","name":"Dumoulin Bicyclettes","description":"","publisher":{"@id":"https:\/\/dumoulin.absoludev.ca\/#organization"},"potentialAction":[{"@type":"SearchAction","target":{"@type":"EntryPoint","urlTemplate":"https:\/\/dumoulin.absoludev.ca\/?s={search_term_string}"},"query-input":{"@type":"PropertyValueSpecification","valueRequired":true,"valueName":"search_term_string"}}],"inLanguage":"en-US"},{"@type":"Organization","@id":"https:\/\/dumoulin.absoludev.ca\/#organization","name":"Dumoulin Bicyclettes","url":"https:\/\/dumoulin.absoludev.ca\/","logo":{"@type":"ImageObject","inLanguage":"en-US","@id":"https:\/\/dumoulin.absoludev.ca\/#\/schema\/logo\/image\/","url":"https:\/\/www.dumoulinbicyclettes.com\/wp-content\/uploads\/2021\/04\/Logo.svg","contentUrl":"https:\/\/www.dumoulinbicyclettes.com\/wp-content\/uploads\/2021\/04\/Logo.svg","width":254,"height":86,"caption":"Dumoulin Bicyclettes"},"image":{"@id":"https:\/\/dumoulin.absoludev.ca\/#\/schema\/logo\/image\/"},"sameAs":["https:\/\/www.facebook.com\/dumoulinbicyclettes","https:\/\/www.instagram.com\/dumoulin.ca\/","https:\/\/www.youtube.com\/user\/dumoulinbicyclettes"]}]}},"_links":{"self":[{"href":"https:\/\/dumoulin.absoludev.ca\/en\/wp-json\/wp\/v2\/product\/74095","targetHints":{"allow":["GET"]}}],"collection":[{"href":"https:\/\/dumoulin.absoludev.ca\/en\/wp-json\/wp\/v2\/product"}],"about":[{"href":"https:\/\/dumoulin.absoludev.ca\/en\/wp-json\/wp\/v2\/types\/product"}],"wp:featuredmedia":[{"embeddable":true,"href":"https:\/\/dumoulin.absoludev.ca\/en\/wp-json\/wp\/v2\/media\/74098"}],"wp:attachment":[{"href":"https:\/\/dumoulin.absoludev.ca\/en\/wp-json\/wp\/v2\/media?parent=74095"}],"wp:term":[{"taxonomy":"product_brand","embeddable":true,"href":"https:\/\/dumoulin.absoludev.ca\/en\/wp-json\/wp\/v2\/product_brand?post=74095"},{"taxonomy":"product_cat","embeddable":true,"href":"https:\/\/dumoulin.absoludev.ca\/en\/wp-json\/wp\/v2\/product_cat?post=74095"},{"taxonomy":"product_tag","embeddable":true,"href":"https:\/\/dumoulin.absoludev.ca\/en\/wp-json\/wp\/v2\/product_tag?post=74095"},{"taxonomy":"marque-produit","embeddable":true,"href":"https:\/\/dumoulin.absoludev.ca\/en\/wp-json\/wp\/v2\/marque-produit?post=74095"},{"taxonomy":"collection-produit","embeddable":true,"href":"https:\/\/dumoulin.absoludev.ca\/en\/wp-json\/wp\/v2\/collection-produit?post=74095"},{"taxonomy":"type-surface-produit","embeddable":true,"href":"https:\/\/dumoulin.absoludev.ca\/en\/wp-json\/wp\/v2\/type-surface-produit?post=74095"},{"taxonomy":"type-velo-produit","embeddable":true,"href":"https:\/\/dumoulin.absoludev.ca\/en\/wp-json\/wp\/v2\/type-velo-produit?post=74095"},{"taxonomy":"vetement-produit","embeddable":true,"href":"https:\/\/dumoulin.absoludev.ca\/en\/wp-json\/wp\/v2\/vetement-produit?post=74095"},{"taxonomy":"thematique-produit","embeddable":true,"href":"https:\/\/dumoulin.absoludev.ca\/en\/wp-json\/wp\/v2\/thematique-produit?post=74095"},{"taxonomy":"position-sur-le-v\u00e9lo","embeddable":true,"href":"https:\/\/dumoulin.absoludev.ca\/en\/wp-json\/wp\/v2\/position-sur-le-v\u00e9lo?post=74095"}],"curies":[{"name":"wp","href":"https:\/\/api.w.org\/{rel}","templated":true}]}}