{"id":73977,"date":"2022-05-16T14:16:22","date_gmt":"2022-05-16T18:16:22","guid":{"rendered":"http:\/\/www.dumoulinbicyclettes.com\/produit\/sinewave-reactor-chargeur-usb-fourche-pour-dynamo\/"},"modified":"2025-09-04T14:18:31","modified_gmt":"2025-09-04T18:18:31","slug":"sinewave-cycles-reactor","status":"publish","type":"product","link":"https:\/\/dumoulin.absoludev.ca\/en\/produit\/sinewave-cycles-reactor\/","title":{"rendered":"Chargeur Sinewave Cycles \u00abReactor\u00bb"},"content":{"rendered":"<p>Le chargeur Sinewave Cycles Reactor se branche sur un <a href=\"https:\/\/www.dumoulinbicyclettes.com\/lumiere-sur-les-dynamos\/\">moyeu \u00e0 dynamo<\/a> (Son, Shutter Precision ou Shimano) en restant tr\u00e8s discret.<\/p>\n<p>Install\u00e9 sur la potence de votre v\u00e9lo, son port USB passe inaper\u00e7u mais abat sa besogne efficacement. Il permet en effet de charger des appareils \u00e9lectroniques embarqu\u00e9s tels que votre t\u00e9l\u00e9phone intelligent, votre GPS, une batterie ou des lumi\u00e8res rechargeables, tout cela en roulant !<\/p>\n<p>Fabriqu\u00e9 aux \u00c9tats-Unis.<\/p>\n","protected":false},"excerpt":{"rendered":"<p>Le chargeur Sinewave Cycles Reactor se branche sur un moyeu \u00e0 dynamo (Son, Shutter Precision ou Shimano) en restant tr\u00e8s discret. Install\u00e9 sur la potence de votre v\u00e9lo, son port USB passe inaper\u00e7u mais abat sa besogne efficacement. Il permet en effet de charger des appareils \u00e9lectroniques embarqu\u00e9s tels que votre t\u00e9l\u00e9phone intelligent, votre GPS, [&hellip;]<\/p>\n","protected":false},"featured_media":19987,"template":"","meta":{"_acf_changed":false},"product_brand":[],"product_cat":[194,210],"product_tag":[2293,2292],"marque-produit":[1317],"collection-produit":[],"type-surface-produit":[],"type-velo-produit":[2163],"vetement-produit":[],"thematique-produit":[],"position-sur-le-v\u00e9lo":[],"class_list":{"0":"post-73977","1":"product","2":"type-product","3":"status-publish","4":"has-post-thumbnail","6":"product_cat-accessoires-divers","7":"product_cat-dynamos-moyeux-et-lumieres","8":"product_tag-reactor","9":"product_tag-sinewave-cyces","10":"marque-produit-sinewave-cycle","11":"type-velo-produit-cyclotourisme-en","13":"first","14":"outofstock","15":"taxable","16":"shipping-taxable","17":"purchasable","18":"product-type-variable"},"acf":[],"yoast_head":"<!-- This site is optimized with the Yoast SEO plugin v24.3 - https:\/\/yoast.com\/wordpress\/plugins\/seo\/ -->\n<title>Chargeur Sinewave Cycles \u00abReactor\u00bb | Dynamo | Montr\u00e9al | Qu\u00e9bec | Dumoulin<\/title>\n<meta name=\"description\" content=\"Le chargeur Sinewave Cycles Reactor s&#039;installe sur votre potence. Branch\u00e9 \u00e0 votre moyeu \u00e0 dynamo, il recharge vos appareils \u00e9lectroniques en roulant.\" \/>\n<meta name=\"robots\" content=\"noindex, follow, max-snippet:-1, max-image-preview:large, max-video-preview:-1\" \/>\n<meta property=\"og:locale\" content=\"en_US\" \/>\n<meta property=\"og:type\" content=\"article\" \/>\n<meta property=\"og:title\" content=\"Chargeur Sinewave Cycles \u00abReactor\u00bb | Dynamo | Montr\u00e9al | Qu\u00e9bec | Dumoulin\" \/>\n<meta property=\"og:description\" content=\"Le chargeur Sinewave Cycles Reactor s&#039;installe sur votre potence. Branch\u00e9 \u00e0 votre moyeu \u00e0 dynamo, il recharge vos appareils \u00e9lectroniques en roulant.\" \/>\n<meta property=\"og:url\" content=\"https:\/\/dumoulin.absoludev.ca\/produit\/sinewave-cycles-reactor\/\" \/>\n<meta property=\"og:site_name\" content=\"Dumoulin Bicyclettes\" \/>\n<meta property=\"article:publisher\" content=\"https:\/\/www.facebook.com\/dumoulinbicyclettes\" \/>\n<meta property=\"article:modified_time\" content=\"2025-09-04T18:18:31+00:00\" \/>\n<meta property=\"og:image\" content=\"https:\/\/dumoulin.absoludev.ca\/wp-content\/uploads\/2021\/09\/sinewave-reactor-black-web.jpg\" \/>\n\t<meta property=\"og:image:width\" content=\"846\" \/>\n\t<meta property=\"og:image:height\" content=\"728\" \/>\n\t<meta property=\"og:image:type\" content=\"image\/jpeg\" \/>\n<meta name=\"twitter:card\" content=\"summary_large_image\" \/>\n<meta name=\"twitter:label1\" content=\"Est. reading time\" \/>\n\t<meta name=\"twitter:data1\" content=\"1 minute\" \/>\n<script type=\"application\/ld+json\" class=\"yoast-schema-graph\">{\"@context\":\"https:\/\/schema.org\",\"@graph\":[{\"@type\":\"WebPage\",\"@id\":\"https:\/\/dumoulin.absoludev.ca\/produit\/sinewave-cycles-reactor\/\",\"url\":\"https:\/\/dumoulin.absoludev.ca\/produit\/sinewave-cycles-reactor\/\",\"name\":\"Chargeur Sinewave Cycles \u00abReactor\u00bb | Dynamo | Montr\u00e9al | Qu\u00e9bec | Dumoulin\",\"isPartOf\":{\"@id\":\"https:\/\/dumoulin.absoludev.ca\/#website\"},\"primaryImageOfPage\":{\"@id\":\"https:\/\/dumoulin.absoludev.ca\/produit\/sinewave-cycles-reactor\/#primaryimage\"},\"image\":{\"@id\":\"https:\/\/dumoulin.absoludev.ca\/produit\/sinewave-cycles-reactor\/#primaryimage\"},\"thumbnailUrl\":\"https:\/\/dumoulin.absoludev.ca\/wp-content\/uploads\/2021\/09\/sinewave-reactor-black-web.jpg\",\"datePublished\":\"2022-05-16T18:16:22+00:00\",\"dateModified\":\"2025-09-04T18:18:31+00:00\",\"description\":\"Le chargeur Sinewave Cycles Reactor s'installe sur votre potence. Branch\u00e9 \u00e0 votre moyeu \u00e0 dynamo, il recharge vos appareils \u00e9lectroniques en roulant.\",\"breadcrumb\":{\"@id\":\"https:\/\/dumoulin.absoludev.ca\/produit\/sinewave-cycles-reactor\/#breadcrumb\"},\"inLanguage\":\"en-US\",\"potentialAction\":[{\"@type\":\"ReadAction\",\"target\":[\"https:\/\/dumoulin.absoludev.ca\/produit\/sinewave-cycles-reactor\/\"]}]},{\"@type\":\"ImageObject\",\"inLanguage\":\"en-US\",\"@id\":\"https:\/\/dumoulin.absoludev.ca\/produit\/sinewave-cycles-reactor\/#primaryimage\",\"url\":\"https:\/\/dumoulin.absoludev.ca\/wp-content\/uploads\/2021\/09\/sinewave-reactor-black-web.jpg\",\"contentUrl\":\"https:\/\/dumoulin.absoludev.ca\/wp-content\/uploads\/2021\/09\/sinewave-reactor-black-web.jpg\",\"width\":846,\"height\":728,\"caption\":\"Chargeur_sinewave_cycles-reactor\"},{\"@type\":\"BreadcrumbList\",\"@id\":\"https:\/\/dumoulin.absoludev.ca\/produit\/sinewave-cycles-reactor\/#breadcrumb\",\"itemListElement\":[{\"@type\":\"ListItem\",\"position\":1,\"name\":\"Home\",\"item\":\"https:\/\/dumoulin.absoludev.ca\/en\/\"},{\"@type\":\"ListItem\",\"position\":2,\"name\":\"Shop\",\"item\":\"https:\/\/dumoulin.absoludev.ca\/en\/shop\/\"},{\"@type\":\"ListItem\",\"position\":3,\"name\":\"Chargeur Sinewave Cycles \u00abReactor\u00bb\"}]},{\"@type\":\"WebSite\",\"@id\":\"https:\/\/dumoulin.absoludev.ca\/#website\",\"url\":\"https:\/\/dumoulin.absoludev.ca\/\",\"name\":\"Dumoulin Bicyclettes\",\"description\":\"\",\"publisher\":{\"@id\":\"https:\/\/dumoulin.absoludev.ca\/#organization\"},\"potentialAction\":[{\"@type\":\"SearchAction\",\"target\":{\"@type\":\"EntryPoint\",\"urlTemplate\":\"https:\/\/dumoulin.absoludev.ca\/?s={search_term_string}\"},\"query-input\":{\"@type\":\"PropertyValueSpecification\",\"valueRequired\":true,\"valueName\":\"search_term_string\"}}],\"inLanguage\":\"en-US\"},{\"@type\":\"Organization\",\"@id\":\"https:\/\/dumoulin.absoludev.ca\/#organization\",\"name\":\"Dumoulin Bicyclettes\",\"url\":\"https:\/\/dumoulin.absoludev.ca\/\",\"logo\":{\"@type\":\"ImageObject\",\"inLanguage\":\"en-US\",\"@id\":\"https:\/\/dumoulin.absoludev.ca\/#\/schema\/logo\/image\/\",\"url\":\"https:\/\/www.dumoulinbicyclettes.com\/wp-content\/uploads\/2021\/04\/Logo.svg\",\"contentUrl\":\"https:\/\/www.dumoulinbicyclettes.com\/wp-content\/uploads\/2021\/04\/Logo.svg\",\"width\":254,\"height\":86,\"caption\":\"Dumoulin Bicyclettes\"},\"image\":{\"@id\":\"https:\/\/dumoulin.absoludev.ca\/#\/schema\/logo\/image\/\"},\"sameAs\":[\"https:\/\/www.facebook.com\/dumoulinbicyclettes\",\"https:\/\/www.instagram.com\/dumoulin.ca\/\",\"https:\/\/www.youtube.com\/user\/dumoulinbicyclettes\"]}]}<\/script>\n<!-- \/ Yoast SEO plugin. -->","yoast_head_json":{"title":"Chargeur Sinewave Cycles \u00abReactor\u00bb | Dynamo | Montr\u00e9al | Qu\u00e9bec | Dumoulin","description":"Le chargeur Sinewave Cycles Reactor s'installe sur votre potence. Branch\u00e9 \u00e0 votre moyeu \u00e0 dynamo, il recharge vos appareils \u00e9lectroniques en roulant.","robots":{"index":"noindex","follow":"follow","max-snippet":"max-snippet:-1","max-image-preview":"max-image-preview:large","max-video-preview":"max-video-preview:-1"},"og_locale":"en_US","og_type":"article","og_title":"Chargeur Sinewave Cycles \u00abReactor\u00bb | Dynamo | Montr\u00e9al | Qu\u00e9bec | Dumoulin","og_description":"Le chargeur Sinewave Cycles Reactor s'installe sur votre potence. Branch\u00e9 \u00e0 votre moyeu \u00e0 dynamo, il recharge vos appareils \u00e9lectroniques en roulant.","og_url":"https:\/\/dumoulin.absoludev.ca\/produit\/sinewave-cycles-reactor\/","og_site_name":"Dumoulin Bicyclettes","article_publisher":"https:\/\/www.facebook.com\/dumoulinbicyclettes","article_modified_time":"2025-09-04T18:18:31+00:00","og_image":[{"width":846,"height":728,"url":"https:\/\/dumoulin.absoludev.ca\/wp-content\/uploads\/2021\/09\/sinewave-reactor-black-web.jpg","type":"image\/jpeg"}],"twitter_card":"summary_large_image","twitter_misc":{"Est. reading time":"1 minute"},"schema":{"@context":"https:\/\/schema.org","@graph":[{"@type":"WebPage","@id":"https:\/\/dumoulin.absoludev.ca\/produit\/sinewave-cycles-reactor\/","url":"https:\/\/dumoulin.absoludev.ca\/produit\/sinewave-cycles-reactor\/","name":"Chargeur Sinewave Cycles \u00abReactor\u00bb | Dynamo | Montr\u00e9al | Qu\u00e9bec | Dumoulin","isPartOf":{"@id":"https:\/\/dumoulin.absoludev.ca\/#website"},"primaryImageOfPage":{"@id":"https:\/\/dumoulin.absoludev.ca\/produit\/sinewave-cycles-reactor\/#primaryimage"},"image":{"@id":"https:\/\/dumoulin.absoludev.ca\/produit\/sinewave-cycles-reactor\/#primaryimage"},"thumbnailUrl":"https:\/\/dumoulin.absoludev.ca\/wp-content\/uploads\/2021\/09\/sinewave-reactor-black-web.jpg","datePublished":"2022-05-16T18:16:22+00:00","dateModified":"2025-09-04T18:18:31+00:00","description":"Le chargeur Sinewave Cycles Reactor s'installe sur votre potence. Branch\u00e9 \u00e0 votre moyeu \u00e0 dynamo, il recharge vos appareils \u00e9lectroniques en roulant.","breadcrumb":{"@id":"https:\/\/dumoulin.absoludev.ca\/produit\/sinewave-cycles-reactor\/#breadcrumb"},"inLanguage":"en-US","potentialAction":[{"@type":"ReadAction","target":["https:\/\/dumoulin.absoludev.ca\/produit\/sinewave-cycles-reactor\/"]}]},{"@type":"ImageObject","inLanguage":"en-US","@id":"https:\/\/dumoulin.absoludev.ca\/produit\/sinewave-cycles-reactor\/#primaryimage","url":"https:\/\/dumoulin.absoludev.ca\/wp-content\/uploads\/2021\/09\/sinewave-reactor-black-web.jpg","contentUrl":"https:\/\/dumoulin.absoludev.ca\/wp-content\/uploads\/2021\/09\/sinewave-reactor-black-web.jpg","width":846,"height":728,"caption":"Chargeur_sinewave_cycles-reactor"},{"@type":"BreadcrumbList","@id":"https:\/\/dumoulin.absoludev.ca\/produit\/sinewave-cycles-reactor\/#breadcrumb","itemListElement":[{"@type":"ListItem","position":1,"name":"Home","item":"https:\/\/dumoulin.absoludev.ca\/en\/"},{"@type":"ListItem","position":2,"name":"Shop","item":"https:\/\/dumoulin.absoludev.ca\/en\/shop\/"},{"@type":"ListItem","position":3,"name":"Chargeur Sinewave Cycles \u00abReactor\u00bb"}]},{"@type":"WebSite","@id":"https:\/\/dumoulin.absoludev.ca\/#website","url":"https:\/\/dumoulin.absoludev.ca\/","name":"Dumoulin Bicyclettes","description":"","publisher":{"@id":"https:\/\/dumoulin.absoludev.ca\/#organization"},"potentialAction":[{"@type":"SearchAction","target":{"@type":"EntryPoint","urlTemplate":"https:\/\/dumoulin.absoludev.ca\/?s={search_term_string}"},"query-input":{"@type":"PropertyValueSpecification","valueRequired":true,"valueName":"search_term_string"}}],"inLanguage":"en-US"},{"@type":"Organization","@id":"https:\/\/dumoulin.absoludev.ca\/#organization","name":"Dumoulin Bicyclettes","url":"https:\/\/dumoulin.absoludev.ca\/","logo":{"@type":"ImageObject","inLanguage":"en-US","@id":"https:\/\/dumoulin.absoludev.ca\/#\/schema\/logo\/image\/","url":"https:\/\/www.dumoulinbicyclettes.com\/wp-content\/uploads\/2021\/04\/Logo.svg","contentUrl":"https:\/\/www.dumoulinbicyclettes.com\/wp-content\/uploads\/2021\/04\/Logo.svg","width":254,"height":86,"caption":"Dumoulin Bicyclettes"},"image":{"@id":"https:\/\/dumoulin.absoludev.ca\/#\/schema\/logo\/image\/"},"sameAs":["https:\/\/www.facebook.com\/dumoulinbicyclettes","https:\/\/www.instagram.com\/dumoulin.ca\/","https:\/\/www.youtube.com\/user\/dumoulinbicyclettes"]}]}},"_links":{"self":[{"href":"https:\/\/dumoulin.absoludev.ca\/en\/wp-json\/wp\/v2\/product\/73977","targetHints":{"allow":["GET"]}}],"collection":[{"href":"https:\/\/dumoulin.absoludev.ca\/en\/wp-json\/wp\/v2\/product"}],"about":[{"href":"https:\/\/dumoulin.absoludev.ca\/en\/wp-json\/wp\/v2\/types\/product"}],"wp:featuredmedia":[{"embeddable":true,"href":"https:\/\/dumoulin.absoludev.ca\/en\/wp-json\/wp\/v2\/media\/19987"}],"wp:attachment":[{"href":"https:\/\/dumoulin.absoludev.ca\/en\/wp-json\/wp\/v2\/media?parent=73977"}],"wp:term":[{"taxonomy":"product_brand","embeddable":true,"href":"https:\/\/dumoulin.absoludev.ca\/en\/wp-json\/wp\/v2\/product_brand?post=73977"},{"taxonomy":"product_cat","embeddable":true,"href":"https:\/\/dumoulin.absoludev.ca\/en\/wp-json\/wp\/v2\/product_cat?post=73977"},{"taxonomy":"product_tag","embeddable":true,"href":"https:\/\/dumoulin.absoludev.ca\/en\/wp-json\/wp\/v2\/product_tag?post=73977"},{"taxonomy":"marque-produit","embeddable":true,"href":"https:\/\/dumoulin.absoludev.ca\/en\/wp-json\/wp\/v2\/marque-produit?post=73977"},{"taxonomy":"collection-produit","embeddable":true,"href":"https:\/\/dumoulin.absoludev.ca\/en\/wp-json\/wp\/v2\/collection-produit?post=73977"},{"taxonomy":"type-surface-produit","embeddable":true,"href":"https:\/\/dumoulin.absoludev.ca\/en\/wp-json\/wp\/v2\/type-surface-produit?post=73977"},{"taxonomy":"type-velo-produit","embeddable":true,"href":"https:\/\/dumoulin.absoludev.ca\/en\/wp-json\/wp\/v2\/type-velo-produit?post=73977"},{"taxonomy":"vetement-produit","embeddable":true,"href":"https:\/\/dumoulin.absoludev.ca\/en\/wp-json\/wp\/v2\/vetement-produit?post=73977"},{"taxonomy":"thematique-produit","embeddable":true,"href":"https:\/\/dumoulin.absoludev.ca\/en\/wp-json\/wp\/v2\/thematique-produit?post=73977"},{"taxonomy":"position-sur-le-v\u00e9lo","embeddable":true,"href":"https:\/\/dumoulin.absoludev.ca\/en\/wp-json\/wp\/v2\/position-sur-le-v\u00e9lo?post=73977"}],"curies":[{"name":"wp","href":"https:\/\/api.w.org\/{rel}","templated":true}]}}