{"id":73885,"date":"2022-05-16T14:15:48","date_gmt":"2022-05-16T18:15:48","guid":{"rendered":"http:\/\/www.dumoulinbicyclettes.com\/produit\/sacoches-vaude-aqua-front-light\/"},"modified":"2025-09-04T14:18:21","modified_gmt":"2025-09-04T18:18:21","slug":"sacoches-vaude-aqua-front-light","status":"publish","type":"product","link":"https:\/\/dumoulin.absoludev.ca\/en\/produit\/sacoches-vaude-aqua-front-light\/","title":{"rendered":"Sacoches Vaude \u00abAqua Front Light\u00bb"},"content":{"rendered":"<p>La s\u00e9rie <a href=\"https:\/\/www.dumoulinbicyclettes.com\/categorie-produit\/accessoires\/sacs-et-porte-bagages\/sacoches\/?swoof=1&amp;marque-produit=vaude&amp;really_curr_tax=195-product_cat\" target=\"_blank\" rel=\"noopener\">Aqua<\/a> se d\u00e9cline d\u00e9sormais en version ultra l\u00e9g\u00e8re. La paire de sacoches <em>Vaude Aqua Front Light<\/em> se d\u00e9partit de tout lestage inutile.<\/p>\n<p>Aussi imperm\u00e9able que les grandes s\u0153urs, aussi solidement install\u00e9es sur le porte-bagages, elles sont utiles pour les cyclistes du quotidien comme pour ceux qui r\u00eavent d&#8217;aventures.<\/p>\n","protected":false},"excerpt":{"rendered":"<p>La s\u00e9rie Aqua se d\u00e9cline d\u00e9sormais en version ultra l\u00e9g\u00e8re. La paire de sacoches Vaude Aqua Front Light se d\u00e9partit de tout lestage inutile. Aussi imperm\u00e9able que les grandes s\u0153urs, aussi solidement install\u00e9es sur le porte-bagages, elles sont utiles pour les cyclistes du quotidien comme pour ceux qui r\u00eavent d&#8217;aventures.<\/p>\n","protected":false},"featured_media":73888,"template":"","meta":{"_acf_changed":false},"product_brand":[],"product_cat":[195],"product_tag":[2217,2215,2216],"marque-produit":[1265],"collection-produit":[],"type-surface-produit":[],"type-velo-produit":[],"vetement-produit":[],"thematique-produit":[],"position-sur-le-v\u00e9lo":[],"class_list":{"0":"post-73885","1":"product","2":"type-product","3":"status-publish","4":"has-post-thumbnail","6":"product_cat-sacoches","7":"product_tag-aqua","8":"product_tag-sacoches","9":"product_tag-vaude","10":"marque-produit-vaude","12":"first","13":"instock","14":"sale","15":"taxable","16":"shipping-taxable","17":"purchasable","18":"product-type-variable"},"acf":[],"yoast_head":"<!-- This site is optimized with the Yoast SEO plugin v24.3 - https:\/\/yoast.com\/wordpress\/plugins\/seo\/ -->\n<title>Sacoches de v\u00e9lo Vaude Aqua Front Light | Dumoulin Bicyclettes Montr\u00e9al<\/title>\n<meta name=\"description\" content=\"Les sacoches Vaude Aqua Front Light sont imperm\u00e9ables et l\u00e9g\u00e8res. Pratiques \u00e0 la ville comme \u00e0 la campagne, elles ont tout pour plaire.\" \/>\n<meta name=\"robots\" content=\"noindex, follow, max-snippet:-1, max-image-preview:large, max-video-preview:-1\" \/>\n<meta property=\"og:locale\" content=\"en_US\" \/>\n<meta property=\"og:type\" content=\"article\" \/>\n<meta property=\"og:title\" content=\"Sacoches de v\u00e9lo Vaude Aqua Front Light | Dumoulin Bicyclettes Montr\u00e9al\" \/>\n<meta property=\"og:description\" content=\"Les sacoches Vaude Aqua Front Light sont imperm\u00e9ables et l\u00e9g\u00e8res. Pratiques \u00e0 la ville comme \u00e0 la campagne, elles ont tout pour plaire.\" \/>\n<meta property=\"og:url\" content=\"https:\/\/dumoulin.absoludev.ca\/produit\/sacoches-vaude-aqua-front-light\/\" \/>\n<meta property=\"og:site_name\" content=\"Dumoulin Bicyclettes\" \/>\n<meta property=\"article:publisher\" content=\"https:\/\/www.facebook.com\/dumoulinbicyclettes\" \/>\n<meta property=\"article:modified_time\" content=\"2025-09-04T18:18:21+00:00\" \/>\n<meta property=\"og:image\" content=\"https:\/\/dumoulin.absoludev.ca\/wp-content\/uploads\/2022\/05\/5d894a30-6e43-4286-ac57-1138185adcc3-1.jpeg\" \/>\n\t<meta property=\"og:image:width\" content=\"769\" \/>\n\t<meta property=\"og:image:height\" content=\"1000\" \/>\n\t<meta property=\"og:image:type\" content=\"image\/jpeg\" \/>\n<meta name=\"twitter:card\" content=\"summary_large_image\" \/>\n<meta name=\"twitter:label1\" content=\"Est. reading time\" \/>\n\t<meta name=\"twitter:data1\" content=\"1 minute\" \/>\n<script type=\"application\/ld+json\" class=\"yoast-schema-graph\">{\"@context\":\"https:\/\/schema.org\",\"@graph\":[{\"@type\":\"WebPage\",\"@id\":\"https:\/\/dumoulin.absoludev.ca\/produit\/sacoches-vaude-aqua-front-light\/\",\"url\":\"https:\/\/dumoulin.absoludev.ca\/produit\/sacoches-vaude-aqua-front-light\/\",\"name\":\"Sacoches de v\u00e9lo Vaude Aqua Front Light | Dumoulin Bicyclettes Montr\u00e9al\",\"isPartOf\":{\"@id\":\"https:\/\/dumoulin.absoludev.ca\/#website\"},\"primaryImageOfPage\":{\"@id\":\"https:\/\/dumoulin.absoludev.ca\/produit\/sacoches-vaude-aqua-front-light\/#primaryimage\"},\"image\":{\"@id\":\"https:\/\/dumoulin.absoludev.ca\/produit\/sacoches-vaude-aqua-front-light\/#primaryimage\"},\"thumbnailUrl\":\"https:\/\/dumoulin.absoludev.ca\/wp-content\/uploads\/2022\/05\/5d894a30-6e43-4286-ac57-1138185adcc3-1.jpeg\",\"datePublished\":\"2022-05-16T18:15:48+00:00\",\"dateModified\":\"2025-09-04T18:18:21+00:00\",\"description\":\"Les sacoches Vaude Aqua Front Light sont imperm\u00e9ables et l\u00e9g\u00e8res. Pratiques \u00e0 la ville comme \u00e0 la campagne, elles ont tout pour plaire.\",\"breadcrumb\":{\"@id\":\"https:\/\/dumoulin.absoludev.ca\/produit\/sacoches-vaude-aqua-front-light\/#breadcrumb\"},\"inLanguage\":\"en-US\",\"potentialAction\":[{\"@type\":\"ReadAction\",\"target\":[\"https:\/\/dumoulin.absoludev.ca\/produit\/sacoches-vaude-aqua-front-light\/\"]}]},{\"@type\":\"ImageObject\",\"inLanguage\":\"en-US\",\"@id\":\"https:\/\/dumoulin.absoludev.ca\/produit\/sacoches-vaude-aqua-front-light\/#primaryimage\",\"url\":\"https:\/\/dumoulin.absoludev.ca\/wp-content\/uploads\/2022\/05\/5d894a30-6e43-4286-ac57-1138185adcc3-1.jpeg\",\"contentUrl\":\"https:\/\/dumoulin.absoludev.ca\/wp-content\/uploads\/2022\/05\/5d894a30-6e43-4286-ac57-1138185adcc3-1.jpeg\",\"width\":769,\"height\":1000,\"caption\":\"Vaude-Aqua-Front-Light-sacoches-de-velo-cyclotourisme\"},{\"@type\":\"BreadcrumbList\",\"@id\":\"https:\/\/dumoulin.absoludev.ca\/produit\/sacoches-vaude-aqua-front-light\/#breadcrumb\",\"itemListElement\":[{\"@type\":\"ListItem\",\"position\":1,\"name\":\"Home\",\"item\":\"https:\/\/dumoulin.absoludev.ca\/en\/\"},{\"@type\":\"ListItem\",\"position\":2,\"name\":\"Shop\",\"item\":\"https:\/\/dumoulin.absoludev.ca\/en\/shop\/\"},{\"@type\":\"ListItem\",\"position\":3,\"name\":\"Sacoches Vaude \u00abAqua Front Light\u00bb\"}]},{\"@type\":\"WebSite\",\"@id\":\"https:\/\/dumoulin.absoludev.ca\/#website\",\"url\":\"https:\/\/dumoulin.absoludev.ca\/\",\"name\":\"Dumoulin Bicyclettes\",\"description\":\"\",\"publisher\":{\"@id\":\"https:\/\/dumoulin.absoludev.ca\/#organization\"},\"potentialAction\":[{\"@type\":\"SearchAction\",\"target\":{\"@type\":\"EntryPoint\",\"urlTemplate\":\"https:\/\/dumoulin.absoludev.ca\/?s={search_term_string}\"},\"query-input\":{\"@type\":\"PropertyValueSpecification\",\"valueRequired\":true,\"valueName\":\"search_term_string\"}}],\"inLanguage\":\"en-US\"},{\"@type\":\"Organization\",\"@id\":\"https:\/\/dumoulin.absoludev.ca\/#organization\",\"name\":\"Dumoulin Bicyclettes\",\"url\":\"https:\/\/dumoulin.absoludev.ca\/\",\"logo\":{\"@type\":\"ImageObject\",\"inLanguage\":\"en-US\",\"@id\":\"https:\/\/dumoulin.absoludev.ca\/#\/schema\/logo\/image\/\",\"url\":\"https:\/\/www.dumoulinbicyclettes.com\/wp-content\/uploads\/2021\/04\/Logo.svg\",\"contentUrl\":\"https:\/\/www.dumoulinbicyclettes.com\/wp-content\/uploads\/2021\/04\/Logo.svg\",\"width\":254,\"height\":86,\"caption\":\"Dumoulin Bicyclettes\"},\"image\":{\"@id\":\"https:\/\/dumoulin.absoludev.ca\/#\/schema\/logo\/image\/\"},\"sameAs\":[\"https:\/\/www.facebook.com\/dumoulinbicyclettes\",\"https:\/\/www.instagram.com\/dumoulin.ca\/\",\"https:\/\/www.youtube.com\/user\/dumoulinbicyclettes\"]}]}<\/script>\n<!-- \/ Yoast SEO plugin. -->","yoast_head_json":{"title":"Sacoches de v\u00e9lo Vaude Aqua Front Light | Dumoulin Bicyclettes Montr\u00e9al","description":"Les sacoches Vaude Aqua Front Light sont imperm\u00e9ables et l\u00e9g\u00e8res. Pratiques \u00e0 la ville comme \u00e0 la campagne, elles ont tout pour plaire.","robots":{"index":"noindex","follow":"follow","max-snippet":"max-snippet:-1","max-image-preview":"max-image-preview:large","max-video-preview":"max-video-preview:-1"},"og_locale":"en_US","og_type":"article","og_title":"Sacoches de v\u00e9lo Vaude Aqua Front Light | Dumoulin Bicyclettes Montr\u00e9al","og_description":"Les sacoches Vaude Aqua Front Light sont imperm\u00e9ables et l\u00e9g\u00e8res. Pratiques \u00e0 la ville comme \u00e0 la campagne, elles ont tout pour plaire.","og_url":"https:\/\/dumoulin.absoludev.ca\/produit\/sacoches-vaude-aqua-front-light\/","og_site_name":"Dumoulin Bicyclettes","article_publisher":"https:\/\/www.facebook.com\/dumoulinbicyclettes","article_modified_time":"2025-09-04T18:18:21+00:00","og_image":[{"width":769,"height":1000,"url":"https:\/\/dumoulin.absoludev.ca\/wp-content\/uploads\/2022\/05\/5d894a30-6e43-4286-ac57-1138185adcc3-1.jpeg","type":"image\/jpeg"}],"twitter_card":"summary_large_image","twitter_misc":{"Est. reading time":"1 minute"},"schema":{"@context":"https:\/\/schema.org","@graph":[{"@type":"WebPage","@id":"https:\/\/dumoulin.absoludev.ca\/produit\/sacoches-vaude-aqua-front-light\/","url":"https:\/\/dumoulin.absoludev.ca\/produit\/sacoches-vaude-aqua-front-light\/","name":"Sacoches de v\u00e9lo Vaude Aqua Front Light | Dumoulin Bicyclettes Montr\u00e9al","isPartOf":{"@id":"https:\/\/dumoulin.absoludev.ca\/#website"},"primaryImageOfPage":{"@id":"https:\/\/dumoulin.absoludev.ca\/produit\/sacoches-vaude-aqua-front-light\/#primaryimage"},"image":{"@id":"https:\/\/dumoulin.absoludev.ca\/produit\/sacoches-vaude-aqua-front-light\/#primaryimage"},"thumbnailUrl":"https:\/\/dumoulin.absoludev.ca\/wp-content\/uploads\/2022\/05\/5d894a30-6e43-4286-ac57-1138185adcc3-1.jpeg","datePublished":"2022-05-16T18:15:48+00:00","dateModified":"2025-09-04T18:18:21+00:00","description":"Les sacoches Vaude Aqua Front Light sont imperm\u00e9ables et l\u00e9g\u00e8res. Pratiques \u00e0 la ville comme \u00e0 la campagne, elles ont tout pour plaire.","breadcrumb":{"@id":"https:\/\/dumoulin.absoludev.ca\/produit\/sacoches-vaude-aqua-front-light\/#breadcrumb"},"inLanguage":"en-US","potentialAction":[{"@type":"ReadAction","target":["https:\/\/dumoulin.absoludev.ca\/produit\/sacoches-vaude-aqua-front-light\/"]}]},{"@type":"ImageObject","inLanguage":"en-US","@id":"https:\/\/dumoulin.absoludev.ca\/produit\/sacoches-vaude-aqua-front-light\/#primaryimage","url":"https:\/\/dumoulin.absoludev.ca\/wp-content\/uploads\/2022\/05\/5d894a30-6e43-4286-ac57-1138185adcc3-1.jpeg","contentUrl":"https:\/\/dumoulin.absoludev.ca\/wp-content\/uploads\/2022\/05\/5d894a30-6e43-4286-ac57-1138185adcc3-1.jpeg","width":769,"height":1000,"caption":"Vaude-Aqua-Front-Light-sacoches-de-velo-cyclotourisme"},{"@type":"BreadcrumbList","@id":"https:\/\/dumoulin.absoludev.ca\/produit\/sacoches-vaude-aqua-front-light\/#breadcrumb","itemListElement":[{"@type":"ListItem","position":1,"name":"Home","item":"https:\/\/dumoulin.absoludev.ca\/en\/"},{"@type":"ListItem","position":2,"name":"Shop","item":"https:\/\/dumoulin.absoludev.ca\/en\/shop\/"},{"@type":"ListItem","position":3,"name":"Sacoches Vaude \u00abAqua Front Light\u00bb"}]},{"@type":"WebSite","@id":"https:\/\/dumoulin.absoludev.ca\/#website","url":"https:\/\/dumoulin.absoludev.ca\/","name":"Dumoulin Bicyclettes","description":"","publisher":{"@id":"https:\/\/dumoulin.absoludev.ca\/#organization"},"potentialAction":[{"@type":"SearchAction","target":{"@type":"EntryPoint","urlTemplate":"https:\/\/dumoulin.absoludev.ca\/?s={search_term_string}"},"query-input":{"@type":"PropertyValueSpecification","valueRequired":true,"valueName":"search_term_string"}}],"inLanguage":"en-US"},{"@type":"Organization","@id":"https:\/\/dumoulin.absoludev.ca\/#organization","name":"Dumoulin Bicyclettes","url":"https:\/\/dumoulin.absoludev.ca\/","logo":{"@type":"ImageObject","inLanguage":"en-US","@id":"https:\/\/dumoulin.absoludev.ca\/#\/schema\/logo\/image\/","url":"https:\/\/www.dumoulinbicyclettes.com\/wp-content\/uploads\/2021\/04\/Logo.svg","contentUrl":"https:\/\/www.dumoulinbicyclettes.com\/wp-content\/uploads\/2021\/04\/Logo.svg","width":254,"height":86,"caption":"Dumoulin Bicyclettes"},"image":{"@id":"https:\/\/dumoulin.absoludev.ca\/#\/schema\/logo\/image\/"},"sameAs":["https:\/\/www.facebook.com\/dumoulinbicyclettes","https:\/\/www.instagram.com\/dumoulin.ca\/","https:\/\/www.youtube.com\/user\/dumoulinbicyclettes"]}]}},"_links":{"self":[{"href":"https:\/\/dumoulin.absoludev.ca\/en\/wp-json\/wp\/v2\/product\/73885","targetHints":{"allow":["GET"]}}],"collection":[{"href":"https:\/\/dumoulin.absoludev.ca\/en\/wp-json\/wp\/v2\/product"}],"about":[{"href":"https:\/\/dumoulin.absoludev.ca\/en\/wp-json\/wp\/v2\/types\/product"}],"wp:featuredmedia":[{"embeddable":true,"href":"https:\/\/dumoulin.absoludev.ca\/en\/wp-json\/wp\/v2\/media\/73888"}],"wp:attachment":[{"href":"https:\/\/dumoulin.absoludev.ca\/en\/wp-json\/wp\/v2\/media?parent=73885"}],"wp:term":[{"taxonomy":"product_brand","embeddable":true,"href":"https:\/\/dumoulin.absoludev.ca\/en\/wp-json\/wp\/v2\/product_brand?post=73885"},{"taxonomy":"product_cat","embeddable":true,"href":"https:\/\/dumoulin.absoludev.ca\/en\/wp-json\/wp\/v2\/product_cat?post=73885"},{"taxonomy":"product_tag","embeddable":true,"href":"https:\/\/dumoulin.absoludev.ca\/en\/wp-json\/wp\/v2\/product_tag?post=73885"},{"taxonomy":"marque-produit","embeddable":true,"href":"https:\/\/dumoulin.absoludev.ca\/en\/wp-json\/wp\/v2\/marque-produit?post=73885"},{"taxonomy":"collection-produit","embeddable":true,"href":"https:\/\/dumoulin.absoludev.ca\/en\/wp-json\/wp\/v2\/collection-produit?post=73885"},{"taxonomy":"type-surface-produit","embeddable":true,"href":"https:\/\/dumoulin.absoludev.ca\/en\/wp-json\/wp\/v2\/type-surface-produit?post=73885"},{"taxonomy":"type-velo-produit","embeddable":true,"href":"https:\/\/dumoulin.absoludev.ca\/en\/wp-json\/wp\/v2\/type-velo-produit?post=73885"},{"taxonomy":"vetement-produit","embeddable":true,"href":"https:\/\/dumoulin.absoludev.ca\/en\/wp-json\/wp\/v2\/vetement-produit?post=73885"},{"taxonomy":"thematique-produit","embeddable":true,"href":"https:\/\/dumoulin.absoludev.ca\/en\/wp-json\/wp\/v2\/thematique-produit?post=73885"},{"taxonomy":"position-sur-le-v\u00e9lo","embeddable":true,"href":"https:\/\/dumoulin.absoludev.ca\/en\/wp-json\/wp\/v2\/position-sur-le-v\u00e9lo?post=73885"}],"curies":[{"name":"wp","href":"https:\/\/api.w.org\/{rel}","templated":true}]}}