{"id":73877,"date":"2022-05-16T14:15:47","date_gmt":"2022-05-16T18:15:47","guid":{"rendered":"http:\/\/www.dumoulinbicyclettes.com\/produit\/sacoches-vaude-aqua-back-48-paire\/"},"modified":"2025-09-04T14:18:19","modified_gmt":"2025-09-04T18:18:19","slug":"vaude-aqua-back-48","status":"publish","type":"product","link":"https:\/\/dumoulin.absoludev.ca\/en\/produit\/vaude-aqua-back-48\/","title":{"rendered":"Sacoches Vaude \u00abAqua Back\u00bb 48"},"content":{"rendered":"<p>La s\u00e9rie <em><a href=\"https:\/\/www.dumoulinbicyclettes.com\/categorie-produit\/accessoires\/sacs-et-porte-bagages\/sacoches\/?swoof=1&amp;marque-produit=vaude&amp;really_curr_tax=195-product_cat\" target=\"_blank\" rel=\"noopener\">Aqua<\/a><\/em> est reconnue depuis des ann\u00e9es.<\/p>\n<p>Les sacoches <em>Vaude Aqua Back<\/em> sont une r\u00e9f\u00e9rence dans le monde du cyclotourisme. Par extension, elles ont aussi conquis des dizaines de navetteurs qui adorent leurs caract\u00e9ristiques. Solidit\u00e9 et volume, imperm\u00e9abilit\u00e9 et durabilit\u00e9 : tout y est pour que vous puissiez transporter vos affaires en toute qui\u00e9tude.<\/p>\n","protected":false},"excerpt":{"rendered":"<p>La s\u00e9rie Aqua est reconnue depuis des ann\u00e9es. Les sacoches Vaude Aqua Back sont une r\u00e9f\u00e9rence dans le monde du cyclotourisme. Par extension, elles ont aussi conquis des dizaines de navetteurs qui adorent leurs caract\u00e9ristiques. Solidit\u00e9 et volume, imperm\u00e9abilit\u00e9 et durabilit\u00e9 : tout y est pour que vous puissiez transporter vos affaires en toute qui\u00e9tude.<\/p>\n","protected":false},"featured_media":22708,"template":"","meta":{"_acf_changed":false},"product_brand":[],"product_cat":[195,188],"product_tag":[2215,2216],"marque-produit":[1265],"collection-produit":[],"type-surface-produit":[],"type-velo-produit":[],"vetement-produit":[],"thematique-produit":[],"position-sur-le-v\u00e9lo":[],"class_list":{"0":"post-73877","1":"product","2":"type-product","3":"status-publish","4":"has-post-thumbnail","6":"product_cat-sacoches","7":"product_cat-sacs-et-porte-bagages","8":"product_tag-sacoches","9":"product_tag-vaude","10":"marque-produit-vaude","12":"first","13":"instock","14":"taxable","15":"shipping-taxable","16":"purchasable","17":"product-type-variable"},"acf":[],"yoast_head":"<!-- This site is optimized with the Yoast SEO plugin v24.3 - https:\/\/yoast.com\/wordpress\/plugins\/seo\/ -->\n<title>Sacoches Vaude \u00abAqua Back\u00bb 48 - Dumoulin Bicyclettes | cyclotourisme<\/title>\n<meta name=\"description\" content=\"Les sacoches imperm\u00e9ables Vaude Aqua Back tournent autour de la terre depuis des ann\u00e9es. R\u00e9f\u00e9rence en mati\u00e8re de cyclotourisme, vous les aimerez aussi au quotidien.\" \/>\n<meta name=\"robots\" content=\"noindex, follow, max-snippet:-1, max-image-preview:large, max-video-preview:-1\" \/>\n<meta property=\"og:locale\" content=\"en_US\" \/>\n<meta property=\"og:type\" content=\"article\" \/>\n<meta property=\"og:title\" content=\"Sacoches Vaude \u00abAqua Back\u00bb 48 - Dumoulin Bicyclettes | cyclotourisme\" \/>\n<meta property=\"og:description\" content=\"Les sacoches imperm\u00e9ables Vaude Aqua Back tournent autour de la terre depuis des ann\u00e9es. R\u00e9f\u00e9rence en mati\u00e8re de cyclotourisme, vous les aimerez aussi au quotidien.\" \/>\n<meta property=\"og:url\" content=\"https:\/\/dumoulin.absoludev.ca\/produit\/vaude-aqua-back-48\/\" \/>\n<meta property=\"og:site_name\" content=\"Dumoulin Bicyclettes\" \/>\n<meta property=\"article:publisher\" content=\"https:\/\/www.facebook.com\/dumoulinbicyclettes\" \/>\n<meta property=\"article:modified_time\" content=\"2025-09-04T18:18:19+00:00\" \/>\n<meta property=\"og:image\" content=\"https:\/\/dumoulin.absoludev.ca\/wp-content\/uploads\/2021\/11\/vaude-aqua-back.jpg\" \/>\n\t<meta property=\"og:image:width\" content=\"1000\" \/>\n\t<meta property=\"og:image:height\" content=\"1118\" \/>\n\t<meta property=\"og:image:type\" content=\"image\/jpeg\" \/>\n<meta name=\"twitter:card\" content=\"summary_large_image\" \/>\n<meta name=\"twitter:label1\" content=\"Est. reading time\" \/>\n\t<meta name=\"twitter:data1\" content=\"1 minute\" \/>\n<script type=\"application\/ld+json\" class=\"yoast-schema-graph\">{\"@context\":\"https:\/\/schema.org\",\"@graph\":[{\"@type\":\"WebPage\",\"@id\":\"https:\/\/dumoulin.absoludev.ca\/produit\/vaude-aqua-back-48\/\",\"url\":\"https:\/\/dumoulin.absoludev.ca\/produit\/vaude-aqua-back-48\/\",\"name\":\"Sacoches Vaude \u00abAqua Back\u00bb 48 - Dumoulin Bicyclettes | cyclotourisme\",\"isPartOf\":{\"@id\":\"https:\/\/dumoulin.absoludev.ca\/#website\"},\"primaryImageOfPage\":{\"@id\":\"https:\/\/dumoulin.absoludev.ca\/produit\/vaude-aqua-back-48\/#primaryimage\"},\"image\":{\"@id\":\"https:\/\/dumoulin.absoludev.ca\/produit\/vaude-aqua-back-48\/#primaryimage\"},\"thumbnailUrl\":\"https:\/\/dumoulin.absoludev.ca\/wp-content\/uploads\/2021\/11\/vaude-aqua-back.jpg\",\"datePublished\":\"2022-05-16T18:15:47+00:00\",\"dateModified\":\"2025-09-04T18:18:19+00:00\",\"description\":\"Les sacoches imperm\u00e9ables Vaude Aqua Back tournent autour de la terre depuis des ann\u00e9es. R\u00e9f\u00e9rence en mati\u00e8re de cyclotourisme, vous les aimerez aussi au quotidien.\",\"breadcrumb\":{\"@id\":\"https:\/\/dumoulin.absoludev.ca\/produit\/vaude-aqua-back-48\/#breadcrumb\"},\"inLanguage\":\"en-US\",\"potentialAction\":[{\"@type\":\"ReadAction\",\"target\":[\"https:\/\/dumoulin.absoludev.ca\/produit\/vaude-aqua-back-48\/\"]}]},{\"@type\":\"ImageObject\",\"inLanguage\":\"en-US\",\"@id\":\"https:\/\/dumoulin.absoludev.ca\/produit\/vaude-aqua-back-48\/#primaryimage\",\"url\":\"https:\/\/dumoulin.absoludev.ca\/wp-content\/uploads\/2021\/11\/vaude-aqua-back.jpg\",\"contentUrl\":\"https:\/\/dumoulin.absoludev.ca\/wp-content\/uploads\/2021\/11\/vaude-aqua-back.jpg\",\"width\":1000,\"height\":1118,\"caption\":\"sacoches-de-velo-vaude-aqua-back-48-cyclotourisme\"},{\"@type\":\"BreadcrumbList\",\"@id\":\"https:\/\/dumoulin.absoludev.ca\/produit\/vaude-aqua-back-48\/#breadcrumb\",\"itemListElement\":[{\"@type\":\"ListItem\",\"position\":1,\"name\":\"Home\",\"item\":\"https:\/\/dumoulin.absoludev.ca\/en\/\"},{\"@type\":\"ListItem\",\"position\":2,\"name\":\"Shop\",\"item\":\"https:\/\/dumoulin.absoludev.ca\/en\/shop\/\"},{\"@type\":\"ListItem\",\"position\":3,\"name\":\"Sacoches Vaude \u00abAqua Back\u00bb 48\"}]},{\"@type\":\"WebSite\",\"@id\":\"https:\/\/dumoulin.absoludev.ca\/#website\",\"url\":\"https:\/\/dumoulin.absoludev.ca\/\",\"name\":\"Dumoulin Bicyclettes\",\"description\":\"\",\"publisher\":{\"@id\":\"https:\/\/dumoulin.absoludev.ca\/#organization\"},\"potentialAction\":[{\"@type\":\"SearchAction\",\"target\":{\"@type\":\"EntryPoint\",\"urlTemplate\":\"https:\/\/dumoulin.absoludev.ca\/?s={search_term_string}\"},\"query-input\":{\"@type\":\"PropertyValueSpecification\",\"valueRequired\":true,\"valueName\":\"search_term_string\"}}],\"inLanguage\":\"en-US\"},{\"@type\":\"Organization\",\"@id\":\"https:\/\/dumoulin.absoludev.ca\/#organization\",\"name\":\"Dumoulin Bicyclettes\",\"url\":\"https:\/\/dumoulin.absoludev.ca\/\",\"logo\":{\"@type\":\"ImageObject\",\"inLanguage\":\"en-US\",\"@id\":\"https:\/\/dumoulin.absoludev.ca\/#\/schema\/logo\/image\/\",\"url\":\"https:\/\/www.dumoulinbicyclettes.com\/wp-content\/uploads\/2021\/04\/Logo.svg\",\"contentUrl\":\"https:\/\/www.dumoulinbicyclettes.com\/wp-content\/uploads\/2021\/04\/Logo.svg\",\"width\":254,\"height\":86,\"caption\":\"Dumoulin Bicyclettes\"},\"image\":{\"@id\":\"https:\/\/dumoulin.absoludev.ca\/#\/schema\/logo\/image\/\"},\"sameAs\":[\"https:\/\/www.facebook.com\/dumoulinbicyclettes\",\"https:\/\/www.instagram.com\/dumoulin.ca\/\",\"https:\/\/www.youtube.com\/user\/dumoulinbicyclettes\"]}]}<\/script>\n<!-- \/ Yoast SEO plugin. -->","yoast_head_json":{"title":"Sacoches Vaude \u00abAqua Back\u00bb 48 - Dumoulin Bicyclettes | cyclotourisme","description":"Les sacoches imperm\u00e9ables Vaude Aqua Back tournent autour de la terre depuis des ann\u00e9es. R\u00e9f\u00e9rence en mati\u00e8re de cyclotourisme, vous les aimerez aussi au quotidien.","robots":{"index":"noindex","follow":"follow","max-snippet":"max-snippet:-1","max-image-preview":"max-image-preview:large","max-video-preview":"max-video-preview:-1"},"og_locale":"en_US","og_type":"article","og_title":"Sacoches Vaude \u00abAqua Back\u00bb 48 - Dumoulin Bicyclettes | cyclotourisme","og_description":"Les sacoches imperm\u00e9ables Vaude Aqua Back tournent autour de la terre depuis des ann\u00e9es. R\u00e9f\u00e9rence en mati\u00e8re de cyclotourisme, vous les aimerez aussi au quotidien.","og_url":"https:\/\/dumoulin.absoludev.ca\/produit\/vaude-aqua-back-48\/","og_site_name":"Dumoulin Bicyclettes","article_publisher":"https:\/\/www.facebook.com\/dumoulinbicyclettes","article_modified_time":"2025-09-04T18:18:19+00:00","og_image":[{"width":1000,"height":1118,"url":"https:\/\/dumoulin.absoludev.ca\/wp-content\/uploads\/2021\/11\/vaude-aqua-back.jpg","type":"image\/jpeg"}],"twitter_card":"summary_large_image","twitter_misc":{"Est. reading time":"1 minute"},"schema":{"@context":"https:\/\/schema.org","@graph":[{"@type":"WebPage","@id":"https:\/\/dumoulin.absoludev.ca\/produit\/vaude-aqua-back-48\/","url":"https:\/\/dumoulin.absoludev.ca\/produit\/vaude-aqua-back-48\/","name":"Sacoches Vaude \u00abAqua Back\u00bb 48 - Dumoulin Bicyclettes | cyclotourisme","isPartOf":{"@id":"https:\/\/dumoulin.absoludev.ca\/#website"},"primaryImageOfPage":{"@id":"https:\/\/dumoulin.absoludev.ca\/produit\/vaude-aqua-back-48\/#primaryimage"},"image":{"@id":"https:\/\/dumoulin.absoludev.ca\/produit\/vaude-aqua-back-48\/#primaryimage"},"thumbnailUrl":"https:\/\/dumoulin.absoludev.ca\/wp-content\/uploads\/2021\/11\/vaude-aqua-back.jpg","datePublished":"2022-05-16T18:15:47+00:00","dateModified":"2025-09-04T18:18:19+00:00","description":"Les sacoches imperm\u00e9ables Vaude Aqua Back tournent autour de la terre depuis des ann\u00e9es. R\u00e9f\u00e9rence en mati\u00e8re de cyclotourisme, vous les aimerez aussi au quotidien.","breadcrumb":{"@id":"https:\/\/dumoulin.absoludev.ca\/produit\/vaude-aqua-back-48\/#breadcrumb"},"inLanguage":"en-US","potentialAction":[{"@type":"ReadAction","target":["https:\/\/dumoulin.absoludev.ca\/produit\/vaude-aqua-back-48\/"]}]},{"@type":"ImageObject","inLanguage":"en-US","@id":"https:\/\/dumoulin.absoludev.ca\/produit\/vaude-aqua-back-48\/#primaryimage","url":"https:\/\/dumoulin.absoludev.ca\/wp-content\/uploads\/2021\/11\/vaude-aqua-back.jpg","contentUrl":"https:\/\/dumoulin.absoludev.ca\/wp-content\/uploads\/2021\/11\/vaude-aqua-back.jpg","width":1000,"height":1118,"caption":"sacoches-de-velo-vaude-aqua-back-48-cyclotourisme"},{"@type":"BreadcrumbList","@id":"https:\/\/dumoulin.absoludev.ca\/produit\/vaude-aqua-back-48\/#breadcrumb","itemListElement":[{"@type":"ListItem","position":1,"name":"Home","item":"https:\/\/dumoulin.absoludev.ca\/en\/"},{"@type":"ListItem","position":2,"name":"Shop","item":"https:\/\/dumoulin.absoludev.ca\/en\/shop\/"},{"@type":"ListItem","position":3,"name":"Sacoches Vaude \u00abAqua Back\u00bb 48"}]},{"@type":"WebSite","@id":"https:\/\/dumoulin.absoludev.ca\/#website","url":"https:\/\/dumoulin.absoludev.ca\/","name":"Dumoulin Bicyclettes","description":"","publisher":{"@id":"https:\/\/dumoulin.absoludev.ca\/#organization"},"potentialAction":[{"@type":"SearchAction","target":{"@type":"EntryPoint","urlTemplate":"https:\/\/dumoulin.absoludev.ca\/?s={search_term_string}"},"query-input":{"@type":"PropertyValueSpecification","valueRequired":true,"valueName":"search_term_string"}}],"inLanguage":"en-US"},{"@type":"Organization","@id":"https:\/\/dumoulin.absoludev.ca\/#organization","name":"Dumoulin Bicyclettes","url":"https:\/\/dumoulin.absoludev.ca\/","logo":{"@type":"ImageObject","inLanguage":"en-US","@id":"https:\/\/dumoulin.absoludev.ca\/#\/schema\/logo\/image\/","url":"https:\/\/www.dumoulinbicyclettes.com\/wp-content\/uploads\/2021\/04\/Logo.svg","contentUrl":"https:\/\/www.dumoulinbicyclettes.com\/wp-content\/uploads\/2021\/04\/Logo.svg","width":254,"height":86,"caption":"Dumoulin Bicyclettes"},"image":{"@id":"https:\/\/dumoulin.absoludev.ca\/#\/schema\/logo\/image\/"},"sameAs":["https:\/\/www.facebook.com\/dumoulinbicyclettes","https:\/\/www.instagram.com\/dumoulin.ca\/","https:\/\/www.youtube.com\/user\/dumoulinbicyclettes"]}]}},"_links":{"self":[{"href":"https:\/\/dumoulin.absoludev.ca\/en\/wp-json\/wp\/v2\/product\/73877","targetHints":{"allow":["GET"]}}],"collection":[{"href":"https:\/\/dumoulin.absoludev.ca\/en\/wp-json\/wp\/v2\/product"}],"about":[{"href":"https:\/\/dumoulin.absoludev.ca\/en\/wp-json\/wp\/v2\/types\/product"}],"wp:featuredmedia":[{"embeddable":true,"href":"https:\/\/dumoulin.absoludev.ca\/en\/wp-json\/wp\/v2\/media\/22708"}],"wp:attachment":[{"href":"https:\/\/dumoulin.absoludev.ca\/en\/wp-json\/wp\/v2\/media?parent=73877"}],"wp:term":[{"taxonomy":"product_brand","embeddable":true,"href":"https:\/\/dumoulin.absoludev.ca\/en\/wp-json\/wp\/v2\/product_brand?post=73877"},{"taxonomy":"product_cat","embeddable":true,"href":"https:\/\/dumoulin.absoludev.ca\/en\/wp-json\/wp\/v2\/product_cat?post=73877"},{"taxonomy":"product_tag","embeddable":true,"href":"https:\/\/dumoulin.absoludev.ca\/en\/wp-json\/wp\/v2\/product_tag?post=73877"},{"taxonomy":"marque-produit","embeddable":true,"href":"https:\/\/dumoulin.absoludev.ca\/en\/wp-json\/wp\/v2\/marque-produit?post=73877"},{"taxonomy":"collection-produit","embeddable":true,"href":"https:\/\/dumoulin.absoludev.ca\/en\/wp-json\/wp\/v2\/collection-produit?post=73877"},{"taxonomy":"type-surface-produit","embeddable":true,"href":"https:\/\/dumoulin.absoludev.ca\/en\/wp-json\/wp\/v2\/type-surface-produit?post=73877"},{"taxonomy":"type-velo-produit","embeddable":true,"href":"https:\/\/dumoulin.absoludev.ca\/en\/wp-json\/wp\/v2\/type-velo-produit?post=73877"},{"taxonomy":"vetement-produit","embeddable":true,"href":"https:\/\/dumoulin.absoludev.ca\/en\/wp-json\/wp\/v2\/vetement-produit?post=73877"},{"taxonomy":"thematique-produit","embeddable":true,"href":"https:\/\/dumoulin.absoludev.ca\/en\/wp-json\/wp\/v2\/thematique-produit?post=73877"},{"taxonomy":"position-sur-le-v\u00e9lo","embeddable":true,"href":"https:\/\/dumoulin.absoludev.ca\/en\/wp-json\/wp\/v2\/position-sur-le-v\u00e9lo?post=73877"}],"curies":[{"name":"wp","href":"https:\/\/api.w.org\/{rel}","templated":true}]}}