{"id":73826,"date":"2022-05-16T14:15:44","date_gmt":"2022-05-16T18:15:44","guid":{"rendered":"http:\/\/www.dumoulinbicyclettes.com\/produit\/fahrradmanufaktur-t-50-cadre-bas\/"},"modified":"2025-09-04T14:18:15","modified_gmt":"2025-09-04T18:18:15","slug":"fahrradmanufaktur-t-50-cadre-bas","status":"publish","type":"product","link":"https:\/\/dumoulin.absoludev.ca\/en\/produit\/fahrradmanufaktur-t-50-cadre-bas\/","title":{"rendered":"Fahrradmanufaktur T-50 cadre bas"},"content":{"rendered":"<p>Le Fahrradmanufaktur T-50 est un v\u00e9lo \u00aballemand\u00bb : c&#8217;est-\u00e0-dire que c&#8217;est un v\u00e9lo robuste, pens\u00e9 pour vos d\u00e9placements quotidiens et \u00e9quip\u00e9 de bout en bout pour vous d\u00e9placer partout, tous les jours, beau temps mauvais temps.<\/p>\n<p>Stable et confortable, il transmet aussi un bon sentiment de contr\u00f4le sur la route.<\/p>\n","protected":false},"excerpt":{"rendered":"<p>Le Fahrradmanufaktur T-50 est un v\u00e9lo \u00aballemand\u00bb : c&#8217;est-\u00e0-dire que c&#8217;est un v\u00e9lo robuste, pens\u00e9 pour vos d\u00e9placements quotidiens et \u00e9quip\u00e9 de bout en bout pour vous d\u00e9placer partout, tous les jours, beau temps mauvais temps. Stable et confortable, il transmet aussi un bon sentiment de contr\u00f4le sur la route.<\/p>\n","protected":false},"featured_media":582133,"template":"","meta":{"_acf_changed":false},"product_brand":[],"product_cat":[173,161],"product_tag":[2223,2224],"marque-produit":[2222],"collection-produit":[],"type-surface-produit":[],"type-velo-produit":[1252],"vetement-produit":[],"thematique-produit":[],"position-sur-le-v\u00e9lo":[],"class_list":{"0":"post-73826","1":"product","2":"type-product","3":"status-publish","4":"has-post-thumbnail","6":"product_cat-urbains","7":"product_cat-velos","8":"product_tag-fahrradmanufaktur","9":"product_tag-t-50","10":"marque-produit-fahrradmanufaktur","11":"type-velo-produit-hybrides","13":"first","14":"outofstock","15":"sale","16":"taxable","17":"shipping-taxable","18":"purchasable","19":"product-type-variable"},"acf":[],"yoast_head":"<!-- This site is optimized with the Yoast SEO plugin v24.3 - https:\/\/yoast.com\/wordpress\/plugins\/seo\/ -->\n<title>Fahrradmanufaktur T-50 cadre bas - Dumoulin Bicyclettes<\/title>\n<meta name=\"description\" content=\"Avec un cadre bas facilement enjamb\u00e9, le v\u00e9lo urbain Fahrradmanufaktur T-50 est pr\u00eat pour vos d\u00e9placements quotidiens. Robuste, tout \u00e9quip\u00e9, confortable, c&#039;est un v\u00e9lo allemand !\" \/>\n<meta name=\"robots\" content=\"noindex, follow, max-snippet:-1, max-image-preview:large, max-video-preview:-1\" \/>\n<meta property=\"og:locale\" content=\"en_US\" \/>\n<meta property=\"og:type\" content=\"article\" \/>\n<meta property=\"og:title\" content=\"Fahrradmanufaktur T-50 cadre bas - Dumoulin Bicyclettes\" \/>\n<meta property=\"og:description\" content=\"Avec un cadre bas facilement enjamb\u00e9, le v\u00e9lo urbain Fahrradmanufaktur T-50 est pr\u00eat pour vos d\u00e9placements quotidiens. Robuste, tout \u00e9quip\u00e9, confortable, c&#039;est un v\u00e9lo allemand !\" \/>\n<meta property=\"og:url\" content=\"https:\/\/dumoulin.absoludev.ca\/produit\/fahrradmanufaktur-t-50-cadre-bas\/\" \/>\n<meta property=\"og:site_name\" content=\"Dumoulin Bicyclettes\" \/>\n<meta property=\"article:publisher\" content=\"https:\/\/www.facebook.com\/dumoulinbicyclettes\" \/>\n<meta property=\"article:modified_time\" content=\"2025-09-04T18:18:15+00:00\" \/>\n<meta property=\"og:image\" content=\"https:\/\/dumoulin.absoludev.ca\/wp-content\/uploads\/2022\/05\/fahrradmanufaktur-t-50-roadster-102120322-t-50-shimano-nexus-7g-rt-v-brake-tra-dsc5636-1320x824-1.jpeg\" \/>\n\t<meta property=\"og:image:width\" content=\"1318\" \/>\n\t<meta property=\"og:image:height\" content=\"824\" \/>\n\t<meta property=\"og:image:type\" content=\"image\/jpeg\" \/>\n<meta name=\"twitter:card\" content=\"summary_large_image\" \/>\n<meta name=\"twitter:label1\" content=\"Est. reading time\" \/>\n\t<meta name=\"twitter:data1\" content=\"1 minute\" \/>\n<script type=\"application\/ld+json\" class=\"yoast-schema-graph\">{\"@context\":\"https:\/\/schema.org\",\"@graph\":[{\"@type\":\"WebPage\",\"@id\":\"https:\/\/dumoulin.absoludev.ca\/produit\/fahrradmanufaktur-t-50-cadre-bas\/\",\"url\":\"https:\/\/dumoulin.absoludev.ca\/produit\/fahrradmanufaktur-t-50-cadre-bas\/\",\"name\":\"Fahrradmanufaktur T-50 cadre bas - Dumoulin Bicyclettes\",\"isPartOf\":{\"@id\":\"https:\/\/dumoulin.absoludev.ca\/#website\"},\"primaryImageOfPage\":{\"@id\":\"https:\/\/dumoulin.absoludev.ca\/produit\/fahrradmanufaktur-t-50-cadre-bas\/#primaryimage\"},\"image\":{\"@id\":\"https:\/\/dumoulin.absoludev.ca\/produit\/fahrradmanufaktur-t-50-cadre-bas\/#primaryimage\"},\"thumbnailUrl\":\"https:\/\/dumoulin.absoludev.ca\/wp-content\/uploads\/2022\/05\/fahrradmanufaktur-t-50-roadster-102120322-t-50-shimano-nexus-7g-rt-v-brake-tra-dsc5636-1320x824-1.jpeg\",\"datePublished\":\"2022-05-16T18:15:44+00:00\",\"dateModified\":\"2025-09-04T18:18:15+00:00\",\"description\":\"Avec un cadre bas facilement enjamb\u00e9, le v\u00e9lo urbain Fahrradmanufaktur T-50 est pr\u00eat pour vos d\u00e9placements quotidiens. Robuste, tout \u00e9quip\u00e9, confortable, c'est un v\u00e9lo allemand !\",\"breadcrumb\":{\"@id\":\"https:\/\/dumoulin.absoludev.ca\/produit\/fahrradmanufaktur-t-50-cadre-bas\/#breadcrumb\"},\"inLanguage\":\"en-US\",\"potentialAction\":[{\"@type\":\"ReadAction\",\"target\":[\"https:\/\/dumoulin.absoludev.ca\/produit\/fahrradmanufaktur-t-50-cadre-bas\/\"]}]},{\"@type\":\"ImageObject\",\"inLanguage\":\"en-US\",\"@id\":\"https:\/\/dumoulin.absoludev.ca\/produit\/fahrradmanufaktur-t-50-cadre-bas\/#primaryimage\",\"url\":\"https:\/\/dumoulin.absoludev.ca\/wp-content\/uploads\/2022\/05\/fahrradmanufaktur-t-50-roadster-102120322-t-50-shimano-nexus-7g-rt-v-brake-tra-dsc5636-1320x824-1.jpeg\",\"contentUrl\":\"https:\/\/dumoulin.absoludev.ca\/wp-content\/uploads\/2022\/05\/fahrradmanufaktur-t-50-roadster-102120322-t-50-shimano-nexus-7g-rt-v-brake-tra-dsc5636-1320x824-1.jpeg\",\"width\":1318,\"height\":824},{\"@type\":\"BreadcrumbList\",\"@id\":\"https:\/\/dumoulin.absoludev.ca\/produit\/fahrradmanufaktur-t-50-cadre-bas\/#breadcrumb\",\"itemListElement\":[{\"@type\":\"ListItem\",\"position\":1,\"name\":\"Home\",\"item\":\"https:\/\/dumoulin.absoludev.ca\/en\/\"},{\"@type\":\"ListItem\",\"position\":2,\"name\":\"Shop\",\"item\":\"https:\/\/dumoulin.absoludev.ca\/en\/shop\/\"},{\"@type\":\"ListItem\",\"position\":3,\"name\":\"Fahrradmanufaktur T-50 cadre bas\"}]},{\"@type\":\"WebSite\",\"@id\":\"https:\/\/dumoulin.absoludev.ca\/#website\",\"url\":\"https:\/\/dumoulin.absoludev.ca\/\",\"name\":\"Dumoulin Bicyclettes\",\"description\":\"\",\"publisher\":{\"@id\":\"https:\/\/dumoulin.absoludev.ca\/#organization\"},\"potentialAction\":[{\"@type\":\"SearchAction\",\"target\":{\"@type\":\"EntryPoint\",\"urlTemplate\":\"https:\/\/dumoulin.absoludev.ca\/?s={search_term_string}\"},\"query-input\":{\"@type\":\"PropertyValueSpecification\",\"valueRequired\":true,\"valueName\":\"search_term_string\"}}],\"inLanguage\":\"en-US\"},{\"@type\":\"Organization\",\"@id\":\"https:\/\/dumoulin.absoludev.ca\/#organization\",\"name\":\"Dumoulin Bicyclettes\",\"url\":\"https:\/\/dumoulin.absoludev.ca\/\",\"logo\":{\"@type\":\"ImageObject\",\"inLanguage\":\"en-US\",\"@id\":\"https:\/\/dumoulin.absoludev.ca\/#\/schema\/logo\/image\/\",\"url\":\"https:\/\/www.dumoulinbicyclettes.com\/wp-content\/uploads\/2021\/04\/Logo.svg\",\"contentUrl\":\"https:\/\/www.dumoulinbicyclettes.com\/wp-content\/uploads\/2021\/04\/Logo.svg\",\"width\":254,\"height\":86,\"caption\":\"Dumoulin Bicyclettes\"},\"image\":{\"@id\":\"https:\/\/dumoulin.absoludev.ca\/#\/schema\/logo\/image\/\"},\"sameAs\":[\"https:\/\/www.facebook.com\/dumoulinbicyclettes\",\"https:\/\/www.instagram.com\/dumoulin.ca\/\",\"https:\/\/www.youtube.com\/user\/dumoulinbicyclettes\"]}]}<\/script>\n<!-- \/ Yoast SEO plugin. -->","yoast_head_json":{"title":"Fahrradmanufaktur T-50 cadre bas - Dumoulin Bicyclettes","description":"Avec un cadre bas facilement enjamb\u00e9, le v\u00e9lo urbain Fahrradmanufaktur T-50 est pr\u00eat pour vos d\u00e9placements quotidiens. Robuste, tout \u00e9quip\u00e9, confortable, c'est un v\u00e9lo allemand !","robots":{"index":"noindex","follow":"follow","max-snippet":"max-snippet:-1","max-image-preview":"max-image-preview:large","max-video-preview":"max-video-preview:-1"},"og_locale":"en_US","og_type":"article","og_title":"Fahrradmanufaktur T-50 cadre bas - Dumoulin Bicyclettes","og_description":"Avec un cadre bas facilement enjamb\u00e9, le v\u00e9lo urbain Fahrradmanufaktur T-50 est pr\u00eat pour vos d\u00e9placements quotidiens. Robuste, tout \u00e9quip\u00e9, confortable, c'est un v\u00e9lo allemand !","og_url":"https:\/\/dumoulin.absoludev.ca\/produit\/fahrradmanufaktur-t-50-cadre-bas\/","og_site_name":"Dumoulin Bicyclettes","article_publisher":"https:\/\/www.facebook.com\/dumoulinbicyclettes","article_modified_time":"2025-09-04T18:18:15+00:00","og_image":[{"width":1318,"height":824,"url":"https:\/\/dumoulin.absoludev.ca\/wp-content\/uploads\/2022\/05\/fahrradmanufaktur-t-50-roadster-102120322-t-50-shimano-nexus-7g-rt-v-brake-tra-dsc5636-1320x824-1.jpeg","type":"image\/jpeg"}],"twitter_card":"summary_large_image","twitter_misc":{"Est. reading time":"1 minute"},"schema":{"@context":"https:\/\/schema.org","@graph":[{"@type":"WebPage","@id":"https:\/\/dumoulin.absoludev.ca\/produit\/fahrradmanufaktur-t-50-cadre-bas\/","url":"https:\/\/dumoulin.absoludev.ca\/produit\/fahrradmanufaktur-t-50-cadre-bas\/","name":"Fahrradmanufaktur T-50 cadre bas - Dumoulin Bicyclettes","isPartOf":{"@id":"https:\/\/dumoulin.absoludev.ca\/#website"},"primaryImageOfPage":{"@id":"https:\/\/dumoulin.absoludev.ca\/produit\/fahrradmanufaktur-t-50-cadre-bas\/#primaryimage"},"image":{"@id":"https:\/\/dumoulin.absoludev.ca\/produit\/fahrradmanufaktur-t-50-cadre-bas\/#primaryimage"},"thumbnailUrl":"https:\/\/dumoulin.absoludev.ca\/wp-content\/uploads\/2022\/05\/fahrradmanufaktur-t-50-roadster-102120322-t-50-shimano-nexus-7g-rt-v-brake-tra-dsc5636-1320x824-1.jpeg","datePublished":"2022-05-16T18:15:44+00:00","dateModified":"2025-09-04T18:18:15+00:00","description":"Avec un cadre bas facilement enjamb\u00e9, le v\u00e9lo urbain Fahrradmanufaktur T-50 est pr\u00eat pour vos d\u00e9placements quotidiens. Robuste, tout \u00e9quip\u00e9, confortable, c'est un v\u00e9lo allemand !","breadcrumb":{"@id":"https:\/\/dumoulin.absoludev.ca\/produit\/fahrradmanufaktur-t-50-cadre-bas\/#breadcrumb"},"inLanguage":"en-US","potentialAction":[{"@type":"ReadAction","target":["https:\/\/dumoulin.absoludev.ca\/produit\/fahrradmanufaktur-t-50-cadre-bas\/"]}]},{"@type":"ImageObject","inLanguage":"en-US","@id":"https:\/\/dumoulin.absoludev.ca\/produit\/fahrradmanufaktur-t-50-cadre-bas\/#primaryimage","url":"https:\/\/dumoulin.absoludev.ca\/wp-content\/uploads\/2022\/05\/fahrradmanufaktur-t-50-roadster-102120322-t-50-shimano-nexus-7g-rt-v-brake-tra-dsc5636-1320x824-1.jpeg","contentUrl":"https:\/\/dumoulin.absoludev.ca\/wp-content\/uploads\/2022\/05\/fahrradmanufaktur-t-50-roadster-102120322-t-50-shimano-nexus-7g-rt-v-brake-tra-dsc5636-1320x824-1.jpeg","width":1318,"height":824},{"@type":"BreadcrumbList","@id":"https:\/\/dumoulin.absoludev.ca\/produit\/fahrradmanufaktur-t-50-cadre-bas\/#breadcrumb","itemListElement":[{"@type":"ListItem","position":1,"name":"Home","item":"https:\/\/dumoulin.absoludev.ca\/en\/"},{"@type":"ListItem","position":2,"name":"Shop","item":"https:\/\/dumoulin.absoludev.ca\/en\/shop\/"},{"@type":"ListItem","position":3,"name":"Fahrradmanufaktur T-50 cadre bas"}]},{"@type":"WebSite","@id":"https:\/\/dumoulin.absoludev.ca\/#website","url":"https:\/\/dumoulin.absoludev.ca\/","name":"Dumoulin Bicyclettes","description":"","publisher":{"@id":"https:\/\/dumoulin.absoludev.ca\/#organization"},"potentialAction":[{"@type":"SearchAction","target":{"@type":"EntryPoint","urlTemplate":"https:\/\/dumoulin.absoludev.ca\/?s={search_term_string}"},"query-input":{"@type":"PropertyValueSpecification","valueRequired":true,"valueName":"search_term_string"}}],"inLanguage":"en-US"},{"@type":"Organization","@id":"https:\/\/dumoulin.absoludev.ca\/#organization","name":"Dumoulin Bicyclettes","url":"https:\/\/dumoulin.absoludev.ca\/","logo":{"@type":"ImageObject","inLanguage":"en-US","@id":"https:\/\/dumoulin.absoludev.ca\/#\/schema\/logo\/image\/","url":"https:\/\/www.dumoulinbicyclettes.com\/wp-content\/uploads\/2021\/04\/Logo.svg","contentUrl":"https:\/\/www.dumoulinbicyclettes.com\/wp-content\/uploads\/2021\/04\/Logo.svg","width":254,"height":86,"caption":"Dumoulin Bicyclettes"},"image":{"@id":"https:\/\/dumoulin.absoludev.ca\/#\/schema\/logo\/image\/"},"sameAs":["https:\/\/www.facebook.com\/dumoulinbicyclettes","https:\/\/www.instagram.com\/dumoulin.ca\/","https:\/\/www.youtube.com\/user\/dumoulinbicyclettes"]}]}},"_links":{"self":[{"href":"https:\/\/dumoulin.absoludev.ca\/en\/wp-json\/wp\/v2\/product\/73826","targetHints":{"allow":["GET"]}}],"collection":[{"href":"https:\/\/dumoulin.absoludev.ca\/en\/wp-json\/wp\/v2\/product"}],"about":[{"href":"https:\/\/dumoulin.absoludev.ca\/en\/wp-json\/wp\/v2\/types\/product"}],"wp:featuredmedia":[{"embeddable":true,"href":"https:\/\/dumoulin.absoludev.ca\/en\/wp-json\/wp\/v2\/media\/582133"}],"wp:attachment":[{"href":"https:\/\/dumoulin.absoludev.ca\/en\/wp-json\/wp\/v2\/media?parent=73826"}],"wp:term":[{"taxonomy":"product_brand","embeddable":true,"href":"https:\/\/dumoulin.absoludev.ca\/en\/wp-json\/wp\/v2\/product_brand?post=73826"},{"taxonomy":"product_cat","embeddable":true,"href":"https:\/\/dumoulin.absoludev.ca\/en\/wp-json\/wp\/v2\/product_cat?post=73826"},{"taxonomy":"product_tag","embeddable":true,"href":"https:\/\/dumoulin.absoludev.ca\/en\/wp-json\/wp\/v2\/product_tag?post=73826"},{"taxonomy":"marque-produit","embeddable":true,"href":"https:\/\/dumoulin.absoludev.ca\/en\/wp-json\/wp\/v2\/marque-produit?post=73826"},{"taxonomy":"collection-produit","embeddable":true,"href":"https:\/\/dumoulin.absoludev.ca\/en\/wp-json\/wp\/v2\/collection-produit?post=73826"},{"taxonomy":"type-surface-produit","embeddable":true,"href":"https:\/\/dumoulin.absoludev.ca\/en\/wp-json\/wp\/v2\/type-surface-produit?post=73826"},{"taxonomy":"type-velo-produit","embeddable":true,"href":"https:\/\/dumoulin.absoludev.ca\/en\/wp-json\/wp\/v2\/type-velo-produit?post=73826"},{"taxonomy":"vetement-produit","embeddable":true,"href":"https:\/\/dumoulin.absoludev.ca\/en\/wp-json\/wp\/v2\/vetement-produit?post=73826"},{"taxonomy":"thematique-produit","embeddable":true,"href":"https:\/\/dumoulin.absoludev.ca\/en\/wp-json\/wp\/v2\/thematique-produit?post=73826"},{"taxonomy":"position-sur-le-v\u00e9lo","embeddable":true,"href":"https:\/\/dumoulin.absoludev.ca\/en\/wp-json\/wp\/v2\/position-sur-le-v\u00e9lo?post=73826"}],"curies":[{"name":"wp","href":"https:\/\/api.w.org\/{rel}","templated":true}]}}