{"id":73801,"date":"2022-05-16T14:15:38","date_gmt":"2022-05-16T18:15:38","guid":{"rendered":"http:\/\/www.dumoulinbicyclettes.com\/produit\/lumiere-dynamo-avant-buschmuller-eyc\/"},"modified":"2025-09-04T14:18:11","modified_gmt":"2025-09-04T18:18:11","slug":"busch-and-muller-lumotec-eyc","status":"publish","type":"product","link":"https:\/\/dumoulin.absoludev.ca\/en\/produit\/busch-and-muller-lumotec-eyc\/","title":{"rendered":"Lumi\u00e8re de v\u00e9lo Busch&#038;M\u00fcller EYC"},"content":{"rendered":"<p>Le phare avant Busch&amp;M\u00fcller Lumotec Eyc est compact et puissant. C&#8217;est une lumi\u00e8re aliment\u00e9e par un moyeu \u00e0 dynamo, id\u00e9ale pour toutes celles et ceux qui veulent un phare fiable et durable pour se d\u00e9placer quotidiennement.<\/p>\n<p>Choisissez entre la version \u00abN Plus\u00bb ou \u00abT senso Plus\u00bb (avec capteur de luminosit\u00e9 ambiante et allumage automatique).<\/p>\n","protected":false},"excerpt":{"rendered":"<p>Le phare avant Busch&amp;M\u00fcller Lumotec Eyc est compact et puissant. C&#8217;est une lumi\u00e8re aliment\u00e9e par un moyeu \u00e0 dynamo, id\u00e9ale pour toutes celles et ceux qui veulent un phare fiable et durable pour se d\u00e9placer quotidiennement. Choisissez entre la version \u00abN Plus\u00bb ou \u00abT senso Plus\u00bb (avec capteur de luminosit\u00e9 ambiante et allumage automatique).<\/p>\n","protected":false},"featured_media":19994,"template":"","meta":{"_acf_changed":false},"product_brand":[],"product_cat":[182,210,192],"product_tag":[2486,2262,2899],"marque-produit":[1386],"collection-produit":[],"type-surface-produit":[],"type-velo-produit":[],"vetement-produit":[],"thematique-produit":[],"position-sur-le-v\u00e9lo":[],"class_list":{"0":"post-73801","1":"product","2":"type-product","3":"status-publish","4":"has-post-thumbnail","6":"product_cat-accessoires","7":"product_cat-dynamos-moyeux-et-lumieres","8":"product_cat-visibilite","9":"product_tag-buschmuller","10":"product_tag-dynamo","11":"product_tag-eyc","12":"marque-produit-buschmuller","14":"first","15":"outofstock","16":"taxable","17":"shipping-taxable","18":"purchasable","19":"product-type-variable"},"acf":[],"yoast_head":"<!-- This site is optimized with the Yoast SEO plugin v24.3 - https:\/\/yoast.com\/wordpress\/plugins\/seo\/ -->\n<title>Lumi\u00e8re de v\u00e9lo Busch&amp;M\u00fcller EYC - Dumoulin Bicyclettes Dynamos<\/title>\n<meta name=\"description\" content=\"La lumi\u00e8re pour dynamo Busch &amp; M\u00fcller Lumotec EYC est petite, super efficace et durable. C&#039;est un bonheur pour les d\u00e9placements quotidiens.\" \/>\n<meta name=\"robots\" content=\"noindex, follow, max-snippet:-1, max-image-preview:large, max-video-preview:-1\" \/>\n<meta property=\"og:locale\" content=\"en_US\" \/>\n<meta property=\"og:type\" content=\"article\" \/>\n<meta property=\"og:title\" content=\"Lumi\u00e8re de v\u00e9lo Busch&amp;M\u00fcller EYC - Dumoulin Bicyclettes Dynamos\" \/>\n<meta property=\"og:description\" content=\"La lumi\u00e8re pour dynamo Busch &amp; M\u00fcller Lumotec EYC est petite, super efficace et durable. C&#039;est un bonheur pour les d\u00e9placements quotidiens.\" \/>\n<meta property=\"og:url\" content=\"https:\/\/dumoulin.absoludev.ca\/produit\/busch-and-muller-lumotec-eyc\/\" \/>\n<meta property=\"og:site_name\" content=\"Dumoulin Bicyclettes\" \/>\n<meta property=\"article:publisher\" content=\"https:\/\/www.facebook.com\/dumoulinbicyclettes\" \/>\n<meta property=\"article:modified_time\" content=\"2025-09-04T18:18:11+00:00\" \/>\n<meta property=\"og:image\" content=\"https:\/\/dumoulin.absoludev.ca\/wp-content\/uploads\/2021\/05\/160-lumotec-iq-eyc-t-senso-plus-dynamoscheinwerfer-buschmueller-bild1.jpg\" \/>\n\t<meta property=\"og:image:width\" content=\"1000\" \/>\n\t<meta property=\"og:image:height\" content=\"1000\" \/>\n\t<meta property=\"og:image:type\" content=\"image\/jpeg\" \/>\n<meta name=\"twitter:card\" content=\"summary_large_image\" \/>\n<meta name=\"twitter:label1\" content=\"Est. reading time\" \/>\n\t<meta name=\"twitter:data1\" content=\"1 minute\" \/>\n<script type=\"application\/ld+json\" class=\"yoast-schema-graph\">{\"@context\":\"https:\/\/schema.org\",\"@graph\":[{\"@type\":\"WebPage\",\"@id\":\"https:\/\/dumoulin.absoludev.ca\/produit\/busch-and-muller-lumotec-eyc\/\",\"url\":\"https:\/\/dumoulin.absoludev.ca\/produit\/busch-and-muller-lumotec-eyc\/\",\"name\":\"Lumi\u00e8re de v\u00e9lo Busch&M\u00fcller EYC - Dumoulin Bicyclettes Dynamos\",\"isPartOf\":{\"@id\":\"https:\/\/dumoulin.absoludev.ca\/#website\"},\"primaryImageOfPage\":{\"@id\":\"https:\/\/dumoulin.absoludev.ca\/produit\/busch-and-muller-lumotec-eyc\/#primaryimage\"},\"image\":{\"@id\":\"https:\/\/dumoulin.absoludev.ca\/produit\/busch-and-muller-lumotec-eyc\/#primaryimage\"},\"thumbnailUrl\":\"https:\/\/dumoulin.absoludev.ca\/wp-content\/uploads\/2021\/05\/160-lumotec-iq-eyc-t-senso-plus-dynamoscheinwerfer-buschmueller-bild1.jpg\",\"datePublished\":\"2022-05-16T18:15:38+00:00\",\"dateModified\":\"2025-09-04T18:18:11+00:00\",\"description\":\"La lumi\u00e8re pour dynamo Busch & M\u00fcller Lumotec EYC est petite, super efficace et durable. C'est un bonheur pour les d\u00e9placements quotidiens.\",\"breadcrumb\":{\"@id\":\"https:\/\/dumoulin.absoludev.ca\/produit\/busch-and-muller-lumotec-eyc\/#breadcrumb\"},\"inLanguage\":\"en-US\",\"potentialAction\":[{\"@type\":\"ReadAction\",\"target\":[\"https:\/\/dumoulin.absoludev.ca\/produit\/busch-and-muller-lumotec-eyc\/\"]}]},{\"@type\":\"ImageObject\",\"inLanguage\":\"en-US\",\"@id\":\"https:\/\/dumoulin.absoludev.ca\/produit\/busch-and-muller-lumotec-eyc\/#primaryimage\",\"url\":\"https:\/\/dumoulin.absoludev.ca\/wp-content\/uploads\/2021\/05\/160-lumotec-iq-eyc-t-senso-plus-dynamoscheinwerfer-buschmueller-bild1.jpg\",\"contentUrl\":\"https:\/\/dumoulin.absoludev.ca\/wp-content\/uploads\/2021\/05\/160-lumotec-iq-eyc-t-senso-plus-dynamoscheinwerfer-buschmueller-bild1.jpg\",\"width\":1000,\"height\":1000,\"caption\":\"Busch-and-M\u00fcller_lumotec-eyc\"},{\"@type\":\"BreadcrumbList\",\"@id\":\"https:\/\/dumoulin.absoludev.ca\/produit\/busch-and-muller-lumotec-eyc\/#breadcrumb\",\"itemListElement\":[{\"@type\":\"ListItem\",\"position\":1,\"name\":\"Home\",\"item\":\"https:\/\/dumoulin.absoludev.ca\/en\/\"},{\"@type\":\"ListItem\",\"position\":2,\"name\":\"Shop\",\"item\":\"https:\/\/dumoulin.absoludev.ca\/en\/shop\/\"},{\"@type\":\"ListItem\",\"position\":3,\"name\":\"Lumi\u00e8re de v\u00e9lo Busch&#038;M\u00fcller EYC\"}]},{\"@type\":\"WebSite\",\"@id\":\"https:\/\/dumoulin.absoludev.ca\/#website\",\"url\":\"https:\/\/dumoulin.absoludev.ca\/\",\"name\":\"Dumoulin Bicyclettes\",\"description\":\"\",\"publisher\":{\"@id\":\"https:\/\/dumoulin.absoludev.ca\/#organization\"},\"potentialAction\":[{\"@type\":\"SearchAction\",\"target\":{\"@type\":\"EntryPoint\",\"urlTemplate\":\"https:\/\/dumoulin.absoludev.ca\/?s={search_term_string}\"},\"query-input\":{\"@type\":\"PropertyValueSpecification\",\"valueRequired\":true,\"valueName\":\"search_term_string\"}}],\"inLanguage\":\"en-US\"},{\"@type\":\"Organization\",\"@id\":\"https:\/\/dumoulin.absoludev.ca\/#organization\",\"name\":\"Dumoulin Bicyclettes\",\"url\":\"https:\/\/dumoulin.absoludev.ca\/\",\"logo\":{\"@type\":\"ImageObject\",\"inLanguage\":\"en-US\",\"@id\":\"https:\/\/dumoulin.absoludev.ca\/#\/schema\/logo\/image\/\",\"url\":\"https:\/\/www.dumoulinbicyclettes.com\/wp-content\/uploads\/2021\/04\/Logo.svg\",\"contentUrl\":\"https:\/\/www.dumoulinbicyclettes.com\/wp-content\/uploads\/2021\/04\/Logo.svg\",\"width\":254,\"height\":86,\"caption\":\"Dumoulin Bicyclettes\"},\"image\":{\"@id\":\"https:\/\/dumoulin.absoludev.ca\/#\/schema\/logo\/image\/\"},\"sameAs\":[\"https:\/\/www.facebook.com\/dumoulinbicyclettes\",\"https:\/\/www.instagram.com\/dumoulin.ca\/\",\"https:\/\/www.youtube.com\/user\/dumoulinbicyclettes\"]}]}<\/script>\n<!-- \/ Yoast SEO plugin. -->","yoast_head_json":{"title":"Lumi\u00e8re de v\u00e9lo Busch&M\u00fcller EYC - Dumoulin Bicyclettes Dynamos","description":"La lumi\u00e8re pour dynamo Busch & M\u00fcller Lumotec EYC est petite, super efficace et durable. C'est un bonheur pour les d\u00e9placements quotidiens.","robots":{"index":"noindex","follow":"follow","max-snippet":"max-snippet:-1","max-image-preview":"max-image-preview:large","max-video-preview":"max-video-preview:-1"},"og_locale":"en_US","og_type":"article","og_title":"Lumi\u00e8re de v\u00e9lo Busch&M\u00fcller EYC - Dumoulin Bicyclettes Dynamos","og_description":"La lumi\u00e8re pour dynamo Busch & M\u00fcller Lumotec EYC est petite, super efficace et durable. C'est un bonheur pour les d\u00e9placements quotidiens.","og_url":"https:\/\/dumoulin.absoludev.ca\/produit\/busch-and-muller-lumotec-eyc\/","og_site_name":"Dumoulin Bicyclettes","article_publisher":"https:\/\/www.facebook.com\/dumoulinbicyclettes","article_modified_time":"2025-09-04T18:18:11+00:00","og_image":[{"width":1000,"height":1000,"url":"https:\/\/dumoulin.absoludev.ca\/wp-content\/uploads\/2021\/05\/160-lumotec-iq-eyc-t-senso-plus-dynamoscheinwerfer-buschmueller-bild1.jpg","type":"image\/jpeg"}],"twitter_card":"summary_large_image","twitter_misc":{"Est. reading time":"1 minute"},"schema":{"@context":"https:\/\/schema.org","@graph":[{"@type":"WebPage","@id":"https:\/\/dumoulin.absoludev.ca\/produit\/busch-and-muller-lumotec-eyc\/","url":"https:\/\/dumoulin.absoludev.ca\/produit\/busch-and-muller-lumotec-eyc\/","name":"Lumi\u00e8re de v\u00e9lo Busch&M\u00fcller EYC - Dumoulin Bicyclettes Dynamos","isPartOf":{"@id":"https:\/\/dumoulin.absoludev.ca\/#website"},"primaryImageOfPage":{"@id":"https:\/\/dumoulin.absoludev.ca\/produit\/busch-and-muller-lumotec-eyc\/#primaryimage"},"image":{"@id":"https:\/\/dumoulin.absoludev.ca\/produit\/busch-and-muller-lumotec-eyc\/#primaryimage"},"thumbnailUrl":"https:\/\/dumoulin.absoludev.ca\/wp-content\/uploads\/2021\/05\/160-lumotec-iq-eyc-t-senso-plus-dynamoscheinwerfer-buschmueller-bild1.jpg","datePublished":"2022-05-16T18:15:38+00:00","dateModified":"2025-09-04T18:18:11+00:00","description":"La lumi\u00e8re pour dynamo Busch & M\u00fcller Lumotec EYC est petite, super efficace et durable. C'est un bonheur pour les d\u00e9placements quotidiens.","breadcrumb":{"@id":"https:\/\/dumoulin.absoludev.ca\/produit\/busch-and-muller-lumotec-eyc\/#breadcrumb"},"inLanguage":"en-US","potentialAction":[{"@type":"ReadAction","target":["https:\/\/dumoulin.absoludev.ca\/produit\/busch-and-muller-lumotec-eyc\/"]}]},{"@type":"ImageObject","inLanguage":"en-US","@id":"https:\/\/dumoulin.absoludev.ca\/produit\/busch-and-muller-lumotec-eyc\/#primaryimage","url":"https:\/\/dumoulin.absoludev.ca\/wp-content\/uploads\/2021\/05\/160-lumotec-iq-eyc-t-senso-plus-dynamoscheinwerfer-buschmueller-bild1.jpg","contentUrl":"https:\/\/dumoulin.absoludev.ca\/wp-content\/uploads\/2021\/05\/160-lumotec-iq-eyc-t-senso-plus-dynamoscheinwerfer-buschmueller-bild1.jpg","width":1000,"height":1000,"caption":"Busch-and-M\u00fcller_lumotec-eyc"},{"@type":"BreadcrumbList","@id":"https:\/\/dumoulin.absoludev.ca\/produit\/busch-and-muller-lumotec-eyc\/#breadcrumb","itemListElement":[{"@type":"ListItem","position":1,"name":"Home","item":"https:\/\/dumoulin.absoludev.ca\/en\/"},{"@type":"ListItem","position":2,"name":"Shop","item":"https:\/\/dumoulin.absoludev.ca\/en\/shop\/"},{"@type":"ListItem","position":3,"name":"Lumi\u00e8re de v\u00e9lo Busch&#038;M\u00fcller EYC"}]},{"@type":"WebSite","@id":"https:\/\/dumoulin.absoludev.ca\/#website","url":"https:\/\/dumoulin.absoludev.ca\/","name":"Dumoulin Bicyclettes","description":"","publisher":{"@id":"https:\/\/dumoulin.absoludev.ca\/#organization"},"potentialAction":[{"@type":"SearchAction","target":{"@type":"EntryPoint","urlTemplate":"https:\/\/dumoulin.absoludev.ca\/?s={search_term_string}"},"query-input":{"@type":"PropertyValueSpecification","valueRequired":true,"valueName":"search_term_string"}}],"inLanguage":"en-US"},{"@type":"Organization","@id":"https:\/\/dumoulin.absoludev.ca\/#organization","name":"Dumoulin Bicyclettes","url":"https:\/\/dumoulin.absoludev.ca\/","logo":{"@type":"ImageObject","inLanguage":"en-US","@id":"https:\/\/dumoulin.absoludev.ca\/#\/schema\/logo\/image\/","url":"https:\/\/www.dumoulinbicyclettes.com\/wp-content\/uploads\/2021\/04\/Logo.svg","contentUrl":"https:\/\/www.dumoulinbicyclettes.com\/wp-content\/uploads\/2021\/04\/Logo.svg","width":254,"height":86,"caption":"Dumoulin Bicyclettes"},"image":{"@id":"https:\/\/dumoulin.absoludev.ca\/#\/schema\/logo\/image\/"},"sameAs":["https:\/\/www.facebook.com\/dumoulinbicyclettes","https:\/\/www.instagram.com\/dumoulin.ca\/","https:\/\/www.youtube.com\/user\/dumoulinbicyclettes"]}]}},"_links":{"self":[{"href":"https:\/\/dumoulin.absoludev.ca\/en\/wp-json\/wp\/v2\/product\/73801","targetHints":{"allow":["GET"]}}],"collection":[{"href":"https:\/\/dumoulin.absoludev.ca\/en\/wp-json\/wp\/v2\/product"}],"about":[{"href":"https:\/\/dumoulin.absoludev.ca\/en\/wp-json\/wp\/v2\/types\/product"}],"wp:featuredmedia":[{"embeddable":true,"href":"https:\/\/dumoulin.absoludev.ca\/en\/wp-json\/wp\/v2\/media\/19994"}],"wp:attachment":[{"href":"https:\/\/dumoulin.absoludev.ca\/en\/wp-json\/wp\/v2\/media?parent=73801"}],"wp:term":[{"taxonomy":"product_brand","embeddable":true,"href":"https:\/\/dumoulin.absoludev.ca\/en\/wp-json\/wp\/v2\/product_brand?post=73801"},{"taxonomy":"product_cat","embeddable":true,"href":"https:\/\/dumoulin.absoludev.ca\/en\/wp-json\/wp\/v2\/product_cat?post=73801"},{"taxonomy":"product_tag","embeddable":true,"href":"https:\/\/dumoulin.absoludev.ca\/en\/wp-json\/wp\/v2\/product_tag?post=73801"},{"taxonomy":"marque-produit","embeddable":true,"href":"https:\/\/dumoulin.absoludev.ca\/en\/wp-json\/wp\/v2\/marque-produit?post=73801"},{"taxonomy":"collection-produit","embeddable":true,"href":"https:\/\/dumoulin.absoludev.ca\/en\/wp-json\/wp\/v2\/collection-produit?post=73801"},{"taxonomy":"type-surface-produit","embeddable":true,"href":"https:\/\/dumoulin.absoludev.ca\/en\/wp-json\/wp\/v2\/type-surface-produit?post=73801"},{"taxonomy":"type-velo-produit","embeddable":true,"href":"https:\/\/dumoulin.absoludev.ca\/en\/wp-json\/wp\/v2\/type-velo-produit?post=73801"},{"taxonomy":"vetement-produit","embeddable":true,"href":"https:\/\/dumoulin.absoludev.ca\/en\/wp-json\/wp\/v2\/vetement-produit?post=73801"},{"taxonomy":"thematique-produit","embeddable":true,"href":"https:\/\/dumoulin.absoludev.ca\/en\/wp-json\/wp\/v2\/thematique-produit?post=73801"},{"taxonomy":"position-sur-le-v\u00e9lo","embeddable":true,"href":"https:\/\/dumoulin.absoludev.ca\/en\/wp-json\/wp\/v2\/position-sur-le-v\u00e9lo?post=73801"}],"curies":[{"name":"wp","href":"https:\/\/api.w.org\/{rel}","templated":true}]}}