{"id":73774,"date":"2022-05-16T14:15:35","date_gmt":"2022-05-16T18:15:35","guid":{"rendered":"http:\/\/www.dumoulinbicyclettes.com\/produit\/electra-loft-7d\/"},"modified":"2025-09-04T14:18:06","modified_gmt":"2025-09-04T18:18:06","slug":"electra-loft-7d","status":"publish","type":"product","link":"https:\/\/dumoulin.absoludev.ca\/en\/produit\/electra-loft-7d\/","title":{"rendered":"Electra Loft 7D"},"content":{"rendered":"<p>Le Electra Loft 7d est une bicyclette confortable. Avec son cadre alu et ses couleurs ton sur ton, elle vous dote d&#8217;une fi\u00e8re allure pour vos promenades et vos d\u00e9placements urbains.<\/p>\n","protected":false},"excerpt":{"rendered":"<p>Le Electra Loft 7d est une bicyclette confortable. Avec son cadre alu et ses couleurs ton sur ton, elle vous dote d&#8217;une fi\u00e8re allure pour vos promenades et vos d\u00e9placements urbains.<\/p>\n","protected":false},"featured_media":568573,"template":"","meta":{"_acf_changed":false},"product_brand":[],"product_cat":[172,161,1217],"product_tag":[2290,2291],"marque-produit":[1328],"collection-produit":[],"type-surface-produit":[],"type-velo-produit":[1252,2166],"vetement-produit":[],"thematique-produit":[],"position-sur-le-v\u00e9lo":[],"class_list":{"0":"post-73774","1":"product","2":"type-product","3":"status-publish","4":"has-post-thumbnail","6":"product_cat-hybrides-confort","7":"product_cat-velos","8":"product_cat-velos-hybrides","9":"product_tag-electra","10":"product_tag-loft","11":"marque-produit-electra","12":"type-velo-produit-hybrides","13":"type-velo-produit-hybrides-en","15":"first","16":"instock","17":"sale","18":"taxable","19":"shipping-taxable","20":"purchasable","21":"product-type-variable"},"acf":[],"yoast_head":"<!-- This site is optimized with the Yoast SEO plugin v24.3 - https:\/\/yoast.com\/wordpress\/plugins\/seo\/ -->\n<title>Electra Loft 7D - Dumoulin Bicyclettes | v\u00e9lo de ville | Montr\u00e9al |\u00a0Electra<\/title>\n<meta name=\"description\" content=\"Le v\u00e9lo de ville Electra Loft vous emm\u00e8nera partout cet \u00e9t\u00e9 ! De la brasserie \u00e0 la biblioth\u00e8que, le Loft est styl\u00e9, confortable et efficace !\" \/>\n<meta name=\"robots\" content=\"noindex, follow, max-snippet:-1, max-image-preview:large, max-video-preview:-1\" \/>\n<meta property=\"og:locale\" content=\"en_US\" \/>\n<meta property=\"og:type\" content=\"article\" \/>\n<meta property=\"og:title\" content=\"Electra Loft 7D - Dumoulin Bicyclettes | v\u00e9lo de ville | Montr\u00e9al |\u00a0Electra\" \/>\n<meta property=\"og:description\" content=\"Le v\u00e9lo de ville Electra Loft vous emm\u00e8nera partout cet \u00e9t\u00e9 ! De la brasserie \u00e0 la biblioth\u00e8que, le Loft est styl\u00e9, confortable et efficace !\" \/>\n<meta property=\"og:url\" content=\"https:\/\/dumoulin.absoludev.ca\/produit\/electra-loft-7d\/\" \/>\n<meta property=\"og:site_name\" content=\"Dumoulin Bicyclettes\" \/>\n<meta property=\"article:publisher\" content=\"https:\/\/www.facebook.com\/dumoulinbicyclettes\" \/>\n<meta property=\"article:modified_time\" content=\"2025-09-04T18:18:06+00:00\" \/>\n<meta property=\"og:image\" content=\"https:\/\/dumoulin.absoludev.ca\/wp-content\/uploads\/2022\/05\/Loft7DMens_21_16717_C_Primary.webp\" \/>\n\t<meta property=\"og:image:width\" content=\"1920\" \/>\n\t<meta property=\"og:image:height\" content=\"1440\" \/>\n\t<meta property=\"og:image:type\" content=\"image\/webp\" \/>\n<meta name=\"twitter:card\" content=\"summary_large_image\" \/>\n<meta name=\"twitter:label1\" content=\"Est. reading time\" \/>\n\t<meta name=\"twitter:data1\" content=\"1 minute\" \/>\n<script type=\"application\/ld+json\" class=\"yoast-schema-graph\">{\"@context\":\"https:\/\/schema.org\",\"@graph\":[{\"@type\":\"WebPage\",\"@id\":\"https:\/\/dumoulin.absoludev.ca\/produit\/electra-loft-7d\/\",\"url\":\"https:\/\/dumoulin.absoludev.ca\/produit\/electra-loft-7d\/\",\"name\":\"Electra Loft 7D - Dumoulin Bicyclettes | v\u00e9lo de ville | Montr\u00e9al |\u00a0Electra\",\"isPartOf\":{\"@id\":\"https:\/\/dumoulin.absoludev.ca\/#website\"},\"primaryImageOfPage\":{\"@id\":\"https:\/\/dumoulin.absoludev.ca\/produit\/electra-loft-7d\/#primaryimage\"},\"image\":{\"@id\":\"https:\/\/dumoulin.absoludev.ca\/produit\/electra-loft-7d\/#primaryimage\"},\"thumbnailUrl\":\"https:\/\/dumoulin.absoludev.ca\/wp-content\/uploads\/2022\/05\/Loft7DMens_21_16717_C_Primary.webp\",\"datePublished\":\"2022-05-16T18:15:35+00:00\",\"dateModified\":\"2025-09-04T18:18:06+00:00\",\"description\":\"Le v\u00e9lo de ville Electra Loft vous emm\u00e8nera partout cet \u00e9t\u00e9 ! De la brasserie \u00e0 la biblioth\u00e8que, le Loft est styl\u00e9, confortable et efficace !\",\"breadcrumb\":{\"@id\":\"https:\/\/dumoulin.absoludev.ca\/produit\/electra-loft-7d\/#breadcrumb\"},\"inLanguage\":\"en-US\",\"potentialAction\":[{\"@type\":\"ReadAction\",\"target\":[\"https:\/\/dumoulin.absoludev.ca\/produit\/electra-loft-7d\/\"]}]},{\"@type\":\"ImageObject\",\"inLanguage\":\"en-US\",\"@id\":\"https:\/\/dumoulin.absoludev.ca\/produit\/electra-loft-7d\/#primaryimage\",\"url\":\"https:\/\/dumoulin.absoludev.ca\/wp-content\/uploads\/2022\/05\/Loft7DMens_21_16717_C_Primary.webp\",\"contentUrl\":\"https:\/\/dumoulin.absoludev.ca\/wp-content\/uploads\/2022\/05\/Loft7DMens_21_16717_C_Primary.webp\",\"width\":1920,\"height\":1440,\"caption\":\"ELECTRA-LOFT-7D\"},{\"@type\":\"BreadcrumbList\",\"@id\":\"https:\/\/dumoulin.absoludev.ca\/produit\/electra-loft-7d\/#breadcrumb\",\"itemListElement\":[{\"@type\":\"ListItem\",\"position\":1,\"name\":\"Home\",\"item\":\"https:\/\/dumoulin.absoludev.ca\/en\/\"},{\"@type\":\"ListItem\",\"position\":2,\"name\":\"Shop\",\"item\":\"https:\/\/dumoulin.absoludev.ca\/en\/shop\/\"},{\"@type\":\"ListItem\",\"position\":3,\"name\":\"Electra Loft 7D\"}]},{\"@type\":\"WebSite\",\"@id\":\"https:\/\/dumoulin.absoludev.ca\/#website\",\"url\":\"https:\/\/dumoulin.absoludev.ca\/\",\"name\":\"Dumoulin Bicyclettes\",\"description\":\"\",\"publisher\":{\"@id\":\"https:\/\/dumoulin.absoludev.ca\/#organization\"},\"potentialAction\":[{\"@type\":\"SearchAction\",\"target\":{\"@type\":\"EntryPoint\",\"urlTemplate\":\"https:\/\/dumoulin.absoludev.ca\/?s={search_term_string}\"},\"query-input\":{\"@type\":\"PropertyValueSpecification\",\"valueRequired\":true,\"valueName\":\"search_term_string\"}}],\"inLanguage\":\"en-US\"},{\"@type\":\"Organization\",\"@id\":\"https:\/\/dumoulin.absoludev.ca\/#organization\",\"name\":\"Dumoulin Bicyclettes\",\"url\":\"https:\/\/dumoulin.absoludev.ca\/\",\"logo\":{\"@type\":\"ImageObject\",\"inLanguage\":\"en-US\",\"@id\":\"https:\/\/dumoulin.absoludev.ca\/#\/schema\/logo\/image\/\",\"url\":\"https:\/\/www.dumoulinbicyclettes.com\/wp-content\/uploads\/2021\/04\/Logo.svg\",\"contentUrl\":\"https:\/\/www.dumoulinbicyclettes.com\/wp-content\/uploads\/2021\/04\/Logo.svg\",\"width\":254,\"height\":86,\"caption\":\"Dumoulin Bicyclettes\"},\"image\":{\"@id\":\"https:\/\/dumoulin.absoludev.ca\/#\/schema\/logo\/image\/\"},\"sameAs\":[\"https:\/\/www.facebook.com\/dumoulinbicyclettes\",\"https:\/\/www.instagram.com\/dumoulin.ca\/\",\"https:\/\/www.youtube.com\/user\/dumoulinbicyclettes\"]}]}<\/script>\n<!-- \/ Yoast SEO plugin. -->","yoast_head_json":{"title":"Electra Loft 7D - Dumoulin Bicyclettes | v\u00e9lo de ville | Montr\u00e9al |\u00a0Electra","description":"Le v\u00e9lo de ville Electra Loft vous emm\u00e8nera partout cet \u00e9t\u00e9 ! De la brasserie \u00e0 la biblioth\u00e8que, le Loft est styl\u00e9, confortable et efficace !","robots":{"index":"noindex","follow":"follow","max-snippet":"max-snippet:-1","max-image-preview":"max-image-preview:large","max-video-preview":"max-video-preview:-1"},"og_locale":"en_US","og_type":"article","og_title":"Electra Loft 7D - Dumoulin Bicyclettes | v\u00e9lo de ville | Montr\u00e9al |\u00a0Electra","og_description":"Le v\u00e9lo de ville Electra Loft vous emm\u00e8nera partout cet \u00e9t\u00e9 ! De la brasserie \u00e0 la biblioth\u00e8que, le Loft est styl\u00e9, confortable et efficace !","og_url":"https:\/\/dumoulin.absoludev.ca\/produit\/electra-loft-7d\/","og_site_name":"Dumoulin Bicyclettes","article_publisher":"https:\/\/www.facebook.com\/dumoulinbicyclettes","article_modified_time":"2025-09-04T18:18:06+00:00","og_image":[{"width":1920,"height":1440,"url":"https:\/\/dumoulin.absoludev.ca\/wp-content\/uploads\/2022\/05\/Loft7DMens_21_16717_C_Primary.webp","type":"image\/webp"}],"twitter_card":"summary_large_image","twitter_misc":{"Est. reading time":"1 minute"},"schema":{"@context":"https:\/\/schema.org","@graph":[{"@type":"WebPage","@id":"https:\/\/dumoulin.absoludev.ca\/produit\/electra-loft-7d\/","url":"https:\/\/dumoulin.absoludev.ca\/produit\/electra-loft-7d\/","name":"Electra Loft 7D - Dumoulin Bicyclettes | v\u00e9lo de ville | Montr\u00e9al |\u00a0Electra","isPartOf":{"@id":"https:\/\/dumoulin.absoludev.ca\/#website"},"primaryImageOfPage":{"@id":"https:\/\/dumoulin.absoludev.ca\/produit\/electra-loft-7d\/#primaryimage"},"image":{"@id":"https:\/\/dumoulin.absoludev.ca\/produit\/electra-loft-7d\/#primaryimage"},"thumbnailUrl":"https:\/\/dumoulin.absoludev.ca\/wp-content\/uploads\/2022\/05\/Loft7DMens_21_16717_C_Primary.webp","datePublished":"2022-05-16T18:15:35+00:00","dateModified":"2025-09-04T18:18:06+00:00","description":"Le v\u00e9lo de ville Electra Loft vous emm\u00e8nera partout cet \u00e9t\u00e9 ! De la brasserie \u00e0 la biblioth\u00e8que, le Loft est styl\u00e9, confortable et efficace !","breadcrumb":{"@id":"https:\/\/dumoulin.absoludev.ca\/produit\/electra-loft-7d\/#breadcrumb"},"inLanguage":"en-US","potentialAction":[{"@type":"ReadAction","target":["https:\/\/dumoulin.absoludev.ca\/produit\/electra-loft-7d\/"]}]},{"@type":"ImageObject","inLanguage":"en-US","@id":"https:\/\/dumoulin.absoludev.ca\/produit\/electra-loft-7d\/#primaryimage","url":"https:\/\/dumoulin.absoludev.ca\/wp-content\/uploads\/2022\/05\/Loft7DMens_21_16717_C_Primary.webp","contentUrl":"https:\/\/dumoulin.absoludev.ca\/wp-content\/uploads\/2022\/05\/Loft7DMens_21_16717_C_Primary.webp","width":1920,"height":1440,"caption":"ELECTRA-LOFT-7D"},{"@type":"BreadcrumbList","@id":"https:\/\/dumoulin.absoludev.ca\/produit\/electra-loft-7d\/#breadcrumb","itemListElement":[{"@type":"ListItem","position":1,"name":"Home","item":"https:\/\/dumoulin.absoludev.ca\/en\/"},{"@type":"ListItem","position":2,"name":"Shop","item":"https:\/\/dumoulin.absoludev.ca\/en\/shop\/"},{"@type":"ListItem","position":3,"name":"Electra Loft 7D"}]},{"@type":"WebSite","@id":"https:\/\/dumoulin.absoludev.ca\/#website","url":"https:\/\/dumoulin.absoludev.ca\/","name":"Dumoulin Bicyclettes","description":"","publisher":{"@id":"https:\/\/dumoulin.absoludev.ca\/#organization"},"potentialAction":[{"@type":"SearchAction","target":{"@type":"EntryPoint","urlTemplate":"https:\/\/dumoulin.absoludev.ca\/?s={search_term_string}"},"query-input":{"@type":"PropertyValueSpecification","valueRequired":true,"valueName":"search_term_string"}}],"inLanguage":"en-US"},{"@type":"Organization","@id":"https:\/\/dumoulin.absoludev.ca\/#organization","name":"Dumoulin Bicyclettes","url":"https:\/\/dumoulin.absoludev.ca\/","logo":{"@type":"ImageObject","inLanguage":"en-US","@id":"https:\/\/dumoulin.absoludev.ca\/#\/schema\/logo\/image\/","url":"https:\/\/www.dumoulinbicyclettes.com\/wp-content\/uploads\/2021\/04\/Logo.svg","contentUrl":"https:\/\/www.dumoulinbicyclettes.com\/wp-content\/uploads\/2021\/04\/Logo.svg","width":254,"height":86,"caption":"Dumoulin Bicyclettes"},"image":{"@id":"https:\/\/dumoulin.absoludev.ca\/#\/schema\/logo\/image\/"},"sameAs":["https:\/\/www.facebook.com\/dumoulinbicyclettes","https:\/\/www.instagram.com\/dumoulin.ca\/","https:\/\/www.youtube.com\/user\/dumoulinbicyclettes"]}]}},"_links":{"self":[{"href":"https:\/\/dumoulin.absoludev.ca\/en\/wp-json\/wp\/v2\/product\/73774","targetHints":{"allow":["GET"]}}],"collection":[{"href":"https:\/\/dumoulin.absoludev.ca\/en\/wp-json\/wp\/v2\/product"}],"about":[{"href":"https:\/\/dumoulin.absoludev.ca\/en\/wp-json\/wp\/v2\/types\/product"}],"wp:featuredmedia":[{"embeddable":true,"href":"https:\/\/dumoulin.absoludev.ca\/en\/wp-json\/wp\/v2\/media\/568573"}],"wp:attachment":[{"href":"https:\/\/dumoulin.absoludev.ca\/en\/wp-json\/wp\/v2\/media?parent=73774"}],"wp:term":[{"taxonomy":"product_brand","embeddable":true,"href":"https:\/\/dumoulin.absoludev.ca\/en\/wp-json\/wp\/v2\/product_brand?post=73774"},{"taxonomy":"product_cat","embeddable":true,"href":"https:\/\/dumoulin.absoludev.ca\/en\/wp-json\/wp\/v2\/product_cat?post=73774"},{"taxonomy":"product_tag","embeddable":true,"href":"https:\/\/dumoulin.absoludev.ca\/en\/wp-json\/wp\/v2\/product_tag?post=73774"},{"taxonomy":"marque-produit","embeddable":true,"href":"https:\/\/dumoulin.absoludev.ca\/en\/wp-json\/wp\/v2\/marque-produit?post=73774"},{"taxonomy":"collection-produit","embeddable":true,"href":"https:\/\/dumoulin.absoludev.ca\/en\/wp-json\/wp\/v2\/collection-produit?post=73774"},{"taxonomy":"type-surface-produit","embeddable":true,"href":"https:\/\/dumoulin.absoludev.ca\/en\/wp-json\/wp\/v2\/type-surface-produit?post=73774"},{"taxonomy":"type-velo-produit","embeddable":true,"href":"https:\/\/dumoulin.absoludev.ca\/en\/wp-json\/wp\/v2\/type-velo-produit?post=73774"},{"taxonomy":"vetement-produit","embeddable":true,"href":"https:\/\/dumoulin.absoludev.ca\/en\/wp-json\/wp\/v2\/vetement-produit?post=73774"},{"taxonomy":"thematique-produit","embeddable":true,"href":"https:\/\/dumoulin.absoludev.ca\/en\/wp-json\/wp\/v2\/thematique-produit?post=73774"},{"taxonomy":"position-sur-le-v\u00e9lo","embeddable":true,"href":"https:\/\/dumoulin.absoludev.ca\/en\/wp-json\/wp\/v2\/position-sur-le-v\u00e9lo?post=73774"}],"curies":[{"name":"wp","href":"https:\/\/api.w.org\/{rel}","templated":true}]}}